{"id":5894,"date":"2022-08-01T15:54:25","date_gmt":"2022-08-01T13:54:25","guid":{"rendered":"https:\/\/www.paddo.shop\/?page_id=5894"},"modified":"2024-08-20T11:59:20","modified_gmt":"2024-08-20T09:59:20","slug":"partners","status":"publish","type":"page","link":"https:\/\/www.paddo.shop\/sl\/partners\/","title":{"rendered":"Partnerji"},"content":{"rendered":"<div data-elementor-type=\"wp-page\" data-elementor-id=\"5894\" class=\"elementor elementor-5894\" data-elementor-post-type=\"page\">\n\t\t\t\t\t\t<section class=\"elementor-section elementor-top-section elementor-element elementor-element-5abf2a6 elementor-section-boxed elementor-section-height-default elementor-section-height-default\" data-id=\"5abf2a6\" data-element_type=\"section\" data-e-type=\"section\">\n\t\t\t\t\t\t<div class=\"elementor-container elementor-column-gap-default\">\n\t\t\t\t\t<div class=\"elementor-column elementor-col-100 elementor-top-column elementor-element elementor-element-e4d511e\" data-id=\"e4d511e\" data-element_type=\"column\" data-e-type=\"column\">\n\t\t\t<div class=\"elementor-widget-wrap elementor-element-populated\">\n\t\t\t\t\t\t<div class=\"elementor-element elementor-element-392eff0 elementor-widget elementor-widget-text-editor\" data-id=\"392eff0\" data-element_type=\"widget\" data-e-type=\"widget\" data-widget_type=\"text-editor.default\">\n\t\t\t\t<div class=\"elementor-widget-container\">\n\t\t\t\t\t\t\t\t\t<h2>Delimo svoje znanje<\/h2><p>\u017dal so \u010darobni tartufi in psihedeliki na splo\u0161no \u0161e vedno zelo tabuizirani. Po na\u0161em mnenju je to zelo neupravi\u010deno. Konec koncev lahko psihedeliki ob pravilni uporabi \u010dlove\u0161kemu \u017eivljenju ogromno dodajo. \u017dal pa nas \u0161e naprej preve\u010d potiskajo v prekleti kot. \u010cas je, da to spremenimo, in z veseljem bomo prispevali svoj dele\u017e. To po\u010dnemo tako, da smo \u010dim bolj pregledni in zagotavljamo dobre informacije o na\u0161ih izdelkih. Za\u010dne se pri tem. Radi bi psihedelike ponovno spremenili v nekaj lepega, namesto v nekaj stra\u0161ljivega ali slabega.<\/p><h2>The Headshop &amp; Tatanka<\/h2><p>V ta namen smo zdru\u017eili mo\u010di z nekaterimi priznanimi akterji na podro\u010dju pametnih izdelkov. Sodelujemo na primer z <a href=\"https:\/\/www.headshop.nl\/\" target=\"_blank\" rel=\"noopener\">Trgovina Headshop<\/a> &amp; <a href=\"https:\/\/www.tatanka.nl\/\" target=\"_blank\" rel=\"noopener\">Tatanka<\/a>. Te trgovine so med najstarej\u0161imi trgovinami s pametnimi izdelki in glavo na Nizozemskem. Zato z vidika znanja in izku\u0161enj ni bolj\u0161ih partnerjev, na katere bi lahko pomislili.<\/p><h2>Smartific<\/h2><p>Sodelujemo tudi z neverjetno mednarodno spletno trgovino Smartific. <a href=\"https:\/\/smartific.nl\/\" target=\"_blank\" rel=\"noopener\">Smartific.co.uk<\/a> in . <a href=\"https:\/\/smartific.com\/\" target=\"_blank\" rel=\"noopener\">Smartfic.com<\/a> ima na spletu veliko izbiro, znan pa je tudi po svojem pametnem wikiju. Na tem pametnem wikiju delijo vse znanje, izku\u0161nje in raziskave na podro\u010dju pametnih izdelkov. Tudi to je znanje, ki ga z veseljem uporabimo.<\/p><p>Upamo, da bomo s tem sodelovanjem prispevali k ve\u010dji preglednosti trga.<\/p><h2 data-pm-slice=\"1 1 []\">McSmart veletrgovec za pametne trgovine<\/h2><p>V podjetju Paddo.shop smo ponosni na na\u0161e partnerstvo z <a href=\"https:\/\/www.mcsmart.com\/\" target=\"_blank\" rel=\"noopener\">McSmart<\/a>, ki je vodilni veletrgovec za pametne trgovine. To partnerstvo nam omogo\u010da, da svojim strankam ponudimo \u0161iroko paleto visokokakovostnih izdelkov, vklju\u010dno z Growkits, ki ga prodajamo. Podjetje McSmart je znano po svoji zanesljivosti, inovativnosti in vrhunski kakovosti izdelkov, kar se popolnoma ujema z na\u0161im poslanstvom zagotavljanja najbolj\u0161ih izdelkov na trgu. Ne glede na to, ali ste nov pridelovalec ali izku\u0161en uporabnik, vam bodo izdelki McSmart zagotovili najbolj\u0161o mo\u017eno izku\u0161njo. Obi\u0161\u010dite na\u0161o trgovino in odkrijte ponudbo izdelkov McSmart.<\/p>\t\t\t\t\t\t\t\t<\/div>\n\t\t\t\t<\/div>\n\t\t\t\t\t<\/div>\n\t\t<\/div>\n\t\t\t\t\t<\/div>\n\t\t<\/section>\n\t\t\t\t<\/div>","protected":false},"excerpt":{"rendered":"<p>Delimo svoje znanje \u017dal so \u010darobni tartufi in psihedeliki na splo\u0161no \u0161e vedno zelo tabuizirani. Po na\u0161em mnenju so zelo neupravi\u010deni. Ko so psihedeliki...<\/p>","protected":false},"author":2,"featured_media":0,"parent":0,"menu_order":0,"comment_status":"closed","ping_status":"closed","template":"","meta":{"_acf_changed":false,"footnotes":""},"class_list":["post-5894","page","type-page","status-publish","hentry"],"acf":[],"_links":{"self":[{"href":"https:\/\/www.paddo.shop\/sl\/wp-json\/wp\/v2\/pages\/5894","targetHints":{"allow":["GET"]}}],"collection":[{"href":"https:\/\/www.paddo.shop\/sl\/wp-json\/wp\/v2\/pages"}],"about":[{"href":"https:\/\/www.paddo.shop\/sl\/wp-json\/wp\/v2\/types\/page"}],"author":[{"embeddable":true,"href":"https:\/\/www.paddo.shop\/sl\/wp-json\/wp\/v2\/users\/2"}],"replies":[{"embeddable":true,"href":"https:\/\/www.paddo.shop\/sl\/wp-json\/wp\/v2\/comments?post=5894"}],"version-history":[{"count":0,"href":"https:\/\/www.paddo.shop\/sl\/wp-json\/wp\/v2\/pages\/5894\/revisions"}],"wp:attachment":[{"href":"https:\/\/www.paddo.shop\/sl\/wp-json\/wp\/v2\/media?parent=5894"}],"curies":[{"name":"wp","href":"https:\/\/api.w.org\/{rel}","templated":true}]}}