{"id":26,"date":"2022-02-28T15:02:52","date_gmt":"2022-02-28T15:02:52","guid":{"rendered":"https:\/\/www.magictruffels.shop\/?page_id=26"},"modified":"2024-09-25T13:09:58","modified_gmt":"2024-09-25T11:09:58","slug":"verzending","status":"publish","type":"page","link":"https:\/\/www.paddo.shop\/sl\/verzending\/","title":{"rendered":"Dostava"},"content":{"rendered":"<div data-elementor-type=\"wp-page\" data-elementor-id=\"26\" class=\"elementor elementor-26\" data-elementor-post-type=\"page\">\n\t\t\t\t\t\t<section class=\"elementor-section elementor-top-section elementor-element elementor-element-757a2578 elementor-section-boxed elementor-section-height-default elementor-section-height-default\" data-id=\"757a2578\" data-element_type=\"section\" data-e-type=\"section\">\n\t\t\t\t\t\t<div class=\"elementor-container elementor-column-gap-default\">\n\t\t\t\t\t<div class=\"elementor-column elementor-col-100 elementor-top-column elementor-element elementor-element-6423ad67\" data-id=\"6423ad67\" data-element_type=\"column\" data-e-type=\"column\">\n\t\t\t<div class=\"elementor-widget-wrap elementor-element-populated\">\n\t\t\t\t\t\t<div class=\"elementor-element elementor-element-37d0e839 elementor-widget elementor-widget-text-editor\" data-id=\"37d0e839\" data-element_type=\"widget\" data-e-type=\"widget\" data-widget_type=\"text-editor.default\">\n\t\t\t\t<div class=\"elementor-widget-container\">\n\t\t\t\t\t\t\t\t\t<p><\/p>\n<h2><b>DISKRETNO PO\u0160ILJANJE<\/b><\/h2>\n<p><a href=\"https:\/\/www.paddo.shop\/sl\/\">Paddo.shop<\/a> ceni va\u0161o zasebnost, zato so vsi va\u0161i nakupi pakirani kar se da nevsiljivo. Brez logotipov in navedbe, kaj je v notranjosti. Pri\u010dakujte, da bo va\u0161a po\u0161iljka prispela v navadni, trdni kartonski \u0161katli, prelepljeni s preprostim, a trpe\u017enim pakirnim trakom. \u010ce je va\u0161e naro\u010dilo zelo majhno, ga bomo poslali v diskretni rjavi ali beli oblazinjeni ovojnici.&nbsp;<\/p>\n<p>Edina stvar, ki bo vidna na va\u0161i \u0161katli\/opaki, je va\u0161a nalepka za po\u0161iljanje (glede na uporabljeno storitev).<\/p>\n<p>Tako boste lahko prepri\u010dani, da boste nad prejetim paketom navdu\u0161eni le vi, vsi drugi pa bodo videli dolgo\u010dasen paket brez podatka, od kod je pri\u0161el.<\/p>\n<h2>Ali po\u0161iljate v mojo dr\u017eavo?<\/h2>\n<p>Po\u0161iljamo v ve\u010dino dr\u017eav EU. Te dr\u017eave so navedene v spodnji tabeli. Vse po\u0161iljke v EU po\u0161iljamo s storitvami DHL, DPD ali PostNL, odvisno od obmo\u010dja. Tako lahko zagotovimo najbolj\u0161o mo\u017eno storitev. Vedno prejmete kodo za sledenje, s katero lahko spremljate svojo po\u0161iljko od vrat do vrat.<\/p>\n<h2>Kak\u0161ni so stro\u0161ki po\u0161iljanja?<\/h2>\n<table class=\"tblcal;\">\n<tbody>\n<tr style=\"background-color: #a9a9a9; color: white;\">\n<th class=\"tblcall\">Dr\u017eava<\/th>\n<th class=\"tblcalll\">Stro\u0161ki po\u0161iljanja<\/th>\n<th class=\"tblcallll\">\u010cas dostave<\/th>\n<th class=\"tblcalllll\" style=\"text-align: left;\">Brezpla\u010dno od<\/th>\n<\/tr>\n<tr>\n<td>Nizozemska<\/td>\n<td>\u20ac6,95<\/td>\n<td>1 - 2 dni<\/td>\n<td style=\"text-align: left;\">\u20ac25,-<\/td>\n<\/tr>\n<tr>\n<td>Belgija<\/td>\n<td>\u20ac7,95<\/td>\n<td>1 - 2 dni<\/td>\n<td style=\"text-align: left;\">\u20ac50,-<\/td>\n<\/tr>\n<tr>\n<td>Bolgarija<\/td>\n<td>\u20ac22,95<\/td>\n<td>6 - 8 dni<\/td>\n<td style=\"text-align: left;\">\u20ac125,-<\/td>\n<\/tr>\n<tr>\n<td>Nem\u010dija<\/td>\n<td>\u20ac7,95<\/td>\n<td>1 - 3 dni<\/td>\n<td style=\"text-align: left;\">\u20ac125,-<\/td>\n<\/tr>\n<tr>\n<td>Estonija<\/td>\n<td>\u20ac17,95<\/td>\n<td>4 - 6 dni<\/td>\n<td style=\"text-align: left;\">\u20ac125,-<\/td>\n<\/tr>\n<tr>\n<td>Francija<\/td>\n<td>\u20ac12,95<\/td>\n<td>2 - 3 dni<\/td>\n<td style=\"text-align: left;\">\u20ac125,-<\/td>\n<\/tr>\n<tr>\n<td>Gr\u010dija<\/td>\n<td>\u20ac23,95<\/td>\n<td>6 - 8 dni<\/td>\n<td style=\"text-align: left;\">\u20ac125,-<\/td>\n<\/tr>\n<tr>\n<td>Irska<\/td>\n<td>\u20ac19,95<\/td>\n<td>3 - 4 dni<\/td>\n<td style=\"text-align: left;\">\u20ac125,-<\/td>\n<\/tr>\n<tr>\n<td>Italija<\/td>\n<td>\u20ac17,95<\/td>\n<td>2 - 4 dni<\/td>\n<td style=\"text-align: left;\">\u20ac125,-<\/td>\n<\/tr>\n<tr>\n<td>Hrva\u0161ka<\/td>\n<td>\u20ac18,95<\/td>\n<td>3 - 5 dni<\/td>\n<td style=\"text-align: left;\">\u20ac125,-<\/td>\n<\/tr>\n<tr>\n<td>Latvija<\/td>\n<td>\u20ac14,95<\/td>\n<td>3 - 5 dni<\/td>\n<td style=\"text-align: left;\">\u20ac125,-<\/td>\n<\/tr>\n<tr>\n<td>Litva<\/td>\n<td>\u20ac21,95<\/td>\n<td>3 - 5 dni<\/td>\n<td style=\"text-align: left;\">\u20ac125,-<\/td>\n<\/tr>\n<tr>\n<td>Luksemburg<\/td>\n<td>\u20ac11,95<\/td>\n<td>1 - 2 dni<\/td>\n<td style=\"text-align: left;\">\u20ac125,-<\/td>\n<\/tr>\n<tr>\n<td>Avstrija<\/td>\n<td>\u20ac11,95<\/td>\n<td>2 - 3 dni<\/td>\n<td style=\"text-align: left;\">\u20ac125,-<\/td>\n<\/tr>\n<tr>\n<td>Poljska<\/td>\n<td>\u20ac15,95<\/td>\n<td>2 - 3 dni<\/td>\n<td style=\"text-align: left;\">\u20ac125,-<\/td>\n<\/tr>\n<tr>\n<td>Portugalska<\/td>\n<td>\u20ac20,95<\/td>\n<td>3 - 4 dni<\/td>\n<td style=\"text-align: left;\">\u20ac125,-<\/td>\n<\/tr>\n<tr>\n<td>Romunija<\/td>\n<td>\u20ac18,95<\/td>\n<td>3 - 5 dni<\/td>\n<td style=\"text-align: left;\">\u20ac125,-<\/td>\n<\/tr>\n<tr>\n<td>Slovenija<\/td>\n<td>\u20ac17,95<\/td>\n<td>2 - 3 dni<\/td>\n<td style=\"text-align: left;\">\u20ac125,-<\/td>\n<\/tr>\n<tr>\n<td>Slova\u0161ka<\/td>\n<td>\u20ac16,95<\/td>\n<td>3 - 5 dni<\/td>\n<td style=\"text-align: left;\">\u20ac125,-<\/td>\n<\/tr>\n<tr>\n<td>\u0160panija<\/td>\n<td>\u20ac17,95<\/td>\n<td>2 - 3 dni<\/td>\n<td style=\"text-align: left;\">\u20ac125,-<\/td>\n<\/tr>\n<tr>\n<td>\u010ce\u0161ka republika<\/td>\n<td>\u20ac15,95<\/td>\n<td>2 - 4 dni<\/td>\n<td style=\"text-align: left;\">\u20ac125,-<\/td>\n<\/tr>\n<\/tbody>\n<\/table>\n<p style=\"font-size: 14px;\">* Te\u017eko dostopna obmo\u010dja, kot so otoki ali druge oddaljene regije, so zaradi dodatnih stro\u0161kov prevoza dra\u017eja za pribli\u017eno 20 EUR.<\/p>\n<p style=\"font-size: 14px;\">Upo\u0161tevajte: vsa naro\u010dila posku\u0161amo poslati v 1 delovnem dnevu, vsi \u010dasi dostave so ocenjeni in se lahko razlikujejo zaradi prometa in praznikov.<\/p>\t\t\t\t\t\t\t\t<\/div>\n\t\t\t\t<\/div>\n\t\t\t\t\t<\/div>\n\t\t<\/div>\n\t\t\t\t\t<\/div>\n\t\t<\/section>\n\t\t\t\t<\/div>","protected":false},"excerpt":{"rendered":"<p>DISKRETNA PO\u0160TA Paddo.shop ceni va\u0161o zasebnost, zato so vsi va\u0161i nakupi zapakirani \u010dim bolj neopazno. Brez logotipov in navedbe, kaj je v paketu...<\/p>","protected":false},"author":1,"featured_media":0,"parent":0,"menu_order":0,"comment_status":"closed","ping_status":"closed","template":"","meta":{"_acf_changed":false,"footnotes":""},"class_list":["post-26","page","type-page","status-publish","hentry"],"acf":[],"_links":{"self":[{"href":"https:\/\/www.paddo.shop\/sl\/wp-json\/wp\/v2\/pages\/26","targetHints":{"allow":["GET"]}}],"collection":[{"href":"https:\/\/www.paddo.shop\/sl\/wp-json\/wp\/v2\/pages"}],"about":[{"href":"https:\/\/www.paddo.shop\/sl\/wp-json\/wp\/v2\/types\/page"}],"author":[{"embeddable":true,"href":"https:\/\/www.paddo.shop\/sl\/wp-json\/wp\/v2\/users\/1"}],"replies":[{"embeddable":true,"href":"https:\/\/www.paddo.shop\/sl\/wp-json\/wp\/v2\/comments?post=26"}],"version-history":[{"count":0,"href":"https:\/\/www.paddo.shop\/sl\/wp-json\/wp\/v2\/pages\/26\/revisions"}],"wp:attachment":[{"href":"https:\/\/www.paddo.shop\/sl\/wp-json\/wp\/v2\/media?parent=26"}],"curies":[{"name":"wp","href":"https:\/\/api.w.org\/{rel}","templated":true}]}}