{"id":1633,"date":"2022-03-04T13:41:55","date_gmt":"2022-03-04T13:41:55","guid":{"rendered":"https:\/\/www.magictruffels.shop\/?page_id=1633"},"modified":"2023-05-22T14:37:50","modified_gmt":"2023-05-22T12:37:50","slug":"klachten","status":"publish","type":"page","link":"https:\/\/www.paddo.shop\/sl\/klachten\/","title":{"rendered":"Prito\u017ebe"},"content":{"rendered":"<div data-elementor-type=\"wp-page\" data-elementor-id=\"1633\" class=\"elementor elementor-1633\" data-elementor-post-type=\"page\">\n\t\t\t\t\t\t<section class=\"elementor-section elementor-top-section elementor-element elementor-element-3f4451e elementor-section-boxed elementor-section-height-default elementor-section-height-default\" data-id=\"3f4451e\" data-element_type=\"section\" data-e-type=\"section\">\n\t\t\t\t\t\t<div class=\"elementor-container elementor-column-gap-default\">\n\t\t\t\t\t<div class=\"elementor-column elementor-col-100 elementor-top-column elementor-element elementor-element-77ea329\" data-id=\"77ea329\" data-element_type=\"column\" data-e-type=\"column\">\n\t\t\t<div class=\"elementor-widget-wrap elementor-element-populated\">\n\t\t\t\t\t\t<div class=\"elementor-element elementor-element-5ea7c36 elementor-widget elementor-widget-heading\" data-id=\"5ea7c36\" data-element_type=\"widget\" data-e-type=\"widget\" data-widget_type=\"heading.default\">\n\t\t\t\t<div class=\"elementor-widget-container\">\n\t\t\t\t\t<h2 class=\"elementor-heading-title elementor-size-default\">PRITO\u017dBE O NAS?<\/h2>\t\t\t\t<\/div>\n\t\t\t\t<\/div>\n\t\t\t\t<div class=\"elementor-element elementor-element-cd7ce27 elementor-widget elementor-widget-text-editor\" data-id=\"cd7ce27\" data-element_type=\"widget\" data-e-type=\"widget\" data-widget_type=\"text-editor.default\">\n\t\t\t\t<div class=\"elementor-widget-container\">\n\t\t\t\t\t\t\t\t\t<p>Mo\u017eno je, da se zgodi kaj, kar ne bo \u0161lo po na\u010drtu. Priporo\u010damo, da morebitne prito\u017ebe najprej sporo\u010dite prek spodnjega kontaktnega obrazca. \u010ce to ne bo prineslo re\u0161itve, lahko spor predlo\u017eite v mediacijo prek\u00a0<a href=\"https:\/\/www.webwinkelkeur.nl\/kennisbank\/consumenten\/geschil\/dispute\/\" target=\"_blank\" rel=\"noopener\">ValuedShops\/WebwinkelKeur<\/a>\u00a0(samo za nizozemske in\/ali belgijske stranke). Od 15. februarja 2016 bodo lahko potro\u0161niki v EU prito\u017ebe sporo\u010dali tudi prek platforme Evropske komisije za re\u0161evanje sporov. Platforma ODR je na voljo na naslovu\u00a0<a href=\"https:\/\/ec.europa.eu\/odr\" target=\"_blank\" rel=\"noopener\">https:\/\/ec.europa.eu\/odr<\/a>. \u010ce va\u0161e prito\u017ebe \u0161e ne obravnavajo drugje, jo lahko vlo\u017eite prek platforme Evropske unije.<\/p>\t\t\t\t\t\t\t\t<\/div>\n\t\t\t\t<\/div>\n\t\t\t\t\t<\/div>\n\t\t<\/div>\n\t\t\t\t\t<\/div>\n\t\t<\/section>\n\t\t\t\t<section class=\"elementor-section elementor-top-section elementor-element elementor-element-16fb7438 elementor-section-boxed elementor-section-height-default elementor-section-height-default\" data-id=\"16fb7438\" data-element_type=\"section\" data-e-type=\"section\">\n\t\t\t\t\t\t<div class=\"elementor-container elementor-column-gap-default\">\n\t\t\t\t\t<div class=\"elementor-column elementor-col-33 elementor-top-column elementor-element elementor-element-7677c955\" data-id=\"7677c955\" data-element_type=\"column\" data-e-type=\"column\">\n\t\t\t<div class=\"elementor-widget-wrap elementor-element-populated\">\n\t\t\t\t\t\t<div class=\"elementor-element elementor-element-7686becf elementor-widget elementor-widget-heading\" data-id=\"7686becf\" data-element_type=\"widget\" data-e-type=\"widget\" data-widget_type=\"heading.default\">\n\t\t\t\t<div class=\"elementor-widget-container\">\n\t\t\t\t\t<h2 class=\"elementor-heading-title elementor-size-default\">E-PO\u0160TA<\/h2>\t\t\t\t<\/div>\n\t\t\t\t<\/div>\n\t\t\t\t<div class=\"elementor-element elementor-element-5e2edaff elementor-widget elementor-widget-text-editor\" data-id=\"5e2edaff\" data-element_type=\"widget\" data-e-type=\"widget\" data-widget_type=\"text-editor.default\">\n\t\t\t\t<div class=\"elementor-widget-container\">\n\t\t\t\t\t\t\t\t\t<p>Imate prito\u017ebo glede spletnega naro\u010dila? Po\u0161ljite nam sporo\u010dilo s \u0161tevilko naro\u010dila in \u010dim prej vam bomo odgovorili.<\/p>\t\t\t\t\t\t\t\t<\/div>\n\t\t\t\t<\/div>\n\t\t\t\t<div class=\"elementor-element elementor-element-769bce71 elementor-widget elementor-widget-button\" data-id=\"769bce71\" data-element_type=\"widget\" data-e-type=\"widget\" data-widget_type=\"button.default\">\n\t\t\t\t<div class=\"elementor-widget-container\">\n\t\t\t\t\t\t\t\t\t<div class=\"elementor-button-wrapper\">\n\t\t\t\t\t<a class=\"elementor-button elementor-button-link elementor-size-sm\" href=\"mailto:info@paddo.shop?subject=Klacht%20%7C%20Paddo.shop&#038;body=Hey%20Paddo.shop%2C%0A%0AHelaas%20ben%20ik%20niet%20tevreden%20met%20mijn%20bestelling%2Fproduct.%0A%0AHieronder%20vind%20je%20mijn%20ordernummer%20en%20klacht.%0AOrdernummer%3A%0AKlacht%3A%20%0A\">\n\t\t\t\t\t\t<span class=\"elementor-button-content-wrapper\">\n\t\t\t\t\t\t\t\t\t<span class=\"elementor-button-text\">Po\u0161ljite e-po\u0161to<\/span>\n\t\t\t\t\t<\/span>\n\t\t\t\t\t<\/a>\n\t\t\t\t<\/div>\n\t\t\t\t\t\t\t\t<\/div>\n\t\t\t\t<\/div>\n\t\t\t\t\t<\/div>\n\t\t<\/div>\n\t\t\t\t<div class=\"elementor-column elementor-col-33 elementor-top-column elementor-element elementor-element-2d3219c\" data-id=\"2d3219c\" data-element_type=\"column\" data-e-type=\"column\">\n\t\t\t<div class=\"elementor-widget-wrap elementor-element-populated\">\n\t\t\t\t\t\t<div class=\"elementor-element elementor-element-4f20b594 elementor-widget elementor-widget-heading\" data-id=\"4f20b594\" data-element_type=\"widget\" data-e-type=\"widget\" data-widget_type=\"heading.default\">\n\t\t\t\t<div class=\"elementor-widget-container\">\n\t\t\t\t\t<h2 class=\"elementor-heading-title elementor-size-default\">ADres<\/h2>\t\t\t\t<\/div>\n\t\t\t\t<\/div>\n\t\t\t\t<div class=\"elementor-element elementor-element-5bb8333a elementor-widget elementor-widget-text-editor\" data-id=\"5bb8333a\" data-element_type=\"widget\" data-e-type=\"widget\" data-widget_type=\"text-editor.default\">\n\t\t\t\t<div class=\"elementor-widget-container\">\n\t\t\t\t\t\t\t\t\t<p>PePePe BV<br \/>Sulky 6 J<br \/>Zeewolde<br \/>3897AJ, Nizozemska<br \/>(Trgovine ni, delujemo samo prek spleta)<\/p><p><strong>TRGOVINSKA ZBORNICA:<\/strong> 34236211<br \/><strong>BTW:<\/strong> NL815030411B01<\/p>\t\t\t\t\t\t\t\t<\/div>\n\t\t\t\t<\/div>\n\t\t\t\t\t<\/div>\n\t\t<\/div>\n\t\t\t\t<div class=\"elementor-column elementor-col-33 elementor-top-column elementor-element elementor-element-41d16754\" data-id=\"41d16754\" data-element_type=\"column\" data-e-type=\"column\">\n\t\t\t<div class=\"elementor-widget-wrap elementor-element-populated\">\n\t\t\t\t\t\t<div class=\"elementor-element elementor-element-2c7a1919 elementor-widget elementor-widget-heading\" data-id=\"2c7a1919\" data-element_type=\"widget\" data-e-type=\"widget\" data-widget_type=\"heading.default\">\n\t\t\t\t<div class=\"elementor-widget-container\">\n\t\t\t\t\t<h2 class=\"elementor-heading-title elementor-size-default\">Telefon<\/h2>\t\t\t\t<\/div>\n\t\t\t\t<\/div>\n\t\t\t\t<div class=\"elementor-element elementor-element-61828401 elementor-widget elementor-widget-text-editor\" data-id=\"61828401\" data-element_type=\"widget\" data-e-type=\"widget\" data-widget_type=\"text-editor.default\">\n\t\t\t\t<div class=\"elementor-widget-container\">\n\t\t\t\t\t\t\t\t\t<p>085-0160877<\/p>\t\t\t\t\t\t\t\t<\/div>\n\t\t\t\t<\/div>\n\t\t\t\t\t<\/div>\n\t\t<\/div>\n\t\t\t\t\t<\/div>\n\t\t<\/section>\n\t\t\t\t<\/div>","protected":false},"excerpt":{"rendered":"<p>PRITO\u017dBE O NAS? Mo\u017eno je, da se zgodi kaj, kar ne gre po na\u010drtu. Priporo\u010damo, da morebitne prito\u017ebe najprej sporo\u010dite...<\/p>","protected":false},"author":2,"featured_media":0,"parent":0,"menu_order":0,"comment_status":"closed","ping_status":"closed","template":"","meta":{"_acf_changed":false,"footnotes":""},"class_list":["post-1633","page","type-page","status-publish","hentry"],"acf":[],"_links":{"self":[{"href":"https:\/\/www.paddo.shop\/sl\/wp-json\/wp\/v2\/pages\/1633","targetHints":{"allow":["GET"]}}],"collection":[{"href":"https:\/\/www.paddo.shop\/sl\/wp-json\/wp\/v2\/pages"}],"about":[{"href":"https:\/\/www.paddo.shop\/sl\/wp-json\/wp\/v2\/types\/page"}],"author":[{"embeddable":true,"href":"https:\/\/www.paddo.shop\/sl\/wp-json\/wp\/v2\/users\/2"}],"replies":[{"embeddable":true,"href":"https:\/\/www.paddo.shop\/sl\/wp-json\/wp\/v2\/comments?post=1633"}],"version-history":[{"count":0,"href":"https:\/\/www.paddo.shop\/sl\/wp-json\/wp\/v2\/pages\/1633\/revisions"}],"wp:attachment":[{"href":"https:\/\/www.paddo.shop\/sl\/wp-json\/wp\/v2\/media?parent=1633"}],"curies":[{"name":"wp","href":"https:\/\/api.w.org\/{rel}","templated":true}]}}