{"id":5256,"date":"2022-07-20T09:19:51","date_gmt":"2022-07-20T09:19:51","guid":{"rendered":"https:\/\/www.paddo.shop\/?post_type=product&#038;p=5256"},"modified":"2026-02-15T17:18:19","modified_gmt":"2026-02-15T15:18:19","slug":"mckennaii-paddo-growkit","status":"publish","type":"product","link":"https:\/\/www.paddo.shop\/sk\/mckennaii-paddo-growkit\/","title":{"rendered":"McKennaii Paddo Growkit"},"content":{"rendered":"<h2><strong>K\u00fapi\u0165 McKennaii Paddo Growkit<\/strong><\/h2>\n<p><span style=\"font-weight: 400;\">Ak si chcete k\u00fapi\u0165 pestovate\u013esk\u00e9 s\u00fapravy, ste na spr\u00e1vnom mieste. V na\u0161om obchode n\u00e1jdete len spo\u013eahliv\u00e9 a \u00fa\u010dinn\u00e9 pestovate\u013esk\u00e9 s\u00fapravy. Vyr\u00e1ba ich holandsk\u00e1 spolo\u010dnos\u0165 McSmart. T\u00e1to spolo\u010dnos\u0165 je medzin\u00e1rodne zn\u00e1ma ako jedna z najrenomovanej\u0161\u00edch spolo\u010dnost\u00ed v oblasti magick\u00fdch h\u013euzoviek a s\u00faprav na pestovanie magick\u00fdch h\u00fab. Ak budete postupova\u0165 pod\u013ea prilo\u017een\u00e9ho n\u00e1vodu, m\u00f4\u017eete sa preto v\u017edy spo\u013eahn\u00fa\u0165 aspo\u0148 na jeden dobr\u00fd v\u00fdplach (\u00farodu) psychedelick\u00fdch h\u00fab, ale v mnoh\u00fdch pr\u00edpadoch m\u00f4\u017eete pestovaciu s\u00fapravu nastavi\u0165 aj nieko\u013ekokr\u00e1t!<\/span><\/p>\n<p><span style=\"font-weight: 400;\">Ak si dnes objedn\u00e1te McKennaii Paddo Growkit, dostanete ho domov \u00faplne diskr\u00e9tne do nieko\u013ek\u00fdch dn\u00ed.<\/span><\/p>\n<h3><strong>\u010co obsahuje McKennaii Paddo Growkit<\/strong><\/h3>\n<p><span style=\"font-weight: 400;\">obsahuje v\u0161etko potrebn\u00e9 na to, aby ste si mohli sami vypestova\u0165 magick\u00e9 huby Mexican. Balenie obsahuje: 1 n\u00e1dobu pripraven\u00fa na pestovanie s akt\u00edvnym myc\u00e9liom, pestovate\u013esk\u00e9 vrecko s filtrami, 2 klipy na uzavretie vrecka a let\u00e1k s n\u00e1vodom. V\u0161etko, \u010do potrebujete prida\u0165, je voda a trochu l\u00e1sky.<\/span><\/p>\n<h3><strong>Ako siln\u00e9 s\u00fa <\/strong><strong>McKennaii<\/strong><strong> magick\u00e9 huby?<\/strong><\/h3>\n<p><span style=\"font-weight: 400;\">Ni\u017e\u0161ie n\u00e1jdete magick\u00e9 h\u013euzovky z na\u0161ej ponuky zoraden\u00e9 pod\u013ea psychedelickej sily. S\u00fa zoraden\u00e9 od siln\u00fdch po mierne. Takto m\u00f4\u017eete presne vidie\u0165, ako s\u00fa na tom magick\u00e9 huby Mexican v porovnan\u00ed s ostatn\u00fdmi.<\/span><\/p>\n<p><a href=\"https:\/\/www.paddo.shop\/sk\/mckennaii-paddo-growkit\/\"><span style=\"font-weight: 400;\">McKennaii<\/span><span style=\"font-weight: 400;\"><br \/>\n<\/span><\/a><a href=\"https:\/\/www.paddo.shop\/sk\/hawaiian-copelandia-paddo-growkit\/\"><span style=\"font-weight: 400;\">Hawaiian Copelandia<\/span><span style=\"font-weight: 400;\"><br \/>\n<\/span><\/a><a href=\"https:\/\/www.paddo.shop\/sk\/golden-teacher-paddo-growkit\/\"><span style=\"font-weight: 400;\">Golden Teacher<\/span><span style=\"font-weight: 400;\"><br \/>\n<\/span><\/a><a href=\"https:\/\/www.paddo.shop\/sk\/mazatapec-paddo-growkit\/\"><span style=\"font-weight: 400;\">Mazatapec<\/span><span style=\"font-weight: 400;\"><br \/>\n<\/span><\/a><a href=\"https:\/\/www.paddo.shop\/sk\/colombian-paddo-growkit\/\"><span style=\"font-weight: 400;\">Colombian Paddo<\/span><span style=\"font-weight: 400;\"><br \/>\n<\/span><\/a><a href=\"https:\/\/www.paddo.shop\/sk\/cambodian-paddo-growkit\/\"><span style=\"font-weight: 400;\">Cambodian Paddo<\/span><span style=\"font-weight: 400;\"><br \/>\n<\/span><\/a><a href=\"https:\/\/www.paddo.shop\/sk\/ecuadorian-paddo-growkit\/\"><span style=\"font-weight: 400;\">Ecuadorian Paddo<\/span><span style=\"font-weight: 400;\"><br \/>\n<\/span><\/a><a href=\"https:\/\/www.paddo.shop\/sk\/mexican-paddo-growkit\/\"><span style=\"font-weight: 400;\">Mexican Paddo<\/span><span style=\"font-weight: 400;\"><br \/>\n<\/span><\/a><a href=\"https:\/\/www.paddo.shop\/sk\/b-plus-paddo-growkit\/\"><span style=\"font-weight: 400;\">B+ Paddo<\/span><span style=\"font-weight: 400;\"><br \/>\n<\/span><\/a><a href=\"https:\/\/www.paddo.shop\/sk\/thai-paddo-growkit\/\"><span style=\"font-weight: 400;\">Thai Paddo<\/span><\/a><\/p>\n<h2><strong>Vypestujte si vlastn\u00e9 huby McKennaii pomocou pestovate\u013eskej s\u00fapravy<\/strong><\/h2>\n<p><span style=\"font-weight: 400;\">Mexican patria medzi najpopul\u00e1rnej\u0161ie psychedelick\u00e9 pr\u00edrodn\u00e9 produkty s\u00fa\u010dasnosti. Ich pestovanie je ve\u013emi jednoduch\u00e9 pomocou na\u0161ich pestovate\u013esk\u00fdch s\u00faprav. V podstate v\u0161etko, \u010do potrebujete, je pestovate\u013esk\u00e1 s\u00faprava, trochu vody a trochu trpezlivosti. Aby ste mali istotu, \u017ee v\u0161etko p\u00f4jde dobre, dod\u00e1me v\u00e1m aj n\u00e1vod. Pokia\u013e sa ich budete dr\u017ea\u0165, prv\u00e9 huby si m\u00f4\u017eete nazbiera\u0165 u\u017e o nieko\u013eko t\u00fd\u017ed\u0148ov.<\/span><\/p>\n<h3><strong>De beste paddo growkit tips van 2026<\/strong><\/h3>\n<p><span style=\"font-weight: 400;\">Pestovanie vlastn\u00fdch magick\u00fdch h\u00fab je ve\u013emi jednoduch\u00e9 pomocou pestovate\u013eskej s\u00fapravy. Je v\u0161ak d\u00f4le\u017eit\u00e9, aby ste postupovali pod\u013ea prilo\u017een\u00fdch pokynov. Ke\u010f\u017ee m\u00e1me do \u010dinenia so \u017eiv\u00fdm organizmom, mus\u00edte bezpodmiene\u010dne dodr\u017eiava\u0165 nieko\u013eko z\u00e1sad <\/span><strong>nie<\/strong><span style=\"font-weight: 400;\"> by mal urobi\u0165. Chcete si zaisti\u0165 pekn\u00fa \u00farodu dom\u00e1cich h\u00fab? Potom sa pozrite sem <\/span><a href=\"https:\/\/www.paddo.shop\/sk\/growkit-instructies\/\"><span style=\"font-weight: 400;\">de beste paddo growkit tips van 2026<\/span><\/a><span style=\"font-weight: 400;\">.<\/span><\/p>\n<p><strong>D\u00f4le\u017eit\u00e9:<\/strong><strong><br \/>\n<\/strong><span style=\"font-weight: 400;\">Pestovanie magick\u00fdch h\u00fab je neuverite\u013ene z\u00e1bavn\u00e9 a uspokojuj\u00face. Ale pozor: huby (magick\u00e9 huby) prirodzene obsahuj\u00fa aj l\u00e1tky psilocyb\u00edn a psiloc\u00edn. Psilocyb\u00edn a psiloc\u00edn s\u00fa halucinog\u00e9ny. Halucinog\u00e9ny s\u00fa l\u00e1tky s \u00fa\u010dinkom meniacim vedomie, ktor\u00e9 okrem in\u00e9ho m\u00f4\u017eu vyvol\u00e1va\u0165 halucin\u00e1cie. Majte to na pam\u00e4ti. A v\u017edy uchov\u00e1vajte s\u00fapravu Growkit aj huby mimo dosahu det\u00ed!<\/span><\/p>\n<h2>Naj\u010dastej\u0161ie kladen\u00e9 ot\u00e1zky<\/h2>\n<p>Ni\u017e\u0161ie je uveden\u00fdch 5 naj\u010dastej\u0161\u00edch ot\u00e1zok McKennaii. M\u00e1te e\u0161te st\u00e1le ot\u00e1zky po v\u0161etk\u00fdch inform\u00e1ci\u00e1ch na tejto str\u00e1nke? <a href=\"https:\/\/www.paddo.shop\/sk\/contact\/\">Potom n\u00e1s kontaktujte<\/a> a my v\u00e1m okam\u017eite pom\u00f4\u017eeme.<\/p>\n\t\t<div data-elementor-type=\"section\" data-elementor-id=\"8215\" class=\"elementor elementor-8215\" data-elementor-post-type=\"elementor_library\">\n\t\t\t\t\t<section class=\"elementor-section elementor-top-section elementor-element elementor-element-a20d66a elementor-section-boxed elementor-section-height-default elementor-section-height-default\" data-id=\"a20d66a\" data-element_type=\"section\">\n\t\t\t\t\t\t<div class=\"elementor-container elementor-column-gap-default\">\n\t\t\t\t\t<div class=\"elementor-column elementor-col-100 elementor-top-column elementor-element elementor-element-5ae8cb5\" data-id=\"5ae8cb5\" data-element_type=\"column\">\n\t\t\t<div class=\"elementor-widget-wrap elementor-element-populated\">\n\t\t\t\t\t\t<div class=\"elementor-element elementor-element-5207599 elementor-widget__width-initial elementor-widget elementor-widget-accordion\" data-id=\"5207599\" data-element_type=\"widget\" data-widget_type=\"accordion.default\">\n\t\t\t\t<div class=\"elementor-widget-container\">\n\t\t\t\t\t\t\t<div class=\"elementor-accordion\">\n\t\t\t\t\t\t\t<div class=\"elementor-accordion-item\">\n\t\t\t\t\t<h3 id=\"elementor-tab-title-8601\" class=\"elementor-tab-title\" data-tab=\"1\" role=\"button\" aria-controls=\"elementor-tab-content-8601\" aria-expanded=\"false\">\n\t\t\t\t\t\t\t\t\t\t\t\t\t<span class=\"elementor-accordion-icon elementor-accordion-icon-right\" aria-hidden=\"true\">\n\t\t\t\t\t\t\t\t\t\t\t\t\t\t\t<span class=\"elementor-accordion-icon-closed\"><i class=\"fas fa-plus\"><\/i><\/span>\n\t\t\t\t\t\t\t\t<span class=\"elementor-accordion-icon-opened\"><i class=\"fas fa-minus\"><\/i><\/span>\n\t\t\t\t\t\t\t\t\t\t\t\t\t\t<\/span>\n\t\t\t\t\t\t\t\t\t\t\t\t<a class=\"elementor-accordion-title\" tabindex=\"0\">Ak\u00fd pr\u00edbeh sa skr\u00fdva za n\u00e1zvom McKennaii pre tento kme\u0148 h\u00fab?<\/a>\n\t\t\t\t\t<\/h3>\n\t\t\t\t\t<div id=\"elementor-tab-content-8601\" class=\"elementor-tab-content elementor-clearfix\" data-tab=\"1\" role=\"region\" aria-labelledby=\"elementor-tab-title-8601\"><p>N\u00e1zov McKennaii je poctou Terenceovi McKennovi, americk\u00e9mu etnobotanikovi a psychonautovi, ktor\u00fd je zn\u00e1my svojimi v\u00fdskumami psychedelick\u00e9ho sveta. Jeho zistenia a propag\u00e1cia zodpovedn\u00e9ho u\u017e\u00edvania psychedel\u00edk mali ve\u013ek\u00fd vplyv na komunitu a kme\u0148 h\u00fab McKennaii je poctou jeho pr\u00ednosu. McKennov hlbok\u00fd z\u00e1ujem o psychologick\u00e9 a duchovn\u00e9 z\u00e1\u017eitky, ktor\u00e9 pon\u00fakaj\u00fa psychedelik\u00e1, sa odr\u00e1\u017ea v silnej povahe h\u00fab McKennaii. Viac inform\u00e1ci\u00ed o psychedelick\u00fdch z\u00e1\u017eitkoch n\u00e1jdete na str\u00e1nke <a href=\"https:\/\/www.paddo.shop\/sk\/trip-stopper\/\" target=\"_new\">str\u00e1nka so z\u00e1tkou na cestu<\/a>.<\/p>\n<\/div>\n\t\t\t\t<\/div>\n\t\t\t\t\t\t\t<div class=\"elementor-accordion-item\">\n\t\t\t\t\t<h3 id=\"elementor-tab-title-8602\" class=\"elementor-tab-title\" data-tab=\"2\" role=\"button\" aria-controls=\"elementor-tab-content-8602\" aria-expanded=\"false\">\n\t\t\t\t\t\t\t\t\t\t\t\t\t<span class=\"elementor-accordion-icon elementor-accordion-icon-right\" aria-hidden=\"true\">\n\t\t\t\t\t\t\t\t\t\t\t\t\t\t\t<span class=\"elementor-accordion-icon-closed\"><i class=\"fas fa-plus\"><\/i><\/span>\n\t\t\t\t\t\t\t\t<span class=\"elementor-accordion-icon-opened\"><i class=\"fas fa-minus\"><\/i><\/span>\n\t\t\t\t\t\t\t\t\t\t\t\t\t\t<\/span>\n\t\t\t\t\t\t\t\t\t\t\t\t<a class=\"elementor-accordion-title\" tabindex=\"0\">Ako ovplyv\u0148uje prostredie rast h\u00fab McKennaii v tejto pestovate\u013eskej s\u00faprave?<\/a>\n\t\t\t\t\t<\/h3>\n\t\t\t\t\t<div id=\"elementor-tab-content-8602\" class=\"elementor-tab-content elementor-clearfix\" data-tab=\"2\" role=\"region\" aria-labelledby=\"elementor-tab-title-8602\"><p>Pri pestovan\u00ed h\u00fab McKennaii zohr\u00e1va rozhoduj\u00facu \u00falohu prostredie. Na rast maj\u00fa ve\u013ek\u00fd vplyv faktory ako teplota, vlhkos\u0165 a svetlo. Je d\u00f4le\u017eit\u00e9 udr\u017eiava\u0165 kon\u0161tantn\u00fa teplotu v rozmedz\u00ed 18 - 28 \u00b0C a umiestni\u0165 pestovaciu s\u00fapravu na miesto, ktor\u00e9 nie je vystaven\u00e9 priamemu slne\u010dn\u00e9mu \u017eiareniu alebo vzdu\u0161n\u00fdm pr\u00fadom. Pokyny na vytvorenie ide\u00e1lnych podmienok na pestovanie n\u00e1jdete v <a href=\"https:\/\/www.paddo.shop\/sk\/growkit-instructies\/\" target=\"_new\">Str\u00e1nka s n\u00e1vodom na pou\u017eitie s\u00fapravy growkit<\/a>.<\/p>\n<\/div>\n\t\t\t\t<\/div>\n\t\t\t\t\t\t\t<div class=\"elementor-accordion-item\">\n\t\t\t\t\t<h3 id=\"elementor-tab-title-8603\" class=\"elementor-tab-title\" data-tab=\"3\" role=\"button\" aria-controls=\"elementor-tab-content-8603\" aria-expanded=\"false\">\n\t\t\t\t\t\t\t\t\t\t\t\t\t<span class=\"elementor-accordion-icon elementor-accordion-icon-right\" aria-hidden=\"true\">\n\t\t\t\t\t\t\t\t\t\t\t\t\t\t\t<span class=\"elementor-accordion-icon-closed\"><i class=\"fas fa-plus\"><\/i><\/span>\n\t\t\t\t\t\t\t\t<span class=\"elementor-accordion-icon-opened\"><i class=\"fas fa-minus\"><\/i><\/span>\n\t\t\t\t\t\t\t\t\t\t\t\t\t\t<\/span>\n\t\t\t\t\t\t\t\t\t\t\t\t<a class=\"elementor-accordion-title\" tabindex=\"0\">Ak\u00fd z\u00e1\u017eitok z trippingu m\u00f4\u017eem o\u010dak\u00e1va\u0165 od h\u00fab McKennaii?<\/a>\n\t\t\t\t\t<\/h3>\n\t\t\t\t\t<div id=\"elementor-tab-content-8603\" class=\"elementor-tab-content elementor-clearfix\" data-tab=\"3\" role=\"region\" aria-labelledby=\"elementor-tab-title-8603\"><p>Magick\u00e9 huby McKennaii s\u00fa zn\u00e1me svojimi siln\u00fdmi halucinog\u00e9nnymi \u00fa\u010dinkami. M\u00f4\u017eu pon\u00faknu\u0165 intenz\u00edvne vizu\u00e1lne z\u00e1\u017eitky a hlbok\u00e9 introspekt\u00edvne vh\u013eady. Z\u00e1\u017eitky sa m\u00f4\u017eu u jednotliv\u00fdch \u013eud\u00ed l\u00ed\u0161i\u0165, ale mnoh\u00ed u\u017e\u00edvatelia uv\u00e1dzaj\u00fa zv\u00fd\u0161en\u00e9 vn\u00edmanie farieb, zvukov a celkov\u00fd pocit spojenia s vesm\u00edrom. Inform\u00e1cie o d\u00e1vkovan\u00ed a o tom, ako zvl\u00e1dnu\u0165 svoj z\u00e1\u017eitok, n\u00e1jdete na str\u00e1nke <a href=\"https:\/\/www.paddo.shop\/sk\/vind-dosering\/\" target=\"_new\">n\u00e1js\u0165 str\u00e1nku s d\u00e1vkovan\u00edm<\/a>.<\/p>\n<\/div>\n\t\t\t\t<\/div>\n\t\t\t\t\t\t\t<div class=\"elementor-accordion-item\">\n\t\t\t\t\t<h3 id=\"elementor-tab-title-8604\" class=\"elementor-tab-title\" data-tab=\"4\" role=\"button\" aria-controls=\"elementor-tab-content-8604\" aria-expanded=\"false\">\n\t\t\t\t\t\t\t\t\t\t\t\t\t<span class=\"elementor-accordion-icon elementor-accordion-icon-right\" aria-hidden=\"true\">\n\t\t\t\t\t\t\t\t\t\t\t\t\t\t\t<span class=\"elementor-accordion-icon-closed\"><i class=\"fas fa-plus\"><\/i><\/span>\n\t\t\t\t\t\t\t\t<span class=\"elementor-accordion-icon-opened\"><i class=\"fas fa-minus\"><\/i><\/span>\n\t\t\t\t\t\t\t\t\t\t\t\t\t\t<\/span>\n\t\t\t\t\t\t\t\t\t\t\t\t<a class=\"elementor-accordion-title\" tabindex=\"0\">Zn\u00e1mi nad\u0161enci alebo odpor\u00fa\u010dania pre huby McKennaii?<\/a>\n\t\t\t\t\t<\/h3>\n\t\t\t\t\t<div id=\"elementor-tab-content-8604\" class=\"elementor-tab-content elementor-clearfix\" data-tab=\"4\" role=\"region\" aria-labelledby=\"elementor-tab-title-8604\"><p>Aj ke\u010f \u017eiadna konkr\u00e9tna zn\u00e1ma osoba verejne nevyjadrila svoju preferenciu pre magick\u00e9 huby McKennaii, mnoh\u00ed sk\u00fasen\u00ed psychonauti oce\u0148uj\u00fa tento kme\u0148 pre jeho silu a hlbok\u00e9 z\u00e1\u017eitky z tripu, ktor\u00e9 m\u00f4\u017ee pon\u00faknu\u0165. Psychedelick\u00e1 komunita oce\u0148uje siln\u00e9 a prenikav\u00e9 kmene h\u00fab, ako je McKennaii. \u010eal\u0161ie inform\u00e1cie o r\u00f4znych druhoch h\u00fab a ich \u00fa\u010dinkoch n\u00e1jdete na str\u00e1nke <a href=\"https:\/\/www.paddo.shop\/sk\/growkits\/\" target=\"_new\">str\u00e1nka s pestovate\u013esk\u00fdmi s\u00fapravami<\/a>.<\/p>\n<\/div>\n\t\t\t\t<\/div>\n\t\t\t\t\t\t\t<div class=\"elementor-accordion-item\">\n\t\t\t\t\t<h3 id=\"elementor-tab-title-8605\" class=\"elementor-tab-title\" data-tab=\"5\" role=\"button\" aria-controls=\"elementor-tab-content-8605\" aria-expanded=\"false\">\n\t\t\t\t\t\t\t\t\t\t\t\t\t<span class=\"elementor-accordion-icon elementor-accordion-icon-right\" aria-hidden=\"true\">\n\t\t\t\t\t\t\t\t\t\t\t\t\t\t\t<span class=\"elementor-accordion-icon-closed\"><i class=\"fas fa-plus\"><\/i><\/span>\n\t\t\t\t\t\t\t\t<span class=\"elementor-accordion-icon-opened\"><i class=\"fas fa-minus\"><\/i><\/span>\n\t\t\t\t\t\t\t\t\t\t\t\t\t\t<\/span>\n\t\t\t\t\t\t\t\t\t\t\t\t<a class=\"elementor-accordion-title\" tabindex=\"0\">M\u00f4\u017eem s touto sadou pestova\u0165 huby McKennaii vonku?<\/a>\n\t\t\t\t\t<\/h3>\n\t\t\t\t\t<div id=\"elementor-tab-content-8605\" class=\"elementor-tab-content elementor-clearfix\" data-tab=\"5\" role=\"region\" aria-labelledby=\"elementor-tab-title-8605\"><p>Pestovanie h\u00fab McKennaii vonku m\u00f4\u017ee by\u0165 n\u00e1ro\u010dn\u00e9 kv\u00f4li po\u017eiadavk\u00e1m na regul\u00e1ciu teploty a vlhkosti. T\u00e1to s\u00faprava na pestovanie je ur\u010den\u00e1 najm\u00e4 na pou\u017eitie v interi\u00e9ri, kde m\u00f4\u017eete lep\u0161ie kontrolova\u0165 podmienky prostredia. V\u017edy je najlep\u0161ie dodr\u017eiava\u0165 pokyny, aby ste maximalizovali \u0161ance na \u00faspe\u0161n\u00fa \u00farodu. \u010eal\u0161ie podrobnosti o preprave a prijat\u00ed s\u00fapravy na pestovanie n\u00e1jdete na str\u00e1nke <a href=\"https:\/\/www.paddo.shop\/sk\/verzending\/\" target=\"_new\">str\u00e1nka prepravy<\/a>.<\/p>\n<\/div>\n\t\t\t\t<\/div>\n\t\t\t\t\t\t\t\t\t\t<script type=\"application\/ld+json\">{\n    \"@context\": \"https:\\\/\\\/schema.org\",\n    \"@type\": \"FAQPage\",\n    \"mainEntity\": [\n        {\n            \"@type\": \"Question\",\n            \"name\": \"Wat is het verhaal achter de naam McKennaii voor deze paddosoort?\",\n            \"acceptedAnswer\": {\n                \"@type\": \"Answer\",\n                \"text\": \"<p>De naam McKennaii is een eerbetoon aan Terence McKenna, een Amerikaanse etnobotanicus en psychonaut die bekend staat om zijn exploraties in de psychedelische wereld. Zijn bevindingen en pleidooi voor het verantwoord gebruik van psychedelica hebben een grote impact gehad op de gemeenschap, en de McKennaii paddosoort eert zijn bijdragen. McKenna&#8217;s diepe interesse in de psychologische en spirituele ervaringen die psychedelica bieden, wordt weerspiegeld in de krachtige aard van de McKennaii paddo&#8217;s. Voor meer informatie over psychedelische ervaringen, bekijk de <a href=\\\"https:\\\/\\\/www.paddo.shop\\\/trip-stopper\\\/\\\" target=\\\"_new\\\">trip stopper pagina<\\\/a>.<\\\/p>\\n\"\n            }\n        },\n        {\n            \"@type\": \"Question\",\n            \"name\": \"Hoe be\\u00efnvloedt de omgeving de groei van McKennaii paddo\\u2019s in deze growkit?\",\n            \"acceptedAnswer\": {\n                \"@type\": \"Answer\",\n                \"text\": \"<p>De omgeving speelt een cruciale rol bij het kweken van McKennaii paddo&#8217;s. Factoren zoals temperatuur, luchtvochtigheid en licht hebben een grote invloed op de groei. Het is belangrijk om een constante temperatuur tussen 18-28\\u00b0C te handhaven en de growkit op een plaats te zetten waar het niet wordt blootgesteld aan direct zonlicht of luchtstromen. Voor instructies over het cre\\u00ebren van de ideale kweekomstandigheden, raadpleeg de <a href=\\\"https:\\\/\\\/www.paddo.shop\\\/growkit-instructies\\\/\\\" target=\\\"_new\\\">growkit instructies pagina<\\\/a>.<\\\/p>\\n\"\n            }\n        },\n        {\n            \"@type\": \"Question\",\n            \"name\": \"Wat voor soort tripervaring kan ik verwachten van McKennaii paddo\\u2019s?\",\n            \"acceptedAnswer\": {\n                \"@type\": \"Answer\",\n                \"text\": \"<p>McKennaii paddo&#8217;s staan bekend om hun sterke hallucinogene effecten. Ze kunnen intense visuele ervaringen en diepgaande introspectieve inzichten bieden. De ervaring kan vari\\u00ebren van persoon tot persoon, maar veel gebruikers melden een verhoogde perceptie van kleuren, geluiden en een algemeen gevoel van verbondenheid met het universum. Voor informatie over dosering en hoe je je ervaring kunt beheren, bekijk de <a href=\\\"https:\\\/\\\/www.paddo.shop\\\/vind-dosering\\\/\\\" target=\\\"_new\\\">vind dosering pagina<\\\/a>.<\\\/p>\\n\"\n            }\n        },\n        {\n            \"@type\": \"Question\",\n            \"name\": \"Zijn er bekende liefhebbers of aanbevelingen voor McKennaii paddo\\u2019s?\",\n            \"acceptedAnswer\": {\n                \"@type\": \"Answer\",\n                \"text\": \"<p>Hoewel er geen specifieke bekende individuen zijn die hun voorkeur voor McKennaii paddo&#8217;s publiekelijk hebben uitgedrukt, waarderen veel ervaren psychonauten deze soort vanwege de potentie en diepgaande tripervaringen die het kan bieden. De psychedelische gemeenschap heeft een waardering voor sterke en inzichtelijke paddosoorten zoals McKennaii. Voor aanvullende informatie over verschillende paddosoorten en hun effecten, bekijk de <a href=\\\"https:\\\/\\\/www.paddo.shop\\\/growkits\\\/\\\" target=\\\"_new\\\">growkits pagina<\\\/a>.<\\\/p>\\n\"\n            }\n        },\n        {\n            \"@type\": \"Question\",\n            \"name\": \"Kan ik McKennaii paddo\\u2019s buiten kweken met deze growkit?\",\n            \"acceptedAnswer\": {\n                \"@type\": \"Answer\",\n                \"text\": \"<p>Het kweken van McKennaii paddo\\u2019s buiten kan uitdagend zijn vanwege de vereisten voor temperatuur- en vochtigheidscontrole. Deze growkit is voornamelijk bedoeld voor binnengebruik waar je de omgevingscondities beter kunt beheersen. Het is altijd het beste om de instructies te volgen om de kans op een succesvolle oogst te maximaliseren. Voor meer details over de verzending en het ontvangen van je growkit, bekijk de <a href=\\\"https:\\\/\\\/www.paddo.shop\\\/verzending\\\/\\\" target=\\\"_new\\\">verzending pagina<\\\/a>.<\\\/p>\\n\"\n            }\n        }\n    ]\n}<\/script>\n\t\t\t\t\t<\/div>\n\t\t\t\t\t\t<\/div>\n\t\t\t\t<\/div>\n\t\t\t\t\t<\/div>\n\t\t<\/div>\n\t\t\t\t\t<\/div>\n\t\t<\/section>\n\t\t\t\t<\/div>","protected":false},"excerpt":{"rendered":"<p>Huba McKennai je v komunite magick\u00fdch h\u00fab skuto\u010dnou klasikou. Tento siln\u00fd kme\u0148, pomenovan\u00fd po \"krstnom otcovi h\u00fab\" Terrencovi McKennovi, je neuverite\u013ene popul\u00e1rny. Teraz si ich m\u00f4\u017eete \u013eahko vypestova\u0165 pomocou na\u0161ej pestovate\u013eskej s\u00fapravy McKennaii pripravenej na pou\u017eitie. V\u010faka nieko\u013ek\u00fdm jednoduch\u00fdm krokom, ako je; zalievanie, vetranie a opakovanie, budete ma\u0165 v okamihu siln\u00e9 huby McKennaii. Hoci sa t\u00e1to pestovate\u013esk\u00e1 s\u00faprava \u013eahko nastavuje a poskytne v\u00e1m bohat\u00fa \u00farodu, odpor\u00fa\u010dame v\u00e1m za\u010da\u0165 s mal\u00fdmi porciami. T\u00e1to sl\u00e1vna psychedelick\u00e1 huba sa pova\u017euje za najsilnej\u0161iu dostupn\u00fa hubu Psilocybe Cubensis!<\/p>","protected":false},"featured_media":5885,"comment_status":"closed","ping_status":"closed","template":"","meta":{"_acf_changed":false},"etheme_brands":[{"term_id":50,"name":"McSmart","slug":"mcsmart","term_group":0,"term_taxonomy_id":50,"taxonomy":"brand","description":"","parent":0,"count":11,"filter":"raw"}],"product_brand":[],"product_cat":[15],"product_tag":[],"class_list":{"0":"post-5256","1":"product","2":"type-product","3":"status-publish","4":"has-post-thumbnail","6":"brand-mcsmart","7":"product_cat-growkits","9":"first","10":"instock","11":"taxable","12":"shipping-taxable","13":"purchasable","14":"product-type-variable","15":"has-default-attributes"},"acf":[],"_links":{"self":[{"href":"https:\/\/www.paddo.shop\/sk\/wp-json\/wp\/v2\/product\/5256","targetHints":{"allow":["GET"]}}],"collection":[{"href":"https:\/\/www.paddo.shop\/sk\/wp-json\/wp\/v2\/product"}],"about":[{"href":"https:\/\/www.paddo.shop\/sk\/wp-json\/wp\/v2\/types\/product"}],"replies":[{"embeddable":true,"href":"https:\/\/www.paddo.shop\/sk\/wp-json\/wp\/v2\/comments?post=5256"}],"wp:featuredmedia":[{"embeddable":true,"href":"https:\/\/www.paddo.shop\/sk\/wp-json\/wp\/v2\/media\/5885"}],"wp:attachment":[{"href":"https:\/\/www.paddo.shop\/sk\/wp-json\/wp\/v2\/media?parent=5256"}],"wp:term":[{"taxonomy":"brand","embeddable":true,"href":"https:\/\/www.paddo.shop\/sk\/wp-json\/wp\/v2\/etheme_brands?post=5256"},{"taxonomy":"product_brand","embeddable":true,"href":"https:\/\/www.paddo.shop\/sk\/wp-json\/wp\/v2\/product_brand?post=5256"},{"taxonomy":"product_cat","embeddable":true,"href":"https:\/\/www.paddo.shop\/sk\/wp-json\/wp\/v2\/product_cat?post=5256"},{"taxonomy":"product_tag","embeddable":true,"href":"https:\/\/www.paddo.shop\/sk\/wp-json\/wp\/v2\/product_tag?post=5256"}],"curies":[{"name":"wp","href":"https:\/\/api.w.org\/{rel}","templated":true}]}}