{"id":5253,"date":"2022-07-20T09:16:26","date_gmt":"2022-07-20T09:16:26","guid":{"rendered":"https:\/\/www.paddo.shop\/?post_type=product&#038;p=5253"},"modified":"2023-10-09T13:35:46","modified_gmt":"2023-10-09T11:35:46","slug":"thai-paddo-growkit","status":"publish","type":"product","link":"https:\/\/www.paddo.shop\/sk\/thai-paddo-growkit\/","title":{"rendered":"Thai Paddo Growkit"},"content":{"rendered":"<h2><strong>K\u00fapi\u0165 Thai Paddo Growkit<\/strong><\/h2>\n<p><span style=\"font-weight: 400;\">Ak si chcete k\u00fapi\u0165 pestovate\u013esk\u00e9 s\u00fapravy, ste na spr\u00e1vnom mieste. V na\u0161om obchode n\u00e1jdete len spo\u013eahliv\u00e9 a \u00fa\u010dinn\u00e9 pestovate\u013esk\u00e9 s\u00fapravy. Vyr\u00e1ba ich holandsk\u00e1 spolo\u010dnos\u0165 McSmart. T\u00e1to spolo\u010dnos\u0165 je medzin\u00e1rodne zn\u00e1ma ako jedna z najrenomovanej\u0161\u00edch spolo\u010dnost\u00ed v oblasti magick\u00fdch h\u013euzoviek a s\u00faprav na pestovanie magick\u00fdch h\u00fab. Ak budete postupova\u0165 pod\u013ea prilo\u017een\u00e9ho n\u00e1vodu, m\u00f4\u017eete sa preto v\u017edy spo\u013eahn\u00fa\u0165 aspo\u0148 na jeden dobr\u00fd v\u00fdplach (\u00farodu) psychedelick\u00fdch h\u00fab, ale v mnoh\u00fdch pr\u00edpadoch m\u00f4\u017eete pestovaciu s\u00fapravu nastavi\u0165 aj nieko\u013ekokr\u00e1t!<\/span><\/p>\n<p><span style=\"font-weight: 400;\">Ke\u010f si dnes objedn\u00e1te Thai Paddo Growkit, dostanete ho domov \u00faplne diskr\u00e9tne do nieko\u013ek\u00fdch dn\u00ed.<\/span><\/p>\n<h3><strong>\u010co obsahuje Thai Paddo Growkit<\/strong><\/h3>\n<p><span style=\"font-weight: 400;\">obsahuje v\u0161etko potrebn\u00e9 na to, aby ste si mohli sami vypestova\u0165 magick\u00e9 huby Mexican. Balenie obsahuje: 1 n\u00e1dobu pripraven\u00fa na pestovanie s akt\u00edvnym myc\u00e9liom, pestovate\u013esk\u00e9 vrecko s filtrami, 2 klipy na uzavretie vrecka a let\u00e1k s n\u00e1vodom. V\u0161etko, \u010do potrebujete prida\u0165, je voda a trochu l\u00e1sky.<\/span><\/p>\n<h3><strong>Ako siln\u00e9 s\u00fa <\/strong><strong>Thai<\/strong><strong> magick\u00e9 huby?<\/strong><\/h3>\n<p><span style=\"font-weight: 400;\">Ni\u017e\u0161ie n\u00e1jdete magick\u00e9 h\u013euzovky z na\u0161ej ponuky zoraden\u00e9 pod\u013ea psychedelickej sily. S\u00fa zoraden\u00e9 od siln\u00fdch po mierne. Takto m\u00f4\u017eete presne vidie\u0165, ako s\u00fa na tom magick\u00e9 huby Mexican v porovnan\u00ed s ostatn\u00fdmi.<\/span><\/p>\n<p><a href=\"https:\/\/www.paddo.shop\/sk\/mckennaii-paddo-growkit\/\"><span style=\"font-weight: 400;\">McKennaii<\/span><span style=\"font-weight: 400;\"><br \/>\n<\/span><\/a><a href=\"https:\/\/www.paddo.shop\/sk\/hawaiian-copelandia-paddo-growkit\/\"><span style=\"font-weight: 400;\">Hawaiian Copelandia<\/span><span style=\"font-weight: 400;\"><br \/>\n<\/span><\/a><a href=\"https:\/\/www.paddo.shop\/sk\/golden-teacher-paddo-growkit\/\"><span style=\"font-weight: 400;\">Golden Teacher<\/span><span style=\"font-weight: 400;\"><br \/>\n<\/span><\/a><a href=\"https:\/\/www.paddo.shop\/sk\/mazatapec-paddo-growkit\/\"><span style=\"font-weight: 400;\">Mazatapec<\/span><span style=\"font-weight: 400;\"><br \/>\n<\/span><\/a><a href=\"https:\/\/www.paddo.shop\/sk\/colombian-paddo-growkit\/\"><span style=\"font-weight: 400;\">Colombian Paddo<\/span><span style=\"font-weight: 400;\"><br \/>\n<\/span><\/a><a href=\"https:\/\/www.paddo.shop\/sk\/cambodian-paddo-growkit\/\"><span style=\"font-weight: 400;\">Cambodian Paddo<\/span><span style=\"font-weight: 400;\"><br \/>\n<\/span><\/a><a href=\"https:\/\/www.paddo.shop\/sk\/ecuadorian-paddo-growkit\/\"><span style=\"font-weight: 400;\">Ecuadorian Paddo<\/span><span style=\"font-weight: 400;\"><br \/>\n<\/span><\/a><a href=\"https:\/\/www.paddo.shop\/sk\/mexican-paddo-growkit\/\"><span style=\"font-weight: 400;\">Mexican Paddo<\/span><span style=\"font-weight: 400;\"><br \/>\n<\/span><\/a><a href=\"https:\/\/www.paddo.shop\/sk\/b-plus-paddo-growkit\/\"><span style=\"font-weight: 400;\">B+ Paddo<\/span><span style=\"font-weight: 400;\"><br \/>\n<\/span><\/a><a href=\"https:\/\/www.paddo.shop\/sk\/thai-paddo-growkit\/\"><span style=\"font-weight: 400;\">Thai Paddo<\/span><\/a><\/p>\n<h2><strong>Vypestujte si vlastn\u00e9 huby Thai pomocou pestovate\u013eskej s\u00fapravy<\/strong><\/h2>\n<p><span style=\"font-weight: 400;\">Mexican patria medzi najpopul\u00e1rnej\u0161ie psychedelick\u00e9 pr\u00edrodn\u00e9 produkty s\u00fa\u010dasnosti. Ich pestovanie je ve\u013emi jednoduch\u00e9 pomocou na\u0161ich pestovate\u013esk\u00fdch s\u00faprav. V podstate v\u0161etko, \u010do potrebujete, je pestovate\u013esk\u00e1 s\u00faprava, trochu vody a trochu trpezlivosti. Aby ste mali istotu, \u017ee v\u0161etko p\u00f4jde dobre, dod\u00e1me v\u00e1m aj n\u00e1vod. Pokia\u013e sa ich budete dr\u017ea\u0165, prv\u00e9 huby si m\u00f4\u017eete nazbiera\u0165 u\u017e o nieko\u013eko t\u00fd\u017ed\u0148ov.<\/span><\/p>\n<h3><strong>De beste paddo growkit tips van 2026<\/strong><\/h3>\n<p><span style=\"font-weight: 400;\">Pestovanie vlastn\u00fdch magick\u00fdch h\u00fab je ve\u013emi jednoduch\u00e9 pomocou pestovate\u013eskej s\u00fapravy. Je v\u0161ak d\u00f4le\u017eit\u00e9, aby ste postupovali pod\u013ea prilo\u017een\u00fdch pokynov. Ke\u010f\u017ee m\u00e1me do \u010dinenia so \u017eiv\u00fdm organizmom, mus\u00edte bezpodmiene\u010dne dodr\u017eiava\u0165 nieko\u013eko z\u00e1sad <\/span><strong>nie<\/strong><span style=\"font-weight: 400;\"> by mal urobi\u0165. Chcete si zaisti\u0165 pekn\u00fa \u00farodu dom\u00e1cich h\u00fab? Potom sa pozrite sem <\/span><a href=\"https:\/\/www.paddo.shop\/sk\/growkit-instructies\/\"><span style=\"font-weight: 400;\">de beste paddo growkit tips van 2026<\/span><\/a><span style=\"font-weight: 400;\">.<\/span><\/p>\n<p><strong>D\u00f4le\u017eit\u00e9:<\/strong><strong><br \/>\n<\/strong><span style=\"font-weight: 400;\">Pestovanie magick\u00fdch h\u00fab je neuverite\u013ene z\u00e1bavn\u00e9 a uspokojuj\u00face. Ale pozor: huby (magick\u00e9 huby) prirodzene obsahuj\u00fa aj l\u00e1tky psilocyb\u00edn a psiloc\u00edn. Psilocyb\u00edn a psiloc\u00edn s\u00fa halucinog\u00e9ny. Halucinog\u00e9ny s\u00fa l\u00e1tky s \u00fa\u010dinkom meniacim vedomie, ktor\u00e9 okrem in\u00e9ho m\u00f4\u017eu vyvol\u00e1va\u0165 halucin\u00e1cie. Majte to na pam\u00e4ti. A v\u017edy uchov\u00e1vajte s\u00fapravu Growkit aj huby mimo dosahu det\u00ed!<\/span><\/p>\n<h2>Naj\u010dastej\u0161ie kladen\u00e9 ot\u00e1zky<\/h2>\n<p>Ni\u017e\u0161ie je uveden\u00fdch 5 naj\u010dastej\u0161ie kladen\u00fdch ot\u00e1zok k Thai. M\u00e1te e\u0161te st\u00e1le ot\u00e1zky po v\u0161etk\u00fdch inform\u00e1ci\u00e1ch na tejto str\u00e1nke? <a href=\"https:\/\/www.paddo.shop\/sk\/contact\/\">Potom n\u00e1s kontaktujte<\/a> a my v\u00e1m okam\u017eite pom\u00f4\u017eeme.<\/p>\n\t\t<div data-elementor-type=\"section\" data-elementor-id=\"8215\" class=\"elementor elementor-8215\" data-elementor-post-type=\"elementor_library\">\n\t\t\t\t\t<section class=\"elementor-section elementor-top-section elementor-element elementor-element-a20d66a elementor-section-boxed elementor-section-height-default elementor-section-height-default\" data-id=\"a20d66a\" data-element_type=\"section\">\n\t\t\t\t\t\t<div class=\"elementor-container elementor-column-gap-default\">\n\t\t\t\t\t<div class=\"elementor-column elementor-col-100 elementor-top-column elementor-element elementor-element-5ae8cb5\" data-id=\"5ae8cb5\" data-element_type=\"column\">\n\t\t\t<div class=\"elementor-widget-wrap elementor-element-populated\">\n\t\t\t\t\t\t<div class=\"elementor-element elementor-element-5207599 elementor-widget__width-initial elementor-widget elementor-widget-accordion\" data-id=\"5207599\" data-element_type=\"widget\" data-widget_type=\"accordion.default\">\n\t\t\t\t<div class=\"elementor-widget-container\">\n\t\t\t\t\t\t\t<div class=\"elementor-accordion\">\n\t\t\t\t\t\t\t<div class=\"elementor-accordion-item\">\n\t\t\t\t\t<h3 id=\"elementor-tab-title-8601\" class=\"elementor-tab-title\" data-tab=\"1\" role=\"button\" aria-controls=\"elementor-tab-content-8601\" aria-expanded=\"false\">\n\t\t\t\t\t\t\t\t\t\t\t\t\t<span class=\"elementor-accordion-icon elementor-accordion-icon-right\" aria-hidden=\"true\">\n\t\t\t\t\t\t\t\t\t\t\t\t\t\t\t<span class=\"elementor-accordion-icon-closed\"><i class=\"fas fa-plus\"><\/i><\/span>\n\t\t\t\t\t\t\t\t<span class=\"elementor-accordion-icon-opened\"><i class=\"fas fa-minus\"><\/i><\/span>\n\t\t\t\t\t\t\t\t\t\t\t\t\t\t<\/span>\n\t\t\t\t\t\t\t\t\t\t\t\t<a class=\"elementor-accordion-title\" tabindex=\"0\">Pre\u010do s\u00fa huby Thai ob\u013e\u00fabenou vo\u013ebou medzi cestovate\u013emi a psychonautmi?<\/a>\n\t\t\t\t\t<\/h3>\n\t\t\t\t\t<div id=\"elementor-tab-content-8601\" class=\"elementor-tab-content elementor-clearfix\" data-tab=\"1\" role=\"region\" aria-labelledby=\"elementor-tab-title-8601\"><p>Magick\u00e9 huby Thai s\u00fa zn\u00e1me svojimi povzn\u00e1\u0161aj\u00facimi a soci\u00e1lnymi \u00fa\u010dinkami. Dok\u00e1\u017eu vyvola\u0165 pocit euf\u00f3rie a prepojenia, \u010do je ide\u00e1lne pre spolo\u010densk\u00e9 situ\u00e1cie alebo festivaly. Cestovatelia a psychonauti s\u00fa t\u00fdmito jedine\u010dn\u00fdmi vlastnos\u0165ami obzvl\u00e1\u0161\u0165 o\u010daren\u00ed. Navy\u0161e sa pomerne \u013eahko pestuj\u00fa, tak\u017ee s\u00fa ob\u013e\u00fabenou vo\u013ebou pre za\u010diato\u010dn\u00edkov aj sk\u00fasen\u00fdch pestovate\u013eov. Ak m\u00e1te z\u00e1ujem porovna\u0165 huby Thai s in\u00fdmi kme\u0148mi, m\u00f4\u017eete sa pozrie\u0165 na na\u0161e <a href=\"https:\/\/www.paddo.shop\/sk\/growkits\/\" target=\"_new\">porovn\u00e1vacia str\u00e1nka<\/a>.<\/p>\n<\/div>\n\t\t\t\t<\/div>\n\t\t\t\t\t\t\t<div class=\"elementor-accordion-item\">\n\t\t\t\t\t<h3 id=\"elementor-tab-title-8602\" class=\"elementor-tab-title\" data-tab=\"2\" role=\"button\" aria-controls=\"elementor-tab-content-8602\" aria-expanded=\"false\">\n\t\t\t\t\t\t\t\t\t\t\t\t\t<span class=\"elementor-accordion-icon elementor-accordion-icon-right\" aria-hidden=\"true\">\n\t\t\t\t\t\t\t\t\t\t\t\t\t\t\t<span class=\"elementor-accordion-icon-closed\"><i class=\"fas fa-plus\"><\/i><\/span>\n\t\t\t\t\t\t\t\t<span class=\"elementor-accordion-icon-opened\"><i class=\"fas fa-minus\"><\/i><\/span>\n\t\t\t\t\t\t\t\t\t\t\t\t\t\t<\/span>\n\t\t\t\t\t\t\t\t\t\t\t\t<a class=\"elementor-accordion-title\" tabindex=\"0\">Ako m\u00f4\u017eem pred\u013a\u017ei\u0165 \u017eivotaschopnos\u0165 sp\u00f3r v s\u00faprave na pestovanie h\u00fab Thai?<\/a>\n\t\t\t\t\t<\/h3>\n\t\t\t\t\t<div id=\"elementor-tab-content-8602\" class=\"elementor-tab-content elementor-clearfix\" data-tab=\"2\" role=\"region\" aria-labelledby=\"elementor-tab-title-8602\"><p>\u017divotaschopnos\u0165 sp\u00f3r mo\u017eno pred\u013a\u017ei\u0165 ich uskladnen\u00edm na chladnom, tmavom a suchom mieste. Je d\u00f4le\u017eit\u00e9 vyhn\u00fa\u0165 sa priamemu slne\u010dn\u00e9mu \u017eiareniu a vlhkosti. Ak si nie ste ist\u00ed, ako to urobi\u0165, pozrite si na\u0161u <a href=\"https:\/\/www.paddo.shop\/sk\/growkit-instructies\/\" target=\"_new\">Str\u00e1nka s n\u00e1vodom na pou\u017eitie s\u00fapravy growkit<\/a> \u010fal\u0161ie inform\u00e1cie.<\/p>\n<\/div>\n\t\t\t\t<\/div>\n\t\t\t\t\t\t\t<div class=\"elementor-accordion-item\">\n\t\t\t\t\t<h3 id=\"elementor-tab-title-8603\" class=\"elementor-tab-title\" data-tab=\"3\" role=\"button\" aria-controls=\"elementor-tab-content-8603\" aria-expanded=\"false\">\n\t\t\t\t\t\t\t\t\t\t\t\t\t<span class=\"elementor-accordion-icon elementor-accordion-icon-right\" aria-hidden=\"true\">\n\t\t\t\t\t\t\t\t\t\t\t\t\t\t\t<span class=\"elementor-accordion-icon-closed\"><i class=\"fas fa-plus\"><\/i><\/span>\n\t\t\t\t\t\t\t\t<span class=\"elementor-accordion-icon-opened\"><i class=\"fas fa-minus\"><\/i><\/span>\n\t\t\t\t\t\t\t\t\t\t\t\t\t\t<\/span>\n\t\t\t\t\t\t\t\t\t\t\t\t<a class=\"elementor-accordion-title\" tabindex=\"0\">Existuj\u00fa sez\u00f3nne aspekty pestovania h\u00fab Thai?<\/a>\n\t\t\t\t\t<\/h3>\n\t\t\t\t\t<div id=\"elementor-tab-content-8603\" class=\"elementor-tab-content elementor-clearfix\" data-tab=\"3\" role=\"region\" aria-labelledby=\"elementor-tab-title-8603\"><p>Huby Thai s\u00fa pomerne prisp\u00f4sobiv\u00e9, ale maj\u00fa rady vy\u0161\u0161ie teploty. V chladnej\u0161\u00edch mesiacoch preto m\u00f4\u017ee by\u0165 u\u017eito\u010dn\u00e9 pou\u017ei\u0165 tepeln\u00fa podlo\u017eku na udr\u017eanie ide\u00e1lnej teploty pri pestovan\u00ed. \u010eal\u0161ie tipy na sez\u00f3nne pestovanie h\u00fab n\u00e1jdete na na\u0161ej str\u00e1nke <a href=\"https:\/\/www.paddo.shop\/sk\/paddo-growkit-kweekverslag\/\" target=\"_new\">str\u00e1nka s hl\u00e1sen\u00edm o chove<\/a>.<\/p>\n<\/div>\n\t\t\t\t<\/div>\n\t\t\t\t\t\t\t<div class=\"elementor-accordion-item\">\n\t\t\t\t\t<h3 id=\"elementor-tab-title-8604\" class=\"elementor-tab-title\" data-tab=\"4\" role=\"button\" aria-controls=\"elementor-tab-content-8604\" aria-expanded=\"false\">\n\t\t\t\t\t\t\t\t\t\t\t\t\t<span class=\"elementor-accordion-icon elementor-accordion-icon-right\" aria-hidden=\"true\">\n\t\t\t\t\t\t\t\t\t\t\t\t\t\t\t<span class=\"elementor-accordion-icon-closed\"><i class=\"fas fa-plus\"><\/i><\/span>\n\t\t\t\t\t\t\t\t<span class=\"elementor-accordion-icon-opened\"><i class=\"fas fa-minus\"><\/i><\/span>\n\t\t\t\t\t\t\t\t\t\t\t\t\t\t<\/span>\n\t\t\t\t\t\t\t\t\t\t\t\t<a class=\"elementor-accordion-title\" tabindex=\"0\">Ako reaguj\u00fa huby Thai na r\u00f4zne sveteln\u00e9 podmienky v tejto pestovate\u013eskej s\u00faprave?<\/a>\n\t\t\t\t\t<\/h3>\n\t\t\t\t\t<div id=\"elementor-tab-content-8604\" class=\"elementor-tab-content elementor-clearfix\" data-tab=\"4\" role=\"region\" aria-labelledby=\"elementor-tab-title-8604\"><p>Svetlo je d\u00f4le\u017eit\u00e9 pre rast h\u00fab Thai, ale nepotrebuj\u00fa siln\u00fd zdroj svetla. Sta\u010d\u00ed nepriame slne\u010dn\u00e9 svetlo alebo oby\u010dajn\u00e1 izbov\u00e1 lampa. Vyhnite sa priamemu slne\u010dn\u00e9mu svetlu, preto\u017ee m\u00f4\u017ee vysu\u0161i\u0165 pestovate\u013esk\u00fa s\u00fapravu. Podrobnej\u0161ie inform\u00e1cie o ide\u00e1lnych podmienkach pestovania n\u00e1jdete v na\u0161ej <a href=\"https:\/\/www.paddo.shop\/sk\/growkit-instructies\/\" target=\"_new\">str\u00e1nka s pokynmi<\/a>.<\/p>\n<\/div>\n\t\t\t\t<\/div>\n\t\t\t\t\t\t\t<div class=\"elementor-accordion-item\">\n\t\t\t\t\t<h3 id=\"elementor-tab-title-8605\" class=\"elementor-tab-title\" data-tab=\"5\" role=\"button\" aria-controls=\"elementor-tab-content-8605\" aria-expanded=\"false\">\n\t\t\t\t\t\t\t\t\t\t\t\t\t<span class=\"elementor-accordion-icon elementor-accordion-icon-right\" aria-hidden=\"true\">\n\t\t\t\t\t\t\t\t\t\t\t\t\t\t\t<span class=\"elementor-accordion-icon-closed\"><i class=\"fas fa-plus\"><\/i><\/span>\n\t\t\t\t\t\t\t\t<span class=\"elementor-accordion-icon-opened\"><i class=\"fas fa-minus\"><\/i><\/span>\n\t\t\t\t\t\t\t\t\t\t\t\t\t\t<\/span>\n\t\t\t\t\t\t\t\t\t\t\t\t<a class=\"elementor-accordion-title\" tabindex=\"0\">Ak\u00e9 s\u00fa najlep\u0161ie sp\u00f4soby konzum\u00e1cie h\u00fab Thai pre pr\u00edjemn\u00fd z\u00e1\u017eitok?<\/a>\n\t\t\t\t\t<\/h3>\n\t\t\t\t\t<div id=\"elementor-tab-content-8605\" class=\"elementor-tab-content elementor-clearfix\" data-tab=\"5\" role=\"region\" aria-labelledby=\"elementor-tab-title-8605\"><p>Huby Thai mo\u017eno jes\u0165 surov\u00e9, pripravi\u0165 z nich \u010daj alebo ich zmie\u0161a\u0165 s jedlom. Je d\u00f4le\u017eit\u00e9 za\u010da\u0165 s ni\u017e\u0161ou d\u00e1vkou, najm\u00e4 ak s magick\u00fdmi hubami za\u010d\u00ednate. K pr\u00edjemn\u00e9mu z\u00e1\u017eitku m\u00f4\u017ee prispie\u0165 aj pokojn\u00e9 a pohodln\u00e9 prostredie. Chcete sa dozvedie\u0165 viac o d\u00e1vkovan\u00ed? Pozrite si na\u0161u <a href=\"https:\/\/www.paddo.shop\/sk\/vind-dosering\/\" target=\"_new\">str\u00e1nka s d\u00e1vkami.<\/a><\/p>\n<\/div>\n\t\t\t\t<\/div>\n\t\t\t\t\t\t\t\t\t\t<script type=\"application\/ld+json\">{\n    \"@context\": \"https:\\\/\\\/schema.org\",\n    \"@type\": \"FAQPage\",\n    \"mainEntity\": [\n        {\n            \"@type\": \"Question\",\n            \"name\": \"Wat maakt Thai paddo's een populaire keuze onder reizigers en psychonauten?\",\n            \"acceptedAnswer\": {\n                \"@type\": \"Answer\",\n                \"text\": \"<p>Thai paddo&#8217;s staan bekend om hun opwekkende en sociale effecten. Ze kunnen een gevoel van euforie en verbondenheid cre\\u00ebren, wat perfect is voor sociale situaties of festivals. Vooral reizigers en psychonauten zijn gecharmeerd van deze unieke eigenschappen. Bovendien zijn ze relatief makkelijk te kweken, wat ze een favoriete keuze maakt voor zowel beginners als ervaren kwekers. Als je ge\\u00efnteresseerd bent in het vergelijken van Thai paddo&#8217;s met andere soorten, kan je een kijkje nemen op onze <a href=\\\"https:\\\/\\\/www.paddo.shop\\\/growkits\\\/\\\" target=\\\"_new\\\">vergelijkingspagina<\\\/a>.<\\\/p>\\n\"\n            }\n        },\n        {\n            \"@type\": \"Question\",\n            \"name\": \"Hoe kan ik de levensvatbaarheid van de sporen in de Thai paddo growkit verlengen?\",\n            \"acceptedAnswer\": {\n                \"@type\": \"Answer\",\n                \"text\": \"<p>De levensvatbaarheid van de sporen kan worden verlengd door ze op een koele, donkere en droge plaats te bewaren. Het is belangrijk om direct zonlicht en vocht te vermijden. Als je niet zeker weet hoe je dit moet doen, check dan onze <a href=\\\"https:\\\/\\\/www.paddo.shop\\\/growkit-instructies\\\/\\\" target=\\\"_new\\\">growkit instructiespagina<\\\/a> voor meer informatie.<\\\/p>\\n\"\n            }\n        },\n        {\n            \"@type\": \"Question\",\n            \"name\": \"Zijn er seizoensgebonden overwegingen voor het kweken van Thai paddo\\u2019s?\",\n            \"acceptedAnswer\": {\n                \"@type\": \"Answer\",\n                \"text\": \"<p>Thai paddo\\u2019s zijn redelijk flexibel, maar ze houden van warmere temperaturen. In de koudere maanden kan het daarom nuttig zijn om een warmtemat te gebruiken om de ideale groeitemperatuur te behouden. Meer tips over het kweken van paddo&#8217;s per seizoen vind je op onze <a href=\\\"https:\\\/\\\/www.paddo.shop\\\/paddo-growkit-kweekverslag\\\/\\\" target=\\\"_new\\\">kweekverslagpagina<\\\/a>.<\\\/p>\\n\"\n            }\n        },\n        {\n            \"@type\": \"Question\",\n            \"name\": \"Hoe reageren Thai paddo's op verschillende lichtomstandigheden in deze growkit?\",\n            \"acceptedAnswer\": {\n                \"@type\": \"Answer\",\n                \"text\": \"<p>Licht is belangrijk voor de groei van Thai paddo&#8217;s, maar ze hebben geen sterke lichtbron nodig. Indirect zonlicht of een gewone kamerlamp is voldoende. Vermijd direct zonlicht, want dat kan de growkit uitdrogen. Voor meer details over de ideale groeiomstandigheden, neem een kijkje op onze <a href=\\\"https:\\\/\\\/www.paddo.shop\\\/growkit-instructies\\\/\\\" target=\\\"_new\\\">instructiespagina<\\\/a>.<\\\/p>\\n\"\n            }\n        },\n        {\n            \"@type\": \"Question\",\n            \"name\": \"Wat zijn de beste manieren om Thai paddo\\u2019s te consumeren voor een aangename ervaring?\",\n            \"acceptedAnswer\": {\n                \"@type\": \"Answer\",\n                \"text\": \"<p>Thai paddo&#8217;s kunnen rauw worden gegeten, in thee worden gezet of met voedsel worden gemengd. Het is belangrijk om te starten met een lagere dosis, vooral als je nieuw bent met paddo&#8217;s. Een rustige en comfortabele setting kan ook bijdragen aan een aangename ervaring. Wil je meer weten over dosering? Check onze <a href=\\\"https:\\\/\\\/www.paddo.shop\\\/vind-dosering\\\/\\\" target=\\\"_new\\\">dosering pagina.<\\\/a><\\\/p>\\n\"\n            }\n        }\n    ]\n}<\/script>\n\t\t\t\t\t<\/div>\n\t\t\t\t\t\t<\/div>\n\t\t\t\t<\/div>\n\t\t\t\t\t<\/div>\n\t\t<\/div>\n\t\t\t\t\t<\/div>\n\t\t<\/section>\n\t\t\t\t<\/div>","protected":false},"excerpt":{"rendered":"<p>Samozrejme ste uh\u00e1dli, odkia\u013e poch\u00e1dza kme\u0148 Thai Paddo Growkit. Kme\u0148 Thai Paddo Growkit m\u00e1 svoje korene v Thailand. T\u00fato p\u00e1rty hubu po\u017e\u00edvaj\u00fa \u013eudia Thai najr\u00f4znej\u0161\u00edmi sp\u00f4sobmi pred za\u010diatkom p\u00e1rty. Napr\u00edklad si z nej robia \u010daj, pripravuj\u00fa z nej koktaily, zaprac\u00favaj\u00fa ju \u010derstv\u00fa do jedla alebo ju jedia su\u0161en\u00fa. Ste u\u017e pripraven\u00ed na p\u00e1rty? Potom sa uistite, \u017ee m\u00e1te doma Thai Paddo Growkit. Po\u010das nieko\u013ek\u00fdch dn\u00ed budete ma\u0165 spolu pekn\u00fa \u00farodu a p\u00e1rty sa m\u00f4\u017ee za\u010da\u0165.<\/p>","protected":false},"featured_media":5887,"comment_status":"closed","ping_status":"closed","template":"","meta":{"_acf_changed":false},"etheme_brands":[{"term_id":50,"name":"McSmart","slug":"mcsmart","term_group":0,"term_taxonomy_id":50,"taxonomy":"brand","description":"","parent":0,"count":11,"filter":"raw"}],"product_brand":[],"product_cat":[15],"product_tag":[],"class_list":{"0":"post-5253","1":"product","2":"type-product","3":"status-publish","4":"has-post-thumbnail","6":"brand-mcsmart","7":"product_cat-growkits","9":"first","10":"instock","11":"taxable","12":"shipping-taxable","13":"purchasable","14":"product-type-variable","15":"has-default-attributes"},"acf":[],"_links":{"self":[{"href":"https:\/\/www.paddo.shop\/sk\/wp-json\/wp\/v2\/product\/5253","targetHints":{"allow":["GET"]}}],"collection":[{"href":"https:\/\/www.paddo.shop\/sk\/wp-json\/wp\/v2\/product"}],"about":[{"href":"https:\/\/www.paddo.shop\/sk\/wp-json\/wp\/v2\/types\/product"}],"replies":[{"embeddable":true,"href":"https:\/\/www.paddo.shop\/sk\/wp-json\/wp\/v2\/comments?post=5253"}],"wp:featuredmedia":[{"embeddable":true,"href":"https:\/\/www.paddo.shop\/sk\/wp-json\/wp\/v2\/media\/5887"}],"wp:attachment":[{"href":"https:\/\/www.paddo.shop\/sk\/wp-json\/wp\/v2\/media?parent=5253"}],"wp:term":[{"taxonomy":"brand","embeddable":true,"href":"https:\/\/www.paddo.shop\/sk\/wp-json\/wp\/v2\/etheme_brands?post=5253"},{"taxonomy":"product_brand","embeddable":true,"href":"https:\/\/www.paddo.shop\/sk\/wp-json\/wp\/v2\/product_brand?post=5253"},{"taxonomy":"product_cat","embeddable":true,"href":"https:\/\/www.paddo.shop\/sk\/wp-json\/wp\/v2\/product_cat?post=5253"},{"taxonomy":"product_tag","embeddable":true,"href":"https:\/\/www.paddo.shop\/sk\/wp-json\/wp\/v2\/product_tag?post=5253"}],"curies":[{"name":"wp","href":"https:\/\/api.w.org\/{rel}","templated":true}]}}