{"id":97,"date":"2021-12-04T09:58:52","date_gmt":"2021-12-04T09:58:52","guid":{"rendered":"https:\/\/xstore.8theme.com\/elementor\/demos\/minimal-fashion03\/?page_id=33"},"modified":"2023-11-22T17:27:56","modified_gmt":"2023-11-22T15:27:56","slug":"over-ons","status":"publish","type":"page","link":"https:\/\/www.paddo.shop\/sk\/over-ons\/","title":{"rendered":"O n\u00e1s"},"content":{"rendered":"<div data-elementor-type=\"wp-page\" data-elementor-id=\"97\" class=\"elementor elementor-97\" data-elementor-post-type=\"page\">\n\t\t\t\t\t\t<section class=\"elementor-section elementor-top-section elementor-element elementor-element-1e7d817 elementor-section-boxed elementor-section-height-default elementor-section-height-default elementor-invisible\" data-id=\"1e7d817\" data-element_type=\"section\" data-e-type=\"section\" data-settings=\"{&quot;animation&quot;:&quot;fadeIn&quot;}\">\n\t\t\t\t\t\t<div class=\"elementor-container elementor-column-gap-no\">\n\t\t\t\t\t<div class=\"elementor-column elementor-col-100 elementor-top-column elementor-element elementor-element-390ef48\" data-id=\"390ef48\" data-element_type=\"column\" data-e-type=\"column\">\n\t\t\t<div class=\"elementor-widget-wrap elementor-element-populated\">\n\t\t\t\t\t\t<div class=\"elementor-element elementor-element-d09e6cd elementor-widget elementor-widget-heading\" data-id=\"d09e6cd\" data-element_type=\"widget\" data-e-type=\"widget\" data-widget_type=\"heading.default\">\n\t\t\t\t<div class=\"elementor-widget-container\">\n\t\t\t\t\t<h2 class=\"elementor-heading-title elementor-size-default\">N\u00e1\u0161 pr\u00edbeh<\/h2>\t\t\t\t<\/div>\n\t\t\t\t<\/div>\n\t\t\t\t<div class=\"elementor-element elementor-element-6a01f1c elementor-widget-divider--view-line elementor-widget elementor-widget-divider\" data-id=\"6a01f1c\" data-element_type=\"widget\" data-e-type=\"widget\" data-widget_type=\"divider.default\">\n\t\t\t\t<div class=\"elementor-widget-container\">\n\t\t\t\t\t\t\t<div class=\"elementor-divider\">\n\t\t\t<span class=\"elementor-divider-separator\">\n\t\t\t\t\t\t<\/span>\n\t\t<\/div>\n\t\t\t\t\t\t<\/div>\n\t\t\t\t<\/div>\n\t\t\t\t<div class=\"elementor-element elementor-element-6c9aa0c elementor-widget elementor-widget-text-editor\" data-id=\"6c9aa0c\" data-element_type=\"widget\" data-e-type=\"widget\" data-widget_type=\"text-editor.default\">\n\t\t\t\t<div class=\"elementor-widget-container\">\n\t\t\t\t\t\t\t\t\t<p>Spolo\u010dnos\u0165 Paddo.shop sa zrodila z ve\u013ekej l\u00e1sky k produktom obsahuj\u00facim psilocyb\u00edn. T\u00e1to l\u00e1ska vznikla z pln\u00e9ho presved\u010denia o pozit\u00edvnych \u00fa\u010dinkoch, ktor\u00e9 m\u00f4\u017ee ma\u0165 t\u00e1to l\u00e1tka na \u013eudsk\u00fa myse\u013e. V prvom rade je stra\u0161ne z\u00e1bavn\u00e9 a pr\u00edjemn\u00e9 relaxova\u0165 s magick\u00fdmi hubami alebo magick\u00fdmi h\u013euzovkami. Napriek tomu je to najm\u00e4 duchovn\u00e1 a lie\u010div\u00e1 str\u00e1nka magick\u00fdch h\u00fab, ktor\u00e1 ich rob\u00ed tak\u00fdmi \u00fa\u017easn\u00fdmi. Radi sa s vami podel\u00edme o na\u0161u l\u00e1sku a v\u00e1\u0161e\u0148.<\/p>\t\t\t\t\t\t\t\t<\/div>\n\t\t\t\t<\/div>\n\t\t\t\t<section class=\"elementor-section elementor-inner-section elementor-element elementor-element-41b855b elementor-section-boxed elementor-section-height-default elementor-section-height-default\" data-id=\"41b855b\" data-element_type=\"section\" data-e-type=\"section\">\n\t\t\t\t\t\t<div class=\"elementor-container elementor-column-gap-no\">\n\t\t\t\t\t<div class=\"elementor-column elementor-col-50 elementor-inner-column elementor-element elementor-element-c6b05cf\" data-id=\"c6b05cf\" data-element_type=\"column\" data-e-type=\"column\">\n\t\t\t<div class=\"elementor-widget-wrap elementor-element-populated\">\n\t\t\t\t\t\t<div class=\"elementor-element elementor-element-4fdbd2a elementor-widget elementor-widget-text-editor\" data-id=\"4fdbd2a\" data-element_type=\"widget\" data-e-type=\"widget\" data-widget_type=\"text-editor.default\">\n\t\t\t\t<div class=\"elementor-widget-container\">\n\t\t\t\t\t\t\t\t\t<p>Ak chcete za\u017ei\u0165 zvl\u00e1\u0161tnu silu magick\u00fdch h\u00fab, samozrejme, s\u00fahlas\u00edte len s najlep\u0161ou kvalitou. Preto v na\u0161om obchode n\u00e1jdete len spo\u013eahliv\u00e9 a overen\u00e9 pestovate\u013esk\u00e9 s\u00fapravy, ktor\u00e9 robia to, \u010do maj\u00fa: zabezpe\u010dia v\u00e1m pekn\u00fd v\u00fdplach (\u00farodu) h\u00fab! McKennaii, Golden Teacher alebo Mazatepec? Vyberte si sami a vydajte sa za dobrodru\u017estvom.<\/p>\t\t\t\t\t\t\t\t<\/div>\n\t\t\t\t<\/div>\n\t\t\t\t<div class=\"elementor-element elementor-element-1e42bd1 elementor-widget elementor-widget-text-editor\" data-id=\"1e42bd1\" data-element_type=\"widget\" data-e-type=\"widget\" data-widget_type=\"text-editor.default\">\n\t\t\t\t<div class=\"elementor-widget-container\">\n\t\t\t\t\t\t\t\t\t<p>Vieme si dobre predstavi\u0165, \u017ee sa v\u00e1m mo\u017eno nechce \u010daka\u0165 nieko\u013eko t\u00fd\u017ed\u0148ov, k\u00fdm si budete m\u00f4c\u0165 vychutna\u0165 magick\u00e9 huby. V takom pr\u00edpade s\u00fa dobr\u00fdm rie\u0161en\u00edm skler\u00f3cie alebo magick\u00e9 h\u013euzovky. Tieto mal\u00e9 skvosty obsahuj\u00face psilocyb\u00edn v\u00e1s m\u00f4\u017eu vzia\u0165 na v\u00fdlet v\u00e1\u0161ho \u017eivota. Pred\u00e1vame ich v na\u0161ej <a href=\"http:\/\/magictruffels.shop\" target=\"_blank\" rel=\"noopener\">\u010darovn\u00e9 h\u013euzovky<\/a> predaj\u0148a.<\/p>\t\t\t\t\t\t\t\t<\/div>\n\t\t\t\t<\/div>\n\t\t\t\t\t<\/div>\n\t\t<\/div>\n\t\t\t\t<div class=\"elementor-column elementor-col-50 elementor-inner-column elementor-element elementor-element-96ab982\" data-id=\"96ab982\" data-element_type=\"column\" data-e-type=\"column\">\n\t\t\t<div class=\"elementor-widget-wrap elementor-element-populated\">\n\t\t\t\t\t\t<div class=\"elementor-element elementor-element-b265f2b elementor-widget elementor-widget-image\" data-id=\"b265f2b\" data-element_type=\"widget\" data-e-type=\"widget\" data-widget_type=\"image.default\">\n\t\t\t\t<div class=\"elementor-widget-container\">\n\t\t\t\t\t\t\t\t\t\t\t\t\t\t\t<img loading=\"lazy\" decoding=\"async\" width=\"350\" height=\"116\" src=\"https:\/\/www.paddo.shop\/wp-content\/uploads\/2022\/07\/Paddo-growkit-shop-logo.png\" class=\"attachment-large size-large wp-image-5433\" alt=\"Logo obchodu so s\u00fapravou na pestovanie h\u00fab\" srcset=\"https:\/\/www.paddo.shop\/wp-content\/uploads\/2022\/07\/Paddo-growkit-shop-logo.png 350w, https:\/\/www.paddo.shop\/wp-content\/uploads\/2022\/07\/Paddo-growkit-shop-logo-300x99.png 300w, https:\/\/www.paddo.shop\/wp-content\/uploads\/2022\/07\/Paddo-growkit-shop-logo-1x1.png 1w, https:\/\/www.paddo.shop\/wp-content\/uploads\/2022\/07\/Paddo-growkit-shop-logo-10x3.png 10w\" sizes=\"auto, (max-width: 350px) 100vw, 350px\" \/>\t\t\t\t\t\t\t\t\t\t\t\t\t\t\t<\/div>\n\t\t\t\t<\/div>\n\t\t\t\t\t<\/div>\n\t\t<\/div>\n\t\t\t\t\t<\/div>\n\t\t<\/section>\n\t\t\t\t\t<\/div>\n\t\t<\/div>\n\t\t\t\t\t<\/div>\n\t\t<\/section>\n\t\t\t\t<\/div>","protected":false},"excerpt":{"rendered":"<p>N\u00e1\u0161 pr\u00edbeh Paddo.shop sa zrodil z ve\u013ekej l\u00e1sky k produktom obsahuj\u00facim psilocyb\u00edn. T\u00e1to l\u00e1ska sa zrodila z pln\u00e9ho presved\u010denia o pozit\u00edvnych \u00fa\u010dinkoch...<\/p>","protected":false},"author":2,"featured_media":0,"parent":0,"menu_order":0,"comment_status":"closed","ping_status":"closed","template":"","meta":{"_acf_changed":false,"footnotes":""},"class_list":["post-97","page","type-page","status-publish","hentry"],"acf":[],"_links":{"self":[{"href":"https:\/\/www.paddo.shop\/sk\/wp-json\/wp\/v2\/pages\/97","targetHints":{"allow":["GET"]}}],"collection":[{"href":"https:\/\/www.paddo.shop\/sk\/wp-json\/wp\/v2\/pages"}],"about":[{"href":"https:\/\/www.paddo.shop\/sk\/wp-json\/wp\/v2\/types\/page"}],"author":[{"embeddable":true,"href":"https:\/\/www.paddo.shop\/sk\/wp-json\/wp\/v2\/users\/2"}],"replies":[{"embeddable":true,"href":"https:\/\/www.paddo.shop\/sk\/wp-json\/wp\/v2\/comments?post=97"}],"version-history":[{"count":0,"href":"https:\/\/www.paddo.shop\/sk\/wp-json\/wp\/v2\/pages\/97\/revisions"}],"wp:attachment":[{"href":"https:\/\/www.paddo.shop\/sk\/wp-json\/wp\/v2\/media?parent=97"}],"curies":[{"name":"wp","href":"https:\/\/api.w.org\/{rel}","templated":true}]}}