{"id":5894,"date":"2022-08-01T15:54:25","date_gmt":"2022-08-01T13:54:25","guid":{"rendered":"https:\/\/www.paddo.shop\/?page_id=5894"},"modified":"2024-08-20T11:59:20","modified_gmt":"2024-08-20T09:59:20","slug":"partners","status":"publish","type":"page","link":"https:\/\/www.paddo.shop\/sk\/partners\/","title":{"rendered":"Partneri"},"content":{"rendered":"<div data-elementor-type=\"wp-page\" data-elementor-id=\"5894\" class=\"elementor elementor-5894\" data-elementor-post-type=\"page\">\n\t\t\t\t\t\t<section class=\"elementor-section elementor-top-section elementor-element elementor-element-5abf2a6 elementor-section-boxed elementor-section-height-default elementor-section-height-default\" data-id=\"5abf2a6\" data-element_type=\"section\" data-e-type=\"section\">\n\t\t\t\t\t\t<div class=\"elementor-container elementor-column-gap-default\">\n\t\t\t\t\t<div class=\"elementor-column elementor-col-100 elementor-top-column elementor-element elementor-element-e4d511e\" data-id=\"e4d511e\" data-element_type=\"column\" data-e-type=\"column\">\n\t\t\t<div class=\"elementor-widget-wrap elementor-element-populated\">\n\t\t\t\t\t\t<div class=\"elementor-element elementor-element-392eff0 elementor-widget elementor-widget-text-editor\" data-id=\"392eff0\" data-element_type=\"widget\" data-e-type=\"widget\" data-widget_type=\"text-editor.default\">\n\t\t\t\t<div class=\"elementor-widget-container\">\n\t\t\t\t\t\t\t\t\t<h2>Del\u00edme sa o svoje znalosti<\/h2><p>Nane\u0161\u0165astie, okolo magick\u00fdch h\u013euzoviek a psychedel\u00edk v\u0161eobecne st\u00e1le panuje ve\u013ek\u00e9 tabu. Z n\u00e1\u0161ho poh\u013eadu je to ve\u013emi neopodstatnen\u00e9. Ve\u010f pri spr\u00e1vnom pou\u017e\u00edvan\u00ed m\u00f4\u017eu psychedelik\u00e1 \u013eudsk\u00e9mu \u017eivotu prida\u0165 stra\u0161ne ve\u013ea. Bohu\u017eia\u013e, st\u00e1le sme pr\u00edli\u0161 zatla\u010den\u00ed do k\u00fata. Je na\u010dase to zmeni\u0165 a my sa o to radi pri\u010din\u00edme. Rob\u00edme to tak, \u017ee sme \u010do najtransparentnej\u0161\u00ed a poskytujeme dobr\u00e9 inform\u00e1cie o na\u0161ich produktoch. Tu sa to za\u010d\u00edna. Radi by sme z psychedelick\u00fdch l\u00e1tok urobili op\u00e4\u0165 nie\u010do kr\u00e1sne namiesto nie\u010doho stra\u0161ideln\u00e9ho alebo zl\u00e9ho.<\/p><h2>Headshop &amp; Tatanka<\/h2><p>S t\u00fdmto cie\u013eom sme spojili sily s niektor\u00fdmi renomovan\u00fdmi subjektmi v oblasti inteligentn\u00fdch produktov. Spolupracujeme napr\u00edklad so <a href=\"https:\/\/www.headshop.nl\/\" target=\"_blank\" rel=\"noopener\">Obchod s hlavami<\/a> &amp; <a href=\"https:\/\/www.tatanka.nl\/\" target=\"_blank\" rel=\"noopener\">Tatanka<\/a>. Tieto obchody patria medzi najstar\u0161ie inteligentn\u00e9 obchody a obchody s hlavami v Holandsku. Tak\u017ee z h\u013eadiska znalost\u00ed a sk\u00fasenost\u00ed niet lep\u0161\u00edch partnerov, na ktor\u00fdch by ste mohli pom\u00fd\u0161\u013ea\u0165.<\/p><h2>Smartific<\/h2><p>Spolupracujeme aj s \u00fa\u017easn\u00fdm medzin\u00e1rodn\u00fdm online obchodom Smartific. <a href=\"https:\/\/smartific.nl\/\" target=\"_blank\" rel=\"noopener\">Smartific.co.uk<\/a> a <a href=\"https:\/\/smartific.com\/\" target=\"_blank\" rel=\"noopener\">Smartfic.com<\/a> m\u00e1 ve\u013ek\u00fd sortiment online, ale je zn\u00e1ma aj v\u010faka svojej smartwiki. Na tejto smartwiki sa del\u00ed o v\u0161etky vedomosti, sk\u00fasenosti a v\u00fdskum v oblasti inteligentn\u00fdch v\u00fdrobkov. Aj toto s\u00fa vedomosti, ktor\u00e9 radi vyu\u017eijeme.<\/p><p>D\u00fafame, \u017ee touto spolupr\u00e1cou prispejeme k v\u00e4\u010d\u0161ej transparentnosti trhu.<\/p><h2 data-pm-slice=\"1 1 []\">McSmart ve\u013ekoobchodn\u00edk pre smartshopy<\/h2><p>My v Paddo.shop sme hrd\u00ed na na\u0161e partnerstvo s <a href=\"https:\/\/www.mcsmart.com\/\" target=\"_blank\" rel=\"noopener\">McSmart<\/a>, popredn\u00fd ve\u013ekoobchodn\u00edk pre smartshopy. Toto partnerstvo n\u00e1m umo\u017e\u0148uje pon\u00faka\u0165 na\u0161im z\u00e1kazn\u00edkom \u0161irok\u00fd sortiment vysokokvalitn\u00fdch v\u00fdrobkov vr\u00e1tane nami pred\u00e1van\u00e9ho modelu Growkits. Spolo\u010dnos\u0165 McSmart je zn\u00e1ma svojou spo\u013eahlivos\u0165ou, inov\u00e1ciami a vynikaj\u00facou kvalitou v\u00fdrobkov, \u010do dokonale zapad\u00e1 do n\u00e1\u0161ho poslania poskytova\u0165 najlep\u0161ie v\u00fdrobky na trhu. \u010ci u\u017e ste nov\u00fd pestovate\u013e alebo sk\u00fasen\u00fd pou\u017e\u00edvate\u013e, v\u00fdrobky McSmart v\u00e1m zabezpe\u010dia tie najlep\u0161ie mo\u017en\u00e9 sk\u00fasenosti. Nav\u0161t\u00edvte n\u00e1\u0161 obchod a objavte sortiment v\u00fdrobkov McSmart.<\/p>\t\t\t\t\t\t\t\t<\/div>\n\t\t\t\t<\/div>\n\t\t\t\t\t<\/div>\n\t\t<\/div>\n\t\t\t\t\t<\/div>\n\t\t<\/section>\n\t\t\t\t<\/div>","protected":false},"excerpt":{"rendered":"<p>Del\u00edme sa o svoje poznatky Nane\u0161\u0165astie, okolo magick\u00fdch h\u013euzoviek a psychedel\u00edk v\u0161eobecne st\u00e1le panuje obrovsk\u00e9 tabu. Z n\u00e1\u0161ho poh\u013eadu ve\u013emi neopodstatnen\u00e9. Ke\u010f sa psychedelik\u00e1...<\/p>","protected":false},"author":2,"featured_media":0,"parent":0,"menu_order":0,"comment_status":"closed","ping_status":"closed","template":"","meta":{"_acf_changed":false,"footnotes":""},"class_list":["post-5894","page","type-page","status-publish","hentry"],"acf":[],"_links":{"self":[{"href":"https:\/\/www.paddo.shop\/sk\/wp-json\/wp\/v2\/pages\/5894","targetHints":{"allow":["GET"]}}],"collection":[{"href":"https:\/\/www.paddo.shop\/sk\/wp-json\/wp\/v2\/pages"}],"about":[{"href":"https:\/\/www.paddo.shop\/sk\/wp-json\/wp\/v2\/types\/page"}],"author":[{"embeddable":true,"href":"https:\/\/www.paddo.shop\/sk\/wp-json\/wp\/v2\/users\/2"}],"replies":[{"embeddable":true,"href":"https:\/\/www.paddo.shop\/sk\/wp-json\/wp\/v2\/comments?post=5894"}],"version-history":[{"count":0,"href":"https:\/\/www.paddo.shop\/sk\/wp-json\/wp\/v2\/pages\/5894\/revisions"}],"wp:attachment":[{"href":"https:\/\/www.paddo.shop\/sk\/wp-json\/wp\/v2\/media?parent=5894"}],"curies":[{"name":"wp","href":"https:\/\/api.w.org\/{rel}","templated":true}]}}