{"id":5661,"date":"2022-07-27T10:09:33","date_gmt":"2022-07-27T08:09:33","guid":{"rendered":"https:\/\/www.paddo.shop\/?page_id=5661"},"modified":"2024-10-15T09:02:58","modified_gmt":"2024-10-15T07:02:58","slug":"paddo-growkit-kweekverslag","status":"publish","type":"page","link":"https:\/\/www.paddo.shop\/sk\/paddo-growkit-kweekverslag\/","title":{"rendered":"Spr\u00e1va o pestovan\u00ed huby Growkit"},"content":{"rendered":"<div data-elementor-type=\"wp-page\" data-elementor-id=\"5661\" class=\"elementor elementor-5661\" data-elementor-post-type=\"page\">\n\t\t\t\t\t\t<section class=\"elementor-section elementor-top-section elementor-element elementor-element-6da08d04 elementor-section-boxed elementor-section-height-default elementor-section-height-default\" data-id=\"6da08d04\" data-element_type=\"section\" data-e-type=\"section\">\n\t\t\t\t\t\t<div class=\"elementor-container elementor-column-gap-default\">\n\t\t\t\t\t<div class=\"elementor-column elementor-col-100 elementor-top-column elementor-element elementor-element-76f56ffd\" data-id=\"76f56ffd\" data-element_type=\"column\" data-e-type=\"column\">\n\t\t\t<div class=\"elementor-widget-wrap elementor-element-populated\">\n\t\t\t\t\t\t<div class=\"elementor-element elementor-element-24e06a2 elementor-widget elementor-widget-text-editor\" data-id=\"24e06a2\" data-element_type=\"widget\" data-e-type=\"widget\" data-widget_type=\"text-editor.default\">\n\t\t\t\t<div class=\"elementor-widget-container\">\n\t\t\t\t\t\t\t\t\t<h2>Pestovanie magickej s\u00fapravy na pestovanie h\u00fab<\/h2>\n<p>Ko\u013eko stoj\u00ed <a href=\"\/sk\/growkits\/\">sada na pestovanie h\u00fab<\/a> \u010do vlastne robia? T\u00fato ot\u00e1zku dost\u00e1vame ka\u017ed\u00fd t\u00fd\u017ede\u0148, a preto sme pripravili nieko\u013eko testovac\u00edch s\u00faprav na pestovanie. T\u00fdmto sp\u00f4sobom sme urobili odhad toho, \u010do m\u00f4\u017eete od svojej s\u00fapravy na pestovanie h\u00fab o\u010dak\u00e1va\u0165. Majte na pam\u00e4ti, \u017ee v\u00fdnos m\u00f4\u017eu ovplyvni\u0165 r\u00f4zne faktory. Vplyv m\u00f4\u017ee ma\u0165 pr\u00edli\u0161 n\u00edzka teplota alebo zmena teploty, ale aj kvalita vody, ktor\u00fa pou\u017e\u00edvate, pozornos\u0165, ktor\u00fa venujete s\u00faprave na pestovanie h\u00fab, a \u010dist\u00e9 alebo \u0161pinav\u00e9 pracovn\u00e9 prostredie. Pozrite si tie\u017e n\u00e1\u0161 <a href=\"https:\/\/www.paddo.shop\/sk\/growkit-instructies\/\">n\u00e1vody a tipy na pestovate\u013esk\u00fa s\u00fapravu<\/a>Takto budete pripraven\u00ed za\u010da\u0165 pestova\u0165 svoju sadu na pestovanie h\u00fab.<\/p>\n<h2>Spr\u00e1va o pestovan\u00ed h\u00fab<\/h2>\n<p>Ni\u017e\u0161ie n\u00e1jdete podrobn\u00e9 inform\u00e1cie o jednotliv\u00fdch krokoch, ktor\u00fdmi sme pre\u0161li po\u010das na\u0161ej spr\u00e1vy o pestovan\u00ed h\u00fab. Nem\u00f4\u017eete sa do\u010dka\u0165? Potom si m\u00f4\u017eete hne\u010f pozrie\u0165 ni\u017e\u0161ie uveden\u00fd s\u00fahrn. Pre na\u0161u spr\u00e1vu o pestovan\u00ed sme pou\u017eili <a href=\"https:\/\/www.paddo.shop\/sk\/golden-teacher-paddo-growkit\/\">Golden Teacher huby<\/a> vybran\u00e9. Tieto druhy patria v s\u00fa\u010dasnosti medzi najob\u013e\u00fabenej\u0161ie magick\u00e9 huby.<\/p>\t\t\t\t\t\t\t\t<\/div>\n\t\t\t\t<\/div>\n\t\t\t\t<div class=\"elementor-element elementor-element-33130382 elementor-widget elementor-widget-text-editor\" data-id=\"33130382\" data-element_type=\"widget\" data-e-type=\"widget\" data-widget_type=\"text-editor.default\">\n\t\t\t\t<div class=\"elementor-widget-container\">\n\t\t\t\t\t\t\t\t\t<p><\/p>\n<h2 class=\"wp-block-heading\"><strong style=\"font-size: calc(var(--h3-size-proportion) * 1rem); background-color: var(--et_container-bg-color, transparent);\">S\u00faprava na pestovanie h\u00fab zhrnutie spr\u00e1vy o pestovan\u00ed<\/strong><\/h2>\n<p><\/p>\n<p><\/p>\t\t\t\t\t\t\t\t<\/div>\n\t\t\t\t<\/div>\n\t\t\t\t<section class=\"elementor-section elementor-inner-section elementor-element elementor-element-360ac11 elementor-hidden-mobile elementor-hidden-tablet elementor-section-boxed elementor-section-height-default elementor-section-height-default\" data-id=\"360ac11\" data-element_type=\"section\" data-e-type=\"section\">\n\t\t\t\t\t\t<div class=\"elementor-container elementor-column-gap-default\">\n\t\t\t\t\t<div class=\"elementor-column elementor-col-33 elementor-inner-column elementor-element elementor-element-052c331\" data-id=\"052c331\" data-element_type=\"column\" data-e-type=\"column\" data-settings=\"{&quot;background_background&quot;:&quot;classic&quot;}\">\n\t\t\t<div class=\"elementor-widget-wrap elementor-element-populated\">\n\t\t\t\t\t\t<div class=\"elementor-element elementor-element-568c429 elementor-widget elementor-widget-text-editor\" data-id=\"568c429\" data-element_type=\"widget\" data-e-type=\"widget\" data-widget_type=\"text-editor.default\">\n\t\t\t\t<div class=\"elementor-widget-container\">\n\t\t\t\t\t\t\t\t\t<h2><b>250 cm3 (mal\u00e9)<\/b><\/h2>\n<p><b>Po\u010det dn\u00ed<\/b><span style=\"font-weight: 400;\">:<br \/><\/span><span style=\"font-weight: 400;\">35 dn\u00ed<\/span><\/p>\n<p><b>Celkov\u00e9 pr\u00edjmy<\/b><span style=\"font-weight: 400;\">:<br \/><\/span><span style=\"font-weight: 400;\">311 gramov<\/span><\/p>\n<p><b>Po\u010det spl\u00e1chnut\u00ed:<br \/><\/b>3 spl\u00e1chnutia<\/p>\t\t\t\t\t\t\t\t<\/div>\n\t\t\t\t<\/div>\n\t\t\t\t<div class=\"elementor-element elementor-element-eef2905 elementor-widget elementor-widget-text-editor\" data-id=\"eef2905\" data-element_type=\"widget\" data-e-type=\"widget\" data-widget_type=\"text-editor.default\">\n\t\t\t\t<div class=\"elementor-widget-container\">\n\t\t\t\t\t\t\t\t\t<p><b style=\"color: inherit; font-family: inherit; font-size: inherit; background-color: var(--et_container-bg-color, transparent);\">Prv\u00e9 spl\u00e1chnutie:<br \/><\/b><span style=\"font-weight: 400;\">Trvanie: 0 - 21 dn\u00ed<br \/><\/span><span style=\"font-weight: 400;\">V\u00fd\u0165a\u017eok: 165 gramov<\/span><\/p>\n<p><b>Druh\u00e9 spl\u00e1chnutie:<br \/><\/b><span style=\"font-weight: 400;\">De\u0148 21 - 30<br \/><\/span><span style=\"font-weight: 400;\">V\u00fd\u0165a\u017eok: 130 gramov<\/span><\/p>\n<p><b>Tretie spl\u00e1chnutie:<br \/><\/b><span style=\"font-weight: 400;\">De\u0148 30 - 35<br \/><\/span><span style=\"font-weight: 400;\">V\u00fd\u0165a\u017eok: 16 gramov<\/span><\/p>\n<p><b>\u0160tvrt\u00e9 spl\u00e1chnutie:<br \/><\/b><span style=\"font-weight: 400;\">35. de\u0148<br \/><\/span><span style=\"font-weight: 400;\">V\u00fdnos: Nie<\/span><\/p>\t\t\t\t\t\t\t\t<\/div>\n\t\t\t\t<\/div>\n\t\t\t\t\t<\/div>\n\t\t<\/div>\n\t\t\t\t<div class=\"elementor-column elementor-col-33 elementor-inner-column elementor-element elementor-element-379e4e8\" data-id=\"379e4e8\" data-element_type=\"column\" data-e-type=\"column\" data-settings=\"{&quot;background_background&quot;:&quot;classic&quot;}\">\n\t\t\t<div class=\"elementor-widget-wrap elementor-element-populated\">\n\t\t\t\t\t\t<div class=\"elementor-element elementor-element-f31f0af elementor-widget elementor-widget-text-editor\" data-id=\"f31f0af\" data-element_type=\"widget\" data-e-type=\"widget\" data-widget_type=\"text-editor.default\">\n\t\t\t\t<div class=\"elementor-widget-container\">\n\t\t\t\t\t\t\t\t\t<h2><b>1200 cm3 (stredn\u00fd)<\/b><\/h2>\n<p><b>Po\u010det dn\u00ed<\/b><span style=\"font-weight: 400;\">:<br \/><\/span><span style=\"font-weight: 400;\">35 dn\u00ed<\/span><\/p>\n<p><b>Celkov\u00e9 pr\u00edjmy<\/b><span style=\"font-weight: 400;\">:<br \/><\/span><span style=\"font-weight: 400;\">865 gramov<\/span><\/p>\n<p><b>Po\u010det spl\u00e1chnut\u00ed:<br \/><\/b><span style=\"font-weight: 400;\">3 spl\u00e1chnutia<\/span><\/p>\t\t\t\t\t\t\t\t<\/div>\n\t\t\t\t<\/div>\n\t\t\t\t<div class=\"elementor-element elementor-element-c4a8c93 elementor-widget elementor-widget-text-editor\" data-id=\"c4a8c93\" data-element_type=\"widget\" data-e-type=\"widget\" data-widget_type=\"text-editor.default\">\n\t\t\t\t<div class=\"elementor-widget-container\">\n\t\t\t\t\t\t\t\t\t<p><span style=\"color: inherit; font-family: inherit; font-size: inherit; background-color: var(--et_container-bg-color, transparent);\"><b>Prv\u00e9 spl\u00e1chnutie:<br \/><\/b><\/span><span style=\"color: inherit; font-family: inherit; font-size: inherit;\">Trvanie: 0 - 21 dn\u00ed<br \/><\/span><span style=\"color: inherit; font-family: inherit; font-size: inherit;\">V\u00fd\u0165a\u017eok: 433 gramov<\/span><\/p>\n<p><b>Druh\u00e9 spl\u00e1chnutie:<br \/><\/b><span style=\"font-weight: 400;\">De\u0148 21 - 30<br \/><\/span><span style=\"font-weight: 400;\">V\u00fd\u0165a\u017eok: 390 gramov<\/span><\/p>\n<p><b>Tretie spl\u00e1chnutie:<br \/><\/b><span style=\"font-weight: 400;\">De\u0148 30 - 35<br \/><\/span><span style=\"font-weight: 400;\">V\u00fd\u0165a\u017eok: 42 gramov<\/span><\/p>\n<p><b>\u0160tvrt\u00e9 spl\u00e1chnutie:<br \/><\/b><span style=\"font-weight: 400;\">35. de\u0148<br \/><\/span><span style=\"color: inherit; font-family: inherit; font-size: inherit; background-color: var(--et_container-bg-color, transparent);\">V\u00fdnos: Nie<\/span><\/p>\t\t\t\t\t\t\t\t<\/div>\n\t\t\t\t<\/div>\n\t\t\t\t\t<\/div>\n\t\t<\/div>\n\t\t\t\t<div class=\"elementor-column elementor-col-33 elementor-inner-column elementor-element elementor-element-7252acd\" data-id=\"7252acd\" data-element_type=\"column\" data-e-type=\"column\" data-settings=\"{&quot;background_background&quot;:&quot;classic&quot;}\">\n\t\t\t<div class=\"elementor-widget-wrap elementor-element-populated\">\n\t\t\t\t\t\t<div class=\"elementor-element elementor-element-be025e4 elementor-widget elementor-widget-text-editor\" data-id=\"be025e4\" data-element_type=\"widget\" data-e-type=\"widget\" data-widget_type=\"text-editor.default\">\n\t\t\t\t<div class=\"elementor-widget-container\">\n\t\t\t\t\t\t\t\t\t<h2><b>2100 cm3 (ve\u013ek\u00fd)<\/b><\/h2>\n<p><b>Po\u010det dn\u00ed<\/b><span style=\"font-weight: 400;\">:<br \/><\/span><span style=\"font-weight: 400;\">35 dn\u00ed<\/span><\/p>\n<p><b>Celkov\u00e9 pr\u00edjmy<\/b><span style=\"font-weight: 400;\">:<br \/><\/span><span style=\"font-weight: 400;\">1633 gramov<\/span><\/p>\n<p><b>Po\u010det spl\u00e1chnut\u00ed:<br \/><\/b><span style=\"font-weight: 400;\">3 spl\u00e1chnutia<\/span><\/p>\t\t\t\t\t\t\t\t<\/div>\n\t\t\t\t<\/div>\n\t\t\t\t<div class=\"elementor-element elementor-element-0f5af87 elementor-widget elementor-widget-text-editor\" data-id=\"0f5af87\" data-element_type=\"widget\" data-e-type=\"widget\" data-widget_type=\"text-editor.default\">\n\t\t\t\t<div class=\"elementor-widget-container\">\n\t\t\t\t\t\t\t\t\t<p><span style=\"color: inherit; font-family: inherit; font-size: inherit; background-color: var(--et_container-bg-color, transparent);\"><b>Prv\u00e9 spl\u00e1chnutie:<br \/><\/b><\/span><span style=\"color: inherit; font-family: inherit; font-size: inherit; background-color: var(--et_container-bg-color, transparent);\">Trvanie: 0 - 21 dn\u00ed<br \/><\/span><span style=\"color: inherit; font-family: inherit; font-size: inherit; background-color: var(--et_container-bg-color, transparent);\">V\u00fd\u0165a\u017eok: 809 gramov<\/span><\/p>\n<p><b>Druh\u00e9 spl\u00e1chnutie:<br \/><\/b><span style=\"font-weight: 400;\">De\u0148 21 - 30<br \/><\/span><span style=\"font-weight: 400;\">V\u00fd\u0165a\u017eok: 743 gramov<\/span><\/p>\n<p><b>Tretie spl\u00e1chnutie:<br \/><\/b><span style=\"font-weight: 400;\">De\u0148 30 - 35<br \/><\/span><span style=\"font-weight: 400;\">V\u00fd\u0165a\u017eok: 81 gramov<\/span><\/p>\n<p><b>\u0160tvrt\u00e9 spl\u00e1chnutie:<br \/><\/b><span style=\"font-weight: 400;\">35. de\u0148<br \/><\/span><span style=\"font-weight: 400;\">V\u00fdnos: Nie<\/span><\/p>\t\t\t\t\t\t\t\t<\/div>\n\t\t\t\t<\/div>\n\t\t\t\t\t<\/div>\n\t\t<\/div>\n\t\t\t\t\t<\/div>\n\t\t<\/section>\n\t\t\t\t<section class=\"elementor-section elementor-inner-section elementor-element elementor-element-d9fb96f elementor-hidden-desktop elementor-section-boxed elementor-section-height-default elementor-section-height-default\" data-id=\"d9fb96f\" data-element_type=\"section\" data-e-type=\"section\">\n\t\t\t\t\t\t<div class=\"elementor-container elementor-column-gap-default\">\n\t\t\t\t\t<div class=\"elementor-column elementor-col-100 elementor-inner-column elementor-element elementor-element-6c7ae39 elementor-hidden-desktop\" data-id=\"6c7ae39\" data-element_type=\"column\" data-e-type=\"column\" data-settings=\"{&quot;background_background&quot;:&quot;classic&quot;}\">\n\t\t\t<div class=\"elementor-widget-wrap elementor-element-populated\">\n\t\t\t\t\t\t<div class=\"elementor-element elementor-element-18f8916 elementor-widget elementor-widget-et-general-tabs\" data-id=\"18f8916\" data-element_type=\"widget\" data-e-type=\"widget\" data-widget_type=\"et-general-tabs.default\">\n\t\t\t\t<div class=\"elementor-widget-container\">\n\t\t\t\t\t        <div id=\"et-advance-tabs-18f8916\" class=\"et-advance-tabs et-tabs-horizontal  horizontal-style-3 responsive-vertical-layout\" data-tabid=\"18f8916\">\n            <div class=\"et-tabs-nav\">\n                <ul >\n\t\t\t\t\t                        <li class=\"inactive et-tab-nav\"\n                            >\n                            \t\t\t\t\t\t\t\t                        \t\t\t\t\t\t\t\t\t\t\t\t\t\t                                <span class=\"et-tab-title\">\n    \t\t\t\t\t\t\t\t250 cm3    \t\t\t\t\t\t\t<\/span>\n\t\t\t\t\t\t\t                        <\/li>\n\t\t\t\t\t                        <li class=\"active-default et-tab-nav\"\n                            >\n                            \t\t\t\t\t\t\t\t                        \t\t\t\t\t\t\t\t\t\t\t\t\t\t                                <span class=\"et-tab-title\">\n    \t\t\t\t\t\t\t\t1200 cm3    \t\t\t\t\t\t\t<\/span>\n\t\t\t\t\t\t\t                        <\/li>\n\t\t\t\t\t                        <li class=\"inactive et-tab-nav\"\n                            >\n                            \t\t\t\t\t\t\t\t                        \t\t\t\t\t\t\t\t\t\t\t\t\t\t                                <span class=\"et-tab-title\">\n    \t\t\t\t\t\t\t\t2100 c    \t\t\t\t\t\t\t<\/span>\n\t\t\t\t\t\t\t                        <\/li>\n\t\t\t\t\t                <\/ul>\n                            <\/div>\n            <div class=\"et-tabs-content\">\n\t\t\t\t                    <div class=\"clearfix inactive\">\n\t\t\t\t\t\t<h2><b>250 cm3 (mal\u00e9)<\/b><\/h2>\n<p><b>Po\u010det dn\u00ed<\/b><span style=\"font-weight: 400;\">:<br \/><\/span><span style=\"font-weight: 400;\">35 dn\u00ed<\/span><\/p>\n<p><b>Celkov\u00e9 pr\u00edjmy<\/b><span style=\"font-weight: 400;\">:<br \/><\/span><span style=\"font-weight: 400;\">311 gramov<\/span><\/p>\n<p><b>Po\u010det spl\u00e1chnut\u00ed:<br \/><\/b>3 spl\u00e1chnutia<\/p>\n<hr \/>\n<p><b><br \/>Prv\u00e9 spl\u00e1chnutie:<br \/><\/b><span style=\"font-weight: 400;\">Trvanie: 0 - 21 dn\u00ed<br \/><\/span><span style=\"font-weight: 400;\">V\u00fd\u0165a\u017eok: 165 gramov<\/span><\/p>\n<p><b>Druh\u00e9 spl\u00e1chnutie:<br \/><\/b><span style=\"font-weight: 400;\">De\u0148 21 - 30<br \/><\/span><span style=\"font-weight: 400;\">V\u00fd\u0165a\u017eok: 130 gramov<\/span><\/p>\n<p><b>Tretie spl\u00e1chnutie:<br \/><\/b><span style=\"font-weight: 400;\">De\u0148 30 - 35<br \/><\/span><span style=\"font-weight: 400;\">V\u00fd\u0165a\u017eok: 16 gramov<\/span><\/p>\n<p><b>\u0160tvrt\u00e9 spl\u00e1chnutie:<br \/><\/b><span style=\"font-weight: 400;\">35. de\u0148<br \/><\/span><span style=\"font-weight: 400;\">V\u00fdnos: Nie<\/span><\/p>                    <\/div>\n\t\t\t\t                    <div class=\"clearfix active-default\">\n\t\t\t\t\t\t<h2><b>1200 cm3 (stredn\u00fd)<\/b><\/h2>\n<p><b>Po\u010det dn\u00ed<\/b><span style=\"font-weight: 400;\">:<br \/><\/span><span style=\"font-weight: 400;\">35 dn\u00ed<\/span><\/p>\n<p><b>Celkov\u00e9 pr\u00edjmy<\/b><span style=\"font-weight: 400;\">:<br \/><\/span><span style=\"font-weight: 400;\">865 gramov<\/span><\/p>\n<p><b>Po\u010det spl\u00e1chnut\u00ed:<br \/><\/b><span style=\"font-weight: 400;\">3 spl\u00e1chnutia<\/span><\/p>\n<hr \/>\n<p><b><br \/>Prv\u00e9 spl\u00e1chnutie:<br \/><\/b><span style=\"font-weight: 400;\">Trvanie: 0 - 21 dn\u00ed<br \/><\/span><span style=\"font-weight: 400;\">V\u00fd\u0165a\u017eok: 433 gramov<\/span><\/p>\n<p><b>Druh\u00e9 spl\u00e1chnutie:<br \/><\/b><span style=\"font-weight: 400;\">De\u0148 21 - 30<br \/><\/span><span style=\"font-weight: 400;\">V\u00fd\u0165a\u017eok: 390 gramov<\/span><\/p>\n<p><b>Tretie spl\u00e1chnutie:<br \/><\/b><span style=\"font-weight: 400;\">De\u0148 30 - 35<br \/><\/span><span style=\"font-weight: 400;\">V\u00fd\u0165a\u017eok: 42 gramov<\/span><\/p>\n<p><b>\u0160tvrt\u00e9 spl\u00e1chnutie:<br \/><\/b><span style=\"font-weight: 400;\">35. de\u0148<br \/><\/span><span style=\"color: inherit; font-family: inherit; font-size: inherit; background-color: var(--et_container-bg-color, transparent);\">V\u00fdnos: Nie<\/span><\/p>                    <\/div>\n\t\t\t\t                    <div class=\"clearfix inactive\">\n\t\t\t\t\t\t<h2><b>2100 cm3 (ve\u013ek\u00fd)<\/b><\/h2>\n<p><b>Po\u010det dn\u00ed<\/b><span style=\"font-weight: 400;\">:<br \/><\/span><span style=\"font-weight: 400;\">35 dn\u00ed<\/span><\/p>\n<p><b>Celkov\u00e9 pr\u00edjmy<\/b><span style=\"font-weight: 400;\">:<br \/><\/span><span style=\"font-weight: 400;\">1633 gramov<\/span><\/p>\n<p><b>Po\u010det spl\u00e1chnut\u00ed:<br \/><\/b><span style=\"font-weight: 400;\">3 spl\u00e1chnutia<\/span><\/p>\n<hr \/>\n<p><b><br \/>Prv\u00e9 spl\u00e1chnutie:<br \/><\/b><span style=\"font-weight: 400;\">Trvanie: 0 - 21 dn\u00ed<br \/><\/span><span style=\"font-weight: 400;\">V\u00fd\u0165a\u017eok: 809 gramov<\/span><\/p>\n<p><b>Druh\u00e9 spl\u00e1chnutie:<br \/><\/b><span style=\"font-weight: 400;\">De\u0148 21 - 30<br \/><\/span><span style=\"font-weight: 400;\">V\u00fd\u0165a\u017eok: 743 gramov<\/span><\/p>\n<p><b>Tretie spl\u00e1chnutie:<br \/><\/b><span style=\"font-weight: 400;\">De\u0148 30 - 35<br \/><\/span><span style=\"font-weight: 400;\">V\u00fd\u0165a\u017eok: 81 gramov<\/span><\/p>\n<p><b>\u0160tvrt\u00e9 spl\u00e1chnutie:<br \/><\/b><span style=\"font-weight: 400;\">35. de\u0148<br \/><\/span><span style=\"font-weight: 400;\">V\u00fdnos: Nie<\/span><\/p>                    <\/div>\n\t\t\t\t            <\/div>\n        <\/div>\n\t\t\t\t\t\t<\/div>\n\t\t\t\t<\/div>\n\t\t\t\t\t<\/div>\n\t\t<\/div>\n\t\t\t\t\t<\/div>\n\t\t<\/section>\n\t\t\t\t<div class=\"elementor-element elementor-element-a5c01b6 elementor-widget elementor-widget-text-editor\" data-id=\"a5c01b6\" data-element_type=\"widget\" data-e-type=\"widget\" data-widget_type=\"text-editor.default\">\n\t\t\t\t<div class=\"elementor-widget-container\">\n\t\t\t\t\t\t\t\t\t<h3><strong style=\"font-size: calc(var(--h3-size-proportion) * 1rem); background-color: var(--et_container-bg-color, transparent);\">De\u0148 0 - 21:\u00a0<\/strong><strong>Prv\u00e9 spl\u00e1chnutie s\u00fapravy na pestovanie h\u00fab<\/strong><\/h3>\n<p>V\u0161etky s\u00fapravy na pestovanie h\u00fab s objemom 250 cm3, 1200 cm3 a 2100 cm3 boli umiestnen\u00e9 v miestnosti so stabilnou teplotou pribli\u017ene 24 stup\u0148ov. Napriek tomu, \u017ee sme museli ma\u0165 vrece uzavret\u00e9, denne sme ho otv\u00e1rali a pestovate\u013esk\u00e9 s\u00fapravy sme z\u013eahka postrekovali postrekova\u010dom na rastliny. Vodu, ktor\u00fa sme pou\u017e\u00edvali, sme vopred prevarili, aby sme predi\u0161li infekci\u00e1m. Aj po\u010das rastu h\u00fab sme denne otv\u00e1rali vrecko a postrekovali growkit. Prv\u00e9 mal\u00e9 huby sa objavili pribli\u017ene po 2 t\u00fd\u017ed\u0148och. Celkovo trvalo 3 t\u00fd\u017edne (21 dn\u00ed), k\u00fdm sa z growkitov dala nazbiera\u0165 prv\u00e1 v\u00e1rka. V\u00fdnosy n\u00e1jdete ni\u017e\u0161ie.<\/p>\n<div>\n<div>\n<ul>\n<li>250 cm3 = 165 gramov<\/li>\n<li>1200 cm3 = 433 gramov<\/li>\n<li>2100 cm3 = 809 gramov<\/li>\n<\/ul>\n<\/div>\n<\/div>\n<h3><strong style=\"font-size: calc(var(--h3-size-proportion) * 1rem); background-color: var(--et_container-bg-color, transparent);\">21. - 30. de\u0148:\u00a0<\/strong><strong>Druh\u00e1 s\u00faprava na pestovanie h\u00fab flush<\/strong><\/h3>\n<p>Prirodzene sme sa pustili do druh\u00e9ho spl\u00e1chnutia. Po starostlivom zozbieran\u00ed v\u0161etk\u00fdch h\u00fab sme mali \u010fal\u0161\u00ed \"\u010dist\u00fd growkit\". Potom sme zopakovali kroky 4 a\u017e 7. Samozrejme, op\u00e4\u0165 sme pracovali s prevarenou vodou a v \u010distom prostred\u00ed. Aj tentoraz sme growkit denne z\u013eahka postrekovali. Tentoraz trvalo prepl\u00e1chnutie pribli\u017ene 1 t\u00fd\u017ede\u0148 (9 dn\u00ed). V\u00fdnos bol v\u0161ak o nie\u010do ni\u017e\u0161\u00ed. Ni\u017e\u0161ie s\u00fa uveden\u00e9 v\u00fdsledky.<\/p>\n<div>\n<div>\n<ul>\n<li>250 cm3 = 130 gramov<\/li>\n<li>1200 cm3 = 390 gramov<\/li>\n<li>2100 cm3 = 743 gramov<\/li>\n<\/ul>\n<\/div>\n<\/div>\n<h3><strong style=\"font-size: calc(var(--h3-size-proportion) * 1rem); background-color: var(--et_container-bg-color, transparent);\">De\u0148 30 - 35:\u00a0<\/strong><strong>Tretia s\u00faprava na pestovanie h\u00fab flush<\/strong><\/h3>\n<p>Bude toho e\u0161te viac? Mysleli sme si to! Op\u00e4\u0165 sme zopakovali kroky 4 a\u017e 7. Napriek tomu, \u017ee sme boli opatrn\u00ed, vid\u00edme, \u017ee growkit m\u00e1 probl\u00e9my. Vyberanie prvej a druhej d\u00e1vky sp\u00f4sobilo, \u017ee growkit na niektor\u00fdch miestach vyzer\u00e1 ako hol\u00fd. Napriek hol\u00e9mu growkitu trvalo len 5 dn\u00ed, k\u00fdm sme z neho nazbierali \u010fal\u0161iu mal\u00fa d\u00e1vku \u010derstv\u00fdch h\u00fab. Ni\u017e\u0161ie s\u00fa uveden\u00e9 v\u00fdnosy.<\/p>\n<ul>\n<li>250 cm3 = 16 gramov<\/li>\n<li>1200 cm3 = 42 gramov<\/li>\n<li>2100 cm3 = 81 gramov<\/li>\n<\/ul>\n<h3><strong style=\"font-size: calc(var(--h3-size-proportion) * 1rem); background-color: var(--et_container-bg-color, transparent);\">35. de\u0148:\u00a0<\/strong><strong>\u0160tvrt\u00e1 s\u00faprava na pestovanie h\u00fab flush<\/strong><\/h3>\n<p>\u017dia\u013e, \u0161tvrt\u00fd v\u00fdhonok zo s\u00faprav na pestovanie h\u00fab sa n\u00e1m u\u017e nepodarilo z\u00edska\u0165. Teoreticky by to malo by\u0165 mo\u017en\u00e9 za vynikaj\u00facich podmienok. Na na\u0161u ve\u013ek\u00fa smolu sme neplodn\u00e9 pestovate\u013esk\u00e9 s\u00fapravy vyhodili. Teraz je \u010das zisti\u0165, ko\u013eko n\u00e1m pestovate\u013esk\u00e9 s\u00fapravy na huby priniesli teraz. S v\u00fdsledkami sme ve\u013emi spokojn\u00ed. V\u00fdnosy n\u00e1jdete ni\u017e\u0161ie.<\/p>\n<ul>\n<li>250 cm3 = 311 gramov<\/li>\n<li>1200 cm3 = 865 gramov<\/li>\n<li>2100 cm3 = 1633 gramov<\/li>\n<\/ul>\t\t\t\t\t\t\t\t<\/div>\n\t\t\t\t<\/div>\n\t\t\t\t<div class=\"elementor-element elementor-element-c8212d8 elementor-widget elementor-widget-text-editor\" data-id=\"c8212d8\" data-element_type=\"widget\" data-e-type=\"widget\" data-widget_type=\"text-editor.default\">\n\t\t\t\t<div class=\"elementor-widget-container\">\n\t\t\t\t\t\t\t\t\t<h2>Z\u00e1ver<\/h2>\n<div>Ako vid\u00edte, na jednu sadu m\u00f4\u017eete o\u010dak\u00e1va\u0165 ve\u013emi pekn\u00e9 mno\u017estvo h\u00fab. Na vy\u0161\u0161ie uveden\u00fd test sme teda pou\u017eili Golden Teacher, av\u0161ak podobn\u00e9 v\u00fdnosy mo\u017eno o\u010dak\u00e1va\u0165 aj od ostatn\u00fdch pestovate\u013esk\u00fdch s\u00faprav. Siln\u00e9 <a href=\"https:\/\/www.paddo.shop\/sk\/mazatapec-paddo-growkit\/\">Mazatapec<\/a> a <a href=\"https:\/\/www.paddo.shop\/sk\/mckennaii-paddo-growkit\/\">McKennaii<\/a> s\u00fa podobn\u00e9, napr\u00edklad. Podmienkou je, aby ste pozorne dodr\u017eiavali na\u0161e pokyny. Ak tak neurob\u00edte, \u00faroda m\u00f4\u017ee by\u0165 sklaman\u00edm alebo ne\u00faspechom.<\/div>\n<div>\u00a0<\/div>\n<div>Prajeme ve\u013ea \u0161\u0165astia pri pestovan\u00ed a te\u0161\u00edme sa na va\u0161u \u00farodu!<\/div>\t\t\t\t\t\t\t\t<\/div>\n\t\t\t\t<\/div>\n\t\t\t\t\t<\/div>\n\t\t<\/div>\n\t\t\t\t\t<\/div>\n\t\t<\/section>\n\t\t\t\t<\/div>","protected":false},"excerpt":{"rendered":"<p>Pestovanie s\u00fapravy na pestovanie h\u00fab Ko\u013eko skuto\u010dne prinesie s\u00faprava na pestovanie h\u00fab? T\u00fato ot\u00e1zku dost\u00e1vame ka\u017ed\u00fd t\u00fd\u017ede\u0148, a preto sme pre v\u00e1s pripravili nieko\u013eko...<\/p>","protected":false},"author":2,"featured_media":0,"parent":0,"menu_order":0,"comment_status":"closed","ping_status":"closed","template":"","meta":{"_acf_changed":false,"footnotes":""},"class_list":["post-5661","page","type-page","status-publish","hentry"],"acf":[],"_links":{"self":[{"href":"https:\/\/www.paddo.shop\/sk\/wp-json\/wp\/v2\/pages\/5661","targetHints":{"allow":["GET"]}}],"collection":[{"href":"https:\/\/www.paddo.shop\/sk\/wp-json\/wp\/v2\/pages"}],"about":[{"href":"https:\/\/www.paddo.shop\/sk\/wp-json\/wp\/v2\/types\/page"}],"author":[{"embeddable":true,"href":"https:\/\/www.paddo.shop\/sk\/wp-json\/wp\/v2\/users\/2"}],"replies":[{"embeddable":true,"href":"https:\/\/www.paddo.shop\/sk\/wp-json\/wp\/v2\/comments?post=5661"}],"version-history":[{"count":0,"href":"https:\/\/www.paddo.shop\/sk\/wp-json\/wp\/v2\/pages\/5661\/revisions"}],"wp:attachment":[{"href":"https:\/\/www.paddo.shop\/sk\/wp-json\/wp\/v2\/media?parent=5661"}],"curies":[{"name":"wp","href":"https:\/\/api.w.org\/{rel}","templated":true}]}}