{"id":26,"date":"2022-02-28T15:02:52","date_gmt":"2022-02-28T15:02:52","guid":{"rendered":"https:\/\/www.magictruffels.shop\/?page_id=26"},"modified":"2024-09-25T13:09:58","modified_gmt":"2024-09-25T11:09:58","slug":"verzending","status":"publish","type":"page","link":"https:\/\/www.paddo.shop\/sk\/verzending\/","title":{"rendered":"Preprava"},"content":{"rendered":"<div data-elementor-type=\"wp-page\" data-elementor-id=\"26\" class=\"elementor elementor-26\" data-elementor-post-type=\"page\">\n\t\t\t\t\t\t<section class=\"elementor-section elementor-top-section elementor-element elementor-element-757a2578 elementor-section-boxed elementor-section-height-default elementor-section-height-default\" data-id=\"757a2578\" data-element_type=\"section\" data-e-type=\"section\">\n\t\t\t\t\t\t<div class=\"elementor-container elementor-column-gap-default\">\n\t\t\t\t\t<div class=\"elementor-column elementor-col-100 elementor-top-column elementor-element elementor-element-6423ad67\" data-id=\"6423ad67\" data-element_type=\"column\" data-e-type=\"column\">\n\t\t\t<div class=\"elementor-widget-wrap elementor-element-populated\">\n\t\t\t\t\t\t<div class=\"elementor-element elementor-element-37d0e839 elementor-widget elementor-widget-text-editor\" data-id=\"37d0e839\" data-element_type=\"widget\" data-e-type=\"widget\" data-widget_type=\"text-editor.default\">\n\t\t\t\t<div class=\"elementor-widget-container\">\n\t\t\t\t\t\t\t\t\t<p><\/p>\n<h2><b>DISKR\u00c9TNA DOPRAVA<\/b><\/h2>\n<p><a href=\"https:\/\/www.paddo.shop\/sk\/\">Paddo.shop<\/a> v\u00e1\u017ei si va\u0161e s\u00fakromie, preto s\u00fa v\u0161etky va\u0161e n\u00e1kupy zabalen\u00e9 \u010do najnev\u00fdraznej\u0161ie. \u017diadne log\u00e1 ani n\u00e1znaky toho, \u010do je vo vn\u00fatri. O\u010dak\u00e1vajte, \u017ee v\u00e1\u0161 bal\u00edk pr\u00edde v oby\u010dajnej, pevnej kart\u00f3novej krabici, ktor\u00e1 je prelepen\u00e1 jednoduchou, ale pevnou baliacou p\u00e1skou. Ak je va\u0161a objedn\u00e1vka ve\u013emi mal\u00e1, po\u0161leme ju v diskr\u00e9tnej hnedej alebo bielej polstrovanej ob\u00e1lke.&nbsp;<\/p>\n<p>Jedin\u00e1 vec, ktor\u00e1 bude vidite\u013en\u00e1 na krabici\/ob\u00e1lke, je v\u00e1\u0161 prepravn\u00fd \u0161t\u00edtok (v z\u00e1vislosti od pou\u017eitej slu\u017eby).<\/p>\n<p>Takto si m\u00f4\u017eete by\u0165 ist\u00ed, \u017ee z bal\u00edka, ktor\u00fd dostanete, budete nad\u0161en\u00ed len vy, ostatn\u00ed uvidia nudn\u00fd bal\u00edk bez n\u00e1znaku, odkia\u013e poch\u00e1dza.<\/p>\n<h2>Dod\u00e1vate tovar do mojej krajiny?<\/h2>\n<p>Dod\u00e1vame do v\u00e4\u010d\u0161iny kraj\u00edn E\u00da. Tie n\u00e1jdete v tabu\u013eke ni\u017e\u0161ie. V\u0161etky na\u0161e z\u00e1sielky v E\u00da posielame prostredn\u00edctvom DHL, DPD alebo PostNL v z\u00e1vislosti od oblasti. Takto m\u00f4\u017eeme poskytn\u00fa\u0165 najlep\u0161ie mo\u017en\u00e9 slu\u017eby. V\u017edy dostanete k\u00f3d na sledovanie z\u00e1sielky, ktor\u00fd v\u00e1m umo\u017en\u00ed sledova\u0165 jej pohyb od dver\u00ed k dver\u00e1m.<\/p>\n<h2>Ak\u00e9 s\u00fa n\u00e1klady na dopravu?<\/h2>\n<table class=\"tblcal;\">\n<tbody>\n<tr style=\"background-color: #a9a9a9; color: white;\">\n<th class=\"tblcall\">Krajina<\/th>\n<th class=\"tblcalll\">N\u00e1klady na dopravu<\/th>\n<th class=\"tblcallll\">\u010cas dodania<\/th>\n<th class=\"tblcalllll\" style=\"text-align: left;\">Bezplatne od<\/th>\n<\/tr>\n<tr>\n<td>Holandsko<\/td>\n<td>\u20ac6,95<\/td>\n<td>1 - 2 dni<\/td>\n<td style=\"text-align: left;\">\u20ac25,-<\/td>\n<\/tr>\n<tr>\n<td>Belgicko<\/td>\n<td>\u20ac7,95<\/td>\n<td>1 - 2 dni<\/td>\n<td style=\"text-align: left;\">\u20ac50,-<\/td>\n<\/tr>\n<tr>\n<td>Bulharsko<\/td>\n<td>\u20ac22,95<\/td>\n<td>6 - 8 dn\u00ed<\/td>\n<td style=\"text-align: left;\">\u20ac125,-<\/td>\n<\/tr>\n<tr>\n<td>Nemecko<\/td>\n<td>\u20ac7,95<\/td>\n<td>1 - 3 dni<\/td>\n<td style=\"text-align: left;\">\u20ac125,-<\/td>\n<\/tr>\n<tr>\n<td>Est\u00f3nsko<\/td>\n<td>\u20ac17,95<\/td>\n<td>4 - 6 dn\u00ed<\/td>\n<td style=\"text-align: left;\">\u20ac125,-<\/td>\n<\/tr>\n<tr>\n<td>Franc\u00fazsko<\/td>\n<td>\u20ac12,95<\/td>\n<td>2 - 3 dni<\/td>\n<td style=\"text-align: left;\">\u20ac125,-<\/td>\n<\/tr>\n<tr>\n<td>Gr\u00e9cko<\/td>\n<td>\u20ac23,95<\/td>\n<td>6 - 8 dn\u00ed<\/td>\n<td style=\"text-align: left;\">\u20ac125,-<\/td>\n<\/tr>\n<tr>\n<td>\u00cdrsko<\/td>\n<td>\u20ac19,95<\/td>\n<td>3 - 4 dni<\/td>\n<td style=\"text-align: left;\">\u20ac125,-<\/td>\n<\/tr>\n<tr>\n<td>Taliansko<\/td>\n<td>\u20ac17,95<\/td>\n<td>2 - 4 dni<\/td>\n<td style=\"text-align: left;\">\u20ac125,-<\/td>\n<\/tr>\n<tr>\n<td>Chorv\u00e1tsko<\/td>\n<td>\u20ac18,95<\/td>\n<td>3 - 5 dn\u00ed<\/td>\n<td style=\"text-align: left;\">\u20ac125,-<\/td>\n<\/tr>\n<tr>\n<td>Loty\u0161sko<\/td>\n<td>\u20ac14,95<\/td>\n<td>3 - 5 dn\u00ed<\/td>\n<td style=\"text-align: left;\">\u20ac125,-<\/td>\n<\/tr>\n<tr>\n<td>Litva<\/td>\n<td>\u20ac21,95<\/td>\n<td>3 - 5 dn\u00ed<\/td>\n<td style=\"text-align: left;\">\u20ac125,-<\/td>\n<\/tr>\n<tr>\n<td>Luxembursko<\/td>\n<td>\u20ac11,95<\/td>\n<td>1 - 2 dni<\/td>\n<td style=\"text-align: left;\">\u20ac125,-<\/td>\n<\/tr>\n<tr>\n<td>Rak\u00fasko<\/td>\n<td>\u20ac11,95<\/td>\n<td>2 - 3 dni<\/td>\n<td style=\"text-align: left;\">\u20ac125,-<\/td>\n<\/tr>\n<tr>\n<td>Po\u013esko<\/td>\n<td>\u20ac15,95<\/td>\n<td>2 - 3 dni<\/td>\n<td style=\"text-align: left;\">\u20ac125,-<\/td>\n<\/tr>\n<tr>\n<td>Portugalsko<\/td>\n<td>\u20ac20,95<\/td>\n<td>3 - 4 dni<\/td>\n<td style=\"text-align: left;\">\u20ac125,-<\/td>\n<\/tr>\n<tr>\n<td>Rumunsko<\/td>\n<td>\u20ac18,95<\/td>\n<td>3 - 5 dn\u00ed<\/td>\n<td style=\"text-align: left;\">\u20ac125,-<\/td>\n<\/tr>\n<tr>\n<td>Slovinsko<\/td>\n<td>\u20ac17,95<\/td>\n<td>2 - 3 dni<\/td>\n<td style=\"text-align: left;\">\u20ac125,-<\/td>\n<\/tr>\n<tr>\n<td>Slovensko<\/td>\n<td>\u20ac16,95<\/td>\n<td>3 - 5 dn\u00ed<\/td>\n<td style=\"text-align: left;\">\u20ac125,-<\/td>\n<\/tr>\n<tr>\n<td>\u0160panielsko<\/td>\n<td>\u20ac17,95<\/td>\n<td>2 - 3 dni<\/td>\n<td style=\"text-align: left;\">\u20ac125,-<\/td>\n<\/tr>\n<tr>\n<td>\u010cesk\u00e1 republika<\/td>\n<td>\u20ac15,95<\/td>\n<td>2 - 4 dni<\/td>\n<td style=\"text-align: left;\">\u20ac125,-<\/td>\n<\/tr>\n<\/tbody>\n<\/table>\n<p style=\"font-size: 14px;\">* \u0164a\u017eko dostupn\u00e9 oblasti, ako s\u00fa ostrovy alebo in\u00e9 vzdialen\u00e9 regi\u00f3ny, stoja pribli\u017ene o 20 EUR viac kv\u00f4li dodato\u010dn\u00fdm n\u00e1kladom na dopravu.<\/p>\n<p style=\"font-size: 14px;\">Upozornenie: V\u0161etky objedn\u00e1vky sa sna\u017e\u00edme odosla\u0165 do 1 pracovn\u00e9ho d\u0148a, v\u0161etky dodacie lehoty s\u00fa odhadovan\u00e9 a m\u00f4\u017eu sa l\u00ed\u0161i\u0165 vzh\u013eadom na prem\u00e1vku a sviatky.<\/p>\t\t\t\t\t\t\t\t<\/div>\n\t\t\t\t<\/div>\n\t\t\t\t\t<\/div>\n\t\t<\/div>\n\t\t\t\t\t<\/div>\n\t\t<\/section>\n\t\t\t\t<\/div>","protected":false},"excerpt":{"rendered":"<p>DISKR\u00c9TNE DOPRAVA Paddo.shop si cen\u00ed va\u0161e s\u00fakromie, a preto s\u00fa v\u0161etky va\u0161e n\u00e1kupy balen\u00e9 \u010do najnepatrnej\u0161ie. \u017diadne log\u00e1 a \u017eiadne \u00fadaje o tom, \u010do je...<\/p>","protected":false},"author":1,"featured_media":0,"parent":0,"menu_order":0,"comment_status":"closed","ping_status":"closed","template":"","meta":{"_acf_changed":false,"footnotes":""},"class_list":["post-26","page","type-page","status-publish","hentry"],"acf":[],"_links":{"self":[{"href":"https:\/\/www.paddo.shop\/sk\/wp-json\/wp\/v2\/pages\/26","targetHints":{"allow":["GET"]}}],"collection":[{"href":"https:\/\/www.paddo.shop\/sk\/wp-json\/wp\/v2\/pages"}],"about":[{"href":"https:\/\/www.paddo.shop\/sk\/wp-json\/wp\/v2\/types\/page"}],"author":[{"embeddable":true,"href":"https:\/\/www.paddo.shop\/sk\/wp-json\/wp\/v2\/users\/1"}],"replies":[{"embeddable":true,"href":"https:\/\/www.paddo.shop\/sk\/wp-json\/wp\/v2\/comments?post=26"}],"version-history":[{"count":0,"href":"https:\/\/www.paddo.shop\/sk\/wp-json\/wp\/v2\/pages\/26\/revisions"}],"wp:attachment":[{"href":"https:\/\/www.paddo.shop\/sk\/wp-json\/wp\/v2\/media?parent=26"}],"curies":[{"name":"wp","href":"https:\/\/api.w.org\/{rel}","templated":true}]}}