{"id":1616,"date":"2022-03-04T13:34:34","date_gmt":"2022-03-04T13:34:34","guid":{"rendered":"https:\/\/www.magictruffels.shop\/?page_id=1616"},"modified":"2022-03-14T09:28:21","modified_gmt":"2022-03-14T09:28:21","slug":"retourneren","status":"publish","type":"page","link":"https:\/\/www.paddo.shop\/sk\/retourneren\/","title":{"rendered":"N\u00e1vrat"},"content":{"rendered":"<div data-elementor-type=\"wp-page\" data-elementor-id=\"1616\" class=\"elementor elementor-1616\" data-elementor-post-type=\"page\">\n\t\t\t\t\t\t<section class=\"elementor-section elementor-top-section elementor-element elementor-element-e585a9c elementor-section-boxed elementor-section-height-default elementor-section-height-default\" data-id=\"e585a9c\" data-element_type=\"section\" data-e-type=\"section\">\n\t\t\t\t\t\t<div class=\"elementor-container elementor-column-gap-default\">\n\t\t\t\t\t<div class=\"elementor-column elementor-col-100 elementor-top-column elementor-element elementor-element-c9480d9\" data-id=\"c9480d9\" data-element_type=\"column\" data-e-type=\"column\">\n\t\t\t<div class=\"elementor-widget-wrap elementor-element-populated\">\n\t\t\t\t\t\t<div class=\"elementor-element elementor-element-4b3dab5 elementor-widget elementor-widget-text-editor\" data-id=\"4b3dab5\" data-element_type=\"widget\" data-e-type=\"widget\" data-widget_type=\"text-editor.default\">\n\t\t\t\t<div class=\"elementor-widget-container\">\n\t\t\t\t\t\t\t\t\t<h2><strong>NA\u0160E Z\u00c1SADY VR\u00c1TENIA TOVARU:<\/strong><\/h2><p>Na str\u00e1nke <a href=\"\/sk\/\">magictruffles.shop<\/a> m\u00e1te z\u00e1konn\u00e9 pr\u00e1vo nahl\u00e1si\u0165 vr\u00e1tenie v\u00fdrobku do 14 dn\u00ed od jeho prevzatia bez udania d\u00f4vodu. Po tomto ozn\u00e1men\u00ed m\u00e1te \u010fal\u0161\u00edch 14 dn\u00ed na skuto\u010dn\u00e9 vr\u00e1tenie v\u00fdrobku. Ak vyu\u017eijete svoje pr\u00e1vo na vr\u00e1tenie, do 14 dn\u00ed od ozn\u00e1menia o vr\u00e1ten\u00ed dostanete na svoj \u00fa\u010det cel\u00fa sumu objedn\u00e1vky vr\u00e1tane n\u00e1kladov na dopravu.<\/p><p><strong>V\u0161etky n\u00e1klady na vr\u00e1tenie tovaru zn\u00e1\u0161ate sami.<\/strong><\/p><p>Za ak\u00e9ko\u013evek znehodnotenie v\u00fdrobku(-ov) v d\u00f4sledku manipul\u00e1cie s tovarom alebo jeho pou\u017e\u00edvania nad r\u00e1mec toho, \u010do je nevyhnutn\u00e9 na zistenie jeho povahy, vlastnost\u00ed a funk\u010dnosti, nesiete v\u00fdhradn\u00fa zodpovednos\u0165.<\/p><p>Na niektor\u00e9 v\u00fdrobky (napr. bong\u00e1, fajky, vaporiz\u00e9ry a podobn\u00e9 v\u00fdrobky) sa nevz\u0165ahuje pr\u00e1vo na odst\u00fapenie od zmluvy, ak s\u00fa po dodan\u00ed rozpe\u010daten\u00e9 a\/alebo pou\u017e\u00edvan\u00e9. Po poru\u0161en\u00ed plomby u\u017e tieto v\u00fdrobky nie s\u00fa vhodn\u00e9 na vr\u00e1tenie zo zdravotn\u00fdch a hygienick\u00fdch d\u00f4vodov. Tovar podliehaj\u00faci skaze (napr\u00edklad h\u013euzovky, sp\u00f3ry a s\u00fapravy na pestovanie) sa tie\u017e ned\u00e1 vr\u00e1ti\u0165. Ak v\u0161ak nie ste spokojn\u00ed s produktom podliehaj\u00facim skaze, obr\u00e1\u0165te sa na n\u00e1\u0161 z\u00e1kazn\u00edcky servis. Radi s vami budeme spolupracova\u0165 pri h\u013eadan\u00ed rie\u0161enia.<\/p><p>Ak chcete iniciova\u0165 vr\u00e1tenie tovaru, kontaktujte n\u00e1s na adrese info@magictruffels.shop. Ak bude va\u0161e vr\u00e1tenie akceptovan\u00e9, po\u0161leme v\u00e1m \u0161t\u00edtok na vr\u00e1tenie, ako aj pokyny, ako a kam posla\u0165 bal\u00edk. Tovar vr\u00e1ten\u00fd bez predch\u00e1dzaj\u00faceho podania \u017eiadosti o vr\u00e1tenie n\u00e1m nebude prijat\u00fd.<\/p><p>V pr\u00edpade objedn\u00e1vky na vr\u00e1tenie tovaru n\u00e1s m\u00f4\u017eete kedyko\u013evek kontaktova\u0165 na adrese info@magictruffels.shop.<\/p><h2><b>PO\u0160KODENIA A PROBL\u00c9MY<\/b><\/h2><p>Skontrolujte svoju objedn\u00e1vku po jej prijat\u00ed a okam\u017eite n\u00e1s kontaktujte, ak je tovar chybn\u00fd, po\u0161koden\u00fd alebo ak ste dostali nespr\u00e1vny tovar, aby sme mohli probl\u00e9m pos\u00fadi\u0165 a vyrie\u0161i\u0165.<\/p><h2><b>V\u00ddNIMKY \/ NEVRATN\u00c9 POLO\u017dKY<\/b><\/h2><p>Niektor\u00e9 druhy tovaru nie je mo\u017en\u00e9 vr\u00e1ti\u0165, vr\u00e1tane tovaru podliehaj\u00faceho skaze (napr\u00edklad potraviny, kvety alebo rastliny), v\u00fdrobkov na mieru (napr\u00edklad \u0161peci\u00e1lne objedn\u00e1vky alebo personalizovan\u00e9 v\u00fdrobky) a v\u00fdrobkov osobnej starostlivosti (napr\u00edklad kozmetick\u00e9 v\u00fdrobky). Neprij\u00edmame ani vr\u00e1tenie nebezpe\u010dn\u00fdch materi\u00e1lov, hor\u013eav\u00fdch kvapal\u00edn alebo plynov. Ak m\u00e1te ak\u00e9ko\u013evek ot\u00e1zky alebo obavy t\u00fdkaj\u00face sa konkr\u00e9tneho tovaru, kontaktujte n\u00e1s.<\/p><h2>UPDATE<\/h2><p>Najr\u00fdchlej\u0161\u00ed sp\u00f4sob, ako si zabezpe\u010di\u0165, \u017ee dostanete to, \u010do chcete, je vr\u00e1ti\u0165 tovar, ktor\u00fd m\u00e1te, a po prijat\u00ed vr\u00e1tenia vykona\u0165 samostatn\u00fd n\u00e1kup nov\u00e9ho tovaru.<\/p><h2><b>SPL\u00c1TKY<\/b><\/h2><p>Po prijat\u00ed a skontrolovan\u00ed vr\u00e1tenia tovaru v\u00e1s budeme informova\u0165 o tom, \u010di vr\u00e1tenie pe\u0148az\u00ed bolo schv\u00e1len\u00e9 alebo nie. V pr\u00edpade schv\u00e1lenia v\u00e1m bud\u00fa peniaze automaticky vr\u00e1ten\u00e9 na v\u00e1\u0161 p\u00f4vodn\u00fd sp\u00f4sob platby. Nezabudnite, \u017ee m\u00f4\u017ee trva\u0165 ur\u010dit\u00fd \u010das, k\u00fdm va\u0161a banka alebo spolo\u010dnos\u0165 vyd\u00e1vaj\u00faca kreditn\u00e9 karty spracuje a za\u00fa\u010dtuje aj vr\u00e1tenie pe\u0148az\u00ed.<\/p><h2><b>VR\u00c1TENIE \u00daDAJOV<\/b><\/h2><p>Magictruffles.shop<br \/>PePePe BV<br \/>Sulky 6 J<br \/>Zeewolde<br \/>3897AJ<\/p><p>OBCHODN\u00c1 KOMORA: 34236211<br \/>DPH: NL815030411B01<\/p><p>Telef\u00f3nne \u010d\u00edslo: 085-0160877<\/p>\t\t\t\t\t\t\t\t<\/div>\n\t\t\t\t<\/div>\n\t\t\t\t\t<\/div>\n\t\t<\/div>\n\t\t\t\t\t<\/div>\n\t\t<\/section>\n\t\t\t\t<\/div>","protected":false},"excerpt":{"rendered":"<p>NA\u0160E Z\u00c1SADY VR\u00c1TENIA: V magictruffels.shop m\u00e1te z\u00e1konn\u00e9 pr\u00e1vo zaregistrova\u0165 produkt na vr\u00e1tenie do 14 dn\u00ed od jeho obdr\u017eania bez udania...<\/p>","protected":false},"author":2,"featured_media":0,"parent":0,"menu_order":0,"comment_status":"closed","ping_status":"closed","template":"","meta":{"_acf_changed":false,"footnotes":""},"class_list":["post-1616","page","type-page","status-publish","hentry"],"acf":[],"_links":{"self":[{"href":"https:\/\/www.paddo.shop\/sk\/wp-json\/wp\/v2\/pages\/1616","targetHints":{"allow":["GET"]}}],"collection":[{"href":"https:\/\/www.paddo.shop\/sk\/wp-json\/wp\/v2\/pages"}],"about":[{"href":"https:\/\/www.paddo.shop\/sk\/wp-json\/wp\/v2\/types\/page"}],"author":[{"embeddable":true,"href":"https:\/\/www.paddo.shop\/sk\/wp-json\/wp\/v2\/users\/2"}],"replies":[{"embeddable":true,"href":"https:\/\/www.paddo.shop\/sk\/wp-json\/wp\/v2\/comments?post=1616"}],"version-history":[{"count":0,"href":"https:\/\/www.paddo.shop\/sk\/wp-json\/wp\/v2\/pages\/1616\/revisions"}],"wp:attachment":[{"href":"https:\/\/www.paddo.shop\/sk\/wp-json\/wp\/v2\/media?parent=1616"}],"curies":[{"name":"wp","href":"https:\/\/api.w.org\/{rel}","templated":true}]}}