{"id":5254,"date":"2022-07-20T09:16:37","date_gmt":"2022-07-20T09:16:37","guid":{"rendered":"https:\/\/www.paddo.shop\/?post_type=product&#038;p=5254"},"modified":"2023-10-09T13:35:46","modified_gmt":"2023-10-09T11:35:46","slug":"colombian-paddo-growkit","status":"publish","type":"product","link":"https:\/\/www.paddo.shop\/ro\/colombian-paddo-growkit\/","title":{"rendered":"Colombian Paddo Growkit"},"content":{"rendered":"<h2><strong>Colombian Paddo Growkit kopen<\/strong><\/h2>\n<p><span style=\"font-weight: 400;\">Wie een Colombian Paddo Growkit wil kopen zit bij ons aan het juiste adres. In onze shop vind je namelijk alleen betrouwbare en effectieve growkits. Ze worden geproduceerd door het Nederlandse bedrijf McSmart. Dit bedrijf staat internationaal bekend als een van de meest gerenommeerde bedrijven op het gebied van magic truffels en paddo growkits. Als jij je goed aan de bijgeleverde instructies houdt kan je daarom altijd rekenen op minimaal \u00e9\u00e9n goede flush(oogst) met psychedelische paddenstoelen, maar in veel gevallen kan je de kweekset zelfs meerdere keren opzetten!<\/span><\/p>\n<p><span style=\"font-weight: 400;\">Als je vandaag een Colombian Paddo Growkit bestelt, ontvang je hem binnen enkele dagen volledig discreet thuis.<\/span><\/p>\n<h3><strong>Wat zit er in een Colombian Paddo Growkit<\/strong><\/h3>\n<p><span style=\"font-weight: 400;\">Iedere Colombian Paddo Growkit bevat alles dat nodig is om zelf Colombian magic mushrooms te kweken. In het pakket zitten: 1 kant en klare kweekbak met actief mycelium, een kweekzak met filters, 2 clips om de zak af te sluiten en een flyer met instructies. Zelf hoef je alleen nog water en wat liefde toe te voegen.<\/span><\/p>\n<h3><strong>Hoe sterk zijn <\/strong><strong>Colombian<\/strong><strong> magische paddenstoelen?<\/strong><\/h3>\n<p><span style=\"font-weight: 400;\">Hieronder vind je de magic truffels uit ons assortiment gesorteerd op basis van psychedelische sterkte. Ze lopen af van sterk naar mild. Zo zie je precies hoe de Colombian paddo\u2019s zich verhouden tot de rest.<\/span><\/p>\n<p><a href=\"https:\/\/www.paddo.shop\/mckennaii-paddo-growkit\/\"><span style=\"font-weight: 400;\">McKennaii<\/span><span style=\"font-weight: 400;\"><br \/>\n<\/span><\/a><a href=\"https:\/\/www.paddo.shop\/hawaiian-copelandia-paddo-growkit\/\"><span style=\"font-weight: 400;\">Hawaiian Copelandia<\/span><span style=\"font-weight: 400;\"><br \/>\n<\/span><\/a><a href=\"https:\/\/www.paddo.shop\/golden-teacher-paddo-growkit\/\"><span style=\"font-weight: 400;\">Golden Teacher<\/span><span style=\"font-weight: 400;\"><br \/>\n<\/span><\/a><a href=\"https:\/\/www.paddo.shop\/mazatapec-paddo-growkit\/\"><span style=\"font-weight: 400;\">Mazatapec<\/span><span style=\"font-weight: 400;\"><br \/>\n<\/span><\/a><a href=\"https:\/\/www.paddo.shop\/colombian-paddo-growkit\/\"><span style=\"font-weight: 400;\">Colombian Paddo<\/span><span style=\"font-weight: 400;\"><br \/>\n<\/span><\/a><a href=\"https:\/\/www.paddo.shop\/cambodian-paddo-growkit\/\"><span style=\"font-weight: 400;\">Cambodian Paddo<\/span><span style=\"font-weight: 400;\"><br \/>\n<\/span><\/a><a href=\"https:\/\/www.paddo.shop\/ecuadorian-paddo-growkit\/\"><span style=\"font-weight: 400;\">Ecuadorian Paddo<\/span><span style=\"font-weight: 400;\"><br \/>\n<\/span><\/a><a href=\"https:\/\/www.paddo.shop\/mexican-paddo-growkit\/\"><span style=\"font-weight: 400;\">Mexican Paddo<\/span><span style=\"font-weight: 400;\"><br \/>\n<\/span><\/a><a href=\"https:\/\/www.paddo.shop\/b-plus-paddo-growkit\/\"><span style=\"font-weight: 400;\">B+ Paddo<\/span><span style=\"font-weight: 400;\"><br \/>\n<\/span><\/a><a href=\"https:\/\/www.paddo.shop\/thai-paddo-growkit\/\"><span style=\"font-weight: 400;\">Thai Paddo<\/span><\/a><\/p>\n<h2><strong>Zelf Colombian paddo\u2019s kweken met een kweekset<\/strong><\/h2>\n<p><span style=\"font-weight: 400;\">Colombian behoren tot de populairste psychedelische natuurproducten van dit moment. Ze zijn met behulp van onze growkits erg gemakkelijk te kweken. In principe is het enige dat je nodig hebt een growkit, een beetje water en wat geduld. Om ervoor te zorgen dat alles goed gaat leveren wij jou ook instructies mee. Zolang jij je daar keurig aan houdt, kan jij binnen enkele weken al de eerste paddenstoelen plukken.<\/span><\/p>\n<h3><strong>De beste paddo growkit tips van 2026<\/strong><\/h3>\n<p><span style=\"font-weight: 400;\">Zelf paddo\u2019s kweken is met behulp van een growkit erg gemakkelijk. Toch is het wel belangrijk dat jij je aan de bijgeleverde instructies houdt. Omdat het om een levend organisme gaat zijn er ook een aantal dingen die je absoluut <\/span><strong>niet<\/strong><span style=\"font-weight: 400;\"> moet doen. Wil jij jezelf keer op keer verzekeren van een mooie opbrengst zelfgekweekte paddo\u2019s? Bekijk dan hier <\/span><a href=\"https:\/\/www.paddo.shop\/growkit-instructies\/\"><span style=\"font-weight: 400;\">de beste paddo growkit tips van 2026<\/span><\/a><span style=\"font-weight: 400;\">.<\/span><\/p>\n<p><strong>Belangrijk:<\/strong><strong><br \/>\n<\/strong><span style=\"font-weight: 400;\">Het kweken van paddo\u2019s is ontzettend leuk en geeft veel voldoening. Maar let wel op: Paddo\u2019s (Magic Mushrooms) bevatten van nature ook de stoffen psilocybine en psilocine. Psilocybine en psilocine zijn hallucinogenen. Hallucinogenen zijn stoffen met een bewustzijnsveranderende werking, die onder andere hallucinaties kunnen opwekken. Houdt hier goed rekening mee. En houdt zowel de growkit als de paddenstoelen altijd buiten bereik van kinderen!<\/span><\/p>\n<h2>Meeste gestelde vragen<\/h2>\n<p>Hieronder vind je de top 5 meeste gestelde Colombian vragen. Heb je na alle informatie op deze pagina toch nog vragen? <a href=\"https:\/\/www.paddo.shop\/contact\/\">Neem dan contact met ons op<\/a> en wij helpen je direct verder.<\/p>\n\t\t<div data-elementor-type=\"section\" data-elementor-id=\"8215\" class=\"elementor elementor-8215\" data-elementor-post-type=\"elementor_library\">\n\t\t\t\t\t<section class=\"elementor-section elementor-top-section elementor-element elementor-element-a20d66a elementor-section-boxed elementor-section-height-default elementor-section-height-default\" data-id=\"a20d66a\" data-element_type=\"section\" data-e-type=\"section\">\n\t\t\t\t\t\t<div class=\"elementor-container elementor-column-gap-default\">\n\t\t\t\t\t<div class=\"elementor-column elementor-col-100 elementor-top-column elementor-element elementor-element-5ae8cb5\" data-id=\"5ae8cb5\" data-element_type=\"column\" data-e-type=\"column\">\n\t\t\t<div class=\"elementor-widget-wrap elementor-element-populated\">\n\t\t\t\t\t\t<div class=\"elementor-element elementor-element-5207599 elementor-widget__width-initial elementor-widget elementor-widget-accordion\" data-id=\"5207599\" data-element_type=\"widget\" data-e-type=\"widget\" data-widget_type=\"accordion.default\">\n\t\t\t\t<div class=\"elementor-widget-container\">\n\t\t\t\t\t\t\t<div class=\"elementor-accordion\">\n\t\t\t\t\t\t\t<div class=\"elementor-accordion-item\">\n\t\t\t\t\t<h3 id=\"elementor-tab-title-8601\" class=\"elementor-tab-title\" data-tab=\"1\" role=\"button\" aria-controls=\"elementor-tab-content-8601\" aria-expanded=\"false\">\n\t\t\t\t\t\t\t\t\t\t\t\t\t<span class=\"elementor-accordion-icon elementor-accordion-icon-right\" aria-hidden=\"true\">\n\t\t\t\t\t\t\t\t\t\t\t\t\t\t\t<span class=\"elementor-accordion-icon-closed\"><i class=\"fas fa-plus\"><\/i><\/span>\n\t\t\t\t\t\t\t\t<span class=\"elementor-accordion-icon-opened\"><i class=\"fas fa-minus\"><\/i><\/span>\n\t\t\t\t\t\t\t\t\t\t\t\t\t\t<\/span>\n\t\t\t\t\t\t\t\t\t\t\t\t<a class=\"elementor-accordion-title\" tabindex=\"0\">Waarom worden Colombian paddo's vaak als krachtig beschouwd?<\/a>\n\t\t\t\t\t<\/h3>\n\t\t\t\t\t<div id=\"elementor-tab-content-8601\" class=\"elementor-tab-content elementor-clearfix\" data-tab=\"1\" role=\"region\" aria-labelledby=\"elementor-tab-title-8601\"><p>Colombian paddo\u2019s staan bekend om hun potentie, vooral dankzij de rijke hoeveelheid psilocybine en psilocine die ze bevatten. Deze stoffen zijn verantwoordelijk voor de psychedelische ervaring die volgt na het innemen van de paddo&#8217;s. Ze kunnen een intense spirituele reis en levendige hallucinaties veroorzaken. Als je nieuwsgierig bent naar de verschillen met andere soorten, check dan onze <a href=\"https:\/\/www.paddo.shop\/growkits\/\" target=\"_new\">vergelijkingspagina<\/a>.<\/p>\n<\/div>\n\t\t\t\t<\/div>\n\t\t\t\t\t\t\t<div class=\"elementor-accordion-item\">\n\t\t\t\t\t<h3 id=\"elementor-tab-title-8602\" class=\"elementor-tab-title\" data-tab=\"2\" role=\"button\" aria-controls=\"elementor-tab-content-8602\" aria-expanded=\"false\">\n\t\t\t\t\t\t\t\t\t\t\t\t\t<span class=\"elementor-accordion-icon elementor-accordion-icon-right\" aria-hidden=\"true\">\n\t\t\t\t\t\t\t\t\t\t\t\t\t\t\t<span class=\"elementor-accordion-icon-closed\"><i class=\"fas fa-plus\"><\/i><\/span>\n\t\t\t\t\t\t\t\t<span class=\"elementor-accordion-icon-opened\"><i class=\"fas fa-minus\"><\/i><\/span>\n\t\t\t\t\t\t\t\t\t\t\t\t\t\t<\/span>\n\t\t\t\t\t\t\t\t\t\t\t\t<a class=\"elementor-accordion-title\" tabindex=\"0\">Zijn er speciale technieken om Colombian paddo's succesvol te kweken in deze growkit?<\/a>\n\t\t\t\t\t<\/h3>\n\t\t\t\t\t<div id=\"elementor-tab-content-8602\" class=\"elementor-tab-content elementor-clearfix\" data-tab=\"2\" role=\"region\" aria-labelledby=\"elementor-tab-title-8602\"><p>Colombian paddo\u2019s zijn niet al te veeleisend, maar ze houden wel van een vochtige omgeving. Zorg voor een goede vochtigheidsgraad en temperatuur. Het volgen van de instructies op onze <a href=\"https:\/\/www.paddo.shop\/growkit-instructies\/\" target=\"_new\">growkit instructiespagina<\/a> kan helpen om een succesvolle oogst te garanderen.<\/p>\n<\/div>\n\t\t\t\t<\/div>\n\t\t\t\t\t\t\t<div class=\"elementor-accordion-item\">\n\t\t\t\t\t<h3 id=\"elementor-tab-title-8603\" class=\"elementor-tab-title\" data-tab=\"3\" role=\"button\" aria-controls=\"elementor-tab-content-8603\" aria-expanded=\"false\">\n\t\t\t\t\t\t\t\t\t\t\t\t\t<span class=\"elementor-accordion-icon elementor-accordion-icon-right\" aria-hidden=\"true\">\n\t\t\t\t\t\t\t\t\t\t\t\t\t\t\t<span class=\"elementor-accordion-icon-closed\"><i class=\"fas fa-plus\"><\/i><\/span>\n\t\t\t\t\t\t\t\t<span class=\"elementor-accordion-icon-opened\"><i class=\"fas fa-minus\"><\/i><\/span>\n\t\t\t\t\t\t\t\t\t\t\t\t\t\t<\/span>\n\t\t\t\t\t\t\t\t\t\t\t\t<a class=\"elementor-accordion-title\" tabindex=\"0\">Wat zijn de kenmerken van een goede oogst met de Colombian paddo growkit?<\/a>\n\t\t\t\t\t<\/h3>\n\t\t\t\t\t<div id=\"elementor-tab-content-8603\" class=\"elementor-tab-content elementor-clearfix\" data-tab=\"3\" role=\"region\" aria-labelledby=\"elementor-tab-title-8603\"><p>Een goede oogst zou veel gezonde, volgroeide paddo\u2019s moeten opleveren met stevige stelen en goed ontwikkelde hoeden. Als je ziet dat ze goed groeien en een gezonde kleur hebben, ben je op de goede weg. Nieuwsgierig naar ervaringen van anderen? Lees enkele <a href=\"https:\/\/www.paddo.shop\/paddo-growkit-kweekverslag\/\" target=\"_new\">kweekverslagen<\/a> van onze community.<\/p>\n<\/div>\n\t\t\t\t<\/div>\n\t\t\t\t\t\t\t<div class=\"elementor-accordion-item\">\n\t\t\t\t\t<h3 id=\"elementor-tab-title-8604\" class=\"elementor-tab-title\" data-tab=\"4\" role=\"button\" aria-controls=\"elementor-tab-content-8604\" aria-expanded=\"false\">\n\t\t\t\t\t\t\t\t\t\t\t\t\t<span class=\"elementor-accordion-icon elementor-accordion-icon-right\" aria-hidden=\"true\">\n\t\t\t\t\t\t\t\t\t\t\t\t\t\t\t<span class=\"elementor-accordion-icon-closed\"><i class=\"fas fa-plus\"><\/i><\/span>\n\t\t\t\t\t\t\t\t<span class=\"elementor-accordion-icon-opened\"><i class=\"fas fa-minus\"><\/i><\/span>\n\t\t\t\t\t\t\t\t\t\t\t\t\t\t<\/span>\n\t\t\t\t\t\t\t\t\t\t\t\t<a class=\"elementor-accordion-title\" tabindex=\"0\">Zijn Colombian paddo\u2019s geschikt voor meer ervaren psychonauten?<\/a>\n\t\t\t\t\t<\/h3>\n\t\t\t\t\t<div id=\"elementor-tab-content-8604\" class=\"elementor-tab-content elementor-clearfix\" data-tab=\"4\" role=\"region\" aria-labelledby=\"elementor-tab-title-8604\"><p>Ja, vanwege hun kracht worden Colombian paddo&#8217;s vaak aanbevolen voor de meer ervaren psychonauten. Beginners kunnen beter starten met een mildere soort zoals de <a href=\"https:\/\/www.paddo.shop\/thai-paddo-growkit\/\" target=\"_new\">Thai paddo\u2019s<\/a>.<\/p>\n<\/div>\n\t\t\t\t<\/div>\n\t\t\t\t\t\t\t<div class=\"elementor-accordion-item\">\n\t\t\t\t\t<h3 id=\"elementor-tab-title-8605\" class=\"elementor-tab-title\" data-tab=\"5\" role=\"button\" aria-controls=\"elementor-tab-content-8605\" aria-expanded=\"false\">\n\t\t\t\t\t\t\t\t\t\t\t\t\t<span class=\"elementor-accordion-icon elementor-accordion-icon-right\" aria-hidden=\"true\">\n\t\t\t\t\t\t\t\t\t\t\t\t\t\t\t<span class=\"elementor-accordion-icon-closed\"><i class=\"fas fa-plus\"><\/i><\/span>\n\t\t\t\t\t\t\t\t<span class=\"elementor-accordion-icon-opened\"><i class=\"fas fa-minus\"><\/i><\/span>\n\t\t\t\t\t\t\t\t\t\t\t\t\t\t<\/span>\n\t\t\t\t\t\t\t\t\t\t\t\t<a class=\"elementor-accordion-title\" tabindex=\"0\">Hoe ga ik om met mogelijke plagen of schimmels in mijn Colombian paddo growkit?<\/a>\n\t\t\t\t\t<\/h3>\n\t\t\t\t\t<div id=\"elementor-tab-content-8605\" class=\"elementor-tab-content elementor-clearfix\" data-tab=\"5\" role=\"region\" aria-labelledby=\"elementor-tab-title-8605\"><p>Hygi\u00ebne is cruciaal om plagen en schimmel te voorkomen. Zorg ervoor dat je je handen en de omgeving goed schoonmaakt voordat je met de growkit aan de slag gaat. Mochten er toch problemen ontstaan, dan kun je altijd contact opnemen met onze klantenservice via de <a href=\"https:\/\/www.paddo.shop\/contact\/\" target=\"_new\">contactpagina<\/a> voor advies en begeleiding.<\/p>\n<\/div>\n\t\t\t\t<\/div>\n\t\t\t\t\t\t\t\t\t\t<script type=\"application\/ld+json\">{\"@context\":\"https:\\\/\\\/schema.org\",\"@type\":\"FAQPage\",\"mainEntity\":[{\"@type\":\"Question\",\"name\":\"Waarom worden Colombian paddo's vaak als krachtig beschouwd?\",\"acceptedAnswer\":{\"@type\":\"Answer\",\"text\":\"<p>Colombian paddo\\u2019s staan bekend om hun potentie, vooral dankzij de rijke hoeveelheid psilocybine en psilocine die ze bevatten. Deze stoffen zijn verantwoordelijk voor de psychedelische ervaring die volgt na het innemen van de paddo&#8217;s. Ze kunnen een intense spirituele reis en levendige hallucinaties veroorzaken. Als je nieuwsgierig bent naar de verschillen met andere soorten, check dan onze <a href=\\\"https:\\\/\\\/www.paddo.shop\\\/growkits\\\/\\\" target=\\\"_new\\\">vergelijkingspagina<\\\/a>.<\\\/p>\\n\"}},{\"@type\":\"Question\",\"name\":\"Zijn er speciale technieken om Colombian paddo's succesvol te kweken in deze growkit?\",\"acceptedAnswer\":{\"@type\":\"Answer\",\"text\":\"<p>Colombian paddo\\u2019s zijn niet al te veeleisend, maar ze houden wel van een vochtige omgeving. Zorg voor een goede vochtigheidsgraad en temperatuur. Het volgen van de instructies op onze <a href=\\\"https:\\\/\\\/www.paddo.shop\\\/growkit-instructies\\\/\\\" target=\\\"_new\\\">growkit instructiespagina<\\\/a> kan helpen om een succesvolle oogst te garanderen.<\\\/p>\\n\"}},{\"@type\":\"Question\",\"name\":\"Wat zijn de kenmerken van een goede oogst met de Colombian paddo growkit?\",\"acceptedAnswer\":{\"@type\":\"Answer\",\"text\":\"<p>Een goede oogst zou veel gezonde, volgroeide paddo\\u2019s moeten opleveren met stevige stelen en goed ontwikkelde hoeden. Als je ziet dat ze goed groeien en een gezonde kleur hebben, ben je op de goede weg. Nieuwsgierig naar ervaringen van anderen? Lees enkele <a href=\\\"https:\\\/\\\/www.paddo.shop\\\/paddo-growkit-kweekverslag\\\/\\\" target=\\\"_new\\\">kweekverslagen<\\\/a> van onze community.<\\\/p>\\n\"}},{\"@type\":\"Question\",\"name\":\"Zijn Colombian paddo\\u2019s geschikt voor meer ervaren psychonauten?\",\"acceptedAnswer\":{\"@type\":\"Answer\",\"text\":\"<p>Ja, vanwege hun kracht worden Colombian paddo&#8217;s vaak aanbevolen voor de meer ervaren psychonauten. Beginners kunnen beter starten met een mildere soort zoals de <a href=\\\"https:\\\/\\\/www.paddo.shop\\\/thai-paddo-growkit\\\/\\\" target=\\\"_new\\\">Thai paddo\\u2019s<\\\/a>.<\\\/p>\\n\"}},{\"@type\":\"Question\",\"name\":\"Hoe ga ik om met mogelijke plagen of schimmels in mijn Colombian paddo growkit?\",\"acceptedAnswer\":{\"@type\":\"Answer\",\"text\":\"<p>Hygi\\u00ebne is cruciaal om plagen en schimmel te voorkomen. Zorg ervoor dat je je handen en de omgeving goed schoonmaakt voordat je met de growkit aan de slag gaat. Mochten er toch problemen ontstaan, dan kun je altijd contact opnemen met onze klantenservice via de <a href=\\\"https:\\\/\\\/www.paddo.shop\\\/contact\\\/\\\" target=\\\"_new\\\">contactpagina<\\\/a> voor advies en begeleiding.<\\\/p>\\n\"}}]}<\/script>\n\t\t\t\t\t<\/div>\n\t\t\t\t\t\t<\/div>\n\t\t\t\t<\/div>\n\t\t\t\t\t<\/div>\n\t\t<\/div>\n\t\t\t\t\t<\/div>\n\t\t<\/section>\n\t\t\t\t<\/div>\n\t\t\n","protected":false},"excerpt":{"rendered":"<p>Un favorit absolut al mai multor cultivatori \u0219i c\u0103l\u0103tori este Colombian Paddo Growkit. \u00cen ciuda efectelor puternice ale Colombian Paddo Growkit, aceast\u0103 tulpin\u0103 este cunoscut\u0103 \u0219i sub numele de \"ciuperca angajamentului\". Concentrarea \u0219i \u00eempreun\u0103 caracterizeaz\u0103 aceast\u0103 ciuperc\u0103 tropical\u0103. Vibra\u021biile columbiene v\u0103 vor \u00eembr\u0103\u021bi\u0219a, de asemenea, \u00een mod regulat. \u00cen concluzie, este minunat s\u0103 te bucuri de aceast\u0103 ciuperc\u0103 psihedelic\u0103 uimitoare cu un grup de aventurieri! Cultiva\u021bi ciuperca Colombian Growkit u\u0219or \u0219i rapid cu kiturile noastre de cultivare gata f\u0103cute!<\/p>","protected":false},"featured_media":5880,"comment_status":"closed","ping_status":"closed","template":"","meta":{"_acf_changed":false},"etheme_brands":[{"term_id":50,"name":"McSmart","slug":"mcsmart","term_group":0,"term_taxonomy_id":50,"taxonomy":"brand","description":"","parent":0,"count":11,"filter":"raw"}],"product_brand":[],"product_cat":[15],"product_tag":[],"class_list":{"0":"post-5254","1":"product","2":"type-product","3":"status-publish","4":"has-post-thumbnail","6":"brand-mcsmart","7":"product_cat-growkits","9":"first","10":"instock","11":"taxable","12":"shipping-taxable","13":"purchasable","14":"product-type-variable","15":"has-default-attributes"},"acf":[],"_links":{"self":[{"href":"https:\/\/www.paddo.shop\/ro\/wp-json\/wp\/v2\/product\/5254","targetHints":{"allow":["GET"]}}],"collection":[{"href":"https:\/\/www.paddo.shop\/ro\/wp-json\/wp\/v2\/product"}],"about":[{"href":"https:\/\/www.paddo.shop\/ro\/wp-json\/wp\/v2\/types\/product"}],"replies":[{"embeddable":true,"href":"https:\/\/www.paddo.shop\/ro\/wp-json\/wp\/v2\/comments?post=5254"}],"wp:featuredmedia":[{"embeddable":true,"href":"https:\/\/www.paddo.shop\/ro\/wp-json\/wp\/v2\/media\/5880"}],"wp:attachment":[{"href":"https:\/\/www.paddo.shop\/ro\/wp-json\/wp\/v2\/media?parent=5254"}],"wp:term":[{"taxonomy":"brand","embeddable":true,"href":"https:\/\/www.paddo.shop\/ro\/wp-json\/wp\/v2\/etheme_brands?post=5254"},{"taxonomy":"product_brand","embeddable":true,"href":"https:\/\/www.paddo.shop\/ro\/wp-json\/wp\/v2\/product_brand?post=5254"},{"taxonomy":"product_cat","embeddable":true,"href":"https:\/\/www.paddo.shop\/ro\/wp-json\/wp\/v2\/product_cat?post=5254"},{"taxonomy":"product_tag","embeddable":true,"href":"https:\/\/www.paddo.shop\/ro\/wp-json\/wp\/v2\/product_tag?post=5254"}],"curies":[{"name":"wp","href":"https:\/\/api.w.org\/{rel}","templated":true}]}}