{"id":5252,"date":"2022-07-20T09:16:20","date_gmt":"2022-07-20T09:16:20","guid":{"rendered":"https:\/\/www.paddo.shop\/?post_type=product&#038;p=5252"},"modified":"2023-10-09T13:35:46","modified_gmt":"2023-10-09T11:35:46","slug":"cambodian-paddo-growkit","status":"publish","type":"product","link":"https:\/\/www.paddo.shop\/ro\/cambodian-paddo-growkit\/","title":{"rendered":"Cambodian Paddo Growkit"},"content":{"rendered":"<h2><strong>Cump\u0103ra\u021bi Cambodian Paddo Growkit<\/strong><\/h2>\n<p><span style=\"font-weight: 400;\">Dac\u0103 dori\u021bi s\u0103 cump\u0103ra\u021bi kituri de cre\u0219tere, a\u021bi ajuns la locul potrivit. \u00cen magazinul nostru, ve\u021bi g\u0103si numai kituri de cre\u0219tere fiabile \u0219i eficiente. Acestea sunt produse de compania olandez\u0103 McSmart. Aceast\u0103 companie este cunoscut\u0103 la nivel interna\u021bional ca fiind una dintre cele mai renumite companii din domeniul trufelor magice \u0219i al kiturilor de cre\u0219tere a ciupercilor magice. Prin urmare, dac\u0103 urma\u021bi instruc\u021biunile furnizate, v\u0103 pute\u021bi baza \u00eentotdeauna pe cel pu\u021bin o singur\u0103 cur\u0103 bun\u0103 (recolt\u0103) de ciuperci psihedelice, dar, \u00een multe cazuri, pute\u021bi chiar s\u0103 instala\u021bi kitul de cultivare de mai multe ori!<\/span><\/p>\n<p><span style=\"font-weight: 400;\">C\u00e2nd comanda\u021bi ast\u0103zi un Cambodian Paddo Growkit Paddo Growkit, \u00eel ve\u021bi primi la domiciliu \u00een mod complet discret \u00een c\u00e2teva zile.<\/span><\/p>\n<h3><strong>Ce con\u021bine un Cambodian Paddo Growkit<\/strong><\/h3>\n<p><span style=\"font-weight: 400;\">con\u021bine tot ce este necesar pentru a cre\u0219te singur ciuperci magice Mexican. Pachetul con\u021bine: 1 recipient de cultivare gata de utilizare cu miceliu activ, o pung\u0103 de cultivare cu filtre, 2 cleme pentru a \u00eenchide punga \u0219i un pliant cu instruc\u021biuni. Tot ce trebuie s\u0103 ad\u0103uga\u021bi este ap\u0103 \u0219i pu\u021bin\u0103 dragoste.<\/span><\/p>\n<h3><strong>C\u00e2t de puternice sunt <\/strong><strong>Cambodian<\/strong><strong> Ciuperci magice?<\/strong><\/h3>\n<p><span style=\"font-weight: 400;\">Mai jos ve\u021bi g\u0103si trufele magice din gama noastr\u0103, sortate \u00een func\u021bie de puterea psihedelic\u0103. Acestea coboar\u0103 de la puternice la u\u0219oare. \u00cen acest fel pute\u021bi vedea exact cum se compar\u0103 ciupercile magice Mexican cu restul.<\/span><\/p>\n<p><a href=\"https:\/\/www.paddo.shop\/ro\/mckennaii-paddo-growkit\/\"><span style=\"font-weight: 400;\">McKennaii<\/span><span style=\"font-weight: 400;\"><br \/>\n<\/span><\/a><a href=\"https:\/\/www.paddo.shop\/ro\/hawaiian-copelandia-paddo-growkit\/\"><span style=\"font-weight: 400;\">Hawaiian Copelandia<\/span><span style=\"font-weight: 400;\"><br \/>\n<\/span><\/a><a href=\"https:\/\/www.paddo.shop\/ro\/golden-teacher-paddo-growkit\/\"><span style=\"font-weight: 400;\">Golden Teacher<\/span><span style=\"font-weight: 400;\"><br \/>\n<\/span><\/a><a href=\"https:\/\/www.paddo.shop\/ro\/mazatapec-paddo-growkit\/\"><span style=\"font-weight: 400;\">Mazatapec<\/span><span style=\"font-weight: 400;\"><br \/>\n<\/span><\/a><a href=\"https:\/\/www.paddo.shop\/ro\/colombian-paddo-growkit\/\"><span style=\"font-weight: 400;\">Colombian Paddo<\/span><span style=\"font-weight: 400;\"><br \/>\n<\/span><\/a><a href=\"https:\/\/www.paddo.shop\/ro\/cambodian-paddo-growkit\/\"><span style=\"font-weight: 400;\">Cambodian Paddo<\/span><span style=\"font-weight: 400;\"><br \/>\n<\/span><\/a><a href=\"https:\/\/www.paddo.shop\/ro\/ecuadorian-paddo-growkit\/\"><span style=\"font-weight: 400;\">Ecuadorian Paddo<\/span><span style=\"font-weight: 400;\"><br \/>\n<\/span><\/a><a href=\"https:\/\/www.paddo.shop\/ro\/mexican-paddo-growkit\/\"><span style=\"font-weight: 400;\">Mexican Paddo<\/span><span style=\"font-weight: 400;\"><br \/>\n<\/span><\/a><a href=\"https:\/\/www.paddo.shop\/ro\/b-plus-paddo-growkit\/\"><span style=\"font-weight: 400;\">B+ Paddo<\/span><span style=\"font-weight: 400;\"><br \/>\n<\/span><\/a><a href=\"https:\/\/www.paddo.shop\/ro\/thai-paddo-growkit\/\"><span style=\"font-weight: 400;\">Thai Paddo<\/span><\/a><\/p>\n<h2><strong>Cultiva\u021bi propriile ciuperci Cambodian cu un kit de cultivare<\/strong><\/h2>\n<p><span style=\"font-weight: 400;\">Mexican se num\u0103r\u0103 printre cele mai populare produse naturale psihedelice din prezent. Acestea sunt foarte u\u0219or de cultivat cu ajutorul kiturilor noastre de cultivare. Practic, tot ce ai nevoie este un kit de cre\u0219tere, pu\u021bin\u0103 ap\u0103 \u0219i pu\u021bin\u0103 r\u0103bdare. Pentru a ne asigura c\u0103 totul merge bine, v\u0103 furniz\u0103m \u0219i instruc\u021biuni. At\u00e2ta timp c\u00e2t le respecta\u021bi, ve\u021bi putea culege primele ciuperci \u00een c\u00e2teva s\u0103pt\u0103m\u00e2ni.<\/span><\/p>\n<h3><strong>De beste paddo growkit tips van 2026<\/strong><\/h3>\n<p><span style=\"font-weight: 400;\">Cultivarea propriilor ciuperci magice este foarte u\u0219oar\u0103, folosind un kit de cultivare. Cu toate acestea, este important s\u0103 urma\u021bi instruc\u021biunile furnizate. Deoarece avem de-a face cu un organism viu, exist\u0103 o serie de lucruri pe care trebuie neap\u0103rat s\u0103 le <\/span><strong>nu<\/strong><span style=\"font-weight: 400;\"> ar trebui s\u0103 fac\u0103. Vre\u021bi s\u0103 v\u0103 asigura\u021bi o produc\u021bie frumoas\u0103 de ciuperci de cas\u0103, de fiecare dat\u0103? Atunci arunca\u021bi o privire aici <\/span><a href=\"https:\/\/www.paddo.shop\/ro\/growkit-instructies\/\"><span style=\"font-weight: 400;\">de beste paddo growkit tips van 2026<\/span><\/a><span style=\"font-weight: 400;\">.<\/span><\/p>\n<p><strong>Important:<\/strong><strong><br \/>\n<\/strong><span style=\"font-weight: 400;\">Cultivarea ciupercilor magice este incredibil de distractiv\u0103 \u0219i satisf\u0103c\u0103toare. Dar re\u021bine\u021bi: Ciupercile (ciupercile magice) con\u021bin, de asemenea, \u00een mod natural, substan\u021bele psilocibin\u0103 \u0219i psilocin\u0103. Psilocibina \u0219i psilocina sunt halucinogene. Halucinogenele sunt substan\u021be cu un efect de alterare a con\u0219tiin\u021bei, care, printre altele, pot induce halucina\u021bii. Re\u021bine\u021bi acest lucru. \u0218i \u021bine\u021bi \u00eentotdeauna at\u00e2t growkit-ul, c\u00e2t \u0219i ciupercile, departe de \u00eendem\u00e2na copiilor!<\/span><\/p>\n<h2>Cele mai frecvente \u00eentreb\u0103ri adresate<\/h2>\n<p>Mai jos sunt prezentate cele mai frecvente 5 \u00eentreb\u0103ri Cambodian. Mai ave\u021bi \u00eentreb\u0103ri dup\u0103 toate informa\u021biile de pe aceast\u0103 pagin\u0103? <a href=\"https:\/\/www.paddo.shop\/ro\/contact\/\">Apoi contacta\u021bi-ne<\/a> \u0219i v\u0103 vom ajuta imediat.<\/p>\n\t\t<div data-elementor-type=\"section\" data-elementor-id=\"8215\" class=\"elementor elementor-8215\" data-elementor-post-type=\"elementor_library\">\n\t\t\t\t\t<section class=\"elementor-section elementor-top-section elementor-element elementor-element-a20d66a elementor-section-boxed elementor-section-height-default elementor-section-height-default\" data-id=\"a20d66a\" data-element_type=\"section\">\n\t\t\t\t\t\t<div class=\"elementor-container elementor-column-gap-default\">\n\t\t\t\t\t<div class=\"elementor-column elementor-col-100 elementor-top-column elementor-element elementor-element-5ae8cb5\" data-id=\"5ae8cb5\" data-element_type=\"column\">\n\t\t\t<div class=\"elementor-widget-wrap elementor-element-populated\">\n\t\t\t\t\t\t<div class=\"elementor-element elementor-element-5207599 elementor-widget__width-initial elementor-widget elementor-widget-accordion\" data-id=\"5207599\" data-element_type=\"widget\" data-widget_type=\"accordion.default\">\n\t\t\t\t<div class=\"elementor-widget-container\">\n\t\t\t\t\t\t\t<div class=\"elementor-accordion\">\n\t\t\t\t\t\t\t<div class=\"elementor-accordion-item\">\n\t\t\t\t\t<h3 id=\"elementor-tab-title-8601\" class=\"elementor-tab-title\" data-tab=\"1\" role=\"button\" aria-controls=\"elementor-tab-content-8601\" aria-expanded=\"false\">\n\t\t\t\t\t\t\t\t\t\t\t\t\t<span class=\"elementor-accordion-icon elementor-accordion-icon-right\" aria-hidden=\"true\">\n\t\t\t\t\t\t\t\t\t\t\t\t\t\t\t<span class=\"elementor-accordion-icon-closed\"><i class=\"fas fa-plus\"><\/i><\/span>\n\t\t\t\t\t\t\t\t<span class=\"elementor-accordion-icon-opened\"><i class=\"fas fa-minus\"><\/i><\/span>\n\t\t\t\t\t\t\t\t\t\t\t\t\t\t<\/span>\n\t\t\t\t\t\t\t\t\t\t\t\t<a class=\"elementor-accordion-title\" tabindex=\"0\">De ce sunt ciupercile Cambodian o alegere bun\u0103 pentru cei care doresc c\u0103l\u0103torii vizuale?<\/a>\n\t\t\t\t\t<\/h3>\n\t\t\t\t\t<div id=\"elementor-tab-content-8601\" class=\"elementor-tab-content elementor-clearfix\" data-tab=\"1\" role=\"region\" aria-labelledby=\"elementor-tab-title-8601\"><p>Ciupercile Cambodian sunt renumite pentru efectele lor vizuale intense, ceea ce le face s\u0103 fie o alegere de top pentru cei care caut\u0103 o experien\u021b\u0103 psihedelic\u0103 colorat\u0103 \u0219i stimulant\u0103 din punct de vedere vizual. Aceste ciuperci v\u0103 pot modifica percep\u021bia asupra culorilor, formelor \u0219i modelelor, f\u0103c\u00e2nd ca mediul \u00eenconjur\u0103tor s\u0103 par\u0103 c\u0103 danseaz\u0103 \u0219i pulseaz\u0103 cu o nou\u0103 vibra\u021bie. Experien\u021ba v\u0103 poate schimba temporar viziunea asupra lumii din jurul dumneavoastr\u0103, f\u0103c\u00e2ndu-v\u0103 s\u0103 vede\u021bi frumuse\u021bea \u00een lucruri pe care poate le-a\u021bi trecut cu vederea \u00eenainte. Dac\u0103 sunte\u021bi interesat de alte specii de ciuperci care pot oferi, de asemenea, experien\u021be vizuale, v\u0103 recomand\u0103m s\u0103 v\u0103 uita\u021bi la <a href=\"https:\/\/www.paddo.shop\/ro\/mexican-paddo-growkit\/\" target=\"_new\">Mexican Paddo Growkit<\/a> s\u0103 fie ceva \u0219i pentru tine. Aceste ciuperci magice sunt, de asemenea, cunoscute pentru capacitatea lor de a induce halucina\u021bii vizuale \u0219i alterarea percep\u021biei realit\u0103\u021bii.<\/p>\n<\/div>\n\t\t\t\t<\/div>\n\t\t\t\t\t\t\t<div class=\"elementor-accordion-item\">\n\t\t\t\t\t<h3 id=\"elementor-tab-title-8602\" class=\"elementor-tab-title\" data-tab=\"2\" role=\"button\" aria-controls=\"elementor-tab-content-8602\" aria-expanded=\"false\">\n\t\t\t\t\t\t\t\t\t\t\t\t\t<span class=\"elementor-accordion-icon elementor-accordion-icon-right\" aria-hidden=\"true\">\n\t\t\t\t\t\t\t\t\t\t\t\t\t\t\t<span class=\"elementor-accordion-icon-closed\"><i class=\"fas fa-plus\"><\/i><\/span>\n\t\t\t\t\t\t\t\t<span class=\"elementor-accordion-icon-opened\"><i class=\"fas fa-minus\"><\/i><\/span>\n\t\t\t\t\t\t\t\t\t\t\t\t\t\t<\/span>\n\t\t\t\t\t\t\t\t\t\t\t\t<a class=\"elementor-accordion-title\" tabindex=\"0\">Cum pot face fa\u021b\u0103 schimb\u0103rilor de temperatur\u0103 \u00een timpul cultiv\u0103rii ciupercilor Cambodian?<\/a>\n\t\t\t\t\t<\/h3>\n\t\t\t\t\t<div id=\"elementor-tab-content-8602\" class=\"elementor-tab-content elementor-clearfix\" data-tab=\"2\" role=\"region\" aria-labelledby=\"elementor-tab-title-8602\"><p>Temperatura joac\u0103 un rol crucial \u00een cultivarea ciupercilor Cambodian. \u00cen mod ideal, aceste ciuperci ar trebui cultivate la o temperatur\u0103 constant\u0103 \u00eentre 21 \u0219i 24 de grade Celsius. Cu toate acestea, dac\u0103 temperatura din casa dvs. fluctueaz\u0103, exist\u0103 modalit\u0103\u021bi de a gestiona acest lucru. \u00cen perioadele mai reci, pute\u021bi folosi un covora\u0219 de \u00eenc\u0103lzire pentru a men\u021bine temperatura, iar \u00een perioadele mai calde le pute\u021bi plasa \u00eentr-o camer\u0103 mai r\u0103coroas\u0103 sau pute\u021bi folosi un ventilator pentru a reduce temperatura. Dac\u0103 ave\u021bi \u00een vedere s\u0103 cultiva\u021bi \u00een diferite anotimpuri \u0219i sunte\u021bi \u00eengrijorat de fluctua\u021biile de temperatur\u0103, o tulpin\u0103 alternativ\u0103, cum ar fi cele din <a href=\"https:\/\/www.paddo.shop\/ro\/ecuadorian-paddo-growkit\/\" target=\"_new\">Ecuadorian Paddo Growkit<\/a> sunt o alegere bun\u0103 datorit\u0103 capacit\u0103\u021bii lor de a se dezvolta \u00eentr-o gam\u0103 larg\u0103 de temperaturi.<\/p>\n<\/div>\n\t\t\t\t<\/div>\n\t\t\t\t\t\t\t<div class=\"elementor-accordion-item\">\n\t\t\t\t\t<h3 id=\"elementor-tab-title-8603\" class=\"elementor-tab-title\" data-tab=\"3\" role=\"button\" aria-controls=\"elementor-tab-content-8603\" aria-expanded=\"false\">\n\t\t\t\t\t\t\t\t\t\t\t\t\t<span class=\"elementor-accordion-icon elementor-accordion-icon-right\" aria-hidden=\"true\">\n\t\t\t\t\t\t\t\t\t\t\t\t\t\t\t<span class=\"elementor-accordion-icon-closed\"><i class=\"fas fa-plus\"><\/i><\/span>\n\t\t\t\t\t\t\t\t<span class=\"elementor-accordion-icon-opened\"><i class=\"fas fa-minus\"><\/i><\/span>\n\t\t\t\t\t\t\t\t\t\t\t\t\t\t<\/span>\n\t\t\t\t\t\t\t\t\t\t\t\t<a class=\"elementor-accordion-title\" tabindex=\"0\">Ciupercile Cambodian din acest kit de cultivare sunt rezistente la anumite ciuperci comune?<\/a>\n\t\t\t\t\t<\/h3>\n\t\t\t\t\t<div id=\"elementor-tab-content-8603\" class=\"elementor-tab-content elementor-clearfix\" data-tab=\"3\" role=\"region\" aria-labelledby=\"elementor-tab-title-8603\"><p>De\u0219i ciupercile Cambodian pot avea un anumit grad de rezisten\u021b\u0103 \u00eempotriva unor ciuperci, ele nu sunt imune. Mucegaiul este o problem\u0103 frecvent\u0103 \u00een cultura ciupercilor, iar cea mai bun\u0103 ap\u0103rare \u00eempotriva acestuia este prevenirea. Aceasta include m\u0103suri cum ar fi men\u021binerea unei bune igiene, evitarea umezelii excesive \u0219i asigurarea unei circula\u021bii adecvate a aerului. Dac\u0103 observa\u021bi mucegai \u00een trusa de cultur\u0103, este important s\u0103 cur\u0103\u021ba\u021bi zona afectat\u0103 sau, \u00een cazuri grave, s\u0103 \u00eendep\u0103rta\u021bi p\u0103r\u021bile infectate pentru a preveni r\u0103sp\u00e2ndirea ulterioar\u0103. Pentru ajutor \u00een identificarea \u0219i tratarea d\u0103un\u0103torilor \u0219i bolilor comune, consulta\u021bi pagina noastr\u0103 de <a href=\"https:\/\/www.paddo.shop\/ro\/contact\/\" target=\"_new\">pagina de contact<\/a> consulta\u021bi pentru a primi ajutor de la exper\u021bii no\u0219tri.<\/p>\n<\/div>\n\t\t\t\t<\/div>\n\t\t\t\t\t\t\t<div class=\"elementor-accordion-item\">\n\t\t\t\t\t<h3 id=\"elementor-tab-title-8604\" class=\"elementor-tab-title\" data-tab=\"4\" role=\"button\" aria-controls=\"elementor-tab-content-8604\" aria-expanded=\"false\">\n\t\t\t\t\t\t\t\t\t\t\t\t\t<span class=\"elementor-accordion-icon elementor-accordion-icon-right\" aria-hidden=\"true\">\n\t\t\t\t\t\t\t\t\t\t\t\t\t\t\t<span class=\"elementor-accordion-icon-closed\"><i class=\"fas fa-plus\"><\/i><\/span>\n\t\t\t\t\t\t\t\t<span class=\"elementor-accordion-icon-opened\"><i class=\"fas fa-minus\"><\/i><\/span>\n\t\t\t\t\t\t\t\t\t\t\t\t\t\t<\/span>\n\t\t\t\t\t\t\t\t\t\t\t\t<a class=\"elementor-accordion-title\" tabindex=\"0\">Cum difer\u0103 efectele ciupercilor Cambodian de cele ale altor specii?<\/a>\n\t\t\t\t\t<\/h3>\n\t\t\t\t\t<div id=\"elementor-tab-content-8604\" class=\"elementor-tab-content elementor-clearfix\" data-tab=\"4\" role=\"region\" aria-labelledby=\"elementor-tab-title-8604\"><p>Efectele ciupercilor Cambodian pot varia de la o persoan\u0103 la alta, dar sunt \u00een general cunoscute pentru calit\u0103\u021bile lor vizuale \u0219i introspective. \u00cen timp ce v\u0103 pute\u021bi a\u0219tepta la o c\u0103l\u0103torie vizual\u0103 intens\u0103 cu ciupercile magice Cambodian, alte soiuri, cum ar fi cele din categoria <a href=\"https:\/\/www.paddo.shop\/ro\/golden-teacher-paddo-growkit\/\" target=\"_new\">Golden Teacher Paddo Growkit<\/a> ofer\u0103 o experien\u021b\u0103 mai spiritual\u0103 sau mai iluminatoare. Ciupercile magice Golden Teacher sunt cunoscute pentru capacitatea lor de a-i ajuta pe utilizatori s\u0103 dob\u00e2ndeasc\u0103 perspective \u0219i \u00een\u021belegeri mai profunde. A\u0219adar, \u00een func\u021bie de ceea ce c\u0103uta\u021bi la o experien\u021b\u0103 psihedelic\u0103, pute\u021bi alege \u00eentre aceste tulpini diferite. Este fascinant modul \u00een care diferitele tipuri de ciuperci magice pot oferi experien\u021be unice, iar explorarea acestor diferen\u021be poate fi o c\u0103l\u0103torie interesant\u0103 \u00een sine!<\/p>\n<\/div>\n\t\t\t\t<\/div>\n\t\t\t\t\t\t\t<div class=\"elementor-accordion-item\">\n\t\t\t\t\t<h3 id=\"elementor-tab-title-8605\" class=\"elementor-tab-title\" data-tab=\"5\" role=\"button\" aria-controls=\"elementor-tab-content-8605\" aria-expanded=\"false\">\n\t\t\t\t\t\t\t\t\t\t\t\t\t<span class=\"elementor-accordion-icon elementor-accordion-icon-right\" aria-hidden=\"true\">\n\t\t\t\t\t\t\t\t\t\t\t\t\t\t\t<span class=\"elementor-accordion-icon-closed\"><i class=\"fas fa-plus\"><\/i><\/span>\n\t\t\t\t\t\t\t\t<span class=\"elementor-accordion-icon-opened\"><i class=\"fas fa-minus\"><\/i><\/span>\n\t\t\t\t\t\t\t\t\t\t\t\t\t\t<\/span>\n\t\t\t\t\t\t\t\t\t\t\t\t<a class=\"elementor-accordion-title\" tabindex=\"0\">C\u00e2t de important\u0103 este umiditatea pentru cre\u0219terea ciupercilor Cambodian \u00een acest kit de cre\u0219tere?<\/a>\n\t\t\t\t\t<\/h3>\n\t\t\t\t\t<div id=\"elementor-tab-content-8605\" class=\"elementor-tab-content elementor-clearfix\" data-tab=\"5\" role=\"region\" aria-labelledby=\"elementor-tab-title-8605\"><p>Umiditatea este absolut crucial\u0103 pentru cre\u0219terea ciupercilor Cambodian. Ciupercile au nevoie de umiditate ridicat\u0103 pentru a cre\u0219te \u00een mod corespunz\u0103tor, iar acest lucru este deosebit de important \u00een primele etape ale dezvolt\u0103rii lor. Umiditatea adecvat\u0103 asigur\u0103 o dezvoltare s\u0103n\u0103toas\u0103 a miceliului, ceea ce duce, \u00een cele din urm\u0103, la o recolt\u0103 abundent\u0103. Men\u021binerea unei umidit\u0103\u021bi adecvate poate fi realizat\u0103 prin pulverizare regulat\u0103 \u0219i prin utilizarea unui higrometru pentru a monitoriza nivelul de umiditate. De asemenea, este recomandabil s\u0103 plasa\u021bi kitul de cultur\u0103 \u00eentr-o camer\u0103 \u00een care se men\u021bine umiditatea natural\u0103, departe de ventilatoarele de \u00eenc\u0103lzire sau de aparatele de aer condi\u021bionat care pot usca aerul. Pentru sfaturi mai detaliate despre cum s\u0103 men\u021bine\u021bi nivelul de umiditate, vizita\u021bi pagina noastr\u0103 de internet <a href=\"https:\/\/www.paddo.shop\/ro\/paddo-growkit-kweekverslag\/\" target=\"_new\">pagina raportului de cre\u0219tere a animalelor<\/a> Vizita\u021bi-ne pentru sfaturi \u0219i \u00eendrum\u0103ri practice.<\/p>\n<\/div>\n\t\t\t\t<\/div>\n\t\t\t\t\t\t\t\t\t\t<script type=\"application\/ld+json\">{\n    \"@context\": \"https:\\\/\\\/schema.org\",\n    \"@type\": \"FAQPage\",\n    \"mainEntity\": [\n        {\n            \"@type\": \"Question\",\n            \"name\": \"Waarom zijn Cambodian paddo\\u2019s een goede keuze voor diegenen die op zoek zijn naar visuele trips?\",\n            \"acceptedAnswer\": {\n                \"@type\": \"Answer\",\n                \"text\": \"<p>Cambodian paddo&#8217;s zijn befaamd om hun intense visuele effecten, wat ze een topkeuze maakt voor diegenen die op zoek zijn naar een kleurrijke en visueel stimulerende psychedelische ervaring. Deze paddo\\u2019s kunnen je perceptie van kleuren, vormen en patronen veranderen, waardoor je omgeving lijkt te dansen en te pulseren met een nieuwe levendigheid. De ervaring kan je blik op de wereld om je heen tijdelijk veranderen, waardoor je de schoonheid in dingen ziet die je misschien eerder over het hoofd hebt gezien. Als je ge\\u00efnteresseerd bent in andere paddosoorten die ook visuele ervaringen kunnen bieden, kan de <a href=\\\"https:\\\/\\\/www.paddo.shop\\\/mexican-paddo-growkit\\\/\\\" target=\\\"_new\\\">Mexican Paddo Growkit<\\\/a> ook iets voor jou zijn. Deze paddo&#8217;s staan ook bekend om hun vermogen om visuele hallucinaties en een veranderde perceptie van de realiteit te veroorzaken.<\\\/p>\\n\"\n            }\n        },\n        {\n            \"@type\": \"Question\",\n            \"name\": \"Hoe ga ik om met temperatuurveranderingen tijdens het kweken van Cambodian paddo\\u2019s?\",\n            \"acceptedAnswer\": {\n                \"@type\": \"Answer\",\n                \"text\": \"<p>Temperatuur speelt een cruciale rol bij het kweken van Cambodian paddo\\u2019s. Idealiter moeten deze paddo\\u2019s worden gekweekt bij een constante temperatuur tussen de 21 en 24 graden Celsius. Echter, als de temperatuur in je huis fluctueert, zijn er manieren om dit te beheren. In koudere periodes kun je een verwarmingsmat gebruiken om de temperatuur op peil te houden, en in warmere periodes kun je ze in een koelere kamer plaatsen of een ventilator gebruiken om de temperatuur te verlagen. Als je overweegt om in verschillende seizoenen te kweken en je zorgen maakt over temperatuurschommelingen, kan een alternatieve soort zoals die in de <a href=\\\"https:\\\/\\\/www.paddo.shop\\\/ecuadorian-paddo-growkit\\\/\\\" target=\\\"_new\\\">Ecuadorian Paddo Growkit<\\\/a> een goede keuze zijn, vanwege hun vermogen om te gedijen in een breed scala aan temperaturen.<\\\/p>\\n\"\n            }\n        },\n        {\n            \"@type\": \"Question\",\n            \"name\": \"Zijn Cambodian paddo's in deze growkit resistent tegen bepaalde veel voorkomende schimmels?\",\n            \"acceptedAnswer\": {\n                \"@type\": \"Answer\",\n                \"text\": \"<p>Hoewel Cambodian paddo\\u2019s een bepaalde mate van veerkracht kunnen hebben tegen sommige schimmels, zijn ze niet immuun. Schimmelvorming is een veelvoorkomend probleem in de paddokweek, en de beste verdediging hiertegen is preventie. Dit omvat maatregelen zoals het handhaven van een goede hygi\\u00ebne, het vermijden van overbevochtiging, en het zorgen voor voldoende luchtcirculatie. Als je merkt dat er schimmel in je growkit zit, is het belangrijk om het getroffen gebied schoon te maken of, in ernstige gevallen, de besmette delen te verwijderen om verdere verspreiding te voorkomen. Voor hulp bij het identificeren en behandelen van veel voorkomende plagen en ziekten, kun je onze <a href=\\\"https:\\\/\\\/www.paddo.shop\\\/contact\\\/\\\" target=\\\"_new\\\">contactpagina<\\\/a> raadplegen om hulp te krijgen van onze experts.<\\\/p>\\n\"\n            }\n        },\n        {\n            \"@type\": \"Question\",\n            \"name\": \"Hoe onderscheiden de effecten van Cambodian paddo's zich van andere soorten?\",\n            \"acceptedAnswer\": {\n                \"@type\": \"Answer\",\n                \"text\": \"<p>De effecten van Cambodian paddo&#8217;s kunnen vari\\u00ebren van persoon tot persoon, maar staan over het algemeen bekend om hun visuele en introspectieve kwaliteiten. Terwijl je met Cambodian paddo&#8217;s een intense visuele reis kunt verwachten, kunnen andere soorten zoals die in de <a href=\\\"https:\\\/\\\/www.paddo.shop\\\/golden-teacher-paddo-growkit\\\/\\\" target=\\\"_new\\\">Golden Teacher Paddo Growkit<\\\/a> een meer spirituele of verlichtende ervaring bieden. Golden Teacher paddo&#8217;s zijn bekend om hun vermogen om gebruikers te helpen diepere inzichten en begrip te verkrijgen. Dus, afhankelijk van wat je zoekt in een psychedelische ervaring, kun je kiezen tussen deze verschillende soorten. Het is fascinerend hoe verschillende soorten paddo&#8217;s unieke ervaringen kunnen bieden, en het verkennen van deze verschillen kan een spannende reis op zich zijn!<\\\/p>\\n\"\n            }\n        },\n        {\n            \"@type\": \"Question\",\n            \"name\": \"Hoe belangrijk is luchtvochtigheid voor de groei van Cambodian paddo\\u2019s in deze growkit?\",\n            \"acceptedAnswer\": {\n                \"@type\": \"Answer\",\n                \"text\": \"<p>Luchtvochtigheid is absoluut cruciaal voor de groei van Cambodian paddo\\u2019s. Paddo\\u2019s hebben een hoge luchtvochtigheid nodig om goed te kunnen groeien, en dit is vooral belangrijk in de vroege stadia van hun ontwikkeling. Een juiste luchtvochtigheid zorgt voor een gezonde myceliumontwikkeling, wat uiteindelijk leidt tot een overvloedige oogst. Het handhaven van de juiste luchtvochtigheid kan worden bereikt door regelmatig te sproeien en het gebruik van een hygrometer om de vochtigheidsniveaus te monitoren. Het is ook aan te raden om de growkit in een ruimte te plaatsen waar natuurlijke vochtigheid wordt behouden, weg van verwarmingsventilatoren of airconditioners die de lucht kunnen uitdrogen. Voor meer gedetailleerde tips over hoe je de luchtvochtigheid op peil kunt houden, kun je onze <a href=\\\"https:\\\/\\\/www.paddo.shop\\\/paddo-growkit-kweekverslag\\\/\\\" target=\\\"_new\\\">kweekverslag pagina<\\\/a> bezoeken voor praktische adviezen en begeleiding.<\\\/p>\\n\"\n            }\n        }\n    ]\n}<\/script>\n\t\t\t\t\t<\/div>\n\t\t\t\t\t\t<\/div>\n\t\t\t\t<\/div>\n\t\t\t\t\t<\/div>\n\t\t<\/div>\n\t\t\t\t\t<\/div>\n\t\t<\/section>\n\t\t\t\t<\/div>","protected":false},"excerpt":{"rendered":"<p>Ai chef de o excursie distractiv\u0103 cu imagini grozave? Atunci \u00eencerca\u021bi Cambodian Paddo Growkit. Aceste ciuperci rezonabil de puternice sunt adesea alese de c\u0103tre psihonauturile experimentate. Nici randamentul Cambodian Paddo Growkit nu dezam\u0103ge\u0219te pe nimeni. \u00centr-adev\u0103r, \u00een medie, acest growkit dep\u0103\u0219e\u0219te restul familiei sale. Cambodian Paddo Growkit, u\u0219or de configurat, con\u021bine: kitul de cultivare, o pung\u0103 de cultivare \u0219i 2 agrafe de h\u00e2rtie. Nu putem face mai u\u0219or de at\u00e2t!<\/p>","protected":false},"featured_media":5879,"comment_status":"closed","ping_status":"closed","template":"","meta":{"_acf_changed":false},"etheme_brands":[{"term_id":50,"name":"McSmart","slug":"mcsmart","term_group":0,"term_taxonomy_id":50,"taxonomy":"brand","description":"","parent":0,"count":11,"filter":"raw"}],"product_brand":[],"product_cat":[15],"product_tag":[],"class_list":{"0":"post-5252","1":"product","2":"type-product","3":"status-publish","4":"has-post-thumbnail","6":"brand-mcsmart","7":"product_cat-growkits","9":"first","10":"instock","11":"taxable","12":"shipping-taxable","13":"purchasable","14":"product-type-variable","15":"has-default-attributes"},"acf":[],"_links":{"self":[{"href":"https:\/\/www.paddo.shop\/ro\/wp-json\/wp\/v2\/product\/5252","targetHints":{"allow":["GET"]}}],"collection":[{"href":"https:\/\/www.paddo.shop\/ro\/wp-json\/wp\/v2\/product"}],"about":[{"href":"https:\/\/www.paddo.shop\/ro\/wp-json\/wp\/v2\/types\/product"}],"replies":[{"embeddable":true,"href":"https:\/\/www.paddo.shop\/ro\/wp-json\/wp\/v2\/comments?post=5252"}],"wp:featuredmedia":[{"embeddable":true,"href":"https:\/\/www.paddo.shop\/ro\/wp-json\/wp\/v2\/media\/5879"}],"wp:attachment":[{"href":"https:\/\/www.paddo.shop\/ro\/wp-json\/wp\/v2\/media?parent=5252"}],"wp:term":[{"taxonomy":"brand","embeddable":true,"href":"https:\/\/www.paddo.shop\/ro\/wp-json\/wp\/v2\/etheme_brands?post=5252"},{"taxonomy":"product_brand","embeddable":true,"href":"https:\/\/www.paddo.shop\/ro\/wp-json\/wp\/v2\/product_brand?post=5252"},{"taxonomy":"product_cat","embeddable":true,"href":"https:\/\/www.paddo.shop\/ro\/wp-json\/wp\/v2\/product_cat?post=5252"},{"taxonomy":"product_tag","embeddable":true,"href":"https:\/\/www.paddo.shop\/ro\/wp-json\/wp\/v2\/product_tag?post=5252"}],"curies":[{"name":"wp","href":"https:\/\/api.w.org\/{rel}","templated":true}]}}