{"id":5894,"date":"2022-08-01T15:54:25","date_gmt":"2022-08-01T13:54:25","guid":{"rendered":"https:\/\/www.paddo.shop\/?page_id=5894"},"modified":"2024-08-20T11:59:20","modified_gmt":"2024-08-20T09:59:20","slug":"partners","status":"publish","type":"page","link":"https:\/\/www.paddo.shop\/ro\/partners\/","title":{"rendered":"Parteneri"},"content":{"rendered":"<div data-elementor-type=\"wp-page\" data-elementor-id=\"5894\" class=\"elementor elementor-5894\" data-elementor-post-type=\"page\">\n\t\t\t\t\t\t<section class=\"elementor-section elementor-top-section elementor-element elementor-element-5abf2a6 elementor-section-boxed elementor-section-height-default elementor-section-height-default\" data-id=\"5abf2a6\" data-element_type=\"section\">\n\t\t\t\t\t\t<div class=\"elementor-container elementor-column-gap-default\">\n\t\t\t\t\t<div class=\"elementor-column elementor-col-100 elementor-top-column elementor-element elementor-element-e4d511e\" data-id=\"e4d511e\" data-element_type=\"column\">\n\t\t\t<div class=\"elementor-widget-wrap elementor-element-populated\">\n\t\t\t\t\t\t<div class=\"elementor-element elementor-element-392eff0 elementor-widget elementor-widget-text-editor\" data-id=\"392eff0\" data-element_type=\"widget\" data-widget_type=\"text-editor.default\">\n\t\t\t\t<div class=\"elementor-widget-container\">\n\t\t\t\t\t\t\t\t\t<h2>Ne \u00eemp\u0103rt\u0103\u0219im cuno\u0219tin\u021bele<\/h2><p>Din nefericire, exist\u0103 \u00eenc\u0103 tabuuri uria\u0219e \u00een jurul trufelor magice \u0219i a substan\u021belor psihedelice \u00een general. \u00cen ceea ce ne prive\u0219te, acest lucru este extrem de nejustificat. La urma urmei, atunci c\u00e2nd sunt folosite \u00een mod corespunz\u0103tor, psihedelicele pot ad\u0103uga foarte multe la via\u021ba unui om. Din nefericire, continu\u0103m s\u0103 fim \u00eempin\u0219i prea mult \u00eentr-un col\u021b blestemat. Este timpul s\u0103 schimb\u0103m acest lucru \u0219i suntem bucuro\u0219i s\u0103 ne facem partea noastr\u0103. Facem acest lucru fiind c\u00e2t se poate de transparen\u021bi \u0219i oferind informa\u021bii bune despre produsele noastre. Totul \u00eencepe de aici. Ne place s\u0103 transform\u0103m psihedelicele \u00een ceva frumos din nou, \u00een loc de ceva \u00eenfrico\u0219\u0103tor sau r\u0103u.<\/p><h2>The Headshop &amp; Tatanka<\/h2><p>\u00cen acest scop, ne-am unit for\u021bele cu unele p\u0103r\u021bi renumite din domeniul produselor inteligente. De exemplu, lucr\u0103m \u00eempreun\u0103 cu <a href=\"https:\/\/www.headshop.nl\/\" target=\"_blank\" rel=\"noopener\">The Headshop<\/a> &amp; <a href=\"https:\/\/www.tatanka.nl\/\" target=\"_blank\" rel=\"noopener\">Tatanka<\/a>. Aceste magazine se num\u0103r\u0103 printre cele mai vechi magazine inteligente \u0219i de c\u0103p\u0103t\u00e2i din \u021a\u0103rile de Jos. A\u0219adar, \u00een ceea ce prive\u0219te cuno\u0219tin\u021bele \u0219i experien\u021ba, nu exist\u0103 parteneri mai buni.<\/p><h2>Smartific<\/h2><p>Colabor\u0103m, de asemenea, cu uimitorul magazin online interna\u021bional de produse inteligente Smartific. <a href=\"https:\/\/smartific.nl\/\" target=\"_blank\" rel=\"noopener\">Smartific.co.uk<\/a> \u0219i <a href=\"https:\/\/smartific.com\/\" target=\"_blank\" rel=\"noopener\">Smartfic.com<\/a> are o gam\u0103 larg\u0103 de produse online, dar este cunoscut\u0103 \u0219i pentru smartwiki. Pe acest smartwiki, ei \u00eemp\u0103rt\u0103\u0219esc toate cuno\u0219tin\u021bele, expertiza \u0219i cercetarea \u00een domeniul produselor inteligente. \u0218i acestea sunt cuno\u0219tin\u021be pe care ne bucur\u0103m s\u0103 le folosim.<\/p><p>Prin aceste colabor\u0103ri, sper\u0103m s\u0103 contribuim la cre\u0219terea transparen\u021bei pie\u021bei.<\/p><h2 data-pm-slice=\"1 1 []\">McSmart angrosistul pentru smartshop-uri<\/h2><p>Noi, cei de la Paddo.shop, suntem m\u00e2ndri de parteneriatul nostru cu <a href=\"https:\/\/www.mcsmart.com\/\" target=\"_blank\" rel=\"noopener\">McSmart<\/a>, cel mai important angrosist pentru smartshop-uri. Acest parteneriat ne permite s\u0103 oferim clien\u021bilor no\u0219tri o gam\u0103 larg\u0103 de produse de \u00eenalt\u0103 calitate, inclusiv Growkits pe care \u00eel vindem. McSmart este cunoscut pentru fiabilitatea, inova\u021bia \u0219i calitatea superioar\u0103 a produselor sale, ceea ce se potrive\u0219te perfect cu misiunea noastr\u0103 de a oferi cele mai bune produse de pe pia\u021b\u0103. Fie c\u0103 sunte\u021bi un cultivator nou sau un utilizator experimentat, produsele McSmart v\u0103 vor asigura cea mai bun\u0103 experien\u021b\u0103 posibil\u0103. Vizita\u021bi magazinul nostru \u0219i descoperi\u021bi gama de produse McSmart.<\/p>\t\t\t\t\t\t\t\t<\/div>\n\t\t\t\t<\/div>\n\t\t\t\t\t<\/div>\n\t\t<\/div>\n\t\t\t\t\t<\/div>\n\t\t<\/section>\n\t\t\t\t<\/div>","protected":false},"excerpt":{"rendered":"<p>\u00cemp\u0103rt\u0103\u0219im cuno\u0219tin\u021bele noastre Din p\u0103cate, exist\u0103 \u00eenc\u0103 tabuuri uria\u0219e \u00een jurul trufelor magice \u0219i a substan\u021belor psihedelice \u00een general. \u00cen ceea ce ne prive\u0219te, extrem de nejustificate. Atunci c\u00e2nd psihedelicele sunt...<\/p>","protected":false},"author":2,"featured_media":0,"parent":0,"menu_order":0,"comment_status":"closed","ping_status":"closed","template":"","meta":{"_acf_changed":false,"footnotes":""},"class_list":["post-5894","page","type-page","status-publish","hentry"],"acf":[],"_links":{"self":[{"href":"https:\/\/www.paddo.shop\/ro\/wp-json\/wp\/v2\/pages\/5894","targetHints":{"allow":["GET"]}}],"collection":[{"href":"https:\/\/www.paddo.shop\/ro\/wp-json\/wp\/v2\/pages"}],"about":[{"href":"https:\/\/www.paddo.shop\/ro\/wp-json\/wp\/v2\/types\/page"}],"author":[{"embeddable":true,"href":"https:\/\/www.paddo.shop\/ro\/wp-json\/wp\/v2\/users\/2"}],"replies":[{"embeddable":true,"href":"https:\/\/www.paddo.shop\/ro\/wp-json\/wp\/v2\/comments?post=5894"}],"version-history":[{"count":0,"href":"https:\/\/www.paddo.shop\/ro\/wp-json\/wp\/v2\/pages\/5894\/revisions"}],"wp:attachment":[{"href":"https:\/\/www.paddo.shop\/ro\/wp-json\/wp\/v2\/media?parent=5894"}],"curies":[{"name":"wp","href":"https:\/\/api.w.org\/{rel}","templated":true}]}}