{"id":5661,"date":"2022-07-27T10:09:33","date_gmt":"2022-07-27T08:09:33","guid":{"rendered":"https:\/\/www.paddo.shop\/?page_id=5661"},"modified":"2024-10-15T09:02:58","modified_gmt":"2024-10-15T07:02:58","slug":"paddo-growkit-kweekverslag","status":"publish","type":"page","link":"https:\/\/www.paddo.shop\/ro\/paddo-growkit-kweekverslag\/","title":{"rendered":"Ciuperc\u0103 Growkit Raport de cultivare"},"content":{"rendered":"<div data-elementor-type=\"wp-page\" data-elementor-id=\"5661\" class=\"elementor elementor-5661\" data-elementor-post-type=\"page\">\n\t\t\t\t\t\t<section class=\"elementor-section elementor-top-section elementor-element elementor-element-6da08d04 elementor-section-boxed elementor-section-height-default elementor-section-height-default\" data-id=\"6da08d04\" data-element_type=\"section\" data-e-type=\"section\">\n\t\t\t\t\t\t<div class=\"elementor-container elementor-column-gap-default\">\n\t\t\t\t\t<div class=\"elementor-column elementor-col-100 elementor-top-column elementor-element elementor-element-76f56ffd\" data-id=\"76f56ffd\" data-element_type=\"column\" data-e-type=\"column\">\n\t\t\t<div class=\"elementor-widget-wrap elementor-element-populated\">\n\t\t\t\t\t\t<div class=\"elementor-element elementor-element-24e06a2 elementor-widget elementor-widget-text-editor\" data-id=\"24e06a2\" data-element_type=\"widget\" data-e-type=\"widget\" data-widget_type=\"text-editor.default\">\n\t\t\t\t<div class=\"elementor-widget-container\">\n\t\t\t\t\t\t\t\t\t<h2>Cultivarea unui kit de cre\u0219tere a ciupercilor magice<\/h2>\n<p>C\u00e2t cost\u0103 un <a href=\"\/ro\/growkits\/\">kit de cre\u0219tere a ciupercilor<\/a> ce fac ei de fapt? Primim aceast\u0103 \u00eentrebare \u00een fiecare s\u0103pt\u0103m\u00e2n\u0103, motiv pentru care am creat o serie de kituri de testare a cre\u0219terii. \u00cen acest fel, am f\u0103cut o estimare a ceea ce v\u0103 pute\u021bi a\u0219tepta de la kitul dvs. de cre\u0219tere a ciupercilor. \u021aine\u021bi cont de faptul c\u0103 diferi\u021bi factori pot influen\u021ba randamentul. O temperatur\u0103 prea rece sau o schimbare de temperatur\u0103 poate avea un efect, dar \u0219i calitatea apei pe care o folosi\u021bi, aten\u021bia pe care o acorda\u021bi kitului de cultivare a ciupercilor \u0219i un mediu de lucru curat sau murdar pot avea o influen\u021b\u0103. Arunca\u021bi, de asemenea, o privire pe site-ul nostru <a href=\"https:\/\/www.paddo.shop\/ro\/growkit-instructies\/\">instruc\u021biuni \u0219i sfaturi pentru kitul de cre\u0219tere<\/a>, \u00een acest fel ve\u021bi fi preg\u0103tit s\u0103 \u00eencepe\u021bi s\u0103 v\u0103 cultiva\u021bi kitul de cre\u0219tere a ciupercilor.<\/p>\n<h2>Ciuperci cresc kit de cultivare raport de cultivare<\/h2>\n<p>Mai jos ve\u021bi g\u0103si detalii zi de zi despre pa\u0219ii prin care am trecut \u00een timpul raportului nostru de cultivare a kitului de cultivare a ciupercilor. Nu mai pute\u021bi a\u0219tepta? Atunci po\u021bi consulta imediat rezumatul de mai jos. Pentru raportul nostru de cultivare, am folosit <a href=\"https:\/\/www.paddo.shop\/ro\/golden-teacher-paddo-growkit\/\">Golden Teacher ciuperci<\/a> ales. Acestea se num\u0103r\u0103 printre cele mai populare specii de ciuperci magice din prezent.<\/p>\t\t\t\t\t\t\t\t<\/div>\n\t\t\t\t<\/div>\n\t\t\t\t<div class=\"elementor-element elementor-element-33130382 elementor-widget elementor-widget-text-editor\" data-id=\"33130382\" data-element_type=\"widget\" data-e-type=\"widget\" data-widget_type=\"text-editor.default\">\n\t\t\t\t<div class=\"elementor-widget-container\">\n\t\t\t\t\t\t\t\t\t<p><\/p>\n<h2 class=\"wp-block-heading\"><strong style=\"font-size: calc(var(--h3-size-proportion) * 1rem); background-color: var(--et_container-bg-color, transparent);\">Ciuperci cresc kit de cultivare a kitului de cultivare rezumat al raportului<\/strong><\/h2>\n<p><\/p>\n<p><\/p>\t\t\t\t\t\t\t\t<\/div>\n\t\t\t\t<\/div>\n\t\t\t\t<section class=\"elementor-section elementor-inner-section elementor-element elementor-element-360ac11 elementor-hidden-mobile elementor-hidden-tablet elementor-section-boxed elementor-section-height-default elementor-section-height-default\" data-id=\"360ac11\" data-element_type=\"section\" data-e-type=\"section\">\n\t\t\t\t\t\t<div class=\"elementor-container elementor-column-gap-default\">\n\t\t\t\t\t<div class=\"elementor-column elementor-col-33 elementor-inner-column elementor-element elementor-element-052c331\" data-id=\"052c331\" data-element_type=\"column\" data-e-type=\"column\" data-settings=\"{&quot;background_background&quot;:&quot;classic&quot;}\">\n\t\t\t<div class=\"elementor-widget-wrap elementor-element-populated\">\n\t\t\t\t\t\t<div class=\"elementor-element elementor-element-568c429 elementor-widget elementor-widget-text-editor\" data-id=\"568c429\" data-element_type=\"widget\" data-e-type=\"widget\" data-widget_type=\"text-editor.default\">\n\t\t\t\t<div class=\"elementor-widget-container\">\n\t\t\t\t\t\t\t\t\t<h2><b>250 cc (mic)<\/b><\/h2>\n<p><b>Num\u0103r de zile<\/b><span style=\"font-weight: 400;\">:<br \/><\/span><span style=\"font-weight: 400;\">35 de zile<\/span><\/p>\n<p><b>Venituri totale<\/b><span style=\"font-weight: 400;\">:<br \/><\/span><span style=\"font-weight: 400;\">311 grame<\/span><\/p>\n<p><b>Num\u0103rul de sp\u0103l\u0103turi:<br \/><\/b>3 sp\u0103l\u0103turi<\/p>\t\t\t\t\t\t\t\t<\/div>\n\t\t\t\t<\/div>\n\t\t\t\t<div class=\"elementor-element elementor-element-eef2905 elementor-widget elementor-widget-text-editor\" data-id=\"eef2905\" data-element_type=\"widget\" data-e-type=\"widget\" data-widget_type=\"text-editor.default\">\n\t\t\t\t<div class=\"elementor-widget-container\">\n\t\t\t\t\t\t\t\t\t<p><b style=\"color: inherit; font-family: inherit; font-size: inherit; background-color: var(--et_container-bg-color, transparent);\">Prima sp\u0103lare:<br \/><\/b><span style=\"font-weight: 400;\">Durata: 0 - 21 zile<br \/><\/span><span style=\"font-weight: 400;\">Randament: 165 de grame<\/span><\/p>\n<p><b>A doua sp\u0103lare:<br \/><\/b><span style=\"font-weight: 400;\">Ziua 21 - 30<br \/><\/span><span style=\"font-weight: 400;\">Randament: 130 de grame<\/span><\/p>\n<p><b>A treia culoare:<br \/><\/b><span style=\"font-weight: 400;\">Ziua 30 - 35<br \/><\/span><span style=\"font-weight: 400;\">Randament: 16 grame<\/span><\/p>\n<p><b>A patra culoare:<br \/><\/b><span style=\"font-weight: 400;\">Ziua 35<br \/><\/span><span style=\"font-weight: 400;\">Randament: Nu<\/span><\/p>\t\t\t\t\t\t\t\t<\/div>\n\t\t\t\t<\/div>\n\t\t\t\t\t<\/div>\n\t\t<\/div>\n\t\t\t\t<div class=\"elementor-column elementor-col-33 elementor-inner-column elementor-element elementor-element-379e4e8\" data-id=\"379e4e8\" data-element_type=\"column\" data-e-type=\"column\" data-settings=\"{&quot;background_background&quot;:&quot;classic&quot;}\">\n\t\t\t<div class=\"elementor-widget-wrap elementor-element-populated\">\n\t\t\t\t\t\t<div class=\"elementor-element elementor-element-f31f0af elementor-widget elementor-widget-text-editor\" data-id=\"f31f0af\" data-element_type=\"widget\" data-e-type=\"widget\" data-widget_type=\"text-editor.default\">\n\t\t\t\t<div class=\"elementor-widget-container\">\n\t\t\t\t\t\t\t\t\t<h2><b>1200 cc (Mediu)<\/b><\/h2>\n<p><b>Num\u0103r de zile<\/b><span style=\"font-weight: 400;\">:<br \/><\/span><span style=\"font-weight: 400;\">35 de zile<\/span><\/p>\n<p><b>Venituri totale<\/b><span style=\"font-weight: 400;\">:<br \/><\/span><span style=\"font-weight: 400;\">865 grame<\/span><\/p>\n<p><b>Num\u0103rul de sp\u0103l\u0103turi:<br \/><\/b><span style=\"font-weight: 400;\">3 sp\u0103l\u0103turi<\/span><\/p>\t\t\t\t\t\t\t\t<\/div>\n\t\t\t\t<\/div>\n\t\t\t\t<div class=\"elementor-element elementor-element-c4a8c93 elementor-widget elementor-widget-text-editor\" data-id=\"c4a8c93\" data-element_type=\"widget\" data-e-type=\"widget\" data-widget_type=\"text-editor.default\">\n\t\t\t\t<div class=\"elementor-widget-container\">\n\t\t\t\t\t\t\t\t\t<p><span style=\"color: inherit; font-family: inherit; font-size: inherit; background-color: var(--et_container-bg-color, transparent);\"><b>Prima sp\u0103lare:<br \/><\/b><\/span><span style=\"color: inherit; font-family: inherit; font-size: inherit;\">Durata: 0 - 21 zile<br \/><\/span><span style=\"color: inherit; font-family: inherit; font-size: inherit;\">Randament: 433 grame<\/span><\/p>\n<p><b>A doua sp\u0103lare:<br \/><\/b><span style=\"font-weight: 400;\">Ziua 21 - 30<br \/><\/span><span style=\"font-weight: 400;\">Randament: 390 de grame<\/span><\/p>\n<p><b>A treia culoare:<br \/><\/b><span style=\"font-weight: 400;\">Ziua 30 - 35<br \/><\/span><span style=\"font-weight: 400;\">Randament: 42 de grame<\/span><\/p>\n<p><b>A patra culoare:<br \/><\/b><span style=\"font-weight: 400;\">Ziua 35<br \/><\/span><span style=\"color: inherit; font-family: inherit; font-size: inherit; background-color: var(--et_container-bg-color, transparent);\">Randament: Nu<\/span><\/p>\t\t\t\t\t\t\t\t<\/div>\n\t\t\t\t<\/div>\n\t\t\t\t\t<\/div>\n\t\t<\/div>\n\t\t\t\t<div class=\"elementor-column elementor-col-33 elementor-inner-column elementor-element elementor-element-7252acd\" data-id=\"7252acd\" data-element_type=\"column\" data-e-type=\"column\" data-settings=\"{&quot;background_background&quot;:&quot;classic&quot;}\">\n\t\t\t<div class=\"elementor-widget-wrap elementor-element-populated\">\n\t\t\t\t\t\t<div class=\"elementor-element elementor-element-be025e4 elementor-widget elementor-widget-text-editor\" data-id=\"be025e4\" data-element_type=\"widget\" data-e-type=\"widget\" data-widget_type=\"text-editor.default\">\n\t\t\t\t<div class=\"elementor-widget-container\">\n\t\t\t\t\t\t\t\t\t<h2><b>2100 cc (mare)<\/b><\/h2>\n<p><b>Num\u0103r de zile<\/b><span style=\"font-weight: 400;\">:<br \/><\/span><span style=\"font-weight: 400;\">35 de zile<\/span><\/p>\n<p><b>Venituri totale<\/b><span style=\"font-weight: 400;\">:<br \/><\/span><span style=\"font-weight: 400;\">1633 grame<\/span><\/p>\n<p><b>Num\u0103rul de sp\u0103l\u0103turi:<br \/><\/b><span style=\"font-weight: 400;\">3 sp\u0103l\u0103turi<\/span><\/p>\t\t\t\t\t\t\t\t<\/div>\n\t\t\t\t<\/div>\n\t\t\t\t<div class=\"elementor-element elementor-element-0f5af87 elementor-widget elementor-widget-text-editor\" data-id=\"0f5af87\" data-element_type=\"widget\" data-e-type=\"widget\" data-widget_type=\"text-editor.default\">\n\t\t\t\t<div class=\"elementor-widget-container\">\n\t\t\t\t\t\t\t\t\t<p><span style=\"color: inherit; font-family: inherit; font-size: inherit; background-color: var(--et_container-bg-color, transparent);\"><b>Prima sp\u0103lare:<br \/><\/b><\/span><span style=\"color: inherit; font-family: inherit; font-size: inherit; background-color: var(--et_container-bg-color, transparent);\">Durata: 0 - 21 zile<br \/><\/span><span style=\"color: inherit; font-family: inherit; font-size: inherit; background-color: var(--et_container-bg-color, transparent);\">Randament: 809 grame<\/span><\/p>\n<p><b>A doua sp\u0103lare:<br \/><\/b><span style=\"font-weight: 400;\">Ziua 21 - 30<br \/><\/span><span style=\"font-weight: 400;\">Randament: 743 grame<\/span><\/p>\n<p><b>A treia culoare:<br \/><\/b><span style=\"font-weight: 400;\">Ziua 30 - 35<br \/><\/span><span style=\"font-weight: 400;\">Randament: 81 de grame<\/span><\/p>\n<p><b>A patra culoare:<br \/><\/b><span style=\"font-weight: 400;\">Ziua 35<br \/><\/span><span style=\"font-weight: 400;\">Randament: Nu<\/span><\/p>\t\t\t\t\t\t\t\t<\/div>\n\t\t\t\t<\/div>\n\t\t\t\t\t<\/div>\n\t\t<\/div>\n\t\t\t\t\t<\/div>\n\t\t<\/section>\n\t\t\t\t<section class=\"elementor-section elementor-inner-section elementor-element elementor-element-d9fb96f elementor-hidden-desktop elementor-section-boxed elementor-section-height-default elementor-section-height-default\" data-id=\"d9fb96f\" data-element_type=\"section\" data-e-type=\"section\">\n\t\t\t\t\t\t<div class=\"elementor-container elementor-column-gap-default\">\n\t\t\t\t\t<div class=\"elementor-column elementor-col-100 elementor-inner-column elementor-element elementor-element-6c7ae39 elementor-hidden-desktop\" data-id=\"6c7ae39\" data-element_type=\"column\" data-e-type=\"column\" data-settings=\"{&quot;background_background&quot;:&quot;classic&quot;}\">\n\t\t\t<div class=\"elementor-widget-wrap elementor-element-populated\">\n\t\t\t\t\t\t<div class=\"elementor-element elementor-element-18f8916 elementor-widget elementor-widget-et-general-tabs\" data-id=\"18f8916\" data-element_type=\"widget\" data-e-type=\"widget\" data-widget_type=\"et-general-tabs.default\">\n\t\t\t\t<div class=\"elementor-widget-container\">\n\t\t\t\t\t        <div id=\"et-advance-tabs-18f8916\" class=\"et-advance-tabs et-tabs-horizontal  horizontal-style-3 responsive-vertical-layout\" data-tabid=\"18f8916\">\n            <div class=\"et-tabs-nav\">\n                <ul >\n\t\t\t\t\t                        <li class=\"inactive et-tab-nav\"\n                            >\n                            \t\t\t\t\t\t\t\t                        \t\t\t\t\t\t\t\t\t\t\t\t\t\t                                <span class=\"et-tab-title\">\n    \t\t\t\t\t\t\t\t250 cc    \t\t\t\t\t\t\t<\/span>\n\t\t\t\t\t\t\t                        <\/li>\n\t\t\t\t\t                        <li class=\"active-default et-tab-nav\"\n                            >\n                            \t\t\t\t\t\t\t\t                        \t\t\t\t\t\t\t\t\t\t\t\t\t\t                                <span class=\"et-tab-title\">\n    \t\t\t\t\t\t\t\t1200 cc    \t\t\t\t\t\t\t<\/span>\n\t\t\t\t\t\t\t                        <\/li>\n\t\t\t\t\t                        <li class=\"inactive et-tab-nav\"\n                            >\n                            \t\t\t\t\t\t\t\t                        \t\t\t\t\t\t\t\t\t\t\t\t\t\t                                <span class=\"et-tab-title\">\n    \t\t\t\t\t\t\t\t2100 c    \t\t\t\t\t\t\t<\/span>\n\t\t\t\t\t\t\t                        <\/li>\n\t\t\t\t\t                <\/ul>\n                            <\/div>\n            <div class=\"et-tabs-content\">\n\t\t\t\t                    <div class=\"clearfix inactive\">\n\t\t\t\t\t\t<h2><b>250 cc (mic)<\/b><\/h2>\n<p><b>Num\u0103r de zile<\/b><span style=\"font-weight: 400;\">:<br \/><\/span><span style=\"font-weight: 400;\">35 de zile<\/span><\/p>\n<p><b>Venituri totale<\/b><span style=\"font-weight: 400;\">:<br \/><\/span><span style=\"font-weight: 400;\">311 grame<\/span><\/p>\n<p><b>Num\u0103rul de sp\u0103l\u0103turi:<br \/><\/b>3 sp\u0103l\u0103turi<\/p>\n<hr \/>\n<p><b><br \/>Prima sp\u0103lare:<br \/><\/b><span style=\"font-weight: 400;\">Durata: 0 - 21 zile<br \/><\/span><span style=\"font-weight: 400;\">Randament: 165 de grame<\/span><\/p>\n<p><b>A doua sp\u0103lare:<br \/><\/b><span style=\"font-weight: 400;\">Ziua 21 - 30<br \/><\/span><span style=\"font-weight: 400;\">Randament: 130 de grame<\/span><\/p>\n<p><b>A treia culoare:<br \/><\/b><span style=\"font-weight: 400;\">Ziua 30 - 35<br \/><\/span><span style=\"font-weight: 400;\">Randament: 16 grame<\/span><\/p>\n<p><b>A patra culoare:<br \/><\/b><span style=\"font-weight: 400;\">Ziua 35<br \/><\/span><span style=\"font-weight: 400;\">Randament: Nu<\/span><\/p>                    <\/div>\n\t\t\t\t                    <div class=\"clearfix active-default\">\n\t\t\t\t\t\t<h2><b>1200 cc (Mediu)<\/b><\/h2>\n<p><b>Num\u0103r de zile<\/b><span style=\"font-weight: 400;\">:<br \/><\/span><span style=\"font-weight: 400;\">35 de zile<\/span><\/p>\n<p><b>Venituri totale<\/b><span style=\"font-weight: 400;\">:<br \/><\/span><span style=\"font-weight: 400;\">865 grame<\/span><\/p>\n<p><b>Num\u0103rul de sp\u0103l\u0103turi:<br \/><\/b><span style=\"font-weight: 400;\">3 sp\u0103l\u0103turi<\/span><\/p>\n<hr \/>\n<p><b><br \/>Prima sp\u0103lare:<br \/><\/b><span style=\"font-weight: 400;\">Durata: 0 - 21 zile<br \/><\/span><span style=\"font-weight: 400;\">Randament: 433 grame<\/span><\/p>\n<p><b>A doua sp\u0103lare:<br \/><\/b><span style=\"font-weight: 400;\">Ziua 21 - 30<br \/><\/span><span style=\"font-weight: 400;\">Randament: 390 de grame<\/span><\/p>\n<p><b>A treia culoare:<br \/><\/b><span style=\"font-weight: 400;\">Ziua 30 - 35<br \/><\/span><span style=\"font-weight: 400;\">Randament: 42 de grame<\/span><\/p>\n<p><b>A patra culoare:<br \/><\/b><span style=\"font-weight: 400;\">Ziua 35<br \/><\/span><span style=\"color: inherit; font-family: inherit; font-size: inherit; background-color: var(--et_container-bg-color, transparent);\">Randament: Nu<\/span><\/p>                    <\/div>\n\t\t\t\t                    <div class=\"clearfix inactive\">\n\t\t\t\t\t\t<h2><b>2100 cc (mare)<\/b><\/h2>\n<p><b>Num\u0103r de zile<\/b><span style=\"font-weight: 400;\">:<br \/><\/span><span style=\"font-weight: 400;\">35 de zile<\/span><\/p>\n<p><b>Venituri totale<\/b><span style=\"font-weight: 400;\">:<br \/><\/span><span style=\"font-weight: 400;\">1633 grame<\/span><\/p>\n<p><b>Num\u0103rul de sp\u0103l\u0103turi:<br \/><\/b><span style=\"font-weight: 400;\">3 sp\u0103l\u0103turi<\/span><\/p>\n<hr \/>\n<p><b><br \/>Prima sp\u0103lare:<br \/><\/b><span style=\"font-weight: 400;\">Durata: 0 - 21 zile<br \/><\/span><span style=\"font-weight: 400;\">Randament: 809 grame<\/span><\/p>\n<p><b>A doua sp\u0103lare:<br \/><\/b><span style=\"font-weight: 400;\">Ziua 21 - 30<br \/><\/span><span style=\"font-weight: 400;\">Randament: 743 grame<\/span><\/p>\n<p><b>A treia culoare:<br \/><\/b><span style=\"font-weight: 400;\">Ziua 30 - 35<br \/><\/span><span style=\"font-weight: 400;\">Randament: 81 de grame<\/span><\/p>\n<p><b>A patra culoare:<br \/><\/b><span style=\"font-weight: 400;\">Ziua 35<br \/><\/span><span style=\"font-weight: 400;\">Randament: Nu<\/span><\/p>                    <\/div>\n\t\t\t\t            <\/div>\n        <\/div>\n\t\t\t\t\t\t<\/div>\n\t\t\t\t<\/div>\n\t\t\t\t\t<\/div>\n\t\t<\/div>\n\t\t\t\t\t<\/div>\n\t\t<\/section>\n\t\t\t\t<div class=\"elementor-element elementor-element-a5c01b6 elementor-widget elementor-widget-text-editor\" data-id=\"a5c01b6\" data-element_type=\"widget\" data-e-type=\"widget\" data-widget_type=\"text-editor.default\">\n\t\t\t\t<div class=\"elementor-widget-container\">\n\t\t\t\t\t\t\t\t\t<h3><strong style=\"font-size: calc(var(--h3-size-proportion) * 1rem); background-color: var(--et_container-bg-color, transparent);\">Ziua 0 - 21:\u00a0<\/strong><strong>Primul kit de cultivare a ciupercilor<\/strong><\/h3>\n<p>Kiturile de cultivare a ciupercilor de 250cc, 1200cc \u0219i 2100cc au fost a\u0219ezate \u00eentr-o camer\u0103 cu o temperatur\u0103 stabil\u0103 de aproximativ 24 de grade. \u00cen ciuda faptului c\u0103 a trebuit s\u0103 \u021binem punga \u00eenchis\u0103, am deschis-o zilnic \u0219i am stropit u\u0219or kiturile de cre\u0219tere cu un spray pentru plante. Am fiert \u00een prealabil apa pe care am folosit-o pentru a evita infec\u021biile. De asemenea, \u00een timpul cre\u0219terii ciupercilor, am deschis zilnic punga \u0219i am pulverizat growkit-ul. Primele ciuperci mici au ap\u0103rut cam dup\u0103 2 s\u0103pt\u0103m\u00e2ni. A fost nevoie de un total de 3 s\u0103pt\u0103m\u00e2ni (21 de zile) \u00eenainte de a putea fi cules un prim lot din kiturile de cre\u0219tere. Pute\u021bi g\u0103si randamentul mai jos.<\/p>\n<div>\n<div>\n<ul>\n<li>250 cc = 165 grame<\/li>\n<li>1200 cc = 433 grame<\/li>\n<li>2100 cc = 809 grame<\/li>\n<\/ul>\n<\/div>\n<\/div>\n<h3><strong style=\"font-size: calc(var(--h3-size-proportion) * 1rem); background-color: var(--et_container-bg-color, transparent);\">Ziua 21 - 30:\u00a0<\/strong><strong>Al doilea kit de cre\u0219tere a ciupercilor de culoare<\/strong><\/h3>\n<p>Bine\u00een\u021beles, am mers direct la o a doua sp\u0103lare. Dup\u0103 ce am cules cu grij\u0103 toate ciupercile, am avut un alt \"growkit curat\". Am repetat pa\u0219ii de la 4 la 7 dup\u0103 aceasta. Bine\u00een\u021beles, am lucrat din nou cu ap\u0103 fiart\u0103 \u0219i \u00eentr-un mediu curat. \u0218i de aceast\u0103 dat\u0103, am pulverizat u\u0219or growkit-ul zilnic. De data aceasta, a fost nevoie de aproximativ 1 s\u0103pt\u0103m\u00e2n\u0103 (9 zile) pentru o sp\u0103lare. Totu\u0219i, randamentul a fost un pic mai mic. Mai jos sunt rezultatele.<\/p>\n<div>\n<div>\n<ul>\n<li>250 cc = 130 grame<\/li>\n<li>1200 cc = 390 grame<\/li>\n<li>2100 cc = 743 grame<\/li>\n<\/ul>\n<\/div>\n<\/div>\n<h3><strong style=\"font-size: calc(var(--h3-size-proportion) * 1rem); background-color: var(--et_container-bg-color, transparent);\">Ziua 30 - 35:\u00a0<\/strong><strong>Al treilea kit de cre\u0219tere a ciupercilor<\/strong><\/h3>\n<p>Mai sunt \u0219i altele? Noi credem c\u0103 da! Am repetat \u00eenc\u0103 o dat\u0103 pa\u0219ii de la 4 la 7. \u00cen ciuda faptului c\u0103 am fost aten\u021bi, putem vedea c\u0103 growkit-ul se lupt\u0103. Recoltarea primului \u0219i celui de-al doilea lot a f\u0103cut ca growkit-ul s\u0103 arate gol \u00een unele locuri. \u00cen ciuda chelirii growkit-ului, a fost nevoie de doar 5 zile pentru a culege un alt lot mic de ciuperci proaspete din el. Mai jos sunt randamentele.<\/p>\n<ul>\n<li>250 cc = 16 grame<\/li>\n<li>1200 cc = 42 grame<\/li>\n<li>2100 cc = 81 grame<\/li>\n<\/ul>\n<h3><strong style=\"font-size: calc(var(--h3-size-proportion) * 1rem); background-color: var(--et_container-bg-color, transparent);\">Ziua 35:\u00a0<\/strong><strong>Al patrulea kit de cre\u0219tere a ciupercilor de culoare<\/strong><\/h3>\n<p>Din nefericire, nu am mai reu\u0219it s\u0103 ob\u021binem o a patra roz\u0103 din kiturile de cre\u0219tere a ciupercilor. \u00cen teorie, acest lucru ar trebui s\u0103 fie posibil \u00een condi\u021bii excelente. Spre marea noastr\u0103 nefericire, am aruncat kiturile de cre\u0219tere sterile. Acum este momentul s\u0103 vedem c\u00e2t de mult ne-au adus acum kiturile de cultivare a ciupercilor. Suntem foarte mul\u021bumi\u021bi de rezultate. Pute\u021bi g\u0103si randamentul mai jos.<\/p>\n<ul>\n<li>250 cc = 311 grame<\/li>\n<li>1200 cc = 865 grame<\/li>\n<li>2100 cc = 1633 grame<\/li>\n<\/ul>\t\t\t\t\t\t\t\t<\/div>\n\t\t\t\t<\/div>\n\t\t\t\t<div class=\"elementor-element elementor-element-c8212d8 elementor-widget elementor-widget-text-editor\" data-id=\"c8212d8\" data-element_type=\"widget\" data-e-type=\"widget\" data-widget_type=\"text-editor.default\">\n\t\t\t\t<div class=\"elementor-widget-container\">\n\t\t\t\t\t\t\t\t\t<h2>Concluzie<\/h2>\n<div>Dup\u0103 cum pute\u021bi vedea, v\u0103 pute\u021bi a\u0219tepta la cantit\u0103\u021bi foarte bune de ciuperci pe kit de cultivare. A\u0219adar, pentru testul de mai sus am folosit kitul Golden Teacher, \u00eens\u0103 se pot a\u0219tepta produc\u021bii similare \u0219i de la celelalte kituri de cultivare. Puternicul <a href=\"https:\/\/www.paddo.shop\/ro\/mazatapec-paddo-growkit\/\">Mazatapec<\/a> \u0219i <a href=\"https:\/\/www.paddo.shop\/ro\/mckennaii-paddo-growkit\/\">McKennaii<\/a> sunt similare, de exemplu. Condi\u021bia este s\u0103 urma\u021bi cu aten\u021bie instruc\u021biunile noastre. Dac\u0103 nu o face\u021bi, o recolt\u0103 poate fi dezam\u0103gitoare sau poate e\u0219ua.<\/div>\n<div>\u00a0<\/div>\n<div>Mult noroc cu cultivarea \u0219i a\u0219tept\u0103m cu ner\u0103bdare s\u0103 vedem randamentul!<\/div>\t\t\t\t\t\t\t\t<\/div>\n\t\t\t\t<\/div>\n\t\t\t\t\t<\/div>\n\t\t<\/div>\n\t\t\t\t\t<\/div>\n\t\t<\/section>\n\t\t\t\t<\/div>","protected":false},"excerpt":{"rendered":"<p>Cultivarea unui kit de cre\u0219tere a ciupercilor C\u00e2t de mult aduce de fapt un kit de cre\u0219tere a ciupercilor? Primim aceast\u0103 \u00eentrebare s\u0103pt\u0103m\u00e2nal, motiv pentru care am adunat c\u00e2teva...<\/p>","protected":false},"author":2,"featured_media":0,"parent":0,"menu_order":0,"comment_status":"closed","ping_status":"closed","template":"","meta":{"_acf_changed":false,"footnotes":""},"class_list":["post-5661","page","type-page","status-publish","hentry"],"acf":[],"_links":{"self":[{"href":"https:\/\/www.paddo.shop\/ro\/wp-json\/wp\/v2\/pages\/5661","targetHints":{"allow":["GET"]}}],"collection":[{"href":"https:\/\/www.paddo.shop\/ro\/wp-json\/wp\/v2\/pages"}],"about":[{"href":"https:\/\/www.paddo.shop\/ro\/wp-json\/wp\/v2\/types\/page"}],"author":[{"embeddable":true,"href":"https:\/\/www.paddo.shop\/ro\/wp-json\/wp\/v2\/users\/2"}],"replies":[{"embeddable":true,"href":"https:\/\/www.paddo.shop\/ro\/wp-json\/wp\/v2\/comments?post=5661"}],"version-history":[{"count":0,"href":"https:\/\/www.paddo.shop\/ro\/wp-json\/wp\/v2\/pages\/5661\/revisions"}],"wp:attachment":[{"href":"https:\/\/www.paddo.shop\/ro\/wp-json\/wp\/v2\/media?parent=5661"}],"curies":[{"name":"wp","href":"https:\/\/api.w.org\/{rel}","templated":true}]}}