{"id":26,"date":"2022-02-28T15:02:52","date_gmt":"2022-02-28T15:02:52","guid":{"rendered":"https:\/\/www.magictruffels.shop\/?page_id=26"},"modified":"2024-09-25T13:09:58","modified_gmt":"2024-09-25T11:09:58","slug":"verzending","status":"publish","type":"page","link":"https:\/\/www.paddo.shop\/ro\/verzending\/","title":{"rendered":"Expediere"},"content":{"rendered":"<div data-elementor-type=\"wp-page\" data-elementor-id=\"26\" class=\"elementor elementor-26\" data-elementor-post-type=\"page\">\n\t\t\t\t\t\t<section class=\"elementor-section elementor-top-section elementor-element elementor-element-757a2578 elementor-section-boxed elementor-section-height-default elementor-section-height-default\" data-id=\"757a2578\" data-element_type=\"section\" data-e-type=\"section\">\n\t\t\t\t\t\t<div class=\"elementor-container elementor-column-gap-default\">\n\t\t\t\t\t<div class=\"elementor-column elementor-col-100 elementor-top-column elementor-element elementor-element-6423ad67\" data-id=\"6423ad67\" data-element_type=\"column\" data-e-type=\"column\">\n\t\t\t<div class=\"elementor-widget-wrap elementor-element-populated\">\n\t\t\t\t\t\t<div class=\"elementor-element elementor-element-37d0e839 elementor-widget elementor-widget-text-editor\" data-id=\"37d0e839\" data-element_type=\"widget\" data-e-type=\"widget\" data-widget_type=\"text-editor.default\">\n\t\t\t\t<div class=\"elementor-widget-container\">\n\t\t\t\t\t\t\t\t\t<p><\/p>\n<h2><b>TRANSPORT MARITIM DISCRET<\/b><\/h2>\n<p><a href=\"https:\/\/www.paddo.shop\/ro\/\">Paddo.shop<\/a> pre\u021buie\u0219te intimitatea dumneavoastr\u0103, motiv pentru care toate achizi\u021biile dumneavoastr\u0103 sunt ambalate c\u00e2t mai simplu posibil. F\u0103r\u0103 logo-uri \u0219i f\u0103r\u0103 indicii despre ce se afl\u0103 \u00een\u0103untru. A\u0219tepta\u021bi-v\u0103 s\u0103 primi\u021bi coletul \u00eentr-o cutie de carton simpl\u0103 \u0219i robust\u0103, acoperit\u0103 cu o band\u0103 adeziv\u0103 simpl\u0103, dar rezistent\u0103. Dac\u0103 comanda dvs. este foarte mic\u0103, o vom trimite \u00eentr-un plic discret, maro sau alb, c\u0103ptu\u0219it.&nbsp;<\/p>\n<p>Singurul lucru care va fi vizibil pe cutia\/ plicul dumneavoastr\u0103 este eticheta de expediere (\u00een func\u021bie de serviciul utilizat).<\/p>\n<p>\u00cen acest fel, po\u021bi fi sigur c\u0103 doar tu vei fi \u00eenc\u00e2ntat de pachetul pe care \u00eel prime\u0219ti, to\u021bi ceilal\u021bi vor vedea un pachet plictisitor, f\u0103r\u0103 niciun indiciu despre provenien\u021ba acestuia.<\/p>\n<h2>Livra\u021bi \u00een \u021bara mea?<\/h2>\n<p>Livr\u0103m \u00een majoritatea \u021b\u0103rilor UE. Le pute\u021bi g\u0103si \u00een tabelul de mai jos. Expedim toate coletele noastre din UE cu DHL, DPD sau PostNL, \u00een func\u021bie de zon\u0103. \u00cen acest fel, putem oferi cele mai bune servicii posibile. Ve\u021bi primi \u00eentotdeauna un cod de urm\u0103rire \u0219i localizare pentru a v\u0103 urm\u0103ri coletul din u\u0219\u0103 \u00een u\u0219\u0103.<\/p>\n<h2>Care sunt costurile de transport?<\/h2>\n<table class=\"tblcal;\">\n<tbody>\n<tr style=\"background-color: #a9a9a9; color: white;\">\n<th class=\"tblcall\">\u021aara<\/th>\n<th class=\"tblcalll\">Costuri de expediere<\/th>\n<th class=\"tblcallll\">Timp de livrare<\/th>\n<th class=\"tblcalllll\" style=\"text-align: left;\">Liber la<\/th>\n<\/tr>\n<tr>\n<td>Olanda<\/td>\n<td>\u20ac6,95<\/td>\n<td>1 - 2 zile<\/td>\n<td style=\"text-align: left;\">\u20ac25,-<\/td>\n<\/tr>\n<tr>\n<td>Belgia<\/td>\n<td>\u20ac7,95<\/td>\n<td>1 - 2 zile<\/td>\n<td style=\"text-align: left;\">\u20ac50,-<\/td>\n<\/tr>\n<tr>\n<td>Bulgaria<\/td>\n<td>\u20ac22,95<\/td>\n<td>6 - 8 zile<\/td>\n<td style=\"text-align: left;\">\u20ac125,-<\/td>\n<\/tr>\n<tr>\n<td>Germania<\/td>\n<td>\u20ac7,95<\/td>\n<td>1 - 3 zile<\/td>\n<td style=\"text-align: left;\">\u20ac125,-<\/td>\n<\/tr>\n<tr>\n<td>Estonia<\/td>\n<td>\u20ac17,95<\/td>\n<td>4 - 6 zile<\/td>\n<td style=\"text-align: left;\">\u20ac125,-<\/td>\n<\/tr>\n<tr>\n<td>Fran\u021ba<\/td>\n<td>\u20ac12,95<\/td>\n<td>2 - 3 zile<\/td>\n<td style=\"text-align: left;\">\u20ac125,-<\/td>\n<\/tr>\n<tr>\n<td>Grecia<\/td>\n<td>\u20ac23,95<\/td>\n<td>6 - 8 zile<\/td>\n<td style=\"text-align: left;\">\u20ac125,-<\/td>\n<\/tr>\n<tr>\n<td>Irlanda<\/td>\n<td>\u20ac19,95<\/td>\n<td>3 - 4 zile<\/td>\n<td style=\"text-align: left;\">\u20ac125,-<\/td>\n<\/tr>\n<tr>\n<td>Italia<\/td>\n<td>\u20ac17,95<\/td>\n<td>2 - 4 zile<\/td>\n<td style=\"text-align: left;\">\u20ac125,-<\/td>\n<\/tr>\n<tr>\n<td>Croa\u021bia<\/td>\n<td>\u20ac18,95<\/td>\n<td>3 - 5 zile<\/td>\n<td style=\"text-align: left;\">\u20ac125,-<\/td>\n<\/tr>\n<tr>\n<td>Letonia<\/td>\n<td>\u20ac14,95<\/td>\n<td>3 - 5 zile<\/td>\n<td style=\"text-align: left;\">\u20ac125,-<\/td>\n<\/tr>\n<tr>\n<td>Lituania<\/td>\n<td>\u20ac21,95<\/td>\n<td>3 - 5 zile<\/td>\n<td style=\"text-align: left;\">\u20ac125,-<\/td>\n<\/tr>\n<tr>\n<td>Luxemburg<\/td>\n<td>\u20ac11,95<\/td>\n<td>1 - 2 zile<\/td>\n<td style=\"text-align: left;\">\u20ac125,-<\/td>\n<\/tr>\n<tr>\n<td>Austria<\/td>\n<td>\u20ac11,95<\/td>\n<td>2 - 3 zile<\/td>\n<td style=\"text-align: left;\">\u20ac125,-<\/td>\n<\/tr>\n<tr>\n<td>Polonia<\/td>\n<td>\u20ac15,95<\/td>\n<td>2 - 3 zile<\/td>\n<td style=\"text-align: left;\">\u20ac125,-<\/td>\n<\/tr>\n<tr>\n<td>Portugalia<\/td>\n<td>\u20ac20,95<\/td>\n<td>3 - 4 zile<\/td>\n<td style=\"text-align: left;\">\u20ac125,-<\/td>\n<\/tr>\n<tr>\n<td>Rom\u00e2nia<\/td>\n<td>\u20ac18,95<\/td>\n<td>3 - 5 zile<\/td>\n<td style=\"text-align: left;\">\u20ac125,-<\/td>\n<\/tr>\n<tr>\n<td>Slovenia<\/td>\n<td>\u20ac17,95<\/td>\n<td>2 - 3 zile<\/td>\n<td style=\"text-align: left;\">\u20ac125,-<\/td>\n<\/tr>\n<tr>\n<td>Slovacia<\/td>\n<td>\u20ac16,95<\/td>\n<td>3 - 5 zile<\/td>\n<td style=\"text-align: left;\">\u20ac125,-<\/td>\n<\/tr>\n<tr>\n<td>Spania<\/td>\n<td>\u20ac17,95<\/td>\n<td>2 - 3 zile<\/td>\n<td style=\"text-align: left;\">\u20ac125,-<\/td>\n<\/tr>\n<tr>\n<td>Republica Ceh\u0103<\/td>\n<td>\u20ac15,95<\/td>\n<td>2 - 4 zile<\/td>\n<td style=\"text-align: left;\">\u20ac125,-<\/td>\n<\/tr>\n<\/tbody>\n<\/table>\n<p style=\"font-size: 14px;\">* Zonele greu accesibile, cum ar fi insulele sau alte regiuni \u00eendep\u0103rtate, cost\u0103 cu aproximativ 20 de euro mai mult din cauza costurilor suplimentare de transport.<\/p>\n<p style=\"font-size: 14px;\">V\u0103 rug\u0103m s\u0103 re\u021bine\u021bi: \u00cencerc\u0103m s\u0103 trimitem toate comenzile \u00een termen de 1 zi lucr\u0103toare, toate timpii de livrare sunt timpi de livrare estima\u021bi \u0219i pot varia din cauza traficului \u0219i a s\u0103rb\u0103torilor.<\/p>\t\t\t\t\t\t\t\t<\/div>\n\t\t\t\t<\/div>\n\t\t\t\t\t<\/div>\n\t\t<\/div>\n\t\t\t\t\t<\/div>\n\t\t<\/section>\n\t\t\t\t<\/div>","protected":false},"excerpt":{"rendered":"<p>TRANSPORT DISCRET Paddo.shop pre\u021buie\u0219te intimitatea dvs., motiv pentru care toate achizi\u021biile dvs. sunt \u00eempachetate c\u00e2t mai simplu posibil. Nu exist\u0103 logo-uri \u0219i nici o indica\u021bie a ceea ce este...<\/p>","protected":false},"author":1,"featured_media":0,"parent":0,"menu_order":0,"comment_status":"closed","ping_status":"closed","template":"","meta":{"_acf_changed":false,"footnotes":""},"class_list":["post-26","page","type-page","status-publish","hentry"],"acf":[],"_links":{"self":[{"href":"https:\/\/www.paddo.shop\/ro\/wp-json\/wp\/v2\/pages\/26","targetHints":{"allow":["GET"]}}],"collection":[{"href":"https:\/\/www.paddo.shop\/ro\/wp-json\/wp\/v2\/pages"}],"about":[{"href":"https:\/\/www.paddo.shop\/ro\/wp-json\/wp\/v2\/types\/page"}],"author":[{"embeddable":true,"href":"https:\/\/www.paddo.shop\/ro\/wp-json\/wp\/v2\/users\/1"}],"replies":[{"embeddable":true,"href":"https:\/\/www.paddo.shop\/ro\/wp-json\/wp\/v2\/comments?post=26"}],"version-history":[{"count":0,"href":"https:\/\/www.paddo.shop\/ro\/wp-json\/wp\/v2\/pages\/26\/revisions"}],"wp:attachment":[{"href":"https:\/\/www.paddo.shop\/ro\/wp-json\/wp\/v2\/media?parent=26"}],"curies":[{"name":"wp","href":"https:\/\/api.w.org\/{rel}","templated":true}]}}