{"id":1633,"date":"2022-03-04T13:41:55","date_gmt":"2022-03-04T13:41:55","guid":{"rendered":"https:\/\/www.magictruffels.shop\/?page_id=1633"},"modified":"2023-05-22T14:37:50","modified_gmt":"2023-05-22T12:37:50","slug":"klachten","status":"publish","type":"page","link":"https:\/\/www.paddo.shop\/ro\/klachten\/","title":{"rendered":"Reclama\u021bii"},"content":{"rendered":"<div data-elementor-type=\"wp-page\" data-elementor-id=\"1633\" class=\"elementor elementor-1633\" data-elementor-post-type=\"page\">\n\t\t\t\t\t\t<section class=\"elementor-section elementor-top-section elementor-element elementor-element-3f4451e elementor-section-boxed elementor-section-height-default elementor-section-height-default\" data-id=\"3f4451e\" data-element_type=\"section\">\n\t\t\t\t\t\t<div class=\"elementor-container elementor-column-gap-default\">\n\t\t\t\t\t<div class=\"elementor-column elementor-col-100 elementor-top-column elementor-element elementor-element-77ea329\" data-id=\"77ea329\" data-element_type=\"column\">\n\t\t\t<div class=\"elementor-widget-wrap elementor-element-populated\">\n\t\t\t\t\t\t<div class=\"elementor-element elementor-element-5ea7c36 elementor-widget elementor-widget-heading\" data-id=\"5ea7c36\" data-element_type=\"widget\" data-widget_type=\"heading.default\">\n\t\t\t\t<div class=\"elementor-widget-container\">\n\t\t\t\t\t<h2 class=\"elementor-heading-title elementor-size-default\">PL\u00c2NGERI DESPRE NOI?<\/h2>\t\t\t\t<\/div>\n\t\t\t\t<\/div>\n\t\t\t\t<div class=\"elementor-element elementor-element-cd7ce27 elementor-widget elementor-widget-text-editor\" data-id=\"cd7ce27\" data-element_type=\"widget\" data-widget_type=\"text-editor.default\">\n\t\t\t\t<div class=\"elementor-widget-container\">\n\t\t\t\t\t\t\t\t\t<p>Este posibil s\u0103 se \u00eent\u00e2mple ceva care s\u0103 nu decurg\u0103 conform planului. V\u0103 recomand\u0103m s\u0103 face\u021bi mai \u00eent\u00e2i cunoscute eventualele reclama\u021bii, contact\u00e2ndu-ne prin intermediul formularului de contact de mai jos. \u00cen cazul \u00een care acest lucru nu duce la o solu\u021bie, este posibil s\u0103 supune\u021bi litigiul dumneavoastr\u0103 la mediere prin intermediul\u00a0<a href=\"https:\/\/www.webwinkelkeur.nl\/kennisbank\/consumenten\/geschil\/dispute\/\" target=\"_blank\" rel=\"noopener\">Magazine valoroase\/WebwinkelKeur<\/a>\u00a0(numai pentru clien\u021bii olandezi \u0219i\/sau belgieni). \u00cencep\u00e2nd cu 15 februarie 2016, consumatorii din UE vor putea, de asemenea, s\u0103 raporteze reclama\u021bii prin intermediul platformei ODR a Comisiei Europene. Platforma ODR poate fi g\u0103sit\u0103 la adresa\u00a0<a href=\"https:\/\/ec.europa.eu\/odr\" target=\"_blank\" rel=\"noopener\">https:\/\/ec.europa.eu\/odr<\/a>. \u00cen cazul \u00een care pl\u00e2ngerea dumneavoastr\u0103 nu este deja \u00een curs de procesare \u00een alt\u0103 parte, pute\u021bi s\u0103 v\u0103 depune\u021bi pl\u00e2ngerea prin intermediul platformei Uniunii Europene.<\/p>\t\t\t\t\t\t\t\t<\/div>\n\t\t\t\t<\/div>\n\t\t\t\t\t<\/div>\n\t\t<\/div>\n\t\t\t\t\t<\/div>\n\t\t<\/section>\n\t\t\t\t<section class=\"elementor-section elementor-top-section elementor-element elementor-element-16fb7438 elementor-section-boxed elementor-section-height-default elementor-section-height-default\" data-id=\"16fb7438\" data-element_type=\"section\">\n\t\t\t\t\t\t<div class=\"elementor-container elementor-column-gap-default\">\n\t\t\t\t\t<div class=\"elementor-column elementor-col-33 elementor-top-column elementor-element elementor-element-7677c955\" data-id=\"7677c955\" data-element_type=\"column\">\n\t\t\t<div class=\"elementor-widget-wrap elementor-element-populated\">\n\t\t\t\t\t\t<div class=\"elementor-element elementor-element-7686becf elementor-widget elementor-widget-heading\" data-id=\"7686becf\" data-element_type=\"widget\" data-widget_type=\"heading.default\">\n\t\t\t\t<div class=\"elementor-widget-container\">\n\t\t\t\t\t<h2 class=\"elementor-heading-title elementor-size-default\">E-MAIL<\/h2>\t\t\t\t<\/div>\n\t\t\t\t<\/div>\n\t\t\t\t<div class=\"elementor-element elementor-element-5e2edaff elementor-widget elementor-widget-text-editor\" data-id=\"5e2edaff\" data-element_type=\"widget\" data-widget_type=\"text-editor.default\">\n\t\t\t\t<div class=\"elementor-widget-container\">\n\t\t\t\t\t\t\t\t\t<p>Ave\u021bi o pl\u00e2ngere cu privire la comanda dvs. online? Trimite\u021bi-ne un mesaj cu num\u0103rul comenzii dumneavoastr\u0103 \u0219i v\u0103 vom r\u0103spunde \u00een cel mai scurt timp posibil.<\/p>\t\t\t\t\t\t\t\t<\/div>\n\t\t\t\t<\/div>\n\t\t\t\t<div class=\"elementor-element elementor-element-769bce71 elementor-widget elementor-widget-button\" data-id=\"769bce71\" data-element_type=\"widget\" data-widget_type=\"button.default\">\n\t\t\t\t<div class=\"elementor-widget-container\">\n\t\t\t\t\t\t\t\t\t<div class=\"elementor-button-wrapper\">\n\t\t\t\t\t<a class=\"elementor-button elementor-button-link elementor-size-sm\" href=\"mailto:info@paddo.shop?subject=Klacht%20%7C%20Paddo.shop&#038;body=Hey%20Paddo.shop%2C%0A%0AHelaas%20ben%20ik%20niet%20tevreden%20met%20mijn%20bestelling%2Fproduct.%0A%0AHieronder%20vind%20je%20mijn%20ordernummer%20en%20klacht.%0AOrdernummer%3A%0AKlacht%3A%20%0A\">\n\t\t\t\t\t\t<span class=\"elementor-button-content-wrapper\">\n\t\t\t\t\t\t\t\t\t<span class=\"elementor-button-text\">Trimite\u021bi un e-mail<\/span>\n\t\t\t\t\t<\/span>\n\t\t\t\t\t<\/a>\n\t\t\t\t<\/div>\n\t\t\t\t\t\t\t\t<\/div>\n\t\t\t\t<\/div>\n\t\t\t\t\t<\/div>\n\t\t<\/div>\n\t\t\t\t<div class=\"elementor-column elementor-col-33 elementor-top-column elementor-element elementor-element-2d3219c\" data-id=\"2d3219c\" data-element_type=\"column\">\n\t\t\t<div class=\"elementor-widget-wrap elementor-element-populated\">\n\t\t\t\t\t\t<div class=\"elementor-element elementor-element-4f20b594 elementor-widget elementor-widget-heading\" data-id=\"4f20b594\" data-element_type=\"widget\" data-widget_type=\"heading.default\">\n\t\t\t\t<div class=\"elementor-widget-container\">\n\t\t\t\t\t<h2 class=\"elementor-heading-title elementor-size-default\">ADres<\/h2>\t\t\t\t<\/div>\n\t\t\t\t<\/div>\n\t\t\t\t<div class=\"elementor-element elementor-element-5bb8333a elementor-widget elementor-widget-text-editor\" data-id=\"5bb8333a\" data-element_type=\"widget\" data-widget_type=\"text-editor.default\">\n\t\t\t\t<div class=\"elementor-widget-container\">\n\t\t\t\t\t\t\t\t\t<p>PePePe BV<br \/>Sulky 6 J<br \/>Zeewolde<br \/>3897AJ, \u021a\u0103rile de Jos<br \/>(Nu avem magazin, suntem doar online)<\/p><p><strong>CAMERA DE COMER\u021a:<\/strong> 34236211<br \/><strong>BTW:<\/strong> NL815030411B01<\/p>\t\t\t\t\t\t\t\t<\/div>\n\t\t\t\t<\/div>\n\t\t\t\t\t<\/div>\n\t\t<\/div>\n\t\t\t\t<div class=\"elementor-column elementor-col-33 elementor-top-column elementor-element elementor-element-41d16754\" data-id=\"41d16754\" data-element_type=\"column\">\n\t\t\t<div class=\"elementor-widget-wrap elementor-element-populated\">\n\t\t\t\t\t\t<div class=\"elementor-element elementor-element-2c7a1919 elementor-widget elementor-widget-heading\" data-id=\"2c7a1919\" data-element_type=\"widget\" data-widget_type=\"heading.default\">\n\t\t\t\t<div class=\"elementor-widget-container\">\n\t\t\t\t\t<h2 class=\"elementor-heading-title elementor-size-default\">Telefon<\/h2>\t\t\t\t<\/div>\n\t\t\t\t<\/div>\n\t\t\t\t<div class=\"elementor-element elementor-element-61828401 elementor-widget elementor-widget-text-editor\" data-id=\"61828401\" data-element_type=\"widget\" data-widget_type=\"text-editor.default\">\n\t\t\t\t<div class=\"elementor-widget-container\">\n\t\t\t\t\t\t\t\t\t<p>085-0160877<\/p>\t\t\t\t\t\t\t\t<\/div>\n\t\t\t\t<\/div>\n\t\t\t\t\t<\/div>\n\t\t<\/div>\n\t\t\t\t\t<\/div>\n\t\t<\/section>\n\t\t\t\t<\/div>","protected":false},"excerpt":{"rendered":"<p>PL\u00c2NGERI DESPRE NOI? Este posibil s\u0103 se \u00eent\u00e2mple ceva care s\u0103 nu decurg\u0103 conform planului. V\u0103 recomand\u0103m s\u0103 v\u0103 adresa\u021bi mai \u00eent\u00e2i oric\u0103rei pl\u00e2ngeri...<\/p>","protected":false},"author":2,"featured_media":0,"parent":0,"menu_order":0,"comment_status":"closed","ping_status":"closed","template":"","meta":{"_acf_changed":false,"footnotes":""},"class_list":["post-1633","page","type-page","status-publish","hentry"],"acf":[],"_links":{"self":[{"href":"https:\/\/www.paddo.shop\/ro\/wp-json\/wp\/v2\/pages\/1633","targetHints":{"allow":["GET"]}}],"collection":[{"href":"https:\/\/www.paddo.shop\/ro\/wp-json\/wp\/v2\/pages"}],"about":[{"href":"https:\/\/www.paddo.shop\/ro\/wp-json\/wp\/v2\/types\/page"}],"author":[{"embeddable":true,"href":"https:\/\/www.paddo.shop\/ro\/wp-json\/wp\/v2\/users\/2"}],"replies":[{"embeddable":true,"href":"https:\/\/www.paddo.shop\/ro\/wp-json\/wp\/v2\/comments?post=1633"}],"version-history":[{"count":0,"href":"https:\/\/www.paddo.shop\/ro\/wp-json\/wp\/v2\/pages\/1633\/revisions"}],"wp:attachment":[{"href":"https:\/\/www.paddo.shop\/ro\/wp-json\/wp\/v2\/media?parent=1633"}],"curies":[{"name":"wp","href":"https:\/\/api.w.org\/{rel}","templated":true}]}}