{"id":1616,"date":"2022-03-04T13:34:34","date_gmt":"2022-03-04T13:34:34","guid":{"rendered":"https:\/\/www.magictruffels.shop\/?page_id=1616"},"modified":"2022-03-14T09:28:21","modified_gmt":"2022-03-14T09:28:21","slug":"retourneren","status":"publish","type":"page","link":"https:\/\/www.paddo.shop\/ro\/retourneren\/","title":{"rendered":"Return"},"content":{"rendered":"<div data-elementor-type=\"wp-page\" data-elementor-id=\"1616\" class=\"elementor elementor-1616\" data-elementor-post-type=\"page\">\n\t\t\t\t\t\t<section class=\"elementor-section elementor-top-section elementor-element elementor-element-e585a9c elementor-section-boxed elementor-section-height-default elementor-section-height-default\" data-id=\"e585a9c\" data-element_type=\"section\" data-e-type=\"section\">\n\t\t\t\t\t\t<div class=\"elementor-container elementor-column-gap-default\">\n\t\t\t\t\t<div class=\"elementor-column elementor-col-100 elementor-top-column elementor-element elementor-element-c9480d9\" data-id=\"c9480d9\" data-element_type=\"column\" data-e-type=\"column\">\n\t\t\t<div class=\"elementor-widget-wrap elementor-element-populated\">\n\t\t\t\t\t\t<div class=\"elementor-element elementor-element-4b3dab5 elementor-widget elementor-widget-text-editor\" data-id=\"4b3dab5\" data-element_type=\"widget\" data-e-type=\"widget\" data-widget_type=\"text-editor.default\">\n\t\t\t\t<div class=\"elementor-widget-container\">\n\t\t\t\t\t\t\t\t\t<h2><strong>POLITICA NOASTR\u0102 DE RETURNARE:<\/strong><\/h2><p>La <a href=\"\/ro\/\">magictruffles.shop<\/a> ave\u021bi dreptul legal de a raporta un produs pentru returnare \u00een termen de 14 zile de la primire, f\u0103r\u0103 a indica un motiv. Dup\u0103 aceast\u0103 notificare, ave\u021bi ALTE 14 zile pentru a returna efectiv produsul. Dac\u0103 v\u0103 folosi\u021bi de dreptul de returnare, ve\u021bi primi \u00eentreaga sum\u0103 a comenzii, inclusiv costurile de transport, \u00een contul dvs. \u00een termen de 14 zile de la notificarea de returnare.<\/p><p><strong>Orice costuri de returnare suportate sunt pe cheltuiala dumneavoastr\u0103.<\/strong><\/p><p>Sunte\u021bi singurul responsabil pentru orice depreciere a produsului (produselor) care rezult\u0103 din manipularea sau utilizarea bunurilor dincolo de ceea ce este necesar pentru a stabili natura, caracteristicile \u0219i func\u021bionarea acestora.<\/p><p>Unele produse (de exemplu, bonguri, pipe, vaporizatoare \u0219i produse similare) sunt excluse de la dreptul de retragere dac\u0103 sunt desigilate \u0219i\/sau folosite dup\u0103 livrare. Dup\u0103 ruperea sigiliului, aceste produse nu mai sunt adecvate pentru returnare din motive de s\u0103n\u0103tate \u0219i igien\u0103. Nici produsele perisabile (cum ar fi trufele, sporii \u0219i kiturile de cultivare) nu pot fi returnate. Cu toate acestea, dac\u0103 nu sunte\u021bi mul\u021bumit de un produs perisabil, v\u0103 rug\u0103m s\u0103 contacta\u021bi echipa noastr\u0103 de servicii pentru clien\u021bi. Vom fi bucuro\u0219i s\u0103 lucr\u0103m cu dvs. pentru a g\u0103si o solu\u021bie.<\/p><p>Pentru a ini\u021bia un retur, v\u0103 rug\u0103m s\u0103 ne contacta\u021bi la info@magictruffels.shop. Dac\u0103 returul dvs. este acceptat, v\u0103 vom trimite o etichet\u0103 de returnare, precum \u0219i instruc\u021biuni privind modul \u0219i locul de expediere a pachetului. Articolele returnate la noi f\u0103r\u0103 a face mai \u00eent\u00e2i o cerere de returnare nu vor fi acceptate.<\/p><p>Ne pute\u021bi contacta oric\u00e2nd pentru orice comand\u0103 de retur la info@magictruffels.shop.<\/p><h2><b>DAUNE \u0218I PROBLEME<\/b><\/h2><p>V\u0103 rug\u0103m s\u0103 verifica\u021bi comanda la primirea acesteia \u0219i s\u0103 ne contacta\u021bi imediat dac\u0103 articolul este defect, deteriorat sau dac\u0103 primi\u021bi un articol gre\u0219it, astfel \u00eenc\u00e2t s\u0103 putem evalua \u0219i rezolva problema.<\/p><h2><b>EXCEP\u021aII \/ ARTICOLE NERETURNABILE<\/b><\/h2><p>Anumite tipuri de articole nu pot fi returnate, inclusiv produsele perisabile (cum ar fi alimentele, florile sau plantele), produsele personalizate (cum ar fi comenzile speciale sau articolele personalizate) \u0219i articolele de \u00eengrijire personal\u0103 (cum ar fi produsele de \u00eenfrumuse\u021bare). De asemenea, nu accept\u0103m return\u0103ri de materiale periculoase, lichide sau gaze inflamabile. V\u0103 rug\u0103m s\u0103 ne contacta\u021bi dac\u0103 ave\u021bi \u00eentreb\u0103ri sau nel\u0103muriri cu privire la articolul dvs. specific.<\/p><h2>UPDATE<\/h2><p>Cel mai rapid mod de a v\u0103 asigura c\u0103 ve\u021bi ob\u021bine ceea ce dori\u021bi este s\u0103 returna\u021bi articolul pe care \u00eel ave\u021bi \u0219i, odat\u0103 ce returnarea este acceptat\u0103, s\u0103 face\u021bi o achizi\u021bie separat\u0103 pentru noul articol.<\/p><h2><b>RAMBURS\u0102RI<\/b><\/h2><p>V\u0103 vom anun\u021ba dup\u0103 ce am primit \u0219i inspectat returul \u0219i v\u0103 vom informa dac\u0103 rambursarea a fost aprobat\u0103 sau nu. \u00cen cazul \u00een care este aprobat\u0103, ve\u021bi fi rambursat automat prin metoda de plat\u0103 ini\u021bial\u0103. Nu uita\u021bi c\u0103 poate dura ceva timp p\u00e2n\u0103 c\u00e2nd banca sau compania de carduri de credit va procesa \u0219i va posta \u0219i rambursarea.<\/p><h2><b>RETURN DATA<\/b><\/h2><p>Magictruffles.shop<br \/>PePePe BV<br \/>Sulky 6 J<br \/>Zeewolde<br \/>3897AJ<\/p><p>CAMERA DE COMER\u021a: 34236211<br \/>TVA: NL815030430411B01<\/p><p>Num\u0103r de telefon: 085-0160877<\/p>\t\t\t\t\t\t\t\t<\/div>\n\t\t\t\t<\/div>\n\t\t\t\t\t<\/div>\n\t\t<\/div>\n\t\t\t\t\t<\/div>\n\t\t<\/section>\n\t\t\t\t<\/div>","protected":false},"excerpt":{"rendered":"<p>POLITICA NOASTR\u0102 DE RETUR: La magictruffels.shop, ave\u021bi dreptul legal de a \u00eenregistra un produs pentru returnare \u00een termen de 14 zile de la primire, f\u0103r\u0103 a da nici un...<\/p>","protected":false},"author":2,"featured_media":0,"parent":0,"menu_order":0,"comment_status":"closed","ping_status":"closed","template":"","meta":{"_acf_changed":false,"footnotes":""},"class_list":["post-1616","page","type-page","status-publish","hentry"],"acf":[],"_links":{"self":[{"href":"https:\/\/www.paddo.shop\/ro\/wp-json\/wp\/v2\/pages\/1616","targetHints":{"allow":["GET"]}}],"collection":[{"href":"https:\/\/www.paddo.shop\/ro\/wp-json\/wp\/v2\/pages"}],"about":[{"href":"https:\/\/www.paddo.shop\/ro\/wp-json\/wp\/v2\/types\/page"}],"author":[{"embeddable":true,"href":"https:\/\/www.paddo.shop\/ro\/wp-json\/wp\/v2\/users\/2"}],"replies":[{"embeddable":true,"href":"https:\/\/www.paddo.shop\/ro\/wp-json\/wp\/v2\/comments?post=1616"}],"version-history":[{"count":0,"href":"https:\/\/www.paddo.shop\/ro\/wp-json\/wp\/v2\/pages\/1616\/revisions"}],"wp:attachment":[{"href":"https:\/\/www.paddo.shop\/ro\/wp-json\/wp\/v2\/media?parent=1616"}],"curies":[{"name":"wp","href":"https:\/\/api.w.org\/{rel}","templated":true}]}}