{"id":5256,"date":"2022-07-20T09:19:51","date_gmt":"2022-07-20T09:19:51","guid":{"rendered":"https:\/\/www.paddo.shop\/?post_type=product&#038;p=5256"},"modified":"2026-02-15T17:18:19","modified_gmt":"2026-02-15T15:18:19","slug":"mckennaii-paddo-growkit","status":"publish","type":"product","link":"https:\/\/www.paddo.shop\/pt\/mckennaii-paddo-growkit\/","title":{"rendered":"McKennaii Paddo Growkit"},"content":{"rendered":"<h2><strong>Comprar McKennaii Paddo Growkit<\/strong><\/h2>\n<p><span style=\"font-weight: 400;\">Se queres comprar kits de cultivo, vieste ao s\u00edtio certo. Na nossa loja, encontrar\u00e1s apenas kits de cultivo fi\u00e1veis e eficazes. Estes s\u00e3o produzidos pela empresa holandesa McSmart. Esta empresa \u00e9 conhecida internacionalmente como uma das empresas mais conceituadas no sector das trufas m\u00e1gicas e dos kits de cultivo de cogumelos m\u00e1gicos. Se seguires as instru\u00e7\u00f5es fornecidas, podes sempre contar com pelo menos um bom flush (colheita) de cogumelos psicad\u00e9licos, mas em muitos casos, podes at\u00e9 montar o kit de cultivo v\u00e1rias vezes!<\/span><\/p>\n<p><span style=\"font-weight: 400;\">Se encomendar hoje um Paddo McKennaii Growkit, receb\u00ea-lo-\u00e1 em casa de forma totalmente discreta no prazo de alguns dias.<\/span><\/p>\n<h3><strong>O que est\u00e1 num McKennaii Paddo Growkit<\/strong><\/h3>\n<p><span style=\"font-weight: 400;\">cont\u00e9m tudo o que \u00e9 necess\u00e1rio para cultivares tu pr\u00f3prio os cogumelos m\u00e1gicos Mexican. A embalagem cont\u00e9m: 1 recipiente de cultivo pronto a usar com mic\u00e9lio ativo, um saco de cultivo com filtros, 2 clipes para fechar o saco e um folheto com instru\u00e7\u00f5es. Tudo o que precisas de adicionar \u00e9 \u00e1gua e algum amor.<\/span><\/p>\n<h3><strong>Qu\u00e3o fortes s\u00e3o <\/strong><strong>McKennaii<\/strong><strong> cogumelos m\u00e1gicos?<\/strong><\/h3>\n<p><span style=\"font-weight: 400;\">Abaixo encontrar\u00e1 as trufas m\u00e1gicas da nossa gama, ordenadas por intensidade psicad\u00e9lica. Elas v\u00e3o do mais forte ao mais suave. Desta forma, podes ver exatamente como os cogumelos m\u00e1gicos Mexican se comparam aos restantes.<\/span><\/p>\n<p><a href=\"https:\/\/www.paddo.shop\/pt\/mckennaii-paddo-growkit\/\"><span style=\"font-weight: 400;\">McKennaii<\/span><span style=\"font-weight: 400;\"><br \/>\n<\/span><\/a><a href=\"https:\/\/www.paddo.shop\/pt\/hawaiian-copelandia-paddo-growkit\/\"><span style=\"font-weight: 400;\">Hawaiian Copelandia<\/span><span style=\"font-weight: 400;\"><br \/>\n<\/span><\/a><a href=\"https:\/\/www.paddo.shop\/pt\/golden-teacher-paddo-growkit\/\"><span style=\"font-weight: 400;\">Golden Teacher<\/span><span style=\"font-weight: 400;\"><br \/>\n<\/span><\/a><a href=\"https:\/\/www.paddo.shop\/pt\/mazatapec-paddo-growkit\/\"><span style=\"font-weight: 400;\">Mazatapec<\/span><span style=\"font-weight: 400;\"><br \/>\n<\/span><\/a><a href=\"https:\/\/www.paddo.shop\/pt\/colombian-paddo-growkit\/\"><span style=\"font-weight: 400;\">Colombian Paddo<\/span><span style=\"font-weight: 400;\"><br \/>\n<\/span><\/a><a href=\"https:\/\/www.paddo.shop\/pt\/cambodian-paddo-growkit\/\"><span style=\"font-weight: 400;\">Cambodian Paddo<\/span><span style=\"font-weight: 400;\"><br \/>\n<\/span><\/a><a href=\"https:\/\/www.paddo.shop\/pt\/ecuadorian-paddo-growkit\/\"><span style=\"font-weight: 400;\">Ecuadorian Paddo<\/span><span style=\"font-weight: 400;\"><br \/>\n<\/span><\/a><a href=\"https:\/\/www.paddo.shop\/pt\/mexican-paddo-growkit\/\"><span style=\"font-weight: 400;\">Mexican Paddo<\/span><span style=\"font-weight: 400;\"><br \/>\n<\/span><\/a><a href=\"https:\/\/www.paddo.shop\/pt\/b-plus-paddo-growkit\/\"><span style=\"font-weight: 400;\">B+ Paddo<\/span><span style=\"font-weight: 400;\"><br \/>\n<\/span><\/a><a href=\"https:\/\/www.paddo.shop\/pt\/thai-paddo-growkit\/\"><span style=\"font-weight: 400;\">Thai Paddo<\/span><\/a><\/p>\n<h2><strong>Cultive os seus pr\u00f3prios cogumelos McKennaii com um kit de cultivo<\/strong><\/h2>\n<p><span style=\"font-weight: 400;\">As Mexican est\u00e3o entre os produtos naturais psicad\u00e9licos mais populares da atualidade. S\u00e3o muito f\u00e1ceis de cultivar com a ajuda dos nossos kits de cultivo. Basicamente, tudo o que precisas \u00e9 de um kit de cultivo, um pouco de \u00e1gua e alguma paci\u00eancia. Para garantir que tudo corre bem, tamb\u00e9m te fornecemos instru\u00e7\u00f5es. Desde que as cumpras, poder\u00e1s colher os teus primeiros cogumelos dentro de algumas semanas.<\/span><\/p>\n<h3><strong>De beste paddo growkit tips van 2026<\/strong><\/h3>\n<p><span style=\"font-weight: 400;\">Cultivar os teus pr\u00f3prios cogumelos m\u00e1gicos \u00e9 muito f\u00e1cil com um kit de cultivo. No entanto, \u00e9 importante que sigas as instru\u00e7\u00f5es fornecidas. Como estamos a lidar com um organismo vivo, h\u00e1 uma s\u00e9rie de coisas que deves absolutamente <\/span><strong>n\u00e3o<\/strong><span style=\"font-weight: 400;\"> deve fazer. Quer garantir uma boa colheita de cogumelos cultivados em casa vezes sem conta? Ent\u00e3o d\u00ea uma olhadela aqui <\/span><a href=\"https:\/\/www.paddo.shop\/pt\/growkit-instructies\/\"><span style=\"font-weight: 400;\">de beste paddo growkit tips van 2026<\/span><\/a><span style=\"font-weight: 400;\">.<\/span><\/p>\n<p><strong>Importante:<\/strong><strong><br \/>\n<\/strong><span style=\"font-weight: 400;\">Cultivar cogumelos m\u00e1gicos \u00e9 incrivelmente divertido e satisfat\u00f3rio. Mas aten\u00e7\u00e3o: os cogumelos (cogumelos m\u00e1gicos) tamb\u00e9m cont\u00eam naturalmente as subst\u00e2ncias psilocibina e psilocina. A psilocibina e a psilocina s\u00e3o alucinog\u00e9nios. Os alucinog\u00e9nios s\u00e3o subst\u00e2ncias com um efeito de altera\u00e7\u00e3o da consci\u00eancia, que, entre outras coisas, podem induzir alucina\u00e7\u00f5es. Tem isto em mente. E mant\u00e9m sempre o kit de cultivo e os cogumelos fora do alcance das crian\u00e7as!<\/span><\/p>\n<h2>Perguntas mais frequentes<\/h2>\n<p>Abaixo est\u00e3o as 5 perguntas mais frequentes sobre o McKennaii. Ainda tem d\u00favidas depois de toda a informa\u00e7\u00e3o desta p\u00e1gina? <a href=\"https:\/\/www.paddo.shop\/pt\/contact\/\">Ent\u00e3o contacte-nos<\/a> e ajud\u00e1-lo-emos imediatamente.<\/p>\n\t\t<div data-elementor-type=\"section\" data-elementor-id=\"8215\" class=\"elementor elementor-8215\" data-elementor-post-type=\"elementor_library\">\n\t\t\t\t\t<section class=\"elementor-section elementor-top-section elementor-element elementor-element-a20d66a elementor-section-boxed elementor-section-height-default elementor-section-height-default\" data-id=\"a20d66a\" data-element_type=\"section\">\n\t\t\t\t\t\t<div class=\"elementor-container elementor-column-gap-default\">\n\t\t\t\t\t<div class=\"elementor-column elementor-col-100 elementor-top-column elementor-element elementor-element-5ae8cb5\" data-id=\"5ae8cb5\" data-element_type=\"column\">\n\t\t\t<div class=\"elementor-widget-wrap elementor-element-populated\">\n\t\t\t\t\t\t<div class=\"elementor-element elementor-element-5207599 elementor-widget__width-initial elementor-widget elementor-widget-accordion\" data-id=\"5207599\" data-element_type=\"widget\" data-widget_type=\"accordion.default\">\n\t\t\t\t<div class=\"elementor-widget-container\">\n\t\t\t\t\t\t\t<div class=\"elementor-accordion\">\n\t\t\t\t\t\t\t<div class=\"elementor-accordion-item\">\n\t\t\t\t\t<h3 id=\"elementor-tab-title-8601\" class=\"elementor-tab-title\" data-tab=\"1\" role=\"button\" aria-controls=\"elementor-tab-content-8601\" aria-expanded=\"false\">\n\t\t\t\t\t\t\t\t\t\t\t\t\t<span class=\"elementor-accordion-icon elementor-accordion-icon-right\" aria-hidden=\"true\">\n\t\t\t\t\t\t\t\t\t\t\t\t\t\t\t<span class=\"elementor-accordion-icon-closed\"><i class=\"fas fa-plus\"><\/i><\/span>\n\t\t\t\t\t\t\t\t<span class=\"elementor-accordion-icon-opened\"><i class=\"fas fa-minus\"><\/i><\/span>\n\t\t\t\t\t\t\t\t\t\t\t\t\t\t<\/span>\n\t\t\t\t\t\t\t\t\t\t\t\t<a class=\"elementor-accordion-title\" tabindex=\"0\">Qual \u00e9 a hist\u00f3ria por detr\u00e1s do nome McKennaii para esta variedade de cogumelos?<\/a>\n\t\t\t\t\t<\/h3>\n\t\t\t\t\t<div id=\"elementor-tab-content-8601\" class=\"elementor-tab-content elementor-clearfix\" data-tab=\"1\" role=\"region\" aria-labelledby=\"elementor-tab-title-8601\"><p>O nome McKennaii \u00e9 uma homenagem a Terence McKenna, um etnobot\u00e2nico e psiconauta americano conhecido pelas suas explora\u00e7\u00f5es no mundo psicad\u00e9lico. As suas descobertas e a sua defesa do uso respons\u00e1vel de psicad\u00e9licos tiveram um grande impacto na comunidade, e a variedade de cogumelos McKennaii honra as suas contribui\u00e7\u00f5es. O profundo interesse de McKenna pelas experi\u00eancias psicol\u00f3gicas e espirituais proporcionadas pelos psicad\u00e9licos reflecte-se na natureza potente dos cogumelos McKennaii. Para mais informa\u00e7\u00f5es sobre experi\u00eancias psicad\u00e9licas, consulte o <a href=\"https:\/\/www.paddo.shop\/pt\/trip-stopper\/\" target=\"_new\">p\u00e1gina de paragem de viagem<\/a>.<\/p>\n<\/div>\n\t\t\t\t<\/div>\n\t\t\t\t\t\t\t<div class=\"elementor-accordion-item\">\n\t\t\t\t\t<h3 id=\"elementor-tab-title-8602\" class=\"elementor-tab-title\" data-tab=\"2\" role=\"button\" aria-controls=\"elementor-tab-content-8602\" aria-expanded=\"false\">\n\t\t\t\t\t\t\t\t\t\t\t\t\t<span class=\"elementor-accordion-icon elementor-accordion-icon-right\" aria-hidden=\"true\">\n\t\t\t\t\t\t\t\t\t\t\t\t\t\t\t<span class=\"elementor-accordion-icon-closed\"><i class=\"fas fa-plus\"><\/i><\/span>\n\t\t\t\t\t\t\t\t<span class=\"elementor-accordion-icon-opened\"><i class=\"fas fa-minus\"><\/i><\/span>\n\t\t\t\t\t\t\t\t\t\t\t\t\t\t<\/span>\n\t\t\t\t\t\t\t\t\t\t\t\t<a class=\"elementor-accordion-title\" tabindex=\"0\">Como \u00e9 que o ambiente afecta o crescimento dos cogumelos McKennaii neste kit de cultivo?<\/a>\n\t\t\t\t\t<\/h3>\n\t\t\t\t\t<div id=\"elementor-tab-content-8602\" class=\"elementor-tab-content elementor-clearfix\" data-tab=\"2\" role=\"region\" aria-labelledby=\"elementor-tab-title-8602\"><p>O ambiente desempenha um papel crucial no cultivo de cogumelos McKennaii. Factores como a temperatura, a humidade e a luz t\u00eam uma grande influ\u00eancia no crescimento. \u00c9 importante manter uma temperatura constante entre 18-28\u00b0C e colocar o kit de cultivo num local onde n\u00e3o esteja exposto \u00e0 luz solar direta ou a correntes de ar. Para instru\u00e7\u00f5es sobre como criar as condi\u00e7\u00f5es ideais de cultivo, consulta a <a href=\"https:\/\/www.paddo.shop\/pt\/growkit-instructies\/\" target=\"_new\">p\u00e1gina de instru\u00e7\u00f5es do kit de cultivo<\/a>.<\/p>\n<\/div>\n\t\t\t\t<\/div>\n\t\t\t\t\t\t\t<div class=\"elementor-accordion-item\">\n\t\t\t\t\t<h3 id=\"elementor-tab-title-8603\" class=\"elementor-tab-title\" data-tab=\"3\" role=\"button\" aria-controls=\"elementor-tab-content-8603\" aria-expanded=\"false\">\n\t\t\t\t\t\t\t\t\t\t\t\t\t<span class=\"elementor-accordion-icon elementor-accordion-icon-right\" aria-hidden=\"true\">\n\t\t\t\t\t\t\t\t\t\t\t\t\t\t\t<span class=\"elementor-accordion-icon-closed\"><i class=\"fas fa-plus\"><\/i><\/span>\n\t\t\t\t\t\t\t\t<span class=\"elementor-accordion-icon-opened\"><i class=\"fas fa-minus\"><\/i><\/span>\n\t\t\t\t\t\t\t\t\t\t\t\t\t\t<\/span>\n\t\t\t\t\t\t\t\t\t\t\t\t<a class=\"elementor-accordion-title\" tabindex=\"0\">Que tipo de experi\u00eancia de viagem posso esperar dos cogumelos McKennaii?<\/a>\n\t\t\t\t\t<\/h3>\n\t\t\t\t\t<div id=\"elementor-tab-content-8603\" class=\"elementor-tab-content elementor-clearfix\" data-tab=\"3\" role=\"region\" aria-labelledby=\"elementor-tab-title-8603\"><p>Os cogumelos m\u00e1gicos McKennaii s\u00e3o conhecidos pelos seus fortes efeitos alucinog\u00e9nios. Podem proporcionar experi\u00eancias visuais intensas e profundas percep\u00e7\u00f5es introspectivas. A experi\u00eancia pode variar de pessoa para pessoa, mas muitos utilizadores relatam uma maior perce\u00e7\u00e3o das cores, dos sons e uma sensa\u00e7\u00e3o geral de liga\u00e7\u00e3o com o universo. Para informa\u00e7\u00f5es sobre a dosagem e como gerir a tua experi\u00eancia, consulta a <a href=\"https:\/\/www.paddo.shop\/pt\/vind-dosering\/\" target=\"_new\">encontrar p\u00e1gina de dosagem<\/a>.<\/p>\n<\/div>\n\t\t\t\t<\/div>\n\t\t\t\t\t\t\t<div class=\"elementor-accordion-item\">\n\t\t\t\t\t<h3 id=\"elementor-tab-title-8604\" class=\"elementor-tab-title\" data-tab=\"4\" role=\"button\" aria-controls=\"elementor-tab-content-8604\" aria-expanded=\"false\">\n\t\t\t\t\t\t\t\t\t\t\t\t\t<span class=\"elementor-accordion-icon elementor-accordion-icon-right\" aria-hidden=\"true\">\n\t\t\t\t\t\t\t\t\t\t\t\t\t\t\t<span class=\"elementor-accordion-icon-closed\"><i class=\"fas fa-plus\"><\/i><\/span>\n\t\t\t\t\t\t\t\t<span class=\"elementor-accordion-icon-opened\"><i class=\"fas fa-minus\"><\/i><\/span>\n\t\t\t\t\t\t\t\t\t\t\t\t\t\t<\/span>\n\t\t\t\t\t\t\t\t\t\t\t\t<a class=\"elementor-accordion-title\" tabindex=\"0\">Algum entusiasta conhecido ou recomenda\u00e7\u00f5es para cogumelos McKennaii?<\/a>\n\t\t\t\t\t<\/h3>\n\t\t\t\t\t<div id=\"elementor-tab-content-8604\" class=\"elementor-tab-content elementor-clearfix\" data-tab=\"4\" role=\"region\" aria-labelledby=\"elementor-tab-title-8604\"><p>Embora nenhum indiv\u00edduo espec\u00edfico conhecido tenha expressado publicamente a sua prefer\u00eancia pelos cogumelos McKennaii, muitos psiconautas experientes apreciam esta variedade pela pot\u00eancia e pelas profundas experi\u00eancias de viagem que pode oferecer. A comunidade psicad\u00e9lica aprecia as variedades de cogumelos fortes e perspicazes como o McKennaii. Para mais informa\u00e7\u00f5es sobre as diferentes esp\u00e9cies de cogumelos e os seus efeitos, consulta o site <a href=\"https:\/\/www.paddo.shop\/pt\/growkits\/\" target=\"_new\">p\u00e1gina de kits de cultivo<\/a>.<\/p>\n<\/div>\n\t\t\t\t<\/div>\n\t\t\t\t\t\t\t<div class=\"elementor-accordion-item\">\n\t\t\t\t\t<h3 id=\"elementor-tab-title-8605\" class=\"elementor-tab-title\" data-tab=\"5\" role=\"button\" aria-controls=\"elementor-tab-content-8605\" aria-expanded=\"false\">\n\t\t\t\t\t\t\t\t\t\t\t\t\t<span class=\"elementor-accordion-icon elementor-accordion-icon-right\" aria-hidden=\"true\">\n\t\t\t\t\t\t\t\t\t\t\t\t\t\t\t<span class=\"elementor-accordion-icon-closed\"><i class=\"fas fa-plus\"><\/i><\/span>\n\t\t\t\t\t\t\t\t<span class=\"elementor-accordion-icon-opened\"><i class=\"fas fa-minus\"><\/i><\/span>\n\t\t\t\t\t\t\t\t\t\t\t\t\t\t<\/span>\n\t\t\t\t\t\t\t\t\t\t\t\t<a class=\"elementor-accordion-title\" tabindex=\"0\">Posso cultivar cogumelos McKennaii no exterior com este kit de cultivo?<\/a>\n\t\t\t\t\t<\/h3>\n\t\t\t\t\t<div id=\"elementor-tab-content-8605\" class=\"elementor-tab-content elementor-clearfix\" data-tab=\"5\" role=\"region\" aria-labelledby=\"elementor-tab-title-8605\"><p>Cultivar cogumelos McKennaii no exterior pode ser um desafio devido aos requisitos de controlo da temperatura e da humidade. Este kit de cultivo destina-se principalmente a ser utilizado no interior, onde se pode controlar melhor as condi\u00e7\u00f5es ambientais. \u00c9 sempre melhor seguir as instru\u00e7\u00f5es para maximizar as hip\u00f3teses de uma colheita bem sucedida. Para mais detalhes sobre o envio e a rece\u00e7\u00e3o do teu kit de cultivo, consulta a <a href=\"https:\/\/www.paddo.shop\/pt\/verzending\/\" target=\"_new\">p\u00e1gina de envio<\/a>.<\/p>\n<\/div>\n\t\t\t\t<\/div>\n\t\t\t\t\t\t\t\t\t\t<script type=\"application\/ld+json\">{\n    \"@context\": \"https:\\\/\\\/schema.org\",\n    \"@type\": \"FAQPage\",\n    \"mainEntity\": [\n        {\n            \"@type\": \"Question\",\n            \"name\": \"Wat is het verhaal achter de naam McKennaii voor deze paddosoort?\",\n            \"acceptedAnswer\": {\n                \"@type\": \"Answer\",\n                \"text\": \"<p>De naam McKennaii is een eerbetoon aan Terence McKenna, een Amerikaanse etnobotanicus en psychonaut die bekend staat om zijn exploraties in de psychedelische wereld. Zijn bevindingen en pleidooi voor het verantwoord gebruik van psychedelica hebben een grote impact gehad op de gemeenschap, en de McKennaii paddosoort eert zijn bijdragen. McKenna&#8217;s diepe interesse in de psychologische en spirituele ervaringen die psychedelica bieden, wordt weerspiegeld in de krachtige aard van de McKennaii paddo&#8217;s. Voor meer informatie over psychedelische ervaringen, bekijk de <a href=\\\"https:\\\/\\\/www.paddo.shop\\\/trip-stopper\\\/\\\" target=\\\"_new\\\">trip stopper pagina<\\\/a>.<\\\/p>\\n\"\n            }\n        },\n        {\n            \"@type\": \"Question\",\n            \"name\": \"Hoe be\\u00efnvloedt de omgeving de groei van McKennaii paddo\\u2019s in deze growkit?\",\n            \"acceptedAnswer\": {\n                \"@type\": \"Answer\",\n                \"text\": \"<p>De omgeving speelt een cruciale rol bij het kweken van McKennaii paddo&#8217;s. Factoren zoals temperatuur, luchtvochtigheid en licht hebben een grote invloed op de groei. Het is belangrijk om een constante temperatuur tussen 18-28\\u00b0C te handhaven en de growkit op een plaats te zetten waar het niet wordt blootgesteld aan direct zonlicht of luchtstromen. Voor instructies over het cre\\u00ebren van de ideale kweekomstandigheden, raadpleeg de <a href=\\\"https:\\\/\\\/www.paddo.shop\\\/growkit-instructies\\\/\\\" target=\\\"_new\\\">growkit instructies pagina<\\\/a>.<\\\/p>\\n\"\n            }\n        },\n        {\n            \"@type\": \"Question\",\n            \"name\": \"Wat voor soort tripervaring kan ik verwachten van McKennaii paddo\\u2019s?\",\n            \"acceptedAnswer\": {\n                \"@type\": \"Answer\",\n                \"text\": \"<p>McKennaii paddo&#8217;s staan bekend om hun sterke hallucinogene effecten. Ze kunnen intense visuele ervaringen en diepgaande introspectieve inzichten bieden. De ervaring kan vari\\u00ebren van persoon tot persoon, maar veel gebruikers melden een verhoogde perceptie van kleuren, geluiden en een algemeen gevoel van verbondenheid met het universum. Voor informatie over dosering en hoe je je ervaring kunt beheren, bekijk de <a href=\\\"https:\\\/\\\/www.paddo.shop\\\/vind-dosering\\\/\\\" target=\\\"_new\\\">vind dosering pagina<\\\/a>.<\\\/p>\\n\"\n            }\n        },\n        {\n            \"@type\": \"Question\",\n            \"name\": \"Zijn er bekende liefhebbers of aanbevelingen voor McKennaii paddo\\u2019s?\",\n            \"acceptedAnswer\": {\n                \"@type\": \"Answer\",\n                \"text\": \"<p>Hoewel er geen specifieke bekende individuen zijn die hun voorkeur voor McKennaii paddo&#8217;s publiekelijk hebben uitgedrukt, waarderen veel ervaren psychonauten deze soort vanwege de potentie en diepgaande tripervaringen die het kan bieden. De psychedelische gemeenschap heeft een waardering voor sterke en inzichtelijke paddosoorten zoals McKennaii. Voor aanvullende informatie over verschillende paddosoorten en hun effecten, bekijk de <a href=\\\"https:\\\/\\\/www.paddo.shop\\\/growkits\\\/\\\" target=\\\"_new\\\">growkits pagina<\\\/a>.<\\\/p>\\n\"\n            }\n        },\n        {\n            \"@type\": \"Question\",\n            \"name\": \"Kan ik McKennaii paddo\\u2019s buiten kweken met deze growkit?\",\n            \"acceptedAnswer\": {\n                \"@type\": \"Answer\",\n                \"text\": \"<p>Het kweken van McKennaii paddo\\u2019s buiten kan uitdagend zijn vanwege de vereisten voor temperatuur- en vochtigheidscontrole. Deze growkit is voornamelijk bedoeld voor binnengebruik waar je de omgevingscondities beter kunt beheersen. Het is altijd het beste om de instructies te volgen om de kans op een succesvolle oogst te maximaliseren. Voor meer details over de verzending en het ontvangen van je growkit, bekijk de <a href=\\\"https:\\\/\\\/www.paddo.shop\\\/verzending\\\/\\\" target=\\\"_new\\\">verzending pagina<\\\/a>.<\\\/p>\\n\"\n            }\n        }\n    ]\n}<\/script>\n\t\t\t\t\t<\/div>\n\t\t\t\t\t\t<\/div>\n\t\t\t\t<\/div>\n\t\t\t\t\t<\/div>\n\t\t<\/div>\n\t\t\t\t\t<\/div>\n\t\t<\/section>\n\t\t\t\t<\/div>","protected":false},"excerpt":{"rendered":"<p>O cogumelo McKennai \u00e9 um verdadeiro cl\u00e1ssico na comunidade dos cogumelos m\u00e1gicos. Com o nome do \"Padrinho dos Cogumelos\" Terrence McKenna, esta variedade potente \u00e9 incrivelmente popular. Agora podes cultiv\u00e1-los facilmente com o nosso kit de cultivo McKennaii pronto a usar. Com alguns passos simples, como regar, arejar e repetir, ter\u00e1s cogumelos McKennaii potentes num instante. Embora este kit de cultivo seja f\u00e1cil de montar e te d\u00ea uma boa colheita, aconselhamos-te a come\u00e7ar com pequenas por\u00e7\u00f5es. Este famoso cogumelo psicad\u00e9lico \u00e9 considerado o cogumelo Psilocybe Cubensis mais forte que existe!<\/p>","protected":false},"featured_media":5885,"comment_status":"closed","ping_status":"closed","template":"","meta":{"_acf_changed":false},"etheme_brands":[{"term_id":50,"name":"McSmart","slug":"mcsmart","term_group":0,"term_taxonomy_id":50,"taxonomy":"brand","description":"","parent":0,"count":11,"filter":"raw"}],"product_brand":[],"product_cat":[15],"product_tag":[],"class_list":{"0":"post-5256","1":"product","2":"type-product","3":"status-publish","4":"has-post-thumbnail","6":"brand-mcsmart","7":"product_cat-growkits","9":"first","10":"instock","11":"taxable","12":"shipping-taxable","13":"purchasable","14":"product-type-variable","15":"has-default-attributes"},"acf":[],"_links":{"self":[{"href":"https:\/\/www.paddo.shop\/pt\/wp-json\/wp\/v2\/product\/5256","targetHints":{"allow":["GET"]}}],"collection":[{"href":"https:\/\/www.paddo.shop\/pt\/wp-json\/wp\/v2\/product"}],"about":[{"href":"https:\/\/www.paddo.shop\/pt\/wp-json\/wp\/v2\/types\/product"}],"replies":[{"embeddable":true,"href":"https:\/\/www.paddo.shop\/pt\/wp-json\/wp\/v2\/comments?post=5256"}],"wp:featuredmedia":[{"embeddable":true,"href":"https:\/\/www.paddo.shop\/pt\/wp-json\/wp\/v2\/media\/5885"}],"wp:attachment":[{"href":"https:\/\/www.paddo.shop\/pt\/wp-json\/wp\/v2\/media?parent=5256"}],"wp:term":[{"taxonomy":"brand","embeddable":true,"href":"https:\/\/www.paddo.shop\/pt\/wp-json\/wp\/v2\/etheme_brands?post=5256"},{"taxonomy":"product_brand","embeddable":true,"href":"https:\/\/www.paddo.shop\/pt\/wp-json\/wp\/v2\/product_brand?post=5256"},{"taxonomy":"product_cat","embeddable":true,"href":"https:\/\/www.paddo.shop\/pt\/wp-json\/wp\/v2\/product_cat?post=5256"},{"taxonomy":"product_tag","embeddable":true,"href":"https:\/\/www.paddo.shop\/pt\/wp-json\/wp\/v2\/product_tag?post=5256"}],"curies":[{"name":"wp","href":"https:\/\/api.w.org\/{rel}","templated":true}]}}