{"id":5252,"date":"2022-07-20T09:16:20","date_gmt":"2022-07-20T09:16:20","guid":{"rendered":"https:\/\/www.paddo.shop\/?post_type=product&#038;p=5252"},"modified":"2023-10-09T13:35:46","modified_gmt":"2023-10-09T11:35:46","slug":"cambodian-paddo-growkit","status":"publish","type":"product","link":"https:\/\/www.paddo.shop\/pt\/cambodian-paddo-growkit\/","title":{"rendered":"Cambodian Paddo Growkit"},"content":{"rendered":"<h2><strong>Cambodian Paddo Growkit kopen<\/strong><\/h2>\n<p><span style=\"font-weight: 400;\">Wie een Cambodian Paddo Growkit wil kopen zit bij ons aan het juiste adres. In onze shop vind je namelijk alleen betrouwbare en effectieve growkits. Ze worden geproduceerd door het Nederlandse bedrijf McSmart. Dit bedrijf staat internationaal bekend als een van de meest gerenommeerde bedrijven op het gebied van magic truffels en paddo growkits. Als jij je goed aan de bijgeleverde instructies houdt kan je daarom altijd rekenen op minimaal \u00e9\u00e9n goede flush(oogst) met psychedelische paddenstoelen, maar in veel gevallen kan je de kweekset zelfs meerdere keren opzetten!<\/span><\/p>\n<p><span style=\"font-weight: 400;\">Als je vandaag een Cambodian Paddo Growkit bestelt, ontvang je hem binnen enkele dagen volledig discreet thuis.<\/span><\/p>\n<h3><strong>Wat zit er in een Cambodian Paddo Growkit<\/strong><\/h3>\n<p><span style=\"font-weight: 400;\">Iedere Cambodian Paddo Growkit bevat alles dat nodig is om zelf Cambodian magic mushrooms te kweken. In het pakket zitten: 1 kant en klare kweekbak met actief mycelium, een kweekzak met filters, 2 clips om de zak af te sluiten en een flyer met instructies. Zelf hoef je alleen nog water en wat liefde toe te voegen.<\/span><\/p>\n<h3><strong>Hoe sterk zijn <\/strong><strong>Cambodian<\/strong><strong> magische paddenstoelen?<\/strong><\/h3>\n<p><span style=\"font-weight: 400;\">Hieronder vind je de magic truffels uit ons assortiment gesorteerd op basis van psychedelische sterkte. Ze lopen af van sterk naar mild. Zo zie je precies hoe de Cambodian paddo\u2019s zich verhouden tot de rest.<\/span><\/p>\n<p><a href=\"https:\/\/www.paddo.shop\/mckennaii-paddo-growkit\/\"><span style=\"font-weight: 400;\">McKennaii<\/span><span style=\"font-weight: 400;\"><br \/>\n<\/span><\/a><a href=\"https:\/\/www.paddo.shop\/hawaiian-copelandia-paddo-growkit\/\"><span style=\"font-weight: 400;\">Hawaiian Copelandia<\/span><span style=\"font-weight: 400;\"><br \/>\n<\/span><\/a><a href=\"https:\/\/www.paddo.shop\/golden-teacher-paddo-growkit\/\"><span style=\"font-weight: 400;\">Golden Teacher<\/span><span style=\"font-weight: 400;\"><br \/>\n<\/span><\/a><a href=\"https:\/\/www.paddo.shop\/mazatapec-paddo-growkit\/\"><span style=\"font-weight: 400;\">Mazatapec<\/span><span style=\"font-weight: 400;\"><br \/>\n<\/span><\/a><a href=\"https:\/\/www.paddo.shop\/colombian-paddo-growkit\/\"><span style=\"font-weight: 400;\">Colombian Paddo<\/span><span style=\"font-weight: 400;\"><br \/>\n<\/span><\/a><a href=\"https:\/\/www.paddo.shop\/cambodian-paddo-growkit\/\"><span style=\"font-weight: 400;\">Cambodian Paddo<\/span><span style=\"font-weight: 400;\"><br \/>\n<\/span><\/a><a href=\"https:\/\/www.paddo.shop\/ecuadorian-paddo-growkit\/\"><span style=\"font-weight: 400;\">Ecuadorian Paddo<\/span><span style=\"font-weight: 400;\"><br \/>\n<\/span><\/a><a href=\"https:\/\/www.paddo.shop\/mexican-paddo-growkit\/\"><span style=\"font-weight: 400;\">Mexican Paddo<\/span><span style=\"font-weight: 400;\"><br \/>\n<\/span><\/a><a href=\"https:\/\/www.paddo.shop\/b-plus-paddo-growkit\/\"><span style=\"font-weight: 400;\">B+ Paddo<\/span><span style=\"font-weight: 400;\"><br \/>\n<\/span><\/a><a href=\"https:\/\/www.paddo.shop\/thai-paddo-growkit\/\"><span style=\"font-weight: 400;\">Thai Paddo<\/span><\/a><\/p>\n<h2><strong>Zelf Cambodian paddo\u2019s kweken met een kweekset<\/strong><\/h2>\n<p><span style=\"font-weight: 400;\">Cambodian behoren tot de populairste psychedelische natuurproducten van dit moment. Ze zijn met behulp van onze growkits erg gemakkelijk te kweken. In principe is het enige dat je nodig hebt een growkit, een beetje water en wat geduld. Om ervoor te zorgen dat alles goed gaat leveren wij jou ook instructies mee. Zolang jij je daar keurig aan houdt, kan jij binnen enkele weken al de eerste paddenstoelen plukken.<\/span><\/p>\n<h3><strong>De beste paddo growkit tips van 2026<\/strong><\/h3>\n<p><span style=\"font-weight: 400;\">Zelf paddo\u2019s kweken is met behulp van een growkit erg gemakkelijk. Toch is het wel belangrijk dat jij je aan de bijgeleverde instructies houdt. Omdat het om een levend organisme gaat zijn er ook een aantal dingen die je absoluut <\/span><strong>niet<\/strong><span style=\"font-weight: 400;\"> moet doen. Wil jij jezelf keer op keer verzekeren van een mooie opbrengst zelfgekweekte paddo\u2019s? Bekijk dan hier <\/span><a href=\"https:\/\/www.paddo.shop\/growkit-instructies\/\"><span style=\"font-weight: 400;\">de beste paddo growkit tips van 2026<\/span><\/a><span style=\"font-weight: 400;\">.<\/span><\/p>\n<p><strong>Belangrijk:<\/strong><strong><br \/>\n<\/strong><span style=\"font-weight: 400;\">Het kweken van paddo\u2019s is ontzettend leuk en geeft veel voldoening. Maar let wel op: Paddo\u2019s (Magic Mushrooms) bevatten van nature ook de stoffen psilocybine en psilocine. Psilocybine en psilocine zijn hallucinogenen. Hallucinogenen zijn stoffen met een bewustzijnsveranderende werking, die onder andere hallucinaties kunnen opwekken. Houdt hier goed rekening mee. En houdt zowel de growkit als de paddenstoelen altijd buiten bereik van kinderen!<\/span><\/p>\n<h2>Meeste gestelde vragen<\/h2>\n<p>Hieronder vind je de top 5 meeste gestelde Cambodian vragen. Heb je na alle informatie op deze pagina toch nog vragen? <a href=\"https:\/\/www.paddo.shop\/contact\/\">Neem dan contact met ons op<\/a> en wij helpen je direct verder.<\/p>\n\t\t<div data-elementor-type=\"section\" data-elementor-id=\"8215\" class=\"elementor elementor-8215\" data-elementor-post-type=\"elementor_library\">\n\t\t\t\t\t<section class=\"elementor-section elementor-top-section elementor-element elementor-element-a20d66a elementor-section-boxed elementor-section-height-default elementor-section-height-default\" data-id=\"a20d66a\" data-element_type=\"section\" data-e-type=\"section\">\n\t\t\t\t\t\t<div class=\"elementor-container elementor-column-gap-default\">\n\t\t\t\t\t<div class=\"elementor-column elementor-col-100 elementor-top-column elementor-element elementor-element-5ae8cb5\" data-id=\"5ae8cb5\" data-element_type=\"column\" data-e-type=\"column\">\n\t\t\t<div class=\"elementor-widget-wrap elementor-element-populated\">\n\t\t\t\t\t\t<div class=\"elementor-element elementor-element-5207599 elementor-widget__width-initial elementor-widget elementor-widget-accordion\" data-id=\"5207599\" data-element_type=\"widget\" data-e-type=\"widget\" data-widget_type=\"accordion.default\">\n\t\t\t\t<div class=\"elementor-widget-container\">\n\t\t\t\t\t\t\t<div class=\"elementor-accordion\">\n\t\t\t\t\t\t\t<div class=\"elementor-accordion-item\">\n\t\t\t\t\t<h3 id=\"elementor-tab-title-8601\" class=\"elementor-tab-title\" data-tab=\"1\" role=\"button\" aria-controls=\"elementor-tab-content-8601\" aria-expanded=\"false\">\n\t\t\t\t\t\t\t\t\t\t\t\t\t<span class=\"elementor-accordion-icon elementor-accordion-icon-right\" aria-hidden=\"true\">\n\t\t\t\t\t\t\t\t\t\t\t\t\t\t\t<span class=\"elementor-accordion-icon-closed\"><i class=\"fas fa-plus\"><\/i><\/span>\n\t\t\t\t\t\t\t\t<span class=\"elementor-accordion-icon-opened\"><i class=\"fas fa-minus\"><\/i><\/span>\n\t\t\t\t\t\t\t\t\t\t\t\t\t\t<\/span>\n\t\t\t\t\t\t\t\t\t\t\t\t<a class=\"elementor-accordion-title\" tabindex=\"0\">Waarom zijn Cambodian paddo\u2019s een goede keuze voor diegenen die op zoek zijn naar visuele trips?<\/a>\n\t\t\t\t\t<\/h3>\n\t\t\t\t\t<div id=\"elementor-tab-content-8601\" class=\"elementor-tab-content elementor-clearfix\" data-tab=\"1\" role=\"region\" aria-labelledby=\"elementor-tab-title-8601\"><p>Cambodian paddo&#8217;s zijn befaamd om hun intense visuele effecten, wat ze een topkeuze maakt voor diegenen die op zoek zijn naar een kleurrijke en visueel stimulerende psychedelische ervaring. Deze paddo\u2019s kunnen je perceptie van kleuren, vormen en patronen veranderen, waardoor je omgeving lijkt te dansen en te pulseren met een nieuwe levendigheid. De ervaring kan je blik op de wereld om je heen tijdelijk veranderen, waardoor je de schoonheid in dingen ziet die je misschien eerder over het hoofd hebt gezien. Als je ge\u00efnteresseerd bent in andere paddosoorten die ook visuele ervaringen kunnen bieden, kan de <a href=\"https:\/\/www.paddo.shop\/mexican-paddo-growkit\/\" target=\"_new\">Mexican Paddo Growkit<\/a> ook iets voor jou zijn. Deze paddo&#8217;s staan ook bekend om hun vermogen om visuele hallucinaties en een veranderde perceptie van de realiteit te veroorzaken.<\/p>\n<\/div>\n\t\t\t\t<\/div>\n\t\t\t\t\t\t\t<div class=\"elementor-accordion-item\">\n\t\t\t\t\t<h3 id=\"elementor-tab-title-8602\" class=\"elementor-tab-title\" data-tab=\"2\" role=\"button\" aria-controls=\"elementor-tab-content-8602\" aria-expanded=\"false\">\n\t\t\t\t\t\t\t\t\t\t\t\t\t<span class=\"elementor-accordion-icon elementor-accordion-icon-right\" aria-hidden=\"true\">\n\t\t\t\t\t\t\t\t\t\t\t\t\t\t\t<span class=\"elementor-accordion-icon-closed\"><i class=\"fas fa-plus\"><\/i><\/span>\n\t\t\t\t\t\t\t\t<span class=\"elementor-accordion-icon-opened\"><i class=\"fas fa-minus\"><\/i><\/span>\n\t\t\t\t\t\t\t\t\t\t\t\t\t\t<\/span>\n\t\t\t\t\t\t\t\t\t\t\t\t<a class=\"elementor-accordion-title\" tabindex=\"0\">Hoe ga ik om met temperatuurveranderingen tijdens het kweken van Cambodian paddo\u2019s?<\/a>\n\t\t\t\t\t<\/h3>\n\t\t\t\t\t<div id=\"elementor-tab-content-8602\" class=\"elementor-tab-content elementor-clearfix\" data-tab=\"2\" role=\"region\" aria-labelledby=\"elementor-tab-title-8602\"><p>Temperatuur speelt een cruciale rol bij het kweken van Cambodian paddo\u2019s. Idealiter moeten deze paddo\u2019s worden gekweekt bij een constante temperatuur tussen de 21 en 24 graden Celsius. Echter, als de temperatuur in je huis fluctueert, zijn er manieren om dit te beheren. In koudere periodes kun je een verwarmingsmat gebruiken om de temperatuur op peil te houden, en in warmere periodes kun je ze in een koelere kamer plaatsen of een ventilator gebruiken om de temperatuur te verlagen. Als je overweegt om in verschillende seizoenen te kweken en je zorgen maakt over temperatuurschommelingen, kan een alternatieve soort zoals die in de <a href=\"https:\/\/www.paddo.shop\/ecuadorian-paddo-growkit\/\" target=\"_new\">Ecuadorian Paddo Growkit<\/a> een goede keuze zijn, vanwege hun vermogen om te gedijen in een breed scala aan temperaturen.<\/p>\n<\/div>\n\t\t\t\t<\/div>\n\t\t\t\t\t\t\t<div class=\"elementor-accordion-item\">\n\t\t\t\t\t<h3 id=\"elementor-tab-title-8603\" class=\"elementor-tab-title\" data-tab=\"3\" role=\"button\" aria-controls=\"elementor-tab-content-8603\" aria-expanded=\"false\">\n\t\t\t\t\t\t\t\t\t\t\t\t\t<span class=\"elementor-accordion-icon elementor-accordion-icon-right\" aria-hidden=\"true\">\n\t\t\t\t\t\t\t\t\t\t\t\t\t\t\t<span class=\"elementor-accordion-icon-closed\"><i class=\"fas fa-plus\"><\/i><\/span>\n\t\t\t\t\t\t\t\t<span class=\"elementor-accordion-icon-opened\"><i class=\"fas fa-minus\"><\/i><\/span>\n\t\t\t\t\t\t\t\t\t\t\t\t\t\t<\/span>\n\t\t\t\t\t\t\t\t\t\t\t\t<a class=\"elementor-accordion-title\" tabindex=\"0\">Zijn Cambodian paddo's in deze growkit resistent tegen bepaalde veel voorkomende schimmels?<\/a>\n\t\t\t\t\t<\/h3>\n\t\t\t\t\t<div id=\"elementor-tab-content-8603\" class=\"elementor-tab-content elementor-clearfix\" data-tab=\"3\" role=\"region\" aria-labelledby=\"elementor-tab-title-8603\"><p>Hoewel Cambodian paddo\u2019s een bepaalde mate van veerkracht kunnen hebben tegen sommige schimmels, zijn ze niet immuun. Schimmelvorming is een veelvoorkomend probleem in de paddokweek, en de beste verdediging hiertegen is preventie. Dit omvat maatregelen zoals het handhaven van een goede hygi\u00ebne, het vermijden van overbevochtiging, en het zorgen voor voldoende luchtcirculatie. Als je merkt dat er schimmel in je growkit zit, is het belangrijk om het getroffen gebied schoon te maken of, in ernstige gevallen, de besmette delen te verwijderen om verdere verspreiding te voorkomen. Voor hulp bij het identificeren en behandelen van veel voorkomende plagen en ziekten, kun je onze <a href=\"https:\/\/www.paddo.shop\/contact\/\" target=\"_new\">contactpagina<\/a> raadplegen om hulp te krijgen van onze experts.<\/p>\n<\/div>\n\t\t\t\t<\/div>\n\t\t\t\t\t\t\t<div class=\"elementor-accordion-item\">\n\t\t\t\t\t<h3 id=\"elementor-tab-title-8604\" class=\"elementor-tab-title\" data-tab=\"4\" role=\"button\" aria-controls=\"elementor-tab-content-8604\" aria-expanded=\"false\">\n\t\t\t\t\t\t\t\t\t\t\t\t\t<span class=\"elementor-accordion-icon elementor-accordion-icon-right\" aria-hidden=\"true\">\n\t\t\t\t\t\t\t\t\t\t\t\t\t\t\t<span class=\"elementor-accordion-icon-closed\"><i class=\"fas fa-plus\"><\/i><\/span>\n\t\t\t\t\t\t\t\t<span class=\"elementor-accordion-icon-opened\"><i class=\"fas fa-minus\"><\/i><\/span>\n\t\t\t\t\t\t\t\t\t\t\t\t\t\t<\/span>\n\t\t\t\t\t\t\t\t\t\t\t\t<a class=\"elementor-accordion-title\" tabindex=\"0\">Hoe onderscheiden de effecten van Cambodian paddo's zich van andere soorten?<\/a>\n\t\t\t\t\t<\/h3>\n\t\t\t\t\t<div id=\"elementor-tab-content-8604\" class=\"elementor-tab-content elementor-clearfix\" data-tab=\"4\" role=\"region\" aria-labelledby=\"elementor-tab-title-8604\"><p>De effecten van Cambodian paddo&#8217;s kunnen vari\u00ebren van persoon tot persoon, maar staan over het algemeen bekend om hun visuele en introspectieve kwaliteiten. Terwijl je met Cambodian paddo&#8217;s een intense visuele reis kunt verwachten, kunnen andere soorten zoals die in de <a href=\"https:\/\/www.paddo.shop\/golden-teacher-paddo-growkit\/\" target=\"_new\">Golden Teacher Paddo Growkit<\/a> een meer spirituele of verlichtende ervaring bieden. Golden Teacher paddo&#8217;s zijn bekend om hun vermogen om gebruikers te helpen diepere inzichten en begrip te verkrijgen. Dus, afhankelijk van wat je zoekt in een psychedelische ervaring, kun je kiezen tussen deze verschillende soorten. Het is fascinerend hoe verschillende soorten paddo&#8217;s unieke ervaringen kunnen bieden, en het verkennen van deze verschillen kan een spannende reis op zich zijn!<\/p>\n<\/div>\n\t\t\t\t<\/div>\n\t\t\t\t\t\t\t<div class=\"elementor-accordion-item\">\n\t\t\t\t\t<h3 id=\"elementor-tab-title-8605\" class=\"elementor-tab-title\" data-tab=\"5\" role=\"button\" aria-controls=\"elementor-tab-content-8605\" aria-expanded=\"false\">\n\t\t\t\t\t\t\t\t\t\t\t\t\t<span class=\"elementor-accordion-icon elementor-accordion-icon-right\" aria-hidden=\"true\">\n\t\t\t\t\t\t\t\t\t\t\t\t\t\t\t<span class=\"elementor-accordion-icon-closed\"><i class=\"fas fa-plus\"><\/i><\/span>\n\t\t\t\t\t\t\t\t<span class=\"elementor-accordion-icon-opened\"><i class=\"fas fa-minus\"><\/i><\/span>\n\t\t\t\t\t\t\t\t\t\t\t\t\t\t<\/span>\n\t\t\t\t\t\t\t\t\t\t\t\t<a class=\"elementor-accordion-title\" tabindex=\"0\">Hoe belangrijk is luchtvochtigheid voor de groei van Cambodian paddo\u2019s in deze growkit?<\/a>\n\t\t\t\t\t<\/h3>\n\t\t\t\t\t<div id=\"elementor-tab-content-8605\" class=\"elementor-tab-content elementor-clearfix\" data-tab=\"5\" role=\"region\" aria-labelledby=\"elementor-tab-title-8605\"><p>Luchtvochtigheid is absoluut cruciaal voor de groei van Cambodian paddo\u2019s. Paddo\u2019s hebben een hoge luchtvochtigheid nodig om goed te kunnen groeien, en dit is vooral belangrijk in de vroege stadia van hun ontwikkeling. Een juiste luchtvochtigheid zorgt voor een gezonde myceliumontwikkeling, wat uiteindelijk leidt tot een overvloedige oogst. Het handhaven van de juiste luchtvochtigheid kan worden bereikt door regelmatig te sproeien en het gebruik van een hygrometer om de vochtigheidsniveaus te monitoren. Het is ook aan te raden om de growkit in een ruimte te plaatsen waar natuurlijke vochtigheid wordt behouden, weg van verwarmingsventilatoren of airconditioners die de lucht kunnen uitdrogen. Voor meer gedetailleerde tips over hoe je de luchtvochtigheid op peil kunt houden, kun je onze <a href=\"https:\/\/www.paddo.shop\/paddo-growkit-kweekverslag\/\" target=\"_new\">kweekverslag pagina<\/a> bezoeken voor praktische adviezen en begeleiding.<\/p>\n<\/div>\n\t\t\t\t<\/div>\n\t\t\t\t\t\t\t\t\t\t<script type=\"application\/ld+json\">{\"@context\":\"https:\\\/\\\/schema.org\",\"@type\":\"FAQPage\",\"mainEntity\":[{\"@type\":\"Question\",\"name\":\"Waarom zijn Cambodian paddo\\u2019s een goede keuze voor diegenen die op zoek zijn naar visuele trips?\",\"acceptedAnswer\":{\"@type\":\"Answer\",\"text\":\"<p>Cambodian paddo&#8217;s zijn befaamd om hun intense visuele effecten, wat ze een topkeuze maakt voor diegenen die op zoek zijn naar een kleurrijke en visueel stimulerende psychedelische ervaring. Deze paddo\\u2019s kunnen je perceptie van kleuren, vormen en patronen veranderen, waardoor je omgeving lijkt te dansen en te pulseren met een nieuwe levendigheid. De ervaring kan je blik op de wereld om je heen tijdelijk veranderen, waardoor je de schoonheid in dingen ziet die je misschien eerder over het hoofd hebt gezien. Als je ge\\u00efnteresseerd bent in andere paddosoorten die ook visuele ervaringen kunnen bieden, kan de <a href=\\\"https:\\\/\\\/www.paddo.shop\\\/mexican-paddo-growkit\\\/\\\" target=\\\"_new\\\">Mexican Paddo Growkit<\\\/a> ook iets voor jou zijn. Deze paddo&#8217;s staan ook bekend om hun vermogen om visuele hallucinaties en een veranderde perceptie van de realiteit te veroorzaken.<\\\/p>\\n\"}},{\"@type\":\"Question\",\"name\":\"Hoe ga ik om met temperatuurveranderingen tijdens het kweken van Cambodian paddo\\u2019s?\",\"acceptedAnswer\":{\"@type\":\"Answer\",\"text\":\"<p>Temperatuur speelt een cruciale rol bij het kweken van Cambodian paddo\\u2019s. Idealiter moeten deze paddo\\u2019s worden gekweekt bij een constante temperatuur tussen de 21 en 24 graden Celsius. Echter, als de temperatuur in je huis fluctueert, zijn er manieren om dit te beheren. In koudere periodes kun je een verwarmingsmat gebruiken om de temperatuur op peil te houden, en in warmere periodes kun je ze in een koelere kamer plaatsen of een ventilator gebruiken om de temperatuur te verlagen. Als je overweegt om in verschillende seizoenen te kweken en je zorgen maakt over temperatuurschommelingen, kan een alternatieve soort zoals die in de <a href=\\\"https:\\\/\\\/www.paddo.shop\\\/ecuadorian-paddo-growkit\\\/\\\" target=\\\"_new\\\">Ecuadorian Paddo Growkit<\\\/a> een goede keuze zijn, vanwege hun vermogen om te gedijen in een breed scala aan temperaturen.<\\\/p>\\n\"}},{\"@type\":\"Question\",\"name\":\"Zijn Cambodian paddo's in deze growkit resistent tegen bepaalde veel voorkomende schimmels?\",\"acceptedAnswer\":{\"@type\":\"Answer\",\"text\":\"<p>Hoewel Cambodian paddo\\u2019s een bepaalde mate van veerkracht kunnen hebben tegen sommige schimmels, zijn ze niet immuun. Schimmelvorming is een veelvoorkomend probleem in de paddokweek, en de beste verdediging hiertegen is preventie. Dit omvat maatregelen zoals het handhaven van een goede hygi\\u00ebne, het vermijden van overbevochtiging, en het zorgen voor voldoende luchtcirculatie. Als je merkt dat er schimmel in je growkit zit, is het belangrijk om het getroffen gebied schoon te maken of, in ernstige gevallen, de besmette delen te verwijderen om verdere verspreiding te voorkomen. Voor hulp bij het identificeren en behandelen van veel voorkomende plagen en ziekten, kun je onze <a href=\\\"https:\\\/\\\/www.paddo.shop\\\/contact\\\/\\\" target=\\\"_new\\\">contactpagina<\\\/a> raadplegen om hulp te krijgen van onze experts.<\\\/p>\\n\"}},{\"@type\":\"Question\",\"name\":\"Hoe onderscheiden de effecten van Cambodian paddo's zich van andere soorten?\",\"acceptedAnswer\":{\"@type\":\"Answer\",\"text\":\"<p>De effecten van Cambodian paddo&#8217;s kunnen vari\\u00ebren van persoon tot persoon, maar staan over het algemeen bekend om hun visuele en introspectieve kwaliteiten. Terwijl je met Cambodian paddo&#8217;s een intense visuele reis kunt verwachten, kunnen andere soorten zoals die in de <a href=\\\"https:\\\/\\\/www.paddo.shop\\\/golden-teacher-paddo-growkit\\\/\\\" target=\\\"_new\\\">Golden Teacher Paddo Growkit<\\\/a> een meer spirituele of verlichtende ervaring bieden. Golden Teacher paddo&#8217;s zijn bekend om hun vermogen om gebruikers te helpen diepere inzichten en begrip te verkrijgen. Dus, afhankelijk van wat je zoekt in een psychedelische ervaring, kun je kiezen tussen deze verschillende soorten. Het is fascinerend hoe verschillende soorten paddo&#8217;s unieke ervaringen kunnen bieden, en het verkennen van deze verschillen kan een spannende reis op zich zijn!<\\\/p>\\n\"}},{\"@type\":\"Question\",\"name\":\"Hoe belangrijk is luchtvochtigheid voor de groei van Cambodian paddo\\u2019s in deze growkit?\",\"acceptedAnswer\":{\"@type\":\"Answer\",\"text\":\"<p>Luchtvochtigheid is absoluut cruciaal voor de groei van Cambodian paddo\\u2019s. Paddo\\u2019s hebben een hoge luchtvochtigheid nodig om goed te kunnen groeien, en dit is vooral belangrijk in de vroege stadia van hun ontwikkeling. Een juiste luchtvochtigheid zorgt voor een gezonde myceliumontwikkeling, wat uiteindelijk leidt tot een overvloedige oogst. Het handhaven van de juiste luchtvochtigheid kan worden bereikt door regelmatig te sproeien en het gebruik van een hygrometer om de vochtigheidsniveaus te monitoren. Het is ook aan te raden om de growkit in een ruimte te plaatsen waar natuurlijke vochtigheid wordt behouden, weg van verwarmingsventilatoren of airconditioners die de lucht kunnen uitdrogen. Voor meer gedetailleerde tips over hoe je de luchtvochtigheid op peil kunt houden, kun je onze <a href=\\\"https:\\\/\\\/www.paddo.shop\\\/paddo-growkit-kweekverslag\\\/\\\" target=\\\"_new\\\">kweekverslag pagina<\\\/a> bezoeken voor praktische adviezen en begeleiding.<\\\/p>\\n\"}}]}<\/script>\n\t\t\t\t\t<\/div>\n\t\t\t\t\t\t<\/div>\n\t\t\t\t<\/div>\n\t\t\t\t\t<\/div>\n\t\t<\/div>\n\t\t\t\t\t<\/div>\n\t\t<\/section>\n\t\t\t\t<\/div>\n\t\t\n","protected":false},"excerpt":{"rendered":"<p>Deseja uma viagem divertida e com imagens fant\u00e1sticas? Ent\u00e3o experimenta o Cambodian Paddo Growkit. Estes cogumelos razoavelmente fortes s\u00e3o frequentemente escolhidos por psiconautas experientes. O rendimento do Cambodian Paddo Growkit tamb\u00e9m n\u00e3o desilude ningu\u00e9m. De facto, em m\u00e9dia, este kit de cultivo supera o resto da sua fam\u00edlia. O Cambodian Paddo Growkit, f\u00e1cil de montar, cont\u00e9m: o kit de cultivo, um saco de cultivo e 2 clipes de papel. N\u00e3o h\u00e1 nada mais f\u00e1cil!<\/p>","protected":false},"featured_media":5879,"comment_status":"closed","ping_status":"closed","template":"","meta":{"_acf_changed":false},"etheme_brands":[{"term_id":50,"name":"McSmart","slug":"mcsmart","term_group":0,"term_taxonomy_id":50,"taxonomy":"brand","description":"","parent":0,"count":11,"filter":"raw"}],"product_brand":[],"product_cat":[15],"product_tag":[],"class_list":{"0":"post-5252","1":"product","2":"type-product","3":"status-publish","4":"has-post-thumbnail","6":"brand-mcsmart","7":"product_cat-growkits","9":"first","10":"instock","11":"taxable","12":"shipping-taxable","13":"purchasable","14":"product-type-variable","15":"has-default-attributes"},"acf":[],"_links":{"self":[{"href":"https:\/\/www.paddo.shop\/pt\/wp-json\/wp\/v2\/product\/5252","targetHints":{"allow":["GET"]}}],"collection":[{"href":"https:\/\/www.paddo.shop\/pt\/wp-json\/wp\/v2\/product"}],"about":[{"href":"https:\/\/www.paddo.shop\/pt\/wp-json\/wp\/v2\/types\/product"}],"replies":[{"embeddable":true,"href":"https:\/\/www.paddo.shop\/pt\/wp-json\/wp\/v2\/comments?post=5252"}],"wp:featuredmedia":[{"embeddable":true,"href":"https:\/\/www.paddo.shop\/pt\/wp-json\/wp\/v2\/media\/5879"}],"wp:attachment":[{"href":"https:\/\/www.paddo.shop\/pt\/wp-json\/wp\/v2\/media?parent=5252"}],"wp:term":[{"taxonomy":"brand","embeddable":true,"href":"https:\/\/www.paddo.shop\/pt\/wp-json\/wp\/v2\/etheme_brands?post=5252"},{"taxonomy":"product_brand","embeddable":true,"href":"https:\/\/www.paddo.shop\/pt\/wp-json\/wp\/v2\/product_brand?post=5252"},{"taxonomy":"product_cat","embeddable":true,"href":"https:\/\/www.paddo.shop\/pt\/wp-json\/wp\/v2\/product_cat?post=5252"},{"taxonomy":"product_tag","embeddable":true,"href":"https:\/\/www.paddo.shop\/pt\/wp-json\/wp\/v2\/product_tag?post=5252"}],"curies":[{"name":"wp","href":"https:\/\/api.w.org\/{rel}","templated":true}]}}