{"id":5894,"date":"2022-08-01T15:54:25","date_gmt":"2022-08-01T13:54:25","guid":{"rendered":"https:\/\/www.paddo.shop\/?page_id=5894"},"modified":"2024-08-20T11:59:20","modified_gmt":"2024-08-20T09:59:20","slug":"partners","status":"publish","type":"page","link":"https:\/\/www.paddo.shop\/pt\/partners\/","title":{"rendered":"Parceiros"},"content":{"rendered":"<div data-elementor-type=\"wp-page\" data-elementor-id=\"5894\" class=\"elementor elementor-5894\" data-elementor-post-type=\"page\">\n\t\t\t\t\t\t<section class=\"elementor-section elementor-top-section elementor-element elementor-element-5abf2a6 elementor-section-boxed elementor-section-height-default elementor-section-height-default\" data-id=\"5abf2a6\" data-element_type=\"section\" data-e-type=\"section\">\n\t\t\t\t\t\t<div class=\"elementor-container elementor-column-gap-default\">\n\t\t\t\t\t<div class=\"elementor-column elementor-col-100 elementor-top-column elementor-element elementor-element-e4d511e\" data-id=\"e4d511e\" data-element_type=\"column\" data-e-type=\"column\">\n\t\t\t<div class=\"elementor-widget-wrap elementor-element-populated\">\n\t\t\t\t\t\t<div class=\"elementor-element elementor-element-392eff0 elementor-widget elementor-widget-text-editor\" data-id=\"392eff0\" data-element_type=\"widget\" data-e-type=\"widget\" data-widget_type=\"text-editor.default\">\n\t\t\t\t<div class=\"elementor-widget-container\">\n\t\t\t\t\t\t\t\t\t<h2>Partilhamos os nossos conhecimentos<\/h2><p>Infelizmente, ainda existem grandes tabus em torno das trufas m\u00e1gicas e dos psicad\u00e9licos em geral. Para n\u00f3s, isso \u00e9 altamente injustificado. Afinal de contas, quando usados corretamente, os psicad\u00e9licos podem acrescentar muito \u00e0 vida humana. Infelizmente, continuamos a ser demasiado empurrados para o maldito canto. \u00c9 altura de mudar isso e n\u00f3s temos todo o gosto em fazer a nossa parte. Fazemo-lo sendo t\u00e3o transparentes quanto poss\u00edvel e fornecendo boas informa\u00e7\u00f5es sobre os nossos produtos. Come\u00e7a por a\u00ed. Gostamos de transformar os psicad\u00e9licos em algo bonito novamente, em vez de algo assustador ou mau.<\/p><h2>A loja de cabe\u00e7as e Tatanka<\/h2><p>Para o efeito, unimos for\u00e7as com algumas entidades de renome no dom\u00ednio dos produtos inteligentes. Por exemplo, trabalhamos em conjunto com <a href=\"https:\/\/www.headshop.nl\/\" target=\"_blank\" rel=\"noopener\">A loja de cabe\u00e7as<\/a> &amp; <a href=\"https:\/\/www.tatanka.nl\/\" target=\"_blank\" rel=\"noopener\">Tatanka<\/a>. Estas lojas contam-se entre as mais antigas smart e head shops dos Pa\u00edses Baixos. Por isso, em termos de conhecimento e experi\u00eancia, n\u00e3o h\u00e1 melhores parceiros para pensar.<\/p><h2>Smartific<\/h2><p>Tamb\u00e9m colaboramos com a fant\u00e1stica loja online internacional Smartific. <a href=\"https:\/\/smartific.nl\/\" target=\"_blank\" rel=\"noopener\">Smartific.co.uk<\/a> e <a href=\"https:\/\/smartific.com\/\" target=\"_blank\" rel=\"noopener\">Smartfic.com<\/a> tem uma grande variedade em linha, mas tamb\u00e9m \u00e9 conhecida pela sua smartwiki. Nesta smartwiki, partilham todo o conhecimento, experi\u00eancia e investiga\u00e7\u00e3o no dom\u00ednio dos produtos inteligentes. Tamb\u00e9m este \u00e9 um conhecimento que temos todo o gosto em utilizar.<\/p><p>Com estas colabora\u00e7\u00f5es, esperamos contribuir para tornar o mercado mais transparente.<\/p><h2 data-pm-slice=\"1 1 []\">McSmart o grossista para as smartshops<\/h2><p>N\u00f3s da Paddo.shop estamos orgulhosos da nossa parceria com <a href=\"https:\/\/www.mcsmart.com\/\" target=\"_blank\" rel=\"noopener\">McSmart<\/a>l\u00edder no com\u00e9rcio grossista para smartshops. Esta parceria permite-nos oferecer aos nossos clientes uma vasta gama de produtos de alta qualidade, incluindo o Growkits que vendemos. A McSmart \u00e9 conhecida pela sua fiabilidade, inova\u00e7\u00e3o e qualidade superior dos seus produtos, o que se enquadra perfeitamente na nossa miss\u00e3o de fornecer os melhores produtos do mercado. Quer seja um novo cultivador ou um utilizador experiente, os produtos McSmart garantem-lhe a melhor experi\u00eancia poss\u00edvel. Visite a nossa loja e descubra a gama de produtos McSmart.<\/p>\t\t\t\t\t\t\t\t<\/div>\n\t\t\t\t<\/div>\n\t\t\t\t\t<\/div>\n\t\t<\/div>\n\t\t\t\t\t<\/div>\n\t\t<\/section>\n\t\t\t\t<\/div>","protected":false},"excerpt":{"rendered":"<p>Partilhamos os nossos conhecimentos Infelizmente, ainda existem grandes tabus em torno das trufas m\u00e1gicas e dos psicad\u00e9licos em geral. No que nos diz respeito, muito injustificados. Quando os psicad\u00e9licos s\u00e3o...<\/p>","protected":false},"author":2,"featured_media":0,"parent":0,"menu_order":0,"comment_status":"closed","ping_status":"closed","template":"","meta":{"_acf_changed":false,"footnotes":""},"class_list":["post-5894","page","type-page","status-publish","hentry"],"acf":[],"_links":{"self":[{"href":"https:\/\/www.paddo.shop\/pt\/wp-json\/wp\/v2\/pages\/5894","targetHints":{"allow":["GET"]}}],"collection":[{"href":"https:\/\/www.paddo.shop\/pt\/wp-json\/wp\/v2\/pages"}],"about":[{"href":"https:\/\/www.paddo.shop\/pt\/wp-json\/wp\/v2\/types\/page"}],"author":[{"embeddable":true,"href":"https:\/\/www.paddo.shop\/pt\/wp-json\/wp\/v2\/users\/2"}],"replies":[{"embeddable":true,"href":"https:\/\/www.paddo.shop\/pt\/wp-json\/wp\/v2\/comments?post=5894"}],"version-history":[{"count":0,"href":"https:\/\/www.paddo.shop\/pt\/wp-json\/wp\/v2\/pages\/5894\/revisions"}],"wp:attachment":[{"href":"https:\/\/www.paddo.shop\/pt\/wp-json\/wp\/v2\/media?parent=5894"}],"curies":[{"name":"wp","href":"https:\/\/api.w.org\/{rel}","templated":true}]}}