{"id":5661,"date":"2022-07-27T10:09:33","date_gmt":"2022-07-27T08:09:33","guid":{"rendered":"https:\/\/www.paddo.shop\/?page_id=5661"},"modified":"2024-10-15T09:02:58","modified_gmt":"2024-10-15T07:02:58","slug":"paddo-growkit-kweekverslag","status":"publish","type":"page","link":"https:\/\/www.paddo.shop\/pt\/paddo-growkit-kweekverslag\/","title":{"rendered":"Cogumelo Growkit Relat\u00f3rio de cultivo"},"content":{"rendered":"<div data-elementor-type=\"wp-page\" data-elementor-id=\"5661\" class=\"elementor elementor-5661\" data-elementor-post-type=\"page\">\n\t\t\t\t\t\t<section class=\"elementor-section elementor-top-section elementor-element elementor-element-6da08d04 elementor-section-boxed elementor-section-height-default elementor-section-height-default\" data-id=\"6da08d04\" data-element_type=\"section\" data-e-type=\"section\">\n\t\t\t\t\t\t<div class=\"elementor-container elementor-column-gap-default\">\n\t\t\t\t\t<div class=\"elementor-column elementor-col-100 elementor-top-column elementor-element elementor-element-76f56ffd\" data-id=\"76f56ffd\" data-element_type=\"column\" data-e-type=\"column\">\n\t\t\t<div class=\"elementor-widget-wrap elementor-element-populated\">\n\t\t\t\t\t\t<div class=\"elementor-element elementor-element-24e06a2 elementor-widget elementor-widget-text-editor\" data-id=\"24e06a2\" data-element_type=\"widget\" data-e-type=\"widget\" data-widget_type=\"text-editor.default\">\n\t\t\t\t<div class=\"elementor-widget-container\">\n\t\t\t\t\t\t\t\t\t<h2>Cultivar um kit de cultivo de cogumelos m\u00e1gicos<\/h2>\n<p>Quanto \u00e9 que um <a href=\"\/pt\/growkits\/\">kit de cultivo de cogumelos<\/a> o que \u00e9 que eles realmente fazem? Recebemos esta pergunta todas as semanas, e \u00e9 por isso que cri\u00e1mos uma s\u00e9rie de kits de cultivo de teste. Desta forma, fizemos uma estimativa do que podes esperar do teu kit de cultivo de cogumelos. Tem em mente que diferentes factores podem influenciar o rendimento. Uma temperatura demasiado fria ou uma mudan\u00e7a de temperatura podem ter um efeito, mas tamb\u00e9m a qualidade da \u00e1gua que usas, a aten\u00e7\u00e3o que d\u00e1s ao kit de cultivo de cogumelos e um ambiente de trabalho limpo ou sujo podem ter influ\u00eancia. D\u00e1 tamb\u00e9m uma vista de olhos ao nosso <a href=\"https:\/\/www.paddo.shop\/pt\/growkit-instructies\/\">instru\u00e7\u00f5es e dicas para o kit de cultivo<\/a>Desta forma, estar\u00e1s preparado para come\u00e7ar a cultivar o teu kit de cultivo de cogumelos.<\/p>\n<h2>Relat\u00f3rio de cultivo do kit de cultivo de cogumelos<\/h2>\n<p>Abaixo, encontrar\u00e1s detalhes dia a dia das etapas que percorremos durante o nosso relat\u00f3rio de cultivo do kit de cultivo de cogumelos. N\u00e3o podes esperar? Ent\u00e3o podes aceder ao resumo abaixo imediatamente. Para o nosso relat\u00f3rio de cultivo, utiliz\u00e1mos o <a href=\"https:\/\/www.paddo.shop\/pt\/golden-teacher-paddo-growkit\/\">Cogumelos Golden Teacher<\/a> escolhido. Estas s\u00e3o algumas das esp\u00e9cies de cogumelos m\u00e1gicos mais populares atualmente.<\/p>\t\t\t\t\t\t\t\t<\/div>\n\t\t\t\t<\/div>\n\t\t\t\t<div class=\"elementor-element elementor-element-33130382 elementor-widget elementor-widget-text-editor\" data-id=\"33130382\" data-element_type=\"widget\" data-e-type=\"widget\" data-widget_type=\"text-editor.default\">\n\t\t\t\t<div class=\"elementor-widget-container\">\n\t\t\t\t\t\t\t\t\t<p><\/p>\n<h2 class=\"wp-block-heading\"><strong style=\"font-size: calc(var(--h3-size-proportion) * 1rem); background-color: var(--et_container-bg-color, transparent);\">Resumo do relat\u00f3rio de cultivo do kit de cultivo de cogumelos<\/strong><\/h2>\n<p><\/p>\n<p><\/p>\t\t\t\t\t\t\t\t<\/div>\n\t\t\t\t<\/div>\n\t\t\t\t<section class=\"elementor-section elementor-inner-section elementor-element elementor-element-360ac11 elementor-hidden-mobile elementor-hidden-tablet elementor-section-boxed elementor-section-height-default elementor-section-height-default\" data-id=\"360ac11\" data-element_type=\"section\" data-e-type=\"section\">\n\t\t\t\t\t\t<div class=\"elementor-container elementor-column-gap-default\">\n\t\t\t\t\t<div class=\"elementor-column elementor-col-33 elementor-inner-column elementor-element elementor-element-052c331\" data-id=\"052c331\" data-element_type=\"column\" data-e-type=\"column\" data-settings=\"{&quot;background_background&quot;:&quot;classic&quot;}\">\n\t\t\t<div class=\"elementor-widget-wrap elementor-element-populated\">\n\t\t\t\t\t\t<div class=\"elementor-element elementor-element-568c429 elementor-widget elementor-widget-text-editor\" data-id=\"568c429\" data-element_type=\"widget\" data-e-type=\"widget\" data-widget_type=\"text-editor.default\">\n\t\t\t\t<div class=\"elementor-widget-container\">\n\t\t\t\t\t\t\t\t\t<h2><b>250 cc (Pequeno)<\/b><\/h2>\n<p><b>N\u00famero de dias<\/b><span style=\"font-weight: 400;\">:<br \/><\/span><span style=\"font-weight: 400;\">35 dias<\/span><\/p>\n<p><b>Receitas totais<\/b><span style=\"font-weight: 400;\">:<br \/><\/span><span style=\"font-weight: 400;\">311 gramas<\/span><\/p>\n<p><b>N\u00famero de descargas:<br \/><\/b>3 descargas<\/p>\t\t\t\t\t\t\t\t<\/div>\n\t\t\t\t<\/div>\n\t\t\t\t<div class=\"elementor-element elementor-element-eef2905 elementor-widget elementor-widget-text-editor\" data-id=\"eef2905\" data-element_type=\"widget\" data-e-type=\"widget\" data-widget_type=\"text-editor.default\">\n\t\t\t\t<div class=\"elementor-widget-container\">\n\t\t\t\t\t\t\t\t\t<p><b style=\"color: inherit; font-family: inherit; font-size: inherit; background-color: var(--et_container-bg-color, transparent);\">Primeira descarga:<br \/><\/b><span style=\"font-weight: 400;\">Dura\u00e7\u00e3o: 0 - 21 dias<br \/><\/span><span style=\"font-weight: 400;\">Rendimento: 165 gramas<\/span><\/p>\n<p><b>Segunda descarga:<br \/><\/b><span style=\"font-weight: 400;\">Dia 21 - 30<br \/><\/span><span style=\"font-weight: 400;\">Rendimento: 130 gramas<\/span><\/p>\n<p><b>Terceira descarga:<br \/><\/b><span style=\"font-weight: 400;\">Dia 30 - 35<br \/><\/span><span style=\"font-weight: 400;\">Rendimento: 16 gramas<\/span><\/p>\n<p><b>Quarta descarga:<br \/><\/b><span style=\"font-weight: 400;\">Dia 35<br \/><\/span><span style=\"font-weight: 400;\">Rendimento: N\u00e3o<\/span><\/p>\t\t\t\t\t\t\t\t<\/div>\n\t\t\t\t<\/div>\n\t\t\t\t\t<\/div>\n\t\t<\/div>\n\t\t\t\t<div class=\"elementor-column elementor-col-33 elementor-inner-column elementor-element elementor-element-379e4e8\" data-id=\"379e4e8\" data-element_type=\"column\" data-e-type=\"column\" data-settings=\"{&quot;background_background&quot;:&quot;classic&quot;}\">\n\t\t\t<div class=\"elementor-widget-wrap elementor-element-populated\">\n\t\t\t\t\t\t<div class=\"elementor-element elementor-element-f31f0af elementor-widget elementor-widget-text-editor\" data-id=\"f31f0af\" data-element_type=\"widget\" data-e-type=\"widget\" data-widget_type=\"text-editor.default\">\n\t\t\t\t<div class=\"elementor-widget-container\">\n\t\t\t\t\t\t\t\t\t<h2><b>1200 cc (M\u00e9dio)<\/b><\/h2>\n<p><b>N\u00famero de dias<\/b><span style=\"font-weight: 400;\">:<br \/><\/span><span style=\"font-weight: 400;\">35 dias<\/span><\/p>\n<p><b>Receitas totais<\/b><span style=\"font-weight: 400;\">:<br \/><\/span><span style=\"font-weight: 400;\">865 gramas<\/span><\/p>\n<p><b>N\u00famero de descargas:<br \/><\/b><span style=\"font-weight: 400;\">3 descargas<\/span><\/p>\t\t\t\t\t\t\t\t<\/div>\n\t\t\t\t<\/div>\n\t\t\t\t<div class=\"elementor-element elementor-element-c4a8c93 elementor-widget elementor-widget-text-editor\" data-id=\"c4a8c93\" data-element_type=\"widget\" data-e-type=\"widget\" data-widget_type=\"text-editor.default\">\n\t\t\t\t<div class=\"elementor-widget-container\">\n\t\t\t\t\t\t\t\t\t<p><span style=\"color: inherit; font-family: inherit; font-size: inherit; background-color: var(--et_container-bg-color, transparent);\"><b>Primeira descarga:<br \/><\/b><\/span><span style=\"color: inherit; font-family: inherit; font-size: inherit;\">Dura\u00e7\u00e3o: 0 - 21 dias<br \/><\/span><span style=\"color: inherit; font-family: inherit; font-size: inherit;\">Rendimento: 433 gramas<\/span><\/p>\n<p><b>Segunda descarga:<br \/><\/b><span style=\"font-weight: 400;\">Dia 21 - 30<br \/><\/span><span style=\"font-weight: 400;\">Rendimento: 390 gramas<\/span><\/p>\n<p><b>Terceira descarga:<br \/><\/b><span style=\"font-weight: 400;\">Dia 30 - 35<br \/><\/span><span style=\"font-weight: 400;\">Rendimento: 42 gramas<\/span><\/p>\n<p><b>Quarta descarga:<br \/><\/b><span style=\"font-weight: 400;\">Dia 35<br \/><\/span><span style=\"color: inherit; font-family: inherit; font-size: inherit; background-color: var(--et_container-bg-color, transparent);\">Rendimento: N\u00e3o<\/span><\/p>\t\t\t\t\t\t\t\t<\/div>\n\t\t\t\t<\/div>\n\t\t\t\t\t<\/div>\n\t\t<\/div>\n\t\t\t\t<div class=\"elementor-column elementor-col-33 elementor-inner-column elementor-element elementor-element-7252acd\" data-id=\"7252acd\" data-element_type=\"column\" data-e-type=\"column\" data-settings=\"{&quot;background_background&quot;:&quot;classic&quot;}\">\n\t\t\t<div class=\"elementor-widget-wrap elementor-element-populated\">\n\t\t\t\t\t\t<div class=\"elementor-element elementor-element-be025e4 elementor-widget elementor-widget-text-editor\" data-id=\"be025e4\" data-element_type=\"widget\" data-e-type=\"widget\" data-widget_type=\"text-editor.default\">\n\t\t\t\t<div class=\"elementor-widget-container\">\n\t\t\t\t\t\t\t\t\t<h2><b>2100 cc (Grande)<\/b><\/h2>\n<p><b>N\u00famero de dias<\/b><span style=\"font-weight: 400;\">:<br \/><\/span><span style=\"font-weight: 400;\">35 dias<\/span><\/p>\n<p><b>Receitas totais<\/b><span style=\"font-weight: 400;\">:<br \/><\/span><span style=\"font-weight: 400;\">1633 gramas<\/span><\/p>\n<p><b>N\u00famero de descargas:<br \/><\/b><span style=\"font-weight: 400;\">3 descargas<\/span><\/p>\t\t\t\t\t\t\t\t<\/div>\n\t\t\t\t<\/div>\n\t\t\t\t<div class=\"elementor-element elementor-element-0f5af87 elementor-widget elementor-widget-text-editor\" data-id=\"0f5af87\" data-element_type=\"widget\" data-e-type=\"widget\" data-widget_type=\"text-editor.default\">\n\t\t\t\t<div class=\"elementor-widget-container\">\n\t\t\t\t\t\t\t\t\t<p><span style=\"color: inherit; font-family: inherit; font-size: inherit; background-color: var(--et_container-bg-color, transparent);\"><b>Primeira descarga:<br \/><\/b><\/span><span style=\"color: inherit; font-family: inherit; font-size: inherit; background-color: var(--et_container-bg-color, transparent);\">Dura\u00e7\u00e3o: 0 - 21 dias<br \/><\/span><span style=\"color: inherit; font-family: inherit; font-size: inherit; background-color: var(--et_container-bg-color, transparent);\">Rendimento: 809 gramas<\/span><\/p>\n<p><b>Segunda descarga:<br \/><\/b><span style=\"font-weight: 400;\">Dia 21 - 30<br \/><\/span><span style=\"font-weight: 400;\">Rendimento: 743 gramas<\/span><\/p>\n<p><b>Terceira descarga:<br \/><\/b><span style=\"font-weight: 400;\">Dia 30 - 35<br \/><\/span><span style=\"font-weight: 400;\">Rendimento: 81 gramas<\/span><\/p>\n<p><b>Quarta descarga:<br \/><\/b><span style=\"font-weight: 400;\">Dia 35<br \/><\/span><span style=\"font-weight: 400;\">Rendimento: N\u00e3o<\/span><\/p>\t\t\t\t\t\t\t\t<\/div>\n\t\t\t\t<\/div>\n\t\t\t\t\t<\/div>\n\t\t<\/div>\n\t\t\t\t\t<\/div>\n\t\t<\/section>\n\t\t\t\t<section class=\"elementor-section elementor-inner-section elementor-element elementor-element-d9fb96f elementor-hidden-desktop elementor-section-boxed elementor-section-height-default elementor-section-height-default\" data-id=\"d9fb96f\" data-element_type=\"section\" data-e-type=\"section\">\n\t\t\t\t\t\t<div class=\"elementor-container elementor-column-gap-default\">\n\t\t\t\t\t<div class=\"elementor-column elementor-col-100 elementor-inner-column elementor-element elementor-element-6c7ae39 elementor-hidden-desktop\" data-id=\"6c7ae39\" data-element_type=\"column\" data-e-type=\"column\" data-settings=\"{&quot;background_background&quot;:&quot;classic&quot;}\">\n\t\t\t<div class=\"elementor-widget-wrap elementor-element-populated\">\n\t\t\t\t\t\t<div class=\"elementor-element elementor-element-18f8916 elementor-widget elementor-widget-et-general-tabs\" data-id=\"18f8916\" data-element_type=\"widget\" data-e-type=\"widget\" data-widget_type=\"et-general-tabs.default\">\n\t\t\t\t<div class=\"elementor-widget-container\">\n\t\t\t\t\t        <div id=\"et-advance-tabs-18f8916\" class=\"et-advance-tabs et-tabs-horizontal  horizontal-style-3 responsive-vertical-layout\" data-tabid=\"18f8916\">\n            <div class=\"et-tabs-nav\">\n                <ul >\n\t\t\t\t\t                        <li class=\"inactive et-tab-nav\"\n                            >\n                            \t\t\t\t\t\t\t\t                        \t\t\t\t\t\t\t\t\t\t\t\t\t\t                                <span class=\"et-tab-title\">\n    \t\t\t\t\t\t\t\t250 cc    \t\t\t\t\t\t\t<\/span>\n\t\t\t\t\t\t\t                        <\/li>\n\t\t\t\t\t                        <li class=\"active-default et-tab-nav\"\n                            >\n                            \t\t\t\t\t\t\t\t                        \t\t\t\t\t\t\t\t\t\t\t\t\t\t                                <span class=\"et-tab-title\">\n    \t\t\t\t\t\t\t\t1200 cc    \t\t\t\t\t\t\t<\/span>\n\t\t\t\t\t\t\t                        <\/li>\n\t\t\t\t\t                        <li class=\"inactive et-tab-nav\"\n                            >\n                            \t\t\t\t\t\t\t\t                        \t\t\t\t\t\t\t\t\t\t\t\t\t\t                                <span class=\"et-tab-title\">\n    \t\t\t\t\t\t\t\t2100 c    \t\t\t\t\t\t\t<\/span>\n\t\t\t\t\t\t\t                        <\/li>\n\t\t\t\t\t                <\/ul>\n                            <\/div>\n            <div class=\"et-tabs-content\">\n\t\t\t\t                    <div class=\"clearfix inactive\">\n\t\t\t\t\t\t<h2><b>250 cc (Pequeno)<\/b><\/h2>\n<p><b>N\u00famero de dias<\/b><span style=\"font-weight: 400;\">:<br \/><\/span><span style=\"font-weight: 400;\">35 dias<\/span><\/p>\n<p><b>Receitas totais<\/b><span style=\"font-weight: 400;\">:<br \/><\/span><span style=\"font-weight: 400;\">311 gramas<\/span><\/p>\n<p><b>N\u00famero de descargas:<br \/><\/b>3 descargas<\/p>\n<hr \/>\n<p><b><br \/>Primeira descarga:<br \/><\/b><span style=\"font-weight: 400;\">Dura\u00e7\u00e3o: 0 - 21 dias<br \/><\/span><span style=\"font-weight: 400;\">Rendimento: 165 gramas<\/span><\/p>\n<p><b>Segunda descarga:<br \/><\/b><span style=\"font-weight: 400;\">Dia 21 - 30<br \/><\/span><span style=\"font-weight: 400;\">Rendimento: 130 gramas<\/span><\/p>\n<p><b>Terceira descarga:<br \/><\/b><span style=\"font-weight: 400;\">Dia 30 - 35<br \/><\/span><span style=\"font-weight: 400;\">Rendimento: 16 gramas<\/span><\/p>\n<p><b>Quarta descarga:<br \/><\/b><span style=\"font-weight: 400;\">Dia 35<br \/><\/span><span style=\"font-weight: 400;\">Rendimento: N\u00e3o<\/span><\/p>                    <\/div>\n\t\t\t\t                    <div class=\"clearfix active-default\">\n\t\t\t\t\t\t<h2><b>1200 cc (M\u00e9dio)<\/b><\/h2>\n<p><b>N\u00famero de dias<\/b><span style=\"font-weight: 400;\">:<br \/><\/span><span style=\"font-weight: 400;\">35 dias<\/span><\/p>\n<p><b>Receitas totais<\/b><span style=\"font-weight: 400;\">:<br \/><\/span><span style=\"font-weight: 400;\">865 gramas<\/span><\/p>\n<p><b>N\u00famero de descargas:<br \/><\/b><span style=\"font-weight: 400;\">3 descargas<\/span><\/p>\n<hr \/>\n<p><b><br \/>Primeira descarga:<br \/><\/b><span style=\"font-weight: 400;\">Dura\u00e7\u00e3o: 0 - 21 dias<br \/><\/span><span style=\"font-weight: 400;\">Rendimento: 433 gramas<\/span><\/p>\n<p><b>Segunda descarga:<br \/><\/b><span style=\"font-weight: 400;\">Dia 21 - 30<br \/><\/span><span style=\"font-weight: 400;\">Rendimento: 390 gramas<\/span><\/p>\n<p><b>Terceira descarga:<br \/><\/b><span style=\"font-weight: 400;\">Dia 30 - 35<br \/><\/span><span style=\"font-weight: 400;\">Rendimento: 42 gramas<\/span><\/p>\n<p><b>Quarta descarga:<br \/><\/b><span style=\"font-weight: 400;\">Dia 35<br \/><\/span><span style=\"color: inherit; font-family: inherit; font-size: inherit; background-color: var(--et_container-bg-color, transparent);\">Rendimento: N\u00e3o<\/span><\/p>                    <\/div>\n\t\t\t\t                    <div class=\"clearfix inactive\">\n\t\t\t\t\t\t<h2><b>2100 cc (Grande)<\/b><\/h2>\n<p><b>N\u00famero de dias<\/b><span style=\"font-weight: 400;\">:<br \/><\/span><span style=\"font-weight: 400;\">35 dias<\/span><\/p>\n<p><b>Receitas totais<\/b><span style=\"font-weight: 400;\">:<br \/><\/span><span style=\"font-weight: 400;\">1633 gramas<\/span><\/p>\n<p><b>N\u00famero de descargas:<br \/><\/b><span style=\"font-weight: 400;\">3 descargas<\/span><\/p>\n<hr \/>\n<p><b><br \/>Primeira descarga:<br \/><\/b><span style=\"font-weight: 400;\">Dura\u00e7\u00e3o: 0 - 21 dias<br \/><\/span><span style=\"font-weight: 400;\">Rendimento: 809 gramas<\/span><\/p>\n<p><b>Segunda descarga:<br \/><\/b><span style=\"font-weight: 400;\">Dia 21 - 30<br \/><\/span><span style=\"font-weight: 400;\">Rendimento: 743 gramas<\/span><\/p>\n<p><b>Terceira descarga:<br \/><\/b><span style=\"font-weight: 400;\">Dia 30 - 35<br \/><\/span><span style=\"font-weight: 400;\">Rendimento: 81 gramas<\/span><\/p>\n<p><b>Quarta descarga:<br \/><\/b><span style=\"font-weight: 400;\">Dia 35<br \/><\/span><span style=\"font-weight: 400;\">Rendimento: N\u00e3o<\/span><\/p>                    <\/div>\n\t\t\t\t            <\/div>\n        <\/div>\n\t\t\t\t\t\t<\/div>\n\t\t\t\t<\/div>\n\t\t\t\t\t<\/div>\n\t\t<\/div>\n\t\t\t\t\t<\/div>\n\t\t<\/section>\n\t\t\t\t<div class=\"elementor-element elementor-element-a5c01b6 elementor-widget elementor-widget-text-editor\" data-id=\"a5c01b6\" data-element_type=\"widget\" data-e-type=\"widget\" data-widget_type=\"text-editor.default\">\n\t\t\t\t<div class=\"elementor-widget-container\">\n\t\t\t\t\t\t\t\t\t<h3><strong style=\"font-size: calc(var(--h3-size-proportion) * 1rem); background-color: var(--et_container-bg-color, transparent);\">Dia 0 - 21:\u00a0<\/strong><strong>O primeiro kit de cultivo de cogumelos flush<\/strong><\/h3>\n<p>Os kits de cultivo de cogumelos de 250cc, 1200cc e 2100cc foram todos colocados numa sala com uma temperatura est\u00e1vel de cerca de 24 graus. Apesar de termos de manter o saco fechado, abrimos o saco diariamente e pulveriz\u00e1mos ligeiramente os kits de cultivo com um pulverizador de plantas. Fervemos previamente a \u00e1gua que utiliz\u00e1mos para evitar infec\u00e7\u00f5es. Tamb\u00e9m durante o crescimento dos cogumelos, abrimos o saco diariamente e pulveriz\u00e1mos o kit de cultivo. Os primeiros cogumelos pequenos apareceram cerca de 2 semanas depois. Demorou um total de 3 semanas (21 dias) at\u00e9 que um primeiro lote pudesse ser colhido dos kits de cultivo. Podes ver o rendimento abaixo.<\/p>\n<div>\n<div>\n<ul>\n<li>250 cc = 165 gramas<\/li>\n<li>1200 cc = 433 gramas<\/li>\n<li>2100 cc = 809 gramas<\/li>\n<\/ul>\n<\/div>\n<\/div>\n<h3><strong style=\"font-size: calc(var(--h3-size-proportion) * 1rem); background-color: var(--et_container-bg-color, transparent);\">Dia 21 - 30:\u00a0<\/strong><strong>O segundo kit de cultivo de cogumelos flush<\/strong><\/h3>\n<p>Naturalmente, fomos directos para uma segunda descarga. Depois de apanhar cuidadosamente todos os cogumelos, t\u00ednhamos outro \"kit de cultivo limpo\". Depois disto, repetimos os passos 4 a 7. \u00c9 claro que volt\u00e1mos a trabalhar com \u00e1gua fervida e num ambiente limpo. Tamb\u00e9m desta vez, pulveriz\u00e1mos ligeiramente o kit de cultivo todos os dias. Desta vez, demorou cerca de 1 semana (9 dias) para uma descarga. No entanto, o rendimento foi um pouco menor. Abaixo est\u00e3o os resultados.<\/p>\n<div>\n<div>\n<ul>\n<li>250 cc = 130 gramas<\/li>\n<li>1200 cc = 390 gramas<\/li>\n<li>2100 cc = 743 gramas<\/li>\n<\/ul>\n<\/div>\n<\/div>\n<h3><strong style=\"font-size: calc(var(--h3-size-proportion) * 1rem); background-color: var(--et_container-bg-color, transparent);\">Dia 30 - 35:\u00a0<\/strong><strong>A terceira descarga do kit de cultivo de cogumelos<\/strong><\/h3>\n<p>H\u00e1 mais para vir? Pens\u00e1mos que sim! Mais uma vez, repetimos os passos 4 a 7. Apesar de termos sido cuidadosos, vemos que o kit de cultivo est\u00e1 a ter dificuldades. A colheita do primeiro e do segundo lote fez com que o kit de cultivo ficasse nu em alguns s\u00edtios. Apesar de o kit de cultivo estar mais careca, foram necess\u00e1rios apenas 5 dias para colher outro pequeno lote de cogumelos frescos. Abaixo est\u00e3o os rendimentos.<\/p>\n<ul>\n<li>250 cc = 16 gramas<\/li>\n<li>1200 cc = 42 gramas<\/li>\n<li>2100 cc = 81 gramas<\/li>\n<\/ul>\n<h3><strong style=\"font-size: calc(var(--h3-size-proportion) * 1rem); background-color: var(--et_container-bg-color, transparent);\">Dia 35:\u00a0<\/strong><strong>O quarto kit de cultivo de cogumelos flush<\/strong><\/h3>\n<p>Infelizmente, j\u00e1 n\u00e3o conseguimos obter um quarto fluxo com os kits de cultivo de cogumelos. Em teoria, isto deveria ser poss\u00edvel em condi\u00e7\u00f5es excelentes. Para nosso desgosto, deit\u00e1mos fora os kits de cultivo est\u00e9reis. Agora \u00e9 altura de ver o quanto os kits de cultivo de cogumelos nos trouxeram. Estamos muito contentes com os resultados. Podes ver o rendimento abaixo.<\/p>\n<ul>\n<li>250 cc = 311 gramas<\/li>\n<li>1200 cc = 865 gramas<\/li>\n<li>2100 cc = 1633 gramas<\/li>\n<\/ul>\t\t\t\t\t\t\t\t<\/div>\n\t\t\t\t<\/div>\n\t\t\t\t<div class=\"elementor-element elementor-element-c8212d8 elementor-widget elementor-widget-text-editor\" data-id=\"c8212d8\" data-element_type=\"widget\" data-e-type=\"widget\" data-widget_type=\"text-editor.default\">\n\t\t\t\t<div class=\"elementor-widget-container\">\n\t\t\t\t\t\t\t\t\t<h2>Conclus\u00e3o<\/h2>\n<div>Como podes ver, podes esperar quantidades muito boas de cogumelos por kit de cultivo. Assim, para o teste acima, us\u00e1mos o Golden Teacher, no entanto, tamb\u00e9m se podem esperar rendimentos semelhantes dos outros kits de cultivo. O forte <a href=\"https:\/\/www.paddo.shop\/pt\/mazatapec-paddo-growkit\/\">Mazatapec<\/a> e <a href=\"https:\/\/www.paddo.shop\/pt\/mckennaii-paddo-growkit\/\">McKennaii<\/a> s\u00e3o semelhantes, por exemplo. A condi\u00e7\u00e3o \u00e9 que siga cuidadosamente as nossas instru\u00e7\u00f5es. Se n\u00e3o o fizer, a colheita pode ser dececionante ou falhar.<\/div>\n<div>\u00a0<\/div>\n<div>Boa sorte com o cultivo e estamos ansiosos por ver o teu rendimento!<\/div>\t\t\t\t\t\t\t\t<\/div>\n\t\t\t\t<\/div>\n\t\t\t\t\t<\/div>\n\t\t<\/div>\n\t\t\t\t\t<\/div>\n\t\t<\/section>\n\t\t\t\t<\/div>","protected":false},"excerpt":{"rendered":"<p>Cultivar um kit de cultivo de cogumelos Quanto \u00e9 que um kit de cultivo de cogumelos rende realmente? Recebemos esta pergunta semanalmente, e \u00e9 por isso que reunimos algumas...<\/p>","protected":false},"author":2,"featured_media":0,"parent":0,"menu_order":0,"comment_status":"closed","ping_status":"closed","template":"","meta":{"_acf_changed":false,"footnotes":""},"class_list":["post-5661","page","type-page","status-publish","hentry"],"acf":[],"_links":{"self":[{"href":"https:\/\/www.paddo.shop\/pt\/wp-json\/wp\/v2\/pages\/5661","targetHints":{"allow":["GET"]}}],"collection":[{"href":"https:\/\/www.paddo.shop\/pt\/wp-json\/wp\/v2\/pages"}],"about":[{"href":"https:\/\/www.paddo.shop\/pt\/wp-json\/wp\/v2\/types\/page"}],"author":[{"embeddable":true,"href":"https:\/\/www.paddo.shop\/pt\/wp-json\/wp\/v2\/users\/2"}],"replies":[{"embeddable":true,"href":"https:\/\/www.paddo.shop\/pt\/wp-json\/wp\/v2\/comments?post=5661"}],"version-history":[{"count":0,"href":"https:\/\/www.paddo.shop\/pt\/wp-json\/wp\/v2\/pages\/5661\/revisions"}],"wp:attachment":[{"href":"https:\/\/www.paddo.shop\/pt\/wp-json\/wp\/v2\/media?parent=5661"}],"curies":[{"name":"wp","href":"https:\/\/api.w.org\/{rel}","templated":true}]}}