{"id":26,"date":"2022-02-28T15:02:52","date_gmt":"2022-02-28T15:02:52","guid":{"rendered":"https:\/\/www.magictruffels.shop\/?page_id=26"},"modified":"2024-09-25T13:09:58","modified_gmt":"2024-09-25T11:09:58","slug":"verzending","status":"publish","type":"page","link":"https:\/\/www.paddo.shop\/pt\/verzending\/","title":{"rendered":"Expedi\u00e7\u00e3o"},"content":{"rendered":"<div data-elementor-type=\"wp-page\" data-elementor-id=\"26\" class=\"elementor elementor-26\" data-elementor-post-type=\"page\">\n\t\t\t\t\t\t<section class=\"elementor-section elementor-top-section elementor-element elementor-element-757a2578 elementor-section-boxed elementor-section-height-default elementor-section-height-default\" data-id=\"757a2578\" data-element_type=\"section\" data-e-type=\"section\">\n\t\t\t\t\t\t<div class=\"elementor-container elementor-column-gap-default\">\n\t\t\t\t\t<div class=\"elementor-column elementor-col-100 elementor-top-column elementor-element elementor-element-6423ad67\" data-id=\"6423ad67\" data-element_type=\"column\" data-e-type=\"column\">\n\t\t\t<div class=\"elementor-widget-wrap elementor-element-populated\">\n\t\t\t\t\t\t<div class=\"elementor-element elementor-element-37d0e839 elementor-widget elementor-widget-text-editor\" data-id=\"37d0e839\" data-element_type=\"widget\" data-e-type=\"widget\" data-widget_type=\"text-editor.default\">\n\t\t\t\t<div class=\"elementor-widget-container\">\n\t\t\t\t\t\t\t\t\t<p><\/p>\n<h2><b>ENVIO DISCRETO<\/b><\/h2>\n<p><a href=\"https:\/\/www.paddo.shop\/pt\/\">Paddo.shop<\/a> valoriza a sua privacidade, e \u00e9 por isso que todas as suas compras s\u00e3o embaladas da forma mais simples poss\u00edvel. Sem log\u00f3tipos e sem indica\u00e7\u00e3o do que est\u00e1 dentro. A sua encomenda chegar\u00e1 numa caixa de cart\u00e3o simples e resistente, coberta com uma fita adesiva simples mas resistente. Se a sua encomenda for muito pequena, envi\u00e1-la-emos num discreto envelope almofadado castanho ou branco.&nbsp;<\/p>\n<p>A \u00fanica coisa que ser\u00e1 vis\u00edvel na sua caixa\/envelope \u00e9 a sua etiqueta de envio (consoante o servi\u00e7o utilizado).<\/p>\n<p>Desta forma, pode ter a certeza de que s\u00f3 voc\u00ea ficar\u00e1 entusiasmado com a encomenda que receber, enquanto todos os outros ver\u00e3o uma encomenda aborrecida sem qualquer indica\u00e7\u00e3o da sua proveni\u00eancia.<\/p>\n<h2>Enviam para o meu pa\u00eds?<\/h2>\n<p>Enviamos para a maioria dos pa\u00edses da UE. Pode encontrar estes pa\u00edses na tabela abaixo. Enviamos todas as nossas encomendas para a UE atrav\u00e9s da DHL, DPD ou PostNL, consoante a zona. Desta forma, podemos prestar o melhor servi\u00e7o poss\u00edvel. Receber\u00e1 sempre um c\u00f3digo de rastreio para seguir a sua encomenda de porta a porta.<\/p>\n<h2>Quais s\u00e3o os custos de envio?<\/h2>\n<table class=\"tblcal;\">\n<tbody>\n<tr style=\"background-color: #a9a9a9; color: white;\">\n<th class=\"tblcall\">Pa\u00eds<\/th>\n<th class=\"tblcalll\">Custos de envio<\/th>\n<th class=\"tblcallll\">Prazo de entrega<\/th>\n<th class=\"tblcalllll\" style=\"text-align: left;\">Livre de<\/th>\n<\/tr>\n<tr>\n<td>Pa\u00edses Baixos<\/td>\n<td>\u20ac6,95<\/td>\n<td>1 - 2 dias<\/td>\n<td style=\"text-align: left;\">\u20ac25,-<\/td>\n<\/tr>\n<tr>\n<td>B\u00e9lgica<\/td>\n<td>\u20ac7,95<\/td>\n<td>1 - 2 dias<\/td>\n<td style=\"text-align: left;\">\u20ac50,-<\/td>\n<\/tr>\n<tr>\n<td>Bulg\u00e1ria<\/td>\n<td>\u20ac22,95<\/td>\n<td>6 - 8 dias<\/td>\n<td style=\"text-align: left;\">\u20ac125,-<\/td>\n<\/tr>\n<tr>\n<td>Alemanha<\/td>\n<td>\u20ac7,95<\/td>\n<td>1 - 3 dias<\/td>\n<td style=\"text-align: left;\">\u20ac125,-<\/td>\n<\/tr>\n<tr>\n<td>Est\u00f3nia<\/td>\n<td>\u20ac17,95<\/td>\n<td>4 - 6 dias<\/td>\n<td style=\"text-align: left;\">\u20ac125,-<\/td>\n<\/tr>\n<tr>\n<td>Fran\u00e7a<\/td>\n<td>\u20ac12,95<\/td>\n<td>2 - 3 dias<\/td>\n<td style=\"text-align: left;\">\u20ac125,-<\/td>\n<\/tr>\n<tr>\n<td>Gr\u00e9cia<\/td>\n<td>\u20ac23,95<\/td>\n<td>6 - 8 dias<\/td>\n<td style=\"text-align: left;\">\u20ac125,-<\/td>\n<\/tr>\n<tr>\n<td>Irlanda<\/td>\n<td>\u20ac19,95<\/td>\n<td>3 - 4 dias<\/td>\n<td style=\"text-align: left;\">\u20ac125,-<\/td>\n<\/tr>\n<tr>\n<td>It\u00e1lia<\/td>\n<td>\u20ac17,95<\/td>\n<td>2 - 4 dias<\/td>\n<td style=\"text-align: left;\">\u20ac125,-<\/td>\n<\/tr>\n<tr>\n<td>Cro\u00e1cia<\/td>\n<td>\u20ac18,95<\/td>\n<td>3 - 5 dias<\/td>\n<td style=\"text-align: left;\">\u20ac125,-<\/td>\n<\/tr>\n<tr>\n<td>Let\u00f3nia<\/td>\n<td>\u20ac14,95<\/td>\n<td>3 - 5 dias<\/td>\n<td style=\"text-align: left;\">\u20ac125,-<\/td>\n<\/tr>\n<tr>\n<td>Litu\u00e2nia<\/td>\n<td>\u20ac21,95<\/td>\n<td>3 - 5 dias<\/td>\n<td style=\"text-align: left;\">\u20ac125,-<\/td>\n<\/tr>\n<tr>\n<td>Luxemburgo<\/td>\n<td>\u20ac11,95<\/td>\n<td>1 - 2 dias<\/td>\n<td style=\"text-align: left;\">\u20ac125,-<\/td>\n<\/tr>\n<tr>\n<td>\u00c1ustria<\/td>\n<td>\u20ac11,95<\/td>\n<td>2 - 3 dias<\/td>\n<td style=\"text-align: left;\">\u20ac125,-<\/td>\n<\/tr>\n<tr>\n<td>Pol\u00f3nia<\/td>\n<td>\u20ac15,95<\/td>\n<td>2 - 3 dias<\/td>\n<td style=\"text-align: left;\">\u20ac125,-<\/td>\n<\/tr>\n<tr>\n<td>Portugal<\/td>\n<td>\u20ac20,95<\/td>\n<td>3 - 4 dias<\/td>\n<td style=\"text-align: left;\">\u20ac125,-<\/td>\n<\/tr>\n<tr>\n<td>Rom\u00e9nia<\/td>\n<td>\u20ac18,95<\/td>\n<td>3 - 5 dias<\/td>\n<td style=\"text-align: left;\">\u20ac125,-<\/td>\n<\/tr>\n<tr>\n<td>Eslov\u00e9nia<\/td>\n<td>\u20ac17,95<\/td>\n<td>2 - 3 dias<\/td>\n<td style=\"text-align: left;\">\u20ac125,-<\/td>\n<\/tr>\n<tr>\n<td>Eslov\u00e1quia<\/td>\n<td>\u20ac16,95<\/td>\n<td>3 - 5 dias<\/td>\n<td style=\"text-align: left;\">\u20ac125,-<\/td>\n<\/tr>\n<tr>\n<td>Espanha<\/td>\n<td>\u20ac17,95<\/td>\n<td>2 - 3 dias<\/td>\n<td style=\"text-align: left;\">\u20ac125,-<\/td>\n<\/tr>\n<tr>\n<td>Rep\u00fablica Checa<\/td>\n<td>\u20ac15,95<\/td>\n<td>2 - 4 dias<\/td>\n<td style=\"text-align: left;\">\u20ac125,-<\/td>\n<\/tr>\n<\/tbody>\n<\/table>\n<p style=\"font-size: 14px;\">* As zonas de dif\u00edcil acesso, como as ilhas ou outras regi\u00f5es remotas, custam cerca de 20 euros mais devido aos custos adicionais de transporte.<\/p>\n<p style=\"font-size: 14px;\">Nota: Tentamos enviar todas as encomendas no prazo de 1 dia \u00fatil, todos os prazos de entrega s\u00e3o prazos de entrega estimados e podem variar devido ao tr\u00e2nsito e feriados.<\/p>\t\t\t\t\t\t\t\t<\/div>\n\t\t\t\t<\/div>\n\t\t\t\t\t<\/div>\n\t\t<\/div>\n\t\t\t\t\t<\/div>\n\t\t<\/section>\n\t\t\t\t<\/div>","protected":false},"excerpt":{"rendered":"<p>ENVIO DISCRETO Paddo.shop valoriza a sua privacidade, e \u00e9 por isso que todas as suas compras s\u00e3o embaladas da forma mais simples poss\u00edvel. Sem log\u00f3tipos e sem indica\u00e7\u00e3o do que \u00e9...<\/p>","protected":false},"author":1,"featured_media":0,"parent":0,"menu_order":0,"comment_status":"closed","ping_status":"closed","template":"","meta":{"_acf_changed":false,"footnotes":""},"class_list":["post-26","page","type-page","status-publish","hentry"],"acf":[],"_links":{"self":[{"href":"https:\/\/www.paddo.shop\/pt\/wp-json\/wp\/v2\/pages\/26","targetHints":{"allow":["GET"]}}],"collection":[{"href":"https:\/\/www.paddo.shop\/pt\/wp-json\/wp\/v2\/pages"}],"about":[{"href":"https:\/\/www.paddo.shop\/pt\/wp-json\/wp\/v2\/types\/page"}],"author":[{"embeddable":true,"href":"https:\/\/www.paddo.shop\/pt\/wp-json\/wp\/v2\/users\/1"}],"replies":[{"embeddable":true,"href":"https:\/\/www.paddo.shop\/pt\/wp-json\/wp\/v2\/comments?post=26"}],"version-history":[{"count":0,"href":"https:\/\/www.paddo.shop\/pt\/wp-json\/wp\/v2\/pages\/26\/revisions"}],"wp:attachment":[{"href":"https:\/\/www.paddo.shop\/pt\/wp-json\/wp\/v2\/media?parent=26"}],"curies":[{"name":"wp","href":"https:\/\/api.w.org\/{rel}","templated":true}]}}