{"id":5250,"date":"2022-07-20T09:17:06","date_gmt":"2022-07-20T09:17:06","guid":{"rendered":"https:\/\/www.paddo.shop\/?post_type=product&#038;p=5250"},"modified":"2024-05-10T11:36:29","modified_gmt":"2024-05-10T09:36:29","slug":"hawaiian-copelandia-paddo-growkit","status":"publish","type":"product","link":"https:\/\/www.paddo.shop\/pl\/hawaiian-copelandia-paddo-growkit\/","title":{"rendered":"Hawaiian Copelandia Cyanescens Paddo Growkit"},"content":{"rendered":"<h2><strong>Kup Hawaiian Copelandia Cyanescens Paddo Growkit<\/strong><\/h2>\n<p><span style=\"font-weight: 400;\">Je\u015bli chcesz kupi\u0107 zestawy do uprawy, trafi\u0142e\u015b we w\u0142a\u015bciwe miejsce. W naszym sklepie znajdziesz tylko niezawodne i skuteczne zestawy do uprawy. S\u0105 one produkowane przez holendersk\u0105 firm\u0119 McSmart. Firma ta jest znana na ca\u0142ym \u015bwiecie jako jedna z najbardziej renomowanych firm w dziedzinie magicznych trufli i magicznych zestaw\u00f3w do uprawy grzyb\u00f3w. Je\u015bli b\u0119dziesz post\u0119powa\u0107 zgodnie z dostarczonymi instrukcjami, zawsze mo\u017cesz liczy\u0107 na co najmniej jeden dobry flush (zbi\u00f3r) grzyb\u00f3w psychodelicznych, ale w wielu przypadkach mo\u017cesz nawet ustawi\u0107 zestaw do uprawy kilka razy!<\/span><\/p>\n<p><span style=\"font-weight: 400;\">Zamawiaj\u0105c Paddo Hawaiian Copelandia Cyanescens Growkit ju\u017c dzi\u015b, otrzymasz go do domu ca\u0142kowicie dyskretnie w ci\u0105gu kilku dni.<\/span><\/p>\n<p><img loading=\"lazy\" decoding=\"async\" class=\"alignnone size-medium wp-image-5626\" src=\"https:\/\/www.paddo.shop\/wp-content\/uploads\/2022\/07\/Copelandia-Hawaiian-kit-300x238.jpg\" alt=\"Zestaw Copelandia Hawaiian\" width=\"300\" height=\"238\" srcset=\"https:\/\/www.paddo.shop\/wp-content\/uploads\/2022\/07\/Copelandia-Hawaiian-kit-300x238.jpg 300w, https:\/\/www.paddo.shop\/wp-content\/uploads\/2022\/07\/Copelandia-Hawaiian-kit-768x610.jpg 768w, https:\/\/www.paddo.shop\/wp-content\/uploads\/2022\/07\/Copelandia-Hawaiian-kit-1x1.jpg 1w, https:\/\/www.paddo.shop\/wp-content\/uploads\/2022\/07\/Copelandia-Hawaiian-kit-10x8.jpg 10w, https:\/\/www.paddo.shop\/wp-content\/uploads\/2022\/07\/Copelandia-Hawaiian-kit-600x476.jpg 600w, https:\/\/www.paddo.shop\/wp-content\/uploads\/2022\/07\/Copelandia-Hawaiian-kit.jpg 800w\" sizes=\"auto, (max-width: 300px) 100vw, 300px\" \/><\/p>\n<h3><strong>Co znajduje si\u0119 w Paddo Hawaiian Copelandia Cyanescens Growkit?<\/strong><\/h3>\n<p><span style=\"font-weight: 400;\">Ka\u017cdy Hawaiian Copelandia Cyanescens Mushroom Growkit zawiera wszystko, co potrzebne do wyhodowania w\u0142asnych magicznych grzyb\u00f3w Hawaiian. Opakowanie zawiera: 1 gotowy do u\u017cycia pojemnik do uprawy z aktywn\u0105 grzybni\u0105, worek do uprawy z filtrami, 2 klipsy do zamykania worka i ulotk\u0119 z instrukcjami. Wszystko, co musisz zrobi\u0107, to doda\u0107 wod\u0119 i troch\u0119 mi\u0142o\u015bci. Mo\u017ce pomie\u015bci\u0107 1 du\u017c\u0105 lub 2 ma\u0142e tace z czarn\u0105 ziemi\u0105, w zale\u017cno\u015bci od dost\u0119pno\u015bci.<\/span><\/p>\n<h3><strong>Jak silne s\u0105 <\/strong><strong>Hawaiian<\/strong><strong> magiczne grzybki?<\/strong><\/h3>\n<p><span style=\"font-weight: 400;\">Poni\u017cej znajdziesz magiczne trufle z naszej oferty posortowane wed\u0142ug psychodelicznej mocy. Schodz\u0105 od silnych do \u0142agodnych. W ten spos\u00f3b mo\u017cesz dok\u0142adnie zobaczy\u0107, jak magiczne grzyby Mexican wypadaj\u0105 na tle pozosta\u0142ych.<\/span><\/p>\n<p><a href=\"https:\/\/www.paddo.shop\/pl\/mckennaii-paddo-growkit\/\"><span style=\"font-weight: 400;\">McKennaii<\/span><span style=\"font-weight: 400;\"><br \/>\n<\/span><\/a><a href=\"https:\/\/www.paddo.shop\/pl\/hawaiian-copelandia-paddo-growkit\/\"><span style=\"font-weight: 400;\">Hawaiian Copelandia<\/span><span style=\"font-weight: 400;\"><br \/>\n<\/span><\/a><a href=\"https:\/\/www.paddo.shop\/pl\/golden-teacher-paddo-growkit\/\"><span style=\"font-weight: 400;\">Golden Teacher<\/span><span style=\"font-weight: 400;\"><br \/>\n<\/span><\/a><a href=\"https:\/\/www.paddo.shop\/pl\/mazatapec-paddo-growkit\/\"><span style=\"font-weight: 400;\">Mazatapec<\/span><span style=\"font-weight: 400;\"><br \/>\n<\/span><\/a><a href=\"https:\/\/www.paddo.shop\/pl\/colombian-paddo-growkit\/\"><span style=\"font-weight: 400;\">Colombian Paddo<\/span><span style=\"font-weight: 400;\"><br \/>\n<\/span><\/a><a href=\"https:\/\/www.paddo.shop\/pl\/cambodian-paddo-growkit\/\"><span style=\"font-weight: 400;\">Cambodian Paddo<\/span><span style=\"font-weight: 400;\"><br \/>\n<\/span><\/a><a href=\"https:\/\/www.paddo.shop\/pl\/ecuadorian-paddo-growkit\/\"><span style=\"font-weight: 400;\">Ecuadorian Paddo<\/span><span style=\"font-weight: 400;\"><br \/>\n<\/span><\/a><a href=\"https:\/\/www.paddo.shop\/pl\/mexican-paddo-growkit\/\"><span style=\"font-weight: 400;\">Mexican Paddo<\/span><span style=\"font-weight: 400;\"><br \/>\n<\/span><\/a><a href=\"https:\/\/www.paddo.shop\/pl\/b-plus-paddo-growkit\/\"><span style=\"font-weight: 400;\">B+ Paddo<\/span><span style=\"font-weight: 400;\"><br \/>\n<\/span><\/a><a href=\"https:\/\/www.paddo.shop\/pl\/thai-paddo-growkit\/\"><span style=\"font-weight: 400;\">Thai Paddo<\/span><\/a><\/p>\n<h2><strong>Wyhoduj w\u0142asne grzyby Hawaiian za pomoc\u0105 zestawu do uprawy<\/strong><\/h2>\n<p><span style=\"font-weight: 400;\">Mexican s\u0105 obecnie jednymi z najpopularniejszych psychodelicznych produkt\u00f3w naturalnych. S\u0105 bardzo \u0142atwe w uprawie dzi\u0119ki naszym zestawom do uprawy. Zasadniczo, wszystko czego potrzebujesz to zestaw do uprawy, troch\u0119 wody i troch\u0119 cierpliwo\u015bci. Aby upewni\u0107 si\u0119, \u017ce wszystko p\u00f3jdzie dobrze, dostarczamy r\u00f3wnie\u017c instrukcje. Tak d\u0142ugo, jak b\u0119dziesz si\u0119 ich trzyma\u0107, b\u0119dziesz w stanie zebra\u0107 swoje pierwsze grzyby w ci\u0105gu kilku tygodni.<\/span><\/p>\n<h3><strong>De beste paddo growkit tips van 2026<\/strong><\/h3>\n<p><span style=\"font-weight: 400;\">Uprawa w\u0142asnych magicznych grzyb\u00f3w jest bardzo \u0142atwa przy u\u017cyciu zestawu do uprawy. Wa\u017cne jest jednak, aby post\u0119powa\u0107 zgodnie z dostarczonymi instrukcjami. Poniewa\u017c mamy do czynienia z \u017cywym organizmem, jest kilka rzeczy, kt\u00f3rych nale\u017cy bezwzgl\u0119dnie przestrzega\u0107. <\/span><strong>nie<\/strong><span style=\"font-weight: 400;\"> powinien zrobi\u0107. Chcesz zapewni\u0107 sobie obfite plony domowych grzyb\u00f3w za ka\u017cdym razem? W takim razie sp\u00f3jrz tutaj <\/span><a href=\"https:\/\/www.paddo.shop\/pl\/growkit-instructies\/\"><span style=\"font-weight: 400;\">de beste paddo growkit tips van 2026<\/span><\/a><span style=\"font-weight: 400;\">.<\/span><\/p>\n<p><strong>Wa\u017cne:<\/strong><strong><br \/>\n<\/strong><span style=\"font-weight: 400;\">Uprawa magicznych grzyb\u00f3w jest niesamowicie zabawna i satysfakcjonuj\u0105ca. Ale uwaga: grzyby (magiczne grzyby) naturalnie zawieraj\u0105 r\u00f3wnie\u017c substancje psilocybin\u0119 i psylocyn\u0119. Psilocybina i psylocyna s\u0105 halucynogenami. Halucynogeny to substancje o dzia\u0142aniu zmieniaj\u0105cym \u015bwiadomo\u015b\u0107, kt\u00f3re mi\u0119dzy innymi mog\u0105 wywo\u0142ywa\u0107 halucynacje. Nale\u017cy o tym pami\u0119ta\u0107. I zawsze trzymaj zar\u00f3wno growkit, jak i grzyby poza zasi\u0119giem dzieci!<\/span><\/p>\n<h2>Najcz\u0119\u015bciej zadawane pytania<\/h2>\n<p>Poni\u017cej znajduje si\u0119 5 najcz\u0119\u015bciej zadawanych pyta\u0144 dotycz\u0105cych Hawaiian. Nadal masz pytania po zapoznaniu si\u0119 z informacjami na tej stronie? <a href=\"https:\/\/www.paddo.shop\/pl\/contact\/\">Nast\u0119pnie skontaktuj si\u0119 z nami<\/a> a my natychmiast Ci pomo\u017cemy.<\/p>\n\t\t<div data-elementor-type=\"section\" data-elementor-id=\"8215\" class=\"elementor elementor-8215\" data-elementor-post-type=\"elementor_library\">\n\t\t\t\t\t<section class=\"elementor-section elementor-top-section elementor-element elementor-element-a20d66a elementor-section-boxed elementor-section-height-default elementor-section-height-default\" data-id=\"a20d66a\" data-element_type=\"section\">\n\t\t\t\t\t\t<div class=\"elementor-container elementor-column-gap-default\">\n\t\t\t\t\t<div class=\"elementor-column elementor-col-100 elementor-top-column elementor-element elementor-element-5ae8cb5\" data-id=\"5ae8cb5\" data-element_type=\"column\">\n\t\t\t<div class=\"elementor-widget-wrap elementor-element-populated\">\n\t\t\t\t\t\t<div class=\"elementor-element elementor-element-5207599 elementor-widget__width-initial elementor-widget elementor-widget-accordion\" data-id=\"5207599\" data-element_type=\"widget\" data-widget_type=\"accordion.default\">\n\t\t\t\t<div class=\"elementor-widget-container\">\n\t\t\t\t\t\t\t<div class=\"elementor-accordion\">\n\t\t\t\t\t\t\t<div class=\"elementor-accordion-item\">\n\t\t\t\t\t<h3 id=\"elementor-tab-title-8601\" class=\"elementor-tab-title\" data-tab=\"1\" role=\"button\" aria-controls=\"elementor-tab-content-8601\" aria-expanded=\"false\">\n\t\t\t\t\t\t\t\t\t\t\t\t\t<span class=\"elementor-accordion-icon elementor-accordion-icon-right\" aria-hidden=\"true\">\n\t\t\t\t\t\t\t\t\t\t\t\t\t\t\t<span class=\"elementor-accordion-icon-closed\"><i class=\"fas fa-plus\"><\/i><\/span>\n\t\t\t\t\t\t\t\t<span class=\"elementor-accordion-icon-opened\"><i class=\"fas fa-minus\"><\/i><\/span>\n\t\t\t\t\t\t\t\t\t\t\t\t\t\t<\/span>\n\t\t\t\t\t\t\t\t\t\t\t\t<a class=\"elementor-accordion-title\" tabindex=\"0\">Dlaczego Hawaiian Copelandia Cyanescens jest znany jako silna odmiana grzyb\u00f3w?<\/a>\n\t\t\t\t\t<\/h3>\n\t\t\t\t\t<div id=\"elementor-tab-content-8601\" class=\"elementor-tab-content elementor-clearfix\" data-tab=\"1\" role=\"region\" aria-labelledby=\"elementor-tab-title-8601\"><p>Hawaiian Copelandia Cyanescens s\u0105 znane z wy\u017cszych poziom\u00f3w psylocybiny i psylocyny, zwi\u0105zk\u00f3w, kt\u00f3re zapewniaj\u0105 efekty halucynogenne, w por\u00f3wnaniu do innych gatunk\u00f3w grzyb\u00f3w. Sprawia to, \u017ce s\u0105 one silniejsze i cz\u0119sto zapewniaj\u0105 bardziej intensywne i wizjonerskie do\u015bwiadczenia. S\u0105 one popularne w\u015br\u00f3d do\u015bwiadczonych psychonaut\u00f3w poszukuj\u0105cych g\u0142\u0119bszych lub bardziej znacz\u0105cych podr\u00f3\u017cy. Je\u015bli jeste\u015b zainteresowany innymi silnymi gatunkami grzyb\u00f3w, rozwa\u017c nasze <a href=\"https:\/\/www.paddo.shop\/pl\/mckennaii-paddo-growkit\/\" target=\"_new\">McKennaii Paddo Growkit<\/a>.<\/p>\n<\/div>\n\t\t\t\t<\/div>\n\t\t\t\t\t\t\t<div class=\"elementor-accordion-item\">\n\t\t\t\t\t<h3 id=\"elementor-tab-title-8602\" class=\"elementor-tab-title\" data-tab=\"2\" role=\"button\" aria-controls=\"elementor-tab-content-8602\" aria-expanded=\"false\">\n\t\t\t\t\t\t\t\t\t\t\t\t\t<span class=\"elementor-accordion-icon elementor-accordion-icon-right\" aria-hidden=\"true\">\n\t\t\t\t\t\t\t\t\t\t\t\t\t\t\t<span class=\"elementor-accordion-icon-closed\"><i class=\"fas fa-plus\"><\/i><\/span>\n\t\t\t\t\t\t\t\t<span class=\"elementor-accordion-icon-opened\"><i class=\"fas fa-minus\"><\/i><\/span>\n\t\t\t\t\t\t\t\t\t\t\t\t\t\t<\/span>\n\t\t\t\t\t\t\t\t\t\t\t\t<a class=\"elementor-accordion-title\" tabindex=\"0\">W jaki spos\u00f3b cykl wzrostu Hawaiian Copelandia Cyanescens r\u00f3\u017cni si\u0119 od innych gatunk\u00f3w?<\/a>\n\t\t\t\t\t<\/h3>\n\t\t\t\t\t<div id=\"elementor-tab-content-8602\" class=\"elementor-tab-content elementor-clearfix\" data-tab=\"2\" role=\"region\" aria-labelledby=\"elementor-tab-title-8602\"><p>Cykl wzrostu Hawaiian Copelandia Cyanescens mo\u017ce by\u0107 szybszy ni\u017c w przypadku niekt\u00f3rych innych gatunk\u00f3w, dzi\u0119ki ich dostosowanej charakterystyce wzrostu. Jednak na dok\u0142adny czas trwania mog\u0105 mie\u0107 wp\u0142yw warunki \u015brodowiskowe, takie jak temperatura i wilgotno\u015b\u0107. Wa\u017cne jest, aby dok\u0142adnie przestrzega\u0107 instrukcji zawartych w zestawie do uprawy, aby uzyska\u0107 najlepsze wyniki. Aby uzyska\u0107 wi\u0119cej informacji na temat uprawy r\u00f3\u017cnych gatunk\u00f3w grzyb\u00f3w, sprawd\u017a nasz\u0105 stron\u0119 <a href=\"https:\/\/www.paddo.shop\/pl\/growkit-instructies\/\" target=\"_new\">Strona z instrukcjami dotycz\u0105cymi zestaw\u00f3w do uprawy<\/a>.<\/p>\n<\/div>\n\t\t\t\t<\/div>\n\t\t\t\t\t\t\t<div class=\"elementor-accordion-item\">\n\t\t\t\t\t<h3 id=\"elementor-tab-title-8603\" class=\"elementor-tab-title\" data-tab=\"3\" role=\"button\" aria-controls=\"elementor-tab-content-8603\" aria-expanded=\"false\">\n\t\t\t\t\t\t\t\t\t\t\t\t\t<span class=\"elementor-accordion-icon elementor-accordion-icon-right\" aria-hidden=\"true\">\n\t\t\t\t\t\t\t\t\t\t\t\t\t\t\t<span class=\"elementor-accordion-icon-closed\"><i class=\"fas fa-plus\"><\/i><\/span>\n\t\t\t\t\t\t\t\t<span class=\"elementor-accordion-icon-opened\"><i class=\"fas fa-minus\"><\/i><\/span>\n\t\t\t\t\t\t\t\t\t\t\t\t\t\t<\/span>\n\t\t\t\t\t\t\t\t\t\t\t\t<a class=\"elementor-accordion-title\" tabindex=\"0\">Jakie s\u0105 optymalne temperatury dla hodowli Hawaiian Copelandia Cyanescens?<\/a>\n\t\t\t\t\t<\/h3>\n\t\t\t\t\t<div id=\"elementor-tab-content-8603\" class=\"elementor-tab-content elementor-clearfix\" data-tab=\"3\" role=\"region\" aria-labelledby=\"elementor-tab-title-8603\"><p>Optymalne temperatury dla uprawy Hawaiian Copelandia Cyanescens wynosz\u0105 od 24\u00b0C do 27\u00b0C. Utrzymanie odpowiedniej temperatury jest kluczowe dla zdrowego wzrostu i rozwoju grzyb\u00f3w. Je\u015bli temperatura jest zbyt niska, wzrost mo\u017ce spowolni\u0107, podczas gdy zbyt wysokie temperatury mog\u0105 uszkodzi\u0107 grzyby. Aby uzyska\u0107 wskaz\u00f3wki dotycz\u0105ce utrzymania w\u0142a\u015bciwych warunk\u00f3w uprawy, sprawd\u017a nasze <a href=\"https:\/\/www.paddo.shop\/pl\/growkits\/\" target=\"_new\">Strona og\u00f3lna o zestawach do uprawy<\/a> konsultacja.<\/p>\n<\/div>\n\t\t\t\t<\/div>\n\t\t\t\t\t\t\t<div class=\"elementor-accordion-item\">\n\t\t\t\t\t<h3 id=\"elementor-tab-title-8604\" class=\"elementor-tab-title\" data-tab=\"4\" role=\"button\" aria-controls=\"elementor-tab-content-8604\" aria-expanded=\"false\">\n\t\t\t\t\t\t\t\t\t\t\t\t\t<span class=\"elementor-accordion-icon elementor-accordion-icon-right\" aria-hidden=\"true\">\n\t\t\t\t\t\t\t\t\t\t\t\t\t\t\t<span class=\"elementor-accordion-icon-closed\"><i class=\"fas fa-plus\"><\/i><\/span>\n\t\t\t\t\t\t\t\t<span class=\"elementor-accordion-icon-opened\"><i class=\"fas fa-minus\"><\/i><\/span>\n\t\t\t\t\t\t\t\t\t\t\t\t\t\t<\/span>\n\t\t\t\t\t\t\t\t\t\t\t\t<a class=\"elementor-accordion-title\" tabindex=\"0\">Jak pod\u0142o\u017ce wp\u0142ywa na wzrost Hawaiian Copelandia Cyanescens w tym zestawie hodowlanym?<\/a>\n\t\t\t\t\t<\/h3>\n\t\t\t\t\t<div id=\"elementor-tab-content-8604\" class=\"elementor-tab-content elementor-clearfix\" data-tab=\"4\" role=\"region\" aria-labelledby=\"elementor-tab-title-8604\"><p>Pod\u0142o\u017ce odgrywa kluczow\u0105 rol\u0119 w dostarczaniu niezb\u0119dnych sk\u0142adnik\u00f3w od\u017cywczych i wilgoci do wzrostu Hawaiian Copelandia Cyanescens. Wysokiej jako\u015bci pod\u0142o\u017ce zapewni zdrowe i obfite zbiory. Ten zestaw do uprawy zawiera starannie przygotowane pod\u0142o\u017ce zapewniaj\u0105ce optymalny wzrost. Je\u015bli jeste\u015b zainteresowany poznaniem innych opcji uprawy, mo\u017cesz zapozna\u0107 si\u0119 z nasz\u0105 ofert\u0105 <a href=\"https:\/\/www.paddo.shop\/pl\/ecuadorian-paddo-growkit\/\" target=\"_new\">Ecuadorian Paddo Growkit<\/a> widok.<\/p>\n<\/div>\n\t\t\t\t<\/div>\n\t\t\t\t\t\t\t<div class=\"elementor-accordion-item\">\n\t\t\t\t\t<h3 id=\"elementor-tab-title-8605\" class=\"elementor-tab-title\" data-tab=\"5\" role=\"button\" aria-controls=\"elementor-tab-content-8605\" aria-expanded=\"false\">\n\t\t\t\t\t\t\t\t\t\t\t\t\t<span class=\"elementor-accordion-icon elementor-accordion-icon-right\" aria-hidden=\"true\">\n\t\t\t\t\t\t\t\t\t\t\t\t\t\t\t<span class=\"elementor-accordion-icon-closed\"><i class=\"fas fa-plus\"><\/i><\/span>\n\t\t\t\t\t\t\t\t<span class=\"elementor-accordion-icon-opened\"><i class=\"fas fa-minus\"><\/i><\/span>\n\t\t\t\t\t\t\t\t\t\t\t\t\t\t<\/span>\n\t\t\t\t\t\t\t\t\t\t\t\t<a class=\"elementor-accordion-title\" tabindex=\"0\">Czy s\u0105 jakie\u015b szczeg\u00f3lne wzory lub kolory, na kt\u00f3re powinienem zwr\u00f3ci\u0107 uwag\u0119 podczas uprawy?<\/a>\n\t\t\t\t\t<\/h3>\n\t\t\t\t\t<div id=\"elementor-tab-content-8605\" class=\"elementor-tab-content elementor-clearfix\" data-tab=\"5\" role=\"region\" aria-labelledby=\"elementor-tab-title-8605\"><p>Tak, Hawaiian Copelandia Cyanescens cz\u0119sto nabieraj\u0105 charakterystycznego ciemnoniebieskiego koloru, gdy zaczynaj\u0105 wysycha\u0107, co wskazuje na obecno\u015b\u0107 psilocybiny. Kapelusze s\u0105 zazwyczaj jasnobr\u0105zowe do z\u0142otobr\u0105zowych z ja\u015bniejszym kolorem w kierunku kraw\u0119dzi. Wa\u017cne jest, aby obserwowa\u0107 przebarwienia i inne zmiany wizualne, poniewa\u017c mog\u0105 one wskazywa\u0107 na zdrowie i moc grzyb\u00f3w. Aby uzyska\u0107 wi\u0119cej wizualnych przyk\u0142ad\u00f3w grzyb\u00f3w na r\u00f3\u017cnych etapach wzrostu, sprawd\u017a nasze <a href=\"https:\/\/www.paddo.shop\/pl\/paddo-growkit-kweekverslag\/\" target=\"_new\">strona z raportami dotycz\u0105cymi uprawy zestaw\u00f3w do uprawy grzyb\u00f3w<\/a>.<\/p>\n<\/div>\n\t\t\t\t<\/div>\n\t\t\t\t\t\t\t\t\t\t<script type=\"application\/ld+json\">{\n    \"@context\": \"https:\\\/\\\/schema.org\",\n    \"@type\": \"FAQPage\",\n    \"mainEntity\": [\n        {\n            \"@type\": \"Question\",\n            \"name\": \"Waarom staan Hawaiian Copelandia Cyanescens bekend als een sterke paddosoort?\",\n            \"acceptedAnswer\": {\n                \"@type\": \"Answer\",\n                \"text\": \"<p>Hawaiian Copelandia Cyanescens staan bekend om hun hogere gehaltes aan psilocybine en psilocine, de stofjes die zorgen voor de hallucinogene effecten, vergeleken met andere paddosoorten. Dit maakt ze sterker en zorgt vaak voor intensere en meer visionaire ervaringen. Ze zijn populair bij ervaren psychonauten die op zoek zijn naar diepere of meer betekenisvolle trips. Als je ge\\u00efnteresseerd bent in andere sterke paddosoorten, overweeg dan onze <a href=\\\"https:\\\/\\\/www.paddo.shop\\\/mckennaii-paddo-growkit\\\/\\\" target=\\\"_new\\\">McKennaii Paddo Growkit<\\\/a>.<\\\/p>\\n\"\n            }\n        },\n        {\n            \"@type\": \"Question\",\n            \"name\": \"Hoe verschilt de groeicyclus van Hawaiian Copelandia Cyanescens van andere soorten?\",\n            \"acceptedAnswer\": {\n                \"@type\": \"Answer\",\n                \"text\": \"<p>De groeicyclus van Hawaiian Copelandia Cyanescens kan sneller zijn dan die van sommige andere soorten, dankzij hun aangepaste groei-eigenschappen. Echter, de exacte duur kan worden be\\u00efnvloed door de omgevingsomstandigheden zoals temperatuur en luchtvochtigheid. Het is belangrijk om de instructies in de growkit zorgvuldig te volgen voor de beste resultaten. Voor meer informatie over het kweken van verschillende paddosoorten, bekijk onze <a href=\\\"https:\\\/\\\/www.paddo.shop\\\/growkit-instructies\\\/\\\" target=\\\"_new\\\">pagina met instructies voor growkits<\\\/a>.<\\\/p>\\n\"\n            }\n        },\n        {\n            \"@type\": \"Question\",\n            \"name\": \"Wat zijn de optimale temperaturen voor het kweken van Hawaiian Copelandia Cyanescens?\",\n            \"acceptedAnswer\": {\n                \"@type\": \"Answer\",\n                \"text\": \"<p>De optimale temperaturen voor het kweken van Hawaiian Copelandia Cyanescens liggen tussen de 24\\u00b0C en 27\\u00b0C. Het handhaven van de juiste temperatuur is cruciaal voor een gezonde groei en ontwikkeling van de paddo\\u2019s. Als de temperatuur te laag is, kan de groei vertragen, terwijl te hoge temperaturen de paddo\\u2019s kunnen beschadigen. Voor tips over het handhaven van de juiste kweekomstandigheden, kun je onze <a href=\\\"https:\\\/\\\/www.paddo.shop\\\/growkits\\\/\\\" target=\\\"_new\\\">algemene pagina over growkits<\\\/a> raadplegen.<\\\/p>\\n\"\n            }\n        },\n        {\n            \"@type\": \"Question\",\n            \"name\": \"Hoe be\\u00efnvloedt het substraat de groei van Hawaiian Copelandia Cyanescens in deze growkit?\",\n            \"acceptedAnswer\": {\n                \"@type\": \"Answer\",\n                \"text\": \"<p>Het substraat speelt een cruciale rol bij het bieden van de noodzakelijke voedingsstoffen en vocht voor de groei van Hawaiian Copelandia Cyanescens. Een kwaliteitssubstraat zal zorgen voor een gezonde en overvloedige oogst. Deze growkit bevat een zorgvuldig voorbereid substraat om een optimale groei te garanderen. Als je ge\\u00efnteresseerd bent in het verkennen van andere kweekopties, kun je onze <a href=\\\"https:\\\/\\\/www.paddo.shop\\\/ecuadorian-paddo-growkit\\\/\\\" target=\\\"_new\\\">Ecuadorian Paddo Growkit<\\\/a> bekijken.<\\\/p>\\n\"\n            }\n        },\n        {\n            \"@type\": \"Question\",\n            \"name\": \"Zijn er bijzondere patronen of kleuren waar ik op moet letten tijdens de groei?\",\n            \"acceptedAnswer\": {\n                \"@type\": \"Answer\",\n                \"text\": \"<p>Ja, Hawaiian Copelandia Cyanescens ontwikkelen vaak een kenmerkende diepe blauwe kleur als ze beginnen uit te drogen, wat een indicatie is van de aanwezigheid van psilocybine. De hoeden zijn meestal lichtbruin tot goudbruin met een lichtere kleur naar de randen. Het is belangrijk om op verkleuringen en andere visuele veranderingen te letten, aangezien deze indicatief kunnen zijn voor de gezondheid en potentie van de paddo&#8217;s. Voor meer visuele voorbeelden van paddo&#8217;s in verschillende groeistadia, bekijk onze <a href=\\\"https:\\\/\\\/www.paddo.shop\\\/paddo-growkit-kweekverslag\\\/\\\" target=\\\"_new\\\">pagina met kweekverslagen van paddo growkits<\\\/a>.<\\\/p>\\n\"\n            }\n        }\n    ]\n}<\/script>\n\t\t\t\t\t<\/div>\n\t\t\t\t\t\t<\/div>\n\t\t\t\t<\/div>\n\t\t\t\t\t<\/div>\n\t\t<\/div>\n\t\t\t\t\t<\/div>\n\t\t<\/section>\n\t\t\t\t<\/div>","protected":false},"excerpt":{"rendered":"<p>Dla prawdziwych mi\u0142o\u015bnik\u00f3w grzyb\u00f3w jest Hawaiian Copelandia Paddo Growkit. Wed\u0142ug wielu psychonaut\u00f3w, odmiana ta jest najsilniejszym grzybem uprawnym na rynku. Niekt\u00f3rzy u\u017cytkownicy twierdz\u0105 nawet, \u017ce Hawaiian Copelandia Cyanescens jest 5x silniejszy ni\u017c zwyk\u0142e grzyby Cubensis. Hawaiian Copelandia Paddo Growkit wyst\u0119puje tylko w wariancie 1200 cm3 i jest dostarczany z 2 tacami z ziemi\u0105. Ziemi\u0119 t\u0119 umieszcza si\u0119 na pod\u0142o\u017cu, aby proces m\u00f3g\u0142 si\u0119 rozpocz\u0105\u0107. Hawaiian Copelandia Paddo Growkit wymaga nieco wi\u0119cej uwagi ni\u017c inne zestawy do uprawy, ale wkr\u00f3tce b\u0119dziesz mie\u0107 najsilniejsze magiczne grzyby w domu!<\/p>","protected":false},"featured_media":5883,"comment_status":"closed","ping_status":"closed","template":"","meta":{"_acf_changed":false},"etheme_brands":[{"term_id":50,"name":"McSmart","slug":"mcsmart","term_group":0,"term_taxonomy_id":50,"taxonomy":"brand","description":"","parent":0,"count":11,"filter":"raw"}],"product_brand":[],"product_cat":[15],"product_tag":[],"class_list":{"0":"post-5250","1":"product","2":"type-product","3":"status-publish","4":"has-post-thumbnail","6":"brand-mcsmart","7":"product_cat-growkits","9":"first","10":"instock","11":"taxable","12":"shipping-taxable","13":"purchasable","14":"product-type-variable","15":"has-default-attributes"},"acf":[],"_links":{"self":[{"href":"https:\/\/www.paddo.shop\/pl\/wp-json\/wp\/v2\/product\/5250","targetHints":{"allow":["GET"]}}],"collection":[{"href":"https:\/\/www.paddo.shop\/pl\/wp-json\/wp\/v2\/product"}],"about":[{"href":"https:\/\/www.paddo.shop\/pl\/wp-json\/wp\/v2\/types\/product"}],"replies":[{"embeddable":true,"href":"https:\/\/www.paddo.shop\/pl\/wp-json\/wp\/v2\/comments?post=5250"}],"wp:featuredmedia":[{"embeddable":true,"href":"https:\/\/www.paddo.shop\/pl\/wp-json\/wp\/v2\/media\/5883"}],"wp:attachment":[{"href":"https:\/\/www.paddo.shop\/pl\/wp-json\/wp\/v2\/media?parent=5250"}],"wp:term":[{"taxonomy":"brand","embeddable":true,"href":"https:\/\/www.paddo.shop\/pl\/wp-json\/wp\/v2\/etheme_brands?post=5250"},{"taxonomy":"product_brand","embeddable":true,"href":"https:\/\/www.paddo.shop\/pl\/wp-json\/wp\/v2\/product_brand?post=5250"},{"taxonomy":"product_cat","embeddable":true,"href":"https:\/\/www.paddo.shop\/pl\/wp-json\/wp\/v2\/product_cat?post=5250"},{"taxonomy":"product_tag","embeddable":true,"href":"https:\/\/www.paddo.shop\/pl\/wp-json\/wp\/v2\/product_tag?post=5250"}],"curies":[{"name":"wp","href":"https:\/\/api.w.org\/{rel}","templated":true}]}}