{"id":5894,"date":"2022-08-01T15:54:25","date_gmt":"2022-08-01T13:54:25","guid":{"rendered":"https:\/\/www.paddo.shop\/?page_id=5894"},"modified":"2024-08-20T11:59:20","modified_gmt":"2024-08-20T09:59:20","slug":"partners","status":"publish","type":"page","link":"https:\/\/www.paddo.shop\/pl\/partners\/","title":{"rendered":"Partnerzy"},"content":{"rendered":"<div data-elementor-type=\"wp-page\" data-elementor-id=\"5894\" class=\"elementor elementor-5894\" data-elementor-post-type=\"page\">\n\t\t\t\t\t\t<section class=\"elementor-section elementor-top-section elementor-element elementor-element-5abf2a6 elementor-section-boxed elementor-section-height-default elementor-section-height-default\" data-id=\"5abf2a6\" data-element_type=\"section\" data-e-type=\"section\">\n\t\t\t\t\t\t<div class=\"elementor-container elementor-column-gap-default\">\n\t\t\t\t\t<div class=\"elementor-column elementor-col-100 elementor-top-column elementor-element elementor-element-e4d511e\" data-id=\"e4d511e\" data-element_type=\"column\" data-e-type=\"column\">\n\t\t\t<div class=\"elementor-widget-wrap elementor-element-populated\">\n\t\t\t\t\t\t<div class=\"elementor-element elementor-element-392eff0 elementor-widget elementor-widget-text-editor\" data-id=\"392eff0\" data-element_type=\"widget\" data-e-type=\"widget\" data-widget_type=\"text-editor.default\">\n\t\t\t\t<div class=\"elementor-widget-container\">\n\t\t\t\t\t\t\t\t\t<h2>Dzielimy si\u0119 nasz\u0105 wiedz\u0105<\/h2><p>Niestety, wci\u0105\u017c istnieje ogromne tabu wok\u00f3\u0142 magicznych trufli i psychodelik\u00f3w w og\u00f3le. Je\u015bli chodzi o nas, jest to wysoce nieuzasadnione. W ko\u0144cu, gdy s\u0105 w\u0142a\u015bciwie stosowane, psychodeliki mog\u0105 wnie\u015b\u0107 bardzo wiele do ludzkiego \u017cycia. Niestety, nadal jeste\u015bmy zbyt mocno spychani w cholerny k\u0105t. Nadszed\u0142 czas, aby to zmieni\u0107 i jeste\u015bmy szcz\u0119\u015bliwi, \u017ce mo\u017cemy zrobi\u0107 to, co do nas nale\u017cy. Robimy to poprzez bycie tak przejrzystym, jak to tylko mo\u017cliwe i dostarczanie dobrych informacji o naszych produktach. Zaczyna si\u0119 od tego. Chcemy zmieni\u0107 psychodeliki w co\u015b pi\u0119knego, a nie co\u015b przera\u017caj\u0105cego lub z\u0142ego.<\/p><h2>The Headshop &amp; Tatanka<\/h2><p>W tym celu po\u0142\u0105czyli\u015bmy si\u0142y z kilkoma renomowanymi podmiotami w dziedzinie inteligentnych produkt\u00f3w. Na przyk\u0142ad, wsp\u00f3\u0142pracujemy z <a href=\"https:\/\/www.headshop.nl\/\" target=\"_blank\" rel=\"noopener\">The Headshop<\/a> &amp; <a href=\"https:\/\/www.tatanka.nl\/\" target=\"_blank\" rel=\"noopener\">Tatanka<\/a>. Sklepy te nale\u017c\u0105 do najstarszych inteligentnych i g\u0142\u00f3wnych sklep\u00f3w w Holandii. Je\u015bli chodzi o wiedz\u0119 i do\u015bwiadczenie, nie ma lepszych partner\u00f3w.<\/p><h2>Smartific<\/h2><p>Wsp\u00f3\u0142pracujemy r\u00f3wnie\u017c z niesamowitym mi\u0119dzynarodowym sklepem internetowym Smartific. <a href=\"https:\/\/smartific.nl\/\" target=\"_blank\" rel=\"noopener\">Smartific.co.uk<\/a> oraz <a href=\"https:\/\/smartific.com\/\" target=\"_blank\" rel=\"noopener\">Smartfic.com<\/a> ma szerok\u0105 ofert\u0119 online, ale jest r\u00f3wnie\u017c znana ze swojego smartwiki. Na tym smartwiki dziel\u0105 si\u0119 ca\u0142\u0105 wiedz\u0105, do\u015bwiadczeniem i badaniami w dziedzinie inteligentnych produkt\u00f3w. Jest to r\u00f3wnie\u017c wiedza, z kt\u00f3rej ch\u0119tnie korzystamy.<\/p><p>Mamy nadziej\u0119, \u017ce dzi\u0119ki tej wsp\u00f3\u0142pracy przyczynimy si\u0119 do zwi\u0119kszenia przejrzysto\u015bci rynku.<\/p><h2 data-pm-slice=\"1 1 []\">McSmart - hurtownia dla inteligentnych sklep\u00f3w<\/h2><p>W Paddo.shop jeste\u015bmy dumni z naszego partnerstwa z <a href=\"https:\/\/www.mcsmart.com\/\" target=\"_blank\" rel=\"noopener\">McSmart<\/a>wiod\u0105cego hurtownika dla sklep\u00f3w smartshop. To partnerstwo pozwala nam oferowa\u0107 naszym klientom szerok\u0105 gam\u0119 wysokiej jako\u015bci produkt\u00f3w, w tym sprzedawane przez nas Growkits. McSmart jest znany ze swojej niezawodno\u015bci, innowacyjno\u015bci i najwy\u017cszej jako\u015bci produkt\u00f3w, co doskonale wpisuje si\u0119 w nasz\u0105 misj\u0119 dostarczania najlepszych produkt\u00f3w na rynku. Niezale\u017cnie od tego, czy jeste\u015b nowym hodowc\u0105, czy do\u015bwiadczonym u\u017cytkownikiem, produkty McSmart zapewni\u0105 Ci najlepsze mo\u017cliwe wra\u017cenia. Odwied\u017a nasz sklep i odkryj gam\u0119 produkt\u00f3w McSmart.<\/p>\t\t\t\t\t\t\t\t<\/div>\n\t\t\t\t<\/div>\n\t\t\t\t\t<\/div>\n\t\t<\/div>\n\t\t\t\t\t<\/div>\n\t\t<\/section>\n\t\t\t\t<\/div>","protected":false},"excerpt":{"rendered":"<p>Dzielimy si\u0119 nasz\u0105 wiedz\u0105 Niestety, wci\u0105\u017c istnieje ogromne tabu wok\u00f3\u0142 magicznych trufli i psychodelik\u00f3w w og\u00f3le. Je\u015bli chodzi o nas, jest to wysoce nieuzasadnione. Kiedy psychodeliki s\u0105...<\/p>","protected":false},"author":2,"featured_media":0,"parent":0,"menu_order":0,"comment_status":"closed","ping_status":"closed","template":"","meta":{"_acf_changed":false,"footnotes":""},"class_list":["post-5894","page","type-page","status-publish","hentry"],"acf":[],"_links":{"self":[{"href":"https:\/\/www.paddo.shop\/pl\/wp-json\/wp\/v2\/pages\/5894","targetHints":{"allow":["GET"]}}],"collection":[{"href":"https:\/\/www.paddo.shop\/pl\/wp-json\/wp\/v2\/pages"}],"about":[{"href":"https:\/\/www.paddo.shop\/pl\/wp-json\/wp\/v2\/types\/page"}],"author":[{"embeddable":true,"href":"https:\/\/www.paddo.shop\/pl\/wp-json\/wp\/v2\/users\/2"}],"replies":[{"embeddable":true,"href":"https:\/\/www.paddo.shop\/pl\/wp-json\/wp\/v2\/comments?post=5894"}],"version-history":[{"count":0,"href":"https:\/\/www.paddo.shop\/pl\/wp-json\/wp\/v2\/pages\/5894\/revisions"}],"wp:attachment":[{"href":"https:\/\/www.paddo.shop\/pl\/wp-json\/wp\/v2\/media?parent=5894"}],"curies":[{"name":"wp","href":"https:\/\/api.w.org\/{rel}","templated":true}]}}