{"id":5661,"date":"2022-07-27T10:09:33","date_gmt":"2022-07-27T08:09:33","guid":{"rendered":"https:\/\/www.paddo.shop\/?page_id=5661"},"modified":"2024-10-15T09:02:58","modified_gmt":"2024-10-15T07:02:58","slug":"paddo-growkit-kweekverslag","status":"publish","type":"page","link":"https:\/\/www.paddo.shop\/pl\/paddo-growkit-kweekverslag\/","title":{"rendered":"Grzyb Growkit Raport z uprawy"},"content":{"rendered":"<div data-elementor-type=\"wp-page\" data-elementor-id=\"5661\" class=\"elementor elementor-5661\" data-elementor-post-type=\"page\">\n\t\t\t\t\t\t<section class=\"elementor-section elementor-top-section elementor-element elementor-element-6da08d04 elementor-section-boxed elementor-section-height-default elementor-section-height-default\" data-id=\"6da08d04\" data-element_type=\"section\" data-e-type=\"section\">\n\t\t\t\t\t\t<div class=\"elementor-container elementor-column-gap-default\">\n\t\t\t\t\t<div class=\"elementor-column elementor-col-100 elementor-top-column elementor-element elementor-element-76f56ffd\" data-id=\"76f56ffd\" data-element_type=\"column\" data-e-type=\"column\">\n\t\t\t<div class=\"elementor-widget-wrap elementor-element-populated\">\n\t\t\t\t\t\t<div class=\"elementor-element elementor-element-24e06a2 elementor-widget elementor-widget-text-editor\" data-id=\"24e06a2\" data-element_type=\"widget\" data-e-type=\"widget\" data-widget_type=\"text-editor.default\">\n\t\t\t\t<div class=\"elementor-widget-container\">\n\t\t\t\t\t\t\t\t\t<h2>Zestaw do uprawy magicznych grzyb\u00f3w<\/h2>\n<p>Ile kosztuje <a href=\"\/pl\/growkits\/\">zestaw do uprawy grzyb\u00f3w<\/a> co one w\u0142a\u015bciwie robi\u0105? Otrzymujemy to pytanie co tydzie\u0144, dlatego stworzyli\u015bmy kilka testowych zestaw\u00f3w do uprawy. W ten spos\u00f3b oszacowali\u015bmy, czego mo\u017cna oczekiwa\u0107 od zestawu do uprawy grzyb\u00f3w. Nale\u017cy pami\u0119ta\u0107, \u017ce na wydajno\u015b\u0107 mog\u0105 wp\u0142ywa\u0107 r\u00f3\u017cne czynniki. Wp\u0142yw mo\u017ce mie\u0107 zbyt niska temperatura lub zmiana temperatury, ale tak\u017ce jako\u015b\u0107 u\u017cywanej wody, uwaga po\u015bwi\u0119cana zestawowi do uprawy grzyb\u00f3w oraz czyste lub brudne \u015brodowisko pracy. Zapoznaj si\u0119 r\u00f3wnie\u017c z naszym <a href=\"https:\/\/www.paddo.shop\/pl\/growkit-instructies\/\">Instrukcje i wskaz\u00f3wki dotycz\u0105ce zestawu do uprawy<\/a>W ten spos\u00f3b b\u0119dziesz przygotowany do rozpocz\u0119cia uprawy swojego zestawu do uprawy grzyb\u00f3w.<\/p>\n<h2>Raport z uprawy zestawu do uprawy grzyb\u00f3w<\/h2>\n<p>Poni\u017cej znajdziesz szczeg\u00f3\u0142owe informacje na temat poszczeg\u00f3lnych krok\u00f3w, kt\u00f3re wykonali\u015bmy podczas naszego raportu na temat uprawy grzyb\u00f3w. Nie mo\u017cesz si\u0119 doczeka\u0107? W takim razie mo\u017cesz od razu zapozna\u0107 si\u0119 z poni\u017cszym podsumowaniem. W naszym raporcie dotycz\u0105cym uprawy u\u017cyli\u015bmy <a href=\"https:\/\/www.paddo.shop\/pl\/golden-teacher-paddo-growkit\/\">Grzyby Golden Teacher<\/a> wybrane. S\u0105 to obecnie jedne z najpopularniejszych gatunk\u00f3w grzyb\u00f3w magicznych.<\/p>\t\t\t\t\t\t\t\t<\/div>\n\t\t\t\t<\/div>\n\t\t\t\t<div class=\"elementor-element elementor-element-33130382 elementor-widget elementor-widget-text-editor\" data-id=\"33130382\" data-element_type=\"widget\" data-e-type=\"widget\" data-widget_type=\"text-editor.default\">\n\t\t\t\t<div class=\"elementor-widget-container\">\n\t\t\t\t\t\t\t\t\t<p><\/p>\n<h2 class=\"wp-block-heading\"><strong style=\"font-size: calc(var(--h3-size-proportion) * 1rem); background-color: var(--et_container-bg-color, transparent);\">Zestaw do uprawy grzyb\u00f3w - podsumowanie raportu<\/strong><\/h2>\n<p><\/p>\n<p><\/p>\t\t\t\t\t\t\t\t<\/div>\n\t\t\t\t<\/div>\n\t\t\t\t<section class=\"elementor-section elementor-inner-section elementor-element elementor-element-360ac11 elementor-hidden-mobile elementor-hidden-tablet elementor-section-boxed elementor-section-height-default elementor-section-height-default\" data-id=\"360ac11\" data-element_type=\"section\" data-e-type=\"section\">\n\t\t\t\t\t\t<div class=\"elementor-container elementor-column-gap-default\">\n\t\t\t\t\t<div class=\"elementor-column elementor-col-33 elementor-inner-column elementor-element elementor-element-052c331\" data-id=\"052c331\" data-element_type=\"column\" data-e-type=\"column\" data-settings=\"{&quot;background_background&quot;:&quot;classic&quot;}\">\n\t\t\t<div class=\"elementor-widget-wrap elementor-element-populated\">\n\t\t\t\t\t\t<div class=\"elementor-element elementor-element-568c429 elementor-widget elementor-widget-text-editor\" data-id=\"568c429\" data-element_type=\"widget\" data-e-type=\"widget\" data-widget_type=\"text-editor.default\">\n\t\t\t\t<div class=\"elementor-widget-container\">\n\t\t\t\t\t\t\t\t\t<h2><b>250 cm3 (ma\u0142y)<\/b><\/h2>\n<p><b>Liczba dni<\/b><span style=\"font-weight: 400;\">:<br \/><\/span><span style=\"font-weight: 400;\">35 dni<\/span><\/p>\n<p><b>Ca\u0142kowity przych\u00f3d<\/b><span style=\"font-weight: 400;\">:<br \/><\/span><span style=\"font-weight: 400;\">311 gram\u00f3w<\/span><\/p>\n<p><b>Liczba sp\u0142uka\u0144:<br \/><\/b>3 p\u0142ukania<\/p>\t\t\t\t\t\t\t\t<\/div>\n\t\t\t\t<\/div>\n\t\t\t\t<div class=\"elementor-element elementor-element-eef2905 elementor-widget elementor-widget-text-editor\" data-id=\"eef2905\" data-element_type=\"widget\" data-e-type=\"widget\" data-widget_type=\"text-editor.default\">\n\t\t\t\t<div class=\"elementor-widget-container\">\n\t\t\t\t\t\t\t\t\t<p><b style=\"color: inherit; font-family: inherit; font-size: inherit; background-color: var(--et_container-bg-color, transparent);\">Pierwszy rzut:<br \/><\/b><span style=\"font-weight: 400;\">Czas trwania: 0-21 dni<br \/><\/span><span style=\"font-weight: 400;\">Wydajno\u015b\u0107: 165 gram\u00f3w<\/span><\/p>\n<p><b>Drugie uderzenie:<br \/><\/b><span style=\"font-weight: 400;\">Dzie\u0144 21 - 30<br \/><\/span><span style=\"font-weight: 400;\">Wydajno\u015b\u0107: 130 gram\u00f3w<\/span><\/p>\n<p><b>Trzecie uderzenie:<br \/><\/b><span style=\"font-weight: 400;\">Dzie\u0144 30 - 35<br \/><\/span><span style=\"font-weight: 400;\">Wydajno\u015b\u0107: 16 gram\u00f3w<\/span><\/p>\n<p><b>Czwarte uderzenie:<br \/><\/b><span style=\"font-weight: 400;\">Dzie\u0144 35<br \/><\/span><span style=\"font-weight: 400;\">Wydajno\u015b\u0107: Nie<\/span><\/p>\t\t\t\t\t\t\t\t<\/div>\n\t\t\t\t<\/div>\n\t\t\t\t\t<\/div>\n\t\t<\/div>\n\t\t\t\t<div class=\"elementor-column elementor-col-33 elementor-inner-column elementor-element elementor-element-379e4e8\" data-id=\"379e4e8\" data-element_type=\"column\" data-e-type=\"column\" data-settings=\"{&quot;background_background&quot;:&quot;classic&quot;}\">\n\t\t\t<div class=\"elementor-widget-wrap elementor-element-populated\">\n\t\t\t\t\t\t<div class=\"elementor-element elementor-element-f31f0af elementor-widget elementor-widget-text-editor\" data-id=\"f31f0af\" data-element_type=\"widget\" data-e-type=\"widget\" data-widget_type=\"text-editor.default\">\n\t\t\t\t<div class=\"elementor-widget-container\">\n\t\t\t\t\t\t\t\t\t<h2><b>1200 cm3 (\u015bredni)<\/b><\/h2>\n<p><b>Liczba dni<\/b><span style=\"font-weight: 400;\">:<br \/><\/span><span style=\"font-weight: 400;\">35 dni<\/span><\/p>\n<p><b>Ca\u0142kowity przych\u00f3d<\/b><span style=\"font-weight: 400;\">:<br \/><\/span><span style=\"font-weight: 400;\">865 gram\u00f3w<\/span><\/p>\n<p><b>Liczba sp\u0142uka\u0144:<br \/><\/b><span style=\"font-weight: 400;\">3 p\u0142ukania<\/span><\/p>\t\t\t\t\t\t\t\t<\/div>\n\t\t\t\t<\/div>\n\t\t\t\t<div class=\"elementor-element elementor-element-c4a8c93 elementor-widget elementor-widget-text-editor\" data-id=\"c4a8c93\" data-element_type=\"widget\" data-e-type=\"widget\" data-widget_type=\"text-editor.default\">\n\t\t\t\t<div class=\"elementor-widget-container\">\n\t\t\t\t\t\t\t\t\t<p><span style=\"color: inherit; font-family: inherit; font-size: inherit; background-color: var(--et_container-bg-color, transparent);\"><b>Pierwszy rzut:<br \/><\/b><\/span><span style=\"color: inherit; font-family: inherit; font-size: inherit;\">Czas trwania: 0-21 dni<br \/><\/span><span style=\"color: inherit; font-family: inherit; font-size: inherit;\">Wydajno\u015b\u0107: 433 gramy<\/span><\/p>\n<p><b>Drugie uderzenie:<br \/><\/b><span style=\"font-weight: 400;\">Dzie\u0144 21 - 30<br \/><\/span><span style=\"font-weight: 400;\">Wydajno\u015b\u0107: 390 gram\u00f3w<\/span><\/p>\n<p><b>Trzecie uderzenie:<br \/><\/b><span style=\"font-weight: 400;\">Dzie\u0144 30 - 35<br \/><\/span><span style=\"font-weight: 400;\">Wydajno\u015b\u0107: 42 gramy<\/span><\/p>\n<p><b>Czwarte uderzenie:<br \/><\/b><span style=\"font-weight: 400;\">Dzie\u0144 35<br \/><\/span><span style=\"color: inherit; font-family: inherit; font-size: inherit; background-color: var(--et_container-bg-color, transparent);\">Wydajno\u015b\u0107: Nie<\/span><\/p>\t\t\t\t\t\t\t\t<\/div>\n\t\t\t\t<\/div>\n\t\t\t\t\t<\/div>\n\t\t<\/div>\n\t\t\t\t<div class=\"elementor-column elementor-col-33 elementor-inner-column elementor-element elementor-element-7252acd\" data-id=\"7252acd\" data-element_type=\"column\" data-e-type=\"column\" data-settings=\"{&quot;background_background&quot;:&quot;classic&quot;}\">\n\t\t\t<div class=\"elementor-widget-wrap elementor-element-populated\">\n\t\t\t\t\t\t<div class=\"elementor-element elementor-element-be025e4 elementor-widget elementor-widget-text-editor\" data-id=\"be025e4\" data-element_type=\"widget\" data-e-type=\"widget\" data-widget_type=\"text-editor.default\">\n\t\t\t\t<div class=\"elementor-widget-container\">\n\t\t\t\t\t\t\t\t\t<h2><b>2100 cm3 (du\u017cy)<\/b><\/h2>\n<p><b>Liczba dni<\/b><span style=\"font-weight: 400;\">:<br \/><\/span><span style=\"font-weight: 400;\">35 dni<\/span><\/p>\n<p><b>Ca\u0142kowity przych\u00f3d<\/b><span style=\"font-weight: 400;\">:<br \/><\/span><span style=\"font-weight: 400;\">1633 gramy<\/span><\/p>\n<p><b>Liczba sp\u0142uka\u0144:<br \/><\/b><span style=\"font-weight: 400;\">3 p\u0142ukania<\/span><\/p>\t\t\t\t\t\t\t\t<\/div>\n\t\t\t\t<\/div>\n\t\t\t\t<div class=\"elementor-element elementor-element-0f5af87 elementor-widget elementor-widget-text-editor\" data-id=\"0f5af87\" data-element_type=\"widget\" data-e-type=\"widget\" data-widget_type=\"text-editor.default\">\n\t\t\t\t<div class=\"elementor-widget-container\">\n\t\t\t\t\t\t\t\t\t<p><span style=\"color: inherit; font-family: inherit; font-size: inherit; background-color: var(--et_container-bg-color, transparent);\"><b>Pierwszy rzut:<br \/><\/b><\/span><span style=\"color: inherit; font-family: inherit; font-size: inherit; background-color: var(--et_container-bg-color, transparent);\">Czas trwania: 0-21 dni<br \/><\/span><span style=\"color: inherit; font-family: inherit; font-size: inherit; background-color: var(--et_container-bg-color, transparent);\">Wydajno\u015b\u0107: 809 gram\u00f3w<\/span><\/p>\n<p><b>Drugie uderzenie:<br \/><\/b><span style=\"font-weight: 400;\">Dzie\u0144 21 - 30<br \/><\/span><span style=\"font-weight: 400;\">Wydajno\u015b\u0107: 743 gramy<\/span><\/p>\n<p><b>Trzecie uderzenie:<br \/><\/b><span style=\"font-weight: 400;\">Dzie\u0144 30 - 35<br \/><\/span><span style=\"font-weight: 400;\">Wydajno\u015b\u0107: 81 gram\u00f3w<\/span><\/p>\n<p><b>Czwarte uderzenie:<br \/><\/b><span style=\"font-weight: 400;\">Dzie\u0144 35<br \/><\/span><span style=\"font-weight: 400;\">Wydajno\u015b\u0107: Nie<\/span><\/p>\t\t\t\t\t\t\t\t<\/div>\n\t\t\t\t<\/div>\n\t\t\t\t\t<\/div>\n\t\t<\/div>\n\t\t\t\t\t<\/div>\n\t\t<\/section>\n\t\t\t\t<section class=\"elementor-section elementor-inner-section elementor-element elementor-element-d9fb96f elementor-hidden-desktop elementor-section-boxed elementor-section-height-default elementor-section-height-default\" data-id=\"d9fb96f\" data-element_type=\"section\" data-e-type=\"section\">\n\t\t\t\t\t\t<div class=\"elementor-container elementor-column-gap-default\">\n\t\t\t\t\t<div class=\"elementor-column elementor-col-100 elementor-inner-column elementor-element elementor-element-6c7ae39 elementor-hidden-desktop\" data-id=\"6c7ae39\" data-element_type=\"column\" data-e-type=\"column\" data-settings=\"{&quot;background_background&quot;:&quot;classic&quot;}\">\n\t\t\t<div class=\"elementor-widget-wrap elementor-element-populated\">\n\t\t\t\t\t\t<div class=\"elementor-element elementor-element-18f8916 elementor-widget elementor-widget-et-general-tabs\" data-id=\"18f8916\" data-element_type=\"widget\" data-e-type=\"widget\" data-widget_type=\"et-general-tabs.default\">\n\t\t\t\t<div class=\"elementor-widget-container\">\n\t\t\t\t\t        <div id=\"et-advance-tabs-18f8916\" class=\"et-advance-tabs et-tabs-horizontal  horizontal-style-3 responsive-vertical-layout\" data-tabid=\"18f8916\">\n            <div class=\"et-tabs-nav\">\n                <ul >\n\t\t\t\t\t                        <li class=\"inactive et-tab-nav\"\n                            >\n                            \t\t\t\t\t\t\t\t                        \t\t\t\t\t\t\t\t\t\t\t\t\t\t                                <span class=\"et-tab-title\">\n    \t\t\t\t\t\t\t\t250 cm3    \t\t\t\t\t\t\t<\/span>\n\t\t\t\t\t\t\t                        <\/li>\n\t\t\t\t\t                        <li class=\"active-default et-tab-nav\"\n                            >\n                            \t\t\t\t\t\t\t\t                        \t\t\t\t\t\t\t\t\t\t\t\t\t\t                                <span class=\"et-tab-title\">\n    \t\t\t\t\t\t\t\t1200 cm3    \t\t\t\t\t\t\t<\/span>\n\t\t\t\t\t\t\t                        <\/li>\n\t\t\t\t\t                        <li class=\"inactive et-tab-nav\"\n                            >\n                            \t\t\t\t\t\t\t\t                        \t\t\t\t\t\t\t\t\t\t\t\t\t\t                                <span class=\"et-tab-title\">\n    \t\t\t\t\t\t\t\t2100 c    \t\t\t\t\t\t\t<\/span>\n\t\t\t\t\t\t\t                        <\/li>\n\t\t\t\t\t                <\/ul>\n                            <\/div>\n            <div class=\"et-tabs-content\">\n\t\t\t\t                    <div class=\"clearfix inactive\">\n\t\t\t\t\t\t<h2><b>250 cm3 (ma\u0142y)<\/b><\/h2>\n<p><b>Liczba dni<\/b><span style=\"font-weight: 400;\">:<br \/><\/span><span style=\"font-weight: 400;\">35 dni<\/span><\/p>\n<p><b>Ca\u0142kowity przych\u00f3d<\/b><span style=\"font-weight: 400;\">:<br \/><\/span><span style=\"font-weight: 400;\">311 gram\u00f3w<\/span><\/p>\n<p><b>Liczba sp\u0142uka\u0144:<br \/><\/b>3 p\u0142ukania<\/p>\n<hr \/>\n<p><b><br \/>Pierwszy rzut:<br \/><\/b><span style=\"font-weight: 400;\">Czas trwania: 0-21 dni<br \/><\/span><span style=\"font-weight: 400;\">Wydajno\u015b\u0107: 165 gram\u00f3w<\/span><\/p>\n<p><b>Drugie uderzenie:<br \/><\/b><span style=\"font-weight: 400;\">Dzie\u0144 21 - 30<br \/><\/span><span style=\"font-weight: 400;\">Wydajno\u015b\u0107: 130 gram\u00f3w<\/span><\/p>\n<p><b>Trzecie uderzenie:<br \/><\/b><span style=\"font-weight: 400;\">Dzie\u0144 30 - 35<br \/><\/span><span style=\"font-weight: 400;\">Wydajno\u015b\u0107: 16 gram\u00f3w<\/span><\/p>\n<p><b>Czwarte uderzenie:<br \/><\/b><span style=\"font-weight: 400;\">Dzie\u0144 35<br \/><\/span><span style=\"font-weight: 400;\">Wydajno\u015b\u0107: Nie<\/span><\/p>                    <\/div>\n\t\t\t\t                    <div class=\"clearfix active-default\">\n\t\t\t\t\t\t<h2><b>1200 cm3 (\u015bredni)<\/b><\/h2>\n<p><b>Liczba dni<\/b><span style=\"font-weight: 400;\">:<br \/><\/span><span style=\"font-weight: 400;\">35 dni<\/span><\/p>\n<p><b>Ca\u0142kowity przych\u00f3d<\/b><span style=\"font-weight: 400;\">:<br \/><\/span><span style=\"font-weight: 400;\">865 gram\u00f3w<\/span><\/p>\n<p><b>Liczba sp\u0142uka\u0144:<br \/><\/b><span style=\"font-weight: 400;\">3 p\u0142ukania<\/span><\/p>\n<hr \/>\n<p><b><br \/>Pierwszy rzut:<br \/><\/b><span style=\"font-weight: 400;\">Czas trwania: 0-21 dni<br \/><\/span><span style=\"font-weight: 400;\">Wydajno\u015b\u0107: 433 gramy<\/span><\/p>\n<p><b>Drugie uderzenie:<br \/><\/b><span style=\"font-weight: 400;\">Dzie\u0144 21 - 30<br \/><\/span><span style=\"font-weight: 400;\">Wydajno\u015b\u0107: 390 gram\u00f3w<\/span><\/p>\n<p><b>Trzecie uderzenie:<br \/><\/b><span style=\"font-weight: 400;\">Dzie\u0144 30 - 35<br \/><\/span><span style=\"font-weight: 400;\">Wydajno\u015b\u0107: 42 gramy<\/span><\/p>\n<p><b>Czwarte uderzenie:<br \/><\/b><span style=\"font-weight: 400;\">Dzie\u0144 35<br \/><\/span><span style=\"color: inherit; font-family: inherit; font-size: inherit; background-color: var(--et_container-bg-color, transparent);\">Wydajno\u015b\u0107: Nie<\/span><\/p>                    <\/div>\n\t\t\t\t                    <div class=\"clearfix inactive\">\n\t\t\t\t\t\t<h2><b>2100 cm3 (du\u017cy)<\/b><\/h2>\n<p><b>Liczba dni<\/b><span style=\"font-weight: 400;\">:<br \/><\/span><span style=\"font-weight: 400;\">35 dni<\/span><\/p>\n<p><b>Ca\u0142kowity przych\u00f3d<\/b><span style=\"font-weight: 400;\">:<br \/><\/span><span style=\"font-weight: 400;\">1633 gramy<\/span><\/p>\n<p><b>Liczba sp\u0142uka\u0144:<br \/><\/b><span style=\"font-weight: 400;\">3 p\u0142ukania<\/span><\/p>\n<hr \/>\n<p><b><br \/>Pierwszy rzut:<br \/><\/b><span style=\"font-weight: 400;\">Czas trwania: 0-21 dni<br \/><\/span><span style=\"font-weight: 400;\">Wydajno\u015b\u0107: 809 gram\u00f3w<\/span><\/p>\n<p><b>Drugie uderzenie:<br \/><\/b><span style=\"font-weight: 400;\">Dzie\u0144 21 - 30<br \/><\/span><span style=\"font-weight: 400;\">Wydajno\u015b\u0107: 743 gramy<\/span><\/p>\n<p><b>Trzecie uderzenie:<br \/><\/b><span style=\"font-weight: 400;\">Dzie\u0144 30 - 35<br \/><\/span><span style=\"font-weight: 400;\">Wydajno\u015b\u0107: 81 gram\u00f3w<\/span><\/p>\n<p><b>Czwarte uderzenie:<br \/><\/b><span style=\"font-weight: 400;\">Dzie\u0144 35<br \/><\/span><span style=\"font-weight: 400;\">Wydajno\u015b\u0107: Nie<\/span><\/p>                    <\/div>\n\t\t\t\t            <\/div>\n        <\/div>\n\t\t\t\t\t\t<\/div>\n\t\t\t\t<\/div>\n\t\t\t\t\t<\/div>\n\t\t<\/div>\n\t\t\t\t\t<\/div>\n\t\t<\/section>\n\t\t\t\t<div class=\"elementor-element elementor-element-a5c01b6 elementor-widget elementor-widget-text-editor\" data-id=\"a5c01b6\" data-element_type=\"widget\" data-e-type=\"widget\" data-widget_type=\"text-editor.default\">\n\t\t\t\t<div class=\"elementor-widget-container\">\n\t\t\t\t\t\t\t\t\t<h3><strong style=\"font-size: calc(var(--h3-size-proportion) * 1rem); background-color: var(--et_container-bg-color, transparent);\">Dzie\u0144 0 - 21:\u00a0<\/strong><strong>Pierwszy zestaw do uprawy grzyb\u00f3w<\/strong><\/h3>\n<p>Zestawy do uprawy grzyb\u00f3w o pojemno\u015bci 250 cm3, 1200 cm3 i 2100 cm3 zosta\u0142y ustawione w pomieszczeniu o stabilnej temperaturze oko\u0142o 24 stopni. Pomimo konieczno\u015bci trzymania zamkni\u0119tej torby, codziennie j\u0105 otwierali\u015bmy i lekko spryskiwali\u015bmy zestawy hodowlane opryskiwaczem do ro\u015blin. Wcze\u015bniej gotowali\u015bmy u\u017cywan\u0105 wod\u0119, aby unikn\u0105\u0107 infekcji. R\u00f3wnie\u017c podczas wzrostu grzyb\u00f3w codziennie otwierali\u015bmy torb\u0119 i spryskiwali\u015bmy growkit. Pierwsze ma\u0142e grzyby pojawi\u0142y si\u0119 mniej wi\u0119cej po 2 tygodniach. W sumie min\u0119\u0142y 3 tygodnie (21 dni), zanim mo\u017cna by\u0142o zebra\u0107 pierwsz\u0105 parti\u0119 z zestaw\u00f3w do uprawy. Wydajno\u015b\u0107 mo\u017cna znale\u017a\u0107 poni\u017cej.<\/p>\n<div>\n<div>\n<ul>\n<li>250 cm3 = 165 gram\u00f3w<\/li>\n<li>1200 cm3 = 433 gramy<\/li>\n<li>2100 cm3 = 809 gram\u00f3w<\/li>\n<\/ul>\n<\/div>\n<\/div>\n<h3><strong style=\"font-size: calc(var(--h3-size-proportion) * 1rem); background-color: var(--et_container-bg-color, transparent);\">Dzie\u0144 21-30:\u00a0<\/strong><strong>Drugi zestaw do uprawy grzyb\u00f3w<\/strong><\/h3>\n<p>Oczywi\u015bcie od razu przeszli\u015bmy do drugiego p\u0142ukania. Po ostro\u017cnym zebraniu wszystkich grzyb\u00f3w, mieli\u015bmy kolejny \"czysty growkit\". Nast\u0119pnie powt\u00f3rzyli\u015bmy kroki od 4 do 7. Oczywi\u015bcie ponownie pracowali\u015bmy z przegotowan\u0105 wod\u0105 i w czystym \u015brodowisku. R\u00f3wnie\u017c tym razem codziennie lekko spryskiwali\u015bmy growkit. Tym razem sp\u0142ukiwanie trwa\u0142o oko\u0142o 1 tygodnia (9 dni). Wydajno\u015b\u0107 by\u0142a jednak nieco mniejsza. Poni\u017cej znajduj\u0105 si\u0119 wyniki.<\/p>\n<div>\n<div>\n<ul>\n<li>250 cm3 = 130 gram\u00f3w<\/li>\n<li>1200 cm3 = 390 gram\u00f3w<\/li>\n<li>2100 cm3 = 743 gramy<\/li>\n<\/ul>\n<\/div>\n<\/div>\n<h3><strong style=\"font-size: calc(var(--h3-size-proportion) * 1rem); background-color: var(--et_container-bg-color, transparent);\">Dzie\u0144 30-35:\u00a0<\/strong><strong>Trzeci zestaw do uprawy grzyb\u00f3w<\/strong><\/h3>\n<p>Czy czeka nas co\u015b wi\u0119cej? Tak my\u015bleli\u015bmy! Ponownie powt\u00f3rzyli\u015bmy kroki od 4 do 7. Pomimo zachowania ostro\u017cno\u015bci widzimy, \u017ce growkit ma trudno\u015bci. Zbieranie pierwszej i drugiej partii sprawi\u0142o, \u017ce growkit w niekt\u00f3rych miejscach wygl\u0105da na go\u0142y. Pomimo \u0142ysiej\u0105cego growkitu, zebranie z niego kolejnej ma\u0142ej partii \u015bwie\u017cych grzyb\u00f3w zaj\u0119\u0142o tylko 5 dni. Poni\u017cej znajduj\u0105 si\u0119 plony.<\/p>\n<ul>\n<li>250 cm3 = 16 gram\u00f3w<\/li>\n<li>1200 cm3 = 42 gramy<\/li>\n<li>2100 cm3 = 81 gram\u00f3w<\/li>\n<\/ul>\n<h3><strong style=\"font-size: calc(var(--h3-size-proportion) * 1rem); background-color: var(--et_container-bg-color, transparent);\">Dzie\u0144 35:\u00a0<\/strong><strong>Czwarty zestaw do uprawy grzyb\u00f3w<\/strong><\/h3>\n<p>Niestety, nie uda\u0142o nam si\u0119 ju\u017c uzyska\u0107 czwartego sp\u0142ukiwania z zestaw\u00f3w do uprawy grzyb\u00f3w. Teoretycznie powinno to by\u0107 mo\u017cliwe w doskona\u0142ych warunkach. Ku naszemu rozczarowaniu wyrzucili\u015bmy ja\u0142owe zestawy do uprawy. Teraz nadszed\u0142 czas, aby zobaczy\u0107, ile przynios\u0142y nam zestawy do uprawy grzyb\u00f3w. Jeste\u015bmy bardzo zadowoleni z wynik\u00f3w. Wydajno\u015b\u0107 mo\u017cna znale\u017a\u0107 poni\u017cej.<\/p>\n<ul>\n<li>250 cm3 = 311 gram\u00f3w<\/li>\n<li>1200 cm3 = 865 gram\u00f3w<\/li>\n<li>2100 cm3 = 1633 gramy<\/li>\n<\/ul>\t\t\t\t\t\t\t\t<\/div>\n\t\t\t\t<\/div>\n\t\t\t\t<div class=\"elementor-element elementor-element-c8212d8 elementor-widget elementor-widget-text-editor\" data-id=\"c8212d8\" data-element_type=\"widget\" data-e-type=\"widget\" data-widget_type=\"text-editor.default\">\n\t\t\t\t<div class=\"elementor-widget-container\">\n\t\t\t\t\t\t\t\t\t<h2>Wnioski<\/h2>\n<div>Jak wida\u0107, mo\u017cna spodziewa\u0107 si\u0119 bardzo dobrych ilo\u015bci grzyb\u00f3w z jednego zestawu do uprawy. Do powy\u017cszego testu u\u017cyli\u015bmy Golden Teacher, jednak podobnych plon\u00f3w mo\u017cna oczekiwa\u0107 r\u00f3wnie\u017c od innych zestaw\u00f3w do uprawy. Silny <a href=\"https:\/\/www.paddo.shop\/pl\/mazatapec-paddo-growkit\/\">Mazatapec<\/a> oraz <a href=\"https:\/\/www.paddo.shop\/pl\/mckennaii-paddo-growkit\/\">McKennaii<\/a> s\u0105 na przyk\u0142ad podobne. Warunkiem jest dok\u0142adne przestrzeganie naszych instrukcji. W przeciwnym razie zbiory mog\u0105 by\u0107 rozczarowuj\u0105ce lub nieudane.<\/div>\n<div>\u00a0<\/div>\n<div>Powodzenia w uprawie i czekamy na twoje plony!<\/div>\t\t\t\t\t\t\t\t<\/div>\n\t\t\t\t<\/div>\n\t\t\t\t\t<\/div>\n\t\t<\/div>\n\t\t\t\t\t<\/div>\n\t\t<\/section>\n\t\t\t\t<\/div>","protected":false},"excerpt":{"rendered":"<p>Uprawa zestawu do uprawy grzyb\u00f3w Ile faktycznie przynosi zestaw do uprawy grzyb\u00f3w? Otrzymujemy to pytanie co tydzie\u0144, dlatego zebrali\u015bmy kilka ...<\/p>","protected":false},"author":2,"featured_media":0,"parent":0,"menu_order":0,"comment_status":"closed","ping_status":"closed","template":"","meta":{"_acf_changed":false,"footnotes":""},"class_list":["post-5661","page","type-page","status-publish","hentry"],"acf":[],"_links":{"self":[{"href":"https:\/\/www.paddo.shop\/pl\/wp-json\/wp\/v2\/pages\/5661","targetHints":{"allow":["GET"]}}],"collection":[{"href":"https:\/\/www.paddo.shop\/pl\/wp-json\/wp\/v2\/pages"}],"about":[{"href":"https:\/\/www.paddo.shop\/pl\/wp-json\/wp\/v2\/types\/page"}],"author":[{"embeddable":true,"href":"https:\/\/www.paddo.shop\/pl\/wp-json\/wp\/v2\/users\/2"}],"replies":[{"embeddable":true,"href":"https:\/\/www.paddo.shop\/pl\/wp-json\/wp\/v2\/comments?post=5661"}],"version-history":[{"count":0,"href":"https:\/\/www.paddo.shop\/pl\/wp-json\/wp\/v2\/pages\/5661\/revisions"}],"wp:attachment":[{"href":"https:\/\/www.paddo.shop\/pl\/wp-json\/wp\/v2\/media?parent=5661"}],"curies":[{"name":"wp","href":"https:\/\/api.w.org\/{rel}","templated":true}]}}