{"id":1616,"date":"2022-03-04T13:34:34","date_gmt":"2022-03-04T13:34:34","guid":{"rendered":"https:\/\/www.magictruffels.shop\/?page_id=1616"},"modified":"2022-03-14T09:28:21","modified_gmt":"2022-03-14T09:28:21","slug":"retourneren","status":"publish","type":"page","link":"https:\/\/www.paddo.shop\/pl\/retourneren\/","title":{"rendered":"Powr\u00f3t"},"content":{"rendered":"<div data-elementor-type=\"wp-page\" data-elementor-id=\"1616\" class=\"elementor elementor-1616\" data-elementor-post-type=\"page\">\n\t\t\t\t\t\t<section class=\"elementor-section elementor-top-section elementor-element elementor-element-e585a9c elementor-section-boxed elementor-section-height-default elementor-section-height-default\" data-id=\"e585a9c\" data-element_type=\"section\" data-e-type=\"section\">\n\t\t\t\t\t\t<div class=\"elementor-container elementor-column-gap-default\">\n\t\t\t\t\t<div class=\"elementor-column elementor-col-100 elementor-top-column elementor-element elementor-element-c9480d9\" data-id=\"c9480d9\" data-element_type=\"column\" data-e-type=\"column\">\n\t\t\t<div class=\"elementor-widget-wrap elementor-element-populated\">\n\t\t\t\t\t\t<div class=\"elementor-element elementor-element-4b3dab5 elementor-widget elementor-widget-text-editor\" data-id=\"4b3dab5\" data-element_type=\"widget\" data-e-type=\"widget\" data-widget_type=\"text-editor.default\">\n\t\t\t\t<div class=\"elementor-widget-container\">\n\t\t\t\t\t\t\t\t\t<h2><strong>NASZA POLITYKA ZWROT\u00d3W:<\/strong><\/h2><p>Przy <a href=\"\/pl\/\">magictruffles.shop<\/a> u\u017cytkownik ma prawo zg\u0142osi\u0107 produkt do zwrotu w ci\u0105gu 14 dni od jego otrzymania bez podania przyczyny. Po tym zg\u0142oszeniu masz KOLEJNE 14 dni na faktyczny zwrot produktu. Je\u015bli skorzystasz z prawa do zwrotu, otrzymasz ca\u0142\u0105 kwot\u0119 zam\u00f3wienia wraz z kosztami wysy\u0142ki na swoje konto w ci\u0105gu 14 dni od powiadomienia o zwrocie.<\/p><p><strong>Wszelkie poniesione koszty zwrotu ponosi u\u017cytkownik.<\/strong><\/p><p>U\u017cytkownik ponosi wy\u0142\u0105czn\u0105 odpowiedzialno\u015b\u0107 za utrat\u0119 warto\u015bci produkt\u00f3w wynikaj\u0105c\u0105 z obchodzenia si\u0119 z nimi lub korzystania z nich w spos\u00f3b wykraczaj\u0105cy poza konieczny do ustalenia ich charakteru, cech i funkcjonowania.<\/p><p>Niekt\u00f3re produkty (np. bonga, fajki, waporyzatory i podobne produkty) s\u0105 wy\u0142\u0105czone z prawa do odst\u0105pienia od umowy, je\u015bli zosta\u0142y rozpiecz\u0119towane i\/lub by\u0142y u\u017cywane po dostawie. Po zerwaniu plomby produkty te nie nadaj\u0105 si\u0119 ju\u017c do zwrotu ze wzgl\u0119d\u00f3w zdrowotnych i higienicznych. Towary \u0142atwo psuj\u0105ce si\u0119 (takie jak trufle, zarodniki i zestawy do uprawy) r\u00f3wnie\u017c nie podlegaj\u0105 zwrotowi. Je\u015bli jednak nie jeste\u015b zadowolony z \u0142atwo psuj\u0105cego si\u0119 produktu, skontaktuj si\u0119 z naszym zespo\u0142em obs\u0142ugi klienta. Z przyjemno\u015bci\u0105 wsp\u00f3lnie znajdziemy rozwi\u0105zanie.<\/p><p>Aby zainicjowa\u0107 zwrot, prosimy o kontakt pod adresem info@magictruffels.shop. Je\u015bli zwrot zostanie zaakceptowany, wy\u015blemy etykiet\u0119 zwrotn\u0105, a tak\u017ce instrukcje dotycz\u0105ce sposobu i miejsca wys\u0142ania paczki. Przedmioty zwr\u00f3cone do nas bez uprzedniego z\u0142o\u017cenia wniosku o zwrot nie zostan\u0105 przyj\u0119te.<\/p><p>Zawsze mo\u017cesz skontaktowa\u0107 si\u0119 z nami w sprawie wszelkich zam\u00f3wie\u0144 zwrotnych pod adresem info@magictruffels.shop.<\/p><h2><b>USZKODZENIA I PROBLEMY<\/b><\/h2><p>Prosimy o sprawdzenie zam\u00f3wienia po jego otrzymaniu i niezw\u0142oczne skontaktowanie si\u0119 z nami, je\u015bli przedmiot jest wadliwy, uszkodzony lub je\u015bli otrzyma\u0142e\u015b niew\u0142a\u015bciwy przedmiot, aby\u015bmy mogli oceni\u0107 i rozwi\u0105za\u0107 problem.<\/p><h2><b>WYJ\u0104TKI \/ PRZEDMIOTY NIEPODLEGAJ\u0104CE ZWROTOWI<\/b><\/h2><p>Niekt\u00f3re rodzaje przedmiot\u00f3w nie mog\u0105 zosta\u0107 zwr\u00f3cone, w tym towary \u0142atwo psuj\u0105ce si\u0119 (takie jak \u017cywno\u015b\u0107, kwiaty lub ro\u015bliny), produkty niestandardowe (takie jak zam\u00f3wienia specjalne lub przedmioty spersonalizowane) oraz przedmioty higieny osobistej (takie jak produkty kosmetyczne). Nie przyjmujemy r\u00f3wnie\u017c zwrot\u00f3w materia\u0142\u00f3w niebezpiecznych, \u0142atwopalnych cieczy lub gaz\u00f3w. Prosimy o kontakt w przypadku jakichkolwiek pyta\u0144 lub w\u0105tpliwo\u015bci dotycz\u0105cych konkretnego produktu.<\/p><h2>AKTUALIZACJA<\/h2><p>Najszybszym sposobem na upewnienie si\u0119, \u017ce otrzymasz to, czego chcesz, jest zwrot posiadanego przedmiotu, a po zaakceptowaniu zwrotu, dokonanie osobnego zakupu nowego przedmiotu.<\/p><h2><b>SP\u0141ATY<\/b><\/h2><p>Powiadomimy u\u017cytkownika po otrzymaniu i sprawdzeniu zwrotu oraz poinformujemy go, czy zwrot zosta\u0142 zatwierdzony, czy nie. Je\u015bli zwrot zostanie zatwierdzony, zostanie on automatycznie zwr\u00f3cony na pierwotn\u0105 metod\u0119 p\u0142atno\u015bci. Pami\u0119taj, \u017ce przetworzenie i zaksi\u0119gowanie zwrotu przez bank lub operatora karty kredytowej mo\u017ce zaj\u0105\u0107 troch\u0119 czasu.<\/p><h2><b>DANE POWROTNE<\/b><\/h2><p>Magictruffles.shop<br \/>PePePe BV<br \/>Sulky 6 J<br \/>Zeewolde<br \/>3897AJ<\/p><p>IZBA HANDLOWA: 34236211<br \/>VAT: NL815030411B01<\/p><p>Numer telefonu: 085-0160877<\/p>\t\t\t\t\t\t\t\t<\/div>\n\t\t\t\t<\/div>\n\t\t\t\t\t<\/div>\n\t\t<\/div>\n\t\t\t\t\t<\/div>\n\t\t<\/section>\n\t\t\t\t<\/div>","protected":false},"excerpt":{"rendered":"<p>NASZA POLITYKA ZWROT\u00d3W: W sklepie magictruffels.shop masz prawo zarejestrowa\u0107 produkt do zwrotu w ci\u0105gu 14 dni od jego otrzymania bez podawania...<\/p>","protected":false},"author":2,"featured_media":0,"parent":0,"menu_order":0,"comment_status":"closed","ping_status":"closed","template":"","meta":{"_acf_changed":false,"footnotes":""},"class_list":["post-1616","page","type-page","status-publish","hentry"],"acf":[],"_links":{"self":[{"href":"https:\/\/www.paddo.shop\/pl\/wp-json\/wp\/v2\/pages\/1616","targetHints":{"allow":["GET"]}}],"collection":[{"href":"https:\/\/www.paddo.shop\/pl\/wp-json\/wp\/v2\/pages"}],"about":[{"href":"https:\/\/www.paddo.shop\/pl\/wp-json\/wp\/v2\/types\/page"}],"author":[{"embeddable":true,"href":"https:\/\/www.paddo.shop\/pl\/wp-json\/wp\/v2\/users\/2"}],"replies":[{"embeddable":true,"href":"https:\/\/www.paddo.shop\/pl\/wp-json\/wp\/v2\/comments?post=1616"}],"version-history":[{"count":0,"href":"https:\/\/www.paddo.shop\/pl\/wp-json\/wp\/v2\/pages\/1616\/revisions"}],"wp:attachment":[{"href":"https:\/\/www.paddo.shop\/pl\/wp-json\/wp\/v2\/media?parent=1616"}],"curies":[{"name":"wp","href":"https:\/\/api.w.org\/{rel}","templated":true}]}}