{"id":97,"date":"2021-12-04T09:58:52","date_gmt":"2021-12-04T09:58:52","guid":{"rendered":"https:\/\/xstore.8theme.com\/elementor\/demos\/minimal-fashion03\/?page_id=33"},"modified":"2023-11-22T17:27:56","modified_gmt":"2023-11-22T15:27:56","slug":"over-ons","status":"publish","type":"page","link":"https:\/\/www.paddo.shop\/lv\/over-ons\/","title":{"rendered":"Par mums"},"content":{"rendered":"<div data-elementor-type=\"wp-page\" data-elementor-id=\"97\" class=\"elementor elementor-97\" data-elementor-post-type=\"page\">\n\t\t\t\t\t\t<section class=\"elementor-section elementor-top-section elementor-element elementor-element-1e7d817 elementor-section-boxed elementor-section-height-default elementor-section-height-default elementor-invisible\" data-id=\"1e7d817\" data-element_type=\"section\" data-e-type=\"section\" data-settings=\"{&quot;animation&quot;:&quot;fadeIn&quot;}\">\n\t\t\t\t\t\t<div class=\"elementor-container elementor-column-gap-no\">\n\t\t\t\t\t<div class=\"elementor-column elementor-col-100 elementor-top-column elementor-element elementor-element-390ef48\" data-id=\"390ef48\" data-element_type=\"column\" data-e-type=\"column\">\n\t\t\t<div class=\"elementor-widget-wrap elementor-element-populated\">\n\t\t\t\t\t\t<div class=\"elementor-element elementor-element-d09e6cd elementor-widget elementor-widget-heading\" data-id=\"d09e6cd\" data-element_type=\"widget\" data-e-type=\"widget\" data-widget_type=\"heading.default\">\n\t\t\t\t<div class=\"elementor-widget-container\">\n\t\t\t\t\t<h2 class=\"elementor-heading-title elementor-size-default\">M\u016bsu st\u0101sts<\/h2>\t\t\t\t<\/div>\n\t\t\t\t<\/div>\n\t\t\t\t<div class=\"elementor-element elementor-element-6a01f1c elementor-widget-divider--view-line elementor-widget elementor-widget-divider\" data-id=\"6a01f1c\" data-element_type=\"widget\" data-e-type=\"widget\" data-widget_type=\"divider.default\">\n\t\t\t\t<div class=\"elementor-widget-container\">\n\t\t\t\t\t\t\t<div class=\"elementor-divider\">\n\t\t\t<span class=\"elementor-divider-separator\">\n\t\t\t\t\t\t<\/span>\n\t\t<\/div>\n\t\t\t\t\t\t<\/div>\n\t\t\t\t<\/div>\n\t\t\t\t<div class=\"elementor-element elementor-element-6c9aa0c elementor-widget elementor-widget-text-editor\" data-id=\"6c9aa0c\" data-element_type=\"widget\" data-e-type=\"widget\" data-widget_type=\"text-editor.default\">\n\t\t\t\t<div class=\"elementor-widget-container\">\n\t\t\t\t\t\t\t\t\t<p>Paddo.shop rad\u0101s no lielas m\u012blest\u012bbas pret psilocib\u012bnu saturo\u0161iem produktiem. \u0160\u012b m\u012blest\u012bba rad\u0101s no piln\u012bgas p\u0101rliec\u012bbas par vielas pozit\u012bvo ietekmi uz cilv\u0113ka pr\u0101tu. Pirmk\u0101rt, ir briesm\u012bgi jautri un pat\u012bkami atp\u016bsties ar burvju s\u0113n\u0113m vai burvju trifel\u0113m. Tom\u0113r galvenok\u0101rt tie\u0161i burvju s\u0113\u0146u gar\u012bg\u0101 un dziedniecisk\u0101 puse ir t\u0101, kas padara t\u0101s tik br\u012bni\u0161\u0137\u012bgas. M\u0113s labpr\u0101t dal\u0101mies ar jums sav\u0101 m\u012blest\u012bb\u0101 un aizraut\u012bb\u0101.<\/p>\t\t\t\t\t\t\t\t<\/div>\n\t\t\t\t<\/div>\n\t\t\t\t<section class=\"elementor-section elementor-inner-section elementor-element elementor-element-41b855b elementor-section-boxed elementor-section-height-default elementor-section-height-default\" data-id=\"41b855b\" data-element_type=\"section\" data-e-type=\"section\">\n\t\t\t\t\t\t<div class=\"elementor-container elementor-column-gap-no\">\n\t\t\t\t\t<div class=\"elementor-column elementor-col-50 elementor-inner-column elementor-element elementor-element-c6b05cf\" data-id=\"c6b05cf\" data-element_type=\"column\" data-e-type=\"column\">\n\t\t\t<div class=\"elementor-widget-wrap elementor-element-populated\">\n\t\t\t\t\t\t<div class=\"elementor-element elementor-element-4fdbd2a elementor-widget elementor-widget-text-editor\" data-id=\"4fdbd2a\" data-element_type=\"widget\" data-e-type=\"widget\" data-widget_type=\"text-editor.default\">\n\t\t\t\t<div class=\"elementor-widget-container\">\n\t\t\t\t\t\t\t\t\t<p>Ja v\u0113laties izbaud\u012bt burvju s\u0113\u0146u \u012bpa\u0161o sp\u0113ku, protams, j\u016bs piekr\u012btat tikai vislab\u0101kajai kvalit\u0101tei. T\u0101p\u0113c m\u016bsu veikal\u0101 j\u016bs atrad\u012bsiet tikai uzticamus un p\u0101rbaud\u012btus audz\u0113\u0161anas komplektus, kas dara to, kas tiem ir paredz\u0113ts: nodro\u0161ina jums skaistu s\u0113\u0146u ra\u017eu (ra\u017eu)! McKennaii, Golden Teacher vai Mazatepec? Izv\u0113lieties pa\u0161i un dodieties piedz\u012bvojum\u0101.<\/p>\t\t\t\t\t\t\t\t<\/div>\n\t\t\t\t<\/div>\n\t\t\t\t<div class=\"elementor-element elementor-element-1e42bd1 elementor-widget elementor-widget-text-editor\" data-id=\"1e42bd1\" data-element_type=\"widget\" data-e-type=\"widget\" data-widget_type=\"text-editor.default\">\n\t\t\t\t<div class=\"elementor-widget-container\">\n\t\t\t\t\t\t\t\t\t<p>M\u0113s varam labi iedom\u0101ties, ka jums var\u0113tu negrib\u0113ties gaid\u012bt vair\u0101kas ned\u0113\u013cas, l\u012bdz var\u0113siet baud\u012bt burvju s\u0113nes. T\u0101d\u0101 gad\u012bjum\u0101 labs risin\u0101jums ir sklerocijas jeb burvju trifeles. \u0160ie mazie psilocib\u012bnu saturo\u0161ie d\u0101rgakme\u0146i var aizvest j\u016bs m\u016b\u017ea ce\u013cojum\u0101. M\u0113s t\u0101s p\u0101rdodam m\u016bsu <a href=\"http:\/\/magictruffels.shop\" target=\"_blank\" rel=\"noopener\">burvju trifeles<\/a> veikals.<\/p>\t\t\t\t\t\t\t\t<\/div>\n\t\t\t\t<\/div>\n\t\t\t\t\t<\/div>\n\t\t<\/div>\n\t\t\t\t<div class=\"elementor-column elementor-col-50 elementor-inner-column elementor-element elementor-element-96ab982\" data-id=\"96ab982\" data-element_type=\"column\" data-e-type=\"column\">\n\t\t\t<div class=\"elementor-widget-wrap elementor-element-populated\">\n\t\t\t\t\t\t<div class=\"elementor-element elementor-element-b265f2b elementor-widget elementor-widget-image\" data-id=\"b265f2b\" data-element_type=\"widget\" data-e-type=\"widget\" data-widget_type=\"image.default\">\n\t\t\t\t<div class=\"elementor-widget-container\">\n\t\t\t\t\t\t\t\t\t\t\t\t\t\t\t<img loading=\"lazy\" decoding=\"async\" width=\"350\" height=\"116\" src=\"https:\/\/www.paddo.shop\/wp-content\/uploads\/2022\/07\/Paddo-growkit-shop-logo.png\" class=\"attachment-large size-large wp-image-5433\" alt=\"S\u0113\u0146u audz\u0113\u0161anas komplekta veikala logotips\" srcset=\"https:\/\/www.paddo.shop\/wp-content\/uploads\/2022\/07\/Paddo-growkit-shop-logo.png 350w, https:\/\/www.paddo.shop\/wp-content\/uploads\/2022\/07\/Paddo-growkit-shop-logo-300x99.png 300w, https:\/\/www.paddo.shop\/wp-content\/uploads\/2022\/07\/Paddo-growkit-shop-logo-1x1.png 1w, https:\/\/www.paddo.shop\/wp-content\/uploads\/2022\/07\/Paddo-growkit-shop-logo-10x3.png 10w\" sizes=\"auto, (max-width: 350px) 100vw, 350px\" \/>\t\t\t\t\t\t\t\t\t\t\t\t\t\t\t<\/div>\n\t\t\t\t<\/div>\n\t\t\t\t\t<\/div>\n\t\t<\/div>\n\t\t\t\t\t<\/div>\n\t\t<\/section>\n\t\t\t\t\t<\/div>\n\t\t<\/div>\n\t\t\t\t\t<\/div>\n\t\t<\/section>\n\t\t\t\t<\/div>","protected":false},"excerpt":{"rendered":"<p>M\u016bsu st\u0101sts Paddo.shop rad\u0101s no lielas m\u012blest\u012bbas pret psilocib\u012bnu saturo\u0161iem produktiem. \u0160\u012b m\u012blest\u012bba rad\u0101s no piln\u012bgas p\u0101rliec\u012bbas par...<\/p>","protected":false},"author":2,"featured_media":0,"parent":0,"menu_order":0,"comment_status":"closed","ping_status":"closed","template":"","meta":{"_acf_changed":false,"footnotes":""},"class_list":["post-97","page","type-page","status-publish","hentry"],"acf":[],"_links":{"self":[{"href":"https:\/\/www.paddo.shop\/lv\/wp-json\/wp\/v2\/pages\/97","targetHints":{"allow":["GET"]}}],"collection":[{"href":"https:\/\/www.paddo.shop\/lv\/wp-json\/wp\/v2\/pages"}],"about":[{"href":"https:\/\/www.paddo.shop\/lv\/wp-json\/wp\/v2\/types\/page"}],"author":[{"embeddable":true,"href":"https:\/\/www.paddo.shop\/lv\/wp-json\/wp\/v2\/users\/2"}],"replies":[{"embeddable":true,"href":"https:\/\/www.paddo.shop\/lv\/wp-json\/wp\/v2\/comments?post=97"}],"version-history":[{"count":0,"href":"https:\/\/www.paddo.shop\/lv\/wp-json\/wp\/v2\/pages\/97\/revisions"}],"wp:attachment":[{"href":"https:\/\/www.paddo.shop\/lv\/wp-json\/wp\/v2\/media?parent=97"}],"curies":[{"name":"wp","href":"https:\/\/api.w.org\/{rel}","templated":true}]}}