{"id":5894,"date":"2022-08-01T15:54:25","date_gmt":"2022-08-01T13:54:25","guid":{"rendered":"https:\/\/www.paddo.shop\/?page_id=5894"},"modified":"2024-08-20T11:59:20","modified_gmt":"2024-08-20T09:59:20","slug":"partners","status":"publish","type":"page","link":"https:\/\/www.paddo.shop\/lv\/partners\/","title":{"rendered":"Partneri"},"content":{"rendered":"<div data-elementor-type=\"wp-page\" data-elementor-id=\"5894\" class=\"elementor elementor-5894\" data-elementor-post-type=\"page\">\n\t\t\t\t\t\t<section class=\"elementor-section elementor-top-section elementor-element elementor-element-5abf2a6 elementor-section-boxed elementor-section-height-default elementor-section-height-default\" data-id=\"5abf2a6\" data-element_type=\"section\" data-e-type=\"section\">\n\t\t\t\t\t\t<div class=\"elementor-container elementor-column-gap-default\">\n\t\t\t\t\t<div class=\"elementor-column elementor-col-100 elementor-top-column elementor-element elementor-element-e4d511e\" data-id=\"e4d511e\" data-element_type=\"column\" data-e-type=\"column\">\n\t\t\t<div class=\"elementor-widget-wrap elementor-element-populated\">\n\t\t\t\t\t\t<div class=\"elementor-element elementor-element-392eff0 elementor-widget elementor-widget-text-editor\" data-id=\"392eff0\" data-element_type=\"widget\" data-e-type=\"widget\" data-widget_type=\"text-editor.default\">\n\t\t\t\t<div class=\"elementor-widget-container\">\n\t\t\t\t\t\t\t\t\t<h2>M\u0113s dal\u0101mies ar sav\u0101m zin\u0101\u0161an\u0101m<\/h2><p>Diem\u017e\u0113l joproj\u0101m past\u0101v milz\u012bgs tabu par ma\u0123iskaj\u0101m trifel\u0113m un psihed\u0113lisk\u0101m viel\u0101m kopum\u0101. M\u016bsupr\u0101t, tas ir \u013coti nepamatoti. Galu gal\u0101, pareizi lietojot, psihed\u0113li\u0137i var \u013coti daudz ko dot cilv\u0113ka dz\u012bv\u0113. Diem\u017e\u0113l m\u016bs joproj\u0101m p\u0101r\u0101k daudz turpina stumt st\u016br\u012b. Ir pien\u0101cis laiks to main\u012bt, un m\u0113s esam priec\u012bgi sniegt savu ieguld\u012bjumu. M\u0113s to dar\u0101m, b\u016bdami p\u0113c iesp\u0113jas p\u0101rredzam\u0101ki un sniedzot labu inform\u0101ciju par m\u016bsu produktiem. Tas s\u0101kas \u0161eit. Mums pat\u012bk psihed\u0113liju atkal p\u0101rv\u0113rst par kaut ko skaistu, nevis kaut ko bied\u0113jo\u0161u vai sliktu.<\/p><h2>The Headshop &amp; Tatanka<\/h2><p>\u0160im nol\u016bkam m\u0113s esam apvienoju\u0161ies ar da\u017e\u0101m atz\u012bt\u0101m pus\u0113m viedo produktu jom\u0101. Piem\u0113ram, m\u0113s sadarbojamies ar <a href=\"https:\/\/www.headshop.nl\/\" target=\"_blank\" rel=\"noopener\">Galvas veikals<\/a> &amp; <a href=\"https:\/\/www.tatanka.nl\/\" target=\"_blank\" rel=\"noopener\">Tatanka<\/a>. \u0160ie veikali ir vieni no vec\u0101kajiem gudrajiem un galvas veikaliem N\u012bderland\u0113. T\u0101p\u0113c zin\u0101\u0161anu un pieredzes zi\u0146\u0101 nav lab\u0101ku partneru.<\/p><h2>Smartific<\/h2><p>M\u0113s sadarbojamies ar\u012b ar apbr\u012bnojamo starptautisko tie\u0161saistes veikalu Smartific. <a href=\"https:\/\/smartific.nl\/\" target=\"_blank\" rel=\"noopener\">Smartific.co.uk<\/a> un <a href=\"https:\/\/smartific.com\/\" target=\"_blank\" rel=\"noopener\">Smartfic.com<\/a> ir pla\u0161s tie\u0161saistes kl\u0101sts, ta\u010du t\u0101 ir paz\u012bstama ar\u012b ar savu viedt\u0101lruni. \u0160aj\u0101 smartwiki vi\u0146i dal\u0101s ar vis\u0101m zin\u0101\u0161an\u0101m, pieredzi un p\u0113t\u012bjumiem viedo produktu jom\u0101. Ar\u012b \u0161\u012bs zin\u0101\u0161anas m\u0113s labpr\u0101t izmantojam.<\/p><p>Ar \u0161o sadarb\u012bbu m\u0113s ceram veicin\u0101t tirgus p\u0101rredzam\u012bbu.<\/p><h2 data-pm-slice=\"1 1 []\">McSmart smartshops vairumtirgot\u0101js<\/h2><p>M\u0113s, Paddo.shop, lepojamies ar m\u016bsu sadarb\u012bbu ar <a href=\"https:\/\/www.mcsmart.com\/\" target=\"_blank\" rel=\"noopener\">McSmart<\/a>, kas ir vado\u0161ais smartshops vairumtirgot\u0101js. \u0160\u012b partner\u012bba \u013cauj mums pied\u0101v\u0101t saviem klientiem pla\u0161u augstas kvalit\u0101tes produktu kl\u0101stu, tostarp m\u016bsu p\u0101rdodamo Growkits. McSmart ir paz\u012bstams ar savu uzticam\u012bbu, inov\u0101cij\u0101m un izcilu produktu kvalit\u0101ti, kas lieliski atbilst m\u016bsu misijai nodro\u0161in\u0101t lab\u0101kos produktus tirg\u016b. Neatkar\u012bgi no t\u0101, vai esat jauns audz\u0113t\u0101js vai pieredz\u0113jis lietot\u0101js, McSmart produkti nodro\u0161in\u0101s jums vislab\u0101ko iesp\u0113jamo pieredzi. Apmekl\u0113jiet m\u016bsu veikalu un iepaz\u012bstieties ar McSmart produktu kl\u0101stu.<\/p>\t\t\t\t\t\t\t\t<\/div>\n\t\t\t\t<\/div>\n\t\t\t\t\t<\/div>\n\t\t<\/div>\n\t\t\t\t\t<\/div>\n\t\t<\/section>\n\t\t\t\t<\/div>","protected":false},"excerpt":{"rendered":"<p>M\u0113s dal\u0101mies ar sav\u0101m zin\u0101\u0161an\u0101m Diem\u017e\u0113l joproj\u0101m past\u0101v milz\u012bgs tabu par ma\u0123iskaj\u0101m trifel\u0113m un psihod\u0113lisk\u0101m viel\u0101m kopum\u0101. M\u016bsupr\u0101t, \u013coti nepamatoti. Kad psihed\u0113li\u0137i ir...<\/p>","protected":false},"author":2,"featured_media":0,"parent":0,"menu_order":0,"comment_status":"closed","ping_status":"closed","template":"","meta":{"_acf_changed":false,"footnotes":""},"class_list":["post-5894","page","type-page","status-publish","hentry"],"acf":[],"_links":{"self":[{"href":"https:\/\/www.paddo.shop\/lv\/wp-json\/wp\/v2\/pages\/5894","targetHints":{"allow":["GET"]}}],"collection":[{"href":"https:\/\/www.paddo.shop\/lv\/wp-json\/wp\/v2\/pages"}],"about":[{"href":"https:\/\/www.paddo.shop\/lv\/wp-json\/wp\/v2\/types\/page"}],"author":[{"embeddable":true,"href":"https:\/\/www.paddo.shop\/lv\/wp-json\/wp\/v2\/users\/2"}],"replies":[{"embeddable":true,"href":"https:\/\/www.paddo.shop\/lv\/wp-json\/wp\/v2\/comments?post=5894"}],"version-history":[{"count":0,"href":"https:\/\/www.paddo.shop\/lv\/wp-json\/wp\/v2\/pages\/5894\/revisions"}],"wp:attachment":[{"href":"https:\/\/www.paddo.shop\/lv\/wp-json\/wp\/v2\/media?parent=5894"}],"curies":[{"name":"wp","href":"https:\/\/api.w.org\/{rel}","templated":true}]}}