{"id":5661,"date":"2022-07-27T10:09:33","date_gmt":"2022-07-27T08:09:33","guid":{"rendered":"https:\/\/www.paddo.shop\/?page_id=5661"},"modified":"2024-10-15T09:02:58","modified_gmt":"2024-10-15T07:02:58","slug":"paddo-growkit-kweekverslag","status":"publish","type":"page","link":"https:\/\/www.paddo.shop\/lv\/paddo-growkit-kweekverslag\/","title":{"rendered":"S\u0113ne Growkit Kultiv\u0113\u0161anas zi\u0146ojums"},"content":{"rendered":"<div data-elementor-type=\"wp-page\" data-elementor-id=\"5661\" class=\"elementor elementor-5661\" data-elementor-post-type=\"page\">\n\t\t\t\t\t\t<section class=\"elementor-section elementor-top-section elementor-element elementor-element-6da08d04 elementor-section-boxed elementor-section-height-default elementor-section-height-default\" data-id=\"6da08d04\" data-element_type=\"section\" data-e-type=\"section\">\n\t\t\t\t\t\t<div class=\"elementor-container elementor-column-gap-default\">\n\t\t\t\t\t<div class=\"elementor-column elementor-col-100 elementor-top-column elementor-element elementor-element-76f56ffd\" data-id=\"76f56ffd\" data-element_type=\"column\" data-e-type=\"column\">\n\t\t\t<div class=\"elementor-widget-wrap elementor-element-populated\">\n\t\t\t\t\t\t<div class=\"elementor-element elementor-element-24e06a2 elementor-widget elementor-widget-text-editor\" data-id=\"24e06a2\" data-element_type=\"widget\" data-e-type=\"widget\" data-widget_type=\"text-editor.default\">\n\t\t\t\t<div class=\"elementor-widget-container\">\n\t\t\t\t\t\t\t\t\t<h2>Burvju s\u0113\u0146u audz\u0113\u0161anas komplekts<\/h2>\n<p>Cik daudz ir <a href=\"\/lv\/growkits\/\">s\u0113\u0146u audz\u0113\u0161anas komplekts<\/a> ko vi\u0146i paties\u012bb\u0101 dara? M\u0113s katru ned\u0113\u013cu sa\u0146emam \u0161o jaut\u0101jumu, t\u0101p\u0113c esam izveidoju\u0161i vair\u0101kus testa audz\u0113\u0161anas komplektus. \u0160\u0101d\u0101 veid\u0101 m\u0113s esam apr\u0113\u0137in\u0101ju\u0161i, ko j\u016bs varat sagaid\u012bt no sava s\u0113\u0146u audz\u0113\u0161anas komplekta. Paturiet pr\u0101t\u0101, ka ra\u017eu var ietekm\u0113t da\u017e\u0101di faktori. Ietekmi var atst\u0101t p\u0101r\u0101k zema temperat\u016bra vai temperat\u016bras mai\u0146a, bet var ietekm\u0113t ar\u012b izmantot\u0101 \u016bdens kvalit\u0101te, uzman\u012bba, ko piev\u0113r\u0161at s\u0113\u0146u audz\u0113\u0161anas komplektam, un t\u012bra vai net\u012bra darba vide. Apskatiet ar\u012b m\u016bsu <a href=\"https:\/\/www.paddo.shop\/lv\/growkit-instructies\/\">audz\u0113\u0161anas komplekta instrukcijas un padomi<\/a>, t\u0101d\u0113j\u0101di j\u016bs b\u016bsiet gatavs s\u0101kt audz\u0113t savu s\u0113\u0146u audz\u0113\u0161anas komplektu.<\/p>\n<h2>Zi\u0146ojums par s\u0113\u0146u audz\u0113\u0161anas komplektu<\/h2>\n<p>Zem\u0101k atrad\u012bsiet s\u012bk\u0101ku inform\u0101ciju par katru dienu, k\u0101 m\u0113s r\u012bkoj\u0101mies s\u0113\u0146u audz\u0113\u0161anas komplekta audz\u0113\u0161anas laik\u0101. Nevarat gaid\u012bt? Tad varat uzreiz apl\u016bkot kopsavilkumu zem\u0101k. M\u016bsu audz\u0113\u0161anas zi\u0146ojum\u0101 m\u0113s izmantoj\u0101m <a href=\"https:\/\/www.paddo.shop\/lv\/golden-teacher-paddo-growkit\/\">Golden Teacher s\u0113nes<\/a> izv\u0113l\u0113ts. \u0160\u012bs ir vienas no popul\u0101r\u0101kaj\u0101m burvju s\u0113\u0146u sug\u0101m m\u016bsdien\u0101s.<\/p>\t\t\t\t\t\t\t\t<\/div>\n\t\t\t\t<\/div>\n\t\t\t\t<div class=\"elementor-element elementor-element-33130382 elementor-widget elementor-widget-text-editor\" data-id=\"33130382\" data-element_type=\"widget\" data-e-type=\"widget\" data-widget_type=\"text-editor.default\">\n\t\t\t\t<div class=\"elementor-widget-container\">\n\t\t\t\t\t\t\t\t\t<p><\/p>\n<h2 class=\"wp-block-heading\"><strong style=\"font-size: calc(var(--h3-size-proportion) * 1rem); background-color: var(--et_container-bg-color, transparent);\">Zi\u0146ojuma kopsavilkums par s\u0113\u0146u audz\u0113\u0161anas komplektu<\/strong><\/h2>\n<p><\/p>\n<p><\/p>\t\t\t\t\t\t\t\t<\/div>\n\t\t\t\t<\/div>\n\t\t\t\t<section class=\"elementor-section elementor-inner-section elementor-element elementor-element-360ac11 elementor-hidden-mobile elementor-hidden-tablet elementor-section-boxed elementor-section-height-default elementor-section-height-default\" data-id=\"360ac11\" data-element_type=\"section\" data-e-type=\"section\">\n\t\t\t\t\t\t<div class=\"elementor-container elementor-column-gap-default\">\n\t\t\t\t\t<div class=\"elementor-column elementor-col-33 elementor-inner-column elementor-element elementor-element-052c331\" data-id=\"052c331\" data-element_type=\"column\" data-e-type=\"column\" data-settings=\"{&quot;background_background&quot;:&quot;classic&quot;}\">\n\t\t\t<div class=\"elementor-widget-wrap elementor-element-populated\">\n\t\t\t\t\t\t<div class=\"elementor-element elementor-element-568c429 elementor-widget elementor-widget-text-editor\" data-id=\"568c429\" data-element_type=\"widget\" data-e-type=\"widget\" data-widget_type=\"text-editor.default\">\n\t\t\t\t<div class=\"elementor-widget-container\">\n\t\t\t\t\t\t\t\t\t<h2><b>250 cm3 (mazs)<\/b><\/h2>\n<p><b>Dienu skaits<\/b><span style=\"font-weight: 400;\">:<br \/><\/span><span style=\"font-weight: 400;\">35 dienas<\/span><\/p>\n<p><b>Kop\u0113jie ie\u0146\u0113mumi<\/b><span style=\"font-weight: 400;\">:<br \/><\/span><span style=\"font-weight: 400;\">311 grami<\/span><\/p>\n<p><b>Skalo\u0161anas rei\u017eu skaits:<br \/><\/b>3 skalo\u0161anas<\/p>\t\t\t\t\t\t\t\t<\/div>\n\t\t\t\t<\/div>\n\t\t\t\t<div class=\"elementor-element elementor-element-eef2905 elementor-widget elementor-widget-text-editor\" data-id=\"eef2905\" data-element_type=\"widget\" data-e-type=\"widget\" data-widget_type=\"text-editor.default\">\n\t\t\t\t<div class=\"elementor-widget-container\">\n\t\t\t\t\t\t\t\t\t<p><b style=\"color: inherit; font-family: inherit; font-size: inherit; background-color: var(--et_container-bg-color, transparent);\">Pirm\u0101 skalo\u0161ana:<br \/><\/b><span style=\"font-weight: 400;\">Ilgums: 0 - 21 diena<br \/><\/span><span style=\"font-weight: 400;\">Ra\u017ea: 165 grami<\/span><\/p>\n<p><b>Otr\u0101 skalo\u0161ana:<br \/><\/b><span style=\"font-weight: 400;\">21. - 30. diena<br \/><\/span><span style=\"font-weight: 400;\">Ra\u017ea: 130 grami<\/span><\/p>\n<p><b>Tre\u0161\u0101 skalo\u0161ana:<br \/><\/b><span style=\"font-weight: 400;\">30. - 35. diena<br \/><\/span><span style=\"font-weight: 400;\">Ra\u017ea: 16 grami<\/span><\/p>\n<p><b>Ceturt\u0101 skalo\u0161ana:<br \/><\/b><span style=\"font-weight: 400;\">35. diena<br \/><\/span><span style=\"font-weight: 400;\">Ra\u017ea: nav<\/span><\/p>\t\t\t\t\t\t\t\t<\/div>\n\t\t\t\t<\/div>\n\t\t\t\t\t<\/div>\n\t\t<\/div>\n\t\t\t\t<div class=\"elementor-column elementor-col-33 elementor-inner-column elementor-element elementor-element-379e4e8\" data-id=\"379e4e8\" data-element_type=\"column\" data-e-type=\"column\" data-settings=\"{&quot;background_background&quot;:&quot;classic&quot;}\">\n\t\t\t<div class=\"elementor-widget-wrap elementor-element-populated\">\n\t\t\t\t\t\t<div class=\"elementor-element elementor-element-f31f0af elementor-widget elementor-widget-text-editor\" data-id=\"f31f0af\" data-element_type=\"widget\" data-e-type=\"widget\" data-widget_type=\"text-editor.default\">\n\t\t\t\t<div class=\"elementor-widget-container\">\n\t\t\t\t\t\t\t\t\t<h2><b>1200 cm3 (vid\u0113ja ietilp\u012bba)<\/b><\/h2>\n<p><b>Dienu skaits<\/b><span style=\"font-weight: 400;\">:<br \/><\/span><span style=\"font-weight: 400;\">35 dienas<\/span><\/p>\n<p><b>Kop\u0113jie ie\u0146\u0113mumi<\/b><span style=\"font-weight: 400;\">:<br \/><\/span><span style=\"font-weight: 400;\">865 grami<\/span><\/p>\n<p><b>Skalo\u0161anas rei\u017eu skaits:<br \/><\/b><span style=\"font-weight: 400;\">3 skalo\u0161anas<\/span><\/p>\t\t\t\t\t\t\t\t<\/div>\n\t\t\t\t<\/div>\n\t\t\t\t<div class=\"elementor-element elementor-element-c4a8c93 elementor-widget elementor-widget-text-editor\" data-id=\"c4a8c93\" data-element_type=\"widget\" data-e-type=\"widget\" data-widget_type=\"text-editor.default\">\n\t\t\t\t<div class=\"elementor-widget-container\">\n\t\t\t\t\t\t\t\t\t<p><span style=\"color: inherit; font-family: inherit; font-size: inherit; background-color: var(--et_container-bg-color, transparent);\"><b>Pirm\u0101 skalo\u0161ana:<br \/><\/b><\/span><span style=\"color: inherit; font-family: inherit; font-size: inherit;\">Ilgums: 0 - 21 diena<br \/><\/span><span style=\"color: inherit; font-family: inherit; font-size: inherit;\">Ra\u017ea: 433 grami<\/span><\/p>\n<p><b>Otr\u0101 skalo\u0161ana:<br \/><\/b><span style=\"font-weight: 400;\">21. - 30. diena<br \/><\/span><span style=\"font-weight: 400;\">Ra\u017ea: 390 grami<\/span><\/p>\n<p><b>Tre\u0161\u0101 skalo\u0161ana:<br \/><\/b><span style=\"font-weight: 400;\">30. - 35. diena<br \/><\/span><span style=\"font-weight: 400;\">Ra\u017ea: 42 grami<\/span><\/p>\n<p><b>Ceturt\u0101 skalo\u0161ana:<br \/><\/b><span style=\"font-weight: 400;\">35. diena<br \/><\/span><span style=\"color: inherit; font-family: inherit; font-size: inherit; background-color: var(--et_container-bg-color, transparent);\">Ra\u017ea: nav<\/span><\/p>\t\t\t\t\t\t\t\t<\/div>\n\t\t\t\t<\/div>\n\t\t\t\t\t<\/div>\n\t\t<\/div>\n\t\t\t\t<div class=\"elementor-column elementor-col-33 elementor-inner-column elementor-element elementor-element-7252acd\" data-id=\"7252acd\" data-element_type=\"column\" data-e-type=\"column\" data-settings=\"{&quot;background_background&quot;:&quot;classic&quot;}\">\n\t\t\t<div class=\"elementor-widget-wrap elementor-element-populated\">\n\t\t\t\t\t\t<div class=\"elementor-element elementor-element-be025e4 elementor-widget elementor-widget-text-editor\" data-id=\"be025e4\" data-element_type=\"widget\" data-e-type=\"widget\" data-widget_type=\"text-editor.default\">\n\t\t\t\t<div class=\"elementor-widget-container\">\n\t\t\t\t\t\t\t\t\t<h2><b>2100 cm3 (liels)<\/b><\/h2>\n<p><b>Dienu skaits<\/b><span style=\"font-weight: 400;\">:<br \/><\/span><span style=\"font-weight: 400;\">35 dienas<\/span><\/p>\n<p><b>Kop\u0113jie ie\u0146\u0113mumi<\/b><span style=\"font-weight: 400;\">:<br \/><\/span><span style=\"font-weight: 400;\">1633 grami<\/span><\/p>\n<p><b>Skalo\u0161anas rei\u017eu skaits:<br \/><\/b><span style=\"font-weight: 400;\">3 skalo\u0161anas<\/span><\/p>\t\t\t\t\t\t\t\t<\/div>\n\t\t\t\t<\/div>\n\t\t\t\t<div class=\"elementor-element elementor-element-0f5af87 elementor-widget elementor-widget-text-editor\" data-id=\"0f5af87\" data-element_type=\"widget\" data-e-type=\"widget\" data-widget_type=\"text-editor.default\">\n\t\t\t\t<div class=\"elementor-widget-container\">\n\t\t\t\t\t\t\t\t\t<p><span style=\"color: inherit; font-family: inherit; font-size: inherit; background-color: var(--et_container-bg-color, transparent);\"><b>Pirm\u0101 skalo\u0161ana:<br \/><\/b><\/span><span style=\"color: inherit; font-family: inherit; font-size: inherit; background-color: var(--et_container-bg-color, transparent);\">Ilgums: 0 - 21 diena<br \/><\/span><span style=\"color: inherit; font-family: inherit; font-size: inherit; background-color: var(--et_container-bg-color, transparent);\">Ra\u017ea: 809 grami<\/span><\/p>\n<p><b>Otr\u0101 skalo\u0161ana:<br \/><\/b><span style=\"font-weight: 400;\">21. - 30. diena<br \/><\/span><span style=\"font-weight: 400;\">Ra\u017ea: 743 grami<\/span><\/p>\n<p><b>Tre\u0161\u0101 skalo\u0161ana:<br \/><\/b><span style=\"font-weight: 400;\">30. - 35. diena<br \/><\/span><span style=\"font-weight: 400;\">Ra\u017ea: 81 grams<\/span><\/p>\n<p><b>Ceturt\u0101 skalo\u0161ana:<br \/><\/b><span style=\"font-weight: 400;\">35. diena<br \/><\/span><span style=\"font-weight: 400;\">Ra\u017ea: nav<\/span><\/p>\t\t\t\t\t\t\t\t<\/div>\n\t\t\t\t<\/div>\n\t\t\t\t\t<\/div>\n\t\t<\/div>\n\t\t\t\t\t<\/div>\n\t\t<\/section>\n\t\t\t\t<section class=\"elementor-section elementor-inner-section elementor-element elementor-element-d9fb96f elementor-hidden-desktop elementor-section-boxed elementor-section-height-default elementor-section-height-default\" data-id=\"d9fb96f\" data-element_type=\"section\" data-e-type=\"section\">\n\t\t\t\t\t\t<div class=\"elementor-container elementor-column-gap-default\">\n\t\t\t\t\t<div class=\"elementor-column elementor-col-100 elementor-inner-column elementor-element elementor-element-6c7ae39 elementor-hidden-desktop\" data-id=\"6c7ae39\" data-element_type=\"column\" data-e-type=\"column\" data-settings=\"{&quot;background_background&quot;:&quot;classic&quot;}\">\n\t\t\t<div class=\"elementor-widget-wrap elementor-element-populated\">\n\t\t\t\t\t\t<div class=\"elementor-element elementor-element-18f8916 elementor-widget elementor-widget-et-general-tabs\" data-id=\"18f8916\" data-element_type=\"widget\" data-e-type=\"widget\" data-widget_type=\"et-general-tabs.default\">\n\t\t\t\t<div class=\"elementor-widget-container\">\n\t\t\t\t\t        <div id=\"et-advance-tabs-18f8916\" class=\"et-advance-tabs et-tabs-horizontal  horizontal-style-3 responsive-vertical-layout\" data-tabid=\"18f8916\">\n            <div class=\"et-tabs-nav\">\n                <ul >\n\t\t\t\t\t                        <li class=\"inactive et-tab-nav\"\n                            >\n                            \t\t\t\t\t\t\t\t                        \t\t\t\t\t\t\t\t\t\t\t\t\t\t                                <span class=\"et-tab-title\">\n    \t\t\t\t\t\t\t\t250 cm3    \t\t\t\t\t\t\t<\/span>\n\t\t\t\t\t\t\t                        <\/li>\n\t\t\t\t\t                        <li class=\"active-default et-tab-nav\"\n                            >\n                            \t\t\t\t\t\t\t\t                        \t\t\t\t\t\t\t\t\t\t\t\t\t\t                                <span class=\"et-tab-title\">\n    \t\t\t\t\t\t\t\t1200 cm3    \t\t\t\t\t\t\t<\/span>\n\t\t\t\t\t\t\t                        <\/li>\n\t\t\t\t\t                        <li class=\"inactive et-tab-nav\"\n                            >\n                            \t\t\t\t\t\t\t\t                        \t\t\t\t\t\t\t\t\t\t\t\t\t\t                                <span class=\"et-tab-title\">\n    \t\t\t\t\t\t\t\t2100 c    \t\t\t\t\t\t\t<\/span>\n\t\t\t\t\t\t\t                        <\/li>\n\t\t\t\t\t                <\/ul>\n                            <\/div>\n            <div class=\"et-tabs-content\">\n\t\t\t\t                    <div class=\"clearfix inactive\">\n\t\t\t\t\t\t<h2><b>250 cm3 (mazs)<\/b><\/h2>\n<p><b>Dienu skaits<\/b><span style=\"font-weight: 400;\">:<br \/><\/span><span style=\"font-weight: 400;\">35 dienas<\/span><\/p>\n<p><b>Kop\u0113jie ie\u0146\u0113mumi<\/b><span style=\"font-weight: 400;\">:<br \/><\/span><span style=\"font-weight: 400;\">311 grami<\/span><\/p>\n<p><b>Skalo\u0161anas rei\u017eu skaits:<br \/><\/b>3 skalo\u0161anas<\/p>\n<hr \/>\n<p><b><br \/>Pirm\u0101 skalo\u0161ana:<br \/><\/b><span style=\"font-weight: 400;\">Ilgums: 0 - 21 diena<br \/><\/span><span style=\"font-weight: 400;\">Ra\u017ea: 165 grami<\/span><\/p>\n<p><b>Otr\u0101 skalo\u0161ana:<br \/><\/b><span style=\"font-weight: 400;\">21. - 30. diena<br \/><\/span><span style=\"font-weight: 400;\">Ra\u017ea: 130 grami<\/span><\/p>\n<p><b>Tre\u0161\u0101 skalo\u0161ana:<br \/><\/b><span style=\"font-weight: 400;\">30. - 35. diena<br \/><\/span><span style=\"font-weight: 400;\">Ra\u017ea: 16 grami<\/span><\/p>\n<p><b>Ceturt\u0101 skalo\u0161ana:<br \/><\/b><span style=\"font-weight: 400;\">35. diena<br \/><\/span><span style=\"font-weight: 400;\">Ra\u017ea: nav<\/span><\/p>                    <\/div>\n\t\t\t\t                    <div class=\"clearfix active-default\">\n\t\t\t\t\t\t<h2><b>1200 cm3 (vid\u0113ja ietilp\u012bba)<\/b><\/h2>\n<p><b>Dienu skaits<\/b><span style=\"font-weight: 400;\">:<br \/><\/span><span style=\"font-weight: 400;\">35 dienas<\/span><\/p>\n<p><b>Kop\u0113jie ie\u0146\u0113mumi<\/b><span style=\"font-weight: 400;\">:<br \/><\/span><span style=\"font-weight: 400;\">865 grami<\/span><\/p>\n<p><b>Skalo\u0161anas rei\u017eu skaits:<br \/><\/b><span style=\"font-weight: 400;\">3 skalo\u0161anas<\/span><\/p>\n<hr \/>\n<p><b><br \/>Pirm\u0101 skalo\u0161ana:<br \/><\/b><span style=\"font-weight: 400;\">Ilgums: 0 - 21 diena<br \/><\/span><span style=\"font-weight: 400;\">Ra\u017ea: 433 grami<\/span><\/p>\n<p><b>Otr\u0101 skalo\u0161ana:<br \/><\/b><span style=\"font-weight: 400;\">21. - 30. diena<br \/><\/span><span style=\"font-weight: 400;\">Ra\u017ea: 390 grami<\/span><\/p>\n<p><b>Tre\u0161\u0101 skalo\u0161ana:<br \/><\/b><span style=\"font-weight: 400;\">30. - 35. diena<br \/><\/span><span style=\"font-weight: 400;\">Ra\u017ea: 42 grami<\/span><\/p>\n<p><b>Ceturt\u0101 skalo\u0161ana:<br \/><\/b><span style=\"font-weight: 400;\">35. diena<br \/><\/span><span style=\"color: inherit; font-family: inherit; font-size: inherit; background-color: var(--et_container-bg-color, transparent);\">Ra\u017ea: nav<\/span><\/p>                    <\/div>\n\t\t\t\t                    <div class=\"clearfix inactive\">\n\t\t\t\t\t\t<h2><b>2100 cm3 (liels)<\/b><\/h2>\n<p><b>Dienu skaits<\/b><span style=\"font-weight: 400;\">:<br \/><\/span><span style=\"font-weight: 400;\">35 dienas<\/span><\/p>\n<p><b>Kop\u0113jie ie\u0146\u0113mumi<\/b><span style=\"font-weight: 400;\">:<br \/><\/span><span style=\"font-weight: 400;\">1633 grami<\/span><\/p>\n<p><b>Skalo\u0161anas rei\u017eu skaits:<br \/><\/b><span style=\"font-weight: 400;\">3 skalo\u0161anas<\/span><\/p>\n<hr \/>\n<p><b><br \/>Pirm\u0101 skalo\u0161ana:<br \/><\/b><span style=\"font-weight: 400;\">Ilgums: 0 - 21 diena<br \/><\/span><span style=\"font-weight: 400;\">Ra\u017ea: 809 grami<\/span><\/p>\n<p><b>Otr\u0101 skalo\u0161ana:<br \/><\/b><span style=\"font-weight: 400;\">21. - 30. diena<br \/><\/span><span style=\"font-weight: 400;\">Ra\u017ea: 743 grami<\/span><\/p>\n<p><b>Tre\u0161\u0101 skalo\u0161ana:<br \/><\/b><span style=\"font-weight: 400;\">30. - 35. diena<br \/><\/span><span style=\"font-weight: 400;\">Ra\u017ea: 81 grams<\/span><\/p>\n<p><b>Ceturt\u0101 skalo\u0161ana:<br \/><\/b><span style=\"font-weight: 400;\">35. diena<br \/><\/span><span style=\"font-weight: 400;\">Ra\u017ea: nav<\/span><\/p>                    <\/div>\n\t\t\t\t            <\/div>\n        <\/div>\n\t\t\t\t\t\t<\/div>\n\t\t\t\t<\/div>\n\t\t\t\t\t<\/div>\n\t\t<\/div>\n\t\t\t\t\t<\/div>\n\t\t<\/section>\n\t\t\t\t<div class=\"elementor-element elementor-element-a5c01b6 elementor-widget elementor-widget-text-editor\" data-id=\"a5c01b6\" data-element_type=\"widget\" data-e-type=\"widget\" data-widget_type=\"text-editor.default\">\n\t\t\t\t<div class=\"elementor-widget-container\">\n\t\t\t\t\t\t\t\t\t<h3><strong style=\"font-size: calc(var(--h3-size-proportion) * 1rem); background-color: var(--et_container-bg-color, transparent);\">0. - 21. diena:\u00a0<\/strong><strong>Pirmais s\u0113\u0146u audz\u0113\u0161anas komplekts flush<\/strong><\/h3>\n<p>Visi 250 cm3, 1200 cm3 un 2100 cm3 s\u0113\u0146u audz\u0113\u0161anas komplekti tika uzst\u0101d\u012bti telp\u0101 ar stabilu aptuveni 24 gr\u0101du temperat\u016bru. Neskatoties uz to, ka maisi\u0146\u0161 bija j\u0101saglab\u0101 aizv\u0113rts, m\u0113s katru dienu maisi\u0146u atv\u0113r\u0101m un viegli apsmidzin\u0101j\u0101m aug\u0161anas komplektus ar augu smidzin\u0101t\u0101ju. Lai izvair\u012btos no infekcij\u0101m, izmantoto \u016bdeni iepriek\u0161 v\u0101r\u012bj\u0101m. Ar\u012b s\u0113\u0146u aug\u0161anas laik\u0101 m\u0113s katru dienu atv\u0113r\u0101m maisu un apsmidzin\u0101j\u0101m aug\u0161anas komplektu. Pirm\u0101s maz\u0101s s\u0113nes par\u0101d\u012bj\u0101s apm\u0113ram p\u0113c 2 ned\u0113\u013c\u0101m. Kopum\u0101 pag\u0101ja 3 ned\u0113\u013cas (21 diena), l\u012bdz no audz\u0113\u0161anas komplekta var\u0113ja iev\u0101kt pirmo s\u0113\u0146u partiju. Turpm\u0101k varat apskat\u012bt ra\u017eas r\u0101d\u012bt\u0101jus.<\/p>\n<div>\n<div>\n<ul>\n<li>250 cm3 = 165 grami<\/li>\n<li>1200 cm3 = 433 grami<\/li>\n<li>2100 cm3 = 809 grami<\/li>\n<\/ul>\n<\/div>\n<\/div>\n<h3><strong style=\"font-size: calc(var(--h3-size-proportion) * 1rem); background-color: var(--et_container-bg-color, transparent);\">21. - 30. diena:\u00a0<\/strong><strong>Otrais s\u0113\u0146u audz\u0113\u0161anas komplekts flush<\/strong><\/h3>\n<p>Protams, m\u0113s uzreiz dev\u0101mies uz otro skalo\u0161anu. P\u0113c tam, kad visas s\u0113nes bija r\u016bp\u012bgi salas\u012btas, mums bija v\u0113l viens \"t\u012brs aug\u0161anas komplekts\". P\u0113c tam atk\u0101rtoj\u0101m 4.-7. darb\u012bbu. Protams, atkal str\u0101d\u0101j\u0101m ar v\u0101r\u012btu \u016bdeni un t\u012br\u0101 vid\u0113. Ar\u012b \u0161oreiz m\u0113s katru dienu viegli apsmidzin\u0101j\u0101m audz\u0113tavu. \u0160oreiz vajadz\u0113ja aptuveni 1 ned\u0113\u013cu (9 dienas), lai s\u0113nes izskalotu. Tom\u0113r ra\u017ea bija nedaudz maz\u0101ka. Zem\u0101k ir sniegti rezult\u0101ti.<\/p>\n<div>\n<div>\n<ul>\n<li>250 cm3 = 130 gramu<\/li>\n<li>1200 cm3 = 390 gramu<\/li>\n<li>2100 cm3 = 743 grami<\/li>\n<\/ul>\n<\/div>\n<\/div>\n<h3><strong style=\"font-size: calc(var(--h3-size-proportion) * 1rem); background-color: var(--et_container-bg-color, transparent);\">30. - 35. diena:\u00a0<\/strong><strong>Tre\u0161ais s\u0113\u0146u audz\u0113\u0161anas komplekts flush<\/strong><\/h3>\n<p>Vai ir v\u0113l kaut kas gaid\u0101ms? M\u0113s dom\u0101j\u0101m, ka j\u0101! V\u0113lreiz atk\u0101rtoj\u0101m 4.-7. darb\u012bbu. Lai gan esam biju\u0161i uzman\u012bgi, redzam, ka growkit c\u012bn\u0101s. Pirm\u0101s un otr\u0101s partijas nov\u0101k\u0161ana ir padar\u012bjusi augkop\u012bbas komplektu da\u017e\u0101s viet\u0101s tuk\u0161u. Neraugoties uz to, ka growkit ir noplucis, vajadz\u0113ja tikai 5 dienas, lai no t\u0101 sav\u0101ktu v\u0113l vienu nelielu svaigu s\u0113\u0146u partiju. Turpm\u0101k ir redzama ra\u017ea.<\/p>\n<ul>\n<li>250 cm3 = 16 grami<\/li>\n<li>1200 cm3 = 42 grami<\/li>\n<li>2100 cm3 = 81 grams<\/li>\n<\/ul>\n<h3><strong style=\"font-size: calc(var(--h3-size-proportion) * 1rem); background-color: var(--et_container-bg-color, transparent);\">35. diena:\u00a0<\/strong><strong>Ceturtais s\u0113\u0146u audz\u0113\u0161anas komplekts flush<\/strong><\/h3>\n<p>Diem\u017e\u0113l no s\u0113\u0146u audz\u0113\u0161anas komplektiem mums vairs neizdev\u0101s izaudz\u0113t ceturto s\u0113\u0146u puduru. Teor\u0113tiski tam vajadz\u0113tu b\u016bt iesp\u0113jamam lieliskos apst\u0101k\u013cos. Par lielu no\u017e\u0113lu m\u0113s izmet\u0101m neaugl\u012bgos audz\u0113\u0161anas komplektus. Tagad ir pien\u0101cis laiks noskaidrot, cik daudz s\u0113\u0146u audz\u0113\u0161anas komplekti mums ir devu\u0161i tagad. M\u0113s esam \u013coti apmierin\u0101ti ar rezult\u0101tiem. Ar ra\u017eas r\u0101d\u012bt\u0101jiem varat iepaz\u012bties zem\u0101k.<\/p>\n<ul>\n<li>250 cm3 = 311 gramu<\/li>\n<li>1200 cm3 = 865 grami<\/li>\n<li>2100 cm3 = 1633 grami<\/li>\n<\/ul>\t\t\t\t\t\t\t\t<\/div>\n\t\t\t\t<\/div>\n\t\t\t\t<div class=\"elementor-element elementor-element-c8212d8 elementor-widget elementor-widget-text-editor\" data-id=\"c8212d8\" data-element_type=\"widget\" data-e-type=\"widget\" data-widget_type=\"text-editor.default\">\n\t\t\t\t<div class=\"elementor-widget-container\">\n\t\t\t\t\t\t\t\t\t<h2>Secin\u0101jums<\/h2>\n<div>K\u0101 redzat, no viena audz\u0113\u0161anas komplekta var sagaid\u012bt \u013coti lielu daudzumu s\u0113\u0146u. Iepriek\u0161 min\u0113taj\u0101 test\u0101 m\u0113s izmantoj\u0101m Golden Teacher, tom\u0113r l\u012bdz\u012bgu ra\u017eu var sagaid\u012bt ar\u012b no citiem audz\u0113\u0161anas komplektiem. Sp\u0113c\u012bgais <a href=\"https:\/\/www.paddo.shop\/lv\/mazatapec-paddo-growkit\/\">Mazatapec<\/a> un <a href=\"https:\/\/www.paddo.shop\/lv\/mckennaii-paddo-growkit\/\">McKennaii<\/a> ir l\u012bdz\u012bgi, piem\u0113ram. Nosac\u012bjums ir r\u016bp\u012bgi iev\u0113rot m\u016bsu nor\u0101d\u012bjumus. Ja to nedar\u012bsiet, ra\u017ea var b\u016bt neapmierino\u0161a vai neizdoties.<\/div>\n<div>\u00a0<\/div>\n<div>Veiksmi ar aug\u0161anu, un m\u0113s ar nepaciet\u012bbu gaid\u0101m j\u016bsu ra\u017eu!<\/div>\t\t\t\t\t\t\t\t<\/div>\n\t\t\t\t<\/div>\n\t\t\t\t\t<\/div>\n\t\t<\/div>\n\t\t\t\t\t<\/div>\n\t\t<\/section>\n\t\t\t\t<\/div>","protected":false},"excerpt":{"rendered":"<p>S\u0113\u0146u audz\u0113\u0161anas komplekts Cik daudz paties\u012bb\u0101 ienes s\u0113\u0146u audz\u0113\u0161anas komplekts? M\u0113s ik ned\u0113\u013cu sa\u0146emam \u0161o jaut\u0101jumu, t\u0101p\u0113c esam apkopoju\u0161i da\u017eus...<\/p>","protected":false},"author":2,"featured_media":0,"parent":0,"menu_order":0,"comment_status":"closed","ping_status":"closed","template":"","meta":{"_acf_changed":false,"footnotes":""},"class_list":["post-5661","page","type-page","status-publish","hentry"],"acf":[],"_links":{"self":[{"href":"https:\/\/www.paddo.shop\/lv\/wp-json\/wp\/v2\/pages\/5661","targetHints":{"allow":["GET"]}}],"collection":[{"href":"https:\/\/www.paddo.shop\/lv\/wp-json\/wp\/v2\/pages"}],"about":[{"href":"https:\/\/www.paddo.shop\/lv\/wp-json\/wp\/v2\/types\/page"}],"author":[{"embeddable":true,"href":"https:\/\/www.paddo.shop\/lv\/wp-json\/wp\/v2\/users\/2"}],"replies":[{"embeddable":true,"href":"https:\/\/www.paddo.shop\/lv\/wp-json\/wp\/v2\/comments?post=5661"}],"version-history":[{"count":0,"href":"https:\/\/www.paddo.shop\/lv\/wp-json\/wp\/v2\/pages\/5661\/revisions"}],"wp:attachment":[{"href":"https:\/\/www.paddo.shop\/lv\/wp-json\/wp\/v2\/media?parent=5661"}],"curies":[{"name":"wp","href":"https:\/\/api.w.org\/{rel}","templated":true}]}}