{"id":26,"date":"2022-02-28T15:02:52","date_gmt":"2022-02-28T15:02:52","guid":{"rendered":"https:\/\/www.magictruffels.shop\/?page_id=26"},"modified":"2024-09-25T13:09:58","modified_gmt":"2024-09-25T11:09:58","slug":"verzending","status":"publish","type":"page","link":"https:\/\/www.paddo.shop\/lv\/verzending\/","title":{"rendered":"Pieg\u0101de"},"content":{"rendered":"<div data-elementor-type=\"wp-page\" data-elementor-id=\"26\" class=\"elementor elementor-26\" data-elementor-post-type=\"page\">\n\t\t\t\t\t\t<section class=\"elementor-section elementor-top-section elementor-element elementor-element-757a2578 elementor-section-boxed elementor-section-height-default elementor-section-height-default\" data-id=\"757a2578\" data-element_type=\"section\" data-e-type=\"section\">\n\t\t\t\t\t\t<div class=\"elementor-container elementor-column-gap-default\">\n\t\t\t\t\t<div class=\"elementor-column elementor-col-100 elementor-top-column elementor-element elementor-element-6423ad67\" data-id=\"6423ad67\" data-element_type=\"column\" data-e-type=\"column\">\n\t\t\t<div class=\"elementor-widget-wrap elementor-element-populated\">\n\t\t\t\t\t\t<div class=\"elementor-element elementor-element-37d0e839 elementor-widget elementor-widget-text-editor\" data-id=\"37d0e839\" data-element_type=\"widget\" data-e-type=\"widget\" data-widget_type=\"text-editor.default\">\n\t\t\t\t<div class=\"elementor-widget-container\">\n\t\t\t\t\t\t\t\t\t<p><\/p>\n<h2><b>DISKR\u0112TA PIEG\u0100DE<\/b><\/h2>\n<p><a href=\"https:\/\/www.paddo.shop\/lv\/\">Paddo.shop<\/a> ciena j\u016bsu konfidencialit\u0101ti, t\u0101p\u0113c visi j\u016bsu pirkumi tiek iepakoti p\u0113c iesp\u0113jas maz\u0101k paman\u0101mi. Nek\u0101du logotipu un nor\u0101\u017eu par to, kas ir iek\u0161pus\u0113. Sagaidiet, ka j\u016bsu s\u016bt\u012bjums tiks nog\u0101d\u0101ts vienk\u0101r\u0161\u0101, iztur\u012bg\u0101 kartona kast\u0113, kas apl\u012bm\u0113ta ar vienk\u0101r\u0161u, bet iztur\u012bgu iepakojuma lenti. Ja j\u016bsu pas\u016bt\u012bjums ir \u013coti mazs, m\u0113s to nos\u016bt\u012bsim diskr\u0113t\u0101 br\u016bn\u0101 vai balt\u0101 polster\u0113t\u0101 aploksn\u0113.&nbsp;<\/p>\n<p>Vien\u012bgais, kas b\u016bs redzams uz j\u016bsu kastes\/aploksnes, ir j\u016bsu pieg\u0101des eti\u0137ete (atkar\u012bb\u0101 no izmantot\u0101 pakalpojuma).<\/p>\n<p>\u0160\u0101d\u0101 veid\u0101 varat b\u016bt p\u0101rliecin\u0101ts, ka tikai j\u016bs b\u016bsiet saj\u016bsm\u0101 par sa\u0146emto s\u016bt\u012bjumu, bet visi p\u0101r\u0113jie redz\u0113s garlaic\u012bgu s\u016bt\u012bjumu bez nor\u0101des, no kurienes tas n\u0101cis.<\/p>\n<h2>Vai j\u016bs s\u016bt\u0101t uz manu valsti?<\/h2>\n<p>M\u0113s pieg\u0101d\u0101jam uz liel\u0101ko da\u013cu ES valstu. T\u0101s var atrast zem\u0101k redzamaj\u0101 tabul\u0101. Atkar\u012bb\u0101 no re\u0123iona m\u0113s s\u016bt\u0101m visus ES s\u016bt\u012bjumus ar DHL, DPD vai PostNL. T\u0101d\u0113j\u0101di m\u0113s varam nodro\u0161in\u0101t vislab\u0101ko iesp\u0113jamo pakalpojumu. J\u016bs vienm\u0113r sa\u0146emsiet s\u016bt\u012bjuma izseko\u0161anas kodu, lai var\u0113tu sekot l\u012bdzi j\u016bsu s\u016bt\u012bjumam no durv\u012bm l\u012bdz durv\u012bm.<\/p>\n<h2>K\u0101das ir pieg\u0101des izmaksas?<\/h2>\n<table class=\"tblcal;\">\n<tbody>\n<tr style=\"background-color: #a9a9a9; color: white;\">\n<th class=\"tblcall\">Valsts<\/th>\n<th class=\"tblcalll\">Pieg\u0101des izmaksas<\/th>\n<th class=\"tblcallll\">Pieg\u0101des laiks<\/th>\n<th class=\"tblcalllll\" style=\"text-align: left;\">Bezmaksas no<\/th>\n<\/tr>\n<tr>\n<td>N\u012bderlande<\/td>\n<td>\u20ac6,95<\/td>\n<td>1 - 2 dienas<\/td>\n<td style=\"text-align: left;\">\u20ac25,-<\/td>\n<\/tr>\n<tr>\n<td>Be\u013c\u0123ija<\/td>\n<td>\u20ac7,95<\/td>\n<td>1 - 2 dienas<\/td>\n<td style=\"text-align: left;\">\u20ac50,-<\/td>\n<\/tr>\n<tr>\n<td>Bulg\u0101rija<\/td>\n<td>\u20ac22,95<\/td>\n<td>6 - 8 dienas<\/td>\n<td style=\"text-align: left;\">\u20ac125,-<\/td>\n<\/tr>\n<tr>\n<td>V\u0101cija<\/td>\n<td>\u20ac7,95<\/td>\n<td>1 - 3 dienas<\/td>\n<td style=\"text-align: left;\">\u20ac125,-<\/td>\n<\/tr>\n<tr>\n<td>Igaunija<\/td>\n<td>\u20ac17,95<\/td>\n<td>4 - 6 dienas<\/td>\n<td style=\"text-align: left;\">\u20ac125,-<\/td>\n<\/tr>\n<tr>\n<td>Francija<\/td>\n<td>\u20ac12,95<\/td>\n<td>2 - 3 dienas<\/td>\n<td style=\"text-align: left;\">\u20ac125,-<\/td>\n<\/tr>\n<tr>\n<td>Grie\u0137ija<\/td>\n<td>\u20ac23,95<\/td>\n<td>6 - 8 dienas<\/td>\n<td style=\"text-align: left;\">\u20ac125,-<\/td>\n<\/tr>\n<tr>\n<td>\u012arija<\/td>\n<td>\u20ac19,95<\/td>\n<td>3 - 4 dienas<\/td>\n<td style=\"text-align: left;\">\u20ac125,-<\/td>\n<\/tr>\n<tr>\n<td>It\u0101lija<\/td>\n<td>\u20ac17,95<\/td>\n<td>2 - 4 dienas<\/td>\n<td style=\"text-align: left;\">\u20ac125,-<\/td>\n<\/tr>\n<tr>\n<td>Horv\u0101tija<\/td>\n<td>\u20ac18,95<\/td>\n<td>3 - 5 dienas<\/td>\n<td style=\"text-align: left;\">\u20ac125,-<\/td>\n<\/tr>\n<tr>\n<td>Latvija<\/td>\n<td>\u20ac14,95<\/td>\n<td>3 - 5 dienas<\/td>\n<td style=\"text-align: left;\">\u20ac125,-<\/td>\n<\/tr>\n<tr>\n<td>Lietuva<\/td>\n<td>\u20ac21,95<\/td>\n<td>3 - 5 dienas<\/td>\n<td style=\"text-align: left;\">\u20ac125,-<\/td>\n<\/tr>\n<tr>\n<td>Luksemburga<\/td>\n<td>\u20ac11,95<\/td>\n<td>1 - 2 dienas<\/td>\n<td style=\"text-align: left;\">\u20ac125,-<\/td>\n<\/tr>\n<tr>\n<td>Austrija<\/td>\n<td>\u20ac11,95<\/td>\n<td>2 - 3 dienas<\/td>\n<td style=\"text-align: left;\">\u20ac125,-<\/td>\n<\/tr>\n<tr>\n<td>Polija<\/td>\n<td>\u20ac15,95<\/td>\n<td>2 - 3 dienas<\/td>\n<td style=\"text-align: left;\">\u20ac125,-<\/td>\n<\/tr>\n<tr>\n<td>Portug\u0101le<\/td>\n<td>\u20ac20,95<\/td>\n<td>3 - 4 dienas<\/td>\n<td style=\"text-align: left;\">\u20ac125,-<\/td>\n<\/tr>\n<tr>\n<td>Rum\u0101nija<\/td>\n<td>\u20ac18,95<\/td>\n<td>3 - 5 dienas<\/td>\n<td style=\"text-align: left;\">\u20ac125,-<\/td>\n<\/tr>\n<tr>\n<td>Slov\u0113nija<\/td>\n<td>\u20ac17,95<\/td>\n<td>2 - 3 dienas<\/td>\n<td style=\"text-align: left;\">\u20ac125,-<\/td>\n<\/tr>\n<tr>\n<td>Slov\u0101kija<\/td>\n<td>\u20ac16,95<\/td>\n<td>3 - 5 dienas<\/td>\n<td style=\"text-align: left;\">\u20ac125,-<\/td>\n<\/tr>\n<tr>\n<td>Sp\u0101nija<\/td>\n<td>\u20ac17,95<\/td>\n<td>2 - 3 dienas<\/td>\n<td style=\"text-align: left;\">\u20ac125,-<\/td>\n<\/tr>\n<tr>\n<td>\u010cehija<\/td>\n<td>\u20ac15,95<\/td>\n<td>2 - 4 dienas<\/td>\n<td style=\"text-align: left;\">\u20ac125,-<\/td>\n<\/tr>\n<\/tbody>\n<\/table>\n<p style=\"font-size: 14px;\">* Gr\u016bti sasniedzam\u0101s viet\u0101s, piem\u0113ram, sal\u0101s vai citos att\u0101los re\u0123ionos, papildu transporta izmaksu d\u0113\u013c j\u0101maks\u0101 par aptuveni 20 eiro vair\u0101k.<\/p>\n<p style=\"font-size: 14px;\">L\u016bdzu, \u0146emiet v\u0113r\u0101: m\u0113s cen\u0161amies nos\u016bt\u012bt visus pas\u016bt\u012bjumus 1 darba dienas laik\u0101, visi pieg\u0101des laiki ir apl\u0113stais pieg\u0101des laiks un var at\u0161\u0137irties satiksmes un br\u012bvdienu d\u0113\u013c.<\/p>\t\t\t\t\t\t\t\t<\/div>\n\t\t\t\t<\/div>\n\t\t\t\t\t<\/div>\n\t\t<\/div>\n\t\t\t\t\t<\/div>\n\t\t<\/section>\n\t\t\t\t<\/div>","protected":false},"excerpt":{"rendered":"<p>DISKR\u0112TA PIEG\u0100DE Paddo.shop augstu v\u0113rt\u0113 j\u016bsu priv\u0101tumu, t\u0101p\u0113c visi j\u016bsu pirkumi tiek iepakoti p\u0113c iesp\u0113jas nevainojam\u0101k. Nek\u0101du logotipu un nor\u0101\u017eu par to, kas ir...<\/p>","protected":false},"author":1,"featured_media":0,"parent":0,"menu_order":0,"comment_status":"closed","ping_status":"closed","template":"","meta":{"_acf_changed":false,"footnotes":""},"class_list":["post-26","page","type-page","status-publish","hentry"],"acf":[],"_links":{"self":[{"href":"https:\/\/www.paddo.shop\/lv\/wp-json\/wp\/v2\/pages\/26","targetHints":{"allow":["GET"]}}],"collection":[{"href":"https:\/\/www.paddo.shop\/lv\/wp-json\/wp\/v2\/pages"}],"about":[{"href":"https:\/\/www.paddo.shop\/lv\/wp-json\/wp\/v2\/types\/page"}],"author":[{"embeddable":true,"href":"https:\/\/www.paddo.shop\/lv\/wp-json\/wp\/v2\/users\/1"}],"replies":[{"embeddable":true,"href":"https:\/\/www.paddo.shop\/lv\/wp-json\/wp\/v2\/comments?post=26"}],"version-history":[{"count":0,"href":"https:\/\/www.paddo.shop\/lv\/wp-json\/wp\/v2\/pages\/26\/revisions"}],"wp:attachment":[{"href":"https:\/\/www.paddo.shop\/lv\/wp-json\/wp\/v2\/media?parent=26"}],"curies":[{"name":"wp","href":"https:\/\/api.w.org\/{rel}","templated":true}]}}