{"id":1616,"date":"2022-03-04T13:34:34","date_gmt":"2022-03-04T13:34:34","guid":{"rendered":"https:\/\/www.magictruffels.shop\/?page_id=1616"},"modified":"2022-03-14T09:28:21","modified_gmt":"2022-03-14T09:28:21","slug":"retourneren","status":"publish","type":"page","link":"https:\/\/www.paddo.shop\/lv\/retourneren\/","title":{"rendered":"Atgriezties"},"content":{"rendered":"<div data-elementor-type=\"wp-page\" data-elementor-id=\"1616\" class=\"elementor elementor-1616\" data-elementor-post-type=\"page\">\n\t\t\t\t\t\t<section class=\"elementor-section elementor-top-section elementor-element elementor-element-e585a9c elementor-section-boxed elementor-section-height-default elementor-section-height-default\" data-id=\"e585a9c\" data-element_type=\"section\" data-e-type=\"section\">\n\t\t\t\t\t\t<div class=\"elementor-container elementor-column-gap-default\">\n\t\t\t\t\t<div class=\"elementor-column elementor-col-100 elementor-top-column elementor-element elementor-element-c9480d9\" data-id=\"c9480d9\" data-element_type=\"column\" data-e-type=\"column\">\n\t\t\t<div class=\"elementor-widget-wrap elementor-element-populated\">\n\t\t\t\t\t\t<div class=\"elementor-element elementor-element-4b3dab5 elementor-widget elementor-widget-text-editor\" data-id=\"4b3dab5\" data-element_type=\"widget\" data-e-type=\"widget\" data-widget_type=\"text-editor.default\">\n\t\t\t\t<div class=\"elementor-widget-container\">\n\t\t\t\t\t\t\t\t\t<h2><strong>M\u016aSU ATGRIE\u0160ANAS NOTEIKUMI:<\/strong><\/h2><p>vietn\u0113 <a href=\"\/lv\/\">magictruffles.shop<\/a> jums ir likum\u012bgas ties\u012bbas 14 dienu laik\u0101 p\u0113c preces sa\u0146em\u0161anas pazi\u0146ot par t\u0101s atgrie\u0161anu, nenor\u0101dot iemeslu. P\u0113c \u0161\u012b pazi\u0146ojuma jums ir v\u0113l 14 dienas, lai faktiski atgrieztu produktu. Ja izmantosiet savas ties\u012bbas atgriezt preci, 14 dienu laik\u0101 p\u0113c atgrie\u0161anas pazi\u0146ojuma sa\u0146em\u0161anas sav\u0101 kont\u0101 sa\u0146emsiet visu pas\u016bt\u012bjuma summu, ieskaitot pieg\u0101des izmaksas.<\/p><p><strong>Jebkuras atgrie\u0161an\u0101s izmaksas sedz j\u016bs pats.<\/strong><\/p><p>J\u016bs esat piln\u012bb\u0101 atbild\u012bgs par jebk\u0101du produkta(-u) nolietojumu, kas radies, r\u012bkojoties ar prec\u0113m vai lietojot t\u0101s vair\u0101k, nek\u0101 nepiecie\u0161ams, lai noteiktu to raksturu, \u012bpa\u0161\u012bbas un darb\u012bbu.<\/p><p>Uz da\u017eiem produktiem (piem\u0113ram, bongiem, p\u012bp\u0113m, tvaikas apar\u0101tiem un l\u012bdz\u012bgiem produktiem) atteikuma ties\u012bbas neattiecas, ja tie p\u0113c pieg\u0101des nav aizz\u012bmogoti un\/vai izmantoti. P\u0113c plombas norau\u0161anas \u0161ie izstr\u0101d\u0101jumi vairs nav piem\u0113roti atgrie\u0161anai vesel\u012bbas un higi\u0113nas apsv\u0113rumu d\u0113\u013c. Ar\u012b \u0101tri boj\u0101jo\u0161\u0101s preces (piem\u0113ram, trifeles, sporas un audz\u0113\u0161anas komplekti) nav atgrie\u017eamas. Tom\u0113r, ja neesat apmierin\u0101ts ar \u0101tri boj\u0101jo\u0161os produktu, l\u016bdzu, sazinieties ar m\u016bsu klientu apkalpo\u0161anas komandu. M\u0113s labpr\u0101t sadarbosimies ar jums, lai rastu risin\u0101jumu.<\/p><p>Lai uzs\u0101ktu atgrie\u0161anu, l\u016bdzu, sazinieties ar mums pa e-pastu info@magictruffels.shop. Ja j\u016bsu atgrie\u0161ana tiks pie\u0146emta, m\u0113s jums nos\u016bt\u012bsim atgrie\u0161anas eti\u0137eti, k\u0101 ar\u012b nor\u0101d\u012bjumus, k\u0101 un kur nos\u016bt\u012bt s\u016bt\u012bjumu. Preces, kas mums nos\u016bt\u012btas atpaka\u013c bez iepriek\u0161\u0113ja atgrie\u0161anas piepras\u012bjuma, netiks pie\u0146emtas.<\/p><p>J\u016bs vienm\u0113r varat sazin\u0101ties ar mums par atgrie\u0161anas pas\u016bt\u012bjumiem, rakstot uz info@magictruffels.shop.<\/p><h2><b>BOJ\u0100JUMI UN PROBL\u0112MAS<\/b><\/h2><p>L\u016bdzu, p\u0101rbaudiet savu pas\u016bt\u012bjumu p\u0113c sa\u0146em\u0161anas un nekav\u0113joties sazinieties ar mums, ja prece ir boj\u0101ta, boj\u0101ta vai ja esat sa\u0146\u0113mis nepareizu preci, lai m\u0113s var\u0113tu nov\u0113rt\u0113t un atrisin\u0101t probl\u0113mu.<\/p><h2><b>IZ\u0145\u0112MUMI \/ NEATGRIE\u017dAMAS PRECES<\/b><\/h2><p>Atsevi\u0161\u0137us pre\u010du veidus, tostarp \u0101tri boj\u0101jo\u0161\u0101s preces (piem\u0113ram, p\u0101rtiku, ziedus vai augus), piel\u0101gotus produktus (piem\u0113ram, \u012bpa\u0161us pas\u016bt\u012bjumus vai personaliz\u0113tus produktus) un person\u012bg\u0101s apr\u016bpes preces (piem\u0113ram, skaistumkop\u0161anas produktus), atgriezt nevar. M\u0113s nepie\u0146emam atpaka\u013c ar\u012b b\u012bstamus materi\u0101lus, uzliesmojo\u0161us \u0161\u0137idrumus vai g\u0101zes. L\u016bdzu, sazinieties ar mums, ja jums ir k\u0101di jaut\u0101jumi vai ba\u017eas par konkr\u0113tu preci.<\/p><h2>UPDATE<\/h2><p>\u0100tr\u0101kais veids, k\u0101 p\u0101rliecin\u0101ties, ka sa\u0146emat v\u0113lamo preci, ir atgriezt to, kas jums ir, un p\u0113c atgrie\u0161anas apstiprin\u0101\u0161anas veikt atsevi\u0161\u0137u pirkumu jaunajai precei.<\/p><h2><b>ATMAKS\u0100JUMI<\/b><\/h2><p>M\u0113s jums pazi\u0146osim, tikl\u012bdz b\u016bsim sa\u0146\u0113mu\u0161i un p\u0101rbaud\u012bju\u0161i j\u016bsu atgriezt\u0101s preces, un inform\u0113sim j\u016bs par to, vai atmaksa ir vai nav apstiprin\u0101ta. Ja atmaksa tiks apstiprin\u0101ta, jums autom\u0101tiski tiks atmaks\u0101ta nauda uz j\u016bsu s\u0101kotn\u0113jo maks\u0101juma veidu. Atcerieties, ka var paiet zin\u0101ms laiks, kam\u0113r j\u016bsu banka vai kred\u012btkartes uz\u0146\u0113mums apstr\u0101d\u0101 un iegr\u0101mato atmaksu.<\/p><h2><b>DATU ATGRIE\u0160ANA<\/b><\/h2><p>Magictruffles.shop<br \/>PePePe BV<br \/>Sulky 6 J<br \/>Zeewolde<br \/>3897AJ<\/p><p>TIRDZNIEC\u012aBAS KAMERA: 34236211<br \/>PVN: NL815030411B01<\/p><p>T\u0101lru\u0146a numurs: 085-0160877<\/p>\t\t\t\t\t\t\t\t<\/div>\n\t\t\t\t<\/div>\n\t\t\t\t\t<\/div>\n\t\t<\/div>\n\t\t\t\t\t<\/div>\n\t\t<\/section>\n\t\t\t\t<\/div>","protected":false},"excerpt":{"rendered":"<p>M\u016aSU ATGRIE\u0160ANAS POLITIKA: At magictruffels.shop, Jums ir likum\u012bgas ties\u012bbas re\u0123istr\u0113t preci atgrie\u0161anai 14 dienu laik\u0101 p\u0113c sa\u0146em\u0161anas, nenor\u0101dot nek\u0101du...<\/p>","protected":false},"author":2,"featured_media":0,"parent":0,"menu_order":0,"comment_status":"closed","ping_status":"closed","template":"","meta":{"_acf_changed":false,"footnotes":""},"class_list":["post-1616","page","type-page","status-publish","hentry"],"acf":[],"_links":{"self":[{"href":"https:\/\/www.paddo.shop\/lv\/wp-json\/wp\/v2\/pages\/1616","targetHints":{"allow":["GET"]}}],"collection":[{"href":"https:\/\/www.paddo.shop\/lv\/wp-json\/wp\/v2\/pages"}],"about":[{"href":"https:\/\/www.paddo.shop\/lv\/wp-json\/wp\/v2\/types\/page"}],"author":[{"embeddable":true,"href":"https:\/\/www.paddo.shop\/lv\/wp-json\/wp\/v2\/users\/2"}],"replies":[{"embeddable":true,"href":"https:\/\/www.paddo.shop\/lv\/wp-json\/wp\/v2\/comments?post=1616"}],"version-history":[{"count":0,"href":"https:\/\/www.paddo.shop\/lv\/wp-json\/wp\/v2\/pages\/1616\/revisions"}],"wp:attachment":[{"href":"https:\/\/www.paddo.shop\/lv\/wp-json\/wp\/v2\/media?parent=1616"}],"curies":[{"name":"wp","href":"https:\/\/api.w.org\/{rel}","templated":true}]}}