{"id":5256,"date":"2022-07-20T09:19:51","date_gmt":"2022-07-20T09:19:51","guid":{"rendered":"https:\/\/www.paddo.shop\/?post_type=product&#038;p=5256"},"modified":"2026-02-15T17:18:19","modified_gmt":"2026-02-15T15:18:19","slug":"mckennaii-paddo-growkit","status":"publish","type":"product","link":"https:\/\/www.paddo.shop\/it\/mckennaii-paddo-growkit\/","title":{"rendered":"McKennaii Paddo Growkit"},"content":{"rendered":"<h2><strong>Acquista McKennaii Paddo Growkit<\/strong><\/h2>\n<p><span style=\"font-weight: 400;\">Se volete acquistare kit di coltivazione, siete nel posto giusto. Nel nostro negozio troverete solo kit di coltivazione affidabili ed efficaci. Sono prodotti dall'azienda olandese McSmart. Questa azienda \u00e8 conosciuta a livello internazionale come una delle pi\u00f9 rinomate nel campo dei tartufi magici e dei kit di coltivazione di funghi magici. Se si seguono le istruzioni fornite, si pu\u00f2 sempre contare su almeno un buon raccolto di funghi psichedelici, ma in molti casi si pu\u00f2 anche impostare il kit di coltivazione pi\u00f9 volte!<\/span><\/p>\n<p><span style=\"font-weight: 400;\">Se ordinate oggi un Paddo McKennaii Growkit, lo riceverete a casa vostra in modo completamente discreto entro pochi giorni.<\/span><\/p>\n<h3><strong>Cosa c'\u00e8 in un Paddo McKennaii Growkit<\/strong><\/h3>\n<p><span style=\"font-weight: 400;\">contiene tutto il necessario per coltivare da soli i funghi magici Mexican. La confezione contiene: 1 contenitore di coltivazione pronto all'uso con micelio attivo, un sacchetto di coltivazione con filtri, 2 clip per chiudere il sacchetto e un volantino con le istruzioni. Tutto ci\u00f2 che occorre aggiungere \u00e8 acqua e un po' di amore.<\/span><\/p>\n<h3><strong>Quanto sono forti <\/strong><strong>McKennaii<\/strong><strong> funghi magici?<\/strong><\/h3>\n<p><span style=\"font-weight: 400;\">Di seguito troverete i tartufi magici della nostra gamma ordinati per forza psichedelica. Si va dal pi\u00f9 forte al pi\u00f9 leggero. In questo modo potrete vedere esattamente come i funghi magici Mexican si confrontano con gli altri.<\/span><\/p>\n<p><a href=\"https:\/\/www.paddo.shop\/it\/mckennaii-paddo-growkit\/\"><span style=\"font-weight: 400;\">McKennaii<\/span><span style=\"font-weight: 400;\"><br \/>\n<\/span><\/a><a href=\"https:\/\/www.paddo.shop\/it\/hawaiian-copelandia-paddo-growkit\/\"><span style=\"font-weight: 400;\">Hawaiian Copelandia<\/span><span style=\"font-weight: 400;\"><br \/>\n<\/span><\/a><a href=\"https:\/\/www.paddo.shop\/it\/golden-teacher-paddo-growkit\/\"><span style=\"font-weight: 400;\">Golden Teacher<\/span><span style=\"font-weight: 400;\"><br \/>\n<\/span><\/a><a href=\"https:\/\/www.paddo.shop\/it\/mazatapec-paddo-growkit\/\"><span style=\"font-weight: 400;\">Mazatapec<\/span><span style=\"font-weight: 400;\"><br \/>\n<\/span><\/a><a href=\"https:\/\/www.paddo.shop\/it\/colombian-paddo-growkit\/\"><span style=\"font-weight: 400;\">Colombian Paddo<\/span><span style=\"font-weight: 400;\"><br \/>\n<\/span><\/a><a href=\"https:\/\/www.paddo.shop\/it\/cambodian-paddo-growkit\/\"><span style=\"font-weight: 400;\">Cambodian Paddo<\/span><span style=\"font-weight: 400;\"><br \/>\n<\/span><\/a><a href=\"https:\/\/www.paddo.shop\/it\/ecuadorian-paddo-growkit\/\"><span style=\"font-weight: 400;\">Ecuadorian Paddo<\/span><span style=\"font-weight: 400;\"><br \/>\n<\/span><\/a><a href=\"https:\/\/www.paddo.shop\/it\/mexican-paddo-growkit\/\"><span style=\"font-weight: 400;\">Mexican Paddo<\/span><span style=\"font-weight: 400;\"><br \/>\n<\/span><\/a><a href=\"https:\/\/www.paddo.shop\/it\/b-plus-paddo-growkit\/\"><span style=\"font-weight: 400;\">B+ Paddo<\/span><span style=\"font-weight: 400;\"><br \/>\n<\/span><\/a><a href=\"https:\/\/www.paddo.shop\/it\/thai-paddo-growkit\/\"><span style=\"font-weight: 400;\">Thai Paddo<\/span><\/a><\/p>\n<h2><strong>Coltivare i propri funghi McKennaii con un kit di coltivazione<\/strong><\/h2>\n<p><span style=\"font-weight: 400;\">Le Mexican sono tra i prodotti naturali psichedelici pi\u00f9 popolari oggi. Sono molto facili da coltivare con l'aiuto dei nostri kit di coltivazione. In pratica, tutto ci\u00f2 che serve \u00e8 un kit di coltivazione, un po' d'acqua e un po' di pazienza. Per essere sicuri che tutto vada bene, vi forniamo anche le istruzioni. Se vi attenete a queste istruzioni, potrete raccogliere i vostri primi funghi entro poche settimane.<\/span><\/p>\n<h3><strong>De beste paddo growkit tips van 2026<\/strong><\/h3>\n<p><span style=\"font-weight: 400;\">Coltivare i propri funghi magici \u00e8 molto facile utilizzando un kit di coltivazione. Tuttavia, \u00e8 importante seguire le istruzioni fornite. Poich\u00e9 abbiamo a che fare con un organismo vivente, ci sono una serie di cose che dovete assolutamente fare. <\/span><strong>non<\/strong><span style=\"font-weight: 400;\"> dovrebbe fare. Volete assicurarvi un buon raccolto di funghi coltivati in casa? Allora date un'occhiata qui <\/span><a href=\"https:\/\/www.paddo.shop\/it\/growkit-instructies\/\"><span style=\"font-weight: 400;\">de beste paddo growkit tips van 2026<\/span><\/a><span style=\"font-weight: 400;\">.<\/span><\/p>\n<p><strong>Importante:<\/strong><strong><br \/>\n<\/strong><span style=\"font-weight: 400;\">Coltivare funghi magici \u00e8 incredibilmente divertente e soddisfacente. Ma attenzione: i funghi (funghi magici) contengono naturalmente anche le sostanze psilocibina e psilocina. La psilocibina e la psilocina sono allucinogeni. Gli allucinogeni sono sostanze con effetti di alterazione della coscienza che, tra l'altro, possono indurre allucinazioni. Tenetelo a mente. E tenete sempre fuori dalla portata dei bambini sia il growkit che i funghi!<\/span><\/p>\n<h2>Le domande pi\u00f9 frequenti<\/h2>\n<p>Di seguito sono riportate le 5 domande pi\u00f9 frequenti relative all'McKennaii. Avete ancora domande dopo tutte le informazioni contenute in questa pagina? <a href=\"https:\/\/www.paddo.shop\/it\/contact\/\">Allora contattateci<\/a> e vi aiuteremo immediatamente.<\/p>\n\t\t<div data-elementor-type=\"section\" data-elementor-id=\"8215\" class=\"elementor elementor-8215\" data-elementor-post-type=\"elementor_library\">\n\t\t\t\t\t<section class=\"elementor-section elementor-top-section elementor-element elementor-element-a20d66a elementor-section-boxed elementor-section-height-default elementor-section-height-default\" data-id=\"a20d66a\" data-element_type=\"section\">\n\t\t\t\t\t\t<div class=\"elementor-container elementor-column-gap-default\">\n\t\t\t\t\t<div class=\"elementor-column elementor-col-100 elementor-top-column elementor-element elementor-element-5ae8cb5\" data-id=\"5ae8cb5\" data-element_type=\"column\">\n\t\t\t<div class=\"elementor-widget-wrap elementor-element-populated\">\n\t\t\t\t\t\t<div class=\"elementor-element elementor-element-5207599 elementor-widget__width-initial elementor-widget elementor-widget-accordion\" data-id=\"5207599\" data-element_type=\"widget\" data-widget_type=\"accordion.default\">\n\t\t\t\t<div class=\"elementor-widget-container\">\n\t\t\t\t\t\t\t<div class=\"elementor-accordion\">\n\t\t\t\t\t\t\t<div class=\"elementor-accordion-item\">\n\t\t\t\t\t<h3 id=\"elementor-tab-title-8601\" class=\"elementor-tab-title\" data-tab=\"1\" role=\"button\" aria-controls=\"elementor-tab-content-8601\" aria-expanded=\"false\">\n\t\t\t\t\t\t\t\t\t\t\t\t\t<span class=\"elementor-accordion-icon elementor-accordion-icon-right\" aria-hidden=\"true\">\n\t\t\t\t\t\t\t\t\t\t\t\t\t\t\t<span class=\"elementor-accordion-icon-closed\"><i class=\"fas fa-plus\"><\/i><\/span>\n\t\t\t\t\t\t\t\t<span class=\"elementor-accordion-icon-opened\"><i class=\"fas fa-minus\"><\/i><\/span>\n\t\t\t\t\t\t\t\t\t\t\t\t\t\t<\/span>\n\t\t\t\t\t\t\t\t\t\t\t\t<a class=\"elementor-accordion-title\" tabindex=\"0\">Qual \u00e8 la storia del nome McKennaii di questa variet\u00e0 di funghi?<\/a>\n\t\t\t\t\t<\/h3>\n\t\t\t\t\t<div id=\"elementor-tab-content-8601\" class=\"elementor-tab-content elementor-clearfix\" data-tab=\"1\" role=\"region\" aria-labelledby=\"elementor-tab-title-8601\"><p>Il nome McKennaii \u00e8 un omaggio a Terence McKenna, etnobotanico e psiconauta americano noto per le sue esplorazioni nel mondo psichedelico. Le sue scoperte e la sua difesa dell'uso responsabile degli psichedelici hanno avuto un grande impatto sulla comunit\u00e0 e la variet\u00e0 di funghi McKennaii rende omaggio ai suoi contributi. Il profondo interesse di McKenna per le esperienze psicologiche e spirituali offerte dagli psichedelici si riflette nella natura potente dei funghi McKennaii. Per ulteriori informazioni sulle esperienze psichedeliche, consultate il sito web <a href=\"https:\/\/www.paddo.shop\/it\/trip-stopper\/\" target=\"_new\">pagina di blocco del viaggio<\/a>.<\/p>\n<\/div>\n\t\t\t\t<\/div>\n\t\t\t\t\t\t\t<div class=\"elementor-accordion-item\">\n\t\t\t\t\t<h3 id=\"elementor-tab-title-8602\" class=\"elementor-tab-title\" data-tab=\"2\" role=\"button\" aria-controls=\"elementor-tab-content-8602\" aria-expanded=\"false\">\n\t\t\t\t\t\t\t\t\t\t\t\t\t<span class=\"elementor-accordion-icon elementor-accordion-icon-right\" aria-hidden=\"true\">\n\t\t\t\t\t\t\t\t\t\t\t\t\t\t\t<span class=\"elementor-accordion-icon-closed\"><i class=\"fas fa-plus\"><\/i><\/span>\n\t\t\t\t\t\t\t\t<span class=\"elementor-accordion-icon-opened\"><i class=\"fas fa-minus\"><\/i><\/span>\n\t\t\t\t\t\t\t\t\t\t\t\t\t\t<\/span>\n\t\t\t\t\t\t\t\t\t\t\t\t<a class=\"elementor-accordion-title\" tabindex=\"0\">Come influisce l'ambiente sulla crescita dei funghi McKennaii in questo kit di coltivazione?<\/a>\n\t\t\t\t\t<\/h3>\n\t\t\t\t\t<div id=\"elementor-tab-content-8602\" class=\"elementor-tab-content elementor-clearfix\" data-tab=\"2\" role=\"region\" aria-labelledby=\"elementor-tab-title-8602\"><p>L'ambiente gioca un ruolo fondamentale nella crescita dei funghi McKennaii. Fattori come la temperatura, l'umidit\u00e0 e la luce hanno una grande influenza sulla crescita. \u00c8 importante mantenere una temperatura costante tra i 18 e i 28\u00b0C e collocare il kit di coltivazione in un luogo non esposto alla luce solare diretta o alle correnti d'aria. Per le istruzioni su come creare le condizioni di crescita ideali, consultare il manuale <a href=\"https:\/\/www.paddo.shop\/it\/growkit-instructies\/\" target=\"_new\">pagina delle istruzioni del growkit<\/a>.<\/p>\n<\/div>\n\t\t\t\t<\/div>\n\t\t\t\t\t\t\t<div class=\"elementor-accordion-item\">\n\t\t\t\t\t<h3 id=\"elementor-tab-title-8603\" class=\"elementor-tab-title\" data-tab=\"3\" role=\"button\" aria-controls=\"elementor-tab-content-8603\" aria-expanded=\"false\">\n\t\t\t\t\t\t\t\t\t\t\t\t\t<span class=\"elementor-accordion-icon elementor-accordion-icon-right\" aria-hidden=\"true\">\n\t\t\t\t\t\t\t\t\t\t\t\t\t\t\t<span class=\"elementor-accordion-icon-closed\"><i class=\"fas fa-plus\"><\/i><\/span>\n\t\t\t\t\t\t\t\t<span class=\"elementor-accordion-icon-opened\"><i class=\"fas fa-minus\"><\/i><\/span>\n\t\t\t\t\t\t\t\t\t\t\t\t\t\t<\/span>\n\t\t\t\t\t\t\t\t\t\t\t\t<a class=\"elementor-accordion-title\" tabindex=\"0\">Che tipo di esperienza di trip posso aspettarmi dai funghi McKennaii?<\/a>\n\t\t\t\t\t<\/h3>\n\t\t\t\t\t<div id=\"elementor-tab-content-8603\" class=\"elementor-tab-content elementor-clearfix\" data-tab=\"3\" role=\"region\" aria-labelledby=\"elementor-tab-title-8603\"><p>I funghi magici McKennaii sono noti per i loro forti effetti allucinogeni. Possono offrire intense esperienze visive e profonde intuizioni introspettive. L'esperienza pu\u00f2 variare da persona a persona, ma molti utenti riferiscono una maggiore percezione dei colori, dei suoni e un senso generale di connessione con l'universo. Per informazioni sul dosaggio e su come gestire la propria esperienza, consultare il sito web <a href=\"https:\/\/www.paddo.shop\/it\/vind-dosering\/\" target=\"_new\">trovare la pagina del dosaggio<\/a>.<\/p>\n<\/div>\n\t\t\t\t<\/div>\n\t\t\t\t\t\t\t<div class=\"elementor-accordion-item\">\n\t\t\t\t\t<h3 id=\"elementor-tab-title-8604\" class=\"elementor-tab-title\" data-tab=\"4\" role=\"button\" aria-controls=\"elementor-tab-content-8604\" aria-expanded=\"false\">\n\t\t\t\t\t\t\t\t\t\t\t\t\t<span class=\"elementor-accordion-icon elementor-accordion-icon-right\" aria-hidden=\"true\">\n\t\t\t\t\t\t\t\t\t\t\t\t\t\t\t<span class=\"elementor-accordion-icon-closed\"><i class=\"fas fa-plus\"><\/i><\/span>\n\t\t\t\t\t\t\t\t<span class=\"elementor-accordion-icon-opened\"><i class=\"fas fa-minus\"><\/i><\/span>\n\t\t\t\t\t\t\t\t\t\t\t\t\t\t<\/span>\n\t\t\t\t\t\t\t\t\t\t\t\t<a class=\"elementor-accordion-title\" tabindex=\"0\">Qualche appassionato o raccomandazione per i funghi McKennaii?<\/a>\n\t\t\t\t\t<\/h3>\n\t\t\t\t\t<div id=\"elementor-tab-content-8604\" class=\"elementor-tab-content elementor-clearfix\" data-tab=\"4\" role=\"region\" aria-labelledby=\"elementor-tab-title-8604\"><p>Sebbene nessun individuo specifico abbia espresso pubblicamente la propria preferenza per i funghi McKennaii, molti psiconauti esperti apprezzano questa variet\u00e0 per la potenza e le profonde esperienze di trip che pu\u00f2 offrire. La comunit\u00e0 psichedelica apprezza le variet\u00e0 di funghi forti e penetranti come l'McKennaii. Per ulteriori informazioni sulle diverse specie di funghi e sui loro effetti, consultate il sito <a href=\"https:\/\/www.paddo.shop\/it\/growkits\/\" target=\"_new\">pagina dei kit di coltivazione<\/a>.<\/p>\n<\/div>\n\t\t\t\t<\/div>\n\t\t\t\t\t\t\t<div class=\"elementor-accordion-item\">\n\t\t\t\t\t<h3 id=\"elementor-tab-title-8605\" class=\"elementor-tab-title\" data-tab=\"5\" role=\"button\" aria-controls=\"elementor-tab-content-8605\" aria-expanded=\"false\">\n\t\t\t\t\t\t\t\t\t\t\t\t\t<span class=\"elementor-accordion-icon elementor-accordion-icon-right\" aria-hidden=\"true\">\n\t\t\t\t\t\t\t\t\t\t\t\t\t\t\t<span class=\"elementor-accordion-icon-closed\"><i class=\"fas fa-plus\"><\/i><\/span>\n\t\t\t\t\t\t\t\t<span class=\"elementor-accordion-icon-opened\"><i class=\"fas fa-minus\"><\/i><\/span>\n\t\t\t\t\t\t\t\t\t\t\t\t\t\t<\/span>\n\t\t\t\t\t\t\t\t\t\t\t\t<a class=\"elementor-accordion-title\" tabindex=\"0\">Posso coltivare i funghi McKennaii all'aperto con questo kit di coltivazione?<\/a>\n\t\t\t\t\t<\/h3>\n\t\t\t\t\t<div id=\"elementor-tab-content-8605\" class=\"elementor-tab-content elementor-clearfix\" data-tab=\"5\" role=\"region\" aria-labelledby=\"elementor-tab-title-8605\"><p>La coltivazione di funghi McKennaii all'aperto pu\u00f2 essere impegnativa a causa dei requisiti di controllo della temperatura e dell'umidit\u00e0. Questo kit di coltivazione \u00e8 destinato principalmente all'uso in ambienti chiusi, dove \u00e8 possibile controllare meglio le condizioni ambientali. \u00c8 sempre meglio seguire le istruzioni per massimizzare le possibilit\u00e0 di successo del raccolto. Per maggiori dettagli sulla spedizione e la ricezione del kit di coltivazione, consultate il sito web <a href=\"https:\/\/www.paddo.shop\/it\/verzending\/\" target=\"_new\">pagina di spedizione<\/a>.<\/p>\n<\/div>\n\t\t\t\t<\/div>\n\t\t\t\t\t\t\t\t\t\t<script type=\"application\/ld+json\">{\n    \"@context\": \"https:\\\/\\\/schema.org\",\n    \"@type\": \"FAQPage\",\n    \"mainEntity\": [\n        {\n            \"@type\": \"Question\",\n            \"name\": \"Wat is het verhaal achter de naam McKennaii voor deze paddosoort?\",\n            \"acceptedAnswer\": {\n                \"@type\": \"Answer\",\n                \"text\": \"<p>De naam McKennaii is een eerbetoon aan Terence McKenna, een Amerikaanse etnobotanicus en psychonaut die bekend staat om zijn exploraties in de psychedelische wereld. Zijn bevindingen en pleidooi voor het verantwoord gebruik van psychedelica hebben een grote impact gehad op de gemeenschap, en de McKennaii paddosoort eert zijn bijdragen. McKenna&#8217;s diepe interesse in de psychologische en spirituele ervaringen die psychedelica bieden, wordt weerspiegeld in de krachtige aard van de McKennaii paddo&#8217;s. Voor meer informatie over psychedelische ervaringen, bekijk de <a href=\\\"https:\\\/\\\/www.paddo.shop\\\/trip-stopper\\\/\\\" target=\\\"_new\\\">trip stopper pagina<\\\/a>.<\\\/p>\\n\"\n            }\n        },\n        {\n            \"@type\": \"Question\",\n            \"name\": \"Hoe be\\u00efnvloedt de omgeving de groei van McKennaii paddo\\u2019s in deze growkit?\",\n            \"acceptedAnswer\": {\n                \"@type\": \"Answer\",\n                \"text\": \"<p>De omgeving speelt een cruciale rol bij het kweken van McKennaii paddo&#8217;s. Factoren zoals temperatuur, luchtvochtigheid en licht hebben een grote invloed op de groei. Het is belangrijk om een constante temperatuur tussen 18-28\\u00b0C te handhaven en de growkit op een plaats te zetten waar het niet wordt blootgesteld aan direct zonlicht of luchtstromen. Voor instructies over het cre\\u00ebren van de ideale kweekomstandigheden, raadpleeg de <a href=\\\"https:\\\/\\\/www.paddo.shop\\\/growkit-instructies\\\/\\\" target=\\\"_new\\\">growkit instructies pagina<\\\/a>.<\\\/p>\\n\"\n            }\n        },\n        {\n            \"@type\": \"Question\",\n            \"name\": \"Wat voor soort tripervaring kan ik verwachten van McKennaii paddo\\u2019s?\",\n            \"acceptedAnswer\": {\n                \"@type\": \"Answer\",\n                \"text\": \"<p>McKennaii paddo&#8217;s staan bekend om hun sterke hallucinogene effecten. Ze kunnen intense visuele ervaringen en diepgaande introspectieve inzichten bieden. De ervaring kan vari\\u00ebren van persoon tot persoon, maar veel gebruikers melden een verhoogde perceptie van kleuren, geluiden en een algemeen gevoel van verbondenheid met het universum. Voor informatie over dosering en hoe je je ervaring kunt beheren, bekijk de <a href=\\\"https:\\\/\\\/www.paddo.shop\\\/vind-dosering\\\/\\\" target=\\\"_new\\\">vind dosering pagina<\\\/a>.<\\\/p>\\n\"\n            }\n        },\n        {\n            \"@type\": \"Question\",\n            \"name\": \"Zijn er bekende liefhebbers of aanbevelingen voor McKennaii paddo\\u2019s?\",\n            \"acceptedAnswer\": {\n                \"@type\": \"Answer\",\n                \"text\": \"<p>Hoewel er geen specifieke bekende individuen zijn die hun voorkeur voor McKennaii paddo&#8217;s publiekelijk hebben uitgedrukt, waarderen veel ervaren psychonauten deze soort vanwege de potentie en diepgaande tripervaringen die het kan bieden. De psychedelische gemeenschap heeft een waardering voor sterke en inzichtelijke paddosoorten zoals McKennaii. Voor aanvullende informatie over verschillende paddosoorten en hun effecten, bekijk de <a href=\\\"https:\\\/\\\/www.paddo.shop\\\/growkits\\\/\\\" target=\\\"_new\\\">growkits pagina<\\\/a>.<\\\/p>\\n\"\n            }\n        },\n        {\n            \"@type\": \"Question\",\n            \"name\": \"Kan ik McKennaii paddo\\u2019s buiten kweken met deze growkit?\",\n            \"acceptedAnswer\": {\n                \"@type\": \"Answer\",\n                \"text\": \"<p>Het kweken van McKennaii paddo\\u2019s buiten kan uitdagend zijn vanwege de vereisten voor temperatuur- en vochtigheidscontrole. Deze growkit is voornamelijk bedoeld voor binnengebruik waar je de omgevingscondities beter kunt beheersen. Het is altijd het beste om de instructies te volgen om de kans op een succesvolle oogst te maximaliseren. Voor meer details over de verzending en het ontvangen van je growkit, bekijk de <a href=\\\"https:\\\/\\\/www.paddo.shop\\\/verzending\\\/\\\" target=\\\"_new\\\">verzending pagina<\\\/a>.<\\\/p>\\n\"\n            }\n        }\n    ]\n}<\/script>\n\t\t\t\t\t<\/div>\n\t\t\t\t\t\t<\/div>\n\t\t\t\t<\/div>\n\t\t\t\t\t<\/div>\n\t\t<\/div>\n\t\t\t\t\t<\/div>\n\t\t<\/section>\n\t\t\t\t<\/div>","protected":false},"excerpt":{"rendered":"<p>Il fungo McKennai \u00e8 un vero classico della comunit\u00e0 dei funghi magici. Chiamata cos\u00ec in onore del \"padrino dei funghi\" Terrence McKenna, questa potente variet\u00e0 \u00e8 incredibilmente popolare. Ora \u00e8 possibile coltivarla facilmente con il nostro kit di coltivazione McKennaii pronto all'uso. Con pochi e semplici passaggi, come annaffiare, arieggiare e ripetere, avrete dei potenti funghi McKennaii in pochissimo tempo. Anche se questo kit di coltivazione \u00e8 facile da preparare e vi dar\u00e0 un raccolto abbondante, vi consigliamo di iniziare con piccole porzioni. Questo famoso fungo psichedelico \u00e8 considerato il pi\u00f9 forte Psilocybe Cubensis disponibile!<\/p>","protected":false},"featured_media":5885,"comment_status":"closed","ping_status":"closed","template":"","meta":{"_acf_changed":false},"etheme_brands":[{"term_id":50,"name":"McSmart","slug":"mcsmart","term_group":0,"term_taxonomy_id":50,"taxonomy":"brand","description":"","parent":0,"count":11,"filter":"raw"}],"product_brand":[],"product_cat":[15],"product_tag":[],"class_list":{"0":"post-5256","1":"product","2":"type-product","3":"status-publish","4":"has-post-thumbnail","6":"brand-mcsmart","7":"product_cat-growkits","9":"first","10":"instock","11":"taxable","12":"shipping-taxable","13":"purchasable","14":"product-type-variable","15":"has-default-attributes"},"acf":[],"_links":{"self":[{"href":"https:\/\/www.paddo.shop\/it\/wp-json\/wp\/v2\/product\/5256","targetHints":{"allow":["GET"]}}],"collection":[{"href":"https:\/\/www.paddo.shop\/it\/wp-json\/wp\/v2\/product"}],"about":[{"href":"https:\/\/www.paddo.shop\/it\/wp-json\/wp\/v2\/types\/product"}],"replies":[{"embeddable":true,"href":"https:\/\/www.paddo.shop\/it\/wp-json\/wp\/v2\/comments?post=5256"}],"wp:featuredmedia":[{"embeddable":true,"href":"https:\/\/www.paddo.shop\/it\/wp-json\/wp\/v2\/media\/5885"}],"wp:attachment":[{"href":"https:\/\/www.paddo.shop\/it\/wp-json\/wp\/v2\/media?parent=5256"}],"wp:term":[{"taxonomy":"brand","embeddable":true,"href":"https:\/\/www.paddo.shop\/it\/wp-json\/wp\/v2\/etheme_brands?post=5256"},{"taxonomy":"product_brand","embeddable":true,"href":"https:\/\/www.paddo.shop\/it\/wp-json\/wp\/v2\/product_brand?post=5256"},{"taxonomy":"product_cat","embeddable":true,"href":"https:\/\/www.paddo.shop\/it\/wp-json\/wp\/v2\/product_cat?post=5256"},{"taxonomy":"product_tag","embeddable":true,"href":"https:\/\/www.paddo.shop\/it\/wp-json\/wp\/v2\/product_tag?post=5256"}],"curies":[{"name":"wp","href":"https:\/\/api.w.org\/{rel}","templated":true}]}}