{"id":5255,"date":"2022-07-20T09:16:46","date_gmt":"2022-07-20T09:16:46","guid":{"rendered":"https:\/\/www.paddo.shop\/?post_type=product&#038;p=5255"},"modified":"2026-02-26T17:19:01","modified_gmt":"2026-02-26T15:19:01","slug":"ecuadorian-paddo-growkit","status":"publish","type":"product","link":"https:\/\/www.paddo.shop\/it\/ecuadorian-paddo-growkit\/","title":{"rendered":"Ecuadorian Paddo Growkit"},"content":{"rendered":"<h2><strong>Ecuadorian Paddo Growkit kopen<\/strong><\/h2>\n<p><span style=\"font-weight: 400;\">Wie een Ecuadorian Paddo Growkit wil kopen zit bij ons aan het juiste adres. In onze shop vind je namelijk alleen betrouwbare en effectieve growkits. Ze worden geproduceerd door het Nederlandse bedrijf McSmart. Dit bedrijf staat internationaal bekend als een van de meest gerenommeerde bedrijven op het gebied van magic truffels en paddo growkits. Als jij je goed aan de bijgeleverde instructies houdt kan je daarom altijd rekenen op minimaal \u00e9\u00e9n goede flush(oogst) met psychedelische paddenstoelen, maar in veel gevallen kan je de kweekset zelfs meerdere keren opzetten!<\/span><\/p>\n<p><span style=\"font-weight: 400;\">Als je vandaag een Ecuadorian Paddo Growkit bestelt, ontvang je hem binnen enkele dagen volledig discreet thuis.<\/span><\/p>\n<h3><strong>Wat zit er in een Ecuadorian Paddo Growkit<\/strong><\/h3>\n<p><span style=\"font-weight: 400;\">Iedere Ecuadorian Paddo Growkit bevat alles dat nodig is om zelf Ecuadorian magic mushrooms te kweken. In het pakket zitten: 1 kant en klare kweekbak met actief mycelium, een kweekzak met filters, 2 clips om de zak af te sluiten en een flyer met instructies. Zelf hoef je alleen nog water en wat liefde toe te voegen.<\/span><\/p>\n<h3><strong>Hoe sterk zijn <\/strong><strong>Ecuadorian<\/strong><strong> magische paddenstoelen?<\/strong><\/h3>\n<p><span style=\"font-weight: 400;\">Hieronder vind je de magic truffels uit ons assortiment gesorteerd op basis van psychedelische sterkte. Ze lopen af van sterk naar mild. Zo zie je precies hoe de Ecuadorian paddo\u2019s zich verhouden tot de rest.<\/span><\/p>\n<p><a href=\"https:\/\/www.paddo.shop\/mckennaii-paddo-growkit\/\"><span style=\"font-weight: 400;\">McKennaii<\/span><span style=\"font-weight: 400;\"><br \/>\n<\/span><\/a><a href=\"https:\/\/www.paddo.shop\/hawaiian-copelandia-paddo-growkit\/\"><span style=\"font-weight: 400;\">Hawaiian Copelandia<\/span><span style=\"font-weight: 400;\"><br \/>\n<\/span><\/a><a href=\"https:\/\/www.paddo.shop\/golden-teacher-paddo-growkit\/\"><span style=\"font-weight: 400;\">Golden Teacher<\/span><span style=\"font-weight: 400;\"><br \/>\n<\/span><\/a><a href=\"https:\/\/www.paddo.shop\/mazatapec-paddo-growkit\/\"><span style=\"font-weight: 400;\">Mazatapec<\/span><span style=\"font-weight: 400;\"><br \/>\n<\/span><\/a><a href=\"https:\/\/www.paddo.shop\/colombian-paddo-growkit\/\"><span style=\"font-weight: 400;\">Colombian Paddo<\/span><span style=\"font-weight: 400;\"><br \/>\n<\/span><\/a><a href=\"https:\/\/www.paddo.shop\/cambodian-paddo-growkit\/\"><span style=\"font-weight: 400;\">Cambodian Paddo<\/span><span style=\"font-weight: 400;\"><br \/>\n<\/span><\/a><a href=\"https:\/\/www.paddo.shop\/ecuadorian-paddo-growkit\/\"><span style=\"font-weight: 400;\">Ecuadorian Paddo<\/span><span style=\"font-weight: 400;\"><br \/>\n<\/span><\/a><a href=\"https:\/\/www.paddo.shop\/mexican-paddo-growkit\/\"><span style=\"font-weight: 400;\">Mexican Paddo<\/span><span style=\"font-weight: 400;\"><br \/>\n<\/span><\/a><a href=\"https:\/\/www.paddo.shop\/b-plus-paddo-growkit\/\"><span style=\"font-weight: 400;\">B+ Paddo<\/span><span style=\"font-weight: 400;\"><br \/>\n<\/span><\/a><a href=\"https:\/\/www.paddo.shop\/thai-paddo-growkit\/\"><span style=\"font-weight: 400;\">Thai Paddo<\/span><\/a><\/p>\n<h2><strong>Zelf Ecuadorian paddo\u2019s kweken met een kweekset<\/strong><\/h2>\n<p><span style=\"font-weight: 400;\">Ecuadorian behoren tot de populairste psychedelische natuurproducten van dit moment. Ze zijn met behulp van onze growkits erg gemakkelijk te kweken. In principe is het enige dat je nodig hebt een growkit, een beetje water en wat geduld. Om ervoor te zorgen dat alles goed gaat leveren wij jou ook instructies mee. Zolang jij je daar keurig aan houdt, kan jij binnen enkele weken al de eerste paddenstoelen plukken.<\/span><\/p>\n<h3><strong>De beste paddo growkit tips van 2026<\/strong><\/h3>\n<p><span style=\"font-weight: 400;\">Zelf paddo\u2019s kweken is met behulp van een growkit erg gemakkelijk. Toch is het wel belangrijk dat jij je aan de bijgeleverde instructies houdt. Omdat het om een levend organisme gaat zijn er ook een aantal dingen die je absoluut <\/span><strong>niet<\/strong><span style=\"font-weight: 400;\"> moet doen. Wil jij jezelf keer op keer verzekeren van een mooie opbrengst zelfgekweekte paddo\u2019s? Bekijk dan hier <\/span><a href=\"https:\/\/www.paddo.shop\/growkit-instructies\/\"><span style=\"font-weight: 400;\">de beste paddo growkit tips van 2026<\/span><\/a><span style=\"font-weight: 400;\">.<\/span><\/p>\n<p><strong>Belangrijk:<\/strong><strong><br \/>\n<\/strong><span style=\"font-weight: 400;\">Het kweken van paddo\u2019s is ontzettend leuk en geeft veel voldoening. Maar let wel op: Paddo\u2019s (Magic Mushrooms) bevatten van nature ook de stoffen psilocybine en psilocine. Psilocybine en psilocine zijn hallucinogenen. Hallucinogenen zijn stoffen met een bewustzijnsveranderende werking, die onder andere hallucinaties kunnen opwekken. Houdt hier goed rekening mee. En houdt zowel de growkit als de paddenstoelen altijd buiten bereik van kinderen!<\/span><\/p>\n<h2>Meeste gestelde vragen<\/h2>\n<p>Hieronder vind je de top 5 meeste gestelde Ecuadorian vragen. Heb je na alle informatie op deze pagina toch nog vragen? <a href=\"https:\/\/www.paddo.shop\/contact\/\">Neem dan contact met ons op<\/a> en wij helpen je direct verder.<\/p>\n\t\t<div data-elementor-type=\"section\" data-elementor-id=\"8215\" class=\"elementor elementor-8215\" data-elementor-post-type=\"elementor_library\">\n\t\t\t\t\t<section class=\"elementor-section elementor-top-section elementor-element elementor-element-a20d66a elementor-section-boxed elementor-section-height-default elementor-section-height-default\" data-id=\"a20d66a\" data-element_type=\"section\" data-e-type=\"section\">\n\t\t\t\t\t\t<div class=\"elementor-container elementor-column-gap-default\">\n\t\t\t\t\t<div class=\"elementor-column elementor-col-100 elementor-top-column elementor-element elementor-element-5ae8cb5\" data-id=\"5ae8cb5\" data-element_type=\"column\" data-e-type=\"column\">\n\t\t\t<div class=\"elementor-widget-wrap elementor-element-populated\">\n\t\t\t\t\t\t<div class=\"elementor-element elementor-element-5207599 elementor-widget__width-initial elementor-widget elementor-widget-accordion\" data-id=\"5207599\" data-element_type=\"widget\" data-e-type=\"widget\" data-widget_type=\"accordion.default\">\n\t\t\t\t<div class=\"elementor-widget-container\">\n\t\t\t\t\t\t\t<div class=\"elementor-accordion\">\n\t\t\t\t\t\t\t<div class=\"elementor-accordion-item\">\n\t\t\t\t\t<h3 id=\"elementor-tab-title-8601\" class=\"elementor-tab-title\" data-tab=\"1\" role=\"button\" aria-controls=\"elementor-tab-content-8601\" aria-expanded=\"false\">\n\t\t\t\t\t\t\t\t\t\t\t\t\t<span class=\"elementor-accordion-icon elementor-accordion-icon-right\" aria-hidden=\"true\">\n\t\t\t\t\t\t\t\t\t\t\t\t\t\t\t<span class=\"elementor-accordion-icon-closed\"><i class=\"fas fa-plus\"><\/i><\/span>\n\t\t\t\t\t\t\t\t<span class=\"elementor-accordion-icon-opened\"><i class=\"fas fa-minus\"><\/i><\/span>\n\t\t\t\t\t\t\t\t\t\t\t\t\t\t<\/span>\n\t\t\t\t\t\t\t\t\t\t\t\t<a class=\"elementor-accordion-title\" tabindex=\"0\">Wat zijn de kenmerkende groeieigenschappen van Ecuadorian paddo's?<\/a>\n\t\t\t\t\t<\/h3>\n\t\t\t\t\t<div id=\"elementor-tab-content-8601\" class=\"elementor-tab-content elementor-clearfix\" data-tab=\"1\" role=\"region\" aria-labelledby=\"elementor-tab-title-8601\"><p>Ecuadorian paddo\u2019s zijn een veerkrachtige soort die bekend staat om zijn snelle groei en stevige, lange stelen. Ze hebben een unieke aanpassingsvermogen aan koelere temperaturen, waardoor ze een populaire keuze zijn onder kwekers in gematigde klimaten. Hun caps zijn vaak kastanjebruin van kleur en kunnen een mooie grootte bereiken. Deze soort is een feest voor het oog en een traktatie voor de geest. Voor een snelle vergelijking met andere soorten, check onze <a href=\"https:\/\/www.paddo.shop\/growkits\/\" target=\"_new\">growkits pagina<\/a>.<\/p>\n<\/div>\n\t\t\t\t<\/div>\n\t\t\t\t\t\t\t<div class=\"elementor-accordion-item\">\n\t\t\t\t\t<h3 id=\"elementor-tab-title-8602\" class=\"elementor-tab-title\" data-tab=\"2\" role=\"button\" aria-controls=\"elementor-tab-content-8602\" aria-expanded=\"false\">\n\t\t\t\t\t\t\t\t\t\t\t\t\t<span class=\"elementor-accordion-icon elementor-accordion-icon-right\" aria-hidden=\"true\">\n\t\t\t\t\t\t\t\t\t\t\t\t\t\t\t<span class=\"elementor-accordion-icon-closed\"><i class=\"fas fa-plus\"><\/i><\/span>\n\t\t\t\t\t\t\t\t<span class=\"elementor-accordion-icon-opened\"><i class=\"fas fa-minus\"><\/i><\/span>\n\t\t\t\t\t\t\t\t\t\t\t\t\t\t<\/span>\n\t\t\t\t\t\t\t\t\t\t\t\t<a class=\"elementor-accordion-title\" tabindex=\"0\">Hoe kan ik de opbrengst van mijn Ecuadorian paddo growkit maximaliseren?<\/a>\n\t\t\t\t\t<\/h3>\n\t\t\t\t\t<div id=\"elementor-tab-content-8602\" class=\"elementor-tab-content elementor-clearfix\" data-tab=\"2\" role=\"region\" aria-labelledby=\"elementor-tab-title-8602\"><p>Om de opbrengst te maximaliseren, is het belangrijk om de juiste omstandigheden te handhaven: een constante temperatuur, goede ventilatie, en voldoende maar indirect licht. Je kunt ook overwegen om de instructies op onze <a href=\"https:\/\/www.paddo.shop\/growkit-instructies\/\" target=\"_new\">growkit instructiespagina<\/a> te volgen voor gedetailleerde stappen en tips om het meeste uit je growkit te halen.<\/p>\n<\/div>\n\t\t\t\t<\/div>\n\t\t\t\t\t\t\t<div class=\"elementor-accordion-item\">\n\t\t\t\t\t<h3 id=\"elementor-tab-title-8603\" class=\"elementor-tab-title\" data-tab=\"3\" role=\"button\" aria-controls=\"elementor-tab-content-8603\" aria-expanded=\"false\">\n\t\t\t\t\t\t\t\t\t\t\t\t\t<span class=\"elementor-accordion-icon elementor-accordion-icon-right\" aria-hidden=\"true\">\n\t\t\t\t\t\t\t\t\t\t\t\t\t\t\t<span class=\"elementor-accordion-icon-closed\"><i class=\"fas fa-plus\"><\/i><\/span>\n\t\t\t\t\t\t\t\t<span class=\"elementor-accordion-icon-opened\"><i class=\"fas fa-minus\"><\/i><\/span>\n\t\t\t\t\t\t\t\t\t\t\t\t\t\t<\/span>\n\t\t\t\t\t\t\t\t\t\t\t\t<a class=\"elementor-accordion-title\" tabindex=\"0\">Zijn Ecuadorian paddo's geschikt voor feestelijke of sociale settings?<\/a>\n\t\t\t\t\t<\/h3>\n\t\t\t\t\t<div id=\"elementor-tab-content-8603\" class=\"elementor-tab-content elementor-clearfix\" data-tab=\"3\" role=\"region\" aria-labelledby=\"elementor-tab-title-8603\"><p>Ecuadorian paddo&#8217;s hebben een diepgaand effect dat meer geschikt kan zijn voor introspectieve of spirituele ervaringen dan voor feestelijke of sociale settings. Als je op zoek bent naar een soort voor een lichtere, meer sociale trip, zou je onze <a href=\"https:\/\/www.paddo.shop\/thai-paddo-growkit\/\" target=\"_new\">Thai paddo growkit<\/a> kunnen overwegen.<\/p>\n<\/div>\n\t\t\t\t<\/div>\n\t\t\t\t\t\t\t<div class=\"elementor-accordion-item\">\n\t\t\t\t\t<h3 id=\"elementor-tab-title-8604\" class=\"elementor-tab-title\" data-tab=\"4\" role=\"button\" aria-controls=\"elementor-tab-content-8604\" aria-expanded=\"false\">\n\t\t\t\t\t\t\t\t\t\t\t\t\t<span class=\"elementor-accordion-icon elementor-accordion-icon-right\" aria-hidden=\"true\">\n\t\t\t\t\t\t\t\t\t\t\t\t\t\t\t<span class=\"elementor-accordion-icon-closed\"><i class=\"fas fa-plus\"><\/i><\/span>\n\t\t\t\t\t\t\t\t<span class=\"elementor-accordion-icon-opened\"><i class=\"fas fa-minus\"><\/i><\/span>\n\t\t\t\t\t\t\t\t\t\t\t\t\t\t<\/span>\n\t\t\t\t\t\t\t\t\t\t\t\t<a class=\"elementor-accordion-title\" tabindex=\"0\">Hoe lang kan ik de sporen in de Ecuadorian paddo growkit bewaren voor gebruik?<\/a>\n\t\t\t\t\t<\/h3>\n\t\t\t\t\t<div id=\"elementor-tab-content-8604\" class=\"elementor-tab-content elementor-clearfix\" data-tab=\"4\" role=\"region\" aria-labelledby=\"elementor-tab-title-8604\"><p>Het is het beste om je growkit zo snel mogelijk te gebruiken, maar als dat niet kan, kun je hem in de koelkast bewaren voor maximaal enkele maanden. Als je meer informatie wilt over het bewaren of verzenden van growkits, bekijk dan onze <a href=\"https:\/\/www.paddo.shop\/verzending\/\" target=\"_new\">verzendingspagina<\/a>.<\/p>\n<\/div>\n\t\t\t\t<\/div>\n\t\t\t\t\t\t\t<div class=\"elementor-accordion-item\">\n\t\t\t\t\t<h3 id=\"elementor-tab-title-8605\" class=\"elementor-tab-title\" data-tab=\"5\" role=\"button\" aria-controls=\"elementor-tab-content-8605\" aria-expanded=\"false\">\n\t\t\t\t\t\t\t\t\t\t\t\t\t<span class=\"elementor-accordion-icon elementor-accordion-icon-right\" aria-hidden=\"true\">\n\t\t\t\t\t\t\t\t\t\t\t\t\t\t\t<span class=\"elementor-accordion-icon-closed\"><i class=\"fas fa-plus\"><\/i><\/span>\n\t\t\t\t\t\t\t\t<span class=\"elementor-accordion-icon-opened\"><i class=\"fas fa-minus\"><\/i><\/span>\n\t\t\t\t\t\t\t\t\t\t\t\t\t\t<\/span>\n\t\t\t\t\t\t\t\t\t\t\t\t<a class=\"elementor-accordion-title\" tabindex=\"0\">Wat zijn enkele tips voor het oogsten van de Ecuadorian paddo\u2019s?<\/a>\n\t\t\t\t\t<\/h3>\n\t\t\t\t\t<div id=\"elementor-tab-content-8605\" class=\"elementor-tab-content elementor-clearfix\" data-tab=\"5\" role=\"region\" aria-labelledby=\"elementor-tab-title-8605\"><p>Het oogsten is een belangrijk moment. Zorg ervoor dat je de paddo&#8217;s oogst voordat de sluier volledig is gescheurd om de potentie te behouden. Het zachte draai-en-trek principe werkt het beste om de paddo&#8217;s te oogsten zonder het substraat te beschadigen. En na de oogst? Lees hoe anderen hun oogst hebben ervaren op onze <a href=\"https:\/\/www.paddo.shop\/paddo-growkit-kweekverslag\/\" target=\"_new\">paddo growkit kweekverslag pagina<\/a>.<\/p>\n<\/div>\n\t\t\t\t<\/div>\n\t\t\t\t\t\t\t\t\t\t<script type=\"application\/ld+json\">{\"@context\":\"https:\\\/\\\/schema.org\",\"@type\":\"FAQPage\",\"mainEntity\":[{\"@type\":\"Question\",\"name\":\"Wat zijn de kenmerkende groeieigenschappen van Ecuadorian paddo's?\",\"acceptedAnswer\":{\"@type\":\"Answer\",\"text\":\"<p>Ecuadorian paddo\\u2019s zijn een veerkrachtige soort die bekend staat om zijn snelle groei en stevige, lange stelen. Ze hebben een unieke aanpassingsvermogen aan koelere temperaturen, waardoor ze een populaire keuze zijn onder kwekers in gematigde klimaten. Hun caps zijn vaak kastanjebruin van kleur en kunnen een mooie grootte bereiken. Deze soort is een feest voor het oog en een traktatie voor de geest. Voor een snelle vergelijking met andere soorten, check onze <a href=\\\"https:\\\/\\\/www.paddo.shop\\\/growkits\\\/\\\" target=\\\"_new\\\">growkits pagina<\\\/a>.<\\\/p>\\n\"}},{\"@type\":\"Question\",\"name\":\"Hoe kan ik de opbrengst van mijn Ecuadorian paddo growkit maximaliseren?\",\"acceptedAnswer\":{\"@type\":\"Answer\",\"text\":\"<p>Om de opbrengst te maximaliseren, is het belangrijk om de juiste omstandigheden te handhaven: een constante temperatuur, goede ventilatie, en voldoende maar indirect licht. Je kunt ook overwegen om de instructies op onze <a href=\\\"https:\\\/\\\/www.paddo.shop\\\/growkit-instructies\\\/\\\" target=\\\"_new\\\">growkit instructiespagina<\\\/a> te volgen voor gedetailleerde stappen en tips om het meeste uit je growkit te halen.<\\\/p>\\n\"}},{\"@type\":\"Question\",\"name\":\"Zijn Ecuadorian paddo's geschikt voor feestelijke of sociale settings?\",\"acceptedAnswer\":{\"@type\":\"Answer\",\"text\":\"<p>Ecuadorian paddo&#8217;s hebben een diepgaand effect dat meer geschikt kan zijn voor introspectieve of spirituele ervaringen dan voor feestelijke of sociale settings. Als je op zoek bent naar een soort voor een lichtere, meer sociale trip, zou je onze <a href=\\\"https:\\\/\\\/www.paddo.shop\\\/thai-paddo-growkit\\\/\\\" target=\\\"_new\\\">Thai paddo growkit<\\\/a> kunnen overwegen.<\\\/p>\\n\"}},{\"@type\":\"Question\",\"name\":\"Hoe lang kan ik de sporen in de Ecuadorian paddo growkit bewaren voor gebruik?\",\"acceptedAnswer\":{\"@type\":\"Answer\",\"text\":\"<p>Het is het beste om je growkit zo snel mogelijk te gebruiken, maar als dat niet kan, kun je hem in de koelkast bewaren voor maximaal enkele maanden. Als je meer informatie wilt over het bewaren of verzenden van growkits, bekijk dan onze <a href=\\\"https:\\\/\\\/www.paddo.shop\\\/verzending\\\/\\\" target=\\\"_new\\\">verzendingspagina<\\\/a>.<\\\/p>\\n\"}},{\"@type\":\"Question\",\"name\":\"Wat zijn enkele tips voor het oogsten van de Ecuadorian paddo\\u2019s?\",\"acceptedAnswer\":{\"@type\":\"Answer\",\"text\":\"<p>Het oogsten is een belangrijk moment. Zorg ervoor dat je de paddo&#8217;s oogst voordat de sluier volledig is gescheurd om de potentie te behouden. Het zachte draai-en-trek principe werkt het beste om de paddo&#8217;s te oogsten zonder het substraat te beschadigen. En na de oogst? Lees hoe anderen hun oogst hebben ervaren op onze <a href=\\\"https:\\\/\\\/www.paddo.shop\\\/paddo-growkit-kweekverslag\\\/\\\" target=\\\"_new\\\">paddo growkit kweekverslag pagina<\\\/a>.<\\\/p>\\n\"}}]}<\/script>\n\t\t\t\t\t<\/div>\n\t\t\t\t\t\t<\/div>\n\t\t\t\t<\/div>\n\t\t\t\t\t<\/div>\n\t\t<\/div>\n\t\t\t\t\t<\/div>\n\t\t<\/section>\n\t\t\t\t<\/div>\n\t\t\n","protected":false},"excerpt":{"rendered":"<p>Le radici sudamericane del Paddo Ecuadorian forniscono un sacco di occhi grandi. Infatti, questo topper \u00e8 in grado di fornire un buon raccolto anche in condizioni un po' pi\u00f9 sfavorevoli. L'installazione del fungo Ecuadorian Paddo Growkit \u00e8 facile e veloce come quella degli altri kit di coltivazione. Questi funghi magici vi porteranno in un'avventura straordinaria, tanto speciale quanto lo stesso paesaggio ecuadoriano. Dall'Amazzonia alle alte montagne. Cercate una produzione di funghi facile da coltivare? Allora il Paddo Ecuadorian Growkit \u00e8 sicuramente quello che fa per voi!<\/p>","protected":false},"featured_media":5881,"comment_status":"closed","ping_status":"closed","template":"","meta":{"_acf_changed":false},"etheme_brands":[{"term_id":50,"name":"McSmart","slug":"mcsmart","term_group":0,"term_taxonomy_id":50,"taxonomy":"brand","description":"","parent":0,"count":11,"filter":"raw"}],"product_brand":[],"product_cat":[15],"product_tag":[],"class_list":{"0":"post-5255","1":"product","2":"type-product","3":"status-publish","4":"has-post-thumbnail","6":"brand-mcsmart","7":"product_cat-growkits","9":"first","10":"instock","11":"taxable","12":"shipping-taxable","13":"purchasable","14":"product-type-variable","15":"has-default-attributes"},"acf":[],"_links":{"self":[{"href":"https:\/\/www.paddo.shop\/it\/wp-json\/wp\/v2\/product\/5255","targetHints":{"allow":["GET"]}}],"collection":[{"href":"https:\/\/www.paddo.shop\/it\/wp-json\/wp\/v2\/product"}],"about":[{"href":"https:\/\/www.paddo.shop\/it\/wp-json\/wp\/v2\/types\/product"}],"replies":[{"embeddable":true,"href":"https:\/\/www.paddo.shop\/it\/wp-json\/wp\/v2\/comments?post=5255"}],"wp:featuredmedia":[{"embeddable":true,"href":"https:\/\/www.paddo.shop\/it\/wp-json\/wp\/v2\/media\/5881"}],"wp:attachment":[{"href":"https:\/\/www.paddo.shop\/it\/wp-json\/wp\/v2\/media?parent=5255"}],"wp:term":[{"taxonomy":"brand","embeddable":true,"href":"https:\/\/www.paddo.shop\/it\/wp-json\/wp\/v2\/etheme_brands?post=5255"},{"taxonomy":"product_brand","embeddable":true,"href":"https:\/\/www.paddo.shop\/it\/wp-json\/wp\/v2\/product_brand?post=5255"},{"taxonomy":"product_cat","embeddable":true,"href":"https:\/\/www.paddo.shop\/it\/wp-json\/wp\/v2\/product_cat?post=5255"},{"taxonomy":"product_tag","embeddable":true,"href":"https:\/\/www.paddo.shop\/it\/wp-json\/wp\/v2\/product_tag?post=5255"}],"curies":[{"name":"wp","href":"https:\/\/api.w.org\/{rel}","templated":true}]}}