{"id":5254,"date":"2022-07-20T09:16:37","date_gmt":"2022-07-20T09:16:37","guid":{"rendered":"https:\/\/www.paddo.shop\/?post_type=product&#038;p=5254"},"modified":"2023-10-09T13:35:46","modified_gmt":"2023-10-09T11:35:46","slug":"colombian-paddo-growkit","status":"publish","type":"product","link":"https:\/\/www.paddo.shop\/it\/colombian-paddo-growkit\/","title":{"rendered":"Colombian Paddo Growkit"},"content":{"rendered":"<h2><strong>Acquista Colombian Paddo Growkit<\/strong><\/h2>\n<p><span style=\"font-weight: 400;\">Se volete acquistare kit di coltivazione, siete nel posto giusto. Nel nostro negozio troverete solo kit di coltivazione affidabili ed efficaci. Sono prodotti dall'azienda olandese McSmart. Questa azienda \u00e8 conosciuta a livello internazionale come una delle pi\u00f9 rinomate nel campo dei tartufi magici e dei kit di coltivazione di funghi magici. Se si seguono le istruzioni fornite, si pu\u00f2 sempre contare su almeno un buon raccolto di funghi psichedelici, ma in molti casi si pu\u00f2 anche impostare il kit di coltivazione pi\u00f9 volte!<\/span><\/p>\n<p><span style=\"font-weight: 400;\">Se ordinate oggi un Paddo Colombian Growkit, lo riceverete a casa vostra in modo completamente discreto entro pochi giorni.<\/span><\/p>\n<h3><strong>Cosa c'\u00e8 in un Paddo Colombian Growkit<\/strong><\/h3>\n<p><span style=\"font-weight: 400;\">Ogni fungo Colombian Growkit contiene tutto il necessario per coltivare i propri funghi magici Colombian. La confezione contiene: 1 contenitore di coltivazione pronto all'uso con micelio attivo, un sacchetto di coltivazione con filtri, 2 clip per chiudere il sacchetto e un volantino con le istruzioni. Tutto quello che dovete fare voi stessi \u00e8 aggiungere acqua e un po' di amore.<\/span><\/p>\n<h3><strong>Quanto sono forti <\/strong><strong>Colombian<\/strong><strong> funghi magici?<\/strong><\/h3>\n<p><span style=\"font-weight: 400;\">Di seguito troverete i tartufi magici della nostra gamma ordinati per forza psichedelica. Si va dal pi\u00f9 forte al pi\u00f9 leggero. In questo modo potrete vedere esattamente come i funghi magici Mexican si confrontano con gli altri.<\/span><\/p>\n<p><a href=\"https:\/\/www.paddo.shop\/it\/mckennaii-paddo-growkit\/\"><span style=\"font-weight: 400;\">McKennaii<\/span><span style=\"font-weight: 400;\"><br \/>\n<\/span><\/a><a href=\"https:\/\/www.paddo.shop\/it\/hawaiian-copelandia-paddo-growkit\/\"><span style=\"font-weight: 400;\">Hawaiian Copelandia<\/span><span style=\"font-weight: 400;\"><br \/>\n<\/span><\/a><a href=\"https:\/\/www.paddo.shop\/it\/golden-teacher-paddo-growkit\/\"><span style=\"font-weight: 400;\">Golden Teacher<\/span><span style=\"font-weight: 400;\"><br \/>\n<\/span><\/a><a href=\"https:\/\/www.paddo.shop\/it\/mazatapec-paddo-growkit\/\"><span style=\"font-weight: 400;\">Mazatapec<\/span><span style=\"font-weight: 400;\"><br \/>\n<\/span><\/a><a href=\"https:\/\/www.paddo.shop\/it\/colombian-paddo-growkit\/\"><span style=\"font-weight: 400;\">Colombian Paddo<\/span><span style=\"font-weight: 400;\"><br \/>\n<\/span><\/a><a href=\"https:\/\/www.paddo.shop\/it\/cambodian-paddo-growkit\/\"><span style=\"font-weight: 400;\">Cambodian Paddo<\/span><span style=\"font-weight: 400;\"><br \/>\n<\/span><\/a><a href=\"https:\/\/www.paddo.shop\/it\/ecuadorian-paddo-growkit\/\"><span style=\"font-weight: 400;\">Ecuadorian Paddo<\/span><span style=\"font-weight: 400;\"><br \/>\n<\/span><\/a><a href=\"https:\/\/www.paddo.shop\/it\/mexican-paddo-growkit\/\"><span style=\"font-weight: 400;\">Mexican Paddo<\/span><span style=\"font-weight: 400;\"><br \/>\n<\/span><\/a><a href=\"https:\/\/www.paddo.shop\/it\/b-plus-paddo-growkit\/\"><span style=\"font-weight: 400;\">B+ Paddo<\/span><span style=\"font-weight: 400;\"><br \/>\n<\/span><\/a><a href=\"https:\/\/www.paddo.shop\/it\/thai-paddo-growkit\/\"><span style=\"font-weight: 400;\">Thai Paddo<\/span><\/a><\/p>\n<h2><strong>Coltivate i vostri funghi Colombian con il kit di coltivazione<\/strong><\/h2>\n<p><span style=\"font-weight: 400;\">Le Mexican sono tra i prodotti naturali psichedelici pi\u00f9 popolari oggi. Sono molto facili da coltivare con l'aiuto dei nostri kit di coltivazione. In pratica, tutto ci\u00f2 che serve \u00e8 un kit di coltivazione, un po' d'acqua e un po' di pazienza. Per essere sicuri che tutto vada bene, vi forniamo anche le istruzioni. Se vi attenete a queste istruzioni, potrete raccogliere i vostri primi funghi entro poche settimane.<\/span><\/p>\n<h3><strong>De beste paddo growkit tips van 2026<\/strong><\/h3>\n<p><span style=\"font-weight: 400;\">Coltivare i propri funghi magici \u00e8 molto facile utilizzando un kit di coltivazione. Tuttavia, \u00e8 importante seguire le istruzioni fornite. Poich\u00e9 abbiamo a che fare con un organismo vivente, ci sono una serie di cose che dovete assolutamente fare. <\/span><strong>non<\/strong><span style=\"font-weight: 400;\"> dovrebbe fare. Volete assicurarvi un buon raccolto di funghi coltivati in casa? Allora date un'occhiata qui <\/span><a href=\"https:\/\/www.paddo.shop\/it\/growkit-instructies\/\"><span style=\"font-weight: 400;\">de beste paddo growkit tips van 2026<\/span><\/a><span style=\"font-weight: 400;\">.<\/span><\/p>\n<p><strong>Importante:<\/strong><strong><br \/>\n<\/strong><span style=\"font-weight: 400;\">Coltivare funghi magici \u00e8 incredibilmente divertente e soddisfacente. Ma attenzione: i funghi (funghi magici) contengono naturalmente anche le sostanze psilocibina e psilocina. La psilocibina e la psilocina sono allucinogeni. Gli allucinogeni sono sostanze con effetti di alterazione della coscienza che, tra l'altro, possono indurre allucinazioni. Tenetelo a mente. E tenete sempre fuori dalla portata dei bambini sia il growkit che i funghi!<\/span><\/p>\n<h2>Le domande pi\u00f9 frequenti<\/h2>\n<p>Di seguito sono riportate le 5 domande pi\u00f9 frequenti relative all'Colombian. Avete ancora domande dopo tutte le informazioni contenute in questa pagina? <a href=\"https:\/\/www.paddo.shop\/it\/contact\/\">Allora contattateci<\/a> e vi aiuteremo immediatamente.<\/p>\n\t\t<div data-elementor-type=\"section\" data-elementor-id=\"8215\" class=\"elementor elementor-8215\" data-elementor-post-type=\"elementor_library\">\n\t\t\t\t\t<section class=\"elementor-section elementor-top-section elementor-element elementor-element-a20d66a elementor-section-boxed elementor-section-height-default elementor-section-height-default\" data-id=\"a20d66a\" data-element_type=\"section\">\n\t\t\t\t\t\t<div class=\"elementor-container elementor-column-gap-default\">\n\t\t\t\t\t<div class=\"elementor-column elementor-col-100 elementor-top-column elementor-element elementor-element-5ae8cb5\" data-id=\"5ae8cb5\" data-element_type=\"column\">\n\t\t\t<div class=\"elementor-widget-wrap elementor-element-populated\">\n\t\t\t\t\t\t<div class=\"elementor-element elementor-element-5207599 elementor-widget__width-initial elementor-widget elementor-widget-accordion\" data-id=\"5207599\" data-element_type=\"widget\" data-widget_type=\"accordion.default\">\n\t\t\t\t<div class=\"elementor-widget-container\">\n\t\t\t\t\t\t\t<div class=\"elementor-accordion\">\n\t\t\t\t\t\t\t<div class=\"elementor-accordion-item\">\n\t\t\t\t\t<h3 id=\"elementor-tab-title-8601\" class=\"elementor-tab-title\" data-tab=\"1\" role=\"button\" aria-controls=\"elementor-tab-content-8601\" aria-expanded=\"false\">\n\t\t\t\t\t\t\t\t\t\t\t\t\t<span class=\"elementor-accordion-icon elementor-accordion-icon-right\" aria-hidden=\"true\">\n\t\t\t\t\t\t\t\t\t\t\t\t\t\t\t<span class=\"elementor-accordion-icon-closed\"><i class=\"fas fa-plus\"><\/i><\/span>\n\t\t\t\t\t\t\t\t<span class=\"elementor-accordion-icon-opened\"><i class=\"fas fa-minus\"><\/i><\/span>\n\t\t\t\t\t\t\t\t\t\t\t\t\t\t<\/span>\n\t\t\t\t\t\t\t\t\t\t\t\t<a class=\"elementor-accordion-title\" tabindex=\"0\">Perch\u00e9 i funghi Colombian sono spesso considerati potenti?<\/a>\n\t\t\t\t\t<\/h3>\n\t\t\t\t\t<div id=\"elementor-tab-content-8601\" class=\"elementor-tab-content elementor-clearfix\" data-tab=\"1\" role=\"region\" aria-labelledby=\"elementor-tab-title-8601\"><p>I funghi Colombian sono noti per la loro potenza, soprattutto grazie alla ricca quantit\u00e0 di psilocibina e psilocina che contengono. Queste sostanze sono responsabili dell'esperienza psichedelica che segue all'ingestione dei funghi magici. Possono causare un intenso viaggio spirituale e vivide allucinazioni. Se siete curiosi di conoscere le differenze con le altre variet\u00e0, date un'occhiata al nostro <a href=\"https:\/\/www.paddo.shop\/it\/growkits\/\" target=\"_new\">pagina di confronto<\/a>.<\/p>\n<\/div>\n\t\t\t\t<\/div>\n\t\t\t\t\t\t\t<div class=\"elementor-accordion-item\">\n\t\t\t\t\t<h3 id=\"elementor-tab-title-8602\" class=\"elementor-tab-title\" data-tab=\"2\" role=\"button\" aria-controls=\"elementor-tab-content-8602\" aria-expanded=\"false\">\n\t\t\t\t\t\t\t\t\t\t\t\t\t<span class=\"elementor-accordion-icon elementor-accordion-icon-right\" aria-hidden=\"true\">\n\t\t\t\t\t\t\t\t\t\t\t\t\t\t\t<span class=\"elementor-accordion-icon-closed\"><i class=\"fas fa-plus\"><\/i><\/span>\n\t\t\t\t\t\t\t\t<span class=\"elementor-accordion-icon-opened\"><i class=\"fas fa-minus\"><\/i><\/span>\n\t\t\t\t\t\t\t\t\t\t\t\t\t\t<\/span>\n\t\t\t\t\t\t\t\t\t\t\t\t<a class=\"elementor-accordion-title\" tabindex=\"0\">Ci sono tecniche particolari per coltivare con successo i funghi Colombian in questo kit di coltivazione?<\/a>\n\t\t\t\t\t<\/h3>\n\t\t\t\t\t<div id=\"elementor-tab-content-8602\" class=\"elementor-tab-content elementor-clearfix\" data-tab=\"2\" role=\"region\" aria-labelledby=\"elementor-tab-title-8602\"><p>I funghi Colombian non sono troppo esigenti, ma amano un ambiente umido. Assicuratevi che l'umidit\u00e0 e la temperatura siano corrette. Seguendo le istruzioni riportate sul nostro <a href=\"https:\/\/www.paddo.shop\/it\/growkit-instructies\/\" target=\"_new\">pagina di istruzioni del growkit<\/a> possono contribuire alla buona riuscita del raccolto.<\/p>\n<\/div>\n\t\t\t\t<\/div>\n\t\t\t\t\t\t\t<div class=\"elementor-accordion-item\">\n\t\t\t\t\t<h3 id=\"elementor-tab-title-8603\" class=\"elementor-tab-title\" data-tab=\"3\" role=\"button\" aria-controls=\"elementor-tab-content-8603\" aria-expanded=\"false\">\n\t\t\t\t\t\t\t\t\t\t\t\t\t<span class=\"elementor-accordion-icon elementor-accordion-icon-right\" aria-hidden=\"true\">\n\t\t\t\t\t\t\t\t\t\t\t\t\t\t\t<span class=\"elementor-accordion-icon-closed\"><i class=\"fas fa-plus\"><\/i><\/span>\n\t\t\t\t\t\t\t\t<span class=\"elementor-accordion-icon-opened\"><i class=\"fas fa-minus\"><\/i><\/span>\n\t\t\t\t\t\t\t\t\t\t\t\t\t\t<\/span>\n\t\t\t\t\t\t\t\t\t\t\t\t<a class=\"elementor-accordion-title\" tabindex=\"0\">Quali sono le caratteristiche di un buon raccolto con il kit di coltivazione di funghi Colombian?<\/a>\n\t\t\t\t\t<\/h3>\n\t\t\t\t\t<div id=\"elementor-tab-content-8603\" class=\"elementor-tab-content elementor-clearfix\" data-tab=\"3\" role=\"region\" aria-labelledby=\"elementor-tab-title-8603\"><p>Un buon raccolto dovrebbe produrre molti funghi sani e maturi, con gambi robusti e cappelli ben sviluppati. Se vedete che crescono bene e hanno un colore sano, siete sulla strada giusta. Siete curiosi di conoscere le esperienze degli altri? Leggete alcune <a href=\"https:\/\/www.paddo.shop\/it\/paddo-growkit-kweekverslag\/\" target=\"_new\">Rapporti di allevamento<\/a> della nostra comunit\u00e0.<\/p>\n<\/div>\n\t\t\t\t<\/div>\n\t\t\t\t\t\t\t<div class=\"elementor-accordion-item\">\n\t\t\t\t\t<h3 id=\"elementor-tab-title-8604\" class=\"elementor-tab-title\" data-tab=\"4\" role=\"button\" aria-controls=\"elementor-tab-content-8604\" aria-expanded=\"false\">\n\t\t\t\t\t\t\t\t\t\t\t\t\t<span class=\"elementor-accordion-icon elementor-accordion-icon-right\" aria-hidden=\"true\">\n\t\t\t\t\t\t\t\t\t\t\t\t\t\t\t<span class=\"elementor-accordion-icon-closed\"><i class=\"fas fa-plus\"><\/i><\/span>\n\t\t\t\t\t\t\t\t<span class=\"elementor-accordion-icon-opened\"><i class=\"fas fa-minus\"><\/i><\/span>\n\t\t\t\t\t\t\t\t\t\t\t\t\t\t<\/span>\n\t\t\t\t\t\t\t\t\t\t\t\t<a class=\"elementor-accordion-title\" tabindex=\"0\">I funghi Colombian sono adatti agli psiconauti pi\u00f9 esperti?<\/a>\n\t\t\t\t\t<\/h3>\n\t\t\t\t\t<div id=\"elementor-tab-content-8604\" class=\"elementor-tab-content elementor-clearfix\" data-tab=\"4\" role=\"region\" aria-labelledby=\"elementor-tab-title-8604\"><p>S\u00ec, a causa della loro potenza, i funghi Colombian sono spesso consigliati agli psiconauti pi\u00f9 esperti. Per i principianti \u00e8 meglio iniziare con una variet\u00e0 pi\u00f9 mite, come la Colombian. <a href=\"https:\/\/www.paddo.shop\/it\/thai-paddo-growkit\/\" target=\"_new\">Funghi Thai<\/a>.<\/p>\n<\/div>\n\t\t\t\t<\/div>\n\t\t\t\t\t\t\t<div class=\"elementor-accordion-item\">\n\t\t\t\t\t<h3 id=\"elementor-tab-title-8605\" class=\"elementor-tab-title\" data-tab=\"5\" role=\"button\" aria-controls=\"elementor-tab-content-8605\" aria-expanded=\"false\">\n\t\t\t\t\t\t\t\t\t\t\t\t\t<span class=\"elementor-accordion-icon elementor-accordion-icon-right\" aria-hidden=\"true\">\n\t\t\t\t\t\t\t\t\t\t\t\t\t\t\t<span class=\"elementor-accordion-icon-closed\"><i class=\"fas fa-plus\"><\/i><\/span>\n\t\t\t\t\t\t\t\t<span class=\"elementor-accordion-icon-opened\"><i class=\"fas fa-minus\"><\/i><\/span>\n\t\t\t\t\t\t\t\t\t\t\t\t\t\t<\/span>\n\t\t\t\t\t\t\t\t\t\t\t\t<a class=\"elementor-accordion-title\" tabindex=\"0\">Come posso affrontare eventuali parassiti o funghi nel mio kit di coltivazione di funghi Colombian?<\/a>\n\t\t\t\t\t<\/h3>\n\t\t\t\t\t<div id=\"elementor-tab-content-8605\" class=\"elementor-tab-content elementor-clearfix\" data-tab=\"5\" role=\"region\" aria-labelledby=\"elementor-tab-title-8605\"><p>L'igiene \u00e8 fondamentale per prevenire parassiti e funghi. Assicuratevi di pulire accuratamente le mani e l'ambiente circostante prima di iniziare a lavorare con il kit di coltivazione. Se dovessero insorgere problemi, potete sempre contattare il nostro servizio clienti tramite il sito web <a href=\"https:\/\/www.paddo.shop\/it\/contact\/\" target=\"_new\">pagina di contatto<\/a> Per consigli e indicazioni.<\/p>\n<\/div>\n\t\t\t\t<\/div>\n\t\t\t\t\t\t\t\t\t\t<script type=\"application\/ld+json\">{\n    \"@context\": \"https:\\\/\\\/schema.org\",\n    \"@type\": \"FAQPage\",\n    \"mainEntity\": [\n        {\n            \"@type\": \"Question\",\n            \"name\": \"Waarom worden Colombian paddo's vaak als krachtig beschouwd?\",\n            \"acceptedAnswer\": {\n                \"@type\": \"Answer\",\n                \"text\": \"<p>Colombian paddo\\u2019s staan bekend om hun potentie, vooral dankzij de rijke hoeveelheid psilocybine en psilocine die ze bevatten. Deze stoffen zijn verantwoordelijk voor de psychedelische ervaring die volgt na het innemen van de paddo&#8217;s. Ze kunnen een intense spirituele reis en levendige hallucinaties veroorzaken. Als je nieuwsgierig bent naar de verschillen met andere soorten, check dan onze <a href=\\\"https:\\\/\\\/www.paddo.shop\\\/growkits\\\/\\\" target=\\\"_new\\\">vergelijkingspagina<\\\/a>.<\\\/p>\\n\"\n            }\n        },\n        {\n            \"@type\": \"Question\",\n            \"name\": \"Zijn er speciale technieken om Colombian paddo's succesvol te kweken in deze growkit?\",\n            \"acceptedAnswer\": {\n                \"@type\": \"Answer\",\n                \"text\": \"<p>Colombian paddo\\u2019s zijn niet al te veeleisend, maar ze houden wel van een vochtige omgeving. Zorg voor een goede vochtigheidsgraad en temperatuur. Het volgen van de instructies op onze <a href=\\\"https:\\\/\\\/www.paddo.shop\\\/growkit-instructies\\\/\\\" target=\\\"_new\\\">growkit instructiespagina<\\\/a> kan helpen om een succesvolle oogst te garanderen.<\\\/p>\\n\"\n            }\n        },\n        {\n            \"@type\": \"Question\",\n            \"name\": \"Wat zijn de kenmerken van een goede oogst met de Colombian paddo growkit?\",\n            \"acceptedAnswer\": {\n                \"@type\": \"Answer\",\n                \"text\": \"<p>Een goede oogst zou veel gezonde, volgroeide paddo\\u2019s moeten opleveren met stevige stelen en goed ontwikkelde hoeden. Als je ziet dat ze goed groeien en een gezonde kleur hebben, ben je op de goede weg. Nieuwsgierig naar ervaringen van anderen? Lees enkele <a href=\\\"https:\\\/\\\/www.paddo.shop\\\/paddo-growkit-kweekverslag\\\/\\\" target=\\\"_new\\\">kweekverslagen<\\\/a> van onze community.<\\\/p>\\n\"\n            }\n        },\n        {\n            \"@type\": \"Question\",\n            \"name\": \"Zijn Colombian paddo\\u2019s geschikt voor meer ervaren psychonauten?\",\n            \"acceptedAnswer\": {\n                \"@type\": \"Answer\",\n                \"text\": \"<p>Ja, vanwege hun kracht worden Colombian paddo&#8217;s vaak aanbevolen voor de meer ervaren psychonauten. Beginners kunnen beter starten met een mildere soort zoals de <a href=\\\"https:\\\/\\\/www.paddo.shop\\\/thai-paddo-growkit\\\/\\\" target=\\\"_new\\\">Thai paddo\\u2019s<\\\/a>.<\\\/p>\\n\"\n            }\n        },\n        {\n            \"@type\": \"Question\",\n            \"name\": \"Hoe ga ik om met mogelijke plagen of schimmels in mijn Colombian paddo growkit?\",\n            \"acceptedAnswer\": {\n                \"@type\": \"Answer\",\n                \"text\": \"<p>Hygi\\u00ebne is cruciaal om plagen en schimmel te voorkomen. Zorg ervoor dat je je handen en de omgeving goed schoonmaakt voordat je met de growkit aan de slag gaat. Mochten er toch problemen ontstaan, dan kun je altijd contact opnemen met onze klantenservice via de <a href=\\\"https:\\\/\\\/www.paddo.shop\\\/contact\\\/\\\" target=\\\"_new\\\">contactpagina<\\\/a> voor advies en begeleiding.<\\\/p>\\n\"\n            }\n        }\n    ]\n}<\/script>\n\t\t\t\t\t<\/div>\n\t\t\t\t\t\t<\/div>\n\t\t\t\t<\/div>\n\t\t\t\t\t<\/div>\n\t\t<\/div>\n\t\t\t\t\t<\/div>\n\t\t<\/section>\n\t\t\t\t<\/div>","protected":false},"excerpt":{"rendered":"<p>Una delle variet\u00e0 preferite da molti coltivatori e viaggiatori \u00e8 la Colombian Paddo Growkit. Nonostante i forti effetti della Colombian Paddo Growkit, questa variet\u00e0 \u00e8 nota anche come \"fungo dell'impegno\". Concentrazione e affiatamento caratterizzano questo fungo tropicale. Anche le vibrazioni colombiane vi abbracceranno regolarmente. Tutto sommato, \u00e8 fantastico godersi questo incredibile fungo psichedelico con un gruppo di avventurieri! Coltivate il fungo Colombian Growkit in modo facile e veloce con i nostri kit di coltivazione gi\u00e0 pronti!<\/p>","protected":false},"featured_media":5880,"comment_status":"closed","ping_status":"closed","template":"","meta":{"_acf_changed":false},"etheme_brands":[{"term_id":50,"name":"McSmart","slug":"mcsmart","term_group":0,"term_taxonomy_id":50,"taxonomy":"brand","description":"","parent":0,"count":11,"filter":"raw"}],"product_brand":[],"product_cat":[15],"product_tag":[],"class_list":{"0":"post-5254","1":"product","2":"type-product","3":"status-publish","4":"has-post-thumbnail","6":"brand-mcsmart","7":"product_cat-growkits","9":"first","10":"instock","11":"taxable","12":"shipping-taxable","13":"purchasable","14":"product-type-variable","15":"has-default-attributes"},"acf":[],"_links":{"self":[{"href":"https:\/\/www.paddo.shop\/it\/wp-json\/wp\/v2\/product\/5254","targetHints":{"allow":["GET"]}}],"collection":[{"href":"https:\/\/www.paddo.shop\/it\/wp-json\/wp\/v2\/product"}],"about":[{"href":"https:\/\/www.paddo.shop\/it\/wp-json\/wp\/v2\/types\/product"}],"replies":[{"embeddable":true,"href":"https:\/\/www.paddo.shop\/it\/wp-json\/wp\/v2\/comments?post=5254"}],"wp:featuredmedia":[{"embeddable":true,"href":"https:\/\/www.paddo.shop\/it\/wp-json\/wp\/v2\/media\/5880"}],"wp:attachment":[{"href":"https:\/\/www.paddo.shop\/it\/wp-json\/wp\/v2\/media?parent=5254"}],"wp:term":[{"taxonomy":"brand","embeddable":true,"href":"https:\/\/www.paddo.shop\/it\/wp-json\/wp\/v2\/etheme_brands?post=5254"},{"taxonomy":"product_brand","embeddable":true,"href":"https:\/\/www.paddo.shop\/it\/wp-json\/wp\/v2\/product_brand?post=5254"},{"taxonomy":"product_cat","embeddable":true,"href":"https:\/\/www.paddo.shop\/it\/wp-json\/wp\/v2\/product_cat?post=5254"},{"taxonomy":"product_tag","embeddable":true,"href":"https:\/\/www.paddo.shop\/it\/wp-json\/wp\/v2\/product_tag?post=5254"}],"curies":[{"name":"wp","href":"https:\/\/api.w.org\/{rel}","templated":true}]}}