{"id":5253,"date":"2022-07-20T09:16:26","date_gmt":"2022-07-20T09:16:26","guid":{"rendered":"https:\/\/www.paddo.shop\/?post_type=product&#038;p=5253"},"modified":"2023-10-09T13:35:46","modified_gmt":"2023-10-09T11:35:46","slug":"thai-paddo-growkit","status":"publish","type":"product","link":"https:\/\/www.paddo.shop\/it\/thai-paddo-growkit\/","title":{"rendered":"Thai Paddo Growkit"},"content":{"rendered":"<h2><strong>Acquista Thai Paddo Growkit<\/strong><\/h2>\n<p><span style=\"font-weight: 400;\">Se volete acquistare kit di coltivazione, siete nel posto giusto. Nel nostro negozio troverete solo kit di coltivazione affidabili ed efficaci. Sono prodotti dall'azienda olandese McSmart. Questa azienda \u00e8 conosciuta a livello internazionale come una delle pi\u00f9 rinomate nel campo dei tartufi magici e dei kit di coltivazione di funghi magici. Se si seguono le istruzioni fornite, si pu\u00f2 sempre contare su almeno un buon raccolto di funghi psichedelici, ma in molti casi si pu\u00f2 anche impostare il kit di coltivazione pi\u00f9 volte!<\/span><\/p>\n<p><span style=\"font-weight: 400;\">Ordinando oggi un Paddo Thai Growkit, lo riceverete a casa vostra in modo completamente discreto entro pochi giorni.<\/span><\/p>\n<h3><strong>Cosa c'\u00e8 in un Paddo Thai Growkit<\/strong><\/h3>\n<p><span style=\"font-weight: 400;\">contiene tutto il necessario per coltivare da soli i funghi magici Mexican. La confezione contiene: 1 contenitore di coltivazione pronto all'uso con micelio attivo, un sacchetto di coltivazione con filtri, 2 clip per chiudere il sacchetto e un volantino con le istruzioni. Tutto ci\u00f2 che occorre aggiungere \u00e8 acqua e un po' di amore.<\/span><\/p>\n<h3><strong>Quanto sono forti <\/strong><strong>Thai<\/strong><strong> funghi magici?<\/strong><\/h3>\n<p><span style=\"font-weight: 400;\">Di seguito troverete i tartufi magici della nostra gamma ordinati per forza psichedelica. Si va dal pi\u00f9 forte al pi\u00f9 leggero. In questo modo potrete vedere esattamente come i funghi magici Mexican si confrontano con gli altri.<\/span><\/p>\n<p><a href=\"https:\/\/www.paddo.shop\/it\/mckennaii-paddo-growkit\/\"><span style=\"font-weight: 400;\">McKennaii<\/span><span style=\"font-weight: 400;\"><br \/>\n<\/span><\/a><a href=\"https:\/\/www.paddo.shop\/it\/hawaiian-copelandia-paddo-growkit\/\"><span style=\"font-weight: 400;\">Hawaiian Copelandia<\/span><span style=\"font-weight: 400;\"><br \/>\n<\/span><\/a><a href=\"https:\/\/www.paddo.shop\/it\/golden-teacher-paddo-growkit\/\"><span style=\"font-weight: 400;\">Golden Teacher<\/span><span style=\"font-weight: 400;\"><br \/>\n<\/span><\/a><a href=\"https:\/\/www.paddo.shop\/it\/mazatapec-paddo-growkit\/\"><span style=\"font-weight: 400;\">Mazatapec<\/span><span style=\"font-weight: 400;\"><br \/>\n<\/span><\/a><a href=\"https:\/\/www.paddo.shop\/it\/colombian-paddo-growkit\/\"><span style=\"font-weight: 400;\">Colombian Paddo<\/span><span style=\"font-weight: 400;\"><br \/>\n<\/span><\/a><a href=\"https:\/\/www.paddo.shop\/it\/cambodian-paddo-growkit\/\"><span style=\"font-weight: 400;\">Cambodian Paddo<\/span><span style=\"font-weight: 400;\"><br \/>\n<\/span><\/a><a href=\"https:\/\/www.paddo.shop\/it\/ecuadorian-paddo-growkit\/\"><span style=\"font-weight: 400;\">Ecuadorian Paddo<\/span><span style=\"font-weight: 400;\"><br \/>\n<\/span><\/a><a href=\"https:\/\/www.paddo.shop\/it\/mexican-paddo-growkit\/\"><span style=\"font-weight: 400;\">Mexican Paddo<\/span><span style=\"font-weight: 400;\"><br \/>\n<\/span><\/a><a href=\"https:\/\/www.paddo.shop\/it\/b-plus-paddo-growkit\/\"><span style=\"font-weight: 400;\">B+ Paddo<\/span><span style=\"font-weight: 400;\"><br \/>\n<\/span><\/a><a href=\"https:\/\/www.paddo.shop\/it\/thai-paddo-growkit\/\"><span style=\"font-weight: 400;\">Thai Paddo<\/span><\/a><\/p>\n<h2><strong>Coltivate i vostri funghi Thai con un kit di coltivazione<\/strong><\/h2>\n<p><span style=\"font-weight: 400;\">Le Mexican sono tra i prodotti naturali psichedelici pi\u00f9 popolari oggi. Sono molto facili da coltivare con l'aiuto dei nostri kit di coltivazione. In pratica, tutto ci\u00f2 che serve \u00e8 un kit di coltivazione, un po' d'acqua e un po' di pazienza. Per essere sicuri che tutto vada bene, vi forniamo anche le istruzioni. Se vi attenete a queste istruzioni, potrete raccogliere i vostri primi funghi entro poche settimane.<\/span><\/p>\n<h3><strong>De beste paddo growkit tips van 2026<\/strong><\/h3>\n<p><span style=\"font-weight: 400;\">Coltivare i propri funghi magici \u00e8 molto facile utilizzando un kit di coltivazione. Tuttavia, \u00e8 importante seguire le istruzioni fornite. Poich\u00e9 abbiamo a che fare con un organismo vivente, ci sono una serie di cose che dovete assolutamente fare. <\/span><strong>non<\/strong><span style=\"font-weight: 400;\"> dovrebbe fare. Volete assicurarvi un buon raccolto di funghi coltivati in casa? Allora date un'occhiata qui <\/span><a href=\"https:\/\/www.paddo.shop\/it\/growkit-instructies\/\"><span style=\"font-weight: 400;\">de beste paddo growkit tips van 2026<\/span><\/a><span style=\"font-weight: 400;\">.<\/span><\/p>\n<p><strong>Importante:<\/strong><strong><br \/>\n<\/strong><span style=\"font-weight: 400;\">Coltivare funghi magici \u00e8 incredibilmente divertente e soddisfacente. Ma attenzione: i funghi (funghi magici) contengono naturalmente anche le sostanze psilocibina e psilocina. La psilocibina e la psilocina sono allucinogeni. Gli allucinogeni sono sostanze con effetti di alterazione della coscienza che, tra l'altro, possono indurre allucinazioni. Tenetelo a mente. E tenete sempre fuori dalla portata dei bambini sia il growkit che i funghi!<\/span><\/p>\n<h2>Le domande pi\u00f9 frequenti<\/h2>\n<p>Di seguito sono riportate le 5 domande pi\u00f9 frequenti relative all'Thai. Avete ancora domande dopo tutte le informazioni contenute in questa pagina? <a href=\"https:\/\/www.paddo.shop\/it\/contact\/\">Allora contattateci<\/a> e vi aiuteremo immediatamente.<\/p>\n\t\t<div data-elementor-type=\"section\" data-elementor-id=\"8215\" class=\"elementor elementor-8215\" data-elementor-post-type=\"elementor_library\">\n\t\t\t\t\t<section class=\"elementor-section elementor-top-section elementor-element elementor-element-a20d66a elementor-section-boxed elementor-section-height-default elementor-section-height-default\" data-id=\"a20d66a\" data-element_type=\"section\">\n\t\t\t\t\t\t<div class=\"elementor-container elementor-column-gap-default\">\n\t\t\t\t\t<div class=\"elementor-column elementor-col-100 elementor-top-column elementor-element elementor-element-5ae8cb5\" data-id=\"5ae8cb5\" data-element_type=\"column\">\n\t\t\t<div class=\"elementor-widget-wrap elementor-element-populated\">\n\t\t\t\t\t\t<div class=\"elementor-element elementor-element-5207599 elementor-widget__width-initial elementor-widget elementor-widget-accordion\" data-id=\"5207599\" data-element_type=\"widget\" data-widget_type=\"accordion.default\">\n\t\t\t\t<div class=\"elementor-widget-container\">\n\t\t\t\t\t\t\t<div class=\"elementor-accordion\">\n\t\t\t\t\t\t\t<div class=\"elementor-accordion-item\">\n\t\t\t\t\t<h3 id=\"elementor-tab-title-8601\" class=\"elementor-tab-title\" data-tab=\"1\" role=\"button\" aria-controls=\"elementor-tab-content-8601\" aria-expanded=\"false\">\n\t\t\t\t\t\t\t\t\t\t\t\t\t<span class=\"elementor-accordion-icon elementor-accordion-icon-right\" aria-hidden=\"true\">\n\t\t\t\t\t\t\t\t\t\t\t\t\t\t\t<span class=\"elementor-accordion-icon-closed\"><i class=\"fas fa-plus\"><\/i><\/span>\n\t\t\t\t\t\t\t\t<span class=\"elementor-accordion-icon-opened\"><i class=\"fas fa-minus\"><\/i><\/span>\n\t\t\t\t\t\t\t\t\t\t\t\t\t\t<\/span>\n\t\t\t\t\t\t\t\t\t\t\t\t<a class=\"elementor-accordion-title\" tabindex=\"0\">Cosa rende i funghi Thai una scelta popolare tra i viaggiatori e gli psiconauti?<\/a>\n\t\t\t\t\t<\/h3>\n\t\t\t\t\t<div id=\"elementor-tab-content-8601\" class=\"elementor-tab-content elementor-clearfix\" data-tab=\"1\" role=\"region\" aria-labelledby=\"elementor-tab-title-8601\"><p>I funghi magici Thai sono noti per i loro effetti edificanti e sociali. Possono creare un senso di euforia e di connessione, perfetto per le situazioni sociali o i festival. I viaggiatori e gli psiconauti sono particolarmente innamorati di queste propriet\u00e0 uniche. Inoltre, sono relativamente facili da coltivare, il che le rende una scelta preferita sia dai coltivatori principianti che da quelli esperti. Se siete interessati a confrontare i funghi Thai con altre variet\u00e0, potete dare un'occhiata al nostro sito <a href=\"https:\/\/www.paddo.shop\/it\/growkits\/\" target=\"_new\">pagina di confronto<\/a>.<\/p>\n<\/div>\n\t\t\t\t<\/div>\n\t\t\t\t\t\t\t<div class=\"elementor-accordion-item\">\n\t\t\t\t\t<h3 id=\"elementor-tab-title-8602\" class=\"elementor-tab-title\" data-tab=\"2\" role=\"button\" aria-controls=\"elementor-tab-content-8602\" aria-expanded=\"false\">\n\t\t\t\t\t\t\t\t\t\t\t\t\t<span class=\"elementor-accordion-icon elementor-accordion-icon-right\" aria-hidden=\"true\">\n\t\t\t\t\t\t\t\t\t\t\t\t\t\t\t<span class=\"elementor-accordion-icon-closed\"><i class=\"fas fa-plus\"><\/i><\/span>\n\t\t\t\t\t\t\t\t<span class=\"elementor-accordion-icon-opened\"><i class=\"fas fa-minus\"><\/i><\/span>\n\t\t\t\t\t\t\t\t\t\t\t\t\t\t<\/span>\n\t\t\t\t\t\t\t\t\t\t\t\t<a class=\"elementor-accordion-title\" tabindex=\"0\">Come posso prolungare la vitalit\u00e0 delle spore nel kit di coltivazione di funghi Thai?<\/a>\n\t\t\t\t\t<\/h3>\n\t\t\t\t\t<div id=\"elementor-tab-content-8602\" class=\"elementor-tab-content elementor-clearfix\" data-tab=\"2\" role=\"region\" aria-labelledby=\"elementor-tab-title-8602\"><p>La vitalit\u00e0 delle spore pu\u00f2 essere prolungata conservandole in un luogo fresco, buio e asciutto. \u00c8 importante evitare la luce diretta del sole e l'umidit\u00e0. Se non siete sicuri di come fare, consultate il nostro sito <a href=\"https:\/\/www.paddo.shop\/it\/growkit-instructies\/\" target=\"_new\">pagina di istruzioni del growkit<\/a> per maggiori informazioni.<\/p>\n<\/div>\n\t\t\t\t<\/div>\n\t\t\t\t\t\t\t<div class=\"elementor-accordion-item\">\n\t\t\t\t\t<h3 id=\"elementor-tab-title-8603\" class=\"elementor-tab-title\" data-tab=\"3\" role=\"button\" aria-controls=\"elementor-tab-content-8603\" aria-expanded=\"false\">\n\t\t\t\t\t\t\t\t\t\t\t\t\t<span class=\"elementor-accordion-icon elementor-accordion-icon-right\" aria-hidden=\"true\">\n\t\t\t\t\t\t\t\t\t\t\t\t\t\t\t<span class=\"elementor-accordion-icon-closed\"><i class=\"fas fa-plus\"><\/i><\/span>\n\t\t\t\t\t\t\t\t<span class=\"elementor-accordion-icon-opened\"><i class=\"fas fa-minus\"><\/i><\/span>\n\t\t\t\t\t\t\t\t\t\t\t\t\t\t<\/span>\n\t\t\t\t\t\t\t\t\t\t\t\t<a class=\"elementor-accordion-title\" tabindex=\"0\">Ci sono considerazioni stagionali per la coltivazione dei funghi Thai?<\/a>\n\t\t\t\t\t<\/h3>\n\t\t\t\t\t<div id=\"elementor-tab-content-8603\" class=\"elementor-tab-content elementor-clearfix\" data-tab=\"3\" role=\"region\" aria-labelledby=\"elementor-tab-title-8603\"><p>I funghi Thai sono abbastanza adattabili, ma amano le temperature pi\u00f9 calde. Nei mesi pi\u00f9 freddi, quindi, pu\u00f2 essere utile utilizzare un tappetino termico per mantenere la temperatura di coltivazione ideale. Per ulteriori consigli sulla coltivazione stagionale dei funghi, consultate il nostro sito <a href=\"https:\/\/www.paddo.shop\/it\/paddo-growkit-kweekverslag\/\" target=\"_new\">pagina del rapporto di allevamento<\/a>.<\/p>\n<\/div>\n\t\t\t\t<\/div>\n\t\t\t\t\t\t\t<div class=\"elementor-accordion-item\">\n\t\t\t\t\t<h3 id=\"elementor-tab-title-8604\" class=\"elementor-tab-title\" data-tab=\"4\" role=\"button\" aria-controls=\"elementor-tab-content-8604\" aria-expanded=\"false\">\n\t\t\t\t\t\t\t\t\t\t\t\t\t<span class=\"elementor-accordion-icon elementor-accordion-icon-right\" aria-hidden=\"true\">\n\t\t\t\t\t\t\t\t\t\t\t\t\t\t\t<span class=\"elementor-accordion-icon-closed\"><i class=\"fas fa-plus\"><\/i><\/span>\n\t\t\t\t\t\t\t\t<span class=\"elementor-accordion-icon-opened\"><i class=\"fas fa-minus\"><\/i><\/span>\n\t\t\t\t\t\t\t\t\t\t\t\t\t\t<\/span>\n\t\t\t\t\t\t\t\t\t\t\t\t<a class=\"elementor-accordion-title\" tabindex=\"0\">Come rispondono i funghi Thai alle diverse condizioni di luce in questo kit di coltivazione?<\/a>\n\t\t\t\t\t<\/h3>\n\t\t\t\t\t<div id=\"elementor-tab-content-8604\" class=\"elementor-tab-content elementor-clearfix\" data-tab=\"4\" role=\"region\" aria-labelledby=\"elementor-tab-title-8604\"><p>La luce \u00e8 importante per la crescita dei funghi Thai, ma non \u00e8 necessaria una fonte di luce forte. Va bene la luce solare indiretta o una normale lampada da camera. Evitate la luce diretta del sole, perch\u00e9 potrebbe seccare il kit di coltivazione. Per maggiori dettagli sulle condizioni ideali di coltivazione, consultate il nostro sito <a href=\"https:\/\/www.paddo.shop\/it\/growkit-instructies\/\" target=\"_new\">pagina di istruzioni<\/a>.<\/p>\n<\/div>\n\t\t\t\t<\/div>\n\t\t\t\t\t\t\t<div class=\"elementor-accordion-item\">\n\t\t\t\t\t<h3 id=\"elementor-tab-title-8605\" class=\"elementor-tab-title\" data-tab=\"5\" role=\"button\" aria-controls=\"elementor-tab-content-8605\" aria-expanded=\"false\">\n\t\t\t\t\t\t\t\t\t\t\t\t\t<span class=\"elementor-accordion-icon elementor-accordion-icon-right\" aria-hidden=\"true\">\n\t\t\t\t\t\t\t\t\t\t\t\t\t\t\t<span class=\"elementor-accordion-icon-closed\"><i class=\"fas fa-plus\"><\/i><\/span>\n\t\t\t\t\t\t\t\t<span class=\"elementor-accordion-icon-opened\"><i class=\"fas fa-minus\"><\/i><\/span>\n\t\t\t\t\t\t\t\t\t\t\t\t\t\t<\/span>\n\t\t\t\t\t\t\t\t\t\t\t\t<a class=\"elementor-accordion-title\" tabindex=\"0\">Quali sono i modi migliori per consumare i funghi Thai per un'esperienza piacevole?<\/a>\n\t\t\t\t\t<\/h3>\n\t\t\t\t\t<div id=\"elementor-tab-content-8605\" class=\"elementor-tab-content elementor-clearfix\" data-tab=\"5\" role=\"region\" aria-labelledby=\"elementor-tab-title-8605\"><p>I funghi Thai possono essere consumati crudi, trasformati in t\u00e8 o mescolati al cibo. \u00c8 importante iniziare con una dose pi\u00f9 bassa, soprattutto se si \u00e8 alle prime armi con i funghi magici. Anche un ambiente calmo e confortevole pu\u00f2 contribuire a rendere l'esperienza piacevole. Volete saperne di pi\u00f9 sul dosaggio? Consultate il nostro <a href=\"https:\/\/www.paddo.shop\/it\/vind-dosering\/\" target=\"_new\">pagina di dosaggio.<\/a><\/p>\n<\/div>\n\t\t\t\t<\/div>\n\t\t\t\t\t\t\t\t\t\t<script type=\"application\/ld+json\">{\n    \"@context\": \"https:\\\/\\\/schema.org\",\n    \"@type\": \"FAQPage\",\n    \"mainEntity\": [\n        {\n            \"@type\": \"Question\",\n            \"name\": \"Wat maakt Thai paddo's een populaire keuze onder reizigers en psychonauten?\",\n            \"acceptedAnswer\": {\n                \"@type\": \"Answer\",\n                \"text\": \"<p>Thai paddo&#8217;s staan bekend om hun opwekkende en sociale effecten. Ze kunnen een gevoel van euforie en verbondenheid cre\\u00ebren, wat perfect is voor sociale situaties of festivals. Vooral reizigers en psychonauten zijn gecharmeerd van deze unieke eigenschappen. Bovendien zijn ze relatief makkelijk te kweken, wat ze een favoriete keuze maakt voor zowel beginners als ervaren kwekers. Als je ge\\u00efnteresseerd bent in het vergelijken van Thai paddo&#8217;s met andere soorten, kan je een kijkje nemen op onze <a href=\\\"https:\\\/\\\/www.paddo.shop\\\/growkits\\\/\\\" target=\\\"_new\\\">vergelijkingspagina<\\\/a>.<\\\/p>\\n\"\n            }\n        },\n        {\n            \"@type\": \"Question\",\n            \"name\": \"Hoe kan ik de levensvatbaarheid van de sporen in de Thai paddo growkit verlengen?\",\n            \"acceptedAnswer\": {\n                \"@type\": \"Answer\",\n                \"text\": \"<p>De levensvatbaarheid van de sporen kan worden verlengd door ze op een koele, donkere en droge plaats te bewaren. Het is belangrijk om direct zonlicht en vocht te vermijden. Als je niet zeker weet hoe je dit moet doen, check dan onze <a href=\\\"https:\\\/\\\/www.paddo.shop\\\/growkit-instructies\\\/\\\" target=\\\"_new\\\">growkit instructiespagina<\\\/a> voor meer informatie.<\\\/p>\\n\"\n            }\n        },\n        {\n            \"@type\": \"Question\",\n            \"name\": \"Zijn er seizoensgebonden overwegingen voor het kweken van Thai paddo\\u2019s?\",\n            \"acceptedAnswer\": {\n                \"@type\": \"Answer\",\n                \"text\": \"<p>Thai paddo\\u2019s zijn redelijk flexibel, maar ze houden van warmere temperaturen. In de koudere maanden kan het daarom nuttig zijn om een warmtemat te gebruiken om de ideale groeitemperatuur te behouden. Meer tips over het kweken van paddo&#8217;s per seizoen vind je op onze <a href=\\\"https:\\\/\\\/www.paddo.shop\\\/paddo-growkit-kweekverslag\\\/\\\" target=\\\"_new\\\">kweekverslagpagina<\\\/a>.<\\\/p>\\n\"\n            }\n        },\n        {\n            \"@type\": \"Question\",\n            \"name\": \"Hoe reageren Thai paddo's op verschillende lichtomstandigheden in deze growkit?\",\n            \"acceptedAnswer\": {\n                \"@type\": \"Answer\",\n                \"text\": \"<p>Licht is belangrijk voor de groei van Thai paddo&#8217;s, maar ze hebben geen sterke lichtbron nodig. Indirect zonlicht of een gewone kamerlamp is voldoende. Vermijd direct zonlicht, want dat kan de growkit uitdrogen. Voor meer details over de ideale groeiomstandigheden, neem een kijkje op onze <a href=\\\"https:\\\/\\\/www.paddo.shop\\\/growkit-instructies\\\/\\\" target=\\\"_new\\\">instructiespagina<\\\/a>.<\\\/p>\\n\"\n            }\n        },\n        {\n            \"@type\": \"Question\",\n            \"name\": \"Wat zijn de beste manieren om Thai paddo\\u2019s te consumeren voor een aangename ervaring?\",\n            \"acceptedAnswer\": {\n                \"@type\": \"Answer\",\n                \"text\": \"<p>Thai paddo&#8217;s kunnen rauw worden gegeten, in thee worden gezet of met voedsel worden gemengd. Het is belangrijk om te starten met een lagere dosis, vooral als je nieuw bent met paddo&#8217;s. Een rustige en comfortabele setting kan ook bijdragen aan een aangename ervaring. Wil je meer weten over dosering? Check onze <a href=\\\"https:\\\/\\\/www.paddo.shop\\\/vind-dosering\\\/\\\" target=\\\"_new\\\">dosering pagina.<\\\/a><\\\/p>\\n\"\n            }\n        }\n    ]\n}<\/script>\n\t\t\t\t\t<\/div>\n\t\t\t\t\t\t<\/div>\n\t\t\t\t<\/div>\n\t\t\t\t\t<\/div>\n\t\t<\/div>\n\t\t\t\t\t<\/div>\n\t\t<\/section>\n\t\t\t\t<\/div>","protected":false},"excerpt":{"rendered":"<p>Naturalmente, avete indovinato da dove proviene la variet\u00e0 Thai Paddo Growkit. La Thai Paddo Growkit ha le sue radici nella Thailandia. Questo fungo da festa viene ingerito dagli abitanti dell'Thai in tutti i modi prima dell'inizio di una festa. Per esempio, ci fanno il t\u00e8, ci fanno i frullati, lo incorporano fresco nei cibi o lo mangiano essiccato. Siete gi\u00e0 pronti per una festa? Allora assicuratevi di avere in casa il Paddo Thai Growkit. In pochi giorni avrete un bel raccolto e la festa potr\u00e0 iniziare.<\/p>","protected":false},"featured_media":5887,"comment_status":"closed","ping_status":"closed","template":"","meta":{"_acf_changed":false},"etheme_brands":[{"term_id":50,"name":"McSmart","slug":"mcsmart","term_group":0,"term_taxonomy_id":50,"taxonomy":"brand","description":"","parent":0,"count":11,"filter":"raw"}],"product_brand":[],"product_cat":[15],"product_tag":[],"class_list":{"0":"post-5253","1":"product","2":"type-product","3":"status-publish","4":"has-post-thumbnail","6":"brand-mcsmart","7":"product_cat-growkits","9":"first","10":"instock","11":"taxable","12":"shipping-taxable","13":"purchasable","14":"product-type-variable","15":"has-default-attributes"},"acf":[],"_links":{"self":[{"href":"https:\/\/www.paddo.shop\/it\/wp-json\/wp\/v2\/product\/5253","targetHints":{"allow":["GET"]}}],"collection":[{"href":"https:\/\/www.paddo.shop\/it\/wp-json\/wp\/v2\/product"}],"about":[{"href":"https:\/\/www.paddo.shop\/it\/wp-json\/wp\/v2\/types\/product"}],"replies":[{"embeddable":true,"href":"https:\/\/www.paddo.shop\/it\/wp-json\/wp\/v2\/comments?post=5253"}],"wp:featuredmedia":[{"embeddable":true,"href":"https:\/\/www.paddo.shop\/it\/wp-json\/wp\/v2\/media\/5887"}],"wp:attachment":[{"href":"https:\/\/www.paddo.shop\/it\/wp-json\/wp\/v2\/media?parent=5253"}],"wp:term":[{"taxonomy":"brand","embeddable":true,"href":"https:\/\/www.paddo.shop\/it\/wp-json\/wp\/v2\/etheme_brands?post=5253"},{"taxonomy":"product_brand","embeddable":true,"href":"https:\/\/www.paddo.shop\/it\/wp-json\/wp\/v2\/product_brand?post=5253"},{"taxonomy":"product_cat","embeddable":true,"href":"https:\/\/www.paddo.shop\/it\/wp-json\/wp\/v2\/product_cat?post=5253"},{"taxonomy":"product_tag","embeddable":true,"href":"https:\/\/www.paddo.shop\/it\/wp-json\/wp\/v2\/product_tag?post=5253"}],"curies":[{"name":"wp","href":"https:\/\/api.w.org\/{rel}","templated":true}]}}