{"id":5252,"date":"2022-07-20T09:16:20","date_gmt":"2022-07-20T09:16:20","guid":{"rendered":"https:\/\/www.paddo.shop\/?post_type=product&#038;p=5252"},"modified":"2023-10-09T13:35:46","modified_gmt":"2023-10-09T11:35:46","slug":"cambodian-paddo-growkit","status":"publish","type":"product","link":"https:\/\/www.paddo.shop\/it\/cambodian-paddo-growkit\/","title":{"rendered":"Cambodian Paddo Growkit"},"content":{"rendered":"<h2><strong>Acquistare Cambodian Paddo Growkit<\/strong><\/h2>\n<p><span style=\"font-weight: 400;\">Se volete acquistare kit di coltivazione, siete nel posto giusto. Nel nostro negozio troverete solo kit di coltivazione affidabili ed efficaci. Sono prodotti dall'azienda olandese McSmart. Questa azienda \u00e8 conosciuta a livello internazionale come una delle pi\u00f9 rinomate nel campo dei tartufi magici e dei kit di coltivazione di funghi magici. Se si seguono le istruzioni fornite, si pu\u00f2 sempre contare su almeno un buon raccolto di funghi psichedelici, ma in molti casi si pu\u00f2 anche impostare il kit di coltivazione pi\u00f9 volte!<\/span><\/p>\n<p><span style=\"font-weight: 400;\">Ordinando oggi un Paddo Cambodian Growkit, lo riceverete a casa vostra in modo completamente discreto entro pochi giorni.<\/span><\/p>\n<h3><strong>Cosa c'\u00e8 in un Paddo Cambodian Growkit<\/strong><\/h3>\n<p><span style=\"font-weight: 400;\">contiene tutto il necessario per coltivare da soli i funghi magici Mexican. La confezione contiene: 1 contenitore di coltivazione pronto all'uso con micelio attivo, un sacchetto di coltivazione con filtri, 2 clip per chiudere il sacchetto e un volantino con le istruzioni. Tutto ci\u00f2 che occorre aggiungere \u00e8 acqua e un po' di amore.<\/span><\/p>\n<h3><strong>Quanto sono forti <\/strong><strong>Cambodian<\/strong><strong> funghi magici?<\/strong><\/h3>\n<p><span style=\"font-weight: 400;\">Di seguito troverete i tartufi magici della nostra gamma ordinati per forza psichedelica. Si va dal pi\u00f9 forte al pi\u00f9 leggero. In questo modo potrete vedere esattamente come i funghi magici Mexican si confrontano con gli altri.<\/span><\/p>\n<p><a href=\"https:\/\/www.paddo.shop\/it\/mckennaii-paddo-growkit\/\"><span style=\"font-weight: 400;\">McKennaii<\/span><span style=\"font-weight: 400;\"><br \/>\n<\/span><\/a><a href=\"https:\/\/www.paddo.shop\/it\/hawaiian-copelandia-paddo-growkit\/\"><span style=\"font-weight: 400;\">Hawaiian Copelandia<\/span><span style=\"font-weight: 400;\"><br \/>\n<\/span><\/a><a href=\"https:\/\/www.paddo.shop\/it\/golden-teacher-paddo-growkit\/\"><span style=\"font-weight: 400;\">Golden Teacher<\/span><span style=\"font-weight: 400;\"><br \/>\n<\/span><\/a><a href=\"https:\/\/www.paddo.shop\/it\/mazatapec-paddo-growkit\/\"><span style=\"font-weight: 400;\">Mazatapec<\/span><span style=\"font-weight: 400;\"><br \/>\n<\/span><\/a><a href=\"https:\/\/www.paddo.shop\/it\/colombian-paddo-growkit\/\"><span style=\"font-weight: 400;\">Colombian Paddo<\/span><span style=\"font-weight: 400;\"><br \/>\n<\/span><\/a><a href=\"https:\/\/www.paddo.shop\/it\/cambodian-paddo-growkit\/\"><span style=\"font-weight: 400;\">Cambodian Paddo<\/span><span style=\"font-weight: 400;\"><br \/>\n<\/span><\/a><a href=\"https:\/\/www.paddo.shop\/it\/ecuadorian-paddo-growkit\/\"><span style=\"font-weight: 400;\">Ecuadorian Paddo<\/span><span style=\"font-weight: 400;\"><br \/>\n<\/span><\/a><a href=\"https:\/\/www.paddo.shop\/it\/mexican-paddo-growkit\/\"><span style=\"font-weight: 400;\">Mexican Paddo<\/span><span style=\"font-weight: 400;\"><br \/>\n<\/span><\/a><a href=\"https:\/\/www.paddo.shop\/it\/b-plus-paddo-growkit\/\"><span style=\"font-weight: 400;\">B+ Paddo<\/span><span style=\"font-weight: 400;\"><br \/>\n<\/span><\/a><a href=\"https:\/\/www.paddo.shop\/it\/thai-paddo-growkit\/\"><span style=\"font-weight: 400;\">Thai Paddo<\/span><\/a><\/p>\n<h2><strong>Coltivate i vostri funghi Cambodian con il kit di coltivazione<\/strong><\/h2>\n<p><span style=\"font-weight: 400;\">Le Mexican sono tra i prodotti naturali psichedelici pi\u00f9 popolari oggi. Sono molto facili da coltivare con l'aiuto dei nostri kit di coltivazione. In pratica, tutto ci\u00f2 che serve \u00e8 un kit di coltivazione, un po' d'acqua e un po' di pazienza. Per essere sicuri che tutto vada bene, vi forniamo anche le istruzioni. Se vi attenete a queste istruzioni, potrete raccogliere i vostri primi funghi entro poche settimane.<\/span><\/p>\n<h3><strong>De beste paddo growkit tips van 2026<\/strong><\/h3>\n<p><span style=\"font-weight: 400;\">Coltivare i propri funghi magici \u00e8 molto facile utilizzando un kit di coltivazione. Tuttavia, \u00e8 importante seguire le istruzioni fornite. Poich\u00e9 abbiamo a che fare con un organismo vivente, ci sono una serie di cose che dovete assolutamente fare. <\/span><strong>non<\/strong><span style=\"font-weight: 400;\"> dovrebbe fare. Volete assicurarvi un buon raccolto di funghi coltivati in casa? Allora date un'occhiata qui <\/span><a href=\"https:\/\/www.paddo.shop\/it\/growkit-instructies\/\"><span style=\"font-weight: 400;\">de beste paddo growkit tips van 2026<\/span><\/a><span style=\"font-weight: 400;\">.<\/span><\/p>\n<p><strong>Importante:<\/strong><strong><br \/>\n<\/strong><span style=\"font-weight: 400;\">Coltivare funghi magici \u00e8 incredibilmente divertente e soddisfacente. Ma attenzione: i funghi (funghi magici) contengono naturalmente anche le sostanze psilocibina e psilocina. La psilocibina e la psilocina sono allucinogeni. Gli allucinogeni sono sostanze con effetti di alterazione della coscienza che, tra l'altro, possono indurre allucinazioni. Tenetelo a mente. E tenete sempre fuori dalla portata dei bambini sia il growkit che i funghi!<\/span><\/p>\n<h2>Le domande pi\u00f9 frequenti<\/h2>\n<p>Di seguito sono riportate le 5 domande pi\u00f9 frequenti relative all'Cambodian. Avete ancora domande dopo tutte le informazioni contenute in questa pagina? <a href=\"https:\/\/www.paddo.shop\/it\/contact\/\">Allora contattateci<\/a> e vi aiuteremo immediatamente.<\/p>\n\t\t<div data-elementor-type=\"section\" data-elementor-id=\"8215\" class=\"elementor elementor-8215\" data-elementor-post-type=\"elementor_library\">\n\t\t\t\t\t<section class=\"elementor-section elementor-top-section elementor-element elementor-element-a20d66a elementor-section-boxed elementor-section-height-default elementor-section-height-default\" data-id=\"a20d66a\" data-element_type=\"section\">\n\t\t\t\t\t\t<div class=\"elementor-container elementor-column-gap-default\">\n\t\t\t\t\t<div class=\"elementor-column elementor-col-100 elementor-top-column elementor-element elementor-element-5ae8cb5\" data-id=\"5ae8cb5\" data-element_type=\"column\">\n\t\t\t<div class=\"elementor-widget-wrap elementor-element-populated\">\n\t\t\t\t\t\t<div class=\"elementor-element elementor-element-5207599 elementor-widget__width-initial elementor-widget elementor-widget-accordion\" data-id=\"5207599\" data-element_type=\"widget\" data-widget_type=\"accordion.default\">\n\t\t\t\t<div class=\"elementor-widget-container\">\n\t\t\t\t\t\t\t<div class=\"elementor-accordion\">\n\t\t\t\t\t\t\t<div class=\"elementor-accordion-item\">\n\t\t\t\t\t<h3 id=\"elementor-tab-title-8601\" class=\"elementor-tab-title\" data-tab=\"1\" role=\"button\" aria-controls=\"elementor-tab-content-8601\" aria-expanded=\"false\">\n\t\t\t\t\t\t\t\t\t\t\t\t\t<span class=\"elementor-accordion-icon elementor-accordion-icon-right\" aria-hidden=\"true\">\n\t\t\t\t\t\t\t\t\t\t\t\t\t\t\t<span class=\"elementor-accordion-icon-closed\"><i class=\"fas fa-plus\"><\/i><\/span>\n\t\t\t\t\t\t\t\t<span class=\"elementor-accordion-icon-opened\"><i class=\"fas fa-minus\"><\/i><\/span>\n\t\t\t\t\t\t\t\t\t\t\t\t\t\t<\/span>\n\t\t\t\t\t\t\t\t\t\t\t\t<a class=\"elementor-accordion-title\" tabindex=\"0\">Perch\u00e9 i funghi Cambodian sono una buona scelta per chi cerca viaggi visivi?<\/a>\n\t\t\t\t\t<\/h3>\n\t\t\t\t\t<div id=\"elementor-tab-content-8601\" class=\"elementor-tab-content elementor-clearfix\" data-tab=\"1\" role=\"region\" aria-labelledby=\"elementor-tab-title-8601\"><p>I funghi Cambodian sono rinomati per i loro intensi effetti visivi, che li rendono la scelta migliore per chi cerca un'esperienza psichedelica colorata e visivamente stimolante. Questi funghi possono alterare la percezione dei colori, delle forme e dei modelli, facendo s\u00ec che l'ambiente circostante sembri danzare e pulsare con una nuova vivacit\u00e0. L'esperienza pu\u00f2 cambiare temporaneamente la visione del mondo circostante, facendovi vedere la bellezza di cose che prima vi erano sfuggite. Se siete interessati ad altre specie di funghi in grado di offrire esperienze visive, il <a href=\"https:\/\/www.paddo.shop\/it\/mexican-paddo-growkit\/\" target=\"_new\">Mexican Paddo Growkit<\/a> anche qualcosa che fa al caso vostro. Questi funghi magici sono noti anche per la loro capacit\u00e0 di indurre allucinazioni visive e alterazioni della percezione della realt\u00e0.<\/p>\n<\/div>\n\t\t\t\t<\/div>\n\t\t\t\t\t\t\t<div class=\"elementor-accordion-item\">\n\t\t\t\t\t<h3 id=\"elementor-tab-title-8602\" class=\"elementor-tab-title\" data-tab=\"2\" role=\"button\" aria-controls=\"elementor-tab-content-8602\" aria-expanded=\"false\">\n\t\t\t\t\t\t\t\t\t\t\t\t\t<span class=\"elementor-accordion-icon elementor-accordion-icon-right\" aria-hidden=\"true\">\n\t\t\t\t\t\t\t\t\t\t\t\t\t\t\t<span class=\"elementor-accordion-icon-closed\"><i class=\"fas fa-plus\"><\/i><\/span>\n\t\t\t\t\t\t\t\t<span class=\"elementor-accordion-icon-opened\"><i class=\"fas fa-minus\"><\/i><\/span>\n\t\t\t\t\t\t\t\t\t\t\t\t\t\t<\/span>\n\t\t\t\t\t\t\t\t\t\t\t\t<a class=\"elementor-accordion-title\" tabindex=\"0\">Come posso gestire gli sbalzi di temperatura durante la coltivazione dei funghi Cambodian?<\/a>\n\t\t\t\t\t<\/h3>\n\t\t\t\t\t<div id=\"elementor-tab-content-8602\" class=\"elementor-tab-content elementor-clearfix\" data-tab=\"2\" role=\"region\" aria-labelledby=\"elementor-tab-title-8602\"><p>La temperatura gioca un ruolo fondamentale nella coltivazione dei funghi Cambodian. Idealmente, questi funghi dovrebbero essere coltivati a una temperatura costante tra i 21 e i 24 gradi Celsius. Tuttavia, se la temperatura in casa vostra oscilla, ci sono dei modi per gestirla. Nei periodi pi\u00f9 freddi, si pu\u00f2 usare un tappetino riscaldante per mantenere la temperatura, mentre nei periodi pi\u00f9 caldi si pu\u00f2 collocare il fungo in una stanza pi\u00f9 fresca o usare un ventilatore per abbassare la temperatura. Se state pensando di coltivare in stagioni diverse e siete preoccupati per le fluttuazioni di temperatura, un ceppo alternativo come quelli del <a href=\"https:\/\/www.paddo.shop\/it\/ecuadorian-paddo-growkit\/\" target=\"_new\">Ecuadorian Paddo Growkit<\/a> sono una buona scelta per la loro capacit\u00e0 di crescere in un'ampia gamma di temperature.<\/p>\n<\/div>\n\t\t\t\t<\/div>\n\t\t\t\t\t\t\t<div class=\"elementor-accordion-item\">\n\t\t\t\t\t<h3 id=\"elementor-tab-title-8603\" class=\"elementor-tab-title\" data-tab=\"3\" role=\"button\" aria-controls=\"elementor-tab-content-8603\" aria-expanded=\"false\">\n\t\t\t\t\t\t\t\t\t\t\t\t\t<span class=\"elementor-accordion-icon elementor-accordion-icon-right\" aria-hidden=\"true\">\n\t\t\t\t\t\t\t\t\t\t\t\t\t\t\t<span class=\"elementor-accordion-icon-closed\"><i class=\"fas fa-plus\"><\/i><\/span>\n\t\t\t\t\t\t\t\t<span class=\"elementor-accordion-icon-opened\"><i class=\"fas fa-minus\"><\/i><\/span>\n\t\t\t\t\t\t\t\t\t\t\t\t\t\t<\/span>\n\t\t\t\t\t\t\t\t\t\t\t\t<a class=\"elementor-accordion-title\" tabindex=\"0\">I funghi Cambodian contenuti in questo kit di coltivazione sono resistenti ad alcuni funghi comuni?<\/a>\n\t\t\t\t\t<\/h3>\n\t\t\t\t\t<div id=\"elementor-tab-content-8603\" class=\"elementor-tab-content elementor-clearfix\" data-tab=\"3\" role=\"region\" aria-labelledby=\"elementor-tab-title-8603\"><p>Sebbene i funghi Cambodian abbiano un certo grado di resistenza ad alcuni funghi, non ne sono immuni. Le muffe sono un problema comune nella coltivazione dei funghi e la migliore difesa contro di esse \u00e8 la prevenzione. Ci\u00f2 include misure come il mantenimento di una buona igiene, l'evitare un'irrigazione eccessiva e la garanzia di un'adeguata circolazione dell'aria. Se notate della muffa nel vostro kit di coltivazione, \u00e8 importante pulire l'area interessata o, nei casi pi\u00f9 gravi, rimuovere le parti infette per evitare un'ulteriore diffusione. Per un aiuto nell'identificazione e nel trattamento dei parassiti e delle malattie pi\u00f9 comuni, consultate il nostro sito <a href=\"https:\/\/www.paddo.shop\/it\/contact\/\" target=\"_new\">pagina di contatto<\/a> consultate per ottenere l'aiuto dei nostri esperti.<\/p>\n<\/div>\n\t\t\t\t<\/div>\n\t\t\t\t\t\t\t<div class=\"elementor-accordion-item\">\n\t\t\t\t\t<h3 id=\"elementor-tab-title-8604\" class=\"elementor-tab-title\" data-tab=\"4\" role=\"button\" aria-controls=\"elementor-tab-content-8604\" aria-expanded=\"false\">\n\t\t\t\t\t\t\t\t\t\t\t\t\t<span class=\"elementor-accordion-icon elementor-accordion-icon-right\" aria-hidden=\"true\">\n\t\t\t\t\t\t\t\t\t\t\t\t\t\t\t<span class=\"elementor-accordion-icon-closed\"><i class=\"fas fa-plus\"><\/i><\/span>\n\t\t\t\t\t\t\t\t<span class=\"elementor-accordion-icon-opened\"><i class=\"fas fa-minus\"><\/i><\/span>\n\t\t\t\t\t\t\t\t\t\t\t\t\t\t<\/span>\n\t\t\t\t\t\t\t\t\t\t\t\t<a class=\"elementor-accordion-title\" tabindex=\"0\">In che modo gli effetti dei funghi Cambodian differiscono da quelli di altre specie?<\/a>\n\t\t\t\t\t<\/h3>\n\t\t\t\t\t<div id=\"elementor-tab-content-8604\" class=\"elementor-tab-content elementor-clearfix\" data-tab=\"4\" role=\"region\" aria-labelledby=\"elementor-tab-title-8604\"><p>Gli effetti dei funghi Cambodian possono variare da persona a persona, ma sono generalmente noti per le loro qualit\u00e0 visive e introspettive. Mentre ci si pu\u00f2 aspettare un intenso viaggio visivo con i funghi Cambodian, altri ceppi, come quelli della famiglia dei <a href=\"https:\/\/www.paddo.shop\/it\/golden-teacher-paddo-growkit\/\" target=\"_new\">Golden Teacher Paddo Growkit<\/a> offrono un'esperienza pi\u00f9 spirituale o illuminante. I funghi magici Golden Teacher sono noti per la loro capacit\u00e0 di aiutare gli utilizzatori a ottenere intuizioni e comprensioni pi\u00f9 profonde. Quindi, a seconda di ci\u00f2 che si cerca in un'esperienza psichedelica, si pu\u00f2 scegliere tra questi diversi ceppi. \u00c8 affascinante come i diversi tipi di funghi magici possano offrire esperienze uniche e l'esplorazione di queste differenze pu\u00f2 essere di per s\u00e9 un viaggio emozionante!<\/p>\n<\/div>\n\t\t\t\t<\/div>\n\t\t\t\t\t\t\t<div class=\"elementor-accordion-item\">\n\t\t\t\t\t<h3 id=\"elementor-tab-title-8605\" class=\"elementor-tab-title\" data-tab=\"5\" role=\"button\" aria-controls=\"elementor-tab-content-8605\" aria-expanded=\"false\">\n\t\t\t\t\t\t\t\t\t\t\t\t\t<span class=\"elementor-accordion-icon elementor-accordion-icon-right\" aria-hidden=\"true\">\n\t\t\t\t\t\t\t\t\t\t\t\t\t\t\t<span class=\"elementor-accordion-icon-closed\"><i class=\"fas fa-plus\"><\/i><\/span>\n\t\t\t\t\t\t\t\t<span class=\"elementor-accordion-icon-opened\"><i class=\"fas fa-minus\"><\/i><\/span>\n\t\t\t\t\t\t\t\t\t\t\t\t\t\t<\/span>\n\t\t\t\t\t\t\t\t\t\t\t\t<a class=\"elementor-accordion-title\" tabindex=\"0\">Quanto \u00e8 importante l'umidit\u00e0 per la crescita dei funghi Cambodian in questo kit di coltivazione?<\/a>\n\t\t\t\t\t<\/h3>\n\t\t\t\t\t<div id=\"elementor-tab-content-8605\" class=\"elementor-tab-content elementor-clearfix\" data-tab=\"5\" role=\"region\" aria-labelledby=\"elementor-tab-title-8605\"><p>L'umidit\u00e0 \u00e8 assolutamente fondamentale per la crescita dei funghi Cambodian. I funghi hanno bisogno di un'elevata umidit\u00e0 per crescere correttamente, e questo \u00e8 particolarmente importante nelle prime fasi del loro sviluppo. Un'umidit\u00e0 adeguata garantisce un sano sviluppo del micelio, che alla fine porta a un raccolto abbondante. Il mantenimento di un'umidit\u00e0 adeguata pu\u00f2 essere ottenuto spruzzando regolarmente e utilizzando un igrometro per monitorare i livelli di umidit\u00e0. \u00c8 inoltre consigliabile collocare il kit di coltivazione in una stanza in cui si mantenga un'umidit\u00e0 naturale, lontano da ventilatori o condizionatori che possono seccare l'aria. Per consigli pi\u00f9 dettagliati su come mantenere i livelli di umidit\u00e0, visitate il nostro sito <a href=\"https:\/\/www.paddo.shop\/it\/paddo-growkit-kweekverslag\/\" target=\"_new\">pagina del rapporto di allevamento<\/a> Visitate il sito per ricevere consigli e indicazioni pratiche.<\/p>\n<\/div>\n\t\t\t\t<\/div>\n\t\t\t\t\t\t\t\t\t\t<script type=\"application\/ld+json\">{\n    \"@context\": \"https:\\\/\\\/schema.org\",\n    \"@type\": \"FAQPage\",\n    \"mainEntity\": [\n        {\n            \"@type\": \"Question\",\n            \"name\": \"Waarom zijn Cambodian paddo\\u2019s een goede keuze voor diegenen die op zoek zijn naar visuele trips?\",\n            \"acceptedAnswer\": {\n                \"@type\": \"Answer\",\n                \"text\": \"<p>Cambodian paddo&#8217;s zijn befaamd om hun intense visuele effecten, wat ze een topkeuze maakt voor diegenen die op zoek zijn naar een kleurrijke en visueel stimulerende psychedelische ervaring. Deze paddo\\u2019s kunnen je perceptie van kleuren, vormen en patronen veranderen, waardoor je omgeving lijkt te dansen en te pulseren met een nieuwe levendigheid. De ervaring kan je blik op de wereld om je heen tijdelijk veranderen, waardoor je de schoonheid in dingen ziet die je misschien eerder over het hoofd hebt gezien. Als je ge\\u00efnteresseerd bent in andere paddosoorten die ook visuele ervaringen kunnen bieden, kan de <a href=\\\"https:\\\/\\\/www.paddo.shop\\\/mexican-paddo-growkit\\\/\\\" target=\\\"_new\\\">Mexican Paddo Growkit<\\\/a> ook iets voor jou zijn. Deze paddo&#8217;s staan ook bekend om hun vermogen om visuele hallucinaties en een veranderde perceptie van de realiteit te veroorzaken.<\\\/p>\\n\"\n            }\n        },\n        {\n            \"@type\": \"Question\",\n            \"name\": \"Hoe ga ik om met temperatuurveranderingen tijdens het kweken van Cambodian paddo\\u2019s?\",\n            \"acceptedAnswer\": {\n                \"@type\": \"Answer\",\n                \"text\": \"<p>Temperatuur speelt een cruciale rol bij het kweken van Cambodian paddo\\u2019s. Idealiter moeten deze paddo\\u2019s worden gekweekt bij een constante temperatuur tussen de 21 en 24 graden Celsius. Echter, als de temperatuur in je huis fluctueert, zijn er manieren om dit te beheren. In koudere periodes kun je een verwarmingsmat gebruiken om de temperatuur op peil te houden, en in warmere periodes kun je ze in een koelere kamer plaatsen of een ventilator gebruiken om de temperatuur te verlagen. Als je overweegt om in verschillende seizoenen te kweken en je zorgen maakt over temperatuurschommelingen, kan een alternatieve soort zoals die in de <a href=\\\"https:\\\/\\\/www.paddo.shop\\\/ecuadorian-paddo-growkit\\\/\\\" target=\\\"_new\\\">Ecuadorian Paddo Growkit<\\\/a> een goede keuze zijn, vanwege hun vermogen om te gedijen in een breed scala aan temperaturen.<\\\/p>\\n\"\n            }\n        },\n        {\n            \"@type\": \"Question\",\n            \"name\": \"Zijn Cambodian paddo's in deze growkit resistent tegen bepaalde veel voorkomende schimmels?\",\n            \"acceptedAnswer\": {\n                \"@type\": \"Answer\",\n                \"text\": \"<p>Hoewel Cambodian paddo\\u2019s een bepaalde mate van veerkracht kunnen hebben tegen sommige schimmels, zijn ze niet immuun. Schimmelvorming is een veelvoorkomend probleem in de paddokweek, en de beste verdediging hiertegen is preventie. Dit omvat maatregelen zoals het handhaven van een goede hygi\\u00ebne, het vermijden van overbevochtiging, en het zorgen voor voldoende luchtcirculatie. Als je merkt dat er schimmel in je growkit zit, is het belangrijk om het getroffen gebied schoon te maken of, in ernstige gevallen, de besmette delen te verwijderen om verdere verspreiding te voorkomen. Voor hulp bij het identificeren en behandelen van veel voorkomende plagen en ziekten, kun je onze <a href=\\\"https:\\\/\\\/www.paddo.shop\\\/contact\\\/\\\" target=\\\"_new\\\">contactpagina<\\\/a> raadplegen om hulp te krijgen van onze experts.<\\\/p>\\n\"\n            }\n        },\n        {\n            \"@type\": \"Question\",\n            \"name\": \"Hoe onderscheiden de effecten van Cambodian paddo's zich van andere soorten?\",\n            \"acceptedAnswer\": {\n                \"@type\": \"Answer\",\n                \"text\": \"<p>De effecten van Cambodian paddo&#8217;s kunnen vari\\u00ebren van persoon tot persoon, maar staan over het algemeen bekend om hun visuele en introspectieve kwaliteiten. Terwijl je met Cambodian paddo&#8217;s een intense visuele reis kunt verwachten, kunnen andere soorten zoals die in de <a href=\\\"https:\\\/\\\/www.paddo.shop\\\/golden-teacher-paddo-growkit\\\/\\\" target=\\\"_new\\\">Golden Teacher Paddo Growkit<\\\/a> een meer spirituele of verlichtende ervaring bieden. Golden Teacher paddo&#8217;s zijn bekend om hun vermogen om gebruikers te helpen diepere inzichten en begrip te verkrijgen. Dus, afhankelijk van wat je zoekt in een psychedelische ervaring, kun je kiezen tussen deze verschillende soorten. Het is fascinerend hoe verschillende soorten paddo&#8217;s unieke ervaringen kunnen bieden, en het verkennen van deze verschillen kan een spannende reis op zich zijn!<\\\/p>\\n\"\n            }\n        },\n        {\n            \"@type\": \"Question\",\n            \"name\": \"Hoe belangrijk is luchtvochtigheid voor de groei van Cambodian paddo\\u2019s in deze growkit?\",\n            \"acceptedAnswer\": {\n                \"@type\": \"Answer\",\n                \"text\": \"<p>Luchtvochtigheid is absoluut cruciaal voor de groei van Cambodian paddo\\u2019s. Paddo\\u2019s hebben een hoge luchtvochtigheid nodig om goed te kunnen groeien, en dit is vooral belangrijk in de vroege stadia van hun ontwikkeling. Een juiste luchtvochtigheid zorgt voor een gezonde myceliumontwikkeling, wat uiteindelijk leidt tot een overvloedige oogst. Het handhaven van de juiste luchtvochtigheid kan worden bereikt door regelmatig te sproeien en het gebruik van een hygrometer om de vochtigheidsniveaus te monitoren. Het is ook aan te raden om de growkit in een ruimte te plaatsen waar natuurlijke vochtigheid wordt behouden, weg van verwarmingsventilatoren of airconditioners die de lucht kunnen uitdrogen. Voor meer gedetailleerde tips over hoe je de luchtvochtigheid op peil kunt houden, kun je onze <a href=\\\"https:\\\/\\\/www.paddo.shop\\\/paddo-growkit-kweekverslag\\\/\\\" target=\\\"_new\\\">kweekverslag pagina<\\\/a> bezoeken voor praktische adviezen en begeleiding.<\\\/p>\\n\"\n            }\n        }\n    ]\n}<\/script>\n\t\t\t\t\t<\/div>\n\t\t\t\t\t\t<\/div>\n\t\t\t\t<\/div>\n\t\t\t\t\t<\/div>\n\t\t<\/div>\n\t\t\t\t\t<\/div>\n\t\t<\/section>\n\t\t\t\t<\/div>","protected":false},"excerpt":{"rendered":"<p>Avete voglia di un viaggio divertente e con una grande qualit\u00e0 visiva? Allora provate il Paddo Cambodian e il Paddo Growkit. Questi funghi ragionevolmente forti sono spesso scelti da psiconauti esperti. Anche la resa della Cambodian Paddo Growkit non delude nessuno. Anzi, in media questo growkit supera il resto della sua famiglia. Il Paddo Cambodian Paddo Growkit, facile da configurare, contiene: il kit di coltivazione, un sacchetto di coltivazione e 2 graffette. Non possiamo rendere le cose pi\u00f9 semplici!<\/p>","protected":false},"featured_media":5879,"comment_status":"closed","ping_status":"closed","template":"","meta":{"_acf_changed":false},"etheme_brands":[{"term_id":50,"name":"McSmart","slug":"mcsmart","term_group":0,"term_taxonomy_id":50,"taxonomy":"brand","description":"","parent":0,"count":11,"filter":"raw"}],"product_brand":[],"product_cat":[15],"product_tag":[],"class_list":{"0":"post-5252","1":"product","2":"type-product","3":"status-publish","4":"has-post-thumbnail","6":"brand-mcsmart","7":"product_cat-growkits","9":"first","10":"instock","11":"taxable","12":"shipping-taxable","13":"purchasable","14":"product-type-variable","15":"has-default-attributes"},"acf":[],"_links":{"self":[{"href":"https:\/\/www.paddo.shop\/it\/wp-json\/wp\/v2\/product\/5252","targetHints":{"allow":["GET"]}}],"collection":[{"href":"https:\/\/www.paddo.shop\/it\/wp-json\/wp\/v2\/product"}],"about":[{"href":"https:\/\/www.paddo.shop\/it\/wp-json\/wp\/v2\/types\/product"}],"replies":[{"embeddable":true,"href":"https:\/\/www.paddo.shop\/it\/wp-json\/wp\/v2\/comments?post=5252"}],"wp:featuredmedia":[{"embeddable":true,"href":"https:\/\/www.paddo.shop\/it\/wp-json\/wp\/v2\/media\/5879"}],"wp:attachment":[{"href":"https:\/\/www.paddo.shop\/it\/wp-json\/wp\/v2\/media?parent=5252"}],"wp:term":[{"taxonomy":"brand","embeddable":true,"href":"https:\/\/www.paddo.shop\/it\/wp-json\/wp\/v2\/etheme_brands?post=5252"},{"taxonomy":"product_brand","embeddable":true,"href":"https:\/\/www.paddo.shop\/it\/wp-json\/wp\/v2\/product_brand?post=5252"},{"taxonomy":"product_cat","embeddable":true,"href":"https:\/\/www.paddo.shop\/it\/wp-json\/wp\/v2\/product_cat?post=5252"},{"taxonomy":"product_tag","embeddable":true,"href":"https:\/\/www.paddo.shop\/it\/wp-json\/wp\/v2\/product_tag?post=5252"}],"curies":[{"name":"wp","href":"https:\/\/api.w.org\/{rel}","templated":true}]}}