{"id":97,"date":"2021-12-04T09:58:52","date_gmt":"2021-12-04T09:58:52","guid":{"rendered":"https:\/\/xstore.8theme.com\/elementor\/demos\/minimal-fashion03\/?page_id=33"},"modified":"2023-11-22T17:27:56","modified_gmt":"2023-11-22T15:27:56","slug":"over-ons","status":"publish","type":"page","link":"https:\/\/www.paddo.shop\/it\/over-ons\/","title":{"rendered":"Chi siamo"},"content":{"rendered":"<div data-elementor-type=\"wp-page\" data-elementor-id=\"97\" class=\"elementor elementor-97\" data-elementor-post-type=\"page\">\n\t\t\t\t\t\t<section class=\"elementor-section elementor-top-section elementor-element elementor-element-1e7d817 elementor-section-boxed elementor-section-height-default elementor-section-height-default elementor-invisible\" data-id=\"1e7d817\" data-element_type=\"section\" data-e-type=\"section\" data-settings=\"{&quot;animation&quot;:&quot;fadeIn&quot;}\">\n\t\t\t\t\t\t<div class=\"elementor-container elementor-column-gap-no\">\n\t\t\t\t\t<div class=\"elementor-column elementor-col-100 elementor-top-column elementor-element elementor-element-390ef48\" data-id=\"390ef48\" data-element_type=\"column\" data-e-type=\"column\">\n\t\t\t<div class=\"elementor-widget-wrap elementor-element-populated\">\n\t\t\t\t\t\t<div class=\"elementor-element elementor-element-d09e6cd elementor-widget elementor-widget-heading\" data-id=\"d09e6cd\" data-element_type=\"widget\" data-e-type=\"widget\" data-widget_type=\"heading.default\">\n\t\t\t\t<div class=\"elementor-widget-container\">\n\t\t\t\t\t<h2 class=\"elementor-heading-title elementor-size-default\">La nostra storia<\/h2>\t\t\t\t<\/div>\n\t\t\t\t<\/div>\n\t\t\t\t<div class=\"elementor-element elementor-element-6a01f1c elementor-widget-divider--view-line elementor-widget elementor-widget-divider\" data-id=\"6a01f1c\" data-element_type=\"widget\" data-e-type=\"widget\" data-widget_type=\"divider.default\">\n\t\t\t\t<div class=\"elementor-widget-container\">\n\t\t\t\t\t\t\t<div class=\"elementor-divider\">\n\t\t\t<span class=\"elementor-divider-separator\">\n\t\t\t\t\t\t<\/span>\n\t\t<\/div>\n\t\t\t\t\t\t<\/div>\n\t\t\t\t<\/div>\n\t\t\t\t<div class=\"elementor-element elementor-element-6c9aa0c elementor-widget elementor-widget-text-editor\" data-id=\"6c9aa0c\" data-element_type=\"widget\" data-e-type=\"widget\" data-widget_type=\"text-editor.default\">\n\t\t\t\t<div class=\"elementor-widget-container\">\n\t\t\t\t\t\t\t\t\t<p>Paddo.shop nasce da un grande amore per i prodotti contenenti psilocibina. Questo amore \u00e8 nato dalla piena convinzione degli effetti positivi che la sostanza pu\u00f2 avere sulla mente umana. Innanzitutto, \u00e8 terribilmente divertente e piacevole rilassarsi con i funghi magici o i tartufi magici. Tuttavia, \u00e8 soprattutto l'aspetto spirituale e curativo dei funghi magici a renderli cos\u00ec meravigliosi. Ci piace condividere con voi il nostro amore e la nostra passione.<\/p>\t\t\t\t\t\t\t\t<\/div>\n\t\t\t\t<\/div>\n\t\t\t\t<section class=\"elementor-section elementor-inner-section elementor-element elementor-element-41b855b elementor-section-boxed elementor-section-height-default elementor-section-height-default\" data-id=\"41b855b\" data-element_type=\"section\" data-e-type=\"section\">\n\t\t\t\t\t\t<div class=\"elementor-container elementor-column-gap-no\">\n\t\t\t\t\t<div class=\"elementor-column elementor-col-50 elementor-inner-column elementor-element elementor-element-c6b05cf\" data-id=\"c6b05cf\" data-element_type=\"column\" data-e-type=\"column\">\n\t\t\t<div class=\"elementor-widget-wrap elementor-element-populated\">\n\t\t\t\t\t\t<div class=\"elementor-element elementor-element-4fdbd2a elementor-widget elementor-widget-text-editor\" data-id=\"4fdbd2a\" data-element_type=\"widget\" data-e-type=\"widget\" data-widget_type=\"text-editor.default\">\n\t\t\t\t<div class=\"elementor-widget-container\">\n\t\t\t\t\t\t\t\t\t<p>Se volete sperimentare il potere speciale dei funghi magici, ovviamente siete d'accordo solo con la migliore qualit\u00e0. Per questo motivo, nel nostro negozio troverete solo kit di coltivazione affidabili e testati che fanno quello che dovrebbero fare: fornirvi un bel raccolto di funghi! McKennaii, Golden Teacher o Mazatepec? Fate la vostra scelta e partite all'avventura.<\/p>\t\t\t\t\t\t\t\t<\/div>\n\t\t\t\t<\/div>\n\t\t\t\t<div class=\"elementor-element elementor-element-1e42bd1 elementor-widget elementor-widget-text-editor\" data-id=\"1e42bd1\" data-element_type=\"widget\" data-e-type=\"widget\" data-widget_type=\"text-editor.default\">\n\t\t\t\t<div class=\"elementor-widget-container\">\n\t\t\t\t\t\t\t\t\t<p>Possiamo ben immaginare che non abbiate voglia di aspettare diverse settimane prima di poter gustare i funghi magici. In questo caso, gli sclerozi, o tartufi magici, sono una buona soluzione. Queste piccole gemme contenenti psilocibina possono portarvi nel viaggio della vostra vita. Li vendiamo nel nostro <a href=\"http:\/\/magictruffels.shop\" target=\"_blank\" rel=\"noopener\">tartufo magico<\/a> negozio.<\/p>\t\t\t\t\t\t\t\t<\/div>\n\t\t\t\t<\/div>\n\t\t\t\t\t<\/div>\n\t\t<\/div>\n\t\t\t\t<div class=\"elementor-column elementor-col-50 elementor-inner-column elementor-element elementor-element-96ab982\" data-id=\"96ab982\" data-element_type=\"column\" data-e-type=\"column\">\n\t\t\t<div class=\"elementor-widget-wrap elementor-element-populated\">\n\t\t\t\t\t\t<div class=\"elementor-element elementor-element-b265f2b elementor-widget elementor-widget-image\" data-id=\"b265f2b\" data-element_type=\"widget\" data-e-type=\"widget\" data-widget_type=\"image.default\">\n\t\t\t\t<div class=\"elementor-widget-container\">\n\t\t\t\t\t\t\t\t\t\t\t\t\t\t\t<img loading=\"lazy\" decoding=\"async\" width=\"350\" height=\"116\" src=\"https:\/\/www.paddo.shop\/wp-content\/uploads\/2022\/07\/Paddo-growkit-shop-logo.png\" class=\"attachment-large size-large wp-image-5433\" alt=\"Logo del negozio di kit per la coltivazione di funghi\" srcset=\"https:\/\/www.paddo.shop\/wp-content\/uploads\/2022\/07\/Paddo-growkit-shop-logo.png 350w, https:\/\/www.paddo.shop\/wp-content\/uploads\/2022\/07\/Paddo-growkit-shop-logo-300x99.png 300w, https:\/\/www.paddo.shop\/wp-content\/uploads\/2022\/07\/Paddo-growkit-shop-logo-1x1.png 1w, https:\/\/www.paddo.shop\/wp-content\/uploads\/2022\/07\/Paddo-growkit-shop-logo-10x3.png 10w\" sizes=\"auto, (max-width: 350px) 100vw, 350px\" \/>\t\t\t\t\t\t\t\t\t\t\t\t\t\t\t<\/div>\n\t\t\t\t<\/div>\n\t\t\t\t\t<\/div>\n\t\t<\/div>\n\t\t\t\t\t<\/div>\n\t\t<\/section>\n\t\t\t\t\t<\/div>\n\t\t<\/div>\n\t\t\t\t\t<\/div>\n\t\t<\/section>\n\t\t\t\t<\/div>","protected":false},"excerpt":{"rendered":"<p>La nostra storia Paddo.shop \u00e8 nata da un grande amore per i prodotti contenenti psilocibina. Questo amore \u00e8 nato dalla piena convinzione degli effetti positivi...<\/p>","protected":false},"author":2,"featured_media":0,"parent":0,"menu_order":0,"comment_status":"closed","ping_status":"closed","template":"","meta":{"_acf_changed":false,"footnotes":""},"class_list":["post-97","page","type-page","status-publish","hentry"],"acf":[],"_links":{"self":[{"href":"https:\/\/www.paddo.shop\/it\/wp-json\/wp\/v2\/pages\/97","targetHints":{"allow":["GET"]}}],"collection":[{"href":"https:\/\/www.paddo.shop\/it\/wp-json\/wp\/v2\/pages"}],"about":[{"href":"https:\/\/www.paddo.shop\/it\/wp-json\/wp\/v2\/types\/page"}],"author":[{"embeddable":true,"href":"https:\/\/www.paddo.shop\/it\/wp-json\/wp\/v2\/users\/2"}],"replies":[{"embeddable":true,"href":"https:\/\/www.paddo.shop\/it\/wp-json\/wp\/v2\/comments?post=97"}],"version-history":[{"count":0,"href":"https:\/\/www.paddo.shop\/it\/wp-json\/wp\/v2\/pages\/97\/revisions"}],"wp:attachment":[{"href":"https:\/\/www.paddo.shop\/it\/wp-json\/wp\/v2\/media?parent=97"}],"curies":[{"name":"wp","href":"https:\/\/api.w.org\/{rel}","templated":true}]}}