{"id":5894,"date":"2022-08-01T15:54:25","date_gmt":"2022-08-01T13:54:25","guid":{"rendered":"https:\/\/www.paddo.shop\/?page_id=5894"},"modified":"2024-08-20T11:59:20","modified_gmt":"2024-08-20T09:59:20","slug":"partners","status":"publish","type":"page","link":"https:\/\/www.paddo.shop\/it\/partners\/","title":{"rendered":"Partner"},"content":{"rendered":"<div data-elementor-type=\"wp-page\" data-elementor-id=\"5894\" class=\"elementor elementor-5894\" data-elementor-post-type=\"page\">\n\t\t\t\t\t\t<section class=\"elementor-section elementor-top-section elementor-element elementor-element-5abf2a6 elementor-section-boxed elementor-section-height-default elementor-section-height-default\" data-id=\"5abf2a6\" data-element_type=\"section\" data-e-type=\"section\">\n\t\t\t\t\t\t<div class=\"elementor-container elementor-column-gap-default\">\n\t\t\t\t\t<div class=\"elementor-column elementor-col-100 elementor-top-column elementor-element elementor-element-e4d511e\" data-id=\"e4d511e\" data-element_type=\"column\" data-e-type=\"column\">\n\t\t\t<div class=\"elementor-widget-wrap elementor-element-populated\">\n\t\t\t\t\t\t<div class=\"elementor-element elementor-element-392eff0 elementor-widget elementor-widget-text-editor\" data-id=\"392eff0\" data-element_type=\"widget\" data-e-type=\"widget\" data-widget_type=\"text-editor.default\">\n\t\t\t\t<div class=\"elementor-widget-container\">\n\t\t\t\t\t\t\t\t\t<h2>Condividiamo le nostre conoscenze<\/h2><p>Purtroppo, ci sono ancora enormi tab\u00f9 che circondano i tartufi magici e gli psichedelici in generale. Per quanto ci riguarda, questo \u00e8 del tutto ingiustificato. Dopo tutto, se usati correttamente, gli psichedelici possono aggiungere molto alla vita umana. Purtroppo, continuiamo a essere messi troppo all'angolo. \u00c8 ora di cambiare questa situazione e noi siamo felici di fare la nostra parte. Lo facciamo essendo il pi\u00f9 possibile trasparenti e fornendo buone informazioni sui nostri prodotti. Si comincia da qui. Ci piace trasformare gli psichedelici in qualcosa di nuovamente bello, invece che in qualcosa di spaventoso o cattivo.<\/p><h2>Il negozio di teste e Tatanka<\/h2><p>A tal fine, abbiamo unito le nostre forze con alcuni rinomati attori nel campo dei prodotti intelligenti. Ad esempio, collaboriamo con <a href=\"https:\/\/www.headshop.nl\/\" target=\"_blank\" rel=\"noopener\">Il negozio di teste<\/a> &amp; <a href=\"https:\/\/www.tatanka.nl\/\" target=\"_blank\" rel=\"noopener\">Tatanka<\/a>. Questi negozi sono tra i pi\u00f9 antichi smart e head shop dei Paesi Bassi. Quindi, in termini di conoscenza ed esperienza, non ci sono partner migliori a cui pensare.<\/p><h2>Smartific<\/h2><p>Collaboriamo anche con l'incredibile smartshop internazionale online Smartific. <a href=\"https:\/\/smartific.nl\/\" target=\"_blank\" rel=\"noopener\">Smartific.it<\/a> e <a href=\"https:\/\/smartific.com\/\" target=\"_blank\" rel=\"noopener\">Smartfic.com<\/a> ha una vasta gamma di prodotti online, ma \u00e8 anche nota per la sua smartwiki. Su questa smartwiki condividono tutte le conoscenze, le competenze e le ricerche nel campo dei prodotti intelligenti. Anche questa \u00e8 una conoscenza di cui siamo felici di fare uso.<\/p><p>Con queste collaborazioni speriamo di contribuire a rendere il mercato pi\u00f9 trasparente.<\/p><h2 data-pm-slice=\"1 1 []\">McSmart il grossista per gli smart shop<\/h2><p>Noi di Paddo.shop siamo orgogliosi della nostra collaborazione con <a href=\"https:\/\/www.mcsmart.com\/\" target=\"_blank\" rel=\"noopener\">McSmart<\/a>, il principale grossista per gli smartshop. Questa partnership ci permette di offrire ai nostri clienti un'ampia gamma di prodotti di alta qualit\u00e0, tra cui gli Growkits che vendiamo. L'McSmart \u00e8 noto per la sua affidabilit\u00e0, l'innovazione e la qualit\u00e0 superiore del prodotto, che si adatta perfettamente alla nostra missione di fornire i migliori prodotti sul mercato. Che siate coltivatori principianti o utenti esperti, i prodotti McSmart vi garantiranno la migliore esperienza possibile. Visitate il nostro negozio e scoprite la gamma di prodotti McSmart.<\/p>\t\t\t\t\t\t\t\t<\/div>\n\t\t\t\t<\/div>\n\t\t\t\t\t<\/div>\n\t\t<\/div>\n\t\t\t\t\t<\/div>\n\t\t<\/section>\n\t\t\t\t<\/div>","protected":false},"excerpt":{"rendered":"<p>Condividiamo le nostre conoscenze Purtroppo ci sono ancora enormi tab\u00f9 che circondano i tartufi magici e gli psichedelici in generale. Per quanto ci riguarda, sono altamente ingiustificati. Quando gli psichedelici sono...<\/p>","protected":false},"author":2,"featured_media":0,"parent":0,"menu_order":0,"comment_status":"closed","ping_status":"closed","template":"","meta":{"_acf_changed":false,"footnotes":""},"class_list":["post-5894","page","type-page","status-publish","hentry"],"acf":[],"_links":{"self":[{"href":"https:\/\/www.paddo.shop\/it\/wp-json\/wp\/v2\/pages\/5894","targetHints":{"allow":["GET"]}}],"collection":[{"href":"https:\/\/www.paddo.shop\/it\/wp-json\/wp\/v2\/pages"}],"about":[{"href":"https:\/\/www.paddo.shop\/it\/wp-json\/wp\/v2\/types\/page"}],"author":[{"embeddable":true,"href":"https:\/\/www.paddo.shop\/it\/wp-json\/wp\/v2\/users\/2"}],"replies":[{"embeddable":true,"href":"https:\/\/www.paddo.shop\/it\/wp-json\/wp\/v2\/comments?post=5894"}],"version-history":[{"count":0,"href":"https:\/\/www.paddo.shop\/it\/wp-json\/wp\/v2\/pages\/5894\/revisions"}],"wp:attachment":[{"href":"https:\/\/www.paddo.shop\/it\/wp-json\/wp\/v2\/media?parent=5894"}],"curies":[{"name":"wp","href":"https:\/\/api.w.org\/{rel}","templated":true}]}}