{"id":5661,"date":"2022-07-27T10:09:33","date_gmt":"2022-07-27T08:09:33","guid":{"rendered":"https:\/\/www.paddo.shop\/?page_id=5661"},"modified":"2024-10-15T09:02:58","modified_gmt":"2024-10-15T07:02:58","slug":"paddo-growkit-kweekverslag","status":"publish","type":"page","link":"https:\/\/www.paddo.shop\/it\/paddo-growkit-kweekverslag\/","title":{"rendered":"Fungo Growkit Rapporto di coltivazione"},"content":{"rendered":"<div data-elementor-type=\"wp-page\" data-elementor-id=\"5661\" class=\"elementor elementor-5661\" data-elementor-post-type=\"page\">\n\t\t\t\t\t\t<section class=\"elementor-section elementor-top-section elementor-element elementor-element-6da08d04 elementor-section-boxed elementor-section-height-default elementor-section-height-default\" data-id=\"6da08d04\" data-element_type=\"section\" data-e-type=\"section\">\n\t\t\t\t\t\t<div class=\"elementor-container elementor-column-gap-default\">\n\t\t\t\t\t<div class=\"elementor-column elementor-col-100 elementor-top-column elementor-element elementor-element-76f56ffd\" data-id=\"76f56ffd\" data-element_type=\"column\" data-e-type=\"column\">\n\t\t\t<div class=\"elementor-widget-wrap elementor-element-populated\">\n\t\t\t\t\t\t<div class=\"elementor-element elementor-element-24e06a2 elementor-widget elementor-widget-text-editor\" data-id=\"24e06a2\" data-element_type=\"widget\" data-e-type=\"widget\" data-widget_type=\"text-editor.default\">\n\t\t\t\t<div class=\"elementor-widget-container\">\n\t\t\t\t\t\t\t\t\t<h2>Kit per la coltivazione di funghi magici<\/h2>\n<p>Quanto costa un <a href=\"\/it\/growkits\/\">kit per la coltivazione dei funghi<\/a> cosa fanno realmente? Riceviamo questa domanda ogni settimana, ed \u00e8 per questo che abbiamo allestito una serie di kit di coltivazione di prova. In questo modo, abbiamo fatto una stima di ci\u00f2 che potete aspettarvi dal vostro kit di coltivazione di funghi. Tenete presente che diversi fattori possono influenzare la resa. Una temperatura troppo fredda o uno sbalzo termico possono avere un effetto, ma anche la qualit\u00e0 dell'acqua utilizzata, l'attenzione che si presta al kit di coltivazione di funghi e un ambiente di lavoro pulito o sporco possono influire. Date anche un'occhiata al nostro <a href=\"https:\/\/www.paddo.shop\/it\/growkit-instructies\/\">Istruzioni e suggerimenti per il kit di coltivazione<\/a>In questo modo sarete pronti per iniziare a coltivare il vostro kit di coltivazione di funghi.<\/p>\n<h2>Rapporto di coltivazione del kit per la coltivazione dei funghi<\/h2>\n<p>Qui di seguito troverete i dettagli giorno per giorno delle fasi che abbiamo seguito durante il nostro rapporto sulla coltivazione dei funghi in kit. Non potete aspettare? Allora potete dare subito un'occhiata al riassunto qui sotto. Per il nostro rapporto di coltivazione, abbiamo usato il <a href=\"https:\/\/www.paddo.shop\/it\/golden-teacher-paddo-growkit\/\">Funghi Golden Teacher<\/a> scelto. Queste sono tra le specie di funghi magici pi\u00f9 popolari oggi.<\/p>\t\t\t\t\t\t\t\t<\/div>\n\t\t\t\t<\/div>\n\t\t\t\t<div class=\"elementor-element elementor-element-33130382 elementor-widget elementor-widget-text-editor\" data-id=\"33130382\" data-element_type=\"widget\" data-e-type=\"widget\" data-widget_type=\"text-editor.default\">\n\t\t\t\t<div class=\"elementor-widget-container\">\n\t\t\t\t\t\t\t\t\t<p><\/p>\n<h2 class=\"wp-block-heading\"><strong style=\"font-size: calc(var(--h3-size-proportion) * 1rem); background-color: var(--et_container-bg-color, transparent);\">Riassunto del rapporto sulla coltivazione dei funghi in kit<\/strong><\/h2>\n<p><\/p>\n<p><\/p>\t\t\t\t\t\t\t\t<\/div>\n\t\t\t\t<\/div>\n\t\t\t\t<section class=\"elementor-section elementor-inner-section elementor-element elementor-element-360ac11 elementor-hidden-mobile elementor-hidden-tablet elementor-section-boxed elementor-section-height-default elementor-section-height-default\" data-id=\"360ac11\" data-element_type=\"section\" data-e-type=\"section\">\n\t\t\t\t\t\t<div class=\"elementor-container elementor-column-gap-default\">\n\t\t\t\t\t<div class=\"elementor-column elementor-col-33 elementor-inner-column elementor-element elementor-element-052c331\" data-id=\"052c331\" data-element_type=\"column\" data-e-type=\"column\" data-settings=\"{&quot;background_background&quot;:&quot;classic&quot;}\">\n\t\t\t<div class=\"elementor-widget-wrap elementor-element-populated\">\n\t\t\t\t\t\t<div class=\"elementor-element elementor-element-568c429 elementor-widget elementor-widget-text-editor\" data-id=\"568c429\" data-element_type=\"widget\" data-e-type=\"widget\" data-widget_type=\"text-editor.default\">\n\t\t\t\t<div class=\"elementor-widget-container\">\n\t\t\t\t\t\t\t\t\t<h2><b>250 cc (Piccolo)<\/b><\/h2>\n<p><b>Numero di giorni<\/b><span style=\"font-weight: 400;\">:<br \/><\/span><span style=\"font-weight: 400;\">35 giorni<\/span><\/p>\n<p><b>Ricavi totali<\/b><span style=\"font-weight: 400;\">:<br \/><\/span><span style=\"font-weight: 400;\">311 grammi<\/span><\/p>\n<p><b>Numero di sciacqui:<br \/><\/b>3 sciacqui<\/p>\t\t\t\t\t\t\t\t<\/div>\n\t\t\t\t<\/div>\n\t\t\t\t<div class=\"elementor-element elementor-element-eef2905 elementor-widget elementor-widget-text-editor\" data-id=\"eef2905\" data-element_type=\"widget\" data-e-type=\"widget\" data-widget_type=\"text-editor.default\">\n\t\t\t\t<div class=\"elementor-widget-container\">\n\t\t\t\t\t\t\t\t\t<p><b style=\"color: inherit; font-family: inherit; font-size: inherit; background-color: var(--et_container-bg-color, transparent);\">Prima vampata di calore:<br \/><\/b><span style=\"font-weight: 400;\">Durata: 0 - 21 giorni<br \/><\/span><span style=\"font-weight: 400;\">Resa: 165 grammi<\/span><\/p>\n<p><b>Seconda vampata:<br \/><\/b><span style=\"font-weight: 400;\">Giorno 21 - 30<br \/><\/span><span style=\"font-weight: 400;\">Resa: 130 grammi<\/span><\/p>\n<p><b>Terza vampata di calore:<br \/><\/b><span style=\"font-weight: 400;\">Giorno 30 - 35<br \/><\/span><span style=\"font-weight: 400;\">Resa: 16 grammi<\/span><\/p>\n<p><b>Quarto sciacquone:<br \/><\/b><span style=\"font-weight: 400;\">Giorno 35<br \/><\/span><span style=\"font-weight: 400;\">Resa: non<\/span><\/p>\t\t\t\t\t\t\t\t<\/div>\n\t\t\t\t<\/div>\n\t\t\t\t\t<\/div>\n\t\t<\/div>\n\t\t\t\t<div class=\"elementor-column elementor-col-33 elementor-inner-column elementor-element elementor-element-379e4e8\" data-id=\"379e4e8\" data-element_type=\"column\" data-e-type=\"column\" data-settings=\"{&quot;background_background&quot;:&quot;classic&quot;}\">\n\t\t\t<div class=\"elementor-widget-wrap elementor-element-populated\">\n\t\t\t\t\t\t<div class=\"elementor-element elementor-element-f31f0af elementor-widget elementor-widget-text-editor\" data-id=\"f31f0af\" data-element_type=\"widget\" data-e-type=\"widget\" data-widget_type=\"text-editor.default\">\n\t\t\t\t<div class=\"elementor-widget-container\">\n\t\t\t\t\t\t\t\t\t<h2><b>1200 cc (medio)<\/b><\/h2>\n<p><b>Numero di giorni<\/b><span style=\"font-weight: 400;\">:<br \/><\/span><span style=\"font-weight: 400;\">35 giorni<\/span><\/p>\n<p><b>Ricavi totali<\/b><span style=\"font-weight: 400;\">:<br \/><\/span><span style=\"font-weight: 400;\">865 grammi<\/span><\/p>\n<p><b>Numero di sciacqui:<br \/><\/b><span style=\"font-weight: 400;\">3 sciacqui<\/span><\/p>\t\t\t\t\t\t\t\t<\/div>\n\t\t\t\t<\/div>\n\t\t\t\t<div class=\"elementor-element elementor-element-c4a8c93 elementor-widget elementor-widget-text-editor\" data-id=\"c4a8c93\" data-element_type=\"widget\" data-e-type=\"widget\" data-widget_type=\"text-editor.default\">\n\t\t\t\t<div class=\"elementor-widget-container\">\n\t\t\t\t\t\t\t\t\t<p><span style=\"color: inherit; font-family: inherit; font-size: inherit; background-color: var(--et_container-bg-color, transparent);\"><b>Prima vampata di calore:<br \/><\/b><\/span><span style=\"color: inherit; font-family: inherit; font-size: inherit;\">Durata: 0 - 21 giorni<br \/><\/span><span style=\"color: inherit; font-family: inherit; font-size: inherit;\">Resa: 433 grammi<\/span><\/p>\n<p><b>Seconda vampata:<br \/><\/b><span style=\"font-weight: 400;\">Giorno 21 - 30<br \/><\/span><span style=\"font-weight: 400;\">Resa: 390 grammi<\/span><\/p>\n<p><b>Terza vampata di calore:<br \/><\/b><span style=\"font-weight: 400;\">Giorno 30 - 35<br \/><\/span><span style=\"font-weight: 400;\">Resa: 42 grammi<\/span><\/p>\n<p><b>Quarto sciacquone:<br \/><\/b><span style=\"font-weight: 400;\">Giorno 35<br \/><\/span><span style=\"color: inherit; font-family: inherit; font-size: inherit; background-color: var(--et_container-bg-color, transparent);\">Resa: non<\/span><\/p>\t\t\t\t\t\t\t\t<\/div>\n\t\t\t\t<\/div>\n\t\t\t\t\t<\/div>\n\t\t<\/div>\n\t\t\t\t<div class=\"elementor-column elementor-col-33 elementor-inner-column elementor-element elementor-element-7252acd\" data-id=\"7252acd\" data-element_type=\"column\" data-e-type=\"column\" data-settings=\"{&quot;background_background&quot;:&quot;classic&quot;}\">\n\t\t\t<div class=\"elementor-widget-wrap elementor-element-populated\">\n\t\t\t\t\t\t<div class=\"elementor-element elementor-element-be025e4 elementor-widget elementor-widget-text-editor\" data-id=\"be025e4\" data-element_type=\"widget\" data-e-type=\"widget\" data-widget_type=\"text-editor.default\">\n\t\t\t\t<div class=\"elementor-widget-container\">\n\t\t\t\t\t\t\t\t\t<h2><b>2100 cc (grande)<\/b><\/h2>\n<p><b>Numero di giorni<\/b><span style=\"font-weight: 400;\">:<br \/><\/span><span style=\"font-weight: 400;\">35 giorni<\/span><\/p>\n<p><b>Ricavi totali<\/b><span style=\"font-weight: 400;\">:<br \/><\/span><span style=\"font-weight: 400;\">1633 grammi<\/span><\/p>\n<p><b>Numero di sciacqui:<br \/><\/b><span style=\"font-weight: 400;\">3 sciacqui<\/span><\/p>\t\t\t\t\t\t\t\t<\/div>\n\t\t\t\t<\/div>\n\t\t\t\t<div class=\"elementor-element elementor-element-0f5af87 elementor-widget elementor-widget-text-editor\" data-id=\"0f5af87\" data-element_type=\"widget\" data-e-type=\"widget\" data-widget_type=\"text-editor.default\">\n\t\t\t\t<div class=\"elementor-widget-container\">\n\t\t\t\t\t\t\t\t\t<p><span style=\"color: inherit; font-family: inherit; font-size: inherit; background-color: var(--et_container-bg-color, transparent);\"><b>Prima vampata di calore:<br \/><\/b><\/span><span style=\"color: inherit; font-family: inherit; font-size: inherit; background-color: var(--et_container-bg-color, transparent);\">Durata: 0 - 21 giorni<br \/><\/span><span style=\"color: inherit; font-family: inherit; font-size: inherit; background-color: var(--et_container-bg-color, transparent);\">Resa: 809 grammi<\/span><\/p>\n<p><b>Seconda vampata:<br \/><\/b><span style=\"font-weight: 400;\">Giorno 21 - 30<br \/><\/span><span style=\"font-weight: 400;\">Resa: 743 grammi<\/span><\/p>\n<p><b>Terza vampata di calore:<br \/><\/b><span style=\"font-weight: 400;\">Giorno 30 - 35<br \/><\/span><span style=\"font-weight: 400;\">Resa: 81 grammi<\/span><\/p>\n<p><b>Quarto sciacquone:<br \/><\/b><span style=\"font-weight: 400;\">Giorno 35<br \/><\/span><span style=\"font-weight: 400;\">Resa: non<\/span><\/p>\t\t\t\t\t\t\t\t<\/div>\n\t\t\t\t<\/div>\n\t\t\t\t\t<\/div>\n\t\t<\/div>\n\t\t\t\t\t<\/div>\n\t\t<\/section>\n\t\t\t\t<section class=\"elementor-section elementor-inner-section elementor-element elementor-element-d9fb96f elementor-hidden-desktop elementor-section-boxed elementor-section-height-default elementor-section-height-default\" data-id=\"d9fb96f\" data-element_type=\"section\" data-e-type=\"section\">\n\t\t\t\t\t\t<div class=\"elementor-container elementor-column-gap-default\">\n\t\t\t\t\t<div class=\"elementor-column elementor-col-100 elementor-inner-column elementor-element elementor-element-6c7ae39 elementor-hidden-desktop\" data-id=\"6c7ae39\" data-element_type=\"column\" data-e-type=\"column\" data-settings=\"{&quot;background_background&quot;:&quot;classic&quot;}\">\n\t\t\t<div class=\"elementor-widget-wrap elementor-element-populated\">\n\t\t\t\t\t\t<div class=\"elementor-element elementor-element-18f8916 elementor-widget elementor-widget-et-general-tabs\" data-id=\"18f8916\" data-element_type=\"widget\" data-e-type=\"widget\" data-widget_type=\"et-general-tabs.default\">\n\t\t\t\t<div class=\"elementor-widget-container\">\n\t\t\t\t\t        <div id=\"et-advance-tabs-18f8916\" class=\"et-advance-tabs et-tabs-horizontal  horizontal-style-3 responsive-vertical-layout\" data-tabid=\"18f8916\">\n            <div class=\"et-tabs-nav\">\n                <ul >\n\t\t\t\t\t                        <li class=\"inactive et-tab-nav\"\n                            >\n                            \t\t\t\t\t\t\t\t                        \t\t\t\t\t\t\t\t\t\t\t\t\t\t                                <span class=\"et-tab-title\">\n    \t\t\t\t\t\t\t\t250 cc    \t\t\t\t\t\t\t<\/span>\n\t\t\t\t\t\t\t                        <\/li>\n\t\t\t\t\t                        <li class=\"active-default et-tab-nav\"\n                            >\n                            \t\t\t\t\t\t\t\t                        \t\t\t\t\t\t\t\t\t\t\t\t\t\t                                <span class=\"et-tab-title\">\n    \t\t\t\t\t\t\t\t1200 cc    \t\t\t\t\t\t\t<\/span>\n\t\t\t\t\t\t\t                        <\/li>\n\t\t\t\t\t                        <li class=\"inactive et-tab-nav\"\n                            >\n                            \t\t\t\t\t\t\t\t                        \t\t\t\t\t\t\t\t\t\t\t\t\t\t                                <span class=\"et-tab-title\">\n    \t\t\t\t\t\t\t\t2100 c    \t\t\t\t\t\t\t<\/span>\n\t\t\t\t\t\t\t                        <\/li>\n\t\t\t\t\t                <\/ul>\n                            <\/div>\n            <div class=\"et-tabs-content\">\n\t\t\t\t                    <div class=\"clearfix inactive\">\n\t\t\t\t\t\t<h2><b>250 cc (Piccolo)<\/b><\/h2>\n<p><b>Numero di giorni<\/b><span style=\"font-weight: 400;\">:<br \/><\/span><span style=\"font-weight: 400;\">35 giorni<\/span><\/p>\n<p><b>Ricavi totali<\/b><span style=\"font-weight: 400;\">:<br \/><\/span><span style=\"font-weight: 400;\">311 grammi<\/span><\/p>\n<p><b>Numero di sciacqui:<br \/><\/b>3 sciacqui<\/p>\n<hr \/>\n<p><b><br \/>Prima vampata di calore:<br \/><\/b><span style=\"font-weight: 400;\">Durata: 0 - 21 giorni<br \/><\/span><span style=\"font-weight: 400;\">Resa: 165 grammi<\/span><\/p>\n<p><b>Seconda vampata:<br \/><\/b><span style=\"font-weight: 400;\">Giorno 21 - 30<br \/><\/span><span style=\"font-weight: 400;\">Resa: 130 grammi<\/span><\/p>\n<p><b>Terza vampata di calore:<br \/><\/b><span style=\"font-weight: 400;\">Giorno 30 - 35<br \/><\/span><span style=\"font-weight: 400;\">Resa: 16 grammi<\/span><\/p>\n<p><b>Quarto sciacquone:<br \/><\/b><span style=\"font-weight: 400;\">Giorno 35<br \/><\/span><span style=\"font-weight: 400;\">Resa: non<\/span><\/p>                    <\/div>\n\t\t\t\t                    <div class=\"clearfix active-default\">\n\t\t\t\t\t\t<h2><b>1200 cc (medio)<\/b><\/h2>\n<p><b>Numero di giorni<\/b><span style=\"font-weight: 400;\">:<br \/><\/span><span style=\"font-weight: 400;\">35 giorni<\/span><\/p>\n<p><b>Ricavi totali<\/b><span style=\"font-weight: 400;\">:<br \/><\/span><span style=\"font-weight: 400;\">865 grammi<\/span><\/p>\n<p><b>Numero di sciacqui:<br \/><\/b><span style=\"font-weight: 400;\">3 sciacqui<\/span><\/p>\n<hr \/>\n<p><b><br \/>Prima vampata di calore:<br \/><\/b><span style=\"font-weight: 400;\">Durata: 0 - 21 giorni<br \/><\/span><span style=\"font-weight: 400;\">Resa: 433 grammi<\/span><\/p>\n<p><b>Seconda vampata:<br \/><\/b><span style=\"font-weight: 400;\">Giorno 21 - 30<br \/><\/span><span style=\"font-weight: 400;\">Resa: 390 grammi<\/span><\/p>\n<p><b>Terza vampata di calore:<br \/><\/b><span style=\"font-weight: 400;\">Giorno 30 - 35<br \/><\/span><span style=\"font-weight: 400;\">Resa: 42 grammi<\/span><\/p>\n<p><b>Quarto sciacquone:<br \/><\/b><span style=\"font-weight: 400;\">Giorno 35<br \/><\/span><span style=\"color: inherit; font-family: inherit; font-size: inherit; background-color: var(--et_container-bg-color, transparent);\">Resa: non<\/span><\/p>                    <\/div>\n\t\t\t\t                    <div class=\"clearfix inactive\">\n\t\t\t\t\t\t<h2><b>2100 cc (grande)<\/b><\/h2>\n<p><b>Numero di giorni<\/b><span style=\"font-weight: 400;\">:<br \/><\/span><span style=\"font-weight: 400;\">35 giorni<\/span><\/p>\n<p><b>Ricavi totali<\/b><span style=\"font-weight: 400;\">:<br \/><\/span><span style=\"font-weight: 400;\">1633 grammi<\/span><\/p>\n<p><b>Numero di sciacqui:<br \/><\/b><span style=\"font-weight: 400;\">3 sciacqui<\/span><\/p>\n<hr \/>\n<p><b><br \/>Prima vampata di calore:<br \/><\/b><span style=\"font-weight: 400;\">Durata: 0 - 21 giorni<br \/><\/span><span style=\"font-weight: 400;\">Resa: 809 grammi<\/span><\/p>\n<p><b>Seconda vampata:<br \/><\/b><span style=\"font-weight: 400;\">Giorno 21 - 30<br \/><\/span><span style=\"font-weight: 400;\">Resa: 743 grammi<\/span><\/p>\n<p><b>Terza vampata di calore:<br \/><\/b><span style=\"font-weight: 400;\">Giorno 30 - 35<br \/><\/span><span style=\"font-weight: 400;\">Resa: 81 grammi<\/span><\/p>\n<p><b>Quarto sciacquone:<br \/><\/b><span style=\"font-weight: 400;\">Giorno 35<br \/><\/span><span style=\"font-weight: 400;\">Resa: non<\/span><\/p>                    <\/div>\n\t\t\t\t            <\/div>\n        <\/div>\n\t\t\t\t\t\t<\/div>\n\t\t\t\t<\/div>\n\t\t\t\t\t<\/div>\n\t\t<\/div>\n\t\t\t\t\t<\/div>\n\t\t<\/section>\n\t\t\t\t<div class=\"elementor-element elementor-element-a5c01b6 elementor-widget elementor-widget-text-editor\" data-id=\"a5c01b6\" data-element_type=\"widget\" data-e-type=\"widget\" data-widget_type=\"text-editor.default\">\n\t\t\t\t<div class=\"elementor-widget-container\">\n\t\t\t\t\t\t\t\t\t<h3><strong style=\"font-size: calc(var(--h3-size-proportion) * 1rem); background-color: var(--et_container-bg-color, transparent);\">Giorno 0 - 21:\u00a0<\/strong><strong>Il primo kit per la coltivazione dei funghi a filo<\/strong><\/h3>\n<p>I kit per la coltivazione dei funghi da 250 cc, 1200 cc e 2100 cc sono stati sistemati in una stanza con una temperatura stabile di circa 24 gradi. Nonostante la necessit\u00e0 di tenere il sacchetto chiuso, lo abbiamo aperto ogni giorno e abbiamo spruzzato leggermente i kit di coltivazione con uno spray per piante. Abbiamo bollito l'acqua che abbiamo usato in precedenza per evitare infezioni. Anche durante la crescita dei funghi, abbiamo aperto il sacchetto ogni giorno e spruzzato il growkit. I primi piccoli funghi sono spuntati dopo circa 2 settimane. Ci sono volute in totale 3 settimane (21 giorni) prima di poter raccogliere un primo lotto dal kit di coltivazione. La resa \u00e8 riportata di seguito.<\/p>\n<div>\n<div>\n<ul>\n<li>250 cc = 165 grammi<\/li>\n<li>1200 cc = 433 grammi<\/li>\n<li>2100 cc = 809 grammi<\/li>\n<\/ul>\n<\/div>\n<\/div>\n<h3><strong style=\"font-size: calc(var(--h3-size-proportion) * 1rem); background-color: var(--et_container-bg-color, transparent);\">Dal 21\u00b0 al 30\u00b0 giorno:\u00a0<\/strong><strong>Il secondo kit per la coltivazione dei funghi a filo<\/strong><\/h3>\n<p>Naturalmente, siamo andati subito a fare un secondo lavaggio. Dopo aver raccolto con cura tutti i funghi, avevamo un altro \"growkit pulito\". Abbiamo quindi ripetuto le fasi da 4 a 7. Naturalmente, abbiamo lavorato di nuovo con acqua bollita e in un ambiente pulito. Anche questa volta abbiamo spruzzato leggermente il growkit ogni giorno. Questa volta, ci \u00e8 voluta circa 1 settimana (9 giorni) per un lavaggio. La resa, per\u00f2, \u00e8 stata un po' inferiore. Di seguito i risultati.<\/p>\n<div>\n<div>\n<ul>\n<li>250 cc = 130 grammi<\/li>\n<li>1200 cc = 390 grammi<\/li>\n<li>2100 cc = 743 grammi<\/li>\n<\/ul>\n<\/div>\n<\/div>\n<h3><strong style=\"font-size: calc(var(--h3-size-proportion) * 1rem); background-color: var(--et_container-bg-color, transparent);\">Giorno 30 - 35:\u00a0<\/strong><strong>Il terzo kit per la coltivazione dei funghi a filo<\/strong><\/h3>\n<p>Ci sar\u00e0 dell'altro? Noi pensiamo di s\u00ec! Abbiamo ripetuto ancora una volta le fasi da 4 a 7. Nonostante la prudenza, possiamo notare che il growkit \u00e8 in difficolt\u00e0. La raccolta del primo e del secondo lotto ha reso il growkit spoglio in alcuni punti. Nonostante il growkit sia ormai spoglio, ci sono voluti solo 5 giorni per raccogliere un'altra piccola partita di funghi freschi. Di seguito sono riportate le rese.<\/p>\n<ul>\n<li>250 cc = 16 grammi<\/li>\n<li>1200 cc = 42 grammi<\/li>\n<li>2100 cc = 81 grammi<\/li>\n<\/ul>\n<h3><strong style=\"font-size: calc(var(--h3-size-proportion) * 1rem); background-color: var(--et_container-bg-color, transparent);\">Giorno 35:\u00a0<\/strong><strong>Il quarto kit per la coltivazione dei funghi a filo<\/strong><\/h3>\n<p>Purtroppo, non siamo pi\u00f9 riusciti a ottenere un quarto lavaggio dai kit di coltivazione dei funghi. In teoria, questo dovrebbe essere possibile in condizioni eccellenti. Con grande dispiacere, abbiamo buttato via i kit di coltivazione sterili. Ora \u00e8 il momento di vedere quanto ci hanno portato i kit per la coltivazione dei funghi. Siamo molto soddisfatti dei risultati. Potete trovare la resa qui sotto.<\/p>\n<ul>\n<li>250 cc = 311 grammi<\/li>\n<li>1200 cc = 865 grammi<\/li>\n<li>2100 cc = 1633 grammi<\/li>\n<\/ul>\t\t\t\t\t\t\t\t<\/div>\n\t\t\t\t<\/div>\n\t\t\t\t<div class=\"elementor-element elementor-element-c8212d8 elementor-widget elementor-widget-text-editor\" data-id=\"c8212d8\" data-element_type=\"widget\" data-e-type=\"widget\" data-widget_type=\"text-editor.default\">\n\t\t\t\t<div class=\"elementor-widget-container\">\n\t\t\t\t\t\t\t\t\t<h2>Conclusione<\/h2>\n<div>Come si pu\u00f2 vedere, \u00e8 possibile aspettarsi quantit\u00e0 molto elevate di funghi per ogni kit di coltivazione. Per il test di cui sopra abbiamo usato il modello Golden Teacher, ma ci si possono aspettare rese simili anche dagli altri kit di coltivazione. Il forte <a href=\"https:\/\/www.paddo.shop\/it\/mazatapec-paddo-growkit\/\">Mazatapec<\/a> e <a href=\"https:\/\/www.paddo.shop\/it\/mckennaii-paddo-growkit\/\">McKennaii<\/a> sono simili, ad esempio. La condizione \u00e8 che seguiate attentamente le nostre istruzioni. In caso contrario, il raccolto potrebbe essere deludente o fallire.<\/div>\n<div>\u00a0<\/div>\n<div>Buona fortuna con la coltivazione e non vediamo l'ora di vedere il vostro rendimento!<\/div>\t\t\t\t\t\t\t\t<\/div>\n\t\t\t\t<\/div>\n\t\t\t\t\t<\/div>\n\t\t<\/div>\n\t\t\t\t\t<\/div>\n\t\t<\/section>\n\t\t\t\t<\/div>","protected":false},"excerpt":{"rendered":"<p>Coltivazione di un kit di coltivazione di funghi Quanto rende effettivamente un kit di coltivazione di funghi? Riceviamo questa domanda ogni settimana, per questo abbiamo messo insieme alcuni...<\/p>","protected":false},"author":2,"featured_media":0,"parent":0,"menu_order":0,"comment_status":"closed","ping_status":"closed","template":"","meta":{"_acf_changed":false,"footnotes":""},"class_list":["post-5661","page","type-page","status-publish","hentry"],"acf":[],"_links":{"self":[{"href":"https:\/\/www.paddo.shop\/it\/wp-json\/wp\/v2\/pages\/5661","targetHints":{"allow":["GET"]}}],"collection":[{"href":"https:\/\/www.paddo.shop\/it\/wp-json\/wp\/v2\/pages"}],"about":[{"href":"https:\/\/www.paddo.shop\/it\/wp-json\/wp\/v2\/types\/page"}],"author":[{"embeddable":true,"href":"https:\/\/www.paddo.shop\/it\/wp-json\/wp\/v2\/users\/2"}],"replies":[{"embeddable":true,"href":"https:\/\/www.paddo.shop\/it\/wp-json\/wp\/v2\/comments?post=5661"}],"version-history":[{"count":0,"href":"https:\/\/www.paddo.shop\/it\/wp-json\/wp\/v2\/pages\/5661\/revisions"}],"wp:attachment":[{"href":"https:\/\/www.paddo.shop\/it\/wp-json\/wp\/v2\/media?parent=5661"}],"curies":[{"name":"wp","href":"https:\/\/api.w.org\/{rel}","templated":true}]}}