{"id":1616,"date":"2022-03-04T13:34:34","date_gmt":"2022-03-04T13:34:34","guid":{"rendered":"https:\/\/www.magictruffels.shop\/?page_id=1616"},"modified":"2022-03-14T09:28:21","modified_gmt":"2022-03-14T09:28:21","slug":"retourneren","status":"publish","type":"page","link":"https:\/\/www.paddo.shop\/it\/retourneren\/","title":{"rendered":"Ritorno"},"content":{"rendered":"<div data-elementor-type=\"wp-page\" data-elementor-id=\"1616\" class=\"elementor elementor-1616\" data-elementor-post-type=\"page\">\n\t\t\t\t\t\t<section class=\"elementor-section elementor-top-section elementor-element elementor-element-e585a9c elementor-section-boxed elementor-section-height-default elementor-section-height-default\" data-id=\"e585a9c\" data-element_type=\"section\" data-e-type=\"section\">\n\t\t\t\t\t\t<div class=\"elementor-container elementor-column-gap-default\">\n\t\t\t\t\t<div class=\"elementor-column elementor-col-100 elementor-top-column elementor-element elementor-element-c9480d9\" data-id=\"c9480d9\" data-element_type=\"column\" data-e-type=\"column\">\n\t\t\t<div class=\"elementor-widget-wrap elementor-element-populated\">\n\t\t\t\t\t\t<div class=\"elementor-element elementor-element-4b3dab5 elementor-widget elementor-widget-text-editor\" data-id=\"4b3dab5\" data-element_type=\"widget\" data-e-type=\"widget\" data-widget_type=\"text-editor.default\">\n\t\t\t\t<div class=\"elementor-widget-container\">\n\t\t\t\t\t\t\t\t\t<h2><strong>LA NOSTRA POLITICA DI RESTITUZIONE:<\/strong><\/h2><p>A <a href=\"\/it\/\">magictruffles.shop<\/a> avete il diritto legale di segnalare un prodotto per la restituzione entro 14 giorni dal ricevimento senza indicarne il motivo. Dopo questa comunicazione, avete altri 14 giorni per restituire effettivamente il prodotto. Se vi avvalete del diritto di recesso, riceverete sul vostro conto l'intero importo dell'ordine, comprese le spese di spedizione, entro 14 giorni dalla notifica di recesso.<\/p><p><strong>Eventuali spese di restituzione sono a carico dell'utente.<\/strong><\/p><p>Il cliente sar\u00e0 l'unico responsabile di qualsiasi deprezzamento dei prodotti derivante dalla manipolazione o dall'uso dei beni al di l\u00e0 di quanto necessario per stabilirne la natura, le caratteristiche e il funzionamento.<\/p><p>Alcuni prodotti (ad esempio bong, pipe, vaporizzatori e prodotti simili) sono esclusi dal diritto di recesso se non vengono sigillati e\/o utilizzati dopo la consegna. Dopo la rottura del sigillo, questi prodotti non sono pi\u00f9 adatti alla restituzione per motivi igienico-sanitari. Anche i prodotti deperibili (come tartufi, spore e kit di coltivazione) non possono essere restituiti. Tuttavia, se non siete soddisfatti di un prodotto deperibile, contattate il nostro servizio clienti. Saremo lieti di collaborare con voi per trovare una soluzione.<\/p><p>Per avviare una restituzione, contattateci all'indirizzo info@magictruffels.shop. Se il reso viene accettato, vi invieremo un'etichetta di reso e le istruzioni su come e dove spedire il pacco. Gli articoli restituiti senza aver prima effettuato una richiesta di reso non saranno accettati.<\/p><p>Potete sempre contattarci per qualsiasi ordine di reso all'indirizzo info@magictruffels.shop.<\/p><h2><b>DANNI E PROBLEMI<\/b><\/h2><p>Si prega di controllare l'ordine al momento della ricezione e di contattarci immediatamente se l'articolo \u00e8 difettoso, danneggiato o se si riceve l'articolo sbagliato, in modo da poter valutare e risolvere il problema.<\/p><h2><b>ECCEZIONI \/ ARTICOLI NON RESTITUIBILI<\/b><\/h2><p>Alcuni tipi di articoli non possono essere restituiti, tra cui merci deperibili (come alimenti, fiori o piante), prodotti personalizzati (come ordini speciali o articoli personalizzati) e articoli per la cura della persona (come prodotti di bellezza). Non si accettano inoltre resi di materiali pericolosi, liquidi o gas infiammabili. Contattateci se avete domande o dubbi su un articolo specifico.<\/p><h2>AGGIORNAMENTO<\/h2><p>Il modo pi\u00f9 rapido per assicurarsi di ottenere ci\u00f2 che si desidera \u00e8 restituire l'articolo che si possiede e, una volta accettato il reso, effettuare un acquisto separato per il nuovo articolo.<\/p><h2><b>RIMBORSI<\/b><\/h2><p>Vi informeremo una volta ricevuto e ispezionato il vostro reso e vi comunicheremo se il rimborso \u00e8 stato approvato o meno. Se approvato, il rimborso verr\u00e0 effettuato automaticamente sul metodo di pagamento originale. Ricordate che potrebbe essere necessario un po' di tempo per l'elaborazione e la pubblicazione del rimborso da parte della vostra banca o della societ\u00e0 emittente della carta di credito.<\/p><h2><b>DATI DI RITORNO<\/b><\/h2><p>Magictruffles.shop<br \/>PePePe BV<br \/>Sulky 6 J<br \/>Zeewolde<br \/>3897AJ<\/p><p>CAMERA DI COMMERCIO: 34236211<br \/>IVA: NL815030411B01<\/p><p>Numero di telefono: 085-0160877<\/p>\t\t\t\t\t\t\t\t<\/div>\n\t\t\t\t<\/div>\n\t\t\t\t\t<\/div>\n\t\t<\/div>\n\t\t\t\t\t<\/div>\n\t\t<\/section>\n\t\t\t\t<\/div>","protected":false},"excerpt":{"rendered":"<p>LA NOSTRA POLITICA DI RESTITUZIONE: Su magictruffels.shop, avete il diritto legale di registrare un prodotto per la restituzione entro 14 giorni dal ricevimento senza...<\/p>","protected":false},"author":2,"featured_media":0,"parent":0,"menu_order":0,"comment_status":"closed","ping_status":"closed","template":"","meta":{"_acf_changed":false,"footnotes":""},"class_list":["post-1616","page","type-page","status-publish","hentry"],"acf":[],"_links":{"self":[{"href":"https:\/\/www.paddo.shop\/it\/wp-json\/wp\/v2\/pages\/1616","targetHints":{"allow":["GET"]}}],"collection":[{"href":"https:\/\/www.paddo.shop\/it\/wp-json\/wp\/v2\/pages"}],"about":[{"href":"https:\/\/www.paddo.shop\/it\/wp-json\/wp\/v2\/types\/page"}],"author":[{"embeddable":true,"href":"https:\/\/www.paddo.shop\/it\/wp-json\/wp\/v2\/users\/2"}],"replies":[{"embeddable":true,"href":"https:\/\/www.paddo.shop\/it\/wp-json\/wp\/v2\/comments?post=1616"}],"version-history":[{"count":0,"href":"https:\/\/www.paddo.shop\/it\/wp-json\/wp\/v2\/pages\/1616\/revisions"}],"wp:attachment":[{"href":"https:\/\/www.paddo.shop\/it\/wp-json\/wp\/v2\/media?parent=1616"}],"curies":[{"name":"wp","href":"https:\/\/api.w.org\/{rel}","templated":true}]}}