{"id":5254,"date":"2022-07-20T09:16:37","date_gmt":"2022-07-20T09:16:37","guid":{"rendered":"https:\/\/www.paddo.shop\/?post_type=product&#038;p=5254"},"modified":"2023-10-09T13:35:46","modified_gmt":"2023-10-09T11:35:46","slug":"colombian-paddo-growkit","status":"publish","type":"product","link":"https:\/\/www.paddo.shop\/fr\/colombian-paddo-growkit\/","title":{"rendered":"Colombian Paddo Growkit"},"content":{"rendered":"<h2><strong>Acheter Colombian Paddo Growkit<\/strong><\/h2>\n<p><span style=\"font-weight: 400;\">Si vous souhaitez acheter des kits de culture, vous \u00eates au bon endroit. Dans notre boutique, vous ne trouverez que des kits de culture fiables et efficaces. Ils sont produits par l'entreprise n\u00e9erlandaise McSmart. Cette entreprise est internationalement connue comme l'une des entreprises les plus renomm\u00e9es dans le domaine des truffes magiques et des kits de culture de champignons magiques. Si vous suivez les instructions fournies, vous pouvez donc toujours compter sur au moins une bonne r\u00e9colte de champignons psych\u00e9d\u00e9liques, mais dans de nombreux cas, vous pouvez m\u00eame installer le kit de culture plusieurs fois !<\/span><\/p>\n<p><span style=\"font-weight: 400;\">Si vous commandez aujourd'hui un Colombian Paddo Growkit, vous le recevrez chez vous en toute discr\u00e9tion dans les jours qui suivent.<\/span><\/p>\n<h3><strong>Contenu d'un Colombian Paddo Growkit<\/strong><\/h3>\n<p><span style=\"font-weight: 400;\">Chaque champignon Colombian Growkit contient tout ce qui est n\u00e9cessaire pour cultiver vos propres champignons magiques Colombian. Le paquet contient : 1 conteneur de culture pr\u00eat \u00e0 l'emploi avec du myc\u00e9lium actif, un sac de culture avec des filtres, 2 clips pour fermer le sac et un d\u00e9pliant avec des instructions. Il ne vous reste plus qu'\u00e0 ajouter de l'eau et de l'amour.<\/span><\/p>\n<h3><strong>Quelle est la force des <\/strong><strong>Colombian<\/strong><strong> champignons magiques ?<\/strong><\/h3>\n<p><span style=\"font-weight: 400;\">Vous trouverez ci-dessous les truffes magiques de notre gamme, class\u00e9es par force psych\u00e9d\u00e9lique. Elles sont class\u00e9es de fortes \u00e0 douces. Ainsi, vous pouvez voir exactement comment les champignons magiques Colombian se comparent aux autres.<\/span><\/p>\n<p><a href=\"https:\/\/www.paddo.shop\/fr\/mckennaii-paddo-growkit\/\"><span style=\"font-weight: 400;\">McKennaii<\/span><span style=\"font-weight: 400;\"><br \/>\n<\/span><\/a><a href=\"https:\/\/www.paddo.shop\/fr\/hawaiian-copelandia-paddo-growkit\/\"><span style=\"font-weight: 400;\">Hawaiian Copelandia<\/span><span style=\"font-weight: 400;\"><br \/>\n<\/span><\/a><a href=\"https:\/\/www.paddo.shop\/fr\/golden-teacher-paddo-growkit\/\"><span style=\"font-weight: 400;\">Golden Teacher<\/span><span style=\"font-weight: 400;\"><br \/>\n<\/span><\/a><a href=\"https:\/\/www.paddo.shop\/fr\/mazatapec-paddo-growkit\/\"><span style=\"font-weight: 400;\">Mazatapec<\/span><span style=\"font-weight: 400;\"><br \/>\n<\/span><\/a><a href=\"https:\/\/www.paddo.shop\/fr\/colombian-paddo-growkit\/\"><span style=\"font-weight: 400;\">Colombian Paddo<\/span><span style=\"font-weight: 400;\"><br \/>\n<\/span><\/a><a href=\"https:\/\/www.paddo.shop\/fr\/cambodian-paddo-growkit\/\"><span style=\"font-weight: 400;\">Cambodian Paddo<\/span><span style=\"font-weight: 400;\"><br \/>\n<\/span><\/a><a href=\"https:\/\/www.paddo.shop\/fr\/ecuadorian-paddo-growkit\/\"><span style=\"font-weight: 400;\">Ecuadorian Paddo<\/span><span style=\"font-weight: 400;\"><br \/>\n<\/span><\/a><a href=\"https:\/\/www.paddo.shop\/fr\/mexican-paddo-growkit\/\"><span style=\"font-weight: 400;\">Mexican Paddo<\/span><span style=\"font-weight: 400;\"><br \/>\n<\/span><\/a><a href=\"https:\/\/www.paddo.shop\/fr\/b-plus-paddo-growkit\/\"><span style=\"font-weight: 400;\">B+ Paddo<\/span><span style=\"font-weight: 400;\"><br \/>\n<\/span><\/a><a href=\"https:\/\/www.paddo.shop\/fr\/thai-paddo-growkit\/\"><span style=\"font-weight: 400;\">Thai Paddo<\/span><\/a><\/p>\n<h2><strong>Faites pousser vos propres champignons Colombian avec un kit de culture<\/strong><\/h2>\n<p><span style=\"font-weight: 400;\">Colombian sont parmi les produits naturels psych\u00e9d\u00e9liques les plus populaires aujourd'hui. Ils sont tr\u00e8s faciles \u00e0 cultiver avec l'aide de nos kits de culture. Tout ce dont vous avez besoin, c'est d'un kit de culture, d'un peu d'eau et d'un peu de patience. Pour que tout se passe bien, nous vous fournissons \u00e9galement des instructions. Si vous les respectez, vous pourrez cueillir vos premiers champignons au bout de quelques semaines.<\/span><\/p>\n<h3><strong>De beste paddo growkit tips van 2026<\/strong><\/h3>\n<p><span style=\"font-weight: 400;\">Il est tr\u00e8s facile de cultiver ses propres champignons magiques \u00e0 l'aide d'un kit de culture. Il est toutefois important de suivre les instructions fournies. Comme il s'agit d'un organisme vivant, il y a un certain nombre de choses que vous devez absolument respecter. <\/span><strong>pas<\/strong><span style=\"font-weight: 400;\"> \u00e0 faire. Vous voulez vous assurer une bonne r\u00e9colte de champignons maison, ann\u00e9e apr\u00e8s ann\u00e9e ? Jetez un coup d'\u0153il ici <\/span><a href=\"https:\/\/www.paddo.shop\/fr\/growkit-instructies\/\"><span style=\"font-weight: 400;\">de beste paddo growkit tips van 2026<\/span><\/a><span style=\"font-weight: 400;\">.<\/span><\/p>\n<p><strong>Important :<\/strong><strong><br \/>\n<\/strong><span style=\"font-weight: 400;\">Cultiver des champignons magiques est incroyablement amusant et satisfaisant. Mais attention : les champignons (champignons magiques) contiennent aussi naturellement les substances psilocybine et psilocine. La psilocybine et la psilocine sont des hallucinog\u00e8nes. Les hallucinog\u00e8nes sont des substances qui modifient la conscience et qui peuvent notamment provoquer des hallucinations. Gardez cela \u00e0 l'esprit. Et gardez toujours le kit de culture et les champignons hors de port\u00e9e des enfants !<\/span><\/p>\n<h2>Questions les plus fr\u00e9quemment pos\u00e9es<\/h2>\n<p>Vous trouverez ci-dessous les 5 questions les plus fr\u00e9quemment pos\u00e9es sur le Colombian. Vous avez encore des questions apr\u00e8s avoir lu toutes les informations sur cette page ? <a href=\"https:\/\/www.paddo.shop\/fr\/contact\/\">Alors contactez-nous<\/a> et nous vous aiderons imm\u00e9diatement.<\/p>\n\t\t<div data-elementor-type=\"section\" data-elementor-id=\"8215\" class=\"elementor elementor-8215\" data-elementor-post-type=\"elementor_library\">\n\t\t\t\t\t<section class=\"elementor-section elementor-top-section elementor-element elementor-element-a20d66a elementor-section-boxed elementor-section-height-default elementor-section-height-default\" data-id=\"a20d66a\" data-element_type=\"section\">\n\t\t\t\t\t\t<div class=\"elementor-container elementor-column-gap-default\">\n\t\t\t\t\t<div class=\"elementor-column elementor-col-100 elementor-top-column elementor-element elementor-element-5ae8cb5\" data-id=\"5ae8cb5\" data-element_type=\"column\">\n\t\t\t<div class=\"elementor-widget-wrap elementor-element-populated\">\n\t\t\t\t\t\t<div class=\"elementor-element elementor-element-5207599 elementor-widget__width-initial elementor-widget elementor-widget-accordion\" data-id=\"5207599\" data-element_type=\"widget\" data-widget_type=\"accordion.default\">\n\t\t\t\t<div class=\"elementor-widget-container\">\n\t\t\t\t\t\t\t<div class=\"elementor-accordion\">\n\t\t\t\t\t\t\t<div class=\"elementor-accordion-item\">\n\t\t\t\t\t<h3 id=\"elementor-tab-title-8601\" class=\"elementor-tab-title\" data-tab=\"1\" role=\"button\" aria-controls=\"elementor-tab-content-8601\" aria-expanded=\"false\">\n\t\t\t\t\t\t\t\t\t\t\t\t\t<span class=\"elementor-accordion-icon elementor-accordion-icon-right\" aria-hidden=\"true\">\n\t\t\t\t\t\t\t\t\t\t\t\t\t\t\t<span class=\"elementor-accordion-icon-closed\"><i class=\"fas fa-plus\"><\/i><\/span>\n\t\t\t\t\t\t\t\t<span class=\"elementor-accordion-icon-opened\"><i class=\"fas fa-minus\"><\/i><\/span>\n\t\t\t\t\t\t\t\t\t\t\t\t\t\t<\/span>\n\t\t\t\t\t\t\t\t\t\t\t\t<a class=\"elementor-accordion-title\" tabindex=\"0\">Pourquoi les champignons Colombian sont-ils souvent consid\u00e9r\u00e9s comme puissants ?<\/a>\n\t\t\t\t\t<\/h3>\n\t\t\t\t\t<div id=\"elementor-tab-content-8601\" class=\"elementor-tab-content elementor-clearfix\" data-tab=\"1\" role=\"region\" aria-labelledby=\"elementor-tab-title-8601\"><p>Les champignons Colombian sont connus pour leur puissance, principalement gr\u00e2ce \u00e0 la quantit\u00e9 importante de psilocybine et de psilocine qu'ils contiennent. Ces substances sont responsables de l'exp\u00e9rience psych\u00e9d\u00e9lique qui suit l'ingestion des champignons magiques. Elles peuvent provoquer un voyage spirituel intense et de vives hallucinations. Si vous \u00eates curieux de conna\u00eetre les diff\u00e9rences avec d'autres vari\u00e9t\u00e9s, consultez notre rubrique <a href=\"https:\/\/www.paddo.shop\/fr\/growkits\/\" target=\"_new\">page de comparaison<\/a>.<\/p>\n<\/div>\n\t\t\t\t<\/div>\n\t\t\t\t\t\t\t<div class=\"elementor-accordion-item\">\n\t\t\t\t\t<h3 id=\"elementor-tab-title-8602\" class=\"elementor-tab-title\" data-tab=\"2\" role=\"button\" aria-controls=\"elementor-tab-content-8602\" aria-expanded=\"false\">\n\t\t\t\t\t\t\t\t\t\t\t\t\t<span class=\"elementor-accordion-icon elementor-accordion-icon-right\" aria-hidden=\"true\">\n\t\t\t\t\t\t\t\t\t\t\t\t\t\t\t<span class=\"elementor-accordion-icon-closed\"><i class=\"fas fa-plus\"><\/i><\/span>\n\t\t\t\t\t\t\t\t<span class=\"elementor-accordion-icon-opened\"><i class=\"fas fa-minus\"><\/i><\/span>\n\t\t\t\t\t\t\t\t\t\t\t\t\t\t<\/span>\n\t\t\t\t\t\t\t\t\t\t\t\t<a class=\"elementor-accordion-title\" tabindex=\"0\">Existe-t-il des techniques sp\u00e9ciales pour cultiver avec succ\u00e8s des champignons Colombian dans ce kit de culture ?<\/a>\n\t\t\t\t\t<\/h3>\n\t\t\t\t\t<div id=\"elementor-tab-content-8602\" class=\"elementor-tab-content elementor-clearfix\" data-tab=\"2\" role=\"region\" aria-labelledby=\"elementor-tab-title-8602\"><p>Les champignons Colombian ne sont pas trop exigeants, mais ils aiment un environnement humide. Veillez \u00e0 ce que l'humidit\u00e9 et la temp\u00e9rature soient correctes. En suivant les instructions de notre <a href=\"https:\/\/www.paddo.shop\/fr\/growkit-instructies\/\" target=\"_new\">page d'instructions du kit de culture<\/a> peut contribuer \u00e0 la r\u00e9ussite de la r\u00e9colte.<\/p>\n<\/div>\n\t\t\t\t<\/div>\n\t\t\t\t\t\t\t<div class=\"elementor-accordion-item\">\n\t\t\t\t\t<h3 id=\"elementor-tab-title-8603\" class=\"elementor-tab-title\" data-tab=\"3\" role=\"button\" aria-controls=\"elementor-tab-content-8603\" aria-expanded=\"false\">\n\t\t\t\t\t\t\t\t\t\t\t\t\t<span class=\"elementor-accordion-icon elementor-accordion-icon-right\" aria-hidden=\"true\">\n\t\t\t\t\t\t\t\t\t\t\t\t\t\t\t<span class=\"elementor-accordion-icon-closed\"><i class=\"fas fa-plus\"><\/i><\/span>\n\t\t\t\t\t\t\t\t<span class=\"elementor-accordion-icon-opened\"><i class=\"fas fa-minus\"><\/i><\/span>\n\t\t\t\t\t\t\t\t\t\t\t\t\t\t<\/span>\n\t\t\t\t\t\t\t\t\t\t\t\t<a class=\"elementor-accordion-title\" tabindex=\"0\">Quelles sont les caract\u00e9ristiques d'une bonne r\u00e9colte avec le kit de culture de champignons Colombian ?<\/a>\n\t\t\t\t\t<\/h3>\n\t\t\t\t\t<div id=\"elementor-tab-content-8603\" class=\"elementor-tab-content elementor-clearfix\" data-tab=\"3\" role=\"region\" aria-labelledby=\"elementor-tab-title-8603\"><p>Une bonne r\u00e9colte doit permettre d'obtenir de nombreux champignons sains et matures, avec des tiges solides et des chapeaux bien d\u00e9velopp\u00e9s. Si vous constatez qu'ils poussent bien et qu'ils ont une couleur saine, vous \u00eates sur la bonne voie. Curieux de conna\u00eetre l'exp\u00e9rience d'autres personnes ? Lisez quelques <a href=\"https:\/\/www.paddo.shop\/fr\/paddo-growkit-kweekverslag\/\" target=\"_new\">rapports d'\u00e9levage<\/a> de notre communaut\u00e9.<\/p>\n<\/div>\n\t\t\t\t<\/div>\n\t\t\t\t\t\t\t<div class=\"elementor-accordion-item\">\n\t\t\t\t\t<h3 id=\"elementor-tab-title-8604\" class=\"elementor-tab-title\" data-tab=\"4\" role=\"button\" aria-controls=\"elementor-tab-content-8604\" aria-expanded=\"false\">\n\t\t\t\t\t\t\t\t\t\t\t\t\t<span class=\"elementor-accordion-icon elementor-accordion-icon-right\" aria-hidden=\"true\">\n\t\t\t\t\t\t\t\t\t\t\t\t\t\t\t<span class=\"elementor-accordion-icon-closed\"><i class=\"fas fa-plus\"><\/i><\/span>\n\t\t\t\t\t\t\t\t<span class=\"elementor-accordion-icon-opened\"><i class=\"fas fa-minus\"><\/i><\/span>\n\t\t\t\t\t\t\t\t\t\t\t\t\t\t<\/span>\n\t\t\t\t\t\t\t\t\t\t\t\t<a class=\"elementor-accordion-title\" tabindex=\"0\">Les champignons Colombian conviennent-ils aux psychonautes plus exp\u00e9riment\u00e9s ?<\/a>\n\t\t\t\t\t<\/h3>\n\t\t\t\t\t<div id=\"elementor-tab-content-8604\" class=\"elementor-tab-content elementor-clearfix\" data-tab=\"4\" role=\"region\" aria-labelledby=\"elementor-tab-title-8604\"><p>Oui, en raison de leur puissance, les champignons Colombian sont souvent recommand\u00e9s aux psychonautes plus exp\u00e9riment\u00e9s. Pour les d\u00e9butants, il est pr\u00e9f\u00e9rable de commencer par une vari\u00e9t\u00e9 plus douce, comme le <a href=\"https:\/\/www.paddo.shop\/fr\/thai-paddo-growkit\/\" target=\"_new\">Thai champignons<\/a>.<\/p>\n<\/div>\n\t\t\t\t<\/div>\n\t\t\t\t\t\t\t<div class=\"elementor-accordion-item\">\n\t\t\t\t\t<h3 id=\"elementor-tab-title-8605\" class=\"elementor-tab-title\" data-tab=\"5\" role=\"button\" aria-controls=\"elementor-tab-content-8605\" aria-expanded=\"false\">\n\t\t\t\t\t\t\t\t\t\t\t\t\t<span class=\"elementor-accordion-icon elementor-accordion-icon-right\" aria-hidden=\"true\">\n\t\t\t\t\t\t\t\t\t\t\t\t\t\t\t<span class=\"elementor-accordion-icon-closed\"><i class=\"fas fa-plus\"><\/i><\/span>\n\t\t\t\t\t\t\t\t<span class=\"elementor-accordion-icon-opened\"><i class=\"fas fa-minus\"><\/i><\/span>\n\t\t\t\t\t\t\t\t\t\t\t\t\t\t<\/span>\n\t\t\t\t\t\t\t\t\t\t\t\t<a class=\"elementor-accordion-title\" tabindex=\"0\">Comment dois-je traiter les \u00e9ventuels parasites ou champignons dans mon kit de culture de champignons Colombian ?<\/a>\n\t\t\t\t\t<\/h3>\n\t\t\t\t\t<div id=\"elementor-tab-content-8605\" class=\"elementor-tab-content elementor-clearfix\" data-tab=\"5\" role=\"region\" aria-labelledby=\"elementor-tab-title-8605\"><p>L'hygi\u00e8ne est essentielle pour \u00e9viter les parasites et les champignons. Veillez \u00e0 bien nettoyer vos mains et l'environnement avant de commencer \u00e0 travailler avec le kit de culture. Si vous rencontrez encore des probl\u00e8mes, vous pouvez toujours contacter notre service client\u00e8le via l'adresse suivante <a href=\"https:\/\/www.paddo.shop\/fr\/contact\/\" target=\"_new\">page de contact<\/a> Pour des conseils et des orientations.<\/p>\n<\/div>\n\t\t\t\t<\/div>\n\t\t\t\t\t\t\t\t\t\t<script type=\"application\/ld+json\">{\n    \"@context\": \"https:\\\/\\\/schema.org\",\n    \"@type\": \"FAQPage\",\n    \"mainEntity\": [\n        {\n            \"@type\": \"Question\",\n            \"name\": \"Waarom worden Colombian paddo's vaak als krachtig beschouwd?\",\n            \"acceptedAnswer\": {\n                \"@type\": \"Answer\",\n                \"text\": \"<p>Colombian paddo\\u2019s staan bekend om hun potentie, vooral dankzij de rijke hoeveelheid psilocybine en psilocine die ze bevatten. Deze stoffen zijn verantwoordelijk voor de psychedelische ervaring die volgt na het innemen van de paddo&#8217;s. Ze kunnen een intense spirituele reis en levendige hallucinaties veroorzaken. Als je nieuwsgierig bent naar de verschillen met andere soorten, check dan onze <a href=\\\"https:\\\/\\\/www.paddo.shop\\\/growkits\\\/\\\" target=\\\"_new\\\">vergelijkingspagina<\\\/a>.<\\\/p>\\n\"\n            }\n        },\n        {\n            \"@type\": \"Question\",\n            \"name\": \"Zijn er speciale technieken om Colombian paddo's succesvol te kweken in deze growkit?\",\n            \"acceptedAnswer\": {\n                \"@type\": \"Answer\",\n                \"text\": \"<p>Colombian paddo\\u2019s zijn niet al te veeleisend, maar ze houden wel van een vochtige omgeving. Zorg voor een goede vochtigheidsgraad en temperatuur. Het volgen van de instructies op onze <a href=\\\"https:\\\/\\\/www.paddo.shop\\\/growkit-instructies\\\/\\\" target=\\\"_new\\\">growkit instructiespagina<\\\/a> kan helpen om een succesvolle oogst te garanderen.<\\\/p>\\n\"\n            }\n        },\n        {\n            \"@type\": \"Question\",\n            \"name\": \"Wat zijn de kenmerken van een goede oogst met de Colombian paddo growkit?\",\n            \"acceptedAnswer\": {\n                \"@type\": \"Answer\",\n                \"text\": \"<p>Een goede oogst zou veel gezonde, volgroeide paddo\\u2019s moeten opleveren met stevige stelen en goed ontwikkelde hoeden. Als je ziet dat ze goed groeien en een gezonde kleur hebben, ben je op de goede weg. Nieuwsgierig naar ervaringen van anderen? Lees enkele <a href=\\\"https:\\\/\\\/www.paddo.shop\\\/paddo-growkit-kweekverslag\\\/\\\" target=\\\"_new\\\">kweekverslagen<\\\/a> van onze community.<\\\/p>\\n\"\n            }\n        },\n        {\n            \"@type\": \"Question\",\n            \"name\": \"Zijn Colombian paddo\\u2019s geschikt voor meer ervaren psychonauten?\",\n            \"acceptedAnswer\": {\n                \"@type\": \"Answer\",\n                \"text\": \"<p>Ja, vanwege hun kracht worden Colombian paddo&#8217;s vaak aanbevolen voor de meer ervaren psychonauten. Beginners kunnen beter starten met een mildere soort zoals de <a href=\\\"https:\\\/\\\/www.paddo.shop\\\/thai-paddo-growkit\\\/\\\" target=\\\"_new\\\">Thai paddo\\u2019s<\\\/a>.<\\\/p>\\n\"\n            }\n        },\n        {\n            \"@type\": \"Question\",\n            \"name\": \"Hoe ga ik om met mogelijke plagen of schimmels in mijn Colombian paddo growkit?\",\n            \"acceptedAnswer\": {\n                \"@type\": \"Answer\",\n                \"text\": \"<p>Hygi\\u00ebne is cruciaal om plagen en schimmel te voorkomen. Zorg ervoor dat je je handen en de omgeving goed schoonmaakt voordat je met de growkit aan de slag gaat. Mochten er toch problemen ontstaan, dan kun je altijd contact opnemen met onze klantenservice via de <a href=\\\"https:\\\/\\\/www.paddo.shop\\\/contact\\\/\\\" target=\\\"_new\\\">contactpagina<\\\/a> voor advies en begeleiding.<\\\/p>\\n\"\n            }\n        }\n    ]\n}<\/script>\n\t\t\t\t\t<\/div>\n\t\t\t\t\t\t<\/div>\n\t\t\t\t<\/div>\n\t\t\t\t\t<\/div>\n\t\t<\/div>\n\t\t\t\t\t<\/div>\n\t\t<\/section>\n\t\t\t\t<\/div>","protected":false},"excerpt":{"rendered":"<p>La Colombian Paddo Growkit est l'une des vari\u00e9t\u00e9s pr\u00e9f\u00e9r\u00e9es des cultivateurs et des voyageurs. Malgr\u00e9 les effets puissants de la Colombian Paddo Growkit, cette vari\u00e9t\u00e9 est \u00e9galement connue sous le nom de \"champignon de l'engagement\". Ce champignon tropical se caract\u00e9rise par sa concentration et sa convivialit\u00e9. Des vibrations colombiennes vous envahiront \u00e9galement r\u00e9guli\u00e8rement. Dans l'ensemble, il est formidable de profiter de ce champignon psych\u00e9d\u00e9lique \u00e9tonnant avec un groupe d'aventuriers ! Vous pouvez cultiver le champignon Colombian Growkit facilement et rapidement avec nos kits de culture pr\u00eats \u00e0 l'emploi !<\/p>","protected":false},"featured_media":5880,"comment_status":"closed","ping_status":"closed","template":"","meta":{"_acf_changed":false},"etheme_brands":[{"term_id":50,"name":"McSmart","slug":"mcsmart","term_group":0,"term_taxonomy_id":50,"taxonomy":"brand","description":"","parent":0,"count":11,"filter":"raw"}],"product_brand":[],"product_cat":[15],"product_tag":[],"class_list":{"0":"post-5254","1":"product","2":"type-product","3":"status-publish","4":"has-post-thumbnail","6":"brand-mcsmart","7":"product_cat-growkits","9":"first","10":"instock","11":"taxable","12":"shipping-taxable","13":"purchasable","14":"product-type-variable","15":"has-default-attributes"},"acf":[],"_links":{"self":[{"href":"https:\/\/www.paddo.shop\/fr\/wp-json\/wp\/v2\/product\/5254","targetHints":{"allow":["GET"]}}],"collection":[{"href":"https:\/\/www.paddo.shop\/fr\/wp-json\/wp\/v2\/product"}],"about":[{"href":"https:\/\/www.paddo.shop\/fr\/wp-json\/wp\/v2\/types\/product"}],"replies":[{"embeddable":true,"href":"https:\/\/www.paddo.shop\/fr\/wp-json\/wp\/v2\/comments?post=5254"}],"wp:featuredmedia":[{"embeddable":true,"href":"https:\/\/www.paddo.shop\/fr\/wp-json\/wp\/v2\/media\/5880"}],"wp:attachment":[{"href":"https:\/\/www.paddo.shop\/fr\/wp-json\/wp\/v2\/media?parent=5254"}],"wp:term":[{"taxonomy":"brand","embeddable":true,"href":"https:\/\/www.paddo.shop\/fr\/wp-json\/wp\/v2\/etheme_brands?post=5254"},{"taxonomy":"product_brand","embeddable":true,"href":"https:\/\/www.paddo.shop\/fr\/wp-json\/wp\/v2\/product_brand?post=5254"},{"taxonomy":"product_cat","embeddable":true,"href":"https:\/\/www.paddo.shop\/fr\/wp-json\/wp\/v2\/product_cat?post=5254"},{"taxonomy":"product_tag","embeddable":true,"href":"https:\/\/www.paddo.shop\/fr\/wp-json\/wp\/v2\/product_tag?post=5254"}],"curies":[{"name":"wp","href":"https:\/\/api.w.org\/{rel}","templated":true}]}}