{"id":5251,"date":"2022-07-20T09:18:16","date_gmt":"2022-07-20T09:18:16","guid":{"rendered":"https:\/\/www.paddo.shop\/?post_type=product&#038;p=5251"},"modified":"2025-11-12T17:18:03","modified_gmt":"2025-11-12T15:18:03","slug":"mazatapec-paddo-growkit","status":"publish","type":"product","link":"https:\/\/www.paddo.shop\/fr\/mazatapec-paddo-growkit\/","title":{"rendered":"Mazatapec Paddo Growkit"},"content":{"rendered":"<h2><strong>Mazatapec Paddo Growkit kopen<\/strong><\/h2>\n<p><span style=\"font-weight: 400;\">Wie een Mazatapec Paddo Growkit wil kopen zit bij ons aan het juiste adres. In onze shop vind je namelijk alleen betrouwbare en effectieve growkits. Ze worden geproduceerd door het Nederlandse bedrijf McSmart. Dit bedrijf staat internationaal bekend als een van de meest gerenommeerde bedrijven op het gebied van magic truffels en paddo growkits. Als jij je goed aan de bijgeleverde instructies houdt kan je daarom altijd rekenen op minimaal \u00e9\u00e9n goede flush(oogst) met psychedelische paddenstoelen, maar in veel gevallen kan je de kweekset zelfs meerdere keren opzetten!<\/span><\/p>\n<p><span style=\"font-weight: 400;\">Als je vandaag een Mazatapec Paddo Growkit bestelt, ontvang je hem binnen enkele dagen volledig discreet thuis.<\/span><\/p>\n<h3><strong>Wat zit er in een Mazatapec Paddo Growkit<\/strong><\/h3>\n<p><span style=\"font-weight: 400;\">Iedere Mazatapec Paddo Growkit bevat alles dat nodig is om zelf Mazatapec magic mushrooms te kweken. In het pakket zitten: 1 kant en klare kweekbak met actief mycelium, een kweekzak met filters, 2 clips om de zak af te sluiten en een flyer met instructies. Zelf hoef je alleen nog water en wat liefde toe te voegen.<\/span><\/p>\n<h3><strong>Hoe sterk zijn <\/strong><strong>Mazatapec<\/strong><strong> magische paddenstoelen?<\/strong><\/h3>\n<p><span style=\"font-weight: 400;\">Hieronder vind je de magic truffels uit ons assortiment gesorteerd op basis van psychedelische sterkte. Ze lopen af van sterk naar mild. Zo zie je precies hoe de Mazatapec paddo\u2019s zich verhouden tot de rest.<\/span><\/p>\n<p><a href=\"https:\/\/www.paddo.shop\/mckennaii-paddo-growkit\/\"><span style=\"font-weight: 400;\">McKennaii<\/span><span style=\"font-weight: 400;\"><br \/>\n<\/span><\/a><a href=\"https:\/\/www.paddo.shop\/hawaiian-copelandia-paddo-growkit\/\"><span style=\"font-weight: 400;\">Hawaiian Copelandia<\/span><span style=\"font-weight: 400;\"><br \/>\n<\/span><\/a><a href=\"https:\/\/www.paddo.shop\/golden-teacher-paddo-growkit\/\"><span style=\"font-weight: 400;\">Golden Teacher<\/span><span style=\"font-weight: 400;\"><br \/>\n<\/span><\/a><a href=\"https:\/\/www.paddo.shop\/mazatapec-paddo-growkit\/\"><span style=\"font-weight: 400;\">Mazatapec<\/span><span style=\"font-weight: 400;\"><br \/>\n<\/span><\/a><a href=\"https:\/\/www.paddo.shop\/colombian-paddo-growkit\/\"><span style=\"font-weight: 400;\">Colombian Paddo<\/span><span style=\"font-weight: 400;\"><br \/>\n<\/span><\/a><a href=\"https:\/\/www.paddo.shop\/cambodian-paddo-growkit\/\"><span style=\"font-weight: 400;\">Cambodian Paddo<\/span><span style=\"font-weight: 400;\"><br \/>\n<\/span><\/a><a href=\"https:\/\/www.paddo.shop\/ecuadorian-paddo-growkit\/\"><span style=\"font-weight: 400;\">Ecuadorian Paddo<\/span><span style=\"font-weight: 400;\"><br \/>\n<\/span><\/a><a href=\"https:\/\/www.paddo.shop\/mexican-paddo-growkit\/\"><span style=\"font-weight: 400;\">Mexican Paddo<\/span><span style=\"font-weight: 400;\"><br \/>\n<\/span><\/a><a href=\"https:\/\/www.paddo.shop\/b-plus-paddo-growkit\/\"><span style=\"font-weight: 400;\">B+ Paddo<\/span><span style=\"font-weight: 400;\"><br \/>\n<\/span><\/a><a href=\"https:\/\/www.paddo.shop\/thai-paddo-growkit\/\"><span style=\"font-weight: 400;\">Thai Paddo<\/span><\/a><\/p>\n<h2><strong>Zelf Mazatapec paddo\u2019s kweken met een kweekset<\/strong><\/h2>\n<p><span style=\"font-weight: 400;\">Mazatapec behoren tot de populairste psychedelische natuurproducten van dit moment. Ze zijn met behulp van onze growkits erg gemakkelijk te kweken. In principe is het enige dat je nodig hebt een growkit, een beetje water en wat geduld. Om ervoor te zorgen dat alles goed gaat leveren wij jou ook instructies mee. Zolang jij je daar keurig aan houdt, kan jij binnen enkele weken al de eerste paddenstoelen plukken.<\/span><\/p>\n<h3><strong>De beste paddo growkit tips van 2026<\/strong><\/h3>\n<p><span style=\"font-weight: 400;\">Zelf paddo\u2019s kweken is met behulp van een growkit erg gemakkelijk. Toch is het wel belangrijk dat jij je aan de bijgeleverde instructies houdt. Omdat het om een levend organisme gaat zijn er ook een aantal dingen die je absoluut <\/span><strong>niet<\/strong><span style=\"font-weight: 400;\"> moet doen. Wil jij jezelf keer op keer verzekeren van een mooie opbrengst zelfgekweekte paddo\u2019s? Bekijk dan hier <\/span><a href=\"https:\/\/www.paddo.shop\/growkit-instructies\/\"><span style=\"font-weight: 400;\">de beste paddo growkit tips van 2026<\/span><\/a><span style=\"font-weight: 400;\">.<\/span><\/p>\n<p><strong>Belangrijk:<\/strong><strong><br \/>\n<\/strong><span style=\"font-weight: 400;\">Het kweken van paddo\u2019s is ontzettend leuk en geeft veel voldoening. Maar let wel op: Paddo\u2019s (Magic Mushrooms) bevatten van nature ook de stoffen psilocybine en psilocine. Psilocybine en psilocine zijn hallucinogenen. Hallucinogenen zijn stoffen met een bewustzijnsveranderende werking, die onder andere hallucinaties kunnen opwekken. Houdt hier goed rekening mee. En houdt zowel de growkit als de paddenstoelen altijd buiten bereik van kinderen!<\/span><\/p>\n<h2>Meeste gestelde vragen<\/h2>\n<p>Hieronder vind je de top 5 meeste gestelde Mazatapec vragen. Heb je na alle informatie op deze pagina toch nog vragen? <a href=\"https:\/\/www.paddo.shop\/contact\/\">Neem dan contact met ons op<\/a> en wij helpen je direct verder.<\/p>\n\t\t<div data-elementor-type=\"section\" data-elementor-id=\"8215\" class=\"elementor elementor-8215\" data-elementor-post-type=\"elementor_library\">\n\t\t\t\t\t<section class=\"elementor-section elementor-top-section elementor-element elementor-element-a20d66a elementor-section-boxed elementor-section-height-default elementor-section-height-default\" data-id=\"a20d66a\" data-element_type=\"section\" data-e-type=\"section\">\n\t\t\t\t\t\t<div class=\"elementor-container elementor-column-gap-default\">\n\t\t\t\t\t<div class=\"elementor-column elementor-col-100 elementor-top-column elementor-element elementor-element-5ae8cb5\" data-id=\"5ae8cb5\" data-element_type=\"column\" data-e-type=\"column\">\n\t\t\t<div class=\"elementor-widget-wrap elementor-element-populated\">\n\t\t\t\t\t\t<div class=\"elementor-element elementor-element-5207599 elementor-widget__width-initial elementor-widget elementor-widget-accordion\" data-id=\"5207599\" data-element_type=\"widget\" data-e-type=\"widget\" data-widget_type=\"accordion.default\">\n\t\t\t\t<div class=\"elementor-widget-container\">\n\t\t\t\t\t\t\t<div class=\"elementor-accordion\">\n\t\t\t\t\t\t\t<div class=\"elementor-accordion-item\">\n\t\t\t\t\t<h3 id=\"elementor-tab-title-8601\" class=\"elementor-tab-title\" data-tab=\"1\" role=\"button\" aria-controls=\"elementor-tab-content-8601\" aria-expanded=\"false\">\n\t\t\t\t\t\t\t\t\t\t\t\t\t<span class=\"elementor-accordion-icon elementor-accordion-icon-right\" aria-hidden=\"true\">\n\t\t\t\t\t\t\t\t\t\t\t\t\t\t\t<span class=\"elementor-accordion-icon-closed\"><i class=\"fas fa-plus\"><\/i><\/span>\n\t\t\t\t\t\t\t\t<span class=\"elementor-accordion-icon-opened\"><i class=\"fas fa-minus\"><\/i><\/span>\n\t\t\t\t\t\t\t\t\t\t\t\t\t\t<\/span>\n\t\t\t\t\t\t\t\t\t\t\t\t<a class=\"elementor-accordion-title\" tabindex=\"0\">Waarom worden Mazatapec paddo\u2019s vaak geassocieerd met spirituele ervaringen?<\/a>\n\t\t\t\t\t<\/h3>\n\t\t\t\t\t<div id=\"elementor-tab-content-8601\" class=\"elementor-tab-content elementor-clearfix\" data-tab=\"1\" role=\"region\" aria-labelledby=\"elementor-tab-title-8601\"><p>Mazatapec paddo\u2019s staan bekend om hun vermogen om diepgaande spirituele ervaringen te faciliteren. Dit wordt vaak toegeschreven aan hun oorsprong uit een regio in Mexico met een rijke sjamanistische traditie. De ervaringen kunnen vari\u00ebren van persoon tot persoon, maar veel gebruikers melden een verhoogde zelfreflectie en een gevoel van verbondenheid met het universum tijdens een trip. Verder zijn deze paddo&#8217;s bekend om hun heldere en introspectieve trips die kunnen helpen bij persoonlijke groei en zelfontdekking. Voor meer inzicht in de werking van verschillende paddosoorten, bekijk onze <a href=\"https:\/\/www.paddo.shop\/growkits\/\" target=\"_new\">pagina over growkits<\/a>.<\/p>\n<\/div>\n\t\t\t\t<\/div>\n\t\t\t\t\t\t\t<div class=\"elementor-accordion-item\">\n\t\t\t\t\t<h3 id=\"elementor-tab-title-8602\" class=\"elementor-tab-title\" data-tab=\"2\" role=\"button\" aria-controls=\"elementor-tab-content-8602\" aria-expanded=\"false\">\n\t\t\t\t\t\t\t\t\t\t\t\t\t<span class=\"elementor-accordion-icon elementor-accordion-icon-right\" aria-hidden=\"true\">\n\t\t\t\t\t\t\t\t\t\t\t\t\t\t\t<span class=\"elementor-accordion-icon-closed\"><i class=\"fas fa-plus\"><\/i><\/span>\n\t\t\t\t\t\t\t\t<span class=\"elementor-accordion-icon-opened\"><i class=\"fas fa-minus\"><\/i><\/span>\n\t\t\t\t\t\t\t\t\t\t\t\t\t\t<\/span>\n\t\t\t\t\t\t\t\t\t\t\t\t<a class=\"elementor-accordion-title\" tabindex=\"0\">Hoe zorg ik voor de juiste luchtvochtigheid voor mijn Mazatapec growkit?<\/a>\n\t\t\t\t\t<\/h3>\n\t\t\t\t\t<div id=\"elementor-tab-content-8602\" class=\"elementor-tab-content elementor-clearfix\" data-tab=\"2\" role=\"region\" aria-labelledby=\"elementor-tab-title-8602\"><p>Het handhaven van de juiste luchtvochtigheid is cruciaal voor het succesvol kweken van Mazatapec paddo\u2019s. De ideale luchtvochtigheid ligt tussen de 90-95%. Je kunt een luchtbevochtiger gebruiken of de growkit in een vochtige kamer plaatsen. Ook kun je een vernevelaar gebruiken om de luchtvochtigheid te verhogen. Het is belangrijk om de luchtvochtigheid constant te houden voor optimale groei. Voor gedetailleerde instructies over het kweken van paddo&#8217;s, raadpleeg onze <a href=\"https:\/\/www.paddo.shop\/growkit-instructies\/\" target=\"_new\">instructiepagina voor growkits<\/a>.<\/p>\n<\/div>\n\t\t\t\t<\/div>\n\t\t\t\t\t\t\t<div class=\"elementor-accordion-item\">\n\t\t\t\t\t<h3 id=\"elementor-tab-title-8603\" class=\"elementor-tab-title\" data-tab=\"3\" role=\"button\" aria-controls=\"elementor-tab-content-8603\" aria-expanded=\"false\">\n\t\t\t\t\t\t\t\t\t\t\t\t\t<span class=\"elementor-accordion-icon elementor-accordion-icon-right\" aria-hidden=\"true\">\n\t\t\t\t\t\t\t\t\t\t\t\t\t\t\t<span class=\"elementor-accordion-icon-closed\"><i class=\"fas fa-plus\"><\/i><\/span>\n\t\t\t\t\t\t\t\t<span class=\"elementor-accordion-icon-opened\"><i class=\"fas fa-minus\"><\/i><\/span>\n\t\t\t\t\t\t\t\t\t\t\t\t\t\t<\/span>\n\t\t\t\t\t\t\t\t\t\t\t\t<a class=\"elementor-accordion-title\" tabindex=\"0\">Wat maakt de Mazatapec growkit een goede keuze voor langdurige opslag?<\/a>\n\t\t\t\t\t<\/h3>\n\t\t\t\t\t<div id=\"elementor-tab-content-8603\" class=\"elementor-tab-content elementor-clearfix\" data-tab=\"3\" role=\"region\" aria-labelledby=\"elementor-tab-title-8603\"><p>De Mazatapec growkit is stevig en goed afgesloten, wat helpt om de versheid en levensvatbaarheid van de sporen over een langere periode te behouden. Dit maakt het een geschikte keuze voor diegenen die misschien niet meteen willen beginnen met kweken. Ook zijn de sporen van de Mazatapec paddo bekend om hun weerstand tegen verschillende omgevingsfactoren, wat bijdraagt aan hun houdbaarheid. Meer informatie over de verzending en opslag van growkits is te vinden op onze <a href=\"https:\/\/www.paddo.shop\/verzending\/\" target=\"_new\">verzendingsinformatie pagina<\/a>.<\/p>\n<\/div>\n\t\t\t\t<\/div>\n\t\t\t\t\t\t\t<div class=\"elementor-accordion-item\">\n\t\t\t\t\t<h3 id=\"elementor-tab-title-8604\" class=\"elementor-tab-title\" data-tab=\"4\" role=\"button\" aria-controls=\"elementor-tab-content-8604\" aria-expanded=\"false\">\n\t\t\t\t\t\t\t\t\t\t\t\t\t<span class=\"elementor-accordion-icon elementor-accordion-icon-right\" aria-hidden=\"true\">\n\t\t\t\t\t\t\t\t\t\t\t\t\t\t\t<span class=\"elementor-accordion-icon-closed\"><i class=\"fas fa-plus\"><\/i><\/span>\n\t\t\t\t\t\t\t\t<span class=\"elementor-accordion-icon-opened\"><i class=\"fas fa-minus\"><\/i><\/span>\n\t\t\t\t\t\t\t\t\t\t\t\t\t\t<\/span>\n\t\t\t\t\t\t\t\t\t\t\t\t<a class=\"elementor-accordion-title\" tabindex=\"0\">Wat zijn de visuele kenmerken van volgroeide Mazatapec paddo\u2019s?<\/a>\n\t\t\t\t\t<\/h3>\n\t\t\t\t\t<div id=\"elementor-tab-content-8604\" class=\"elementor-tab-content elementor-clearfix\" data-tab=\"4\" role=\"region\" aria-labelledby=\"elementor-tab-title-8604\"><p>Volgroeide Mazatapec paddo&#8217;s hebben een kenmerkende uitstraling met langere, slanke stelen en bruine tot goudbruine hoeden die lichter worden naarmate ze ouder worden. De kleur kan vari\u00ebren van donkerbruin in het midden tot bijna wit aan de randen. De unieke esthetiek van deze paddo&#8217;s maakt ze gemakkelijk te identificeren. Voor beelden en verdere details, kun je een kijkje nemen op onze <a href=\"https:\/\/www.paddo.shop\/paddo-growkit-kweekverslag\/\" target=\"_new\">pagina met kweekverslagen van paddo growkits<\/a>.<\/p>\n<\/div>\n\t\t\t\t<\/div>\n\t\t\t\t\t\t\t<div class=\"elementor-accordion-item\">\n\t\t\t\t\t<h3 id=\"elementor-tab-title-8605\" class=\"elementor-tab-title\" data-tab=\"5\" role=\"button\" aria-controls=\"elementor-tab-content-8605\" aria-expanded=\"false\">\n\t\t\t\t\t\t\t\t\t\t\t\t\t<span class=\"elementor-accordion-icon elementor-accordion-icon-right\" aria-hidden=\"true\">\n\t\t\t\t\t\t\t\t\t\t\t\t\t\t\t<span class=\"elementor-accordion-icon-closed\"><i class=\"fas fa-plus\"><\/i><\/span>\n\t\t\t\t\t\t\t\t<span class=\"elementor-accordion-icon-opened\"><i class=\"fas fa-minus\"><\/i><\/span>\n\t\t\t\t\t\t\t\t\t\t\t\t\t\t<\/span>\n\t\t\t\t\t\t\t\t\t\t\t\t<a class=\"elementor-accordion-title\" tabindex=\"0\">Hoe smaken Mazatapec paddo\u2019s vergeleken met andere soorten?<\/a>\n\t\t\t\t\t<\/h3>\n\t\t\t\t\t<div id=\"elementor-tab-content-8605\" class=\"elementor-tab-content elementor-clearfix\" data-tab=\"5\" role=\"region\" aria-labelledby=\"elementor-tab-title-8605\"><p>Mazatapec paddo&#8217;s hebben een vergelijkbare smaak aan de meeste andere psilocybine paddenstoelen, die vaak als aards en enigszins bitter worden beschreven. Echter, sommige mensen vinden dat ze een minder bittere nasmaak hebben in vergelijking met andere soorten. Het is altijd een kwestie van persoonlijke voorkeur en de smaak kan ook worden be\u00efnvloed door de bereidingsmethode. Voor een verscheidenheid aan andere paddo soorten om te proberen, bezoek onze <a href=\"https:\/\/www.paddo.shop\/mexican-paddo-growkit\/\" target=\"_new\">Mexicaanse paddo growkit pagina<\/a>.<\/p>\n<\/div>\n\t\t\t\t<\/div>\n\t\t\t\t\t\t\t\t\t\t<script type=\"application\/ld+json\">{\"@context\":\"https:\\\/\\\/schema.org\",\"@type\":\"FAQPage\",\"mainEntity\":[{\"@type\":\"Question\",\"name\":\"Waarom worden Mazatapec paddo\\u2019s vaak geassocieerd met spirituele ervaringen?\",\"acceptedAnswer\":{\"@type\":\"Answer\",\"text\":\"<p>Mazatapec paddo\\u2019s staan bekend om hun vermogen om diepgaande spirituele ervaringen te faciliteren. Dit wordt vaak toegeschreven aan hun oorsprong uit een regio in Mexico met een rijke sjamanistische traditie. De ervaringen kunnen vari\\u00ebren van persoon tot persoon, maar veel gebruikers melden een verhoogde zelfreflectie en een gevoel van verbondenheid met het universum tijdens een trip. Verder zijn deze paddo&#8217;s bekend om hun heldere en introspectieve trips die kunnen helpen bij persoonlijke groei en zelfontdekking. Voor meer inzicht in de werking van verschillende paddosoorten, bekijk onze <a href=\\\"https:\\\/\\\/www.paddo.shop\\\/growkits\\\/\\\" target=\\\"_new\\\">pagina over growkits<\\\/a>.<\\\/p>\\n\"}},{\"@type\":\"Question\",\"name\":\"Hoe zorg ik voor de juiste luchtvochtigheid voor mijn Mazatapec growkit?\",\"acceptedAnswer\":{\"@type\":\"Answer\",\"text\":\"<p>Het handhaven van de juiste luchtvochtigheid is cruciaal voor het succesvol kweken van Mazatapec paddo\\u2019s. De ideale luchtvochtigheid ligt tussen de 90-95%. Je kunt een luchtbevochtiger gebruiken of de growkit in een vochtige kamer plaatsen. Ook kun je een vernevelaar gebruiken om de luchtvochtigheid te verhogen. Het is belangrijk om de luchtvochtigheid constant te houden voor optimale groei. Voor gedetailleerde instructies over het kweken van paddo&#8217;s, raadpleeg onze <a href=\\\"https:\\\/\\\/www.paddo.shop\\\/growkit-instructies\\\/\\\" target=\\\"_new\\\">instructiepagina voor growkits<\\\/a>.<\\\/p>\\n\"}},{\"@type\":\"Question\",\"name\":\"Wat maakt de Mazatapec growkit een goede keuze voor langdurige opslag?\",\"acceptedAnswer\":{\"@type\":\"Answer\",\"text\":\"<p>De Mazatapec growkit is stevig en goed afgesloten, wat helpt om de versheid en levensvatbaarheid van de sporen over een langere periode te behouden. Dit maakt het een geschikte keuze voor diegenen die misschien niet meteen willen beginnen met kweken. Ook zijn de sporen van de Mazatapec paddo bekend om hun weerstand tegen verschillende omgevingsfactoren, wat bijdraagt aan hun houdbaarheid. Meer informatie over de verzending en opslag van growkits is te vinden op onze <a href=\\\"https:\\\/\\\/www.paddo.shop\\\/verzending\\\/\\\" target=\\\"_new\\\">verzendingsinformatie pagina<\\\/a>.<\\\/p>\\n\"}},{\"@type\":\"Question\",\"name\":\"Wat zijn de visuele kenmerken van volgroeide Mazatapec paddo\\u2019s?\",\"acceptedAnswer\":{\"@type\":\"Answer\",\"text\":\"<p>Volgroeide Mazatapec paddo&#8217;s hebben een kenmerkende uitstraling met langere, slanke stelen en bruine tot goudbruine hoeden die lichter worden naarmate ze ouder worden. De kleur kan vari\\u00ebren van donkerbruin in het midden tot bijna wit aan de randen. De unieke esthetiek van deze paddo&#8217;s maakt ze gemakkelijk te identificeren. Voor beelden en verdere details, kun je een kijkje nemen op onze <a href=\\\"https:\\\/\\\/www.paddo.shop\\\/paddo-growkit-kweekverslag\\\/\\\" target=\\\"_new\\\">pagina met kweekverslagen van paddo growkits<\\\/a>.<\\\/p>\\n\"}},{\"@type\":\"Question\",\"name\":\"Hoe smaken Mazatapec paddo\\u2019s vergeleken met andere soorten?\",\"acceptedAnswer\":{\"@type\":\"Answer\",\"text\":\"<p>Mazatapec paddo&#8217;s hebben een vergelijkbare smaak aan de meeste andere psilocybine paddenstoelen, die vaak als aards en enigszins bitter worden beschreven. Echter, sommige mensen vinden dat ze een minder bittere nasmaak hebben in vergelijking met andere soorten. Het is altijd een kwestie van persoonlijke voorkeur en de smaak kan ook worden be\\u00efnvloed door de bereidingsmethode. Voor een verscheidenheid aan andere paddo soorten om te proberen, bezoek onze <a href=\\\"https:\\\/\\\/www.paddo.shop\\\/mexican-paddo-growkit\\\/\\\" target=\\\"_new\\\">Mexicaanse paddo growkit pagina<\\\/a>.<\\\/p>\\n\"}}]}<\/script>\n\t\t\t\t\t<\/div>\n\t\t\t\t\t\t<\/div>\n\t\t\t\t<\/div>\n\t\t\t\t\t<\/div>\n\t\t<\/div>\n\t\t\t\t\t<\/div>\n\t\t<\/section>\n\t\t\t\t<\/div>\n\t\t\n","protected":false},"excerpt":{"rendered":"<p>Anciens Azt\u00e8ques, temples et myst\u00e8res. \u00cates-vous pr\u00eat pour cette aventure ? La Mazatapec Paddo Growkit vous emm\u00e8ne dans un monde visuel plein de merveilles. Cette vari\u00e9t\u00e9 est populaire depuis des ann\u00e9es pour sa r\u00e9colte rapide et compl\u00e8te. Nos utilisateurs rapportent que la Mazatapec Paddo Growkit offre un magnifique voyage visuel et spirituel. Gardez toujours la Mazatapec Paddo Growkit entre 20 et 25 degr\u00e9s. Votre kit de culture a l'air sec ? Versez alors une tasse d'eau suppl\u00e9mentaire. Vous obtiendrez ainsi un meilleur rendement.<\/p>","protected":false},"featured_media":5884,"comment_status":"closed","ping_status":"closed","template":"","meta":{"_acf_changed":false},"etheme_brands":[{"term_id":50,"name":"McSmart","slug":"mcsmart","term_group":0,"term_taxonomy_id":50,"taxonomy":"brand","description":"","parent":0,"count":11,"filter":"raw"}],"product_brand":[],"product_cat":[15],"product_tag":[],"class_list":{"0":"post-5251","1":"product","2":"type-product","3":"status-publish","4":"has-post-thumbnail","6":"brand-mcsmart","7":"product_cat-growkits","9":"first","10":"instock","11":"taxable","12":"shipping-taxable","13":"purchasable","14":"product-type-variable","15":"has-default-attributes"},"acf":[],"_links":{"self":[{"href":"https:\/\/www.paddo.shop\/fr\/wp-json\/wp\/v2\/product\/5251","targetHints":{"allow":["GET"]}}],"collection":[{"href":"https:\/\/www.paddo.shop\/fr\/wp-json\/wp\/v2\/product"}],"about":[{"href":"https:\/\/www.paddo.shop\/fr\/wp-json\/wp\/v2\/types\/product"}],"replies":[{"embeddable":true,"href":"https:\/\/www.paddo.shop\/fr\/wp-json\/wp\/v2\/comments?post=5251"}],"wp:featuredmedia":[{"embeddable":true,"href":"https:\/\/www.paddo.shop\/fr\/wp-json\/wp\/v2\/media\/5884"}],"wp:attachment":[{"href":"https:\/\/www.paddo.shop\/fr\/wp-json\/wp\/v2\/media?parent=5251"}],"wp:term":[{"taxonomy":"brand","embeddable":true,"href":"https:\/\/www.paddo.shop\/fr\/wp-json\/wp\/v2\/etheme_brands?post=5251"},{"taxonomy":"product_brand","embeddable":true,"href":"https:\/\/www.paddo.shop\/fr\/wp-json\/wp\/v2\/product_brand?post=5251"},{"taxonomy":"product_cat","embeddable":true,"href":"https:\/\/www.paddo.shop\/fr\/wp-json\/wp\/v2\/product_cat?post=5251"},{"taxonomy":"product_tag","embeddable":true,"href":"https:\/\/www.paddo.shop\/fr\/wp-json\/wp\/v2\/product_tag?post=5251"}],"curies":[{"name":"wp","href":"https:\/\/api.w.org\/{rel}","templated":true}]}}