{"id":5661,"date":"2022-07-27T10:09:33","date_gmt":"2022-07-27T08:09:33","guid":{"rendered":"https:\/\/www.paddo.shop\/?page_id=5661"},"modified":"2024-10-15T09:02:58","modified_gmt":"2024-10-15T07:02:58","slug":"paddo-growkit-kweekverslag","status":"publish","type":"page","link":"https:\/\/www.paddo.shop\/fr\/paddo-growkit-kweekverslag\/","title":{"rendered":"Champignon Growkit Rapport de culture"},"content":{"rendered":"<div data-elementor-type=\"wp-page\" data-elementor-id=\"5661\" class=\"elementor elementor-5661\" data-elementor-post-type=\"page\">\n\t\t\t\t\t\t<section class=\"elementor-section elementor-top-section elementor-element elementor-element-6da08d04 elementor-section-boxed elementor-section-height-default elementor-section-height-default\" data-id=\"6da08d04\" data-element_type=\"section\">\n\t\t\t\t\t\t<div class=\"elementor-container elementor-column-gap-default\">\n\t\t\t\t\t<div class=\"elementor-column elementor-col-100 elementor-top-column elementor-element elementor-element-76f56ffd\" data-id=\"76f56ffd\" data-element_type=\"column\">\n\t\t\t<div class=\"elementor-widget-wrap elementor-element-populated\">\n\t\t\t\t\t\t<div class=\"elementor-element elementor-element-24e06a2 elementor-widget elementor-widget-text-editor\" data-id=\"24e06a2\" data-element_type=\"widget\" data-widget_type=\"text-editor.default\">\n\t\t\t\t<div class=\"elementor-widget-container\">\n\t\t\t\t\t\t\t\t\t<h2>Kit de culture de champignons magiques<\/h2>\n<p>Combien co\u00fbte un <a href=\"\/fr\/growkits\/\">kit de culture de champignons<\/a> que font-ils r\u00e9ellement ? Cette question nous est pos\u00e9e chaque semaine, c'est pourquoi nous avons mis en place un certain nombre de kits de culture test. De cette mani\u00e8re, nous avons fait une estimation de ce que vous pouvez attendre de votre kit de culture de champignons. N'oubliez pas que diff\u00e9rents facteurs peuvent influencer le rendement. Une temp\u00e9rature trop froide ou un changement de temp\u00e9rature peuvent avoir un effet, mais aussi la qualit\u00e9 de l'eau que vous utilisez, l'attention que vous portez au kit de culture de champignons et un environnement de travail propre ou sale peuvent avoir une influence. Jetez \u00e9galement un coup d'\u0153il \u00e0 notre <a href=\"https:\/\/www.paddo.shop\/fr\/growkit-instructies\/\">instructions et conseils pour le kit de culture<\/a>De cette fa\u00e7on, vous serez pr\u00eat \u00e0 commencer \u00e0 cultiver votre kit de culture de champignons.<\/p>\n<h2>Kit de culture de champignons rapport de culture<\/h2>\n<p>Vous trouverez ci-dessous les d\u00e9tails, jour par jour, des \u00e9tapes que nous avons suivies lors de notre reportage sur la culture du kit de culture de champignons. Vous ne pouvez pas attendre ? Dans ce cas, vous pouvez d\u00e8s \u00e0 pr\u00e9sent consulter le r\u00e9sum\u00e9 ci-dessous. Pour notre rapport de culture, nous avons utilis\u00e9 le <a href=\"https:\/\/www.paddo.shop\/fr\/golden-teacher-paddo-growkit\/\">Golden Teacher champignons<\/a> choisis. Ces esp\u00e8ces de champignons magiques sont parmi les plus populaires aujourd'hui.<\/p>\t\t\t\t\t\t\t\t<\/div>\n\t\t\t\t<\/div>\n\t\t\t\t<div class=\"elementor-element elementor-element-33130382 elementor-widget elementor-widget-text-editor\" data-id=\"33130382\" data-element_type=\"widget\" data-widget_type=\"text-editor.default\">\n\t\t\t\t<div class=\"elementor-widget-container\">\n\t\t\t\t\t\t\t\t\t<p><\/p>\n<h2 class=\"wp-block-heading\"><strong style=\"font-size: calc(var(--h3-size-proportion) * 1rem); background-color: var(--et_container-bg-color, transparent);\">R\u00e9sum\u00e9 du rapport sur les kits de culture de champignons<\/strong><\/h2>\n<p><\/p>\n<p><\/p>\t\t\t\t\t\t\t\t<\/div>\n\t\t\t\t<\/div>\n\t\t\t\t<section class=\"elementor-section elementor-inner-section elementor-element elementor-element-360ac11 elementor-hidden-mobile elementor-hidden-tablet elementor-section-boxed elementor-section-height-default elementor-section-height-default\" data-id=\"360ac11\" data-element_type=\"section\">\n\t\t\t\t\t\t<div class=\"elementor-container elementor-column-gap-default\">\n\t\t\t\t\t<div class=\"elementor-column elementor-col-33 elementor-inner-column elementor-element elementor-element-052c331\" data-id=\"052c331\" data-element_type=\"column\" data-settings=\"{&quot;background_background&quot;:&quot;classic&quot;}\">\n\t\t\t<div class=\"elementor-widget-wrap elementor-element-populated\">\n\t\t\t\t\t\t<div class=\"elementor-element elementor-element-568c429 elementor-widget elementor-widget-text-editor\" data-id=\"568c429\" data-element_type=\"widget\" data-widget_type=\"text-editor.default\">\n\t\t\t\t<div class=\"elementor-widget-container\">\n\t\t\t\t\t\t\t\t\t<h2><b>250 cc (Petit)<\/b><\/h2>\n<p><b>Nombre de jours<\/b><span style=\"font-weight: 400;\">:<br \/><\/span><span style=\"font-weight: 400;\">35 jours<\/span><\/p>\n<p><b>Recettes totales<\/b><span style=\"font-weight: 400;\">:<br \/><\/span><span style=\"font-weight: 400;\">311 grammes<\/span><\/p>\n<p><b>Nombre de rin\u00e7ages :<br \/><\/b>3 rin\u00e7ages<\/p>\t\t\t\t\t\t\t\t<\/div>\n\t\t\t\t<\/div>\n\t\t\t\t<div class=\"elementor-element elementor-element-eef2905 elementor-widget elementor-widget-text-editor\" data-id=\"eef2905\" data-element_type=\"widget\" data-widget_type=\"text-editor.default\">\n\t\t\t\t<div class=\"elementor-widget-container\">\n\t\t\t\t\t\t\t\t\t<p><b style=\"color: inherit; font-family: inherit; font-size: inherit; background-color: var(--et_container-bg-color, transparent);\">La premi\u00e8re chasse d'eau :<br \/><\/b><span style=\"font-weight: 400;\">Dur\u00e9e : 0 - 21 jours<br \/><\/span><span style=\"font-weight: 400;\">Rendement : 165 grammes<\/span><\/p>\n<p><b>Deuxi\u00e8me chasse d'eau :<br \/><\/b><span style=\"font-weight: 400;\">Jour 21 - 30<br \/><\/span><span style=\"font-weight: 400;\">Rendement : 130 grammes<\/span><\/p>\n<p><b>Troisi\u00e8me chasse d'eau :<br \/><\/b><span style=\"font-weight: 400;\">Jour 30 - 35<br \/><\/span><span style=\"font-weight: 400;\">Rendement : 16 grammes<\/span><\/p>\n<p><b>Quatri\u00e8me chasse d'eau :<br \/><\/b><span style=\"font-weight: 400;\">Jour 35<br \/><\/span><span style=\"font-weight: 400;\">Rendement : non<\/span><\/p>\t\t\t\t\t\t\t\t<\/div>\n\t\t\t\t<\/div>\n\t\t\t\t\t<\/div>\n\t\t<\/div>\n\t\t\t\t<div class=\"elementor-column elementor-col-33 elementor-inner-column elementor-element elementor-element-379e4e8\" data-id=\"379e4e8\" data-element_type=\"column\" data-settings=\"{&quot;background_background&quot;:&quot;classic&quot;}\">\n\t\t\t<div class=\"elementor-widget-wrap elementor-element-populated\">\n\t\t\t\t\t\t<div class=\"elementor-element elementor-element-f31f0af elementor-widget elementor-widget-text-editor\" data-id=\"f31f0af\" data-element_type=\"widget\" data-widget_type=\"text-editor.default\">\n\t\t\t\t<div class=\"elementor-widget-container\">\n\t\t\t\t\t\t\t\t\t<h2><b>1200 cc (moyenne)<\/b><\/h2>\n<p><b>Nombre de jours<\/b><span style=\"font-weight: 400;\">:<br \/><\/span><span style=\"font-weight: 400;\">35 jours<\/span><\/p>\n<p><b>Recettes totales<\/b><span style=\"font-weight: 400;\">:<br \/><\/span><span style=\"font-weight: 400;\">865 grammes<\/span><\/p>\n<p><b>Nombre de rin\u00e7ages :<br \/><\/b><span style=\"font-weight: 400;\">3 rin\u00e7ages<\/span><\/p>\t\t\t\t\t\t\t\t<\/div>\n\t\t\t\t<\/div>\n\t\t\t\t<div class=\"elementor-element elementor-element-c4a8c93 elementor-widget elementor-widget-text-editor\" data-id=\"c4a8c93\" data-element_type=\"widget\" data-widget_type=\"text-editor.default\">\n\t\t\t\t<div class=\"elementor-widget-container\">\n\t\t\t\t\t\t\t\t\t<p><span style=\"color: inherit; font-family: inherit; font-size: inherit; background-color: var(--et_container-bg-color, transparent);\"><b>La premi\u00e8re chasse d'eau :<br \/><\/b><\/span><span style=\"color: inherit; font-family: inherit; font-size: inherit;\">Dur\u00e9e : 0 - 21 jours<br \/><\/span><span style=\"color: inherit; font-family: inherit; font-size: inherit;\">Rendement : 433 grammes<\/span><\/p>\n<p><b>Deuxi\u00e8me chasse d'eau :<br \/><\/b><span style=\"font-weight: 400;\">Jour 21 - 30<br \/><\/span><span style=\"font-weight: 400;\">Rendement : 390 grammes<\/span><\/p>\n<p><b>Troisi\u00e8me chasse d'eau :<br \/><\/b><span style=\"font-weight: 400;\">Jour 30 - 35<br \/><\/span><span style=\"font-weight: 400;\">Rendement : 42 grammes<\/span><\/p>\n<p><b>Quatri\u00e8me chasse d'eau :<br \/><\/b><span style=\"font-weight: 400;\">Jour 35<br \/><\/span><span style=\"color: inherit; font-family: inherit; font-size: inherit; background-color: var(--et_container-bg-color, transparent);\">Rendement : non<\/span><\/p>\t\t\t\t\t\t\t\t<\/div>\n\t\t\t\t<\/div>\n\t\t\t\t\t<\/div>\n\t\t<\/div>\n\t\t\t\t<div class=\"elementor-column elementor-col-33 elementor-inner-column elementor-element elementor-element-7252acd\" data-id=\"7252acd\" data-element_type=\"column\" data-settings=\"{&quot;background_background&quot;:&quot;classic&quot;}\">\n\t\t\t<div class=\"elementor-widget-wrap elementor-element-populated\">\n\t\t\t\t\t\t<div class=\"elementor-element elementor-element-be025e4 elementor-widget elementor-widget-text-editor\" data-id=\"be025e4\" data-element_type=\"widget\" data-widget_type=\"text-editor.default\">\n\t\t\t\t<div class=\"elementor-widget-container\">\n\t\t\t\t\t\t\t\t\t<h2><b>2100 cc (Large)<\/b><\/h2>\n<p><b>Nombre de jours<\/b><span style=\"font-weight: 400;\">:<br \/><\/span><span style=\"font-weight: 400;\">35 jours<\/span><\/p>\n<p><b>Recettes totales<\/b><span style=\"font-weight: 400;\">:<br \/><\/span><span style=\"font-weight: 400;\">1633 grammes<\/span><\/p>\n<p><b>Nombre de rin\u00e7ages :<br \/><\/b><span style=\"font-weight: 400;\">3 rin\u00e7ages<\/span><\/p>\t\t\t\t\t\t\t\t<\/div>\n\t\t\t\t<\/div>\n\t\t\t\t<div class=\"elementor-element elementor-element-0f5af87 elementor-widget elementor-widget-text-editor\" data-id=\"0f5af87\" data-element_type=\"widget\" data-widget_type=\"text-editor.default\">\n\t\t\t\t<div class=\"elementor-widget-container\">\n\t\t\t\t\t\t\t\t\t<p><span style=\"color: inherit; font-family: inherit; font-size: inherit; background-color: var(--et_container-bg-color, transparent);\"><b>La premi\u00e8re chasse d'eau :<br \/><\/b><\/span><span style=\"color: inherit; font-family: inherit; font-size: inherit; background-color: var(--et_container-bg-color, transparent);\">Dur\u00e9e : 0 - 21 jours<br \/><\/span><span style=\"color: inherit; font-family: inherit; font-size: inherit; background-color: var(--et_container-bg-color, transparent);\">Rendement : 809 grammes<\/span><\/p>\n<p><b>Deuxi\u00e8me chasse d'eau :<br \/><\/b><span style=\"font-weight: 400;\">Jour 21 - 30<br \/><\/span><span style=\"font-weight: 400;\">Rendement : 743 grammes<\/span><\/p>\n<p><b>Troisi\u00e8me chasse d'eau :<br \/><\/b><span style=\"font-weight: 400;\">Jour 30 - 35<br \/><\/span><span style=\"font-weight: 400;\">Rendement : 81 grammes<\/span><\/p>\n<p><b>Quatri\u00e8me chasse d'eau :<br \/><\/b><span style=\"font-weight: 400;\">Jour 35<br \/><\/span><span style=\"font-weight: 400;\">Rendement : non<\/span><\/p>\t\t\t\t\t\t\t\t<\/div>\n\t\t\t\t<\/div>\n\t\t\t\t\t<\/div>\n\t\t<\/div>\n\t\t\t\t\t<\/div>\n\t\t<\/section>\n\t\t\t\t<section class=\"elementor-section elementor-inner-section elementor-element elementor-element-d9fb96f elementor-hidden-desktop elementor-section-boxed elementor-section-height-default elementor-section-height-default\" data-id=\"d9fb96f\" data-element_type=\"section\">\n\t\t\t\t\t\t<div class=\"elementor-container elementor-column-gap-default\">\n\t\t\t\t\t<div class=\"elementor-column elementor-col-100 elementor-inner-column elementor-element elementor-element-6c7ae39 elementor-hidden-desktop\" data-id=\"6c7ae39\" data-element_type=\"column\" data-settings=\"{&quot;background_background&quot;:&quot;classic&quot;}\">\n\t\t\t<div class=\"elementor-widget-wrap elementor-element-populated\">\n\t\t\t\t\t\t<div class=\"elementor-element elementor-element-18f8916 elementor-widget elementor-widget-et-general-tabs\" data-id=\"18f8916\" data-element_type=\"widget\" data-widget_type=\"et-general-tabs.default\">\n\t\t\t\t<div class=\"elementor-widget-container\">\n\t\t\t\t\t        <div id=\"et-advance-tabs-18f8916\" class=\"et-advance-tabs et-tabs-horizontal  horizontal-style-3 responsive-vertical-layout\" data-tabid=\"18f8916\">\n            <div class=\"et-tabs-nav\">\n                <ul >\n\t\t\t\t\t                        <li class=\"inactive et-tab-nav\"\n                            >\n                            \t\t\t\t\t\t\t\t                        \t\t\t\t\t\t\t\t\t\t\t\t\t\t                                <span class=\"et-tab-title\">\n    \t\t\t\t\t\t\t\t250 cc    \t\t\t\t\t\t\t<\/span>\n\t\t\t\t\t\t\t                        <\/li>\n\t\t\t\t\t                        <li class=\"active-default et-tab-nav\"\n                            >\n                            \t\t\t\t\t\t\t\t                        \t\t\t\t\t\t\t\t\t\t\t\t\t\t                                <span class=\"et-tab-title\">\n    \t\t\t\t\t\t\t\t1200 cc    \t\t\t\t\t\t\t<\/span>\n\t\t\t\t\t\t\t                        <\/li>\n\t\t\t\t\t                        <li class=\"inactive et-tab-nav\"\n                            >\n                            \t\t\t\t\t\t\t\t                        \t\t\t\t\t\t\t\t\t\t\t\t\t\t                                <span class=\"et-tab-title\">\n    \t\t\t\t\t\t\t\t2100 c    \t\t\t\t\t\t\t<\/span>\n\t\t\t\t\t\t\t                        <\/li>\n\t\t\t\t\t                <\/ul>\n                            <\/div>\n            <div class=\"et-tabs-content\">\n\t\t\t\t                    <div class=\"clearfix inactive\">\n\t\t\t\t\t\t<h2><b>250 cc (Petit)<\/b><\/h2>\n<p><b>Nombre de jours<\/b><span style=\"font-weight: 400;\">:<br \/><\/span><span style=\"font-weight: 400;\">35 jours<\/span><\/p>\n<p><b>Recettes totales<\/b><span style=\"font-weight: 400;\">:<br \/><\/span><span style=\"font-weight: 400;\">311 grammes<\/span><\/p>\n<p><b>Nombre de rin\u00e7ages :<br \/><\/b>3 rin\u00e7ages<\/p>\n<hr \/>\n<p><b><br \/>La premi\u00e8re chasse d'eau :<br \/><\/b><span style=\"font-weight: 400;\">Dur\u00e9e : 0 - 21 jours<br \/><\/span><span style=\"font-weight: 400;\">Rendement : 165 grammes<\/span><\/p>\n<p><b>Deuxi\u00e8me chasse d'eau :<br \/><\/b><span style=\"font-weight: 400;\">Jour 21 - 30<br \/><\/span><span style=\"font-weight: 400;\">Rendement : 130 grammes<\/span><\/p>\n<p><b>Troisi\u00e8me chasse d'eau :<br \/><\/b><span style=\"font-weight: 400;\">Jour 30 - 35<br \/><\/span><span style=\"font-weight: 400;\">Rendement : 16 grammes<\/span><\/p>\n<p><b>Quatri\u00e8me chasse d'eau :<br \/><\/b><span style=\"font-weight: 400;\">Jour 35<br \/><\/span><span style=\"font-weight: 400;\">Rendement : non<\/span><\/p>                    <\/div>\n\t\t\t\t                    <div class=\"clearfix active-default\">\n\t\t\t\t\t\t<h2><b>1200 cc (moyenne)<\/b><\/h2>\n<p><b>Nombre de jours<\/b><span style=\"font-weight: 400;\">:<br \/><\/span><span style=\"font-weight: 400;\">35 jours<\/span><\/p>\n<p><b>Recettes totales<\/b><span style=\"font-weight: 400;\">:<br \/><\/span><span style=\"font-weight: 400;\">865 grammes<\/span><\/p>\n<p><b>Nombre de rin\u00e7ages :<br \/><\/b><span style=\"font-weight: 400;\">3 rin\u00e7ages<\/span><\/p>\n<hr \/>\n<p><b><br \/>La premi\u00e8re chasse d'eau :<br \/><\/b><span style=\"font-weight: 400;\">Dur\u00e9e : 0 - 21 jours<br \/><\/span><span style=\"font-weight: 400;\">Rendement : 433 grammes<\/span><\/p>\n<p><b>Deuxi\u00e8me chasse d'eau :<br \/><\/b><span style=\"font-weight: 400;\">Jour 21 - 30<br \/><\/span><span style=\"font-weight: 400;\">Rendement : 390 grammes<\/span><\/p>\n<p><b>Troisi\u00e8me chasse d'eau :<br \/><\/b><span style=\"font-weight: 400;\">Jour 30 - 35<br \/><\/span><span style=\"font-weight: 400;\">Rendement : 42 grammes<\/span><\/p>\n<p><b>Quatri\u00e8me chasse d'eau :<br \/><\/b><span style=\"font-weight: 400;\">Jour 35<br \/><\/span><span style=\"color: inherit; font-family: inherit; font-size: inherit; background-color: var(--et_container-bg-color, transparent);\">Rendement : non<\/span><\/p>                    <\/div>\n\t\t\t\t                    <div class=\"clearfix inactive\">\n\t\t\t\t\t\t<h2><b>2100 cc (Large)<\/b><\/h2>\n<p><b>Nombre de jours<\/b><span style=\"font-weight: 400;\">:<br \/><\/span><span style=\"font-weight: 400;\">35 jours<\/span><\/p>\n<p><b>Recettes totales<\/b><span style=\"font-weight: 400;\">:<br \/><\/span><span style=\"font-weight: 400;\">1633 grammes<\/span><\/p>\n<p><b>Nombre de rin\u00e7ages :<br \/><\/b><span style=\"font-weight: 400;\">3 rin\u00e7ages<\/span><\/p>\n<hr \/>\n<p><b><br \/>La premi\u00e8re chasse d'eau :<br \/><\/b><span style=\"font-weight: 400;\">Dur\u00e9e : 0 - 21 jours<br \/><\/span><span style=\"font-weight: 400;\">Rendement : 809 grammes<\/span><\/p>\n<p><b>Deuxi\u00e8me chasse d'eau :<br \/><\/b><span style=\"font-weight: 400;\">Jour 21 - 30<br \/><\/span><span style=\"font-weight: 400;\">Rendement : 743 grammes<\/span><\/p>\n<p><b>Troisi\u00e8me chasse d'eau :<br \/><\/b><span style=\"font-weight: 400;\">Jour 30 - 35<br \/><\/span><span style=\"font-weight: 400;\">Rendement : 81 grammes<\/span><\/p>\n<p><b>Quatri\u00e8me chasse d'eau :<br \/><\/b><span style=\"font-weight: 400;\">Jour 35<br \/><\/span><span style=\"font-weight: 400;\">Rendement : non<\/span><\/p>                    <\/div>\n\t\t\t\t            <\/div>\n        <\/div>\n\t\t\t\t\t\t<\/div>\n\t\t\t\t<\/div>\n\t\t\t\t\t<\/div>\n\t\t<\/div>\n\t\t\t\t\t<\/div>\n\t\t<\/section>\n\t\t\t\t<div class=\"elementor-element elementor-element-a5c01b6 elementor-widget elementor-widget-text-editor\" data-id=\"a5c01b6\" data-element_type=\"widget\" data-widget_type=\"text-editor.default\">\n\t\t\t\t<div class=\"elementor-widget-container\">\n\t\t\t\t\t\t\t\t\t<h3><strong style=\"font-size: calc(var(--h3-size-proportion) * 1rem); background-color: var(--et_container-bg-color, transparent);\">Jour 0 - 21 :\u00a0<\/strong><strong>Le premier kit de culture de champignons \u00e0 la vol\u00e9e<\/strong><\/h3>\n<p>Les kits de culture de champignons de 250 cm3, 1200 cm3 et 2100 cm3 ont tous \u00e9t\u00e9 install\u00e9s dans une pi\u00e8ce dont la temp\u00e9rature \u00e9tait stable \u00e0 environ 24 degr\u00e9s. Bien que le sac doive rester ferm\u00e9, nous l'avons ouvert tous les jours et avons l\u00e9g\u00e8rement pulv\u00e9ris\u00e9 les kits de culture \u00e0 l'aide d'un pulv\u00e9risateur pour plantes. Nous avons pr\u00e9alablement fait bouillir l'eau utilis\u00e9e pour \u00e9viter les infections. Pendant la croissance des champignons, nous avons \u00e9galement ouvert le sac tous les jours et pulv\u00e9ris\u00e9 le kit de culture. Les premiers petits champignons sont apparus au bout de 2 semaines environ. Il a fallu au total 3 semaines (21 jours) avant de pouvoir cueillir un premier lot \u00e0 partir des kits de culture. Vous trouverez le rendement ci-dessous.<\/p>\n<div>\n<div>\n<ul>\n<li>250 cc = 165 grammes<\/li>\n<li>1200 cc = 433 grammes<\/li>\n<li>2100 cc = 809 grammes<\/li>\n<\/ul>\n<\/div>\n<\/div>\n<h3><strong style=\"font-size: calc(var(--h3-size-proportion) * 1rem); background-color: var(--et_container-bg-color, transparent);\">Jour 21 - 30 :\u00a0<\/strong><strong>Le deuxi\u00e8me kit de culture de champignons<\/strong><\/h3>\n<p>Naturellement, nous sommes all\u00e9s directement \u00e0 la deuxi\u00e8me chasse d'eau. Apr\u00e8s avoir soigneusement cueilli tous les champignons, nous avons obtenu un autre \"kit de culture propre\". Nous avons ensuite r\u00e9p\u00e9t\u00e9 les \u00e9tapes 4 \u00e0 7. Bien entendu, nous avons \u00e0 nouveau travaill\u00e9 avec de l'eau bouillie et dans un environnement propre. Cette fois encore, nous avons l\u00e9g\u00e8rement vaporis\u00e9 le kit de culture tous les jours. Cette fois-ci, il a fallu environ 1 semaine (9 jours) pour obtenir une pouss\u00e9e. Le rendement \u00e9tait cependant un peu moins \u00e9lev\u00e9. Voici les r\u00e9sultats.<\/p>\n<div>\n<div>\n<ul>\n<li>250 cc = 130 grammes<\/li>\n<li>1200 cc = 390 grammes<\/li>\n<li>2100 cc = 743 grammes<\/li>\n<\/ul>\n<\/div>\n<\/div>\n<h3><strong style=\"font-size: calc(var(--h3-size-proportion) * 1rem); background-color: var(--et_container-bg-color, transparent);\">Jour 30 - 35 :\u00a0<\/strong><strong>Le troisi\u00e8me kit de culture de champignons<\/strong><\/h3>\n<p>Y en a-t-il d'autres \u00e0 venir ? C'est ce que nous pensons ! Nous avons \u00e0 nouveau r\u00e9p\u00e9t\u00e9 les \u00e9tapes 4 \u00e0 7. Bien que nous ayons \u00e9t\u00e9 prudents, nous pouvons voir que la bo\u00eete de culture a du mal \u00e0 se d\u00e9velopper. La cueillette du premier et du deuxi\u00e8me lot a rendu le kit de culture nu \u00e0 certains endroits. Malgr\u00e9 la calvitie du kit de culture, il n'a fallu que 5 jours pour cueillir un autre petit lot de champignons frais. Voici les rendements.<\/p>\n<ul>\n<li>250 cc = 16 grammes<\/li>\n<li>1200 cc = 42 grammes<\/li>\n<li>2100 cc = 81 grammes<\/li>\n<\/ul>\n<h3><strong style=\"font-size: calc(var(--h3-size-proportion) * 1rem); background-color: var(--et_container-bg-color, transparent);\">Jour 35 :\u00a0<\/strong><strong>Le quatri\u00e8me kit de culture de champignons<\/strong><\/h3>\n<p>Malheureusement, nous n'avons pas r\u00e9ussi \u00e0 obtenir une quatri\u00e8me pouss\u00e9e avec les kits de culture de champignons. En th\u00e9orie, cela devrait \u00eatre possible dans d'excellentes conditions. \u00c0 notre grand regret, nous avons jet\u00e9 les kits de culture st\u00e9riles. Il est maintenant temps de voir ce que les kits de culture de champignons nous ont apport\u00e9. Nous sommes tr\u00e8s satisfaits des r\u00e9sultats. Vous trouverez le rendement ci-dessous.<\/p>\n<ul>\n<li>250 cc = 311 grammes<\/li>\n<li>1200 cc = 865 grammes<\/li>\n<li>2100 cc = 1633 grammes<\/li>\n<\/ul>\t\t\t\t\t\t\t\t<\/div>\n\t\t\t\t<\/div>\n\t\t\t\t<div class=\"elementor-element elementor-element-c8212d8 elementor-widget elementor-widget-text-editor\" data-id=\"c8212d8\" data-element_type=\"widget\" data-widget_type=\"text-editor.default\">\n\t\t\t\t<div class=\"elementor-widget-container\">\n\t\t\t\t\t\t\t\t\t<h2>Conclusion<\/h2>\n<div>Comme vous pouvez le constater, vous pouvez vous attendre \u00e0 de tr\u00e8s belles quantit\u00e9s de champignons par kit de culture. Pour le test ci-dessus, nous avons utilis\u00e9 le Golden Teacher, mais on peut s'attendre \u00e0 des rendements similaires avec les autres kits de culture. La force <a href=\"https:\/\/www.paddo.shop\/fr\/mazatapec-paddo-growkit\/\">Mazatapec<\/a> et <a href=\"https:\/\/www.paddo.shop\/fr\/mckennaii-paddo-growkit\/\">McKennaii<\/a> sont similaires, par exemple. La condition est que vous suiviez attentivement nos instructions. Dans le cas contraire, la r\u00e9colte risque d'\u00eatre d\u00e9cevante ou d'\u00e9chouer.<\/div>\n<div>\u00a0<\/div>\n<div>Bonne chance avec la culture et nous attendons avec impatience de voir votre rendement !<\/div>\t\t\t\t\t\t\t\t<\/div>\n\t\t\t\t<\/div>\n\t\t\t\t\t<\/div>\n\t\t<\/div>\n\t\t\t\t\t<\/div>\n\t\t<\/section>\n\t\t\t\t<\/div>","protected":false},"excerpt":{"rendered":"<p>Culture d'un kit de culture de champignons Combien rapporte r\u00e9ellement un kit de culture de champignons ? Cette question nous est pos\u00e9e chaque semaine, c'est pourquoi nous avons rassembl\u00e9 quelques...<\/p>","protected":false},"author":2,"featured_media":0,"parent":0,"menu_order":0,"comment_status":"closed","ping_status":"closed","template":"","meta":{"_acf_changed":false,"footnotes":""},"class_list":["post-5661","page","type-page","status-publish","hentry"],"acf":[],"_links":{"self":[{"href":"https:\/\/www.paddo.shop\/fr\/wp-json\/wp\/v2\/pages\/5661","targetHints":{"allow":["GET"]}}],"collection":[{"href":"https:\/\/www.paddo.shop\/fr\/wp-json\/wp\/v2\/pages"}],"about":[{"href":"https:\/\/www.paddo.shop\/fr\/wp-json\/wp\/v2\/types\/page"}],"author":[{"embeddable":true,"href":"https:\/\/www.paddo.shop\/fr\/wp-json\/wp\/v2\/users\/2"}],"replies":[{"embeddable":true,"href":"https:\/\/www.paddo.shop\/fr\/wp-json\/wp\/v2\/comments?post=5661"}],"version-history":[{"count":0,"href":"https:\/\/www.paddo.shop\/fr\/wp-json\/wp\/v2\/pages\/5661\/revisions"}],"wp:attachment":[{"href":"https:\/\/www.paddo.shop\/fr\/wp-json\/wp\/v2\/media?parent=5661"}],"curies":[{"name":"wp","href":"https:\/\/api.w.org\/{rel}","templated":true}]}}