{"id":26,"date":"2022-02-28T15:02:52","date_gmt":"2022-02-28T15:02:52","guid":{"rendered":"https:\/\/www.magictruffels.shop\/?page_id=26"},"modified":"2024-09-25T13:09:58","modified_gmt":"2024-09-25T11:09:58","slug":"verzending","status":"publish","type":"page","link":"https:\/\/www.paddo.shop\/fr\/verzending\/","title":{"rendered":"Exp\u00e9dition"},"content":{"rendered":"<div data-elementor-type=\"wp-page\" data-elementor-id=\"26\" class=\"elementor elementor-26\" data-elementor-post-type=\"page\">\n\t\t\t\t\t\t<section class=\"elementor-section elementor-top-section elementor-element elementor-element-757a2578 elementor-section-boxed elementor-section-height-default elementor-section-height-default\" data-id=\"757a2578\" data-element_type=\"section\" data-e-type=\"section\">\n\t\t\t\t\t\t<div class=\"elementor-container elementor-column-gap-default\">\n\t\t\t\t\t<div class=\"elementor-column elementor-col-100 elementor-top-column elementor-element elementor-element-6423ad67\" data-id=\"6423ad67\" data-element_type=\"column\" data-e-type=\"column\">\n\t\t\t<div class=\"elementor-widget-wrap elementor-element-populated\">\n\t\t\t\t\t\t<div class=\"elementor-element elementor-element-37d0e839 elementor-widget elementor-widget-text-editor\" data-id=\"37d0e839\" data-element_type=\"widget\" data-e-type=\"widget\" data-widget_type=\"text-editor.default\">\n\t\t\t\t<div class=\"elementor-widget-container\">\n\t\t\t\t\t\t\t\t\t<p><\/p>\n<h2><b>EXP\u00c9DITION DISCR\u00c8TE<\/b><\/h2>\n<p><a href=\"https:\/\/www.paddo.shop\/fr\/\">Paddo.shop<\/a> respecte votre vie priv\u00e9e, c'est pourquoi tous vos achats sont emball\u00e9s de la mani\u00e8re la plus neutre possible. Aucun logo et aucune indication sur le contenu. Votre colis vous parviendra dans une bo\u00eete en carton simple et solide, recouverte d'un ruban adh\u00e9sif d'emballage simple mais solide. Si votre commande est tr\u00e8s petite, nous l'enverrons dans une discr\u00e8te enveloppe matelass\u00e9e marron ou blanche.&nbsp;<\/p>\n<p>La seule chose qui sera visible sur votre bo\u00eete\/enveloppe est votre \u00e9tiquette d'exp\u00e9dition (en fonction du service utilis\u00e9).<\/p>\n<p>De cette fa\u00e7on, vous pouvez \u00eatre s\u00fbr que vous serez le seul \u00e0 \u00eatre enthousiasm\u00e9 par le colis que vous recevrez, et que tous les autres verront un colis ennuyeux sans aucune indication sur sa provenance.<\/p>\n<h2>Pouvez-vous livrer dans mon pays ?<\/h2>\n<p>Nous exp\u00e9dions vers la plupart des pays de l'UE. Vous trouverez ces pays dans le tableau ci-dessous. Nous exp\u00e9dions tous nos colis vers l'UE avec DHL, DPD ou PostNL, selon la r\u00e9gion. Nous pouvons ainsi vous offrir le meilleur service possible. Vous recevrez toujours un code de suivi qui vous permettra de suivre votre colis de porte \u00e0 porte.<\/p>\n<h2>Quels sont les frais d'exp\u00e9dition ?<\/h2>\n<table class=\"tblcal;\">\n<tbody>\n<tr style=\"background-color: #a9a9a9; color: white;\">\n<th class=\"tblcall\">Pays<\/th>\n<th class=\"tblcalll\">Frais d'exp\u00e9dition<\/th>\n<th class=\"tblcallll\">D\u00e9lai de livraison<\/th>\n<th class=\"tblcalllll\" style=\"text-align: left;\">Libre de<\/th>\n<\/tr>\n<tr>\n<td>Pays-Bas<\/td>\n<td>\u20ac6,95<\/td>\n<td>1 - 2 jours<\/td>\n<td style=\"text-align: left;\">\u20ac25,-<\/td>\n<\/tr>\n<tr>\n<td>Belgique<\/td>\n<td>\u20ac7,95<\/td>\n<td>1 - 2 jours<\/td>\n<td style=\"text-align: left;\">\u20ac50,-<\/td>\n<\/tr>\n<tr>\n<td>Bulgarie<\/td>\n<td>\u20ac22,95<\/td>\n<td>6 - 8 jours<\/td>\n<td style=\"text-align: left;\">\u20ac125,-<\/td>\n<\/tr>\n<tr>\n<td>Allemagne<\/td>\n<td>\u20ac7,95<\/td>\n<td>1 - 3 jours<\/td>\n<td style=\"text-align: left;\">\u20ac125,-<\/td>\n<\/tr>\n<tr>\n<td>Estonie<\/td>\n<td>\u20ac17,95<\/td>\n<td>4 - 6 jours<\/td>\n<td style=\"text-align: left;\">\u20ac125,-<\/td>\n<\/tr>\n<tr>\n<td>France<\/td>\n<td>\u20ac12,95<\/td>\n<td>2 - 3 jours<\/td>\n<td style=\"text-align: left;\">\u20ac125,-<\/td>\n<\/tr>\n<tr>\n<td>Gr\u00e8ce<\/td>\n<td>\u20ac23,95<\/td>\n<td>6 - 8 jours<\/td>\n<td style=\"text-align: left;\">\u20ac125,-<\/td>\n<\/tr>\n<tr>\n<td>Irlande<\/td>\n<td>\u20ac19,95<\/td>\n<td>3 - 4 jours<\/td>\n<td style=\"text-align: left;\">\u20ac125,-<\/td>\n<\/tr>\n<tr>\n<td>Italie<\/td>\n<td>\u20ac17,95<\/td>\n<td>2 - 4 jours<\/td>\n<td style=\"text-align: left;\">\u20ac125,-<\/td>\n<\/tr>\n<tr>\n<td>Croatie<\/td>\n<td>\u20ac18,95<\/td>\n<td>3 - 5 jours<\/td>\n<td style=\"text-align: left;\">\u20ac125,-<\/td>\n<\/tr>\n<tr>\n<td>Lettonie<\/td>\n<td>\u20ac14,95<\/td>\n<td>3 - 5 jours<\/td>\n<td style=\"text-align: left;\">\u20ac125,-<\/td>\n<\/tr>\n<tr>\n<td>Lituanie<\/td>\n<td>\u20ac21,95<\/td>\n<td>3 - 5 jours<\/td>\n<td style=\"text-align: left;\">\u20ac125,-<\/td>\n<\/tr>\n<tr>\n<td>Luxembourg<\/td>\n<td>\u20ac11,95<\/td>\n<td>1 - 2 jours<\/td>\n<td style=\"text-align: left;\">\u20ac125,-<\/td>\n<\/tr>\n<tr>\n<td>Autriche<\/td>\n<td>\u20ac11,95<\/td>\n<td>2 - 3 jours<\/td>\n<td style=\"text-align: left;\">\u20ac125,-<\/td>\n<\/tr>\n<tr>\n<td>Pologne<\/td>\n<td>\u20ac15,95<\/td>\n<td>2 - 3 jours<\/td>\n<td style=\"text-align: left;\">\u20ac125,-<\/td>\n<\/tr>\n<tr>\n<td>Portugal<\/td>\n<td>\u20ac20,95<\/td>\n<td>3 - 4 jours<\/td>\n<td style=\"text-align: left;\">\u20ac125,-<\/td>\n<\/tr>\n<tr>\n<td>Roumanie<\/td>\n<td>\u20ac18,95<\/td>\n<td>3 - 5 jours<\/td>\n<td style=\"text-align: left;\">\u20ac125,-<\/td>\n<\/tr>\n<tr>\n<td>Slov\u00e9nie<\/td>\n<td>\u20ac17,95<\/td>\n<td>2 - 3 jours<\/td>\n<td style=\"text-align: left;\">\u20ac125,-<\/td>\n<\/tr>\n<tr>\n<td>Slovaquie<\/td>\n<td>\u20ac16,95<\/td>\n<td>3 - 5 jours<\/td>\n<td style=\"text-align: left;\">\u20ac125,-<\/td>\n<\/tr>\n<tr>\n<td>Espagne<\/td>\n<td>\u20ac17,95<\/td>\n<td>2 - 3 jours<\/td>\n<td style=\"text-align: left;\">\u20ac125,-<\/td>\n<\/tr>\n<tr>\n<td>R\u00e9publique tch\u00e8que<\/td>\n<td>\u20ac15,95<\/td>\n<td>2 - 4 jours<\/td>\n<td style=\"text-align: left;\">\u20ac125,-<\/td>\n<\/tr>\n<\/tbody>\n<\/table>\n<p style=\"font-size: 14px;\">* Les zones difficiles d'acc\u00e8s, telles que les \u00eeles ou autres r\u00e9gions \u00e9loign\u00e9es, co\u00fbtent environ 20 euros de plus en raison des frais de transport suppl\u00e9mentaires.<\/p>\n<p style=\"font-size: 14px;\">Remarque : nous nous effor\u00e7ons d'exp\u00e9dier toutes les commandes dans un d\u00e9lai d'un jour ouvrable. Les d\u00e9lais de livraison sont des estimations et peuvent varier en fonction de la circulation et des jours f\u00e9ri\u00e9s.<\/p>\t\t\t\t\t\t\t\t<\/div>\n\t\t\t\t<\/div>\n\t\t\t\t\t<\/div>\n\t\t<\/div>\n\t\t\t\t\t<\/div>\n\t\t<\/section>\n\t\t\t\t<\/div>","protected":false},"excerpt":{"rendered":"<p>LIVRAISON DISCRETE Paddo.shop respecte votre vie priv\u00e9e, c'est pourquoi tous vos achats sont emball\u00e9s de la mani\u00e8re la plus neutre possible. Aucun logo et aucune indication de ce qui est...<\/p>","protected":false},"author":1,"featured_media":0,"parent":0,"menu_order":0,"comment_status":"closed","ping_status":"closed","template":"","meta":{"_acf_changed":false,"footnotes":""},"class_list":["post-26","page","type-page","status-publish","hentry"],"acf":[],"_links":{"self":[{"href":"https:\/\/www.paddo.shop\/fr\/wp-json\/wp\/v2\/pages\/26","targetHints":{"allow":["GET"]}}],"collection":[{"href":"https:\/\/www.paddo.shop\/fr\/wp-json\/wp\/v2\/pages"}],"about":[{"href":"https:\/\/www.paddo.shop\/fr\/wp-json\/wp\/v2\/types\/page"}],"author":[{"embeddable":true,"href":"https:\/\/www.paddo.shop\/fr\/wp-json\/wp\/v2\/users\/1"}],"replies":[{"embeddable":true,"href":"https:\/\/www.paddo.shop\/fr\/wp-json\/wp\/v2\/comments?post=26"}],"version-history":[{"count":0,"href":"https:\/\/www.paddo.shop\/fr\/wp-json\/wp\/v2\/pages\/26\/revisions"}],"wp:attachment":[{"href":"https:\/\/www.paddo.shop\/fr\/wp-json\/wp\/v2\/media?parent=26"}],"curies":[{"name":"wp","href":"https:\/\/api.w.org\/{rel}","templated":true}]}}