{"id":1616,"date":"2022-03-04T13:34:34","date_gmt":"2022-03-04T13:34:34","guid":{"rendered":"https:\/\/www.magictruffels.shop\/?page_id=1616"},"modified":"2022-03-14T09:28:21","modified_gmt":"2022-03-14T09:28:21","slug":"retourneren","status":"publish","type":"page","link":"https:\/\/www.paddo.shop\/fr\/retourneren\/","title":{"rendered":"Retour"},"content":{"rendered":"<div data-elementor-type=\"wp-page\" data-elementor-id=\"1616\" class=\"elementor elementor-1616\" data-elementor-post-type=\"page\">\n\t\t\t\t\t\t<section class=\"elementor-section elementor-top-section elementor-element elementor-element-e585a9c elementor-section-boxed elementor-section-height-default elementor-section-height-default\" data-id=\"e585a9c\" data-element_type=\"section\" data-e-type=\"section\">\n\t\t\t\t\t\t<div class=\"elementor-container elementor-column-gap-default\">\n\t\t\t\t\t<div class=\"elementor-column elementor-col-100 elementor-top-column elementor-element elementor-element-c9480d9\" data-id=\"c9480d9\" data-element_type=\"column\" data-e-type=\"column\">\n\t\t\t<div class=\"elementor-widget-wrap elementor-element-populated\">\n\t\t\t\t\t\t<div class=\"elementor-element elementor-element-4b3dab5 elementor-widget elementor-widget-text-editor\" data-id=\"4b3dab5\" data-element_type=\"widget\" data-e-type=\"widget\" data-widget_type=\"text-editor.default\">\n\t\t\t\t<div class=\"elementor-widget-container\">\n\t\t\t\t\t\t\t\t\t<h2><strong>NOTRE POLITIQUE DE RETOUR :<\/strong><\/h2><p>Au <a href=\"\/fr\/\">magictruffles.shop<\/a> vous avez le droit l\u00e9gal de signaler le retour d'un produit dans les 14 jours suivant sa r\u00e9ception, sans donner de raison. Apr\u00e8s cette notification, vous disposez d'un NOUVEAU d\u00e9lai de 14 jours pour renvoyer effectivement le produit. Si vous faites usage de votre droit de retour, vous recevrez le montant total de la commande, y compris les frais d'exp\u00e9dition, sur votre compte dans les 14 jours suivant la notification de retour.<\/p><p><strong>Les frais de retour sont \u00e0 votre charge.<\/strong><\/p><p>Vous \u00eates seul responsable de la d\u00e9pr\u00e9ciation du ou des produits r\u00e9sultant d'une manipulation ou d'une utilisation des biens allant au-del\u00e0 de ce qui est n\u00e9cessaire pour \u00e9tablir leur nature, leurs caract\u00e9ristiques et leur fonctionnement.<\/p><p>Certains produits (p. ex. bongs, pipes, vaporisateurs et produits similaires) sont exclus du droit de r\u00e9tractation s'ils sont descell\u00e9s et\/ou utilis\u00e9s apr\u00e8s la livraison. Apr\u00e8s avoir bris\u00e9 le sceau, ces produits ne peuvent plus \u00eatre renvoy\u00e9s pour des raisons de sant\u00e9 et d'hygi\u00e8ne. Les produits p\u00e9rissables (tels que les truffes, les spores et les kits de culture) ne peuvent pas non plus \u00eatre retourn\u00e9s. Toutefois, si vous n'\u00eates pas satisfait d'un produit p\u00e9rissable, veuillez contacter notre service client\u00e8le. Nous nous ferons un plaisir de trouver une solution avec vous.<\/p><p>Pour effectuer un retour, veuillez nous contacter \u00e0 l'adresse info@magictruffels.shop. Si votre retour est accept\u00e9, nous vous enverrons une \u00e9tiquette de retour, ainsi que des instructions sur la mani\u00e8re et le lieu d'envoi de votre colis. Les articles qui nous sont retourn\u00e9s sans demande pr\u00e9alable de retour ne seront pas accept\u00e9s.<\/p><p>Vous pouvez toujours nous contacter pour toute commande de retour \u00e0 l'adresse info@magictruffels.shop.<\/p><h2><b>DOMMAGES ET PROBL\u00c8MES<\/b><\/h2><p>Veuillez v\u00e9rifier votre commande d\u00e8s sa r\u00e9ception et nous contacter imm\u00e9diatement si l'article est d\u00e9fectueux, endommag\u00e9 ou si vous recevez le mauvais article afin que nous puissions \u00e9valuer et r\u00e9soudre le probl\u00e8me.<\/p><h2><b>EXCEPTIONS \/ ARTICLES NON RETOURNABLES<\/b><\/h2><p>Certains types d'articles ne peuvent pas \u00eatre retourn\u00e9s, notamment les produits p\u00e9rissables (tels que les aliments, les fleurs ou les plantes), les produits personnalis\u00e9s (tels que les commandes sp\u00e9ciales ou les articles personnalis\u00e9s) et les articles de soins personnels (tels que les produits de beaut\u00e9). Nous n'acceptons pas non plus les retours de produits dangereux, de liquides ou de gaz inflammables. N'h\u00e9sitez pas \u00e0 nous contacter si vous avez des questions ou des inqui\u00e9tudes concernant votre article sp\u00e9cifique.<\/p><h2>MISE \u00c0 JOUR<\/h2><p>Le moyen le plus rapide de s'assurer d'obtenir ce que l'on veut est de retourner l'article que l'on a et, une fois le retour accept\u00e9, d'effectuer un achat s\u00e9par\u00e9 pour le nouvel article.<\/p><h2><b>REMBOURSEMENTS<\/b><\/h2><p>Nous vous informerons d\u00e8s que nous aurons re\u00e7u et inspect\u00e9 votre retour et vous ferons savoir si le remboursement a \u00e9t\u00e9 approuv\u00e9 ou non. Si le remboursement est approuv\u00e9, vous serez automatiquement rembours\u00e9 par le biais de votre mode de paiement d'origine. N'oubliez pas qu'il peut s'\u00e9couler un certain temps avant que votre banque ou la soci\u00e9t\u00e9 \u00e9mettrice de votre carte de cr\u00e9dit ne traite et n'enregistre le remboursement.<\/p><h2><b>RETOURNER LES DONN\u00c9ES<\/b><\/h2><p>Magictruffles.shop<br \/>PePePe BV<br \/>Sulky 6 J<br \/>Zeewolde<br \/>3897AJ<\/p><p>CHAMBRE DE COMMERCE : 34236211<br \/>TVA : NL815030411B01<\/p><p>Num\u00e9ro de t\u00e9l\u00e9phone : 085-0160877<\/p>\t\t\t\t\t\t\t\t<\/div>\n\t\t\t\t<\/div>\n\t\t\t\t\t<\/div>\n\t\t<\/div>\n\t\t\t\t\t<\/div>\n\t\t<\/section>\n\t\t\t\t<\/div>","protected":false},"excerpt":{"rendered":"<p>NOTRE POLITIQUE DE RETOUR : Chez magictruffels.shop, vous avez le droit l\u00e9gal d'enregistrer un produit pour le retourner dans les 14 jours suivant la r\u00e9ception sans...<\/p>","protected":false},"author":2,"featured_media":0,"parent":0,"menu_order":0,"comment_status":"closed","ping_status":"closed","template":"","meta":{"_acf_changed":false,"footnotes":""},"class_list":["post-1616","page","type-page","status-publish","hentry"],"acf":[],"_links":{"self":[{"href":"https:\/\/www.paddo.shop\/fr\/wp-json\/wp\/v2\/pages\/1616","targetHints":{"allow":["GET"]}}],"collection":[{"href":"https:\/\/www.paddo.shop\/fr\/wp-json\/wp\/v2\/pages"}],"about":[{"href":"https:\/\/www.paddo.shop\/fr\/wp-json\/wp\/v2\/types\/page"}],"author":[{"embeddable":true,"href":"https:\/\/www.paddo.shop\/fr\/wp-json\/wp\/v2\/users\/2"}],"replies":[{"embeddable":true,"href":"https:\/\/www.paddo.shop\/fr\/wp-json\/wp\/v2\/comments?post=1616"}],"version-history":[{"count":0,"href":"https:\/\/www.paddo.shop\/fr\/wp-json\/wp\/v2\/pages\/1616\/revisions"}],"wp:attachment":[{"href":"https:\/\/www.paddo.shop\/fr\/wp-json\/wp\/v2\/media?parent=1616"}],"curies":[{"name":"wp","href":"https:\/\/api.w.org\/{rel}","templated":true}]}}