{"id":5256,"date":"2022-07-20T09:19:51","date_gmt":"2022-07-20T09:19:51","guid":{"rendered":"https:\/\/www.paddo.shop\/?post_type=product&#038;p=5256"},"modified":"2026-02-15T17:18:19","modified_gmt":"2026-02-15T15:18:19","slug":"mckennaii-paddo-growkit","status":"publish","type":"product","link":"https:\/\/www.paddo.shop\/et\/mckennaii-paddo-growkit\/","title":{"rendered":"McKennaii Paddo Growkit"},"content":{"rendered":"<h2><strong>Osta McKennaii Paddo Growkit<\/strong><\/h2>\n<p><span style=\"font-weight: 400;\">Kui soovite osta kasvukomplekte, olete j\u00f5udnud \u00f5igesse kohta. Meie poest leiad ainult usaldusv\u00e4\u00e4rseid ja t\u00f5husaid kasvukomplekte. Neid toodab Hollandi ettev\u00f5te McSmart. See ettev\u00f5te on rahvusvaheliselt tuntud kui \u00fcks tuntumaid firmasid maagiliste tr\u00fchvlite ja maagiliste seente kasvatuskomplektide valdkonnas. Kui j\u00e4rgite etten\u00e4htud juhiseid, v\u00f5ite seega alati loota v\u00e4hemalt \u00fche hea ps\u00fchhedeelsete seente flush'i (saagi) saamisele, kuid paljudel juhtudel v\u00f5ite kasvukomplekti isegi mitu korda \u00fcles panna!<\/span><\/p>\n<p><span style=\"font-weight: 400;\">Kui tellite McKennaii Paddo Growkit t\u00e4na, saate selle t\u00e4iesti diskreetselt koju m\u00f5ne p\u00e4eva jooksul.<\/span><\/p>\n<h3><strong>Mida sisaldab McKennaii Paddo Growkit<\/strong><\/h3>\n<p><span style=\"font-weight: 400;\">sisaldab k\u00f5ike vajalikku, et kasvatada ise Mexican maagilisi seeni. Pakendis on: 1 kasutusvalmis kasvatuskonteiner aktiivse m\u00fctseeliga, kasvatuskott koos filtritega, 2 klambrit koti sulgemiseks ja infoleht juhistega. K\u00f5ik, mida on vaja lisada, on vesi ja veidi armastust.<\/span><\/p>\n<h3><strong>Kui tugev on <\/strong><strong>McKennaii<\/strong><strong> maagilised seened?<\/strong><\/h3>\n<p><span style=\"font-weight: 400;\">Allpool leiate meie sortimendi maagilised tr\u00fchvlid, mis on sorteeritud ps\u00fchhedeelse tugevuse j\u00e4rgi. Need ulatuvad tugevast kuni mahedani. Nii n\u00e4ete t\u00e4pselt, kuidas Mexican maagilised seened on v\u00f5rreldavad teiste seentega.<\/span><\/p>\n<p><a href=\"https:\/\/www.paddo.shop\/et\/mckennaii-paddo-growkit\/\"><span style=\"font-weight: 400;\">McKennaii<\/span><span style=\"font-weight: 400;\"><br \/>\n<\/span><\/a><a href=\"https:\/\/www.paddo.shop\/et\/hawaiian-copelandia-paddo-growkit\/\"><span style=\"font-weight: 400;\">Hawaiian Copelandia<\/span><span style=\"font-weight: 400;\"><br \/>\n<\/span><\/a><a href=\"https:\/\/www.paddo.shop\/et\/golden-teacher-paddo-growkit\/\"><span style=\"font-weight: 400;\">Golden Teacher<\/span><span style=\"font-weight: 400;\"><br \/>\n<\/span><\/a><a href=\"https:\/\/www.paddo.shop\/et\/mazatapec-paddo-growkit\/\"><span style=\"font-weight: 400;\">Mazatapec<\/span><span style=\"font-weight: 400;\"><br \/>\n<\/span><\/a><a href=\"https:\/\/www.paddo.shop\/et\/colombian-paddo-growkit\/\"><span style=\"font-weight: 400;\">Colombian Paddo<\/span><span style=\"font-weight: 400;\"><br \/>\n<\/span><\/a><a href=\"https:\/\/www.paddo.shop\/et\/cambodian-paddo-growkit\/\"><span style=\"font-weight: 400;\">Cambodian Paddo<\/span><span style=\"font-weight: 400;\"><br \/>\n<\/span><\/a><a href=\"https:\/\/www.paddo.shop\/et\/ecuadorian-paddo-growkit\/\"><span style=\"font-weight: 400;\">Ecuadorian Paddo<\/span><span style=\"font-weight: 400;\"><br \/>\n<\/span><\/a><a href=\"https:\/\/www.paddo.shop\/et\/mexican-paddo-growkit\/\"><span style=\"font-weight: 400;\">Mexican Paddo<\/span><span style=\"font-weight: 400;\"><br \/>\n<\/span><\/a><a href=\"https:\/\/www.paddo.shop\/et\/b-plus-paddo-growkit\/\"><span style=\"font-weight: 400;\">B+ Paddo<\/span><span style=\"font-weight: 400;\"><br \/>\n<\/span><\/a><a href=\"https:\/\/www.paddo.shop\/et\/thai-paddo-growkit\/\"><span style=\"font-weight: 400;\">Thai Paddo<\/span><\/a><\/p>\n<h2><strong>Kasvata oma McKennaii seeni kasvukomplektiga<\/strong><\/h2>\n<p><span style=\"font-weight: 400;\">Mexican on t\u00e4nap\u00e4eval \u00fcks populaarsemaid ps\u00fchhedeelseid looduslikke tooteid. Neid on v\u00e4ga lihtne kasvatada meie kasvukomplektide abil. P\u00f5him\u00f5tteliselt on vaja vaid kasvukomplekti, veidi vett ja kannatlikkust. Selleks, et k\u00f5ik l\u00e4heks h\u00e4sti, varustame teid ka juhistega. Kui te neid j\u00e4rgite, saate oma esimesed seened koguda m\u00f5ne n\u00e4dala jooksul.<\/span><\/p>\n<h3><strong>De beste paddo growkit tips van 2026<\/strong><\/h3>\n<p><span style=\"font-weight: 400;\">Maagiliste seente kasvatamine on v\u00e4ga lihtne, kasutades kasvukomplekti. Siiski on oluline, et te j\u00e4rgiksite etten\u00e4htud juhiseid. Kuna tegu on elusorganismiga, siis on mitmeid asju, mida peate tingimata <\/span><strong>mitte<\/strong><span style=\"font-weight: 400;\"> peaks tegema. Tahad tagada endale koduseene saagikuse korduvalt? Siis vaadake siia <\/span><a href=\"https:\/\/www.paddo.shop\/et\/growkit-instructies\/\"><span style=\"font-weight: 400;\">de beste paddo growkit tips van 2026<\/span><\/a><span style=\"font-weight: 400;\">.<\/span><\/p>\n<p><strong>Oluline:<\/strong><strong><br \/>\n<\/strong><span style=\"font-weight: 400;\">Maagiliste seente kasvatamine on uskumatult l\u00f5bus ja rahuldust pakkuv. Kuid v\u00f5ta teadmiseks: seened (v\u00f5lurseened) sisaldavad looduslikult ka aineid psiilots\u00fcbiine ja psiilotsiini. Psilots\u00fcbiin ja psilotsiin on hallutsinogeenid. Hallutsinogeenid on teadvust muutva toimega ained, mis v\u00f5ivad muu hulgas tekitada hallutsinatsioone. Pidage seda meeles. Ja hoidke alati nii growkit kui ka seened lastele k\u00e4ttesaamatus kohas!<\/span><\/p>\n<h2>K\u00f5ige sagedamini esitatavad k\u00fcsimused<\/h2>\n<p>Allpool on esitatud 5 k\u00f5ige sagedamini esitatavat McKennaii k\u00fcsimust. Kas teil on veel k\u00fcsimusi p\u00e4rast kogu sellel lehel oleva teabe lugemist? <a href=\"https:\/\/www.paddo.shop\/et\/contact\/\">Siis v\u00f5tke meiega \u00fchendust<\/a> ja me aitame teid kohe.<\/p>\n\t\t<div data-elementor-type=\"section\" data-elementor-id=\"8215\" class=\"elementor elementor-8215\" data-elementor-post-type=\"elementor_library\">\n\t\t\t\t\t<section class=\"elementor-section elementor-top-section elementor-element elementor-element-a20d66a elementor-section-boxed elementor-section-height-default elementor-section-height-default\" data-id=\"a20d66a\" data-element_type=\"section\">\n\t\t\t\t\t\t<div class=\"elementor-container elementor-column-gap-default\">\n\t\t\t\t\t<div class=\"elementor-column elementor-col-100 elementor-top-column elementor-element elementor-element-5ae8cb5\" data-id=\"5ae8cb5\" data-element_type=\"column\">\n\t\t\t<div class=\"elementor-widget-wrap elementor-element-populated\">\n\t\t\t\t\t\t<div class=\"elementor-element elementor-element-5207599 elementor-widget__width-initial elementor-widget elementor-widget-accordion\" data-id=\"5207599\" data-element_type=\"widget\" data-widget_type=\"accordion.default\">\n\t\t\t\t<div class=\"elementor-widget-container\">\n\t\t\t\t\t\t\t<div class=\"elementor-accordion\">\n\t\t\t\t\t\t\t<div class=\"elementor-accordion-item\">\n\t\t\t\t\t<h3 id=\"elementor-tab-title-8601\" class=\"elementor-tab-title\" data-tab=\"1\" role=\"button\" aria-controls=\"elementor-tab-content-8601\" aria-expanded=\"false\">\n\t\t\t\t\t\t\t\t\t\t\t\t\t<span class=\"elementor-accordion-icon elementor-accordion-icon-right\" aria-hidden=\"true\">\n\t\t\t\t\t\t\t\t\t\t\t\t\t\t\t<span class=\"elementor-accordion-icon-closed\"><i class=\"fas fa-plus\"><\/i><\/span>\n\t\t\t\t\t\t\t\t<span class=\"elementor-accordion-icon-opened\"><i class=\"fas fa-minus\"><\/i><\/span>\n\t\t\t\t\t\t\t\t\t\t\t\t\t\t<\/span>\n\t\t\t\t\t\t\t\t\t\t\t\t<a class=\"elementor-accordion-title\" tabindex=\"0\">Milline on selle seenet\u00fcve nimi McKennaii?<\/a>\n\t\t\t\t\t<\/h3>\n\t\t\t\t\t<div id=\"elementor-tab-content-8601\" class=\"elementor-tab-content elementor-clearfix\" data-tab=\"1\" role=\"region\" aria-labelledby=\"elementor-tab-title-8601\"><p>Nimi McKennaii on austusavaldus Terence McKennale, Ameerika etnobotaanikule ja ps\u00fchhonautile, kes on tuntud oma ps\u00fchhedeelse maailma uurimise poolest. Tema avastused ja propageerimine ps\u00fchhedeelsete ainete vastutustundliku kasutamise eest on avaldanud kogukonnale suurt m\u00f5ju ning seenet\u00fcvi McKennaii austab tema panust. McKenna s\u00fcgav huvi ps\u00fchhedeelsete ainete pakutavate ps\u00fchholoogiliste ja vaimsete kogemuste vastu peegeldub McKennaii seente tugevas olemuses. Lisateavet ps\u00fchhedeelsete kogemuste kohta leiate veebilehelt <a href=\"https:\/\/www.paddo.shop\/et\/trip-stopper\/\" target=\"_new\">reisi peatamise lehek\u00fclg<\/a>.<\/p>\n<\/div>\n\t\t\t\t<\/div>\n\t\t\t\t\t\t\t<div class=\"elementor-accordion-item\">\n\t\t\t\t\t<h3 id=\"elementor-tab-title-8602\" class=\"elementor-tab-title\" data-tab=\"2\" role=\"button\" aria-controls=\"elementor-tab-content-8602\" aria-expanded=\"false\">\n\t\t\t\t\t\t\t\t\t\t\t\t\t<span class=\"elementor-accordion-icon elementor-accordion-icon-right\" aria-hidden=\"true\">\n\t\t\t\t\t\t\t\t\t\t\t\t\t\t\t<span class=\"elementor-accordion-icon-closed\"><i class=\"fas fa-plus\"><\/i><\/span>\n\t\t\t\t\t\t\t\t<span class=\"elementor-accordion-icon-opened\"><i class=\"fas fa-minus\"><\/i><\/span>\n\t\t\t\t\t\t\t\t\t\t\t\t\t\t<\/span>\n\t\t\t\t\t\t\t\t\t\t\t\t<a class=\"elementor-accordion-title\" tabindex=\"0\">Kuidas m\u00f5jutab keskkond McKennaii seente kasvu selles kasvukomplektis?<\/a>\n\t\t\t\t\t<\/h3>\n\t\t\t\t\t<div id=\"elementor-tab-content-8602\" class=\"elementor-tab-content elementor-clearfix\" data-tab=\"2\" role=\"region\" aria-labelledby=\"elementor-tab-title-8602\"><p>Keskkond m\u00e4ngib McKennaii seente kasvatamisel olulist rolli. Sellised tegurid nagu temperatuur, niiskus ja valgus m\u00f5jutavad oluliselt kasvu. Oluline on hoida temperatuuri vahemikus 18-28 \u00b0C ja paigutada kasvukomplekt sellisesse kohta, kus see ei puutu kokku otsese p\u00e4ikesevalguse v\u00f5i \u00f5huvooludega. Ideaalsete kasvutingimuste loomise juhiseid leiate dokumendist <a href=\"https:\/\/www.paddo.shop\/et\/growkit-instructies\/\" target=\"_new\">growkit'i juhiste lehek\u00fclg<\/a>.<\/p>\n<\/div>\n\t\t\t\t<\/div>\n\t\t\t\t\t\t\t<div class=\"elementor-accordion-item\">\n\t\t\t\t\t<h3 id=\"elementor-tab-title-8603\" class=\"elementor-tab-title\" data-tab=\"3\" role=\"button\" aria-controls=\"elementor-tab-content-8603\" aria-expanded=\"false\">\n\t\t\t\t\t\t\t\t\t\t\t\t\t<span class=\"elementor-accordion-icon elementor-accordion-icon-right\" aria-hidden=\"true\">\n\t\t\t\t\t\t\t\t\t\t\t\t\t\t\t<span class=\"elementor-accordion-icon-closed\"><i class=\"fas fa-plus\"><\/i><\/span>\n\t\t\t\t\t\t\t\t<span class=\"elementor-accordion-icon-opened\"><i class=\"fas fa-minus\"><\/i><\/span>\n\t\t\t\t\t\t\t\t\t\t\t\t\t\t<\/span>\n\t\t\t\t\t\t\t\t\t\t\t\t<a class=\"elementor-accordion-title\" tabindex=\"0\">Millist trippimiskogemust v\u00f5ib McKennaii seentelt oodata?<\/a>\n\t\t\t\t\t<\/h3>\n\t\t\t\t\t<div id=\"elementor-tab-content-8603\" class=\"elementor-tab-content elementor-clearfix\" data-tab=\"3\" role=\"region\" aria-labelledby=\"elementor-tab-title-8603\"><p>McKennaii maagilised seened on tuntud oma tugeva hallutsinogeense toime poolest. Nad v\u00f5ivad pakkuda intensiivseid visuaalseid elamusi ja s\u00fcgavaid introspektiivseid arusaamu. Kogemus v\u00f5ib olla inimeseti erinev, kuid paljud kasutajad teatavad v\u00e4rvide ja helide suurenenud tajumisest ning \u00fcldisest \u00fchendatuse tunnetusest universumiga. Teavet annustamise ja kogemuse juhtimise kohta leiate veebilehelt <a href=\"https:\/\/www.paddo.shop\/et\/vind-dosering\/\" target=\"_new\">leida annuse lehek\u00fclg<\/a>.<\/p>\n<\/div>\n\t\t\t\t<\/div>\n\t\t\t\t\t\t\t<div class=\"elementor-accordion-item\">\n\t\t\t\t\t<h3 id=\"elementor-tab-title-8604\" class=\"elementor-tab-title\" data-tab=\"4\" role=\"button\" aria-controls=\"elementor-tab-content-8604\" aria-expanded=\"false\">\n\t\t\t\t\t\t\t\t\t\t\t\t\t<span class=\"elementor-accordion-icon elementor-accordion-icon-right\" aria-hidden=\"true\">\n\t\t\t\t\t\t\t\t\t\t\t\t\t\t\t<span class=\"elementor-accordion-icon-closed\"><i class=\"fas fa-plus\"><\/i><\/span>\n\t\t\t\t\t\t\t\t<span class=\"elementor-accordion-icon-opened\"><i class=\"fas fa-minus\"><\/i><\/span>\n\t\t\t\t\t\t\t\t\t\t\t\t\t\t<\/span>\n\t\t\t\t\t\t\t\t\t\t\t\t<a class=\"elementor-accordion-title\" tabindex=\"0\">Kas on teadaolevaid entusiaste v\u00f5i soovitusi McKennaii seente kohta?<\/a>\n\t\t\t\t\t<\/h3>\n\t\t\t\t\t<div id=\"elementor-tab-content-8604\" class=\"elementor-tab-content elementor-clearfix\" data-tab=\"4\" role=\"region\" aria-labelledby=\"elementor-tab-title-8604\"><p>Kuigi \u00fckski konkreetne teadaolev isik ei ole avalikult v\u00e4ljendanud oma eelistust McKennaii seente suhtes, hindavad paljud kogenud ps\u00fchhonaudid seda sorti selle tugevuse ja s\u00fcgavate trippielamuste p\u00e4rast, mida see v\u00f5ib pakkuda. Ps\u00fchhedeelses kogukonnas hinnatakse tugevaid ja sisukaid seenet\u00fcvesid nagu McKennaii. Lisateavet erinevate seeneliikide ja nende m\u00f5ju kohta leiate veebilehelt <a href=\"https:\/\/www.paddo.shop\/et\/growkits\/\" target=\"_new\">kasvukomplektide leht<\/a>.<\/p>\n<\/div>\n\t\t\t\t<\/div>\n\t\t\t\t\t\t\t<div class=\"elementor-accordion-item\">\n\t\t\t\t\t<h3 id=\"elementor-tab-title-8605\" class=\"elementor-tab-title\" data-tab=\"5\" role=\"button\" aria-controls=\"elementor-tab-content-8605\" aria-expanded=\"false\">\n\t\t\t\t\t\t\t\t\t\t\t\t\t<span class=\"elementor-accordion-icon elementor-accordion-icon-right\" aria-hidden=\"true\">\n\t\t\t\t\t\t\t\t\t\t\t\t\t\t\t<span class=\"elementor-accordion-icon-closed\"><i class=\"fas fa-plus\"><\/i><\/span>\n\t\t\t\t\t\t\t\t<span class=\"elementor-accordion-icon-opened\"><i class=\"fas fa-minus\"><\/i><\/span>\n\t\t\t\t\t\t\t\t\t\t\t\t\t\t<\/span>\n\t\t\t\t\t\t\t\t\t\t\t\t<a class=\"elementor-accordion-title\" tabindex=\"0\">Kas ma v\u00f5in selle kasvukomplektiga kasvatada McKennaii seeni \u00f5ues?<\/a>\n\t\t\t\t\t<\/h3>\n\t\t\t\t\t<div id=\"elementor-tab-content-8605\" class=\"elementor-tab-content elementor-clearfix\" data-tab=\"5\" role=\"region\" aria-labelledby=\"elementor-tab-title-8605\"><p>McKennaii seente kasvatamine v\u00e4litingimustes v\u00f5ib olla keeruline, sest temperatuuri- ja niiskusekontrolli n\u00f5uded on v\u00e4ga k\u00f5rged. See kasvukomplekt on m\u00f5eldud peamiselt siseruumides kasutamiseks, kus saate keskkonnatingimusi paremini kontrollida. Eduka saagikoristuse v\u00f5imaluste maksimeerimiseks on alati k\u00f5ige parem j\u00e4rgida juhiseid. Lisateavet oma kasvukomplekti saatmise ja k\u00e4ttesaamise kohta leiate veebilehelt <a href=\"https:\/\/www.paddo.shop\/et\/verzending\/\" target=\"_new\">saatmise lehek\u00fclg<\/a>.<\/p>\n<\/div>\n\t\t\t\t<\/div>\n\t\t\t\t\t\t\t\t\t\t<script type=\"application\/ld+json\">{\n    \"@context\": \"https:\\\/\\\/schema.org\",\n    \"@type\": \"FAQPage\",\n    \"mainEntity\": [\n        {\n            \"@type\": \"Question\",\n            \"name\": \"Wat is het verhaal achter de naam McKennaii voor deze paddosoort?\",\n            \"acceptedAnswer\": {\n                \"@type\": \"Answer\",\n                \"text\": \"<p>De naam McKennaii is een eerbetoon aan Terence McKenna, een Amerikaanse etnobotanicus en psychonaut die bekend staat om zijn exploraties in de psychedelische wereld. Zijn bevindingen en pleidooi voor het verantwoord gebruik van psychedelica hebben een grote impact gehad op de gemeenschap, en de McKennaii paddosoort eert zijn bijdragen. McKenna&#8217;s diepe interesse in de psychologische en spirituele ervaringen die psychedelica bieden, wordt weerspiegeld in de krachtige aard van de McKennaii paddo&#8217;s. Voor meer informatie over psychedelische ervaringen, bekijk de <a href=\\\"https:\\\/\\\/www.paddo.shop\\\/trip-stopper\\\/\\\" target=\\\"_new\\\">trip stopper pagina<\\\/a>.<\\\/p>\\n\"\n            }\n        },\n        {\n            \"@type\": \"Question\",\n            \"name\": \"Hoe be\\u00efnvloedt de omgeving de groei van McKennaii paddo\\u2019s in deze growkit?\",\n            \"acceptedAnswer\": {\n                \"@type\": \"Answer\",\n                \"text\": \"<p>De omgeving speelt een cruciale rol bij het kweken van McKennaii paddo&#8217;s. Factoren zoals temperatuur, luchtvochtigheid en licht hebben een grote invloed op de groei. Het is belangrijk om een constante temperatuur tussen 18-28\\u00b0C te handhaven en de growkit op een plaats te zetten waar het niet wordt blootgesteld aan direct zonlicht of luchtstromen. Voor instructies over het cre\\u00ebren van de ideale kweekomstandigheden, raadpleeg de <a href=\\\"https:\\\/\\\/www.paddo.shop\\\/growkit-instructies\\\/\\\" target=\\\"_new\\\">growkit instructies pagina<\\\/a>.<\\\/p>\\n\"\n            }\n        },\n        {\n            \"@type\": \"Question\",\n            \"name\": \"Wat voor soort tripervaring kan ik verwachten van McKennaii paddo\\u2019s?\",\n            \"acceptedAnswer\": {\n                \"@type\": \"Answer\",\n                \"text\": \"<p>McKennaii paddo&#8217;s staan bekend om hun sterke hallucinogene effecten. Ze kunnen intense visuele ervaringen en diepgaande introspectieve inzichten bieden. De ervaring kan vari\\u00ebren van persoon tot persoon, maar veel gebruikers melden een verhoogde perceptie van kleuren, geluiden en een algemeen gevoel van verbondenheid met het universum. Voor informatie over dosering en hoe je je ervaring kunt beheren, bekijk de <a href=\\\"https:\\\/\\\/www.paddo.shop\\\/vind-dosering\\\/\\\" target=\\\"_new\\\">vind dosering pagina<\\\/a>.<\\\/p>\\n\"\n            }\n        },\n        {\n            \"@type\": \"Question\",\n            \"name\": \"Zijn er bekende liefhebbers of aanbevelingen voor McKennaii paddo\\u2019s?\",\n            \"acceptedAnswer\": {\n                \"@type\": \"Answer\",\n                \"text\": \"<p>Hoewel er geen specifieke bekende individuen zijn die hun voorkeur voor McKennaii paddo&#8217;s publiekelijk hebben uitgedrukt, waarderen veel ervaren psychonauten deze soort vanwege de potentie en diepgaande tripervaringen die het kan bieden. De psychedelische gemeenschap heeft een waardering voor sterke en inzichtelijke paddosoorten zoals McKennaii. Voor aanvullende informatie over verschillende paddosoorten en hun effecten, bekijk de <a href=\\\"https:\\\/\\\/www.paddo.shop\\\/growkits\\\/\\\" target=\\\"_new\\\">growkits pagina<\\\/a>.<\\\/p>\\n\"\n            }\n        },\n        {\n            \"@type\": \"Question\",\n            \"name\": \"Kan ik McKennaii paddo\\u2019s buiten kweken met deze growkit?\",\n            \"acceptedAnswer\": {\n                \"@type\": \"Answer\",\n                \"text\": \"<p>Het kweken van McKennaii paddo\\u2019s buiten kan uitdagend zijn vanwege de vereisten voor temperatuur- en vochtigheidscontrole. Deze growkit is voornamelijk bedoeld voor binnengebruik waar je de omgevingscondities beter kunt beheersen. Het is altijd het beste om de instructies te volgen om de kans op een succesvolle oogst te maximaliseren. Voor meer details over de verzending en het ontvangen van je growkit, bekijk de <a href=\\\"https:\\\/\\\/www.paddo.shop\\\/verzending\\\/\\\" target=\\\"_new\\\">verzending pagina<\\\/a>.<\\\/p>\\n\"\n            }\n        }\n    ]\n}<\/script>\n\t\t\t\t\t<\/div>\n\t\t\t\t\t\t<\/div>\n\t\t\t\t<\/div>\n\t\t\t\t\t<\/div>\n\t\t<\/div>\n\t\t\t\t\t<\/div>\n\t\t<\/section>\n\t\t\t\t<\/div>","protected":false},"excerpt":{"rendered":"<p>McKennai seene on t\u00f5eline klassika maagiliste seente hulgas. See v\u00f5imas sort, mis on nime saanud \"seenekummardaja\" Terrence McKenna j\u00e4rgi, on uskumatult populaarne. N\u00fc\u00fcd saate neid h\u00f5lpsasti kasvatada meie kasutusvalmis McKennaii kasvatuskomplektiga. M\u00f5ne lihtsa sammuga, nagu kastmine, \u00f5hutamine ja kordamine, saate McKennaii seeni hetkega. Kuigi seda kasvukomplekti on lihtne \u00fcles seada ja see annab teile kopsaka saagi, soovitame alustada v\u00e4ikeste portsjonitega. Seda kuulsat ps\u00fchhedeelset seent peetakse k\u00f5ige tugevamaks Psilocybe Cubensis seeneks!<\/p>","protected":false},"featured_media":5885,"comment_status":"closed","ping_status":"closed","template":"","meta":{"_acf_changed":false},"etheme_brands":[{"term_id":50,"name":"McSmart","slug":"mcsmart","term_group":0,"term_taxonomy_id":50,"taxonomy":"brand","description":"","parent":0,"count":11,"filter":"raw"}],"product_brand":[],"product_cat":[15],"product_tag":[],"class_list":{"0":"post-5256","1":"product","2":"type-product","3":"status-publish","4":"has-post-thumbnail","6":"brand-mcsmart","7":"product_cat-growkits","9":"first","10":"instock","11":"taxable","12":"shipping-taxable","13":"purchasable","14":"product-type-variable","15":"has-default-attributes"},"acf":[],"_links":{"self":[{"href":"https:\/\/www.paddo.shop\/et\/wp-json\/wp\/v2\/product\/5256","targetHints":{"allow":["GET"]}}],"collection":[{"href":"https:\/\/www.paddo.shop\/et\/wp-json\/wp\/v2\/product"}],"about":[{"href":"https:\/\/www.paddo.shop\/et\/wp-json\/wp\/v2\/types\/product"}],"replies":[{"embeddable":true,"href":"https:\/\/www.paddo.shop\/et\/wp-json\/wp\/v2\/comments?post=5256"}],"wp:featuredmedia":[{"embeddable":true,"href":"https:\/\/www.paddo.shop\/et\/wp-json\/wp\/v2\/media\/5885"}],"wp:attachment":[{"href":"https:\/\/www.paddo.shop\/et\/wp-json\/wp\/v2\/media?parent=5256"}],"wp:term":[{"taxonomy":"brand","embeddable":true,"href":"https:\/\/www.paddo.shop\/et\/wp-json\/wp\/v2\/etheme_brands?post=5256"},{"taxonomy":"product_brand","embeddable":true,"href":"https:\/\/www.paddo.shop\/et\/wp-json\/wp\/v2\/product_brand?post=5256"},{"taxonomy":"product_cat","embeddable":true,"href":"https:\/\/www.paddo.shop\/et\/wp-json\/wp\/v2\/product_cat?post=5256"},{"taxonomy":"product_tag","embeddable":true,"href":"https:\/\/www.paddo.shop\/et\/wp-json\/wp\/v2\/product_tag?post=5256"}],"curies":[{"name":"wp","href":"https:\/\/api.w.org\/{rel}","templated":true}]}}