{"id":97,"date":"2021-12-04T09:58:52","date_gmt":"2021-12-04T09:58:52","guid":{"rendered":"https:\/\/xstore.8theme.com\/elementor\/demos\/minimal-fashion03\/?page_id=33"},"modified":"2023-11-22T17:27:56","modified_gmt":"2023-11-22T15:27:56","slug":"over-ons","status":"publish","type":"page","link":"https:\/\/www.paddo.shop\/et\/over-ons\/","title":{"rendered":"Meie kohta"},"content":{"rendered":"<div data-elementor-type=\"wp-page\" data-elementor-id=\"97\" class=\"elementor elementor-97\" data-elementor-post-type=\"page\">\n\t\t\t\t\t\t<section class=\"elementor-section elementor-top-section elementor-element elementor-element-1e7d817 elementor-section-boxed elementor-section-height-default elementor-section-height-default elementor-invisible\" data-id=\"1e7d817\" data-element_type=\"section\" data-e-type=\"section\" data-settings=\"{&quot;animation&quot;:&quot;fadeIn&quot;}\">\n\t\t\t\t\t\t<div class=\"elementor-container elementor-column-gap-no\">\n\t\t\t\t\t<div class=\"elementor-column elementor-col-100 elementor-top-column elementor-element elementor-element-390ef48\" data-id=\"390ef48\" data-element_type=\"column\" data-e-type=\"column\">\n\t\t\t<div class=\"elementor-widget-wrap elementor-element-populated\">\n\t\t\t\t\t\t<div class=\"elementor-element elementor-element-d09e6cd elementor-widget elementor-widget-heading\" data-id=\"d09e6cd\" data-element_type=\"widget\" data-e-type=\"widget\" data-widget_type=\"heading.default\">\n\t\t\t\t<div class=\"elementor-widget-container\">\n\t\t\t\t\t<h2 class=\"elementor-heading-title elementor-size-default\">Meie lugu<\/h2>\t\t\t\t<\/div>\n\t\t\t\t<\/div>\n\t\t\t\t<div class=\"elementor-element elementor-element-6a01f1c elementor-widget-divider--view-line elementor-widget elementor-widget-divider\" data-id=\"6a01f1c\" data-element_type=\"widget\" data-e-type=\"widget\" data-widget_type=\"divider.default\">\n\t\t\t\t<div class=\"elementor-widget-container\">\n\t\t\t\t\t\t\t<div class=\"elementor-divider\">\n\t\t\t<span class=\"elementor-divider-separator\">\n\t\t\t\t\t\t<\/span>\n\t\t<\/div>\n\t\t\t\t\t\t<\/div>\n\t\t\t\t<\/div>\n\t\t\t\t<div class=\"elementor-element elementor-element-6c9aa0c elementor-widget elementor-widget-text-editor\" data-id=\"6c9aa0c\" data-element_type=\"widget\" data-e-type=\"widget\" data-widget_type=\"text-editor.default\">\n\t\t\t\t<div class=\"elementor-widget-container\">\n\t\t\t\t\t\t\t\t\t<p>Paddo.shop s\u00fcndis suurest armastusest psilots\u00fcbiini sisaldavate toodete vastu. See armastus tekkis t\u00e4ielikust veendumusest, et see aine v\u00f5ib avaldada positiivset m\u00f5ju inimmeelele. Esiteks on maagiliste seente v\u00f5i maagiliste tr\u00fchvlitega l\u00f5\u00f5gastumine kohutavalt l\u00f5bus ja nauditav. Ometi on see peamiselt v\u00f5lurseenide vaimne ja tervendav pool, mis teeb need nii imeliseks. Me armastame oma armastust ja kirge teiega jagada.<\/p>\t\t\t\t\t\t\t\t<\/div>\n\t\t\t\t<\/div>\n\t\t\t\t<section class=\"elementor-section elementor-inner-section elementor-element elementor-element-41b855b elementor-section-boxed elementor-section-height-default elementor-section-height-default\" data-id=\"41b855b\" data-element_type=\"section\" data-e-type=\"section\">\n\t\t\t\t\t\t<div class=\"elementor-container elementor-column-gap-no\">\n\t\t\t\t\t<div class=\"elementor-column elementor-col-50 elementor-inner-column elementor-element elementor-element-c6b05cf\" data-id=\"c6b05cf\" data-element_type=\"column\" data-e-type=\"column\">\n\t\t\t<div class=\"elementor-widget-wrap elementor-element-populated\">\n\t\t\t\t\t\t<div class=\"elementor-element elementor-element-4fdbd2a elementor-widget elementor-widget-text-editor\" data-id=\"4fdbd2a\" data-element_type=\"widget\" data-e-type=\"widget\" data-widget_type=\"text-editor.default\">\n\t\t\t\t<div class=\"elementor-widget-container\">\n\t\t\t\t\t\t\t\t\t<p>Kui soovite kogeda maagiliste seente erilist j\u00f5udu, siis loomulikult n\u00f5ustute ainult parima kvaliteediga. Seet\u00f5ttu leiad meie poest ainult usaldusv\u00e4\u00e4rseid ja testitud kasvukomplekte, mis teevad seda, mida nad peaksid tegema: annavad sulle ilusa seenekoguse (saagi)! McKennaii, Golden Teacher v\u00f5i Mazatepec? Tee oma valik ja mine seiklema.<\/p>\t\t\t\t\t\t\t\t<\/div>\n\t\t\t\t<\/div>\n\t\t\t\t<div class=\"elementor-element elementor-element-1e42bd1 elementor-widget elementor-widget-text-editor\" data-id=\"1e42bd1\" data-element_type=\"widget\" data-e-type=\"widget\" data-widget_type=\"text-editor.default\">\n\t\t\t\t<div class=\"elementor-widget-container\">\n\t\t\t\t\t\t\t\t\t<p>V\u00f5ime h\u00e4sti ette kujutada, et te ei pruugi soovida oodata mitu n\u00e4dalat, kuni saate nautida maagilisi seeni. Sellisel juhul on heaks lahenduseks sklerootia ehk maagilised tr\u00fchvlid. Need v\u00e4ikesed psiilots\u00fcbiini sisaldavad p\u00e4rlid v\u00f5ivad viia sind elutruule reisile. Me m\u00fc\u00fcme neid meie <a href=\"http:\/\/magictruffels.shop\" target=\"_blank\" rel=\"noopener\">maagiline tr\u00fchvel<\/a> kauplus.<\/p>\t\t\t\t\t\t\t\t<\/div>\n\t\t\t\t<\/div>\n\t\t\t\t\t<\/div>\n\t\t<\/div>\n\t\t\t\t<div class=\"elementor-column elementor-col-50 elementor-inner-column elementor-element elementor-element-96ab982\" data-id=\"96ab982\" data-element_type=\"column\" data-e-type=\"column\">\n\t\t\t<div class=\"elementor-widget-wrap elementor-element-populated\">\n\t\t\t\t\t\t<div class=\"elementor-element elementor-element-b265f2b elementor-widget elementor-widget-image\" data-id=\"b265f2b\" data-element_type=\"widget\" data-e-type=\"widget\" data-widget_type=\"image.default\">\n\t\t\t\t<div class=\"elementor-widget-container\">\n\t\t\t\t\t\t\t\t\t\t\t\t\t\t\t<img loading=\"lazy\" decoding=\"async\" width=\"350\" height=\"116\" src=\"https:\/\/www.paddo.shop\/wp-content\/uploads\/2022\/07\/Paddo-growkit-shop-logo.png\" class=\"attachment-large size-large wp-image-5433\" alt=\"Seenekasvatuskomplekti poe logo\" srcset=\"https:\/\/www.paddo.shop\/wp-content\/uploads\/2022\/07\/Paddo-growkit-shop-logo.png 350w, https:\/\/www.paddo.shop\/wp-content\/uploads\/2022\/07\/Paddo-growkit-shop-logo-300x99.png 300w, https:\/\/www.paddo.shop\/wp-content\/uploads\/2022\/07\/Paddo-growkit-shop-logo-1x1.png 1w, https:\/\/www.paddo.shop\/wp-content\/uploads\/2022\/07\/Paddo-growkit-shop-logo-10x3.png 10w\" sizes=\"auto, (max-width: 350px) 100vw, 350px\" \/>\t\t\t\t\t\t\t\t\t\t\t\t\t\t\t<\/div>\n\t\t\t\t<\/div>\n\t\t\t\t\t<\/div>\n\t\t<\/div>\n\t\t\t\t\t<\/div>\n\t\t<\/section>\n\t\t\t\t\t<\/div>\n\t\t<\/div>\n\t\t\t\t\t<\/div>\n\t\t<\/section>\n\t\t\t\t<\/div>","protected":false},"excerpt":{"rendered":"<p>Meie lugu Paddo.shop s\u00fcndis suurest armastusest psilots\u00fcbiini sisaldavate toodete vastu. See armastus s\u00fcndis t\u00e4ielikust veendumusest positiivsetest m\u00f5judest...<\/p>","protected":false},"author":2,"featured_media":0,"parent":0,"menu_order":0,"comment_status":"closed","ping_status":"closed","template":"","meta":{"_acf_changed":false,"footnotes":""},"class_list":["post-97","page","type-page","status-publish","hentry"],"acf":[],"_links":{"self":[{"href":"https:\/\/www.paddo.shop\/et\/wp-json\/wp\/v2\/pages\/97","targetHints":{"allow":["GET"]}}],"collection":[{"href":"https:\/\/www.paddo.shop\/et\/wp-json\/wp\/v2\/pages"}],"about":[{"href":"https:\/\/www.paddo.shop\/et\/wp-json\/wp\/v2\/types\/page"}],"author":[{"embeddable":true,"href":"https:\/\/www.paddo.shop\/et\/wp-json\/wp\/v2\/users\/2"}],"replies":[{"embeddable":true,"href":"https:\/\/www.paddo.shop\/et\/wp-json\/wp\/v2\/comments?post=97"}],"version-history":[{"count":0,"href":"https:\/\/www.paddo.shop\/et\/wp-json\/wp\/v2\/pages\/97\/revisions"}],"wp:attachment":[{"href":"https:\/\/www.paddo.shop\/et\/wp-json\/wp\/v2\/media?parent=97"}],"curies":[{"name":"wp","href":"https:\/\/api.w.org\/{rel}","templated":true}]}}