{"id":5661,"date":"2022-07-27T10:09:33","date_gmt":"2022-07-27T08:09:33","guid":{"rendered":"https:\/\/www.paddo.shop\/?page_id=5661"},"modified":"2024-10-15T09:02:58","modified_gmt":"2024-10-15T07:02:58","slug":"paddo-growkit-kweekverslag","status":"publish","type":"page","link":"https:\/\/www.paddo.shop\/et\/paddo-growkit-kweekverslag\/","title":{"rendered":"Seene Growkit Kasvatusaruanne"},"content":{"rendered":"<div data-elementor-type=\"wp-page\" data-elementor-id=\"5661\" class=\"elementor elementor-5661\" data-elementor-post-type=\"page\">\n\t\t\t\t\t\t<section class=\"elementor-section elementor-top-section elementor-element elementor-element-6da08d04 elementor-section-boxed elementor-section-height-default elementor-section-height-default\" data-id=\"6da08d04\" data-element_type=\"section\" data-e-type=\"section\">\n\t\t\t\t\t\t<div class=\"elementor-container elementor-column-gap-default\">\n\t\t\t\t\t<div class=\"elementor-column elementor-col-100 elementor-top-column elementor-element elementor-element-76f56ffd\" data-id=\"76f56ffd\" data-element_type=\"column\" data-e-type=\"column\">\n\t\t\t<div class=\"elementor-widget-wrap elementor-element-populated\">\n\t\t\t\t\t\t<div class=\"elementor-element elementor-element-24e06a2 elementor-widget elementor-widget-text-editor\" data-id=\"24e06a2\" data-element_type=\"widget\" data-e-type=\"widget\" data-widget_type=\"text-editor.default\">\n\t\t\t\t<div class=\"elementor-widget-container\">\n\t\t\t\t\t\t\t\t\t<h2>Maagilise seenekomplekti kasvatamine<\/h2>\n<p>Kui palju teeb <a href=\"\/et\/growkits\/\">seenekomplekt<\/a> mida nad tegelikult teevad? Meile esitatakse see k\u00fcsimus igal n\u00e4dalal, mist\u00f5ttu oleme loonud mitmeid testkasvukomplekte. Nii oleme teinud hinnangu, mida te v\u00f5ite oma seenekasvatuskomplektist oodata. Pidage meeles, et saagikust v\u00f5ivad m\u00f5jutada erinevad tegurid. Liiga k\u00fclm temperatuur v\u00f5i temperatuurimuutus v\u00f5ib m\u00f5jutada, aga ka teie kasutatava vee kvaliteet, t\u00e4helepanu, mida te seenekasvatuskomplektile p\u00f6\u00f6rate, ning puhas v\u00f5i m\u00e4\u00e4rdunud t\u00f6\u00f6keskkond v\u00f5ivad m\u00f5jutada. Vaadake ka meie <a href=\"https:\/\/www.paddo.shop\/et\/growkit-instructies\/\">kasvukomplekti juhised ja n\u00e4pun\u00e4ited<\/a>, nii olete valmis alustama oma seenekasvatuskomplekti kasvatamist.<\/p>\n<h2>Seente kasvatamise aruanne<\/h2>\n<p>Allpool leiate p\u00e4evade kaupa \u00fcksikasjad sammude kohta, mida me oma seente kasvatamise aruande ajal l\u00e4bi tegime. Kas sa ei saa oodata? Siis v\u00f5id kohe allpool oleva kokkuv\u00f5ttega tutvuda. Meie kasvuraporti jaoks kasutasime <a href=\"https:\/\/www.paddo.shop\/et\/golden-teacher-paddo-growkit\/\">Golden Teacher seened<\/a> valitud. Need on t\u00e4nap\u00e4eval k\u00f5ige populaarsemad maagilised seeneliigid.<\/p>\t\t\t\t\t\t\t\t<\/div>\n\t\t\t\t<\/div>\n\t\t\t\t<div class=\"elementor-element elementor-element-33130382 elementor-widget elementor-widget-text-editor\" data-id=\"33130382\" data-element_type=\"widget\" data-e-type=\"widget\" data-widget_type=\"text-editor.default\">\n\t\t\t\t<div class=\"elementor-widget-container\">\n\t\t\t\t\t\t\t\t\t<p><\/p>\n<h2 class=\"wp-block-heading\"><strong style=\"font-size: calc(var(--h3-size-proportion) * 1rem); background-color: var(--et_container-bg-color, transparent);\">Seente kasvatamise komplekti kasvatamise aruande kokkuv\u00f5te<\/strong><\/h2>\n<p><\/p>\n<p><\/p>\t\t\t\t\t\t\t\t<\/div>\n\t\t\t\t<\/div>\n\t\t\t\t<section class=\"elementor-section elementor-inner-section elementor-element elementor-element-360ac11 elementor-hidden-mobile elementor-hidden-tablet elementor-section-boxed elementor-section-height-default elementor-section-height-default\" data-id=\"360ac11\" data-element_type=\"section\" data-e-type=\"section\">\n\t\t\t\t\t\t<div class=\"elementor-container elementor-column-gap-default\">\n\t\t\t\t\t<div class=\"elementor-column elementor-col-33 elementor-inner-column elementor-element elementor-element-052c331\" data-id=\"052c331\" data-element_type=\"column\" data-e-type=\"column\" data-settings=\"{&quot;background_background&quot;:&quot;classic&quot;}\">\n\t\t\t<div class=\"elementor-widget-wrap elementor-element-populated\">\n\t\t\t\t\t\t<div class=\"elementor-element elementor-element-568c429 elementor-widget elementor-widget-text-editor\" data-id=\"568c429\" data-element_type=\"widget\" data-e-type=\"widget\" data-widget_type=\"text-editor.default\">\n\t\t\t\t<div class=\"elementor-widget-container\">\n\t\t\t\t\t\t\t\t\t<h2><b>250 cm3 (v\u00e4ike)<\/b><\/h2>\n<p><b>P\u00e4evade arv<\/b><span style=\"font-weight: 400;\">:<br \/><\/span><span style=\"font-weight: 400;\">35 p\u00e4eva<\/span><\/p>\n<p><b>Kogutulu<\/b><span style=\"font-weight: 400;\">:<br \/><\/span><span style=\"font-weight: 400;\">311 grammi<\/span><\/p>\n<p><b>Loputuste arv:<br \/><\/b>3 loputust<\/p>\t\t\t\t\t\t\t\t<\/div>\n\t\t\t\t<\/div>\n\t\t\t\t<div class=\"elementor-element elementor-element-eef2905 elementor-widget elementor-widget-text-editor\" data-id=\"eef2905\" data-element_type=\"widget\" data-e-type=\"widget\" data-widget_type=\"text-editor.default\">\n\t\t\t\t<div class=\"elementor-widget-container\">\n\t\t\t\t\t\t\t\t\t<p><b style=\"color: inherit; font-family: inherit; font-size: inherit; background-color: var(--et_container-bg-color, transparent);\">Esimeses loputuses:<br \/><\/b><span style=\"font-weight: 400;\">Kestus: 0 - 21 p\u00e4eva<br \/><\/span><span style=\"font-weight: 400;\">Saagis: 165 grammi<\/span><\/p>\n<p><b>Teise hooga:<br \/><\/b><span style=\"font-weight: 400;\">21. - 30. p\u00e4ev<br \/><\/span><span style=\"font-weight: 400;\">Saagis: 130 grammi<\/span><\/p>\n<p><b>Kolmandat korda:<br \/><\/b><span style=\"font-weight: 400;\">30. - 35. p\u00e4ev<br \/><\/span><span style=\"font-weight: 400;\">Saagis: 16 grammi<\/span><\/p>\n<p><b>Neljas loputus:<br \/><\/b><span style=\"font-weight: 400;\">35. p\u00e4ev<br \/><\/span><span style=\"font-weight: 400;\">Saagikus: mitte<\/span><\/p>\t\t\t\t\t\t\t\t<\/div>\n\t\t\t\t<\/div>\n\t\t\t\t\t<\/div>\n\t\t<\/div>\n\t\t\t\t<div class=\"elementor-column elementor-col-33 elementor-inner-column elementor-element elementor-element-379e4e8\" data-id=\"379e4e8\" data-element_type=\"column\" data-e-type=\"column\" data-settings=\"{&quot;background_background&quot;:&quot;classic&quot;}\">\n\t\t\t<div class=\"elementor-widget-wrap elementor-element-populated\">\n\t\t\t\t\t\t<div class=\"elementor-element elementor-element-f31f0af elementor-widget elementor-widget-text-editor\" data-id=\"f31f0af\" data-element_type=\"widget\" data-e-type=\"widget\" data-widget_type=\"text-editor.default\">\n\t\t\t\t<div class=\"elementor-widget-container\">\n\t\t\t\t\t\t\t\t\t<h2><b>1200 cm3 (keskmine)<\/b><\/h2>\n<p><b>P\u00e4evade arv<\/b><span style=\"font-weight: 400;\">:<br \/><\/span><span style=\"font-weight: 400;\">35 p\u00e4eva<\/span><\/p>\n<p><b>Kogutulu<\/b><span style=\"font-weight: 400;\">:<br \/><\/span><span style=\"font-weight: 400;\">865 grammi<\/span><\/p>\n<p><b>Loputuste arv:<br \/><\/b><span style=\"font-weight: 400;\">3 loputust<\/span><\/p>\t\t\t\t\t\t\t\t<\/div>\n\t\t\t\t<\/div>\n\t\t\t\t<div class=\"elementor-element elementor-element-c4a8c93 elementor-widget elementor-widget-text-editor\" data-id=\"c4a8c93\" data-element_type=\"widget\" data-e-type=\"widget\" data-widget_type=\"text-editor.default\">\n\t\t\t\t<div class=\"elementor-widget-container\">\n\t\t\t\t\t\t\t\t\t<p><span style=\"color: inherit; font-family: inherit; font-size: inherit; background-color: var(--et_container-bg-color, transparent);\"><b>Esimeses loputuses:<br \/><\/b><\/span><span style=\"color: inherit; font-family: inherit; font-size: inherit;\">Kestus: 0 - 21 p\u00e4eva<br \/><\/span><span style=\"color: inherit; font-family: inherit; font-size: inherit;\">Saagis: 433 grammi<\/span><\/p>\n<p><b>Teise hooga:<br \/><\/b><span style=\"font-weight: 400;\">21. - 30. p\u00e4ev<br \/><\/span><span style=\"font-weight: 400;\">Saagis: 390 grammi<\/span><\/p>\n<p><b>Kolmandat korda:<br \/><\/b><span style=\"font-weight: 400;\">30. - 35. p\u00e4ev<br \/><\/span><span style=\"font-weight: 400;\">Saagis: 42 grammi<\/span><\/p>\n<p><b>Neljas loputus:<br \/><\/b><span style=\"font-weight: 400;\">35. p\u00e4ev<br \/><\/span><span style=\"color: inherit; font-family: inherit; font-size: inherit; background-color: var(--et_container-bg-color, transparent);\">Saagikus: mitte<\/span><\/p>\t\t\t\t\t\t\t\t<\/div>\n\t\t\t\t<\/div>\n\t\t\t\t\t<\/div>\n\t\t<\/div>\n\t\t\t\t<div class=\"elementor-column elementor-col-33 elementor-inner-column elementor-element elementor-element-7252acd\" data-id=\"7252acd\" data-element_type=\"column\" data-e-type=\"column\" data-settings=\"{&quot;background_background&quot;:&quot;classic&quot;}\">\n\t\t\t<div class=\"elementor-widget-wrap elementor-element-populated\">\n\t\t\t\t\t\t<div class=\"elementor-element elementor-element-be025e4 elementor-widget elementor-widget-text-editor\" data-id=\"be025e4\" data-element_type=\"widget\" data-e-type=\"widget\" data-widget_type=\"text-editor.default\">\n\t\t\t\t<div class=\"elementor-widget-container\">\n\t\t\t\t\t\t\t\t\t<h2><b>2100 cc (suur)<\/b><\/h2>\n<p><b>P\u00e4evade arv<\/b><span style=\"font-weight: 400;\">:<br \/><\/span><span style=\"font-weight: 400;\">35 p\u00e4eva<\/span><\/p>\n<p><b>Kogutulu<\/b><span style=\"font-weight: 400;\">:<br \/><\/span><span style=\"font-weight: 400;\">1633 grammi<\/span><\/p>\n<p><b>Loputuste arv:<br \/><\/b><span style=\"font-weight: 400;\">3 loputust<\/span><\/p>\t\t\t\t\t\t\t\t<\/div>\n\t\t\t\t<\/div>\n\t\t\t\t<div class=\"elementor-element elementor-element-0f5af87 elementor-widget elementor-widget-text-editor\" data-id=\"0f5af87\" data-element_type=\"widget\" data-e-type=\"widget\" data-widget_type=\"text-editor.default\">\n\t\t\t\t<div class=\"elementor-widget-container\">\n\t\t\t\t\t\t\t\t\t<p><span style=\"color: inherit; font-family: inherit; font-size: inherit; background-color: var(--et_container-bg-color, transparent);\"><b>Esimeses loputuses:<br \/><\/b><\/span><span style=\"color: inherit; font-family: inherit; font-size: inherit; background-color: var(--et_container-bg-color, transparent);\">Kestus: 0 - 21 p\u00e4eva<br \/><\/span><span style=\"color: inherit; font-family: inherit; font-size: inherit; background-color: var(--et_container-bg-color, transparent);\">Saagis: 809 grammi<\/span><\/p>\n<p><b>Teise hooga:<br \/><\/b><span style=\"font-weight: 400;\">21. - 30. p\u00e4ev<br \/><\/span><span style=\"font-weight: 400;\">Saagis: 743 grammi<\/span><\/p>\n<p><b>Kolmandat korda:<br \/><\/b><span style=\"font-weight: 400;\">30. - 35. p\u00e4ev<br \/><\/span><span style=\"font-weight: 400;\">Saagis: 81 grammi<\/span><\/p>\n<p><b>Neljas loputus:<br \/><\/b><span style=\"font-weight: 400;\">35. p\u00e4ev<br \/><\/span><span style=\"font-weight: 400;\">Saagikus: mitte<\/span><\/p>\t\t\t\t\t\t\t\t<\/div>\n\t\t\t\t<\/div>\n\t\t\t\t\t<\/div>\n\t\t<\/div>\n\t\t\t\t\t<\/div>\n\t\t<\/section>\n\t\t\t\t<section class=\"elementor-section elementor-inner-section elementor-element elementor-element-d9fb96f elementor-hidden-desktop elementor-section-boxed elementor-section-height-default elementor-section-height-default\" data-id=\"d9fb96f\" data-element_type=\"section\" data-e-type=\"section\">\n\t\t\t\t\t\t<div class=\"elementor-container elementor-column-gap-default\">\n\t\t\t\t\t<div class=\"elementor-column elementor-col-100 elementor-inner-column elementor-element elementor-element-6c7ae39 elementor-hidden-desktop\" data-id=\"6c7ae39\" data-element_type=\"column\" data-e-type=\"column\" data-settings=\"{&quot;background_background&quot;:&quot;classic&quot;}\">\n\t\t\t<div class=\"elementor-widget-wrap elementor-element-populated\">\n\t\t\t\t\t\t<div class=\"elementor-element elementor-element-18f8916 elementor-widget elementor-widget-et-general-tabs\" data-id=\"18f8916\" data-element_type=\"widget\" data-e-type=\"widget\" data-widget_type=\"et-general-tabs.default\">\n\t\t\t\t<div class=\"elementor-widget-container\">\n\t\t\t\t\t        <div id=\"et-advance-tabs-18f8916\" class=\"et-advance-tabs et-tabs-horizontal  horizontal-style-3 responsive-vertical-layout\" data-tabid=\"18f8916\">\n            <div class=\"et-tabs-nav\">\n                <ul >\n\t\t\t\t\t                        <li class=\"inactive et-tab-nav\"\n                            >\n                            \t\t\t\t\t\t\t\t                        \t\t\t\t\t\t\t\t\t\t\t\t\t\t                                <span class=\"et-tab-title\">\n    \t\t\t\t\t\t\t\t250 cm3    \t\t\t\t\t\t\t<\/span>\n\t\t\t\t\t\t\t                        <\/li>\n\t\t\t\t\t                        <li class=\"active-default et-tab-nav\"\n                            >\n                            \t\t\t\t\t\t\t\t                        \t\t\t\t\t\t\t\t\t\t\t\t\t\t                                <span class=\"et-tab-title\">\n    \t\t\t\t\t\t\t\t1200 cm3    \t\t\t\t\t\t\t<\/span>\n\t\t\t\t\t\t\t                        <\/li>\n\t\t\t\t\t                        <li class=\"inactive et-tab-nav\"\n                            >\n                            \t\t\t\t\t\t\t\t                        \t\t\t\t\t\t\t\t\t\t\t\t\t\t                                <span class=\"et-tab-title\">\n    \t\t\t\t\t\t\t\t2100 c    \t\t\t\t\t\t\t<\/span>\n\t\t\t\t\t\t\t                        <\/li>\n\t\t\t\t\t                <\/ul>\n                            <\/div>\n            <div class=\"et-tabs-content\">\n\t\t\t\t                    <div class=\"clearfix inactive\">\n\t\t\t\t\t\t<h2><b>250 cm3 (v\u00e4ike)<\/b><\/h2>\n<p><b>P\u00e4evade arv<\/b><span style=\"font-weight: 400;\">:<br \/><\/span><span style=\"font-weight: 400;\">35 p\u00e4eva<\/span><\/p>\n<p><b>Kogutulu<\/b><span style=\"font-weight: 400;\">:<br \/><\/span><span style=\"font-weight: 400;\">311 grammi<\/span><\/p>\n<p><b>Loputuste arv:<br \/><\/b>3 loputust<\/p>\n<hr \/>\n<p><b><br \/>Esimeses loputuses:<br \/><\/b><span style=\"font-weight: 400;\">Kestus: 0 - 21 p\u00e4eva<br \/><\/span><span style=\"font-weight: 400;\">Saagis: 165 grammi<\/span><\/p>\n<p><b>Teise hooga:<br \/><\/b><span style=\"font-weight: 400;\">21. - 30. p\u00e4ev<br \/><\/span><span style=\"font-weight: 400;\">Saagis: 130 grammi<\/span><\/p>\n<p><b>Kolmandat korda:<br \/><\/b><span style=\"font-weight: 400;\">30. - 35. p\u00e4ev<br \/><\/span><span style=\"font-weight: 400;\">Saagis: 16 grammi<\/span><\/p>\n<p><b>Neljas loputus:<br \/><\/b><span style=\"font-weight: 400;\">35. p\u00e4ev<br \/><\/span><span style=\"font-weight: 400;\">Saagikus: mitte<\/span><\/p>                    <\/div>\n\t\t\t\t                    <div class=\"clearfix active-default\">\n\t\t\t\t\t\t<h2><b>1200 cm3 (keskmine)<\/b><\/h2>\n<p><b>P\u00e4evade arv<\/b><span style=\"font-weight: 400;\">:<br \/><\/span><span style=\"font-weight: 400;\">35 p\u00e4eva<\/span><\/p>\n<p><b>Kogutulu<\/b><span style=\"font-weight: 400;\">:<br \/><\/span><span style=\"font-weight: 400;\">865 grammi<\/span><\/p>\n<p><b>Loputuste arv:<br \/><\/b><span style=\"font-weight: 400;\">3 loputust<\/span><\/p>\n<hr \/>\n<p><b><br \/>Esimeses loputuses:<br \/><\/b><span style=\"font-weight: 400;\">Kestus: 0 - 21 p\u00e4eva<br \/><\/span><span style=\"font-weight: 400;\">Saagis: 433 grammi<\/span><\/p>\n<p><b>Teise hooga:<br \/><\/b><span style=\"font-weight: 400;\">21. - 30. p\u00e4ev<br \/><\/span><span style=\"font-weight: 400;\">Saagis: 390 grammi<\/span><\/p>\n<p><b>Kolmandat korda:<br \/><\/b><span style=\"font-weight: 400;\">30. - 35. p\u00e4ev<br \/><\/span><span style=\"font-weight: 400;\">Saagis: 42 grammi<\/span><\/p>\n<p><b>Neljas loputus:<br \/><\/b><span style=\"font-weight: 400;\">35. p\u00e4ev<br \/><\/span><span style=\"color: inherit; font-family: inherit; font-size: inherit; background-color: var(--et_container-bg-color, transparent);\">Saagikus: mitte<\/span><\/p>                    <\/div>\n\t\t\t\t                    <div class=\"clearfix inactive\">\n\t\t\t\t\t\t<h2><b>2100 cc (suur)<\/b><\/h2>\n<p><b>P\u00e4evade arv<\/b><span style=\"font-weight: 400;\">:<br \/><\/span><span style=\"font-weight: 400;\">35 p\u00e4eva<\/span><\/p>\n<p><b>Kogutulu<\/b><span style=\"font-weight: 400;\">:<br \/><\/span><span style=\"font-weight: 400;\">1633 grammi<\/span><\/p>\n<p><b>Loputuste arv:<br \/><\/b><span style=\"font-weight: 400;\">3 loputust<\/span><\/p>\n<hr \/>\n<p><b><br \/>Esimeses loputuses:<br \/><\/b><span style=\"font-weight: 400;\">Kestus: 0 - 21 p\u00e4eva<br \/><\/span><span style=\"font-weight: 400;\">Saagis: 809 grammi<\/span><\/p>\n<p><b>Teise hooga:<br \/><\/b><span style=\"font-weight: 400;\">21. - 30. p\u00e4ev<br \/><\/span><span style=\"font-weight: 400;\">Saagis: 743 grammi<\/span><\/p>\n<p><b>Kolmandat korda:<br \/><\/b><span style=\"font-weight: 400;\">30. - 35. p\u00e4ev<br \/><\/span><span style=\"font-weight: 400;\">Saagis: 81 grammi<\/span><\/p>\n<p><b>Neljas loputus:<br \/><\/b><span style=\"font-weight: 400;\">35. p\u00e4ev<br \/><\/span><span style=\"font-weight: 400;\">Saagikus: mitte<\/span><\/p>                    <\/div>\n\t\t\t\t            <\/div>\n        <\/div>\n\t\t\t\t\t\t<\/div>\n\t\t\t\t<\/div>\n\t\t\t\t\t<\/div>\n\t\t<\/div>\n\t\t\t\t\t<\/div>\n\t\t<\/section>\n\t\t\t\t<div class=\"elementor-element elementor-element-a5c01b6 elementor-widget elementor-widget-text-editor\" data-id=\"a5c01b6\" data-element_type=\"widget\" data-e-type=\"widget\" data-widget_type=\"text-editor.default\">\n\t\t\t\t<div class=\"elementor-widget-container\">\n\t\t\t\t\t\t\t\t\t<h3><strong style=\"font-size: calc(var(--h3-size-proportion) * 1rem); background-color: var(--et_container-bg-color, transparent);\">P\u00e4ev 0 - 21:\u00a0<\/strong><strong>Esimene seenekasvatuskomplekti loputus<\/strong><\/h3>\n<p>250 cm3, 1200 cm3 ja 2100 cm3 suurused seenekasvatuskomplektid paigutati k\u00f5ik stabiilselt umbes 24-kraadise temperatuuriga ruumi. Hoolimata sellest, et kott pidi olema suletud, avasime koti iga p\u00e4ev ja pihustasime kasvukomplekte kergelt taimede pihustiga. Kasutatavat vett keetsime eelnevalt \u00e4ra, et v\u00e4ltida nakkusi. Ka seente kasvu ajal avasime koti iga p\u00e4ev ja pihustasime kasvukomplekti. Esimesed v\u00e4ikesed seened tekkisid umbes 2 n\u00e4dala p\u00e4rast. Kokku kulus 3 n\u00e4dalat (21 p\u00e4eva), enne kui esimene partii sai kasvukomplektidest korjatud. Saagikust leiate allpool.<\/p>\n<div>\n<div>\n<ul>\n<li>250 cm3 = 165 grammi<\/li>\n<li>1200 cm3 = 433 grammi<\/li>\n<li>2100 cm3 = 809 grammi<\/li>\n<\/ul>\n<\/div>\n<\/div>\n<h3><strong style=\"font-size: calc(var(--h3-size-proportion) * 1rem); background-color: var(--et_container-bg-color, transparent);\">21. - 30. p\u00e4ev:\u00a0<\/strong><strong>Teine seenekasvatuskomplekti loputus<\/strong><\/h3>\n<p>Loomulikult l\u00e4ksime kohe teise loputuse juurde. P\u00e4rast k\u00f5igi seente hoolikat korjamist oli meil veel \u00fcks \"puhas kasvukomplekt\". P\u00e4rast seda kordasime samme 4-7. Loomulikult t\u00f6\u00f6tasime taas keedetud veega ja puhtas keskkonnas. Ka seekord pihustasime kasvukasti iga p\u00e4ev kergelt. Seekord kulus umbes 1 n\u00e4dal (9 p\u00e4eva) loputamiseks. Saagikus oli siiski veidi v\u00e4iksem. Allpool on esitatud tulemused.<\/p>\n<div>\n<div>\n<ul>\n<li>250 cm3 = 130 grammi<\/li>\n<li>1200 cm3 = 390 grammi<\/li>\n<li>2100 cm3 = 743 grammi<\/li>\n<\/ul>\n<\/div>\n<\/div>\n<h3><strong style=\"font-size: calc(var(--h3-size-proportion) * 1rem); background-color: var(--et_container-bg-color, transparent);\">30. - 35. p\u00e4ev:\u00a0<\/strong><strong>Kolmas seenekasvatuskomplekti loputus<\/strong><\/h3>\n<p>Kas tuleb veel midagi? Me arvasime nii! Kordasime veel kord samme 4-7. Hoolimata sellest, et olime ettevaatlikud, n\u00e4eme, et growkit on h\u00e4das. Esimese ja teise partii korjamine on muutnud kasvukasti m\u00f5nes kohas paljaks. Vaatamata kiilasp\u00e4isele growkitile kulus vaid 5 p\u00e4eva, et korjata sealt veel \u00fcks v\u00e4ike partii v\u00e4rskeid seeni. Allpool on saagid.<\/p>\n<ul>\n<li>250 cm3 = 16 grammi<\/li>\n<li>1200 cm3 = 42 grammi<\/li>\n<li>2100 cm3 = 81 grammi<\/li>\n<\/ul>\n<h3><strong style=\"font-size: calc(var(--h3-size-proportion) * 1rem); background-color: var(--et_container-bg-color, transparent);\">35. p\u00e4ev:\u00a0<\/strong><strong>Neljas seenekasvatuskomplekti loputus<\/strong><\/h3>\n<p>Kahjuks ei \u00f5nnestunud meil enam seenekasvatuskomplektidest neljandat p\u00fcgalat saada. Teoreetiliselt peaks see olema v\u00f5imalik v\u00e4ga heades tingimustes. Meie suureks kurvastuseks viskasime viljatu kasvukomplekti \u00e4ra. N\u00fc\u00fcd on aeg vaadata, kui palju on seenekasvatuskomplektid meile n\u00fc\u00fcd toonud. Oleme tulemustega v\u00e4ga rahul. Saagikust leiate allpool.<\/p>\n<ul>\n<li>250 cm3 = 311 grammi<\/li>\n<li>1200 cm3 = 865 grammi<\/li>\n<li>2100 cm3 = 1633 grammi<\/li>\n<\/ul>\t\t\t\t\t\t\t\t<\/div>\n\t\t\t\t<\/div>\n\t\t\t\t<div class=\"elementor-element elementor-element-c8212d8 elementor-widget elementor-widget-text-editor\" data-id=\"c8212d8\" data-element_type=\"widget\" data-e-type=\"widget\" data-widget_type=\"text-editor.default\">\n\t\t\t\t<div class=\"elementor-widget-container\">\n\t\t\t\t\t\t\t\t\t<h2>Kokkuv\u00f5te<\/h2>\n<div>Nagu n\u00e4ete, v\u00f5ite oodata v\u00e4ga h\u00e4id koguseid seeni \u00fche kasvukomplekti kohta. Seega kasutasime \u00fclaltoodud testis Golden Teacher, kuid sarnaseid saake v\u00f5ib oodata ka teistest kasvukomplektidest. Tugev <a href=\"https:\/\/www.paddo.shop\/et\/mazatapec-paddo-growkit\/\">Mazatapec<\/a> ja <a href=\"https:\/\/www.paddo.shop\/et\/mckennaii-paddo-growkit\/\">McKennaii<\/a> on n\u00e4iteks sarnased. Tingimuseks on, et j\u00e4rgite hoolikalt meie juhiseid. Kui te seda ei tee, v\u00f5ib saak olla pettumus v\u00f5i eba\u00f5nnestuda.<\/div>\n<div>\u00a0<\/div>\n<div>Palju \u00f5nne kasvatamisel ja ootame huviga teie saaki!<\/div>\t\t\t\t\t\t\t\t<\/div>\n\t\t\t\t<\/div>\n\t\t\t\t\t<\/div>\n\t\t<\/div>\n\t\t\t\t\t<\/div>\n\t\t<\/section>\n\t\t\t\t<\/div>","protected":false},"excerpt":{"rendered":"<p>Seenekasvatuskomplekti kasvatamine Kui palju toob seenekasvatuskomplekt tegelikult sisse? Meile esitatakse see k\u00fcsimus kord n\u00e4dalas, mist\u00f5ttu oleme kokku pannud m\u00f5ned...<\/p>","protected":false},"author":2,"featured_media":0,"parent":0,"menu_order":0,"comment_status":"closed","ping_status":"closed","template":"","meta":{"_acf_changed":false,"footnotes":""},"class_list":["post-5661","page","type-page","status-publish","hentry"],"acf":[],"_links":{"self":[{"href":"https:\/\/www.paddo.shop\/et\/wp-json\/wp\/v2\/pages\/5661","targetHints":{"allow":["GET"]}}],"collection":[{"href":"https:\/\/www.paddo.shop\/et\/wp-json\/wp\/v2\/pages"}],"about":[{"href":"https:\/\/www.paddo.shop\/et\/wp-json\/wp\/v2\/types\/page"}],"author":[{"embeddable":true,"href":"https:\/\/www.paddo.shop\/et\/wp-json\/wp\/v2\/users\/2"}],"replies":[{"embeddable":true,"href":"https:\/\/www.paddo.shop\/et\/wp-json\/wp\/v2\/comments?post=5661"}],"version-history":[{"count":0,"href":"https:\/\/www.paddo.shop\/et\/wp-json\/wp\/v2\/pages\/5661\/revisions"}],"wp:attachment":[{"href":"https:\/\/www.paddo.shop\/et\/wp-json\/wp\/v2\/media?parent=5661"}],"curies":[{"name":"wp","href":"https:\/\/api.w.org\/{rel}","templated":true}]}}