{"id":26,"date":"2022-02-28T15:02:52","date_gmt":"2022-02-28T15:02:52","guid":{"rendered":"https:\/\/www.magictruffels.shop\/?page_id=26"},"modified":"2024-09-25T13:09:58","modified_gmt":"2024-09-25T11:09:58","slug":"verzending","status":"publish","type":"page","link":"https:\/\/www.paddo.shop\/et\/verzending\/","title":{"rendered":"Laevandus"},"content":{"rendered":"<div data-elementor-type=\"wp-page\" data-elementor-id=\"26\" class=\"elementor elementor-26\" data-elementor-post-type=\"page\">\n\t\t\t\t\t\t<section class=\"elementor-section elementor-top-section elementor-element elementor-element-757a2578 elementor-section-boxed elementor-section-height-default elementor-section-height-default\" data-id=\"757a2578\" data-element_type=\"section\" data-e-type=\"section\">\n\t\t\t\t\t\t<div class=\"elementor-container elementor-column-gap-default\">\n\t\t\t\t\t<div class=\"elementor-column elementor-col-100 elementor-top-column elementor-element elementor-element-6423ad67\" data-id=\"6423ad67\" data-element_type=\"column\" data-e-type=\"column\">\n\t\t\t<div class=\"elementor-widget-wrap elementor-element-populated\">\n\t\t\t\t\t\t<div class=\"elementor-element elementor-element-37d0e839 elementor-widget elementor-widget-text-editor\" data-id=\"37d0e839\" data-element_type=\"widget\" data-e-type=\"widget\" data-widget_type=\"text-editor.default\">\n\t\t\t\t<div class=\"elementor-widget-container\">\n\t\t\t\t\t\t\t\t\t<p><\/p>\n<h2><b>DISKREETNE LAEVANDUS<\/b><\/h2>\n<p><a href=\"https:\/\/www.paddo.shop\/et\/\">Paddo.shop<\/a> v\u00e4\u00e4rtustab teie privaatsust, mist\u00f5ttu on k\u00f5ik teie ostud pakendatud v\u00f5imalikult ilusti. Ei mingeid logosid ega viiteid sellele, mis on sees. Oodake, et teie pakk j\u00f5uab kohale lihtsas, tugevas pappkarbis, mis on kaetud lihtsa, kuid vastupidava teibiga. Kui teie tellimus on v\u00e4ga v\u00e4ike, saadame selle diskreetses pruunis v\u00f5i valges polsterdatud \u00fcmbrikus.&nbsp;<\/p>\n<p>Ainus asi, mis on teie karbil\/\u00fcmbrisel n\u00e4htav, on teie saatelipik (s\u00f5ltuvalt kasutatud teenusest).<\/p>\n<p>Nii v\u00f5id olla kindel, et ainult sina oled saadud paki \u00fcle vaimustuses, k\u00f5ik teised n\u00e4evad igav pakki, millel ei ole mingit m\u00e4rki, kust see on p\u00e4rit.<\/p>\n<h2>Kas te tarnite minu riiki?<\/h2>\n<p>Me tarnime enamikku ELi riikidest. Need leiate allj\u00e4rgnevast tabelist. K\u00f5ik meie ELi pakid saadame DHL, DPD v\u00f5i PostNLiga, s\u00f5ltuvalt piirkonnast. Nii saame pakkuda parimat v\u00f5imalikku teenust. Saate alati j\u00e4lgimiskoodi, millega saate oma pakki j\u00e4lgida uksest ukseni.<\/p>\n<h2>Millised on saatmiskulud?<\/h2>\n<table class=\"tblcal;\">\n<tbody>\n<tr style=\"background-color: #a9a9a9; color: white;\">\n<th class=\"tblcall\">Riik<\/th>\n<th class=\"tblcalll\">Veokulud<\/th>\n<th class=\"tblcallll\">Tarneaeg<\/th>\n<th class=\"tblcalllll\" style=\"text-align: left;\">Tasuta<\/th>\n<\/tr>\n<tr>\n<td>Madalmaad<\/td>\n<td>\u20ac6,95<\/td>\n<td>1 - 2 p\u00e4eva<\/td>\n<td style=\"text-align: left;\">\u20ac25,-<\/td>\n<\/tr>\n<tr>\n<td>Belgia<\/td>\n<td>\u20ac7,95<\/td>\n<td>1 - 2 p\u00e4eva<\/td>\n<td style=\"text-align: left;\">\u20ac50,-<\/td>\n<\/tr>\n<tr>\n<td>Bulgaaria<\/td>\n<td>\u20ac22,95<\/td>\n<td>6 - 8 p\u00e4eva<\/td>\n<td style=\"text-align: left;\">\u20ac125,-<\/td>\n<\/tr>\n<tr>\n<td>Saksamaa<\/td>\n<td>\u20ac7,95<\/td>\n<td>1 - 3 p\u00e4eva<\/td>\n<td style=\"text-align: left;\">\u20ac125,-<\/td>\n<\/tr>\n<tr>\n<td>Eesti<\/td>\n<td>\u20ac17,95<\/td>\n<td>4 - 6 p\u00e4eva<\/td>\n<td style=\"text-align: left;\">\u20ac125,-<\/td>\n<\/tr>\n<tr>\n<td>Prantsusmaa<\/td>\n<td>\u20ac12,95<\/td>\n<td>2 - 3 p\u00e4eva<\/td>\n<td style=\"text-align: left;\">\u20ac125,-<\/td>\n<\/tr>\n<tr>\n<td>Kreeka<\/td>\n<td>\u20ac23,95<\/td>\n<td>6 - 8 p\u00e4eva<\/td>\n<td style=\"text-align: left;\">\u20ac125,-<\/td>\n<\/tr>\n<tr>\n<td>Iirimaa<\/td>\n<td>\u20ac19,95<\/td>\n<td>3 - 4 p\u00e4eva<\/td>\n<td style=\"text-align: left;\">\u20ac125,-<\/td>\n<\/tr>\n<tr>\n<td>Itaalia<\/td>\n<td>\u20ac17,95<\/td>\n<td>2 - 4 p\u00e4eva<\/td>\n<td style=\"text-align: left;\">\u20ac125,-<\/td>\n<\/tr>\n<tr>\n<td>Horvaatia<\/td>\n<td>\u20ac18,95<\/td>\n<td>3 - 5 p\u00e4eva<\/td>\n<td style=\"text-align: left;\">\u20ac125,-<\/td>\n<\/tr>\n<tr>\n<td>L\u00e4ti<\/td>\n<td>\u20ac14,95<\/td>\n<td>3 - 5 p\u00e4eva<\/td>\n<td style=\"text-align: left;\">\u20ac125,-<\/td>\n<\/tr>\n<tr>\n<td>Leedu<\/td>\n<td>\u20ac21,95<\/td>\n<td>3 - 5 p\u00e4eva<\/td>\n<td style=\"text-align: left;\">\u20ac125,-<\/td>\n<\/tr>\n<tr>\n<td>Luksemburg<\/td>\n<td>\u20ac11,95<\/td>\n<td>1 - 2 p\u00e4eva<\/td>\n<td style=\"text-align: left;\">\u20ac125,-<\/td>\n<\/tr>\n<tr>\n<td>Austria<\/td>\n<td>\u20ac11,95<\/td>\n<td>2 - 3 p\u00e4eva<\/td>\n<td style=\"text-align: left;\">\u20ac125,-<\/td>\n<\/tr>\n<tr>\n<td>Poola<\/td>\n<td>\u20ac15,95<\/td>\n<td>2 - 3 p\u00e4eva<\/td>\n<td style=\"text-align: left;\">\u20ac125,-<\/td>\n<\/tr>\n<tr>\n<td>Portugal<\/td>\n<td>\u20ac20,95<\/td>\n<td>3 - 4 p\u00e4eva<\/td>\n<td style=\"text-align: left;\">\u20ac125,-<\/td>\n<\/tr>\n<tr>\n<td>Rumeenia<\/td>\n<td>\u20ac18,95<\/td>\n<td>3 - 5 p\u00e4eva<\/td>\n<td style=\"text-align: left;\">\u20ac125,-<\/td>\n<\/tr>\n<tr>\n<td>Sloveenia<\/td>\n<td>\u20ac17,95<\/td>\n<td>2 - 3 p\u00e4eva<\/td>\n<td style=\"text-align: left;\">\u20ac125,-<\/td>\n<\/tr>\n<tr>\n<td>Slovakkia<\/td>\n<td>\u20ac16,95<\/td>\n<td>3 - 5 p\u00e4eva<\/td>\n<td style=\"text-align: left;\">\u20ac125,-<\/td>\n<\/tr>\n<tr>\n<td>Hispaania<\/td>\n<td>\u20ac17,95<\/td>\n<td>2 - 3 p\u00e4eva<\/td>\n<td style=\"text-align: left;\">\u20ac125,-<\/td>\n<\/tr>\n<tr>\n<td>T\u0161ehhi Vabariik<\/td>\n<td>\u20ac15,95<\/td>\n<td>2 - 4 p\u00e4eva<\/td>\n<td style=\"text-align: left;\">\u20ac125,-<\/td>\n<\/tr>\n<\/tbody>\n<\/table>\n<p style=\"font-size: 14px;\">* Raskesti ligip\u00e4\u00e4setavad piirkonnad, nagu saared v\u00f5i muud k\u00f5rvalised piirkonnad, maksavad lisatranspordikulude t\u00f5ttu umbes 20 eurot rohkem.<\/p>\n<p style=\"font-size: 14px;\">Pange t\u00e4hele: p\u00fc\u00fcame saata k\u00f5ik tellimused 1 t\u00f6\u00f6p\u00e4eva jooksul, k\u00f5ik tarneajad on hinnangulised tarneajad ja v\u00f5ivad liiklusest ja p\u00fchadest tulenevalt erineda.<\/p>\t\t\t\t\t\t\t\t<\/div>\n\t\t\t\t<\/div>\n\t\t\t\t\t<\/div>\n\t\t<\/div>\n\t\t\t\t\t<\/div>\n\t\t<\/section>\n\t\t\t\t<\/div>","protected":false},"excerpt":{"rendered":"<p>KINDLASTI L\u00c4HETAMINE Paddo.shop v\u00e4\u00e4rtustab teie privaatsust, mist\u00f5ttu k\u00f5ik teie ostud on pakendatud nii ilusti kui v\u00f5imalik. Ei mingeid logosid ega mingeid viiteid sellele, mis on...<\/p>","protected":false},"author":1,"featured_media":0,"parent":0,"menu_order":0,"comment_status":"closed","ping_status":"closed","template":"","meta":{"_acf_changed":false,"footnotes":""},"class_list":["post-26","page","type-page","status-publish","hentry"],"acf":[],"_links":{"self":[{"href":"https:\/\/www.paddo.shop\/et\/wp-json\/wp\/v2\/pages\/26","targetHints":{"allow":["GET"]}}],"collection":[{"href":"https:\/\/www.paddo.shop\/et\/wp-json\/wp\/v2\/pages"}],"about":[{"href":"https:\/\/www.paddo.shop\/et\/wp-json\/wp\/v2\/types\/page"}],"author":[{"embeddable":true,"href":"https:\/\/www.paddo.shop\/et\/wp-json\/wp\/v2\/users\/1"}],"replies":[{"embeddable":true,"href":"https:\/\/www.paddo.shop\/et\/wp-json\/wp\/v2\/comments?post=26"}],"version-history":[{"count":0,"href":"https:\/\/www.paddo.shop\/et\/wp-json\/wp\/v2\/pages\/26\/revisions"}],"wp:attachment":[{"href":"https:\/\/www.paddo.shop\/et\/wp-json\/wp\/v2\/media?parent=26"}],"curies":[{"name":"wp","href":"https:\/\/api.w.org\/{rel}","templated":true}]}}