{"id":1616,"date":"2022-03-04T13:34:34","date_gmt":"2022-03-04T13:34:34","guid":{"rendered":"https:\/\/www.magictruffels.shop\/?page_id=1616"},"modified":"2022-03-14T09:28:21","modified_gmt":"2022-03-14T09:28:21","slug":"retourneren","status":"publish","type":"page","link":"https:\/\/www.paddo.shop\/et\/retourneren\/","title":{"rendered":"Tagasi"},"content":{"rendered":"<div data-elementor-type=\"wp-page\" data-elementor-id=\"1616\" class=\"elementor elementor-1616\" data-elementor-post-type=\"page\">\n\t\t\t\t\t\t<section class=\"elementor-section elementor-top-section elementor-element elementor-element-e585a9c elementor-section-boxed elementor-section-height-default elementor-section-height-default\" data-id=\"e585a9c\" data-element_type=\"section\" data-e-type=\"section\">\n\t\t\t\t\t\t<div class=\"elementor-container elementor-column-gap-default\">\n\t\t\t\t\t<div class=\"elementor-column elementor-col-100 elementor-top-column elementor-element elementor-element-c9480d9\" data-id=\"c9480d9\" data-element_type=\"column\" data-e-type=\"column\">\n\t\t\t<div class=\"elementor-widget-wrap elementor-element-populated\">\n\t\t\t\t\t\t<div class=\"elementor-element elementor-element-4b3dab5 elementor-widget elementor-widget-text-editor\" data-id=\"4b3dab5\" data-element_type=\"widget\" data-e-type=\"widget\" data-widget_type=\"text-editor.default\">\n\t\t\t\t<div class=\"elementor-widget-container\">\n\t\t\t\t\t\t\t\t\t<h2><strong>MEIE TAGASTAMISPOLIITIKA:<\/strong><\/h2><p>Veebilehel <a href=\"\/et\/\">magictruffles.shop<\/a> teil on seaduslik \u00f5igus teatada toote tagastamisest 14 p\u00e4eva jooksul p\u00e4rast selle k\u00e4ttesaamist ilma p\u00f5hjust esitamata. P\u00e4rast seda teatamist on teil veel 14 p\u00e4eva aega toote tegelikuks tagastamiseks. Kui te kasutate oma tagastamis\u00f5igust, saate kogu tellimuse summa koos saatekuludega oma kontole 14 p\u00e4eva jooksul p\u00e4rast tagastamisest teatamist.<\/p><p><strong>K\u00f5ik tekkinud tagastamiskulud on teie enda kanda.<\/strong><\/p><p>Te olete ainuisikuliselt vastutav toote(te) v\u00e4\u00e4rtuse languse eest, mis tuleneb kauba k\u00e4itlemisest v\u00f5i kasutamisest, mis \u00fcletab selle olemuse, omaduste ja toimimise kindlakstegemiseks vajalikku.<\/p><p>M\u00f5ned tooted (nt bongid, piibud, aurustid ja muud sarnased tooted) on taganemis\u00f5igusest v\u00e4lja j\u00e4etud, kui need on p\u00e4rast tarnimist pitseerimata ja\/v\u00f5i kasutatud. P\u00e4rast pitseri murdmist ei ole need tooted tervise- ja h\u00fcgieenitingimustel enam tagastamiseks sobivad. Samuti ei saa tagastada kergesti riknevaid kaupu (nt tr\u00fchvlid, spoorid ja kasvukomplektid). Kui te siiski ei ole rahul kergesti riknevate toodetega, v\u00f5tke palun \u00fchendust meie klienditeenindusega. Meil on hea meel, et leida koos teiega lahendus.<\/p><p>Tagastamise algatamiseks v\u00f5tke meiega \u00fchendust aadressil info@magictruffels.shop. Kui teie tagastamine v\u00f5etakse vastu, saadame teile tagastussildi ning juhised, kuidas ja kuhu oma pakki saata. Kaupu, mis tagastatakse meile ilma tagastamistaotluse esitamiseta, ei v\u00f5eta vastu.<\/p><p>V\u00f5ite alati meiega \u00fchendust v\u00f5tta, kui soovite tagastada tellimusi aadressil info@magictruffels.shop.<\/p><h2><b>KAHJUSTUSED JA PROBLEEMID<\/b><\/h2><p>Palun kontrollige oma tellimus p\u00e4rast k\u00e4ttesaamist ja v\u00f5tke meiega viivitamatult \u00fchendust, kui toode on vigane, kahjustatud v\u00f5i kui saate vale toote, et saaksime probleemi hinnata ja lahendada.<\/p><h2><b>ERANDID \/ TAGASTAMISELE MITTEKUULUVAD ESEMED<\/b><\/h2><p>Teatud liiki kaupu ei saa tagastada, sealhulgas kergesti riknevat kaupa (nt toiduained, lilled v\u00f5i taimed), eritellimusel valmistatud tooteid (nt eritellimused v\u00f5i isikup\u00e4rastatud tooted) ja isikliku hoolduse tooteid (nt ilutooted). Samuti ei v\u00f5ta me vastu ohtlike materjalide, tuleohtlike vedelike v\u00f5i gaaside tagastamist. Palun v\u00f5tke meiega \u00fchendust, kui teil on k\u00fcsimusi v\u00f5i muresid konkreetse toote kohta.<\/p><h2>UPDATE<\/h2><p>K\u00f5ige kiirem viis veenduda, et saate selle, mida soovite, on tagastada olemasolev toode ja kui tagastamine on heaks kiidetud, osta uus toode eraldi.<\/p><h2><b>TAGASIMAKSED<\/b><\/h2><p>Me teavitame teid, kui oleme teie tagastuse k\u00e4tte saanud ja kontrollinud ning anname teile teada, kas tagasimakse on heaks kiidetud v\u00f5i mitte. Kui see on heaks kiidetud, tagastatakse teile raha automaatselt teie esialgsele makseviisile. Pidage meeles, et tagasimakse menetlemine ja postitamine v\u00f5ib v\u00f5tta aega, kuni teie pank v\u00f5i krediitkaardifirma v\u00f5tab raha tagasi.<\/p><h2><b>TAGASIANDMED<\/b><\/h2><p>Magictruffles.shop<br \/>PePePe BV<br \/>Sulky 6 J<br \/>Zeewolde<br \/>3897AJ<\/p><p>KAUBANDUSKODA: 34236211<br \/>K\u00c4IBEMAKS: NL815030411B01<\/p><p>Telefon: 085-0160877<\/p>\t\t\t\t\t\t\t\t<\/div>\n\t\t\t\t<\/div>\n\t\t\t\t\t<\/div>\n\t\t<\/div>\n\t\t\t\t\t<\/div>\n\t\t<\/section>\n\t\t\t\t<\/div>","protected":false},"excerpt":{"rendered":"<p>MEIE TAGASTUSPOLIITIKA: Magictruffels.shopis on teil seaduslik \u00f5igus registreerida toode tagastamiseks 14 p\u00e4eva jooksul p\u00e4rast k\u00e4ttesaamist ilma, et te annaksite...<\/p>","protected":false},"author":2,"featured_media":0,"parent":0,"menu_order":0,"comment_status":"closed","ping_status":"closed","template":"","meta":{"_acf_changed":false,"footnotes":""},"class_list":["post-1616","page","type-page","status-publish","hentry"],"acf":[],"_links":{"self":[{"href":"https:\/\/www.paddo.shop\/et\/wp-json\/wp\/v2\/pages\/1616","targetHints":{"allow":["GET"]}}],"collection":[{"href":"https:\/\/www.paddo.shop\/et\/wp-json\/wp\/v2\/pages"}],"about":[{"href":"https:\/\/www.paddo.shop\/et\/wp-json\/wp\/v2\/types\/page"}],"author":[{"embeddable":true,"href":"https:\/\/www.paddo.shop\/et\/wp-json\/wp\/v2\/users\/2"}],"replies":[{"embeddable":true,"href":"https:\/\/www.paddo.shop\/et\/wp-json\/wp\/v2\/comments?post=1616"}],"version-history":[{"count":0,"href":"https:\/\/www.paddo.shop\/et\/wp-json\/wp\/v2\/pages\/1616\/revisions"}],"wp:attachment":[{"href":"https:\/\/www.paddo.shop\/et\/wp-json\/wp\/v2\/media?parent=1616"}],"curies":[{"name":"wp","href":"https:\/\/api.w.org\/{rel}","templated":true}]}}